{"id":9015,"date":"2024-08-08T08:32:57","date_gmt":"2024-08-08T08:32:57","guid":{"rendered":"https:\/\/edyceramic-shop.ro\/produs\/vas-wc-rimless-alb-gala-mid-btw-60x36cm\/"},"modified":"2025-08-01T13:33:31","modified_gmt":"2025-08-01T11:33:31","slug":"vas-wc-rimless-alb-gala-mid-btw-60x36cm","status":"publish","type":"product","link":"https:\/\/edyceramic-shop.ro\/ro\/produs\/vas-wc-rimless-alb-gala-mid-btw-60x36cm\/","title":{"rendered":"VAS WC RIMLESS ALB GALA MID BTW 60x36cm"},"content":{"rendered":"<p>WC Gala &#8211; pentru o igiena de durata cu tehnologie de durata<\/p>\n<p>   Toaletele Gala sunt exemplul perfect al combin\u0103rii designului sofisticat cu func\u021bionalitatea avansat\u0103, reflect\u00e2nd angajamentul brandului Gala pentru calitate \u0219i inova\u021bie. Aceste produse sunt concepute pentru a oferi confort maxim \u0219i eficien\u021b\u0103 \u00een utilizare, fiind realizate din materiale durabile \u0219i u\u0219or de \u00eentre\u021binut.<\/p>\n<p>   Unul dintre aspectele remarcabile ale toaletelor Gala este tehnologia avansat\u0103 integrat\u0103. Acestea dispun de sisteme eficiente de sp\u0103lare care economisesc ap\u0103, scaune cu \u00eenchidere lent\u0103 pentru a preveni zgomotul \u0219i deteriorarea, \u0219i op\u021biuni de igien\u0103 \u00eembun\u0103t\u0103\u021bit\u0103 cu jeturi de ap\u0103 reglabile sau capace cu func\u021bii de bideu integrate. Aceste caracteristici nu doar c\u0103 asigur\u0103 o utilizare confortabil\u0103, dar contribuie \u0219i la protejarea mediului prin reducerea consumului de ap\u0103.<\/p>\n<p>   Designul toaletelor Gala este elegant \u0219i modern, cu linii curate \u0219i forme ergonomice care se potrivesc perfect \u00een orice tip de baie. Disponibile \u00een diverse stiluri \u0219i finisaje, aceste toalete pot fi integrate cu u\u0219urin\u021b\u0103 \u00een orice decor, ad\u0103ug\u00e2nd un plus de estetic\u0103 \u0219i rafinament spa\u021biului de baie.<\/p>\n<p>   Fiabilitatea este un alt punct forte al toaletelor Gala. Fabricate din materiale de calitate superioar\u0103, acestea sunt rezistente la uzur\u0103 \u0219i u\u0219or de cur\u0103\u021bat, asigur\u00e2nd astfel o durat\u0103 de via\u021b\u0103 \u00eendelungat\u0103. Montarea \u0219i \u00eentre\u021binerea lor sunt simplificate datorit\u0103 designului practic \u0219i accesoriilor de montaj incluse.<\/p>\n<p>Caracteristici principale :<\/p>\n<p>&#8211; WC cu montaj suspendat<br \/>\n&#8211; pentru rezervor incastrat<br \/>\n&#8211; evacuare orizontala<br \/>\n&#8211; Rimless &#8211; fara rama de spalare<br \/>\n&#8211; spalare cu jet<br \/>\n&#8211; volum de apa la spalare 6 l<br \/>\n&#8211; material : ceramica sanitara<br \/>\n&#8211; cu elemente montaj ascunse<br \/>\n&#8211; nu include capac<br \/>\n&#8211; cod capac Gala compatibil : 5170001 \/ 5170101<br \/>\n&#8211; culoare : alb<\/p>\n","protected":false},"excerpt":{"rendered":"<p>WC Gala &#8211; pentru o igiena de durata cu tehnologie de durata Toaletele Gala sunt exemplul perfect al combin\u0103rii designului<\/p>\n","protected":false},"featured_media":9017,"template":"","meta":[],"product_brand":[],"product_cat":[337,334,335],"product_tag":[],"class_list":{"0":"post-9015","1":"product","2":"type-product","3":"status-publish","4":"has-post-thumbnail","6":"product_cat-vase-wc","7":"product_cat-sanitare","8":"product_cat-obiecte-sanitare","9":"pa_colectie-mid","10":"pa_culoare-alb","11":"pa_dimensiune-60x36cm","12":"pa_fabrica-gala","13":"pa_material-ceramica","14":"pa_montaj-pe-pardoseala","16":"first","17":"instock","18":"purchasable","19":"product-type-simple"},"yoast_head":"<!-- This site is optimized with the Yoast SEO Premium plugin v21.6 (Yoast SEO v22.1) - https:\/\/yoast.com\/wordpress\/plugins\/seo\/ -->\n<title>VAS WC RIMLESS ALB GALA MID BTW 60x36cm - Edyceramic - magazin online<\/title>\n<meta name=\"robots\" content=\"index, follow, max-snippet:-1, max-image-preview:large, max-video-preview:-1\" \/>\n<link rel=\"canonical\" href=\"https:\/\/edyceramic-shop.ro\/ro\/produs\/vas-wc-rimless-alb-gala-mid-btw-60x36cm\/\" \/>\n<meta property=\"og:locale\" content=\"ro_RO\" \/>\n<meta property=\"og:type\" content=\"article\" \/>\n<meta property=\"og:title\" content=\"VAS WC RIMLESS ALB GALA MID BTW 60x36cm\" \/>\n<meta property=\"og:description\" content=\"WC Gala &#8211; pentru o igiena de durata cu tehnologie de durata Toaletele Gala sunt exemplul perfect al combin\u0103rii designului\" \/>\n<meta property=\"og:url\" content=\"https:\/\/edyceramic-shop.ro\/ro\/produs\/vas-wc-rimless-alb-gala-mid-btw-60x36cm\/\" \/>\n<meta property=\"og:site_name\" content=\"Edyceramic - magazin online\" \/>\n<meta property=\"article:modified_time\" content=\"2025-08-01T11:33:31+00:00\" \/>\n<meta property=\"og:image\" content=\"https:\/\/edyceramic-shop.ro\/wp-content\/uploads\/2024\/08\/vas-wc-gala-mid-suspendat-rimless-fara-capac-1.jpg\" \/>\n\t<meta property=\"og:image:width\" content=\"590\" \/>\n\t<meta property=\"og:image:height\" content=\"392\" \/>\n\t<meta property=\"og:image:type\" content=\"image\/webp\" \/>\n<meta name=\"twitter:card\" content=\"summary_large_image\" \/>\n<meta name=\"twitter:label1\" content=\"Pre\u021b\" \/>\n\t<meta name=\"twitter:data1\" content=\"1.153,00&nbsp;lei\" \/>\n\t<meta name=\"twitter:label2\" content=\"Disponibilitate\" \/>\n\t<meta name=\"twitter:data2\" content=\"\u00cen stoc\" \/>\n<script type=\"application\/ld+json\" class=\"yoast-schema-graph\">{\"@context\":\"https:\/\/schema.org\",\"@graph\":[{\"@type\":\"WebPage\",\"@id\":\"https:\/\/edyceramic-shop.ro\/produs\/vas-wc-rimless-alb-gala-mid-btw-60x36cm\/\",\"url\":\"https:\/\/edyceramic-shop.ro\/produs\/vas-wc-rimless-alb-gala-mid-btw-60x36cm\/\",\"name\":\"VAS WC RIMLESS ALB GALA MID BTW 60x36cm - Edyceramic - magazin online\",\"isPartOf\":{\"@id\":\"https:\/\/edyceramic-shop.ro\/ro\/#website\"},\"datePublished\":\"2024-08-08T08:32:57+00:00\",\"dateModified\":\"2025-08-01T11:33:31+00:00\",\"breadcrumb\":{\"@id\":\"https:\/\/edyceramic-shop.ro\/produs\/vas-wc-rimless-alb-gala-mid-btw-60x36cm\/#breadcrumb\"},\"inLanguage\":\"ro-RO\",\"potentialAction\":[{\"@type\":\"ReadAction\",\"target\":[\"https:\/\/edyceramic-shop.ro\/produs\/vas-wc-rimless-alb-gala-mid-btw-60x36cm\/\"]}]},{\"@type\":\"BreadcrumbList\",\"@id\":\"https:\/\/edyceramic-shop.ro\/produs\/vas-wc-rimless-alb-gala-mid-btw-60x36cm\/#breadcrumb\",\"itemListElement\":[{\"@type\":\"ListItem\",\"position\":1,\"name\":\"Home\",\"item\":\"https:\/\/edyceramic-shop.ro\/\"},{\"@type\":\"ListItem\",\"position\":2,\"name\":\"Shop\",\"item\":\"https:\/\/edyceramic-shop.ro\/ro\/shop\/\"},{\"@type\":\"ListItem\",\"position\":3,\"name\":\"VAS WC RIMLESS ALB GALA MID BTW 60x36cm\"}]},{\"@type\":\"WebSite\",\"@id\":\"https:\/\/edyceramic-shop.ro\/ro\/#website\",\"url\":\"https:\/\/edyceramic-shop.ro\/ro\/\",\"name\":\"edyceramic.ro\",\"description\":\"\",\"publisher\":{\"@id\":\"https:\/\/edyceramic-shop.ro\/ro\/#organization\"},\"potentialAction\":[{\"@type\":\"SearchAction\",\"target\":{\"@type\":\"EntryPoint\",\"urlTemplate\":\"https:\/\/edyceramic-shop.ro\/ro\/?s={search_term_string}\"},\"query-input\":\"required name=search_term_string\"}],\"inLanguage\":\"ro-RO\"},{\"@type\":\"Organization\",\"@id\":\"https:\/\/edyceramic-shop.ro\/ro\/#organization\",\"name\":\"Edyceramic\",\"url\":\"https:\/\/edyceramic-shop.ro\/ro\/\",\"logo\":{\"@type\":\"ImageObject\",\"inLanguage\":\"ro-RO\",\"@id\":\"https:\/\/edyceramic-shop.ro\/ro\/#\/schema\/logo\/image\/\",\"url\":\"https:\/\/edyceramic-shop.ro\/wp-content\/uploads\/2024\/02\/Logo-EdyCeramic_2021-lung.png\",\"contentUrl\":\"https:\/\/edyceramic-shop.ro\/wp-content\/uploads\/2024\/02\/Logo-EdyCeramic_2021-lung.png\",\"width\":4491,\"height\":769,\"caption\":\"Edyceramic\"},\"image\":{\"@id\":\"https:\/\/edyceramic-shop.ro\/ro\/#\/schema\/logo\/image\/\"}}]}<\/script>\n<meta property=\"product:price:amount\" content=\"1153.00\" \/>\n<meta property=\"product:price:currency\" content=\"RON\" \/>\n<meta property=\"og:availability\" content=\"instock\" \/>\n<meta property=\"product:availability\" content=\"instock\" \/>\n<meta property=\"product:retailer_item_id\" content=\"f769167e631c\" \/>\n<meta property=\"product:condition\" content=\"new\" \/>\n<!-- \/ Yoast SEO Premium plugin. -->","yoast_head_json":{"title":"VAS WC RIMLESS ALB GALA MID BTW 60x36cm - Edyceramic - magazin online","robots":{"index":"index","follow":"follow","max-snippet":"max-snippet:-1","max-image-preview":"max-image-preview:large","max-video-preview":"max-video-preview:-1"},"canonical":"https:\/\/edyceramic-shop.ro\/ro\/produs\/vas-wc-rimless-alb-gala-mid-btw-60x36cm\/","og_locale":"ro_RO","og_type":"article","og_title":"VAS WC RIMLESS ALB GALA MID BTW 60x36cm","og_description":"WC Gala &#8211; pentru o igiena de durata cu tehnologie de durata Toaletele Gala sunt exemplul perfect al combin\u0103rii designului","og_url":"https:\/\/edyceramic-shop.ro\/ro\/produs\/vas-wc-rimless-alb-gala-mid-btw-60x36cm\/","og_site_name":"Edyceramic - magazin online","article_modified_time":"2025-08-01T11:33:31+00:00","og_image":[{"width":590,"height":392,"url":"https:\/\/edyceramic-shop.ro\/wp-content\/uploads\/2024\/08\/vas-wc-gala-mid-suspendat-rimless-fara-capac-1.jpg","type":"image\/webp"}],"twitter_card":"summary_large_image","twitter_misc":{"Pre\u021b":"1.153,00&nbsp;lei","Disponibilitate":"\u00cen stoc"},"schema":{"@context":"https:\/\/schema.org","@graph":[{"@type":"WebPage","@id":"https:\/\/edyceramic-shop.ro\/produs\/vas-wc-rimless-alb-gala-mid-btw-60x36cm\/","url":"https:\/\/edyceramic-shop.ro\/produs\/vas-wc-rimless-alb-gala-mid-btw-60x36cm\/","name":"VAS WC RIMLESS ALB GALA MID BTW 60x36cm - Edyceramic - magazin online","isPartOf":{"@id":"https:\/\/edyceramic-shop.ro\/ro\/#website"},"datePublished":"2024-08-08T08:32:57+00:00","dateModified":"2025-08-01T11:33:31+00:00","breadcrumb":{"@id":"https:\/\/edyceramic-shop.ro\/produs\/vas-wc-rimless-alb-gala-mid-btw-60x36cm\/#breadcrumb"},"inLanguage":"ro-RO","potentialAction":[{"@type":"ReadAction","target":["https:\/\/edyceramic-shop.ro\/produs\/vas-wc-rimless-alb-gala-mid-btw-60x36cm\/"]}]},{"@type":"BreadcrumbList","@id":"https:\/\/edyceramic-shop.ro\/produs\/vas-wc-rimless-alb-gala-mid-btw-60x36cm\/#breadcrumb","itemListElement":[{"@type":"ListItem","position":1,"name":"Home","item":"https:\/\/edyceramic-shop.ro\/"},{"@type":"ListItem","position":2,"name":"Shop","item":"https:\/\/edyceramic-shop.ro\/ro\/shop\/"},{"@type":"ListItem","position":3,"name":"VAS WC RIMLESS ALB GALA MID BTW 60x36cm"}]},{"@type":"WebSite","@id":"https:\/\/edyceramic-shop.ro\/ro\/#website","url":"https:\/\/edyceramic-shop.ro\/ro\/","name":"edyceramic.ro","description":"","publisher":{"@id":"https:\/\/edyceramic-shop.ro\/ro\/#organization"},"potentialAction":[{"@type":"SearchAction","target":{"@type":"EntryPoint","urlTemplate":"https:\/\/edyceramic-shop.ro\/ro\/?s={search_term_string}"},"query-input":"required name=search_term_string"}],"inLanguage":"ro-RO"},{"@type":"Organization","@id":"https:\/\/edyceramic-shop.ro\/ro\/#organization","name":"Edyceramic","url":"https:\/\/edyceramic-shop.ro\/ro\/","logo":{"@type":"ImageObject","inLanguage":"ro-RO","@id":"https:\/\/edyceramic-shop.ro\/ro\/#\/schema\/logo\/image\/","url":"https:\/\/edyceramic-shop.ro\/wp-content\/uploads\/2024\/02\/Logo-EdyCeramic_2021-lung.png","contentUrl":"https:\/\/edyceramic-shop.ro\/wp-content\/uploads\/2024\/02\/Logo-EdyCeramic_2021-lung.png","width":4491,"height":769,"caption":"Edyceramic"},"image":{"@id":"https:\/\/edyceramic-shop.ro\/ro\/#\/schema\/logo\/image\/"}}]},"product_price_amount":"1153.00","product_price_currency":"RON","og_availability":"instock","product_availability":"instock","product_retailer_item_id":"f769167e631c","product_condition":"new"},"jetpack_sharing_enabled":true,"_links":{"self":[{"href":"https:\/\/edyceramic-shop.ro\/ro\/wp-json\/wp\/v2\/product\/9015","targetHints":{"allow":["GET"]}}],"collection":[{"href":"https:\/\/edyceramic-shop.ro\/ro\/wp-json\/wp\/v2\/product"}],"about":[{"href":"https:\/\/edyceramic-shop.ro\/ro\/wp-json\/wp\/v2\/types\/product"}],"version-history":[{"count":1,"href":"https:\/\/edyceramic-shop.ro\/ro\/wp-json\/wp\/v2\/product\/9015\/revisions"}],"predecessor-version":[{"id":20150,"href":"https:\/\/edyceramic-shop.ro\/ro\/wp-json\/wp\/v2\/product\/9015\/revisions\/20150"}],"wp:featuredmedia":[{"embeddable":true,"href":"https:\/\/edyceramic-shop.ro\/ro\/wp-json\/wp\/v2\/media\/9017"}],"wp:attachment":[{"href":"https:\/\/edyceramic-shop.ro\/ro\/wp-json\/wp\/v2\/media?parent=9015"}],"wp:term":[{"taxonomy":"product_brand","embeddable":true,"href":"https:\/\/edyceramic-shop.ro\/ro\/wp-json\/wp\/v2\/product_brand?post=9015"},{"taxonomy":"product_cat","embeddable":true,"href":"https:\/\/edyceramic-shop.ro\/ro\/wp-json\/wp\/v2\/product_cat?post=9015"},{"taxonomy":"product_tag","embeddable":true,"href":"https:\/\/edyceramic-shop.ro\/ro\/wp-json\/wp\/v2\/product_tag?post=9015"}],"curies":[{"name":"wp","href":"https:\/\/api.w.org\/{rel}","templated":true}]}}