{"id":8262,"date":"2024-09-22T20:35:22","date_gmt":"2024-09-22T20:35:22","guid":{"rendered":"https:\/\/edyceramic-shop.ro\/produs\/oglinda-dreptunghiulara-led-fluminia-rodin-90-ml4-90\/"},"modified":"2025-08-01T13:33:04","modified_gmt":"2025-08-01T11:33:04","slug":"oglinda-dreptunghiulara-led-fluminia-rodin-90-ml4-90","status":"publish","type":"product","link":"https:\/\/edyceramic-shop.ro\/ro\/produs\/oglinda-dreptunghiulara-led-fluminia-rodin-90-ml4-90\/","title":{"rendered":"OGLIND\u0102 DREPTUNGHIULAR\u0102 LED FLUMINIA RODIN-90 ML4-90"},"content":{"rendered":"<p>Caracteristici:<\/p>\n<p>montaj: pe perete<br \/>\ndimensiune: 90 x h75 x 3.5 cm<br \/>\nforma: dreptunghiulara<br \/>\nmaterial: oglinda<br \/>\nculoare: fara parti colorate<br \/>\niluminare: cu LED (vezi explicarea termenilor)<br \/>\ntip Iluminare: iluminare perimetrala (vezi explicarea termenilor si galerie foto)<br \/>\naprindere: senzor tactil (touchscreen)<br \/>\nintensitatea luminii: reglabila (dimmer)<br \/>\nculoare lumina: lumin\u0103 rece (6000K), lumina naturala (4000K), lumina calda (3000K)<br \/>\nbutoane de comanda: 2 butoane touchscreen, 4 functii<br \/>\nfunc\u021bii: pornire\/oprire, dimmer, schimbare temperatura culoare, dezaburire<br \/>\nfunctia de dezaburire se realizeaza prin incalzirea foii de oglinda.<br \/>\nalimentare:  de la reteaua de 220 V.<br \/>\ngarantie: 2 ani<br \/>\nDESCRIEREA PRODUSULUI:<br \/>\nOglinda Fluminia RODIN-90 dispune de iluminare cu un sir de LED, mai subtire in partea de sus si de jos, tip External Light. Cele doua butoane touchscreen asigura toate functiile oglinzii. Un buton pentru functiile de pornire, reglare intensitate (dimmer), schimbare temperatura de culoare si un buton pentru functia de dezaburire. Neavand parti colorate, oglinda poate fi combinata cu mobiliere de orice culoare, atat cu design clasic cat si modern, minimalist.<\/p>\n<p>MOD DE UTILIZARE:<br \/>\nAtingeti butonul de functii pentru a porni lumina rece. Tineti apasat senzorul timp de 3 secunde pentru a regla intensitatea luminii.<br \/>\nAtingeti butonul de functii inca o data pentru a schimba \u00een lumin\u0103 natural\u0103. Tineti apasat senzorul timp de 3 secunde pentru a regla intensitatea luminii.<br \/>\nAtinge\u021bi butonul a treia oara pentru a schimba \u00een lumin\u0103 calda. Tineti apasat senzorul timp de 3 secunde pentru a regla intensitatea luminii.<br \/>\nAtingeti butonul inca o data pentru a opri lumina.<br \/>\nAtingeti butonul pentru dezaburire pentru a porni sau opri aceasta functie.<br \/>\nATENTIONARE!<br \/>\nIn conformitate cu normele EU, montarea oglinzilor cu iluminare LED se face la o distanta de cel putin 0,6 m fata de cazi sau cabine de dus. <\/p>\n<p>EXPLICAREA TERMENILOR:<br \/>\nExternal Light (iluminare perimetrala) &#8211; sirul de LED este montat pe exteriorul oglinzii<\/p>\n<p>LED (Light Emitting Diode) &#8211; dioda electroluminescenta<\/p>\n<p>Dimmer &#8211; functie pentru reglarea intensitatii luminii<\/p>\n<p>DESPRE BRAND:<br \/>\nBrandul Fluminia este potrivit oricarui tip de baie, oferind solutii multiple prin diversitatea lavoarelor si a oglinzilor. Lavoarele din ceramic\u0103 de calitate se fabrica in diferite forme si tipuri ce vin in completarea oglinzilor, ovale, rotunde sau dreptunghiulare, cu LED si sistem de dezaburire.\u200b<\/p>\n","protected":false},"excerpt":{"rendered":"<p>Caracteristici: montaj: pe perete dimensiune: 90 x h75 x 3.5 cm forma: dreptunghiulara material: oglinda culoare: fara parti colorate iluminare:<\/p>\n","protected":false},"featured_media":18890,"template":"","meta":[],"product_brand":[],"product_cat":[388,384],"product_tag":[],"class_list":{"0":"post-8262","1":"product","2":"type-product","3":"status-publish","4":"has-post-thumbnail","6":"product_cat-oglinzi-baie-si-corpuri-de-iluminat","7":"product_cat-mobilier-baie","8":"pa_colectie-rodin","9":"pa_dimensiune-90x75x3-5","10":"pa_fabrica-fluminia","11":"pa_material-sticla","12":"pa_montaj-pe-perete","14":"first","15":"instock","16":"purchasable","17":"product-type-simple"},"yoast_head":"<!-- This site is optimized with the Yoast SEO Premium plugin v21.6 (Yoast SEO v22.1) - https:\/\/yoast.com\/wordpress\/plugins\/seo\/ -->\n<title>OGLIND\u0102 DREPTUNGHIULAR\u0102 LED FLUMINIA RODIN-90 ML4-90 - Edyceramic - magazin online<\/title>\n<meta name=\"robots\" content=\"index, follow, max-snippet:-1, max-image-preview:large, max-video-preview:-1\" \/>\n<link rel=\"canonical\" href=\"https:\/\/edyceramic-shop.ro\/ro\/produs\/oglinda-dreptunghiulara-led-fluminia-rodin-90-ml4-90\/\" \/>\n<meta property=\"og:locale\" content=\"ro_RO\" \/>\n<meta property=\"og:type\" content=\"article\" \/>\n<meta property=\"og:title\" content=\"OGLIND\u0102 DREPTUNGHIULAR\u0102 LED FLUMINIA RODIN-90 ML4-90\" \/>\n<meta property=\"og:description\" content=\"Caracteristici: montaj: pe perete dimensiune: 90 x h75 x 3.5 cm forma: dreptunghiulara material: oglinda culoare: fara parti colorate iluminare:\" \/>\n<meta property=\"og:url\" content=\"https:\/\/edyceramic-shop.ro\/ro\/produs\/oglinda-dreptunghiulara-led-fluminia-rodin-90-ml4-90\/\" \/>\n<meta property=\"og:site_name\" content=\"Edyceramic - magazin online\" \/>\n<meta property=\"article:modified_time\" content=\"2025-08-01T11:33:04+00:00\" \/>\n<meta property=\"og:image\" content=\"https:\/\/edyceramic-shop.ro\/wp-content\/uploads\/2024\/09\/111530_oglinda_fluminia_rodin_90_dreptunghiulara_iluminare_led-1.jpg\" \/>\n\t<meta property=\"og:image:width\" content=\"800\" \/>\n\t<meta property=\"og:image:height\" content=\"800\" \/>\n\t<meta property=\"og:image:type\" content=\"image\/jpeg\" \/>\n<meta name=\"twitter:card\" content=\"summary_large_image\" \/>\n<meta name=\"twitter:label1\" content=\"Pre\u021b\" \/>\n\t<meta name=\"twitter:data1\" content=\"1.118,00&nbsp;lei\" \/>\n\t<meta name=\"twitter:label2\" content=\"Disponibilitate\" \/>\n\t<meta name=\"twitter:data2\" content=\"\u00cen stoc\" \/>\n<script type=\"application\/ld+json\" class=\"yoast-schema-graph\">{\"@context\":\"https:\/\/schema.org\",\"@graph\":[{\"@type\":\"WebPage\",\"@id\":\"https:\/\/edyceramic-shop.ro\/produs\/oglinda-dreptunghiulara-led-fluminia-rodin-90-ml4-90\/\",\"url\":\"https:\/\/edyceramic-shop.ro\/produs\/oglinda-dreptunghiulara-led-fluminia-rodin-90-ml4-90\/\",\"name\":\"OGLIND\u0102 DREPTUNGHIULAR\u0102 LED FLUMINIA RODIN-90 ML4-90 - Edyceramic - magazin online\",\"isPartOf\":{\"@id\":\"https:\/\/edyceramic-shop.ro\/ro\/#website\"},\"datePublished\":\"2024-09-22T20:35:22+00:00\",\"dateModified\":\"2025-08-01T11:33:04+00:00\",\"breadcrumb\":{\"@id\":\"https:\/\/edyceramic-shop.ro\/produs\/oglinda-dreptunghiulara-led-fluminia-rodin-90-ml4-90\/#breadcrumb\"},\"inLanguage\":\"ro-RO\",\"potentialAction\":[{\"@type\":\"ReadAction\",\"target\":[\"https:\/\/edyceramic-shop.ro\/produs\/oglinda-dreptunghiulara-led-fluminia-rodin-90-ml4-90\/\"]}]},{\"@type\":\"BreadcrumbList\",\"@id\":\"https:\/\/edyceramic-shop.ro\/produs\/oglinda-dreptunghiulara-led-fluminia-rodin-90-ml4-90\/#breadcrumb\",\"itemListElement\":[{\"@type\":\"ListItem\",\"position\":1,\"name\":\"Home\",\"item\":\"https:\/\/edyceramic-shop.ro\/\"},{\"@type\":\"ListItem\",\"position\":2,\"name\":\"Shop\",\"item\":\"https:\/\/edyceramic-shop.ro\/ro\/shop\/\"},{\"@type\":\"ListItem\",\"position\":3,\"name\":\"OGLIND\u0102 DREPTUNGHIULAR\u0102 LED FLUMINIA RODIN-90 ML4-90\"}]},{\"@type\":\"WebSite\",\"@id\":\"https:\/\/edyceramic-shop.ro\/ro\/#website\",\"url\":\"https:\/\/edyceramic-shop.ro\/ro\/\",\"name\":\"edyceramic.ro\",\"description\":\"\",\"publisher\":{\"@id\":\"https:\/\/edyceramic-shop.ro\/ro\/#organization\"},\"potentialAction\":[{\"@type\":\"SearchAction\",\"target\":{\"@type\":\"EntryPoint\",\"urlTemplate\":\"https:\/\/edyceramic-shop.ro\/ro\/?s={search_term_string}\"},\"query-input\":\"required name=search_term_string\"}],\"inLanguage\":\"ro-RO\"},{\"@type\":\"Organization\",\"@id\":\"https:\/\/edyceramic-shop.ro\/ro\/#organization\",\"name\":\"Edyceramic\",\"url\":\"https:\/\/edyceramic-shop.ro\/ro\/\",\"logo\":{\"@type\":\"ImageObject\",\"inLanguage\":\"ro-RO\",\"@id\":\"https:\/\/edyceramic-shop.ro\/ro\/#\/schema\/logo\/image\/\",\"url\":\"https:\/\/edyceramic-shop.ro\/wp-content\/uploads\/2024\/02\/Logo-EdyCeramic_2021-lung.png\",\"contentUrl\":\"https:\/\/edyceramic-shop.ro\/wp-content\/uploads\/2024\/02\/Logo-EdyCeramic_2021-lung.png\",\"width\":4491,\"height\":769,\"caption\":\"Edyceramic\"},\"image\":{\"@id\":\"https:\/\/edyceramic-shop.ro\/ro\/#\/schema\/logo\/image\/\"}}]}<\/script>\n<meta property=\"product:price:amount\" content=\"1118.00\" \/>\n<meta property=\"product:price:currency\" content=\"RON\" \/>\n<meta property=\"og:availability\" content=\"instock\" \/>\n<meta property=\"product:availability\" content=\"instock\" \/>\n<meta property=\"product:retailer_item_id\" content=\"a04b832ff87b\" \/>\n<meta property=\"product:condition\" content=\"new\" \/>\n<!-- \/ Yoast SEO Premium plugin. -->","yoast_head_json":{"title":"OGLIND\u0102 DREPTUNGHIULAR\u0102 LED FLUMINIA RODIN-90 ML4-90 - Edyceramic - magazin online","robots":{"index":"index","follow":"follow","max-snippet":"max-snippet:-1","max-image-preview":"max-image-preview:large","max-video-preview":"max-video-preview:-1"},"canonical":"https:\/\/edyceramic-shop.ro\/ro\/produs\/oglinda-dreptunghiulara-led-fluminia-rodin-90-ml4-90\/","og_locale":"ro_RO","og_type":"article","og_title":"OGLIND\u0102 DREPTUNGHIULAR\u0102 LED FLUMINIA RODIN-90 ML4-90","og_description":"Caracteristici: montaj: pe perete dimensiune: 90 x h75 x 3.5 cm forma: dreptunghiulara material: oglinda culoare: fara parti colorate iluminare:","og_url":"https:\/\/edyceramic-shop.ro\/ro\/produs\/oglinda-dreptunghiulara-led-fluminia-rodin-90-ml4-90\/","og_site_name":"Edyceramic - magazin online","article_modified_time":"2025-08-01T11:33:04+00:00","og_image":[{"width":800,"height":800,"url":"https:\/\/edyceramic-shop.ro\/wp-content\/uploads\/2024\/09\/111530_oglinda_fluminia_rodin_90_dreptunghiulara_iluminare_led-1.jpg","type":"image\/jpeg"}],"twitter_card":"summary_large_image","twitter_misc":{"Pre\u021b":"1.118,00&nbsp;lei","Disponibilitate":"\u00cen stoc"},"schema":{"@context":"https:\/\/schema.org","@graph":[{"@type":"WebPage","@id":"https:\/\/edyceramic-shop.ro\/produs\/oglinda-dreptunghiulara-led-fluminia-rodin-90-ml4-90\/","url":"https:\/\/edyceramic-shop.ro\/produs\/oglinda-dreptunghiulara-led-fluminia-rodin-90-ml4-90\/","name":"OGLIND\u0102 DREPTUNGHIULAR\u0102 LED FLUMINIA RODIN-90 ML4-90 - Edyceramic - magazin online","isPartOf":{"@id":"https:\/\/edyceramic-shop.ro\/ro\/#website"},"datePublished":"2024-09-22T20:35:22+00:00","dateModified":"2025-08-01T11:33:04+00:00","breadcrumb":{"@id":"https:\/\/edyceramic-shop.ro\/produs\/oglinda-dreptunghiulara-led-fluminia-rodin-90-ml4-90\/#breadcrumb"},"inLanguage":"ro-RO","potentialAction":[{"@type":"ReadAction","target":["https:\/\/edyceramic-shop.ro\/produs\/oglinda-dreptunghiulara-led-fluminia-rodin-90-ml4-90\/"]}]},{"@type":"BreadcrumbList","@id":"https:\/\/edyceramic-shop.ro\/produs\/oglinda-dreptunghiulara-led-fluminia-rodin-90-ml4-90\/#breadcrumb","itemListElement":[{"@type":"ListItem","position":1,"name":"Home","item":"https:\/\/edyceramic-shop.ro\/"},{"@type":"ListItem","position":2,"name":"Shop","item":"https:\/\/edyceramic-shop.ro\/ro\/shop\/"},{"@type":"ListItem","position":3,"name":"OGLIND\u0102 DREPTUNGHIULAR\u0102 LED FLUMINIA RODIN-90 ML4-90"}]},{"@type":"WebSite","@id":"https:\/\/edyceramic-shop.ro\/ro\/#website","url":"https:\/\/edyceramic-shop.ro\/ro\/","name":"edyceramic.ro","description":"","publisher":{"@id":"https:\/\/edyceramic-shop.ro\/ro\/#organization"},"potentialAction":[{"@type":"SearchAction","target":{"@type":"EntryPoint","urlTemplate":"https:\/\/edyceramic-shop.ro\/ro\/?s={search_term_string}"},"query-input":"required name=search_term_string"}],"inLanguage":"ro-RO"},{"@type":"Organization","@id":"https:\/\/edyceramic-shop.ro\/ro\/#organization","name":"Edyceramic","url":"https:\/\/edyceramic-shop.ro\/ro\/","logo":{"@type":"ImageObject","inLanguage":"ro-RO","@id":"https:\/\/edyceramic-shop.ro\/ro\/#\/schema\/logo\/image\/","url":"https:\/\/edyceramic-shop.ro\/wp-content\/uploads\/2024\/02\/Logo-EdyCeramic_2021-lung.png","contentUrl":"https:\/\/edyceramic-shop.ro\/wp-content\/uploads\/2024\/02\/Logo-EdyCeramic_2021-lung.png","width":4491,"height":769,"caption":"Edyceramic"},"image":{"@id":"https:\/\/edyceramic-shop.ro\/ro\/#\/schema\/logo\/image\/"}}]},"product_price_amount":"1118.00","product_price_currency":"RON","og_availability":"instock","product_availability":"instock","product_retailer_item_id":"a04b832ff87b","product_condition":"new"},"jetpack_sharing_enabled":true,"_links":{"self":[{"href":"https:\/\/edyceramic-shop.ro\/ro\/wp-json\/wp\/v2\/product\/8262","targetHints":{"allow":["GET"]}}],"collection":[{"href":"https:\/\/edyceramic-shop.ro\/ro\/wp-json\/wp\/v2\/product"}],"about":[{"href":"https:\/\/edyceramic-shop.ro\/ro\/wp-json\/wp\/v2\/types\/product"}],"version-history":[{"count":1,"href":"https:\/\/edyceramic-shop.ro\/ro\/wp-json\/wp\/v2\/product\/8262\/revisions"}],"predecessor-version":[{"id":18889,"href":"https:\/\/edyceramic-shop.ro\/ro\/wp-json\/wp\/v2\/product\/8262\/revisions\/18889"}],"wp:featuredmedia":[{"embeddable":true,"href":"https:\/\/edyceramic-shop.ro\/ro\/wp-json\/wp\/v2\/media\/18890"}],"wp:attachment":[{"href":"https:\/\/edyceramic-shop.ro\/ro\/wp-json\/wp\/v2\/media?parent=8262"}],"wp:term":[{"taxonomy":"product_brand","embeddable":true,"href":"https:\/\/edyceramic-shop.ro\/ro\/wp-json\/wp\/v2\/product_brand?post=8262"},{"taxonomy":"product_cat","embeddable":true,"href":"https:\/\/edyceramic-shop.ro\/ro\/wp-json\/wp\/v2\/product_cat?post=8262"},{"taxonomy":"product_tag","embeddable":true,"href":"https:\/\/edyceramic-shop.ro\/ro\/wp-json\/wp\/v2\/product_tag?post=8262"}],"curies":[{"name":"wp","href":"https:\/\/api.w.org\/{rel}","templated":true}]}}