{"id":8230,"date":"2024-09-22T21:05:41","date_gmt":"2024-09-22T21:05:41","guid":{"rendered":"https:\/\/edyceramic-shop.ro\/produs\/capac-wc-soft-close-quick-release-negru-fluminia-minerva-c2210rbm\/"},"modified":"2025-08-01T13:33:03","modified_gmt":"2025-08-01T11:33:03","slug":"capac-wc-soft-close-quick-release-negru-fluminia-minerva-c2210rbm","status":"publish","type":"product","link":"https:\/\/edyceramic-shop.ro\/ro\/produs\/capac-wc-soft-close-quick-release-negru-fluminia-minerva-c2210rbm\/","title":{"rendered":"CAPAC WC SOFT CLOSE, QUICK RELEASE, NEGRU FLUMINIA MINERVA C2210RBM"},"content":{"rendered":"<p>montaj: pe vas WC<br \/>\ncapacul este cu c\u0103dere lent\u0103 (Soft Close) \u0219i demontare rapid\u0103 (Quick Release), vezi explicarea termenilor<br \/>\nfinisaj: mat<br \/>\nculoare: negru<br \/>\nmaterial: duroplast<br \/>\npies\u0103 de schimb pentru Vasul WC suspendat Fluminia, Minerva (cod: 2210RBM), vezi produse asociate<br \/>\nExplicarea termenilor:<\/p>\n<p>Quick Release: capacele WC cu tehnologia Quick Release pot fi demontate \u0219i montate la loc prin doar c\u00e2teva mi\u0219c\u0103ri. Astfel, se pot cur\u0103\u021ba mai u\u0219or \u0219i p\u0103r\u021bile mai pu\u021bin accesibile ale toaletei. Reata\u0219area capacului este la fel de u\u0219oar\u0103, printr-o simpl\u0103 ap\u0103sare.<br \/>\nSoft close: datorit\u0103 amortizoarelor speciale integrate \u00een balamale, capacele WC cu tehnologia &#8222;Soft closing&#8221;, se \u00eenchid lent \u0219i silen\u021bios, m\u0103rind confortul, prevenind zgomotele \u0219i accidentele minore \u00een baie cauzate de tr\u00e2ntirea capacului.<\/p>\n","protected":false},"excerpt":{"rendered":"<p>montaj: pe vas WC capacul este cu c\u0103dere lent\u0103 (Soft Close) \u0219i demontare rapid\u0103 (Quick Release), vezi explicarea termenilor finisaj:<\/p>\n","protected":false},"featured_media":19924,"template":"","meta":[],"product_brand":[],"product_cat":[340,334,335],"product_tag":[],"class_list":{"0":"post-8230","1":"product","2":"type-product","3":"status-publish","4":"has-post-thumbnail","6":"product_cat-capace-wc","7":"product_cat-sanitare","8":"product_cat-obiecte-sanitare","9":"pa_colectie-minerva","10":"pa_culoare-negru","11":"pa_fabrica-fluminia","12":"pa_material-duroplast","13":"pa_montaj-pe-vasul-wc","15":"first","16":"instock","17":"purchasable","18":"product-type-simple"},"yoast_head":"<!-- This site is optimized with the Yoast SEO Premium plugin v21.6 (Yoast SEO v22.1) - https:\/\/yoast.com\/wordpress\/plugins\/seo\/ -->\n<title>CAPAC WC SOFT CLOSE, QUICK RELEASE, NEGRU FLUMINIA MINERVA C2210RBM - Edyceramic - magazin online<\/title>\n<meta name=\"robots\" content=\"index, follow, max-snippet:-1, max-image-preview:large, max-video-preview:-1\" \/>\n<link rel=\"canonical\" href=\"https:\/\/edyceramic-shop.ro\/ro\/produs\/capac-wc-soft-close-quick-release-negru-fluminia-minerva-c2210rbm\/\" \/>\n<meta property=\"og:locale\" content=\"ro_RO\" \/>\n<meta property=\"og:type\" content=\"article\" \/>\n<meta property=\"og:title\" content=\"CAPAC WC SOFT CLOSE, QUICK RELEASE, NEGRU FLUMINIA MINERVA C2210RBM\" \/>\n<meta property=\"og:description\" content=\"montaj: pe vas WC capacul este cu c\u0103dere lent\u0103 (Soft Close) \u0219i demontare rapid\u0103 (Quick Release), vezi explicarea termenilor finisaj:\" \/>\n<meta property=\"og:url\" content=\"https:\/\/edyceramic-shop.ro\/ro\/produs\/capac-wc-soft-close-quick-release-negru-fluminia-minerva-c2210rbm\/\" \/>\n<meta property=\"og:site_name\" content=\"Edyceramic - magazin online\" \/>\n<meta property=\"article:modified_time\" content=\"2025-08-01T11:33:03+00:00\" \/>\n<meta property=\"og:image\" content=\"https:\/\/edyceramic-shop.ro\/wp-content\/uploads\/2024\/09\/113751_Capac-WC-Fluminia-Minerva-SoftClose-Quick-Release-negru-mat-1.jpg\" \/>\n\t<meta property=\"og:image:width\" content=\"800\" \/>\n\t<meta property=\"og:image:height\" content=\"800\" \/>\n\t<meta property=\"og:image:type\" content=\"image\/jpeg\" \/>\n<meta name=\"twitter:card\" content=\"summary_large_image\" \/>\n<meta name=\"twitter:label1\" content=\"Pre\u021b\" \/>\n\t<meta name=\"twitter:data1\" content=\"449,00&nbsp;lei\" \/>\n\t<meta name=\"twitter:label2\" content=\"Disponibilitate\" \/>\n\t<meta name=\"twitter:data2\" content=\"\u00cen stoc\" \/>\n<script type=\"application\/ld+json\" class=\"yoast-schema-graph\">{\"@context\":\"https:\/\/schema.org\",\"@graph\":[{\"@type\":\"WebPage\",\"@id\":\"https:\/\/edyceramic-shop.ro\/produs\/capac-wc-soft-close-quick-release-negru-fluminia-minerva-c2210rbm\/\",\"url\":\"https:\/\/edyceramic-shop.ro\/produs\/capac-wc-soft-close-quick-release-negru-fluminia-minerva-c2210rbm\/\",\"name\":\"CAPAC WC SOFT CLOSE, QUICK RELEASE, NEGRU FLUMINIA MINERVA C2210RBM - Edyceramic - magazin online\",\"isPartOf\":{\"@id\":\"https:\/\/edyceramic-shop.ro\/ro\/#website\"},\"datePublished\":\"2024-09-22T21:05:41+00:00\",\"dateModified\":\"2025-08-01T11:33:03+00:00\",\"breadcrumb\":{\"@id\":\"https:\/\/edyceramic-shop.ro\/produs\/capac-wc-soft-close-quick-release-negru-fluminia-minerva-c2210rbm\/#breadcrumb\"},\"inLanguage\":\"ro-RO\",\"potentialAction\":[{\"@type\":\"ReadAction\",\"target\":[\"https:\/\/edyceramic-shop.ro\/produs\/capac-wc-soft-close-quick-release-negru-fluminia-minerva-c2210rbm\/\"]}]},{\"@type\":\"BreadcrumbList\",\"@id\":\"https:\/\/edyceramic-shop.ro\/produs\/capac-wc-soft-close-quick-release-negru-fluminia-minerva-c2210rbm\/#breadcrumb\",\"itemListElement\":[{\"@type\":\"ListItem\",\"position\":1,\"name\":\"Home\",\"item\":\"https:\/\/edyceramic-shop.ro\/\"},{\"@type\":\"ListItem\",\"position\":2,\"name\":\"Shop\",\"item\":\"https:\/\/edyceramic-shop.ro\/ro\/shop\/\"},{\"@type\":\"ListItem\",\"position\":3,\"name\":\"CAPAC WC SOFT CLOSE, QUICK RELEASE, NEGRU FLUMINIA MINERVA C2210RBM\"}]},{\"@type\":\"WebSite\",\"@id\":\"https:\/\/edyceramic-shop.ro\/ro\/#website\",\"url\":\"https:\/\/edyceramic-shop.ro\/ro\/\",\"name\":\"edyceramic.ro\",\"description\":\"\",\"publisher\":{\"@id\":\"https:\/\/edyceramic-shop.ro\/ro\/#organization\"},\"potentialAction\":[{\"@type\":\"SearchAction\",\"target\":{\"@type\":\"EntryPoint\",\"urlTemplate\":\"https:\/\/edyceramic-shop.ro\/ro\/?s={search_term_string}\"},\"query-input\":\"required name=search_term_string\"}],\"inLanguage\":\"ro-RO\"},{\"@type\":\"Organization\",\"@id\":\"https:\/\/edyceramic-shop.ro\/ro\/#organization\",\"name\":\"Edyceramic\",\"url\":\"https:\/\/edyceramic-shop.ro\/ro\/\",\"logo\":{\"@type\":\"ImageObject\",\"inLanguage\":\"ro-RO\",\"@id\":\"https:\/\/edyceramic-shop.ro\/ro\/#\/schema\/logo\/image\/\",\"url\":\"https:\/\/edyceramic-shop.ro\/wp-content\/uploads\/2024\/02\/Logo-EdyCeramic_2021-lung.png\",\"contentUrl\":\"https:\/\/edyceramic-shop.ro\/wp-content\/uploads\/2024\/02\/Logo-EdyCeramic_2021-lung.png\",\"width\":4491,\"height\":769,\"caption\":\"Edyceramic\"},\"image\":{\"@id\":\"https:\/\/edyceramic-shop.ro\/ro\/#\/schema\/logo\/image\/\"}}]}<\/script>\n<meta property=\"product:price:amount\" content=\"449.00\" \/>\n<meta property=\"product:price:currency\" content=\"RON\" \/>\n<meta property=\"og:availability\" content=\"instock\" \/>\n<meta property=\"product:availability\" content=\"instock\" \/>\n<meta property=\"product:retailer_item_id\" content=\"101a73af3a5b\" \/>\n<meta property=\"product:condition\" content=\"new\" \/>\n<!-- \/ Yoast SEO Premium plugin. -->","yoast_head_json":{"title":"CAPAC WC SOFT CLOSE, QUICK RELEASE, NEGRU FLUMINIA MINERVA C2210RBM - Edyceramic - magazin online","robots":{"index":"index","follow":"follow","max-snippet":"max-snippet:-1","max-image-preview":"max-image-preview:large","max-video-preview":"max-video-preview:-1"},"canonical":"https:\/\/edyceramic-shop.ro\/ro\/produs\/capac-wc-soft-close-quick-release-negru-fluminia-minerva-c2210rbm\/","og_locale":"ro_RO","og_type":"article","og_title":"CAPAC WC SOFT CLOSE, QUICK RELEASE, NEGRU FLUMINIA MINERVA C2210RBM","og_description":"montaj: pe vas WC capacul este cu c\u0103dere lent\u0103 (Soft Close) \u0219i demontare rapid\u0103 (Quick Release), vezi explicarea termenilor finisaj:","og_url":"https:\/\/edyceramic-shop.ro\/ro\/produs\/capac-wc-soft-close-quick-release-negru-fluminia-minerva-c2210rbm\/","og_site_name":"Edyceramic - magazin online","article_modified_time":"2025-08-01T11:33:03+00:00","og_image":[{"width":800,"height":800,"url":"https:\/\/edyceramic-shop.ro\/wp-content\/uploads\/2024\/09\/113751_Capac-WC-Fluminia-Minerva-SoftClose-Quick-Release-negru-mat-1.jpg","type":"image\/jpeg"}],"twitter_card":"summary_large_image","twitter_misc":{"Pre\u021b":"449,00&nbsp;lei","Disponibilitate":"\u00cen stoc"},"schema":{"@context":"https:\/\/schema.org","@graph":[{"@type":"WebPage","@id":"https:\/\/edyceramic-shop.ro\/produs\/capac-wc-soft-close-quick-release-negru-fluminia-minerva-c2210rbm\/","url":"https:\/\/edyceramic-shop.ro\/produs\/capac-wc-soft-close-quick-release-negru-fluminia-minerva-c2210rbm\/","name":"CAPAC WC SOFT CLOSE, QUICK RELEASE, NEGRU FLUMINIA MINERVA C2210RBM - Edyceramic - magazin online","isPartOf":{"@id":"https:\/\/edyceramic-shop.ro\/ro\/#website"},"datePublished":"2024-09-22T21:05:41+00:00","dateModified":"2025-08-01T11:33:03+00:00","breadcrumb":{"@id":"https:\/\/edyceramic-shop.ro\/produs\/capac-wc-soft-close-quick-release-negru-fluminia-minerva-c2210rbm\/#breadcrumb"},"inLanguage":"ro-RO","potentialAction":[{"@type":"ReadAction","target":["https:\/\/edyceramic-shop.ro\/produs\/capac-wc-soft-close-quick-release-negru-fluminia-minerva-c2210rbm\/"]}]},{"@type":"BreadcrumbList","@id":"https:\/\/edyceramic-shop.ro\/produs\/capac-wc-soft-close-quick-release-negru-fluminia-minerva-c2210rbm\/#breadcrumb","itemListElement":[{"@type":"ListItem","position":1,"name":"Home","item":"https:\/\/edyceramic-shop.ro\/"},{"@type":"ListItem","position":2,"name":"Shop","item":"https:\/\/edyceramic-shop.ro\/ro\/shop\/"},{"@type":"ListItem","position":3,"name":"CAPAC WC SOFT CLOSE, QUICK RELEASE, NEGRU FLUMINIA MINERVA C2210RBM"}]},{"@type":"WebSite","@id":"https:\/\/edyceramic-shop.ro\/ro\/#website","url":"https:\/\/edyceramic-shop.ro\/ro\/","name":"edyceramic.ro","description":"","publisher":{"@id":"https:\/\/edyceramic-shop.ro\/ro\/#organization"},"potentialAction":[{"@type":"SearchAction","target":{"@type":"EntryPoint","urlTemplate":"https:\/\/edyceramic-shop.ro\/ro\/?s={search_term_string}"},"query-input":"required name=search_term_string"}],"inLanguage":"ro-RO"},{"@type":"Organization","@id":"https:\/\/edyceramic-shop.ro\/ro\/#organization","name":"Edyceramic","url":"https:\/\/edyceramic-shop.ro\/ro\/","logo":{"@type":"ImageObject","inLanguage":"ro-RO","@id":"https:\/\/edyceramic-shop.ro\/ro\/#\/schema\/logo\/image\/","url":"https:\/\/edyceramic-shop.ro\/wp-content\/uploads\/2024\/02\/Logo-EdyCeramic_2021-lung.png","contentUrl":"https:\/\/edyceramic-shop.ro\/wp-content\/uploads\/2024\/02\/Logo-EdyCeramic_2021-lung.png","width":4491,"height":769,"caption":"Edyceramic"},"image":{"@id":"https:\/\/edyceramic-shop.ro\/ro\/#\/schema\/logo\/image\/"}}]},"product_price_amount":"449.00","product_price_currency":"RON","og_availability":"instock","product_availability":"instock","product_retailer_item_id":"101a73af3a5b","product_condition":"new"},"jetpack_sharing_enabled":true,"_links":{"self":[{"href":"https:\/\/edyceramic-shop.ro\/ro\/wp-json\/wp\/v2\/product\/8230","targetHints":{"allow":["GET"]}}],"collection":[{"href":"https:\/\/edyceramic-shop.ro\/ro\/wp-json\/wp\/v2\/product"}],"about":[{"href":"https:\/\/edyceramic-shop.ro\/ro\/wp-json\/wp\/v2\/types\/product"}],"version-history":[{"count":1,"href":"https:\/\/edyceramic-shop.ro\/ro\/wp-json\/wp\/v2\/product\/8230\/revisions"}],"predecessor-version":[{"id":18836,"href":"https:\/\/edyceramic-shop.ro\/ro\/wp-json\/wp\/v2\/product\/8230\/revisions\/18836"}],"wp:featuredmedia":[{"embeddable":true,"href":"https:\/\/edyceramic-shop.ro\/ro\/wp-json\/wp\/v2\/media\/19924"}],"wp:attachment":[{"href":"https:\/\/edyceramic-shop.ro\/ro\/wp-json\/wp\/v2\/media?parent=8230"}],"wp:term":[{"taxonomy":"product_brand","embeddable":true,"href":"https:\/\/edyceramic-shop.ro\/ro\/wp-json\/wp\/v2\/product_brand?post=8230"},{"taxonomy":"product_cat","embeddable":true,"href":"https:\/\/edyceramic-shop.ro\/ro\/wp-json\/wp\/v2\/product_cat?post=8230"},{"taxonomy":"product_tag","embeddable":true,"href":"https:\/\/edyceramic-shop.ro\/ro\/wp-json\/wp\/v2\/product_tag?post=8230"}],"curies":[{"name":"wp","href":"https:\/\/api.w.org\/{rel}","templated":true}]}}