{"id":8026,"date":"2024-09-22T20:31:16","date_gmt":"2024-09-22T20:31:16","guid":{"rendered":"https:\/\/edyceramic-shop.ro\/produs\/sifon-lavoar-cilindric-tip-butelie-fd7-203-55\/"},"modified":"2025-08-01T13:32:50","modified_gmt":"2025-08-01T11:32:50","slug":"sifon-lavoar-cilindric-tip-butelie-fd7-203-55","status":"publish","type":"product","link":"https:\/\/edyceramic-shop.ro\/ro\/produs\/sifon-lavoar-cilindric-tip-butelie-fd7-203-55\/","title":{"rendered":"SIFON LAVOAR CILINDRIC TIP BUTELIE FD7-203-55"},"content":{"rendered":"<p>La amenajarea unei b\u0103i, detaliile joac\u0103 un rol esen\u021bial \u00een definirea \u0219i sublinierea stilului unic al \u00eenc\u0103perii. Printre aceste detalii importante se num\u0103r\u0103 sifoanele \u0219i ventilele, care nu doar \u00eendeplinesc func\u021bia lor esen\u021bial\u0103, ci \u0219i adaug\u0103 un element decorativ deosebit. Un exemplu perfect \u00een acest sens este sifonul KLEOME cu forma sa cilindric\u0103 \u0219i finisajul auriu modern, care completeaz\u0103 cu elegan\u021b\u0103 fitingurile sanitare \u00een aceea\u0219i nuan\u021b\u0103, contribuind astfel la crearea unei atmosfere rafinate \u0219i armonioase \u00een baie.<\/p>\n","protected":false},"excerpt":{"rendered":"<p>La amenajarea unei b\u0103i, detaliile joac\u0103 un rol esen\u021bial \u00een definirea \u0219i sublinierea stilului unic al \u00eenc\u0103perii. Printre aceste detalii<\/p>\n","protected":false},"featured_media":18630,"template":"","meta":[],"product_brand":[],"product_cat":[3502,334,685,372],"product_tag":[],"class_list":{"0":"post-8026","1":"product","2":"type-product","3":"status-publish","4":"has-post-thumbnail","6":"product_cat-baterii-fdesign","7":"product_cat-sanitare","8":"product_cat-sifoane","9":"product_cat-accesorii-baie","10":"pa_culoare-auriu","11":"pa_dimensiune-210mm","12":"pa_fabrica-fdesign","13":"pa_garantie-7ani","14":"pa_material-alama","16":"first","17":"instock","18":"purchasable","19":"product-type-simple"},"yoast_head":"<!-- This site is optimized with the Yoast SEO Premium plugin v21.6 (Yoast SEO v22.1) - https:\/\/yoast.com\/wordpress\/plugins\/seo\/ -->\n<title>SIFON LAVOAR CILINDRIC TIP BUTELIE FD7-203-55 - Edyceramic - magazin online<\/title>\n<meta name=\"robots\" content=\"index, follow, max-snippet:-1, max-image-preview:large, max-video-preview:-1\" \/>\n<link rel=\"canonical\" href=\"https:\/\/edyceramic-shop.ro\/ro\/produs\/sifon-lavoar-cilindric-tip-butelie-fd7-203-55\/\" \/>\n<meta property=\"og:locale\" content=\"ro_RO\" \/>\n<meta property=\"og:type\" content=\"article\" \/>\n<meta property=\"og:title\" content=\"SIFON LAVOAR CILINDRIC TIP BUTELIE FD7-203-55\" \/>\n<meta property=\"og:description\" content=\"La amenajarea unei b\u0103i, detaliile joac\u0103 un rol esen\u021bial \u00een definirea \u0219i sublinierea stilului unic al \u00eenc\u0103perii. Printre aceste detalii\" \/>\n<meta property=\"og:url\" content=\"https:\/\/edyceramic-shop.ro\/ro\/produs\/sifon-lavoar-cilindric-tip-butelie-fd7-203-55\/\" \/>\n<meta property=\"og:site_name\" content=\"Edyceramic - magazin online\" \/>\n<meta property=\"article:modified_time\" content=\"2025-08-01T11:32:50+00:00\" \/>\n<meta property=\"og:image\" content=\"https:\/\/edyceramic-shop.ro\/wp-content\/uploads\/2024\/09\/FD7-203-55.webp\" \/>\n\t<meta property=\"og:image:width\" content=\"1200\" \/>\n\t<meta property=\"og:image:height\" content=\"1036\" \/>\n\t<meta property=\"og:image:type\" content=\"image\/webp\" \/>\n<meta name=\"twitter:card\" content=\"summary_large_image\" \/>\n<meta name=\"twitter:label1\" content=\"Pre\u021b\" \/>\n\t<meta name=\"twitter:data1\" content=\"330,00&nbsp;lei\" \/>\n\t<meta name=\"twitter:label2\" content=\"Disponibilitate\" \/>\n\t<meta name=\"twitter:data2\" content=\"\u00cen stoc\" \/>\n<script type=\"application\/ld+json\" class=\"yoast-schema-graph\">{\"@context\":\"https:\/\/schema.org\",\"@graph\":[{\"@type\":\"WebPage\",\"@id\":\"https:\/\/edyceramic-shop.ro\/produs\/sifon-lavoar-cilindric-tip-butelie-fd7-203-55\/\",\"url\":\"https:\/\/edyceramic-shop.ro\/produs\/sifon-lavoar-cilindric-tip-butelie-fd7-203-55\/\",\"name\":\"SIFON LAVOAR CILINDRIC TIP BUTELIE FD7-203-55 - Edyceramic - magazin online\",\"isPartOf\":{\"@id\":\"https:\/\/edyceramic-shop.ro\/ro\/#website\"},\"datePublished\":\"2024-09-22T20:31:16+00:00\",\"dateModified\":\"2025-08-01T11:32:50+00:00\",\"breadcrumb\":{\"@id\":\"https:\/\/edyceramic-shop.ro\/produs\/sifon-lavoar-cilindric-tip-butelie-fd7-203-55\/#breadcrumb\"},\"inLanguage\":\"ro-RO\",\"potentialAction\":[{\"@type\":\"ReadAction\",\"target\":[\"https:\/\/edyceramic-shop.ro\/produs\/sifon-lavoar-cilindric-tip-butelie-fd7-203-55\/\"]}]},{\"@type\":\"BreadcrumbList\",\"@id\":\"https:\/\/edyceramic-shop.ro\/produs\/sifon-lavoar-cilindric-tip-butelie-fd7-203-55\/#breadcrumb\",\"itemListElement\":[{\"@type\":\"ListItem\",\"position\":1,\"name\":\"Home\",\"item\":\"https:\/\/edyceramic-shop.ro\/\"},{\"@type\":\"ListItem\",\"position\":2,\"name\":\"Shop\",\"item\":\"https:\/\/edyceramic-shop.ro\/ro\/shop\/\"},{\"@type\":\"ListItem\",\"position\":3,\"name\":\"SIFON LAVOAR CILINDRIC TIP BUTELIE FD7-203-55\"}]},{\"@type\":\"WebSite\",\"@id\":\"https:\/\/edyceramic-shop.ro\/ro\/#website\",\"url\":\"https:\/\/edyceramic-shop.ro\/ro\/\",\"name\":\"edyceramic.ro\",\"description\":\"\",\"publisher\":{\"@id\":\"https:\/\/edyceramic-shop.ro\/ro\/#organization\"},\"potentialAction\":[{\"@type\":\"SearchAction\",\"target\":{\"@type\":\"EntryPoint\",\"urlTemplate\":\"https:\/\/edyceramic-shop.ro\/ro\/?s={search_term_string}\"},\"query-input\":\"required name=search_term_string\"}],\"inLanguage\":\"ro-RO\"},{\"@type\":\"Organization\",\"@id\":\"https:\/\/edyceramic-shop.ro\/ro\/#organization\",\"name\":\"Edyceramic\",\"url\":\"https:\/\/edyceramic-shop.ro\/ro\/\",\"logo\":{\"@type\":\"ImageObject\",\"inLanguage\":\"ro-RO\",\"@id\":\"https:\/\/edyceramic-shop.ro\/ro\/#\/schema\/logo\/image\/\",\"url\":\"https:\/\/edyceramic-shop.ro\/wp-content\/uploads\/2024\/02\/Logo-EdyCeramic_2021-lung.png\",\"contentUrl\":\"https:\/\/edyceramic-shop.ro\/wp-content\/uploads\/2024\/02\/Logo-EdyCeramic_2021-lung.png\",\"width\":4491,\"height\":769,\"caption\":\"Edyceramic\"},\"image\":{\"@id\":\"https:\/\/edyceramic-shop.ro\/ro\/#\/schema\/logo\/image\/\"}}]}<\/script>\n<meta property=\"product:price:amount\" content=\"330.00\" \/>\n<meta property=\"product:price:currency\" content=\"RON\" \/>\n<meta property=\"og:availability\" content=\"instock\" \/>\n<meta property=\"product:availability\" content=\"instock\" \/>\n<meta property=\"product:retailer_item_id\" content=\"01ea7930e7a1\" \/>\n<meta property=\"product:condition\" content=\"new\" \/>\n<!-- \/ Yoast SEO Premium plugin. -->","yoast_head_json":{"title":"SIFON LAVOAR CILINDRIC TIP BUTELIE FD7-203-55 - Edyceramic - magazin online","robots":{"index":"index","follow":"follow","max-snippet":"max-snippet:-1","max-image-preview":"max-image-preview:large","max-video-preview":"max-video-preview:-1"},"canonical":"https:\/\/edyceramic-shop.ro\/ro\/produs\/sifon-lavoar-cilindric-tip-butelie-fd7-203-55\/","og_locale":"ro_RO","og_type":"article","og_title":"SIFON LAVOAR CILINDRIC TIP BUTELIE FD7-203-55","og_description":"La amenajarea unei b\u0103i, detaliile joac\u0103 un rol esen\u021bial \u00een definirea \u0219i sublinierea stilului unic al \u00eenc\u0103perii. Printre aceste detalii","og_url":"https:\/\/edyceramic-shop.ro\/ro\/produs\/sifon-lavoar-cilindric-tip-butelie-fd7-203-55\/","og_site_name":"Edyceramic - magazin online","article_modified_time":"2025-08-01T11:32:50+00:00","og_image":[{"width":1200,"height":1036,"url":"https:\/\/edyceramic-shop.ro\/wp-content\/uploads\/2024\/09\/FD7-203-55.webp","type":"image\/webp"}],"twitter_card":"summary_large_image","twitter_misc":{"Pre\u021b":"330,00&nbsp;lei","Disponibilitate":"\u00cen stoc"},"schema":{"@context":"https:\/\/schema.org","@graph":[{"@type":"WebPage","@id":"https:\/\/edyceramic-shop.ro\/produs\/sifon-lavoar-cilindric-tip-butelie-fd7-203-55\/","url":"https:\/\/edyceramic-shop.ro\/produs\/sifon-lavoar-cilindric-tip-butelie-fd7-203-55\/","name":"SIFON LAVOAR CILINDRIC TIP BUTELIE FD7-203-55 - Edyceramic - magazin online","isPartOf":{"@id":"https:\/\/edyceramic-shop.ro\/ro\/#website"},"datePublished":"2024-09-22T20:31:16+00:00","dateModified":"2025-08-01T11:32:50+00:00","breadcrumb":{"@id":"https:\/\/edyceramic-shop.ro\/produs\/sifon-lavoar-cilindric-tip-butelie-fd7-203-55\/#breadcrumb"},"inLanguage":"ro-RO","potentialAction":[{"@type":"ReadAction","target":["https:\/\/edyceramic-shop.ro\/produs\/sifon-lavoar-cilindric-tip-butelie-fd7-203-55\/"]}]},{"@type":"BreadcrumbList","@id":"https:\/\/edyceramic-shop.ro\/produs\/sifon-lavoar-cilindric-tip-butelie-fd7-203-55\/#breadcrumb","itemListElement":[{"@type":"ListItem","position":1,"name":"Home","item":"https:\/\/edyceramic-shop.ro\/"},{"@type":"ListItem","position":2,"name":"Shop","item":"https:\/\/edyceramic-shop.ro\/ro\/shop\/"},{"@type":"ListItem","position":3,"name":"SIFON LAVOAR CILINDRIC TIP BUTELIE FD7-203-55"}]},{"@type":"WebSite","@id":"https:\/\/edyceramic-shop.ro\/ro\/#website","url":"https:\/\/edyceramic-shop.ro\/ro\/","name":"edyceramic.ro","description":"","publisher":{"@id":"https:\/\/edyceramic-shop.ro\/ro\/#organization"},"potentialAction":[{"@type":"SearchAction","target":{"@type":"EntryPoint","urlTemplate":"https:\/\/edyceramic-shop.ro\/ro\/?s={search_term_string}"},"query-input":"required name=search_term_string"}],"inLanguage":"ro-RO"},{"@type":"Organization","@id":"https:\/\/edyceramic-shop.ro\/ro\/#organization","name":"Edyceramic","url":"https:\/\/edyceramic-shop.ro\/ro\/","logo":{"@type":"ImageObject","inLanguage":"ro-RO","@id":"https:\/\/edyceramic-shop.ro\/ro\/#\/schema\/logo\/image\/","url":"https:\/\/edyceramic-shop.ro\/wp-content\/uploads\/2024\/02\/Logo-EdyCeramic_2021-lung.png","contentUrl":"https:\/\/edyceramic-shop.ro\/wp-content\/uploads\/2024\/02\/Logo-EdyCeramic_2021-lung.png","width":4491,"height":769,"caption":"Edyceramic"},"image":{"@id":"https:\/\/edyceramic-shop.ro\/ro\/#\/schema\/logo\/image\/"}}]},"product_price_amount":"330.00","product_price_currency":"RON","og_availability":"instock","product_availability":"instock","product_retailer_item_id":"01ea7930e7a1","product_condition":"new"},"jetpack_sharing_enabled":true,"_links":{"self":[{"href":"https:\/\/edyceramic-shop.ro\/ro\/wp-json\/wp\/v2\/product\/8026","targetHints":{"allow":["GET"]}}],"collection":[{"href":"https:\/\/edyceramic-shop.ro\/ro\/wp-json\/wp\/v2\/product"}],"about":[{"href":"https:\/\/edyceramic-shop.ro\/ro\/wp-json\/wp\/v2\/types\/product"}],"version-history":[{"count":1,"href":"https:\/\/edyceramic-shop.ro\/ro\/wp-json\/wp\/v2\/product\/8026\/revisions"}],"predecessor-version":[{"id":18629,"href":"https:\/\/edyceramic-shop.ro\/ro\/wp-json\/wp\/v2\/product\/8026\/revisions\/18629"}],"wp:featuredmedia":[{"embeddable":true,"href":"https:\/\/edyceramic-shop.ro\/ro\/wp-json\/wp\/v2\/media\/18630"}],"wp:attachment":[{"href":"https:\/\/edyceramic-shop.ro\/ro\/wp-json\/wp\/v2\/media?parent=8026"}],"wp:term":[{"taxonomy":"product_brand","embeddable":true,"href":"https:\/\/edyceramic-shop.ro\/ro\/wp-json\/wp\/v2\/product_brand?post=8026"},{"taxonomy":"product_cat","embeddable":true,"href":"https:\/\/edyceramic-shop.ro\/ro\/wp-json\/wp\/v2\/product_cat?post=8026"},{"taxonomy":"product_tag","embeddable":true,"href":"https:\/\/edyceramic-shop.ro\/ro\/wp-json\/wp\/v2\/product_tag?post=8026"}],"curies":[{"name":"wp","href":"https:\/\/api.w.org\/{rel}","templated":true}]}}