{"id":8020,"date":"2024-09-22T20:31:16","date_gmt":"2024-09-22T20:31:16","guid":{"rendered":"https:\/\/edyceramic-shop.ro\/produs\/sifon-lavoar-oval-tip-butelie-fd7-204-11\/"},"modified":"2025-08-01T13:32:50","modified_gmt":"2025-08-01T11:32:50","slug":"sifon-lavoar-oval-tip-butelie-fd7-204-11","status":"publish","type":"product","link":"https:\/\/edyceramic-shop.ro\/ro\/produs\/sifon-lavoar-oval-tip-butelie-fd7-204-11\/","title":{"rendered":"SIFON LAVOAR OVAL TIP BUTELIE FD7-204-11"},"content":{"rendered":"<p>\u00cen universul amenaj\u0103rilor moderne \u0219i elegante, misterul \u0219i frumuse\u021bea se ascund \u00een detalii, iar elementele de scurgere nu fac excep\u021bie. Sifonul pentru baie din alam\u0103 KLEOME este mai mult dec\u00e2t un simplu element func\u021bional &#8211; este o declara\u021bie de stil, un simbol al durabilit\u0103\u021bii \u0219i rezisten\u021bei. Construit cu aten\u021bie \u0219i grij\u0103 din materiale de calitate superioar\u0103, acesta devine un element decorativ de neinlocuit \u00een spa\u021biile influen\u021bate de stilul industrial brut sau de atmosfera inconfundabil\u0103 a loftului.<\/p>\n","protected":false},"excerpt":{"rendered":"<p>\u00cen universul amenaj\u0103rilor moderne \u0219i elegante, misterul \u0219i frumuse\u021bea se ascund \u00een detalii, iar elementele de scurgere nu fac excep\u021bie.<\/p>\n","protected":false},"featured_media":18622,"template":"","meta":[],"product_brand":[],"product_cat":[3502,334,685,372],"product_tag":[],"class_list":{"0":"post-8020","1":"product","2":"type-product","3":"status-publish","4":"has-post-thumbnail","6":"product_cat-baterii-fdesign","7":"product_cat-sanitare","8":"product_cat-sifoane","9":"product_cat-accesorii-baie","10":"pa_culoare-crom","11":"pa_dimensiune-325mm","12":"pa_fabrica-fdesign","13":"pa_garantie-7ani","14":"pa_material-alama","16":"first","17":"instock","18":"purchasable","19":"product-type-simple"},"yoast_head":"<!-- This site is optimized with the Yoast SEO Premium plugin v21.6 (Yoast SEO v22.1) - https:\/\/yoast.com\/wordpress\/plugins\/seo\/ -->\n<title>SIFON LAVOAR OVAL TIP BUTELIE FD7-204-11 - Edyceramic - magazin online<\/title>\n<meta name=\"robots\" content=\"index, follow, max-snippet:-1, max-image-preview:large, max-video-preview:-1\" \/>\n<link rel=\"canonical\" href=\"https:\/\/edyceramic-shop.ro\/ro\/produs\/sifon-lavoar-oval-tip-butelie-fd7-204-11\/\" \/>\n<meta property=\"og:locale\" content=\"ro_RO\" \/>\n<meta property=\"og:type\" content=\"article\" \/>\n<meta property=\"og:title\" content=\"SIFON LAVOAR OVAL TIP BUTELIE FD7-204-11\" \/>\n<meta property=\"og:description\" content=\"\u00cen universul amenaj\u0103rilor moderne \u0219i elegante, misterul \u0219i frumuse\u021bea se ascund \u00een detalii, iar elementele de scurgere nu fac excep\u021bie.\" \/>\n<meta property=\"og:url\" content=\"https:\/\/edyceramic-shop.ro\/ro\/produs\/sifon-lavoar-oval-tip-butelie-fd7-204-11\/\" \/>\n<meta property=\"og:site_name\" content=\"Edyceramic - magazin online\" \/>\n<meta property=\"article:modified_time\" content=\"2025-08-01T11:32:50+00:00\" \/>\n<meta property=\"og:image\" content=\"https:\/\/edyceramic-shop.ro\/wp-content\/uploads\/2024\/09\/FD7-204-11.webp\" \/>\n\t<meta property=\"og:image:width\" content=\"1200\" \/>\n\t<meta property=\"og:image:height\" content=\"800\" \/>\n\t<meta property=\"og:image:type\" content=\"image\/webp\" \/>\n<meta name=\"twitter:card\" content=\"summary_large_image\" \/>\n<meta name=\"twitter:label1\" content=\"Pre\u021b\" \/>\n\t<meta name=\"twitter:data1\" content=\"268,00&nbsp;lei\" \/>\n\t<meta name=\"twitter:label2\" content=\"Disponibilitate\" \/>\n\t<meta name=\"twitter:data2\" content=\"\u00cen stoc\" \/>\n<script type=\"application\/ld+json\" class=\"yoast-schema-graph\">{\"@context\":\"https:\/\/schema.org\",\"@graph\":[{\"@type\":\"WebPage\",\"@id\":\"https:\/\/edyceramic-shop.ro\/produs\/sifon-lavoar-oval-tip-butelie-fd7-204-11\/\",\"url\":\"https:\/\/edyceramic-shop.ro\/produs\/sifon-lavoar-oval-tip-butelie-fd7-204-11\/\",\"name\":\"SIFON LAVOAR OVAL TIP BUTELIE FD7-204-11 - Edyceramic - magazin online\",\"isPartOf\":{\"@id\":\"https:\/\/edyceramic-shop.ro\/ro\/#website\"},\"datePublished\":\"2024-09-22T20:31:16+00:00\",\"dateModified\":\"2025-08-01T11:32:50+00:00\",\"breadcrumb\":{\"@id\":\"https:\/\/edyceramic-shop.ro\/produs\/sifon-lavoar-oval-tip-butelie-fd7-204-11\/#breadcrumb\"},\"inLanguage\":\"ro-RO\",\"potentialAction\":[{\"@type\":\"ReadAction\",\"target\":[\"https:\/\/edyceramic-shop.ro\/produs\/sifon-lavoar-oval-tip-butelie-fd7-204-11\/\"]}]},{\"@type\":\"BreadcrumbList\",\"@id\":\"https:\/\/edyceramic-shop.ro\/produs\/sifon-lavoar-oval-tip-butelie-fd7-204-11\/#breadcrumb\",\"itemListElement\":[{\"@type\":\"ListItem\",\"position\":1,\"name\":\"Home\",\"item\":\"https:\/\/edyceramic-shop.ro\/\"},{\"@type\":\"ListItem\",\"position\":2,\"name\":\"Shop\",\"item\":\"https:\/\/edyceramic-shop.ro\/ro\/shop\/\"},{\"@type\":\"ListItem\",\"position\":3,\"name\":\"SIFON LAVOAR OVAL TIP BUTELIE FD7-204-11\"}]},{\"@type\":\"WebSite\",\"@id\":\"https:\/\/edyceramic-shop.ro\/ro\/#website\",\"url\":\"https:\/\/edyceramic-shop.ro\/ro\/\",\"name\":\"edyceramic.ro\",\"description\":\"\",\"publisher\":{\"@id\":\"https:\/\/edyceramic-shop.ro\/ro\/#organization\"},\"potentialAction\":[{\"@type\":\"SearchAction\",\"target\":{\"@type\":\"EntryPoint\",\"urlTemplate\":\"https:\/\/edyceramic-shop.ro\/ro\/?s={search_term_string}\"},\"query-input\":\"required name=search_term_string\"}],\"inLanguage\":\"ro-RO\"},{\"@type\":\"Organization\",\"@id\":\"https:\/\/edyceramic-shop.ro\/ro\/#organization\",\"name\":\"Edyceramic\",\"url\":\"https:\/\/edyceramic-shop.ro\/ro\/\",\"logo\":{\"@type\":\"ImageObject\",\"inLanguage\":\"ro-RO\",\"@id\":\"https:\/\/edyceramic-shop.ro\/ro\/#\/schema\/logo\/image\/\",\"url\":\"https:\/\/edyceramic-shop.ro\/wp-content\/uploads\/2024\/02\/Logo-EdyCeramic_2021-lung.png\",\"contentUrl\":\"https:\/\/edyceramic-shop.ro\/wp-content\/uploads\/2024\/02\/Logo-EdyCeramic_2021-lung.png\",\"width\":4491,\"height\":769,\"caption\":\"Edyceramic\"},\"image\":{\"@id\":\"https:\/\/edyceramic-shop.ro\/ro\/#\/schema\/logo\/image\/\"}}]}<\/script>\n<meta property=\"product:price:amount\" content=\"268.00\" \/>\n<meta property=\"product:price:currency\" content=\"RON\" \/>\n<meta property=\"og:availability\" content=\"instock\" \/>\n<meta property=\"product:availability\" content=\"instock\" \/>\n<meta property=\"product:retailer_item_id\" content=\"583fbd1234fa\" \/>\n<meta property=\"product:condition\" content=\"new\" \/>\n<!-- \/ Yoast SEO Premium plugin. -->","yoast_head_json":{"title":"SIFON LAVOAR OVAL TIP BUTELIE FD7-204-11 - Edyceramic - magazin online","robots":{"index":"index","follow":"follow","max-snippet":"max-snippet:-1","max-image-preview":"max-image-preview:large","max-video-preview":"max-video-preview:-1"},"canonical":"https:\/\/edyceramic-shop.ro\/ro\/produs\/sifon-lavoar-oval-tip-butelie-fd7-204-11\/","og_locale":"ro_RO","og_type":"article","og_title":"SIFON LAVOAR OVAL TIP BUTELIE FD7-204-11","og_description":"\u00cen universul amenaj\u0103rilor moderne \u0219i elegante, misterul \u0219i frumuse\u021bea se ascund \u00een detalii, iar elementele de scurgere nu fac excep\u021bie.","og_url":"https:\/\/edyceramic-shop.ro\/ro\/produs\/sifon-lavoar-oval-tip-butelie-fd7-204-11\/","og_site_name":"Edyceramic - magazin online","article_modified_time":"2025-08-01T11:32:50+00:00","og_image":[{"width":1200,"height":800,"url":"https:\/\/edyceramic-shop.ro\/wp-content\/uploads\/2024\/09\/FD7-204-11.webp","type":"image\/webp"}],"twitter_card":"summary_large_image","twitter_misc":{"Pre\u021b":"268,00&nbsp;lei","Disponibilitate":"\u00cen stoc"},"schema":{"@context":"https:\/\/schema.org","@graph":[{"@type":"WebPage","@id":"https:\/\/edyceramic-shop.ro\/produs\/sifon-lavoar-oval-tip-butelie-fd7-204-11\/","url":"https:\/\/edyceramic-shop.ro\/produs\/sifon-lavoar-oval-tip-butelie-fd7-204-11\/","name":"SIFON LAVOAR OVAL TIP BUTELIE FD7-204-11 - Edyceramic - magazin online","isPartOf":{"@id":"https:\/\/edyceramic-shop.ro\/ro\/#website"},"datePublished":"2024-09-22T20:31:16+00:00","dateModified":"2025-08-01T11:32:50+00:00","breadcrumb":{"@id":"https:\/\/edyceramic-shop.ro\/produs\/sifon-lavoar-oval-tip-butelie-fd7-204-11\/#breadcrumb"},"inLanguage":"ro-RO","potentialAction":[{"@type":"ReadAction","target":["https:\/\/edyceramic-shop.ro\/produs\/sifon-lavoar-oval-tip-butelie-fd7-204-11\/"]}]},{"@type":"BreadcrumbList","@id":"https:\/\/edyceramic-shop.ro\/produs\/sifon-lavoar-oval-tip-butelie-fd7-204-11\/#breadcrumb","itemListElement":[{"@type":"ListItem","position":1,"name":"Home","item":"https:\/\/edyceramic-shop.ro\/"},{"@type":"ListItem","position":2,"name":"Shop","item":"https:\/\/edyceramic-shop.ro\/ro\/shop\/"},{"@type":"ListItem","position":3,"name":"SIFON LAVOAR OVAL TIP BUTELIE FD7-204-11"}]},{"@type":"WebSite","@id":"https:\/\/edyceramic-shop.ro\/ro\/#website","url":"https:\/\/edyceramic-shop.ro\/ro\/","name":"edyceramic.ro","description":"","publisher":{"@id":"https:\/\/edyceramic-shop.ro\/ro\/#organization"},"potentialAction":[{"@type":"SearchAction","target":{"@type":"EntryPoint","urlTemplate":"https:\/\/edyceramic-shop.ro\/ro\/?s={search_term_string}"},"query-input":"required name=search_term_string"}],"inLanguage":"ro-RO"},{"@type":"Organization","@id":"https:\/\/edyceramic-shop.ro\/ro\/#organization","name":"Edyceramic","url":"https:\/\/edyceramic-shop.ro\/ro\/","logo":{"@type":"ImageObject","inLanguage":"ro-RO","@id":"https:\/\/edyceramic-shop.ro\/ro\/#\/schema\/logo\/image\/","url":"https:\/\/edyceramic-shop.ro\/wp-content\/uploads\/2024\/02\/Logo-EdyCeramic_2021-lung.png","contentUrl":"https:\/\/edyceramic-shop.ro\/wp-content\/uploads\/2024\/02\/Logo-EdyCeramic_2021-lung.png","width":4491,"height":769,"caption":"Edyceramic"},"image":{"@id":"https:\/\/edyceramic-shop.ro\/ro\/#\/schema\/logo\/image\/"}}]},"product_price_amount":"268.00","product_price_currency":"RON","og_availability":"instock","product_availability":"instock","product_retailer_item_id":"583fbd1234fa","product_condition":"new"},"jetpack_sharing_enabled":true,"_links":{"self":[{"href":"https:\/\/edyceramic-shop.ro\/ro\/wp-json\/wp\/v2\/product\/8020","targetHints":{"allow":["GET"]}}],"collection":[{"href":"https:\/\/edyceramic-shop.ro\/ro\/wp-json\/wp\/v2\/product"}],"about":[{"href":"https:\/\/edyceramic-shop.ro\/ro\/wp-json\/wp\/v2\/types\/product"}],"version-history":[{"count":1,"href":"https:\/\/edyceramic-shop.ro\/ro\/wp-json\/wp\/v2\/product\/8020\/revisions"}],"predecessor-version":[{"id":18621,"href":"https:\/\/edyceramic-shop.ro\/ro\/wp-json\/wp\/v2\/product\/8020\/revisions\/18621"}],"wp:featuredmedia":[{"embeddable":true,"href":"https:\/\/edyceramic-shop.ro\/ro\/wp-json\/wp\/v2\/media\/18622"}],"wp:attachment":[{"href":"https:\/\/edyceramic-shop.ro\/ro\/wp-json\/wp\/v2\/media?parent=8020"}],"wp:term":[{"taxonomy":"product_brand","embeddable":true,"href":"https:\/\/edyceramic-shop.ro\/ro\/wp-json\/wp\/v2\/product_brand?post=8020"},{"taxonomy":"product_cat","embeddable":true,"href":"https:\/\/edyceramic-shop.ro\/ro\/wp-json\/wp\/v2\/product_cat?post=8020"},{"taxonomy":"product_tag","embeddable":true,"href":"https:\/\/edyceramic-shop.ro\/ro\/wp-json\/wp\/v2\/product_tag?post=8020"}],"curies":[{"name":"wp","href":"https:\/\/api.w.org\/{rel}","templated":true}]}}