{"id":8006,"date":"2024-09-22T20:30:29","date_gmt":"2024-09-22T20:30:29","guid":{"rendered":"https:\/\/edyceramic-shop.ro\/produs\/robinet-coltar-ceramic-fd7-103-11\/"},"modified":"2025-08-01T13:32:49","modified_gmt":"2025-08-01T11:32:49","slug":"robinet-coltar-ceramic-fd7-103-11","status":"publish","type":"product","link":"https:\/\/edyceramic-shop.ro\/ro\/produs\/robinet-coltar-ceramic-fd7-103-11\/","title":{"rendered":"ROBINET COL\u021aAR CERAMIC FD7-103-11"},"content":{"rendered":"<p>KLEOME este un robinet col\u021bar decorativ, cu cartu\u0219 ceramic \u0219i manet\u0103 metalic\u0103 rotund\u0103. Atractiv prin design, func\u021bional \u0219i oferind siguran\u021b\u0103 prin calitatea sa, \u00ee\u0219i va g\u0103si locul \u00een fiecare baie, printre accesoriile \u0219i bateriile de baie din colec\u021bia destinat\u0103 iubitorilor de design interior FDESIGN.<\/p>\n","protected":false},"excerpt":{"rendered":"<p>KLEOME este un robinet col\u021bar decorativ, cu cartu\u0219 ceramic \u0219i manet\u0103 metalic\u0103 rotund\u0103. Atractiv prin design, func\u021bional \u0219i oferind siguran\u021b\u0103<\/p>\n","protected":false},"featured_media":18601,"template":"","meta":[],"product_brand":[],"product_cat":[3502,334,379,372],"product_tag":[],"class_list":{"0":"post-8006","1":"product","2":"type-product","3":"status-publish","4":"has-post-thumbnail","6":"product_cat-baterii-fdesign","7":"product_cat-sanitare","8":"product_cat-robinete-coltar","9":"product_cat-accesorii-baie","10":"pa_culoare-crom","11":"pa_fabrica-fdesign","12":"pa_garantie-7ani","13":"pa_material-alama","14":"pa_montaj-pe-lavoar","15":"pa_presiune-nominala-10bar","17":"first","18":"instock","19":"purchasable","20":"product-type-simple"},"yoast_head":"<!-- This site is optimized with the Yoast SEO Premium plugin v21.6 (Yoast SEO v22.1) - https:\/\/yoast.com\/wordpress\/plugins\/seo\/ -->\n<title>ROBINET COL\u021aAR CERAMIC FD7-103-11 - Edyceramic - magazin online<\/title>\n<meta name=\"robots\" content=\"index, follow, max-snippet:-1, max-image-preview:large, max-video-preview:-1\" \/>\n<link rel=\"canonical\" href=\"https:\/\/edyceramic-shop.ro\/ro\/produs\/robinet-coltar-ceramic-fd7-103-11\/\" \/>\n<meta property=\"og:locale\" content=\"ro_RO\" \/>\n<meta property=\"og:type\" content=\"article\" \/>\n<meta property=\"og:title\" content=\"ROBINET COL\u021aAR CERAMIC FD7-103-11\" \/>\n<meta property=\"og:description\" content=\"KLEOME este un robinet col\u021bar decorativ, cu cartu\u0219 ceramic \u0219i manet\u0103 metalic\u0103 rotund\u0103. Atractiv prin design, func\u021bional \u0219i oferind siguran\u021b\u0103\" \/>\n<meta property=\"og:url\" content=\"https:\/\/edyceramic-shop.ro\/ro\/produs\/robinet-coltar-ceramic-fd7-103-11\/\" \/>\n<meta property=\"og:site_name\" content=\"Edyceramic - magazin online\" \/>\n<meta property=\"article:modified_time\" content=\"2025-08-01T11:32:49+00:00\" \/>\n<meta property=\"og:image\" content=\"https:\/\/edyceramic-shop.ro\/wp-content\/uploads\/2024\/09\/FD7-103-11.webp\" \/>\n\t<meta property=\"og:image:width\" content=\"1200\" \/>\n\t<meta property=\"og:image:height\" content=\"1104\" \/>\n\t<meta property=\"og:image:type\" content=\"image\/webp\" \/>\n<meta name=\"twitter:card\" content=\"summary_large_image\" \/>\n<meta name=\"twitter:label1\" content=\"Pre\u021b\" \/>\n\t<meta name=\"twitter:data1\" content=\"58,00&nbsp;lei\" \/>\n\t<meta name=\"twitter:label2\" content=\"Disponibilitate\" \/>\n\t<meta name=\"twitter:data2\" content=\"\u00cen stoc\" \/>\n<script type=\"application\/ld+json\" class=\"yoast-schema-graph\">{\"@context\":\"https:\/\/schema.org\",\"@graph\":[{\"@type\":\"WebPage\",\"@id\":\"https:\/\/edyceramic-shop.ro\/produs\/robinet-coltar-ceramic-fd7-103-11\/\",\"url\":\"https:\/\/edyceramic-shop.ro\/produs\/robinet-coltar-ceramic-fd7-103-11\/\",\"name\":\"ROBINET COL\u021aAR CERAMIC FD7-103-11 - Edyceramic - magazin online\",\"isPartOf\":{\"@id\":\"https:\/\/edyceramic-shop.ro\/ro\/#website\"},\"datePublished\":\"2024-09-22T20:30:29+00:00\",\"dateModified\":\"2025-08-01T11:32:49+00:00\",\"breadcrumb\":{\"@id\":\"https:\/\/edyceramic-shop.ro\/produs\/robinet-coltar-ceramic-fd7-103-11\/#breadcrumb\"},\"inLanguage\":\"ro-RO\",\"potentialAction\":[{\"@type\":\"ReadAction\",\"target\":[\"https:\/\/edyceramic-shop.ro\/produs\/robinet-coltar-ceramic-fd7-103-11\/\"]}]},{\"@type\":\"BreadcrumbList\",\"@id\":\"https:\/\/edyceramic-shop.ro\/produs\/robinet-coltar-ceramic-fd7-103-11\/#breadcrumb\",\"itemListElement\":[{\"@type\":\"ListItem\",\"position\":1,\"name\":\"Home\",\"item\":\"https:\/\/edyceramic-shop.ro\/\"},{\"@type\":\"ListItem\",\"position\":2,\"name\":\"Shop\",\"item\":\"https:\/\/edyceramic-shop.ro\/ro\/shop\/\"},{\"@type\":\"ListItem\",\"position\":3,\"name\":\"ROBINET COL\u021aAR CERAMIC FD7-103-11\"}]},{\"@type\":\"WebSite\",\"@id\":\"https:\/\/edyceramic-shop.ro\/ro\/#website\",\"url\":\"https:\/\/edyceramic-shop.ro\/ro\/\",\"name\":\"edyceramic.ro\",\"description\":\"\",\"publisher\":{\"@id\":\"https:\/\/edyceramic-shop.ro\/ro\/#organization\"},\"potentialAction\":[{\"@type\":\"SearchAction\",\"target\":{\"@type\":\"EntryPoint\",\"urlTemplate\":\"https:\/\/edyceramic-shop.ro\/ro\/?s={search_term_string}\"},\"query-input\":\"required name=search_term_string\"}],\"inLanguage\":\"ro-RO\"},{\"@type\":\"Organization\",\"@id\":\"https:\/\/edyceramic-shop.ro\/ro\/#organization\",\"name\":\"Edyceramic\",\"url\":\"https:\/\/edyceramic-shop.ro\/ro\/\",\"logo\":{\"@type\":\"ImageObject\",\"inLanguage\":\"ro-RO\",\"@id\":\"https:\/\/edyceramic-shop.ro\/ro\/#\/schema\/logo\/image\/\",\"url\":\"https:\/\/edyceramic-shop.ro\/wp-content\/uploads\/2024\/02\/Logo-EdyCeramic_2021-lung.png\",\"contentUrl\":\"https:\/\/edyceramic-shop.ro\/wp-content\/uploads\/2024\/02\/Logo-EdyCeramic_2021-lung.png\",\"width\":4491,\"height\":769,\"caption\":\"Edyceramic\"},\"image\":{\"@id\":\"https:\/\/edyceramic-shop.ro\/ro\/#\/schema\/logo\/image\/\"}}]}<\/script>\n<meta property=\"product:price:amount\" content=\"58.00\" \/>\n<meta property=\"product:price:currency\" content=\"RON\" \/>\n<meta property=\"og:availability\" content=\"instock\" \/>\n<meta property=\"product:availability\" content=\"instock\" \/>\n<meta property=\"product:retailer_item_id\" content=\"9d4682730d31\" \/>\n<meta property=\"product:condition\" content=\"new\" \/>\n<!-- \/ Yoast SEO Premium plugin. -->","yoast_head_json":{"title":"ROBINET COL\u021aAR CERAMIC FD7-103-11 - Edyceramic - magazin online","robots":{"index":"index","follow":"follow","max-snippet":"max-snippet:-1","max-image-preview":"max-image-preview:large","max-video-preview":"max-video-preview:-1"},"canonical":"https:\/\/edyceramic-shop.ro\/ro\/produs\/robinet-coltar-ceramic-fd7-103-11\/","og_locale":"ro_RO","og_type":"article","og_title":"ROBINET COL\u021aAR CERAMIC FD7-103-11","og_description":"KLEOME este un robinet col\u021bar decorativ, cu cartu\u0219 ceramic \u0219i manet\u0103 metalic\u0103 rotund\u0103. Atractiv prin design, func\u021bional \u0219i oferind siguran\u021b\u0103","og_url":"https:\/\/edyceramic-shop.ro\/ro\/produs\/robinet-coltar-ceramic-fd7-103-11\/","og_site_name":"Edyceramic - magazin online","article_modified_time":"2025-08-01T11:32:49+00:00","og_image":[{"width":1200,"height":1104,"url":"https:\/\/edyceramic-shop.ro\/wp-content\/uploads\/2024\/09\/FD7-103-11.webp","type":"image\/webp"}],"twitter_card":"summary_large_image","twitter_misc":{"Pre\u021b":"58,00&nbsp;lei","Disponibilitate":"\u00cen stoc"},"schema":{"@context":"https:\/\/schema.org","@graph":[{"@type":"WebPage","@id":"https:\/\/edyceramic-shop.ro\/produs\/robinet-coltar-ceramic-fd7-103-11\/","url":"https:\/\/edyceramic-shop.ro\/produs\/robinet-coltar-ceramic-fd7-103-11\/","name":"ROBINET COL\u021aAR CERAMIC FD7-103-11 - Edyceramic - magazin online","isPartOf":{"@id":"https:\/\/edyceramic-shop.ro\/ro\/#website"},"datePublished":"2024-09-22T20:30:29+00:00","dateModified":"2025-08-01T11:32:49+00:00","breadcrumb":{"@id":"https:\/\/edyceramic-shop.ro\/produs\/robinet-coltar-ceramic-fd7-103-11\/#breadcrumb"},"inLanguage":"ro-RO","potentialAction":[{"@type":"ReadAction","target":["https:\/\/edyceramic-shop.ro\/produs\/robinet-coltar-ceramic-fd7-103-11\/"]}]},{"@type":"BreadcrumbList","@id":"https:\/\/edyceramic-shop.ro\/produs\/robinet-coltar-ceramic-fd7-103-11\/#breadcrumb","itemListElement":[{"@type":"ListItem","position":1,"name":"Home","item":"https:\/\/edyceramic-shop.ro\/"},{"@type":"ListItem","position":2,"name":"Shop","item":"https:\/\/edyceramic-shop.ro\/ro\/shop\/"},{"@type":"ListItem","position":3,"name":"ROBINET COL\u021aAR CERAMIC FD7-103-11"}]},{"@type":"WebSite","@id":"https:\/\/edyceramic-shop.ro\/ro\/#website","url":"https:\/\/edyceramic-shop.ro\/ro\/","name":"edyceramic.ro","description":"","publisher":{"@id":"https:\/\/edyceramic-shop.ro\/ro\/#organization"},"potentialAction":[{"@type":"SearchAction","target":{"@type":"EntryPoint","urlTemplate":"https:\/\/edyceramic-shop.ro\/ro\/?s={search_term_string}"},"query-input":"required name=search_term_string"}],"inLanguage":"ro-RO"},{"@type":"Organization","@id":"https:\/\/edyceramic-shop.ro\/ro\/#organization","name":"Edyceramic","url":"https:\/\/edyceramic-shop.ro\/ro\/","logo":{"@type":"ImageObject","inLanguage":"ro-RO","@id":"https:\/\/edyceramic-shop.ro\/ro\/#\/schema\/logo\/image\/","url":"https:\/\/edyceramic-shop.ro\/wp-content\/uploads\/2024\/02\/Logo-EdyCeramic_2021-lung.png","contentUrl":"https:\/\/edyceramic-shop.ro\/wp-content\/uploads\/2024\/02\/Logo-EdyCeramic_2021-lung.png","width":4491,"height":769,"caption":"Edyceramic"},"image":{"@id":"https:\/\/edyceramic-shop.ro\/ro\/#\/schema\/logo\/image\/"}}]},"product_price_amount":"58.00","product_price_currency":"RON","og_availability":"instock","product_availability":"instock","product_retailer_item_id":"9d4682730d31","product_condition":"new"},"jetpack_sharing_enabled":true,"_links":{"self":[{"href":"https:\/\/edyceramic-shop.ro\/ro\/wp-json\/wp\/v2\/product\/8006","targetHints":{"allow":["GET"]}}],"collection":[{"href":"https:\/\/edyceramic-shop.ro\/ro\/wp-json\/wp\/v2\/product"}],"about":[{"href":"https:\/\/edyceramic-shop.ro\/ro\/wp-json\/wp\/v2\/types\/product"}],"version-history":[{"count":1,"href":"https:\/\/edyceramic-shop.ro\/ro\/wp-json\/wp\/v2\/product\/8006\/revisions"}],"predecessor-version":[{"id":18600,"href":"https:\/\/edyceramic-shop.ro\/ro\/wp-json\/wp\/v2\/product\/8006\/revisions\/18600"}],"wp:featuredmedia":[{"embeddable":true,"href":"https:\/\/edyceramic-shop.ro\/ro\/wp-json\/wp\/v2\/media\/18601"}],"wp:attachment":[{"href":"https:\/\/edyceramic-shop.ro\/ro\/wp-json\/wp\/v2\/media?parent=8006"}],"wp:term":[{"taxonomy":"product_brand","embeddable":true,"href":"https:\/\/edyceramic-shop.ro\/ro\/wp-json\/wp\/v2\/product_brand?post=8006"},{"taxonomy":"product_cat","embeddable":true,"href":"https:\/\/edyceramic-shop.ro\/ro\/wp-json\/wp\/v2\/product_cat?post=8006"},{"taxonomy":"product_tag","embeddable":true,"href":"https:\/\/edyceramic-shop.ro\/ro\/wp-json\/wp\/v2\/product_tag?post=8006"}],"curies":[{"name":"wp","href":"https:\/\/api.w.org\/{rel}","templated":true}]}}