{"id":7992,"date":"2024-09-22T20:30:29","date_gmt":"2024-09-22T20:30:29","guid":{"rendered":"https:\/\/edyceramic-shop.ro\/produs\/racord-dus-pentru-baterie-incastrata-inula-fd8-601-11\/"},"modified":"2025-08-01T13:32:48","modified_gmt":"2025-08-01T11:32:48","slug":"racord-dus-pentru-baterie-incastrata-inula-fd8-601-11","status":"publish","type":"product","link":"https:\/\/edyceramic-shop.ro\/ro\/produs\/racord-dus-pentru-baterie-incastrata-inula-fd8-601-11\/","title":{"rendered":"RACORD DU\u0218 PENTRU BATERIE \u00ceNCASTRAT\u0102 INULA FD8-601-11"},"content":{"rendered":"<p>Coeren\u021ba stilistic\u0103 a interiorului b\u0103ii se realizeaz\u0103 prin acordarea unei aten\u021bii deosebite detaliilor. Racordul de du\u0219 cu suport INULA cu form\u0103 p\u0103trat\u0103 este un element esen\u021bial al oric\u0103rui set de du\u0219 cu finisaj cromat, potrivindu-se perfect cu orice model de du\u0219 care are forme geometrice.<\/p>\n","protected":false},"excerpt":{"rendered":"<p>Coeren\u021ba stilistic\u0103 a interiorului b\u0103ii se realizeaz\u0103 prin acordarea unei aten\u021bii deosebite detaliilor. Racordul de du\u0219 cu suport INULA cu<\/p>\n","protected":false},"featured_media":18580,"template":"","meta":[],"product_brand":[],"product_cat":[3502,334,685,372],"product_tag":[],"class_list":{"0":"post-7992","1":"product","2":"type-product","3":"status-publish","4":"has-post-thumbnail","6":"product_cat-baterii-fdesign","7":"product_cat-sanitare","8":"product_cat-sifoane","9":"product_cat-accesorii-baie","10":"pa_colectie-inula","11":"pa_culoare-crom","12":"pa_dimensiune-60mm","13":"pa_fabrica-fdesign","14":"pa_garantie-7ani","15":"pa_material-alama","16":"pa_montaj-pe-perete","18":"first","19":"instock","20":"purchasable","21":"product-type-simple"},"yoast_head":"<!-- This site is optimized with the Yoast SEO Premium plugin v21.6 (Yoast SEO v22.1) - https:\/\/yoast.com\/wordpress\/plugins\/seo\/ -->\n<title>RACORD DU\u0218 PENTRU BATERIE \u00ceNCASTRAT\u0102 INULA FD8-601-11 - Edyceramic - magazin online<\/title>\n<meta name=\"robots\" content=\"index, follow, max-snippet:-1, max-image-preview:large, max-video-preview:-1\" \/>\n<link rel=\"canonical\" href=\"https:\/\/edyceramic-shop.ro\/ro\/produs\/racord-dus-pentru-baterie-incastrata-inula-fd8-601-11\/\" \/>\n<meta property=\"og:locale\" content=\"ro_RO\" \/>\n<meta property=\"og:type\" content=\"article\" \/>\n<meta property=\"og:title\" content=\"RACORD DU\u0218 PENTRU BATERIE \u00ceNCASTRAT\u0102 INULA FD8-601-11\" \/>\n<meta property=\"og:description\" content=\"Coeren\u021ba stilistic\u0103 a interiorului b\u0103ii se realizeaz\u0103 prin acordarea unei aten\u021bii deosebite detaliilor. Racordul de du\u0219 cu suport INULA cu\" \/>\n<meta property=\"og:url\" content=\"https:\/\/edyceramic-shop.ro\/ro\/produs\/racord-dus-pentru-baterie-incastrata-inula-fd8-601-11\/\" \/>\n<meta property=\"og:site_name\" content=\"Edyceramic - magazin online\" \/>\n<meta property=\"article:modified_time\" content=\"2025-08-01T11:32:48+00:00\" \/>\n<meta property=\"og:image\" content=\"https:\/\/edyceramic-shop.ro\/wp-content\/uploads\/2024\/09\/FD8-601-11.webp\" \/>\n\t<meta property=\"og:image:width\" content=\"1200\" \/>\n\t<meta property=\"og:image:height\" content=\"799\" \/>\n\t<meta property=\"og:image:type\" content=\"image\/webp\" \/>\n<meta name=\"twitter:card\" content=\"summary_large_image\" \/>\n<meta name=\"twitter:label1\" content=\"Pre\u021b\" \/>\n\t<meta name=\"twitter:data1\" content=\"165,00&nbsp;lei\" \/>\n\t<meta name=\"twitter:label2\" content=\"Disponibilitate\" \/>\n\t<meta name=\"twitter:data2\" content=\"\u00cen stoc\" \/>\n<script type=\"application\/ld+json\" class=\"yoast-schema-graph\">{\"@context\":\"https:\/\/schema.org\",\"@graph\":[{\"@type\":\"WebPage\",\"@id\":\"https:\/\/edyceramic-shop.ro\/produs\/racord-dus-pentru-baterie-incastrata-inula-fd8-601-11\/\",\"url\":\"https:\/\/edyceramic-shop.ro\/produs\/racord-dus-pentru-baterie-incastrata-inula-fd8-601-11\/\",\"name\":\"RACORD DU\u0218 PENTRU BATERIE \u00ceNCASTRAT\u0102 INULA FD8-601-11 - Edyceramic - magazin online\",\"isPartOf\":{\"@id\":\"https:\/\/edyceramic-shop.ro\/ro\/#website\"},\"datePublished\":\"2024-09-22T20:30:29+00:00\",\"dateModified\":\"2025-08-01T11:32:48+00:00\",\"breadcrumb\":{\"@id\":\"https:\/\/edyceramic-shop.ro\/produs\/racord-dus-pentru-baterie-incastrata-inula-fd8-601-11\/#breadcrumb\"},\"inLanguage\":\"ro-RO\",\"potentialAction\":[{\"@type\":\"ReadAction\",\"target\":[\"https:\/\/edyceramic-shop.ro\/produs\/racord-dus-pentru-baterie-incastrata-inula-fd8-601-11\/\"]}]},{\"@type\":\"BreadcrumbList\",\"@id\":\"https:\/\/edyceramic-shop.ro\/produs\/racord-dus-pentru-baterie-incastrata-inula-fd8-601-11\/#breadcrumb\",\"itemListElement\":[{\"@type\":\"ListItem\",\"position\":1,\"name\":\"Home\",\"item\":\"https:\/\/edyceramic-shop.ro\/\"},{\"@type\":\"ListItem\",\"position\":2,\"name\":\"Shop\",\"item\":\"https:\/\/edyceramic-shop.ro\/ro\/shop\/\"},{\"@type\":\"ListItem\",\"position\":3,\"name\":\"RACORD DU\u0218 PENTRU BATERIE \u00ceNCASTRAT\u0102 INULA FD8-601-11\"}]},{\"@type\":\"WebSite\",\"@id\":\"https:\/\/edyceramic-shop.ro\/ro\/#website\",\"url\":\"https:\/\/edyceramic-shop.ro\/ro\/\",\"name\":\"edyceramic.ro\",\"description\":\"\",\"publisher\":{\"@id\":\"https:\/\/edyceramic-shop.ro\/ro\/#organization\"},\"potentialAction\":[{\"@type\":\"SearchAction\",\"target\":{\"@type\":\"EntryPoint\",\"urlTemplate\":\"https:\/\/edyceramic-shop.ro\/ro\/?s={search_term_string}\"},\"query-input\":\"required name=search_term_string\"}],\"inLanguage\":\"ro-RO\"},{\"@type\":\"Organization\",\"@id\":\"https:\/\/edyceramic-shop.ro\/ro\/#organization\",\"name\":\"Edyceramic\",\"url\":\"https:\/\/edyceramic-shop.ro\/ro\/\",\"logo\":{\"@type\":\"ImageObject\",\"inLanguage\":\"ro-RO\",\"@id\":\"https:\/\/edyceramic-shop.ro\/ro\/#\/schema\/logo\/image\/\",\"url\":\"https:\/\/edyceramic-shop.ro\/wp-content\/uploads\/2024\/02\/Logo-EdyCeramic_2021-lung.png\",\"contentUrl\":\"https:\/\/edyceramic-shop.ro\/wp-content\/uploads\/2024\/02\/Logo-EdyCeramic_2021-lung.png\",\"width\":4491,\"height\":769,\"caption\":\"Edyceramic\"},\"image\":{\"@id\":\"https:\/\/edyceramic-shop.ro\/ro\/#\/schema\/logo\/image\/\"}}]}<\/script>\n<meta property=\"product:price:amount\" content=\"165.00\" \/>\n<meta property=\"product:price:currency\" content=\"RON\" \/>\n<meta property=\"og:availability\" content=\"instock\" \/>\n<meta property=\"product:availability\" content=\"instock\" \/>\n<meta property=\"product:retailer_item_id\" content=\"9913ada8041b\" \/>\n<meta property=\"product:condition\" content=\"new\" \/>\n<!-- \/ Yoast SEO Premium plugin. -->","yoast_head_json":{"title":"RACORD DU\u0218 PENTRU BATERIE \u00ceNCASTRAT\u0102 INULA FD8-601-11 - Edyceramic - magazin online","robots":{"index":"index","follow":"follow","max-snippet":"max-snippet:-1","max-image-preview":"max-image-preview:large","max-video-preview":"max-video-preview:-1"},"canonical":"https:\/\/edyceramic-shop.ro\/ro\/produs\/racord-dus-pentru-baterie-incastrata-inula-fd8-601-11\/","og_locale":"ro_RO","og_type":"article","og_title":"RACORD DU\u0218 PENTRU BATERIE \u00ceNCASTRAT\u0102 INULA FD8-601-11","og_description":"Coeren\u021ba stilistic\u0103 a interiorului b\u0103ii se realizeaz\u0103 prin acordarea unei aten\u021bii deosebite detaliilor. Racordul de du\u0219 cu suport INULA cu","og_url":"https:\/\/edyceramic-shop.ro\/ro\/produs\/racord-dus-pentru-baterie-incastrata-inula-fd8-601-11\/","og_site_name":"Edyceramic - magazin online","article_modified_time":"2025-08-01T11:32:48+00:00","og_image":[{"width":1200,"height":799,"url":"https:\/\/edyceramic-shop.ro\/wp-content\/uploads\/2024\/09\/FD8-601-11.webp","type":"image\/webp"}],"twitter_card":"summary_large_image","twitter_misc":{"Pre\u021b":"165,00&nbsp;lei","Disponibilitate":"\u00cen stoc"},"schema":{"@context":"https:\/\/schema.org","@graph":[{"@type":"WebPage","@id":"https:\/\/edyceramic-shop.ro\/produs\/racord-dus-pentru-baterie-incastrata-inula-fd8-601-11\/","url":"https:\/\/edyceramic-shop.ro\/produs\/racord-dus-pentru-baterie-incastrata-inula-fd8-601-11\/","name":"RACORD DU\u0218 PENTRU BATERIE \u00ceNCASTRAT\u0102 INULA FD8-601-11 - Edyceramic - magazin online","isPartOf":{"@id":"https:\/\/edyceramic-shop.ro\/ro\/#website"},"datePublished":"2024-09-22T20:30:29+00:00","dateModified":"2025-08-01T11:32:48+00:00","breadcrumb":{"@id":"https:\/\/edyceramic-shop.ro\/produs\/racord-dus-pentru-baterie-incastrata-inula-fd8-601-11\/#breadcrumb"},"inLanguage":"ro-RO","potentialAction":[{"@type":"ReadAction","target":["https:\/\/edyceramic-shop.ro\/produs\/racord-dus-pentru-baterie-incastrata-inula-fd8-601-11\/"]}]},{"@type":"BreadcrumbList","@id":"https:\/\/edyceramic-shop.ro\/produs\/racord-dus-pentru-baterie-incastrata-inula-fd8-601-11\/#breadcrumb","itemListElement":[{"@type":"ListItem","position":1,"name":"Home","item":"https:\/\/edyceramic-shop.ro\/"},{"@type":"ListItem","position":2,"name":"Shop","item":"https:\/\/edyceramic-shop.ro\/ro\/shop\/"},{"@type":"ListItem","position":3,"name":"RACORD DU\u0218 PENTRU BATERIE \u00ceNCASTRAT\u0102 INULA FD8-601-11"}]},{"@type":"WebSite","@id":"https:\/\/edyceramic-shop.ro\/ro\/#website","url":"https:\/\/edyceramic-shop.ro\/ro\/","name":"edyceramic.ro","description":"","publisher":{"@id":"https:\/\/edyceramic-shop.ro\/ro\/#organization"},"potentialAction":[{"@type":"SearchAction","target":{"@type":"EntryPoint","urlTemplate":"https:\/\/edyceramic-shop.ro\/ro\/?s={search_term_string}"},"query-input":"required name=search_term_string"}],"inLanguage":"ro-RO"},{"@type":"Organization","@id":"https:\/\/edyceramic-shop.ro\/ro\/#organization","name":"Edyceramic","url":"https:\/\/edyceramic-shop.ro\/ro\/","logo":{"@type":"ImageObject","inLanguage":"ro-RO","@id":"https:\/\/edyceramic-shop.ro\/ro\/#\/schema\/logo\/image\/","url":"https:\/\/edyceramic-shop.ro\/wp-content\/uploads\/2024\/02\/Logo-EdyCeramic_2021-lung.png","contentUrl":"https:\/\/edyceramic-shop.ro\/wp-content\/uploads\/2024\/02\/Logo-EdyCeramic_2021-lung.png","width":4491,"height":769,"caption":"Edyceramic"},"image":{"@id":"https:\/\/edyceramic-shop.ro\/ro\/#\/schema\/logo\/image\/"}}]},"product_price_amount":"165.00","product_price_currency":"RON","og_availability":"instock","product_availability":"instock","product_retailer_item_id":"9913ada8041b","product_condition":"new"},"jetpack_sharing_enabled":true,"_links":{"self":[{"href":"https:\/\/edyceramic-shop.ro\/ro\/wp-json\/wp\/v2\/product\/7992","targetHints":{"allow":["GET"]}}],"collection":[{"href":"https:\/\/edyceramic-shop.ro\/ro\/wp-json\/wp\/v2\/product"}],"about":[{"href":"https:\/\/edyceramic-shop.ro\/ro\/wp-json\/wp\/v2\/types\/product"}],"version-history":[{"count":1,"href":"https:\/\/edyceramic-shop.ro\/ro\/wp-json\/wp\/v2\/product\/7992\/revisions"}],"predecessor-version":[{"id":18579,"href":"https:\/\/edyceramic-shop.ro\/ro\/wp-json\/wp\/v2\/product\/7992\/revisions\/18579"}],"wp:featuredmedia":[{"embeddable":true,"href":"https:\/\/edyceramic-shop.ro\/ro\/wp-json\/wp\/v2\/media\/18580"}],"wp:attachment":[{"href":"https:\/\/edyceramic-shop.ro\/ro\/wp-json\/wp\/v2\/media?parent=7992"}],"wp:term":[{"taxonomy":"product_brand","embeddable":true,"href":"https:\/\/edyceramic-shop.ro\/ro\/wp-json\/wp\/v2\/product_brand?post=7992"},{"taxonomy":"product_cat","embeddable":true,"href":"https:\/\/edyceramic-shop.ro\/ro\/wp-json\/wp\/v2\/product_cat?post=7992"},{"taxonomy":"product_tag","embeddable":true,"href":"https:\/\/edyceramic-shop.ro\/ro\/wp-json\/wp\/v2\/product_tag?post=7992"}],"curies":[{"name":"wp","href":"https:\/\/api.w.org\/{rel}","templated":true}]}}