{"id":7928,"date":"2024-09-22T20:28:55","date_gmt":"2024-09-22T20:28:55","guid":{"rendered":"https:\/\/edyceramic-shop.ro\/produs\/baterie-incastrata-dus-termostatata-stabilla-fd1-ts08-7pbox-11\/"},"modified":"2025-08-01T13:32:43","modified_gmt":"2025-08-01T11:32:43","slug":"baterie-incastrata-dus-termostatata-stabilla-fd1-ts08-7pbox-11","status":"publish","type":"product","link":"https:\/\/edyceramic-shop.ro\/ro\/produs\/baterie-incastrata-dus-termostatata-stabilla-fd1-ts08-7pbox-11\/","title":{"rendered":"BATERIE \u00ceNCASTRAT\u0102 DU\u0218 TERMOSTATAT\u0102 STABILLA FD1-TS08-7PBOX-11"},"content":{"rendered":"<p>Forma geometric\u0103, propor\u021bii excelente, linie u\u0219or rotunjit\u0103 &#8211; aceast\u0103 baterie de du\u0219 elegant\u0103, \u00eempreun\u0103 cu un du\u0219 asortat, va fi m\u00e2ndria oric\u0103rei zone de du\u0219 moderne. STABILLA este sinonim\u0103 cu designul \u0219i func\u021bionalitatea mereu la mod\u0103, permi\u021b\u00e2nd setarea precis\u0103 a unei temperaturi constante a apei pentru utilizator. Datorit\u0103 func\u021biei de blocare Safe Stop la 38\u00b0C, utilizatorul este protejat de o eventual\u0103 op\u0103rire accidental\u0103, garant\u00e2nd o baie relaxant\u0103 \u0219i sigur\u0103. Bateria du\u0219 \u00eencastrat\u0103 este o solu\u021bie excelent\u0103 pentru toat\u0103 lumea, \u00een special \u00een casele \u00een care locuiesc copii mici sau persoane v\u00e2rsnice. Este o propunere excelent\u0103 pentru persoanele care apreciaz\u0103 combinarea unei colec\u021bii de design atractive, confortul \u00een utilizare \u0219i valorile ecologice.<\/p>\n","protected":false},"excerpt":{"rendered":"<p>Forma geometric\u0103, propor\u021bii excelente, linie u\u0219or rotunjit\u0103 &#8211; aceast\u0103 baterie de du\u0219 elegant\u0103, \u00eempreun\u0103 cu un du\u0219 asortat, va fi<\/p>\n","protected":false},"featured_media":18491,"template":"","meta":[],"product_brand":[],"product_cat":[3502,366,334,371],"product_tag":[],"class_list":{"0":"post-7928","1":"product","2":"type-product","3":"status-publish","4":"has-post-thumbnail","6":"product_cat-baterii-fdesign","7":"product_cat-baterii-de-baie","8":"product_cat-sanitare","9":"product_cat-baterii-dus","10":"pa_colectie-stabilla","11":"pa_culoare-crom","12":"pa_fabrica-fdesign","13":"pa_garantie-7ani","14":"pa_material-alama","15":"pa_montaj-incastrat","17":"first","18":"instock","19":"purchasable","20":"product-type-simple"},"yoast_head":"<!-- This site is optimized with the Yoast SEO Premium plugin v21.6 (Yoast SEO v22.1) - https:\/\/yoast.com\/wordpress\/plugins\/seo\/ -->\n<title>BATERIE \u00ceNCASTRAT\u0102 DU\u0218 TERMOSTATAT\u0102 STABILLA FD1-TS08-7PBOX-11 - Edyceramic - magazin online<\/title>\n<meta name=\"robots\" content=\"index, follow, max-snippet:-1, max-image-preview:large, max-video-preview:-1\" \/>\n<link rel=\"canonical\" href=\"https:\/\/edyceramic-shop.ro\/ro\/produs\/baterie-incastrata-dus-termostatata-stabilla-fd1-ts08-7pbox-11\/\" \/>\n<meta property=\"og:locale\" content=\"ro_RO\" \/>\n<meta property=\"og:type\" content=\"article\" \/>\n<meta property=\"og:title\" content=\"BATERIE \u00ceNCASTRAT\u0102 DU\u0218 TERMOSTATAT\u0102 STABILLA FD1-TS08-7PBOX-11\" \/>\n<meta property=\"og:description\" content=\"Forma geometric\u0103, propor\u021bii excelente, linie u\u0219or rotunjit\u0103 &#8211; aceast\u0103 baterie de du\u0219 elegant\u0103, \u00eempreun\u0103 cu un du\u0219 asortat, va fi\" \/>\n<meta property=\"og:url\" content=\"https:\/\/edyceramic-shop.ro\/ro\/produs\/baterie-incastrata-dus-termostatata-stabilla-fd1-ts08-7pbox-11\/\" \/>\n<meta property=\"og:site_name\" content=\"Edyceramic - magazin online\" \/>\n<meta property=\"article:modified_time\" content=\"2025-08-01T11:32:43+00:00\" \/>\n<meta property=\"og:image\" content=\"https:\/\/edyceramic-shop.ro\/wp-content\/uploads\/2024\/09\/FD1-TS08-7PBOX-11.webp\" \/>\n\t<meta property=\"og:image:width\" content=\"1200\" \/>\n\t<meta property=\"og:image:height\" content=\"1732\" \/>\n\t<meta property=\"og:image:type\" content=\"image\/webp\" \/>\n<meta name=\"twitter:card\" content=\"summary_large_image\" \/>\n<meta name=\"twitter:label1\" content=\"Pre\u021b\" \/>\n\t<meta name=\"twitter:data1\" content=\"1.597,00&nbsp;lei\" \/>\n\t<meta name=\"twitter:label2\" content=\"Disponibilitate\" \/>\n\t<meta name=\"twitter:data2\" content=\"\u00cen stoc\" \/>\n<script type=\"application\/ld+json\" class=\"yoast-schema-graph\">{\"@context\":\"https:\/\/schema.org\",\"@graph\":[{\"@type\":\"WebPage\",\"@id\":\"https:\/\/edyceramic-shop.ro\/produs\/baterie-incastrata-dus-termostatata-stabilla-fd1-ts08-7pbox-11\/\",\"url\":\"https:\/\/edyceramic-shop.ro\/produs\/baterie-incastrata-dus-termostatata-stabilla-fd1-ts08-7pbox-11\/\",\"name\":\"BATERIE \u00ceNCASTRAT\u0102 DU\u0218 TERMOSTATAT\u0102 STABILLA FD1-TS08-7PBOX-11 - Edyceramic - magazin online\",\"isPartOf\":{\"@id\":\"https:\/\/edyceramic-shop.ro\/ro\/#website\"},\"datePublished\":\"2024-09-22T20:28:55+00:00\",\"dateModified\":\"2025-08-01T11:32:43+00:00\",\"breadcrumb\":{\"@id\":\"https:\/\/edyceramic-shop.ro\/produs\/baterie-incastrata-dus-termostatata-stabilla-fd1-ts08-7pbox-11\/#breadcrumb\"},\"inLanguage\":\"ro-RO\",\"potentialAction\":[{\"@type\":\"ReadAction\",\"target\":[\"https:\/\/edyceramic-shop.ro\/produs\/baterie-incastrata-dus-termostatata-stabilla-fd1-ts08-7pbox-11\/\"]}]},{\"@type\":\"BreadcrumbList\",\"@id\":\"https:\/\/edyceramic-shop.ro\/produs\/baterie-incastrata-dus-termostatata-stabilla-fd1-ts08-7pbox-11\/#breadcrumb\",\"itemListElement\":[{\"@type\":\"ListItem\",\"position\":1,\"name\":\"Home\",\"item\":\"https:\/\/edyceramic-shop.ro\/\"},{\"@type\":\"ListItem\",\"position\":2,\"name\":\"Shop\",\"item\":\"https:\/\/edyceramic-shop.ro\/ro\/shop\/\"},{\"@type\":\"ListItem\",\"position\":3,\"name\":\"BATERIE \u00ceNCASTRAT\u0102 DU\u0218 TERMOSTATAT\u0102 STABILLA FD1-TS08-7PBOX-11\"}]},{\"@type\":\"WebSite\",\"@id\":\"https:\/\/edyceramic-shop.ro\/ro\/#website\",\"url\":\"https:\/\/edyceramic-shop.ro\/ro\/\",\"name\":\"edyceramic.ro\",\"description\":\"\",\"publisher\":{\"@id\":\"https:\/\/edyceramic-shop.ro\/ro\/#organization\"},\"potentialAction\":[{\"@type\":\"SearchAction\",\"target\":{\"@type\":\"EntryPoint\",\"urlTemplate\":\"https:\/\/edyceramic-shop.ro\/ro\/?s={search_term_string}\"},\"query-input\":\"required name=search_term_string\"}],\"inLanguage\":\"ro-RO\"},{\"@type\":\"Organization\",\"@id\":\"https:\/\/edyceramic-shop.ro\/ro\/#organization\",\"name\":\"Edyceramic\",\"url\":\"https:\/\/edyceramic-shop.ro\/ro\/\",\"logo\":{\"@type\":\"ImageObject\",\"inLanguage\":\"ro-RO\",\"@id\":\"https:\/\/edyceramic-shop.ro\/ro\/#\/schema\/logo\/image\/\",\"url\":\"https:\/\/edyceramic-shop.ro\/wp-content\/uploads\/2024\/02\/Logo-EdyCeramic_2021-lung.png\",\"contentUrl\":\"https:\/\/edyceramic-shop.ro\/wp-content\/uploads\/2024\/02\/Logo-EdyCeramic_2021-lung.png\",\"width\":4491,\"height\":769,\"caption\":\"Edyceramic\"},\"image\":{\"@id\":\"https:\/\/edyceramic-shop.ro\/ro\/#\/schema\/logo\/image\/\"}}]}<\/script>\n<meta property=\"product:price:amount\" content=\"1597.00\" \/>\n<meta property=\"product:price:currency\" content=\"RON\" \/>\n<meta property=\"og:availability\" content=\"instock\" \/>\n<meta property=\"product:availability\" content=\"instock\" \/>\n<meta property=\"product:retailer_item_id\" content=\"96bf39cf20e8\" \/>\n<meta property=\"product:condition\" content=\"new\" \/>\n<!-- \/ Yoast SEO Premium plugin. -->","yoast_head_json":{"title":"BATERIE \u00ceNCASTRAT\u0102 DU\u0218 TERMOSTATAT\u0102 STABILLA FD1-TS08-7PBOX-11 - Edyceramic - magazin online","robots":{"index":"index","follow":"follow","max-snippet":"max-snippet:-1","max-image-preview":"max-image-preview:large","max-video-preview":"max-video-preview:-1"},"canonical":"https:\/\/edyceramic-shop.ro\/ro\/produs\/baterie-incastrata-dus-termostatata-stabilla-fd1-ts08-7pbox-11\/","og_locale":"ro_RO","og_type":"article","og_title":"BATERIE \u00ceNCASTRAT\u0102 DU\u0218 TERMOSTATAT\u0102 STABILLA FD1-TS08-7PBOX-11","og_description":"Forma geometric\u0103, propor\u021bii excelente, linie u\u0219or rotunjit\u0103 &#8211; aceast\u0103 baterie de du\u0219 elegant\u0103, \u00eempreun\u0103 cu un du\u0219 asortat, va fi","og_url":"https:\/\/edyceramic-shop.ro\/ro\/produs\/baterie-incastrata-dus-termostatata-stabilla-fd1-ts08-7pbox-11\/","og_site_name":"Edyceramic - magazin online","article_modified_time":"2025-08-01T11:32:43+00:00","og_image":[{"width":1200,"height":1732,"url":"https:\/\/edyceramic-shop.ro\/wp-content\/uploads\/2024\/09\/FD1-TS08-7PBOX-11.webp","type":"image\/webp"}],"twitter_card":"summary_large_image","twitter_misc":{"Pre\u021b":"1.597,00&nbsp;lei","Disponibilitate":"\u00cen stoc"},"schema":{"@context":"https:\/\/schema.org","@graph":[{"@type":"WebPage","@id":"https:\/\/edyceramic-shop.ro\/produs\/baterie-incastrata-dus-termostatata-stabilla-fd1-ts08-7pbox-11\/","url":"https:\/\/edyceramic-shop.ro\/produs\/baterie-incastrata-dus-termostatata-stabilla-fd1-ts08-7pbox-11\/","name":"BATERIE \u00ceNCASTRAT\u0102 DU\u0218 TERMOSTATAT\u0102 STABILLA FD1-TS08-7PBOX-11 - Edyceramic - magazin online","isPartOf":{"@id":"https:\/\/edyceramic-shop.ro\/ro\/#website"},"datePublished":"2024-09-22T20:28:55+00:00","dateModified":"2025-08-01T11:32:43+00:00","breadcrumb":{"@id":"https:\/\/edyceramic-shop.ro\/produs\/baterie-incastrata-dus-termostatata-stabilla-fd1-ts08-7pbox-11\/#breadcrumb"},"inLanguage":"ro-RO","potentialAction":[{"@type":"ReadAction","target":["https:\/\/edyceramic-shop.ro\/produs\/baterie-incastrata-dus-termostatata-stabilla-fd1-ts08-7pbox-11\/"]}]},{"@type":"BreadcrumbList","@id":"https:\/\/edyceramic-shop.ro\/produs\/baterie-incastrata-dus-termostatata-stabilla-fd1-ts08-7pbox-11\/#breadcrumb","itemListElement":[{"@type":"ListItem","position":1,"name":"Home","item":"https:\/\/edyceramic-shop.ro\/"},{"@type":"ListItem","position":2,"name":"Shop","item":"https:\/\/edyceramic-shop.ro\/ro\/shop\/"},{"@type":"ListItem","position":3,"name":"BATERIE \u00ceNCASTRAT\u0102 DU\u0218 TERMOSTATAT\u0102 STABILLA FD1-TS08-7PBOX-11"}]},{"@type":"WebSite","@id":"https:\/\/edyceramic-shop.ro\/ro\/#website","url":"https:\/\/edyceramic-shop.ro\/ro\/","name":"edyceramic.ro","description":"","publisher":{"@id":"https:\/\/edyceramic-shop.ro\/ro\/#organization"},"potentialAction":[{"@type":"SearchAction","target":{"@type":"EntryPoint","urlTemplate":"https:\/\/edyceramic-shop.ro\/ro\/?s={search_term_string}"},"query-input":"required name=search_term_string"}],"inLanguage":"ro-RO"},{"@type":"Organization","@id":"https:\/\/edyceramic-shop.ro\/ro\/#organization","name":"Edyceramic","url":"https:\/\/edyceramic-shop.ro\/ro\/","logo":{"@type":"ImageObject","inLanguage":"ro-RO","@id":"https:\/\/edyceramic-shop.ro\/ro\/#\/schema\/logo\/image\/","url":"https:\/\/edyceramic-shop.ro\/wp-content\/uploads\/2024\/02\/Logo-EdyCeramic_2021-lung.png","contentUrl":"https:\/\/edyceramic-shop.ro\/wp-content\/uploads\/2024\/02\/Logo-EdyCeramic_2021-lung.png","width":4491,"height":769,"caption":"Edyceramic"},"image":{"@id":"https:\/\/edyceramic-shop.ro\/ro\/#\/schema\/logo\/image\/"}}]},"product_price_amount":"1597.00","product_price_currency":"RON","og_availability":"instock","product_availability":"instock","product_retailer_item_id":"96bf39cf20e8","product_condition":"new"},"jetpack_sharing_enabled":true,"_links":{"self":[{"href":"https:\/\/edyceramic-shop.ro\/ro\/wp-json\/wp\/v2\/product\/7928","targetHints":{"allow":["GET"]}}],"collection":[{"href":"https:\/\/edyceramic-shop.ro\/ro\/wp-json\/wp\/v2\/product"}],"about":[{"href":"https:\/\/edyceramic-shop.ro\/ro\/wp-json\/wp\/v2\/types\/product"}],"version-history":[{"count":1,"href":"https:\/\/edyceramic-shop.ro\/ro\/wp-json\/wp\/v2\/product\/7928\/revisions"}],"predecessor-version":[{"id":18490,"href":"https:\/\/edyceramic-shop.ro\/ro\/wp-json\/wp\/v2\/product\/7928\/revisions\/18490"}],"wp:featuredmedia":[{"embeddable":true,"href":"https:\/\/edyceramic-shop.ro\/ro\/wp-json\/wp\/v2\/media\/18491"}],"wp:attachment":[{"href":"https:\/\/edyceramic-shop.ro\/ro\/wp-json\/wp\/v2\/media?parent=7928"}],"wp:term":[{"taxonomy":"product_brand","embeddable":true,"href":"https:\/\/edyceramic-shop.ro\/ro\/wp-json\/wp\/v2\/product_brand?post=7928"},{"taxonomy":"product_cat","embeddable":true,"href":"https:\/\/edyceramic-shop.ro\/ro\/wp-json\/wp\/v2\/product_cat?post=7928"},{"taxonomy":"product_tag","embeddable":true,"href":"https:\/\/edyceramic-shop.ro\/ro\/wp-json\/wp\/v2\/product_tag?post=7928"}],"curies":[{"name":"wp","href":"https:\/\/api.w.org\/{rel}","templated":true}]}}