{"id":7832,"date":"2024-09-22T20:27:18","date_gmt":"2024-09-22T20:27:18","guid":{"rendered":"https:\/\/edyceramic-shop.ro\/produs\/coloana-de-dus-cu-baterie-dus-lacrima-fd1-lra-7set-66\/"},"modified":"2025-08-01T13:32:37","modified_gmt":"2025-08-01T11:32:37","slug":"coloana-de-dus-cu-baterie-dus-lacrima-fd1-lra-7set-66","status":"publish","type":"product","link":"https:\/\/edyceramic-shop.ro\/ro\/produs\/coloana-de-dus-cu-baterie-dus-lacrima-fd1-lra-7set-66\/","title":{"rendered":"COLOAN\u0102 DE DU\u0218 CU BATERIE DU\u0218 LACRIMA FD1-LRA-7SET-66"},"content":{"rendered":"<p>Ordine, bun-gust, armonie &#8211; astfel putem defini o varietate a stilului clasic, adic\u0103 un stil englezesc definit de confort \u0219i elegan\u021b\u0103. \u00centr-o baie amenajat\u0103 \u00een acest spirit, va fi necesar\u0103 o cad\u0103 decorativ\u0103 cu o baterie \u00eenalt\u0103 freestanding. Dar pentru iubitorii de sc\u0103ldat \u00eentr-o ploaie toren\u021bial\u0103 binef\u0103c\u0103toare, recomand\u0103m completarea amenaj\u0103rii cu un set de du\u0219 func\u021bional LACRIMA format dintr-o baterie de du\u0219 cu manere decorative pentru ap\u0103 cald\u0103 \u0219i rece, un cap de du\u0219 cu efect de ploaie \u0219i un set de du\u0219 mobil. Linia de design elegant\u0103, detaliile din portelan \u0219i finisajul original din bronz anticat sunt o propunere pentru cei ce iubesc culoarea aurului vechi \u0219i interioarele exclusiviste cu un aer subtil al vremurilor vechi.<\/p>\n","protected":false},"excerpt":{"rendered":"<p>Ordine, bun-gust, armonie &#8211; astfel putem defini o varietate a stilului clasic, adic\u0103 un stil englezesc definit de confort \u0219i<\/p>\n","protected":false},"featured_media":18352,"template":"","meta":[],"product_brand":[],"product_cat":[3502,359,360,334],"product_tag":[],"class_list":{"0":"post-7832","1":"product","2":"type-product","3":"status-publish","4":"has-post-thumbnail","6":"product_cat-baterii-fdesign","7":"product_cat-sisteme-de-dus","8":"product_cat-coloane-de-dus","9":"product_cat-sanitare","10":"pa_colectie-lacrima","11":"pa_culoare-bronz","12":"pa_fabrica-fdesign","13":"pa_garantie-7ani","14":"pa_lungime-furtun-dus-1500mm","15":"pa_material-alama","16":"pa_montaj-pe-perete","18":"first","19":"instock","20":"purchasable","21":"product-type-simple"},"yoast_head":"<!-- This site is optimized with the Yoast SEO Premium plugin v21.6 (Yoast SEO v22.1) - https:\/\/yoast.com\/wordpress\/plugins\/seo\/ -->\n<title>COLOAN\u0102 DE DU\u0218 CU BATERIE DU\u0218 LACRIMA FD1-LRA-7SET-66 - Edyceramic - magazin online<\/title>\n<meta name=\"robots\" content=\"index, follow, max-snippet:-1, max-image-preview:large, max-video-preview:-1\" \/>\n<link rel=\"canonical\" href=\"https:\/\/edyceramic-shop.ro\/ro\/produs\/coloana-de-dus-cu-baterie-dus-lacrima-fd1-lra-7set-66\/\" \/>\n<meta property=\"og:locale\" content=\"ro_RO\" \/>\n<meta property=\"og:type\" content=\"article\" \/>\n<meta property=\"og:title\" content=\"COLOAN\u0102 DE DU\u0218 CU BATERIE DU\u0218 LACRIMA FD1-LRA-7SET-66\" \/>\n<meta property=\"og:description\" content=\"Ordine, bun-gust, armonie &#8211; astfel putem defini o varietate a stilului clasic, adic\u0103 un stil englezesc definit de confort \u0219i\" \/>\n<meta property=\"og:url\" content=\"https:\/\/edyceramic-shop.ro\/ro\/produs\/coloana-de-dus-cu-baterie-dus-lacrima-fd1-lra-7set-66\/\" \/>\n<meta property=\"og:site_name\" content=\"Edyceramic - magazin online\" \/>\n<meta property=\"article:modified_time\" content=\"2025-08-01T11:32:37+00:00\" \/>\n<meta property=\"og:image\" content=\"https:\/\/edyceramic-shop.ro\/wp-content\/uploads\/2024\/09\/FD1-LRA-7SET1-66-scaled.webp\" \/>\n\t<meta property=\"og:image:width\" content=\"808\" \/>\n\t<meta property=\"og:image:height\" content=\"2560\" \/>\n\t<meta property=\"og:image:type\" content=\"image\/webp\" \/>\n<meta name=\"twitter:card\" content=\"summary_large_image\" \/>\n<meta name=\"twitter:label1\" content=\"Pre\u021b\" \/>\n\t<meta name=\"twitter:data1\" content=\"3.204,00&nbsp;lei\" \/>\n\t<meta name=\"twitter:label2\" content=\"Disponibilitate\" \/>\n\t<meta name=\"twitter:data2\" content=\"\u00cen stoc\" \/>\n<script type=\"application\/ld+json\" class=\"yoast-schema-graph\">{\"@context\":\"https:\/\/schema.org\",\"@graph\":[{\"@type\":\"WebPage\",\"@id\":\"https:\/\/edyceramic-shop.ro\/produs\/coloana-de-dus-cu-baterie-dus-lacrima-fd1-lra-7set-66\/\",\"url\":\"https:\/\/edyceramic-shop.ro\/produs\/coloana-de-dus-cu-baterie-dus-lacrima-fd1-lra-7set-66\/\",\"name\":\"COLOAN\u0102 DE DU\u0218 CU BATERIE DU\u0218 LACRIMA FD1-LRA-7SET-66 - Edyceramic - magazin online\",\"isPartOf\":{\"@id\":\"https:\/\/edyceramic-shop.ro\/ro\/#website\"},\"datePublished\":\"2024-09-22T20:27:18+00:00\",\"dateModified\":\"2025-08-01T11:32:37+00:00\",\"breadcrumb\":{\"@id\":\"https:\/\/edyceramic-shop.ro\/produs\/coloana-de-dus-cu-baterie-dus-lacrima-fd1-lra-7set-66\/#breadcrumb\"},\"inLanguage\":\"ro-RO\",\"potentialAction\":[{\"@type\":\"ReadAction\",\"target\":[\"https:\/\/edyceramic-shop.ro\/produs\/coloana-de-dus-cu-baterie-dus-lacrima-fd1-lra-7set-66\/\"]}]},{\"@type\":\"BreadcrumbList\",\"@id\":\"https:\/\/edyceramic-shop.ro\/produs\/coloana-de-dus-cu-baterie-dus-lacrima-fd1-lra-7set-66\/#breadcrumb\",\"itemListElement\":[{\"@type\":\"ListItem\",\"position\":1,\"name\":\"Home\",\"item\":\"https:\/\/edyceramic-shop.ro\/\"},{\"@type\":\"ListItem\",\"position\":2,\"name\":\"Shop\",\"item\":\"https:\/\/edyceramic-shop.ro\/ro\/shop\/\"},{\"@type\":\"ListItem\",\"position\":3,\"name\":\"COLOAN\u0102 DE DU\u0218 CU BATERIE DU\u0218 LACRIMA FD1-LRA-7SET-66\"}]},{\"@type\":\"WebSite\",\"@id\":\"https:\/\/edyceramic-shop.ro\/ro\/#website\",\"url\":\"https:\/\/edyceramic-shop.ro\/ro\/\",\"name\":\"edyceramic.ro\",\"description\":\"\",\"publisher\":{\"@id\":\"https:\/\/edyceramic-shop.ro\/ro\/#organization\"},\"potentialAction\":[{\"@type\":\"SearchAction\",\"target\":{\"@type\":\"EntryPoint\",\"urlTemplate\":\"https:\/\/edyceramic-shop.ro\/ro\/?s={search_term_string}\"},\"query-input\":\"required name=search_term_string\"}],\"inLanguage\":\"ro-RO\"},{\"@type\":\"Organization\",\"@id\":\"https:\/\/edyceramic-shop.ro\/ro\/#organization\",\"name\":\"Edyceramic\",\"url\":\"https:\/\/edyceramic-shop.ro\/ro\/\",\"logo\":{\"@type\":\"ImageObject\",\"inLanguage\":\"ro-RO\",\"@id\":\"https:\/\/edyceramic-shop.ro\/ro\/#\/schema\/logo\/image\/\",\"url\":\"https:\/\/edyceramic-shop.ro\/wp-content\/uploads\/2024\/02\/Logo-EdyCeramic_2021-lung.png\",\"contentUrl\":\"https:\/\/edyceramic-shop.ro\/wp-content\/uploads\/2024\/02\/Logo-EdyCeramic_2021-lung.png\",\"width\":4491,\"height\":769,\"caption\":\"Edyceramic\"},\"image\":{\"@id\":\"https:\/\/edyceramic-shop.ro\/ro\/#\/schema\/logo\/image\/\"}}]}<\/script>\n<meta property=\"product:price:amount\" content=\"3204.00\" \/>\n<meta property=\"product:price:currency\" content=\"RON\" \/>\n<meta property=\"og:availability\" content=\"instock\" \/>\n<meta property=\"product:availability\" content=\"instock\" \/>\n<meta property=\"product:retailer_item_id\" content=\"00cdb088af9e\" \/>\n<meta property=\"product:condition\" content=\"new\" \/>\n<!-- \/ Yoast SEO Premium plugin. -->","yoast_head_json":{"title":"COLOAN\u0102 DE DU\u0218 CU BATERIE DU\u0218 LACRIMA FD1-LRA-7SET-66 - Edyceramic - magazin online","robots":{"index":"index","follow":"follow","max-snippet":"max-snippet:-1","max-image-preview":"max-image-preview:large","max-video-preview":"max-video-preview:-1"},"canonical":"https:\/\/edyceramic-shop.ro\/ro\/produs\/coloana-de-dus-cu-baterie-dus-lacrima-fd1-lra-7set-66\/","og_locale":"ro_RO","og_type":"article","og_title":"COLOAN\u0102 DE DU\u0218 CU BATERIE DU\u0218 LACRIMA FD1-LRA-7SET-66","og_description":"Ordine, bun-gust, armonie &#8211; astfel putem defini o varietate a stilului clasic, adic\u0103 un stil englezesc definit de confort \u0219i","og_url":"https:\/\/edyceramic-shop.ro\/ro\/produs\/coloana-de-dus-cu-baterie-dus-lacrima-fd1-lra-7set-66\/","og_site_name":"Edyceramic - magazin online","article_modified_time":"2025-08-01T11:32:37+00:00","og_image":[{"width":808,"height":2560,"url":"https:\/\/edyceramic-shop.ro\/wp-content\/uploads\/2024\/09\/FD1-LRA-7SET1-66-scaled.webp","type":"image\/webp"}],"twitter_card":"summary_large_image","twitter_misc":{"Pre\u021b":"3.204,00&nbsp;lei","Disponibilitate":"\u00cen stoc"},"schema":{"@context":"https:\/\/schema.org","@graph":[{"@type":"WebPage","@id":"https:\/\/edyceramic-shop.ro\/produs\/coloana-de-dus-cu-baterie-dus-lacrima-fd1-lra-7set-66\/","url":"https:\/\/edyceramic-shop.ro\/produs\/coloana-de-dus-cu-baterie-dus-lacrima-fd1-lra-7set-66\/","name":"COLOAN\u0102 DE DU\u0218 CU BATERIE DU\u0218 LACRIMA FD1-LRA-7SET-66 - Edyceramic - magazin online","isPartOf":{"@id":"https:\/\/edyceramic-shop.ro\/ro\/#website"},"datePublished":"2024-09-22T20:27:18+00:00","dateModified":"2025-08-01T11:32:37+00:00","breadcrumb":{"@id":"https:\/\/edyceramic-shop.ro\/produs\/coloana-de-dus-cu-baterie-dus-lacrima-fd1-lra-7set-66\/#breadcrumb"},"inLanguage":"ro-RO","potentialAction":[{"@type":"ReadAction","target":["https:\/\/edyceramic-shop.ro\/produs\/coloana-de-dus-cu-baterie-dus-lacrima-fd1-lra-7set-66\/"]}]},{"@type":"BreadcrumbList","@id":"https:\/\/edyceramic-shop.ro\/produs\/coloana-de-dus-cu-baterie-dus-lacrima-fd1-lra-7set-66\/#breadcrumb","itemListElement":[{"@type":"ListItem","position":1,"name":"Home","item":"https:\/\/edyceramic-shop.ro\/"},{"@type":"ListItem","position":2,"name":"Shop","item":"https:\/\/edyceramic-shop.ro\/ro\/shop\/"},{"@type":"ListItem","position":3,"name":"COLOAN\u0102 DE DU\u0218 CU BATERIE DU\u0218 LACRIMA FD1-LRA-7SET-66"}]},{"@type":"WebSite","@id":"https:\/\/edyceramic-shop.ro\/ro\/#website","url":"https:\/\/edyceramic-shop.ro\/ro\/","name":"edyceramic.ro","description":"","publisher":{"@id":"https:\/\/edyceramic-shop.ro\/ro\/#organization"},"potentialAction":[{"@type":"SearchAction","target":{"@type":"EntryPoint","urlTemplate":"https:\/\/edyceramic-shop.ro\/ro\/?s={search_term_string}"},"query-input":"required name=search_term_string"}],"inLanguage":"ro-RO"},{"@type":"Organization","@id":"https:\/\/edyceramic-shop.ro\/ro\/#organization","name":"Edyceramic","url":"https:\/\/edyceramic-shop.ro\/ro\/","logo":{"@type":"ImageObject","inLanguage":"ro-RO","@id":"https:\/\/edyceramic-shop.ro\/ro\/#\/schema\/logo\/image\/","url":"https:\/\/edyceramic-shop.ro\/wp-content\/uploads\/2024\/02\/Logo-EdyCeramic_2021-lung.png","contentUrl":"https:\/\/edyceramic-shop.ro\/wp-content\/uploads\/2024\/02\/Logo-EdyCeramic_2021-lung.png","width":4491,"height":769,"caption":"Edyceramic"},"image":{"@id":"https:\/\/edyceramic-shop.ro\/ro\/#\/schema\/logo\/image\/"}}]},"product_price_amount":"3204.00","product_price_currency":"RON","og_availability":"instock","product_availability":"instock","product_retailer_item_id":"00cdb088af9e","product_condition":"new"},"jetpack_sharing_enabled":true,"_links":{"self":[{"href":"https:\/\/edyceramic-shop.ro\/ro\/wp-json\/wp\/v2\/product\/7832","targetHints":{"allow":["GET"]}}],"collection":[{"href":"https:\/\/edyceramic-shop.ro\/ro\/wp-json\/wp\/v2\/product"}],"about":[{"href":"https:\/\/edyceramic-shop.ro\/ro\/wp-json\/wp\/v2\/types\/product"}],"version-history":[{"count":1,"href":"https:\/\/edyceramic-shop.ro\/ro\/wp-json\/wp\/v2\/product\/7832\/revisions"}],"predecessor-version":[{"id":18351,"href":"https:\/\/edyceramic-shop.ro\/ro\/wp-json\/wp\/v2\/product\/7832\/revisions\/18351"}],"wp:featuredmedia":[{"embeddable":true,"href":"https:\/\/edyceramic-shop.ro\/ro\/wp-json\/wp\/v2\/media\/18352"}],"wp:attachment":[{"href":"https:\/\/edyceramic-shop.ro\/ro\/wp-json\/wp\/v2\/media?parent=7832"}],"wp:term":[{"taxonomy":"product_brand","embeddable":true,"href":"https:\/\/edyceramic-shop.ro\/ro\/wp-json\/wp\/v2\/product_brand?post=7832"},{"taxonomy":"product_cat","embeddable":true,"href":"https:\/\/edyceramic-shop.ro\/ro\/wp-json\/wp\/v2\/product_cat?post=7832"},{"taxonomy":"product_tag","embeddable":true,"href":"https:\/\/edyceramic-shop.ro\/ro\/wp-json\/wp\/v2\/product_tag?post=7832"}],"curies":[{"name":"wp","href":"https:\/\/api.w.org\/{rel}","templated":true}]}}