{"id":7810,"date":"2024-09-22T20:26:26","date_gmt":"2024-09-22T20:26:26","guid":{"rendered":"https:\/\/edyceramic-shop.ro\/produs\/baterie-stativa-incastrata-cada-dus-lacrima-fd1-lra-11a-11\/"},"modified":"2025-08-01T13:32:35","modified_gmt":"2025-08-01T11:32:35","slug":"baterie-stativa-incastrata-cada-dus-lacrima-fd1-lra-11a-11","status":"publish","type":"product","link":"https:\/\/edyceramic-shop.ro\/ro\/produs\/baterie-stativa-incastrata-cada-dus-lacrima-fd1-lra-11a-11\/","title":{"rendered":"BATERIE STATIV\u0102 \u00ceNCASTRAT\u0102 CAD\u0102\/DU\u0218 LACRIMA FD1-LRA-11A-11"},"content":{"rendered":"<p>Retro se inspir\u0103 din glamourul francez sau stilul vintage. Interioarele elegante pline de str\u0103lucire \u0219i forme sofisticate, dar amenajate cu sensibilitate clasic\u0103, sunt \u00een vog\u0103. Acest lucru se aplic\u0103 \u0219i bateriilor \u0219i accesoriilor de baie care amintesc de vremuri de alt\u0103dat\u0103. Bateriile de baie cu patru orificii LACRIMA sunt ideale pentru o astfel de atmosfer\u0103. Instalat\u0103 pe marginea cazii sau l\u00e2ng\u0103 aceasta, va fi un element de decor cu adev\u0103rat deosebit. Detaliile sale decorative, cum ar fi rozetele, stilizate, pentru ap\u0103 cald\u0103 \u0219i rece sau m\u00e2nerul de du\u0219 care aminte\u0219te de un receptor de telefon de la \u00eenceputul secolului al XX-lea, \u00eei adaug\u0103 farmec. Bateria pentru cad\u0103 are un finisaj de crom lucios. Totodat\u0103, este disponibil\u0103 \u0219i \u00een variant\u0103 de bronz anticat.<\/p>\n","protected":false},"excerpt":{"rendered":"<p>Retro se inspir\u0103 din glamourul francez sau stilul vintage. Interioarele elegante pline de str\u0103lucire \u0219i forme sofisticate, dar amenajate cu<\/p>\n","protected":false},"featured_media":18318,"template":"","meta":[],"product_brand":[],"product_cat":[3502,368,366,334,371],"product_tag":[],"class_list":{"0":"post-7810","1":"product","2":"type-product","3":"status-publish","4":"has-post-thumbnail","6":"product_cat-baterii-fdesign","7":"product_cat-baterii-cada","8":"product_cat-baterii-de-baie","9":"product_cat-sanitare","10":"product_cat-baterii-dus","11":"pa_colectie-lacrima","12":"pa_culoare-crom","13":"pa_fabrica-fdesign","14":"pa_garantie-7ani","15":"pa_material-alama","16":"pa_montaj-incastrat","18":"first","19":"instock","20":"purchasable","21":"product-type-simple"},"yoast_head":"<!-- This site is optimized with the Yoast SEO Premium plugin v21.6 (Yoast SEO v22.1) - https:\/\/yoast.com\/wordpress\/plugins\/seo\/ -->\n<title>BATERIE STATIV\u0102 \u00ceNCASTRAT\u0102 CAD\u0102\/DU\u0218 LACRIMA FD1-LRA-11A-11 - Edyceramic - magazin online<\/title>\n<meta name=\"robots\" content=\"index, follow, max-snippet:-1, max-image-preview:large, max-video-preview:-1\" \/>\n<link rel=\"canonical\" href=\"https:\/\/edyceramic-shop.ro\/ro\/produs\/baterie-stativa-incastrata-cada-dus-lacrima-fd1-lra-11a-11\/\" \/>\n<meta property=\"og:locale\" content=\"ro_RO\" \/>\n<meta property=\"og:type\" content=\"article\" \/>\n<meta property=\"og:title\" content=\"BATERIE STATIV\u0102 \u00ceNCASTRAT\u0102 CAD\u0102\/DU\u0218 LACRIMA FD1-LRA-11A-11\" \/>\n<meta property=\"og:description\" content=\"Retro se inspir\u0103 din glamourul francez sau stilul vintage. Interioarele elegante pline de str\u0103lucire \u0219i forme sofisticate, dar amenajate cu\" \/>\n<meta property=\"og:url\" content=\"https:\/\/edyceramic-shop.ro\/ro\/produs\/baterie-stativa-incastrata-cada-dus-lacrima-fd1-lra-11a-11\/\" \/>\n<meta property=\"og:site_name\" content=\"Edyceramic - magazin online\" \/>\n<meta property=\"article:modified_time\" content=\"2025-08-01T11:32:35+00:00\" \/>\n<meta property=\"og:image\" content=\"https:\/\/edyceramic-shop.ro\/wp-content\/uploads\/2024\/09\/FD1-LRA-11A-111.webp\" \/>\n\t<meta property=\"og:image:width\" content=\"1200\" \/>\n\t<meta property=\"og:image:height\" content=\"800\" \/>\n\t<meta property=\"og:image:type\" content=\"image\/webp\" \/>\n<meta name=\"twitter:card\" content=\"summary_large_image\" \/>\n<meta name=\"twitter:label1\" content=\"Pre\u021b\" \/>\n\t<meta name=\"twitter:data1\" content=\"1.339,00&nbsp;lei\" \/>\n\t<meta name=\"twitter:label2\" content=\"Disponibilitate\" \/>\n\t<meta name=\"twitter:data2\" content=\"\u00cen stoc\" \/>\n<script type=\"application\/ld+json\" class=\"yoast-schema-graph\">{\"@context\":\"https:\/\/schema.org\",\"@graph\":[{\"@type\":\"WebPage\",\"@id\":\"https:\/\/edyceramic-shop.ro\/produs\/baterie-stativa-incastrata-cada-dus-lacrima-fd1-lra-11a-11\/\",\"url\":\"https:\/\/edyceramic-shop.ro\/produs\/baterie-stativa-incastrata-cada-dus-lacrima-fd1-lra-11a-11\/\",\"name\":\"BATERIE STATIV\u0102 \u00ceNCASTRAT\u0102 CAD\u0102\/DU\u0218 LACRIMA FD1-LRA-11A-11 - Edyceramic - magazin online\",\"isPartOf\":{\"@id\":\"https:\/\/edyceramic-shop.ro\/ro\/#website\"},\"datePublished\":\"2024-09-22T20:26:26+00:00\",\"dateModified\":\"2025-08-01T11:32:35+00:00\",\"breadcrumb\":{\"@id\":\"https:\/\/edyceramic-shop.ro\/produs\/baterie-stativa-incastrata-cada-dus-lacrima-fd1-lra-11a-11\/#breadcrumb\"},\"inLanguage\":\"ro-RO\",\"potentialAction\":[{\"@type\":\"ReadAction\",\"target\":[\"https:\/\/edyceramic-shop.ro\/produs\/baterie-stativa-incastrata-cada-dus-lacrima-fd1-lra-11a-11\/\"]}]},{\"@type\":\"BreadcrumbList\",\"@id\":\"https:\/\/edyceramic-shop.ro\/produs\/baterie-stativa-incastrata-cada-dus-lacrima-fd1-lra-11a-11\/#breadcrumb\",\"itemListElement\":[{\"@type\":\"ListItem\",\"position\":1,\"name\":\"Home\",\"item\":\"https:\/\/edyceramic-shop.ro\/\"},{\"@type\":\"ListItem\",\"position\":2,\"name\":\"Shop\",\"item\":\"https:\/\/edyceramic-shop.ro\/ro\/shop\/\"},{\"@type\":\"ListItem\",\"position\":3,\"name\":\"BATERIE STATIV\u0102 \u00ceNCASTRAT\u0102 CAD\u0102\/DU\u0218 LACRIMA FD1-LRA-11A-11\"}]},{\"@type\":\"WebSite\",\"@id\":\"https:\/\/edyceramic-shop.ro\/ro\/#website\",\"url\":\"https:\/\/edyceramic-shop.ro\/ro\/\",\"name\":\"edyceramic.ro\",\"description\":\"\",\"publisher\":{\"@id\":\"https:\/\/edyceramic-shop.ro\/ro\/#organization\"},\"potentialAction\":[{\"@type\":\"SearchAction\",\"target\":{\"@type\":\"EntryPoint\",\"urlTemplate\":\"https:\/\/edyceramic-shop.ro\/ro\/?s={search_term_string}\"},\"query-input\":\"required name=search_term_string\"}],\"inLanguage\":\"ro-RO\"},{\"@type\":\"Organization\",\"@id\":\"https:\/\/edyceramic-shop.ro\/ro\/#organization\",\"name\":\"Edyceramic\",\"url\":\"https:\/\/edyceramic-shop.ro\/ro\/\",\"logo\":{\"@type\":\"ImageObject\",\"inLanguage\":\"ro-RO\",\"@id\":\"https:\/\/edyceramic-shop.ro\/ro\/#\/schema\/logo\/image\/\",\"url\":\"https:\/\/edyceramic-shop.ro\/wp-content\/uploads\/2024\/02\/Logo-EdyCeramic_2021-lung.png\",\"contentUrl\":\"https:\/\/edyceramic-shop.ro\/wp-content\/uploads\/2024\/02\/Logo-EdyCeramic_2021-lung.png\",\"width\":4491,\"height\":769,\"caption\":\"Edyceramic\"},\"image\":{\"@id\":\"https:\/\/edyceramic-shop.ro\/ro\/#\/schema\/logo\/image\/\"}}]}<\/script>\n<meta property=\"product:price:amount\" content=\"1339.00\" \/>\n<meta property=\"product:price:currency\" content=\"RON\" \/>\n<meta property=\"og:availability\" content=\"instock\" \/>\n<meta property=\"product:availability\" content=\"instock\" \/>\n<meta property=\"product:retailer_item_id\" content=\"74eb63140a89\" \/>\n<meta property=\"product:condition\" content=\"new\" \/>\n<!-- \/ Yoast SEO Premium plugin. -->","yoast_head_json":{"title":"BATERIE STATIV\u0102 \u00ceNCASTRAT\u0102 CAD\u0102\/DU\u0218 LACRIMA FD1-LRA-11A-11 - Edyceramic - magazin online","robots":{"index":"index","follow":"follow","max-snippet":"max-snippet:-1","max-image-preview":"max-image-preview:large","max-video-preview":"max-video-preview:-1"},"canonical":"https:\/\/edyceramic-shop.ro\/ro\/produs\/baterie-stativa-incastrata-cada-dus-lacrima-fd1-lra-11a-11\/","og_locale":"ro_RO","og_type":"article","og_title":"BATERIE STATIV\u0102 \u00ceNCASTRAT\u0102 CAD\u0102\/DU\u0218 LACRIMA FD1-LRA-11A-11","og_description":"Retro se inspir\u0103 din glamourul francez sau stilul vintage. Interioarele elegante pline de str\u0103lucire \u0219i forme sofisticate, dar amenajate cu","og_url":"https:\/\/edyceramic-shop.ro\/ro\/produs\/baterie-stativa-incastrata-cada-dus-lacrima-fd1-lra-11a-11\/","og_site_name":"Edyceramic - magazin online","article_modified_time":"2025-08-01T11:32:35+00:00","og_image":[{"width":1200,"height":800,"url":"https:\/\/edyceramic-shop.ro\/wp-content\/uploads\/2024\/09\/FD1-LRA-11A-111.webp","type":"image\/webp"}],"twitter_card":"summary_large_image","twitter_misc":{"Pre\u021b":"1.339,00&nbsp;lei","Disponibilitate":"\u00cen stoc"},"schema":{"@context":"https:\/\/schema.org","@graph":[{"@type":"WebPage","@id":"https:\/\/edyceramic-shop.ro\/produs\/baterie-stativa-incastrata-cada-dus-lacrima-fd1-lra-11a-11\/","url":"https:\/\/edyceramic-shop.ro\/produs\/baterie-stativa-incastrata-cada-dus-lacrima-fd1-lra-11a-11\/","name":"BATERIE STATIV\u0102 \u00ceNCASTRAT\u0102 CAD\u0102\/DU\u0218 LACRIMA FD1-LRA-11A-11 - Edyceramic - magazin online","isPartOf":{"@id":"https:\/\/edyceramic-shop.ro\/ro\/#website"},"datePublished":"2024-09-22T20:26:26+00:00","dateModified":"2025-08-01T11:32:35+00:00","breadcrumb":{"@id":"https:\/\/edyceramic-shop.ro\/produs\/baterie-stativa-incastrata-cada-dus-lacrima-fd1-lra-11a-11\/#breadcrumb"},"inLanguage":"ro-RO","potentialAction":[{"@type":"ReadAction","target":["https:\/\/edyceramic-shop.ro\/produs\/baterie-stativa-incastrata-cada-dus-lacrima-fd1-lra-11a-11\/"]}]},{"@type":"BreadcrumbList","@id":"https:\/\/edyceramic-shop.ro\/produs\/baterie-stativa-incastrata-cada-dus-lacrima-fd1-lra-11a-11\/#breadcrumb","itemListElement":[{"@type":"ListItem","position":1,"name":"Home","item":"https:\/\/edyceramic-shop.ro\/"},{"@type":"ListItem","position":2,"name":"Shop","item":"https:\/\/edyceramic-shop.ro\/ro\/shop\/"},{"@type":"ListItem","position":3,"name":"BATERIE STATIV\u0102 \u00ceNCASTRAT\u0102 CAD\u0102\/DU\u0218 LACRIMA FD1-LRA-11A-11"}]},{"@type":"WebSite","@id":"https:\/\/edyceramic-shop.ro\/ro\/#website","url":"https:\/\/edyceramic-shop.ro\/ro\/","name":"edyceramic.ro","description":"","publisher":{"@id":"https:\/\/edyceramic-shop.ro\/ro\/#organization"},"potentialAction":[{"@type":"SearchAction","target":{"@type":"EntryPoint","urlTemplate":"https:\/\/edyceramic-shop.ro\/ro\/?s={search_term_string}"},"query-input":"required name=search_term_string"}],"inLanguage":"ro-RO"},{"@type":"Organization","@id":"https:\/\/edyceramic-shop.ro\/ro\/#organization","name":"Edyceramic","url":"https:\/\/edyceramic-shop.ro\/ro\/","logo":{"@type":"ImageObject","inLanguage":"ro-RO","@id":"https:\/\/edyceramic-shop.ro\/ro\/#\/schema\/logo\/image\/","url":"https:\/\/edyceramic-shop.ro\/wp-content\/uploads\/2024\/02\/Logo-EdyCeramic_2021-lung.png","contentUrl":"https:\/\/edyceramic-shop.ro\/wp-content\/uploads\/2024\/02\/Logo-EdyCeramic_2021-lung.png","width":4491,"height":769,"caption":"Edyceramic"},"image":{"@id":"https:\/\/edyceramic-shop.ro\/ro\/#\/schema\/logo\/image\/"}}]},"product_price_amount":"1339.00","product_price_currency":"RON","og_availability":"instock","product_availability":"instock","product_retailer_item_id":"74eb63140a89","product_condition":"new"},"jetpack_sharing_enabled":true,"_links":{"self":[{"href":"https:\/\/edyceramic-shop.ro\/ro\/wp-json\/wp\/v2\/product\/7810","targetHints":{"allow":["GET"]}}],"collection":[{"href":"https:\/\/edyceramic-shop.ro\/ro\/wp-json\/wp\/v2\/product"}],"about":[{"href":"https:\/\/edyceramic-shop.ro\/ro\/wp-json\/wp\/v2\/types\/product"}],"version-history":[{"count":1,"href":"https:\/\/edyceramic-shop.ro\/ro\/wp-json\/wp\/v2\/product\/7810\/revisions"}],"predecessor-version":[{"id":18317,"href":"https:\/\/edyceramic-shop.ro\/ro\/wp-json\/wp\/v2\/product\/7810\/revisions\/18317"}],"wp:featuredmedia":[{"embeddable":true,"href":"https:\/\/edyceramic-shop.ro\/ro\/wp-json\/wp\/v2\/media\/18318"}],"wp:attachment":[{"href":"https:\/\/edyceramic-shop.ro\/ro\/wp-json\/wp\/v2\/media?parent=7810"}],"wp:term":[{"taxonomy":"product_brand","embeddable":true,"href":"https:\/\/edyceramic-shop.ro\/ro\/wp-json\/wp\/v2\/product_brand?post=7810"},{"taxonomy":"product_cat","embeddable":true,"href":"https:\/\/edyceramic-shop.ro\/ro\/wp-json\/wp\/v2\/product_cat?post=7810"},{"taxonomy":"product_tag","embeddable":true,"href":"https:\/\/edyceramic-shop.ro\/ro\/wp-json\/wp\/v2\/product_tag?post=7810"}],"curies":[{"name":"wp","href":"https:\/\/api.w.org\/{rel}","templated":true}]}}