{"id":7792,"date":"2024-09-22T20:26:26","date_gmt":"2024-09-22T20:26:26","guid":{"rendered":"https:\/\/edyceramic-shop.ro\/produs\/sistem-dus-6-in-1-meandro-fd1-mdr-7pset2-11\/"},"modified":"2025-08-01T13:32:34","modified_gmt":"2025-08-01T11:32:34","slug":"sistem-dus-6-in-1-meandro-fd1-mdr-7pset2-11","status":"publish","type":"product","link":"https:\/\/edyceramic-shop.ro\/ro\/produs\/sistem-dus-6-in-1-meandro-fd1-mdr-7pset2-11\/","title":{"rendered":"SISTEM DU\u0218 6 \u00een 1 MEANDRO FD1-MDR-7PSET2-11"},"content":{"rendered":"<p>Sistemul de du\u0219 \u00eencastrat MEANDRO, cu finisaj lucios cromat, este o alegere elegant\u0103 \u0219i versatil\u0103 pentru baia ta. Fabricat din alam\u0103 sanitar\u0103 durabil\u0103, acest sistem pentru du\u0219 are un design minimalist \u0219i modern, perfect integrat \u00een stiluri diverse de amenajare. Echipat cu o manet\u0103 de control monocomand\u0103 \u0219i un divertor pentru schimbarea func\u021biilor, acest set du\u0219 asigur\u0103 o experien\u021b\u0103 de du\u0219 personalizat\u0103 \u0219i confortabil\u0103. Setul pentru du\u0219 include o par\u0103 de du\u0219 cu o func\u021bie \u0219i o p\u0103l\u0103rie de du\u0219 cu efect de ploaie, oferindu-v\u0103 un du\u0219 relaxant \u0219i revigorant. Cu un diametru al capului de du\u0219 de 300 mm \u0219i un bra\u021b de du\u0219 de 400 mm, acest set v\u0103 ofer\u0103 un flux generos de ap\u0103 \u0219i un control excelent al direc\u021biei jetului. Designul s\u0103u elegant \u0219i func\u021bionalitatea sa \u00eel fac perfect potrivit pentru o gam\u0103 variat\u0103 de b\u0103i moderne, indiferent de stilul de amenajare.<\/p>\n","protected":false},"excerpt":{"rendered":"<p>Sistemul de du\u0219 \u00eencastrat MEANDRO, cu finisaj lucios cromat, este o alegere elegant\u0103 \u0219i versatil\u0103 pentru baia ta. Fabricat din<\/p>\n","protected":false},"featured_media":18287,"template":"","meta":[],"product_brand":[],"product_cat":[3502,359,334],"product_tag":[],"class_list":{"0":"post-7792","1":"product","2":"type-product","3":"status-publish","4":"has-post-thumbnail","6":"product_cat-baterii-fdesign","7":"product_cat-sisteme-de-dus","8":"product_cat-sanitare","9":"pa_colectie-meandro","10":"pa_culoare-crom","11":"pa_fabrica-fdesign","12":"pa_garantie-7ani","13":"pa_material-alama","14":"pa_montaj-pe-perete","16":"first","17":"instock","18":"purchasable","19":"product-type-simple"},"yoast_head":"<!-- This site is optimized with the Yoast SEO Premium plugin v21.6 (Yoast SEO v22.1) - https:\/\/yoast.com\/wordpress\/plugins\/seo\/ -->\n<title>SISTEM DU\u0218 6 \u00een 1 MEANDRO FD1-MDR-7PSET2-11 - Edyceramic - magazin online<\/title>\n<meta name=\"robots\" content=\"index, follow, max-snippet:-1, max-image-preview:large, max-video-preview:-1\" \/>\n<link rel=\"canonical\" href=\"https:\/\/edyceramic-shop.ro\/ro\/produs\/sistem-dus-6-in-1-meandro-fd1-mdr-7pset2-11\/\" \/>\n<meta property=\"og:locale\" content=\"ro_RO\" \/>\n<meta property=\"og:type\" content=\"article\" \/>\n<meta property=\"og:title\" content=\"SISTEM DU\u0218 6 \u00een 1 MEANDRO FD1-MDR-7PSET2-11\" \/>\n<meta property=\"og:description\" content=\"Sistemul de du\u0219 \u00eencastrat MEANDRO, cu finisaj lucios cromat, este o alegere elegant\u0103 \u0219i versatil\u0103 pentru baia ta. Fabricat din\" \/>\n<meta property=\"og:url\" content=\"https:\/\/edyceramic-shop.ro\/ro\/produs\/sistem-dus-6-in-1-meandro-fd1-mdr-7pset2-11\/\" \/>\n<meta property=\"og:site_name\" content=\"Edyceramic - magazin online\" \/>\n<meta property=\"article:modified_time\" content=\"2025-08-01T11:32:34+00:00\" \/>\n<meta property=\"og:image\" content=\"https:\/\/edyceramic-shop.ro\/wp-content\/uploads\/2024\/09\/FD1-MDR-7PSET2-111.webp\" \/>\n\t<meta property=\"og:image:width\" content=\"1200\" \/>\n\t<meta property=\"og:image:height\" content=\"2157\" \/>\n\t<meta property=\"og:image:type\" content=\"image\/webp\" \/>\n<meta name=\"twitter:card\" content=\"summary_large_image\" \/>\n<meta name=\"twitter:label1\" content=\"Pre\u021b\" \/>\n\t<meta name=\"twitter:data1\" content=\"1.957,00&nbsp;lei\" \/>\n\t<meta name=\"twitter:label2\" content=\"Disponibilitate\" \/>\n\t<meta name=\"twitter:data2\" content=\"\u00cen stoc\" \/>\n<script type=\"application\/ld+json\" class=\"yoast-schema-graph\">{\"@context\":\"https:\/\/schema.org\",\"@graph\":[{\"@type\":\"WebPage\",\"@id\":\"https:\/\/edyceramic-shop.ro\/produs\/sistem-dus-6-in-1-meandro-fd1-mdr-7pset2-11\/\",\"url\":\"https:\/\/edyceramic-shop.ro\/produs\/sistem-dus-6-in-1-meandro-fd1-mdr-7pset2-11\/\",\"name\":\"SISTEM DU\u0218 6 \u00een 1 MEANDRO FD1-MDR-7PSET2-11 - Edyceramic - magazin online\",\"isPartOf\":{\"@id\":\"https:\/\/edyceramic-shop.ro\/ro\/#website\"},\"datePublished\":\"2024-09-22T20:26:26+00:00\",\"dateModified\":\"2025-08-01T11:32:34+00:00\",\"breadcrumb\":{\"@id\":\"https:\/\/edyceramic-shop.ro\/produs\/sistem-dus-6-in-1-meandro-fd1-mdr-7pset2-11\/#breadcrumb\"},\"inLanguage\":\"ro-RO\",\"potentialAction\":[{\"@type\":\"ReadAction\",\"target\":[\"https:\/\/edyceramic-shop.ro\/produs\/sistem-dus-6-in-1-meandro-fd1-mdr-7pset2-11\/\"]}]},{\"@type\":\"BreadcrumbList\",\"@id\":\"https:\/\/edyceramic-shop.ro\/produs\/sistem-dus-6-in-1-meandro-fd1-mdr-7pset2-11\/#breadcrumb\",\"itemListElement\":[{\"@type\":\"ListItem\",\"position\":1,\"name\":\"Home\",\"item\":\"https:\/\/edyceramic-shop.ro\/\"},{\"@type\":\"ListItem\",\"position\":2,\"name\":\"Shop\",\"item\":\"https:\/\/edyceramic-shop.ro\/ro\/shop\/\"},{\"@type\":\"ListItem\",\"position\":3,\"name\":\"SISTEM DU\u0218 6 \u00een 1 MEANDRO FD1-MDR-7PSET2-11\"}]},{\"@type\":\"WebSite\",\"@id\":\"https:\/\/edyceramic-shop.ro\/ro\/#website\",\"url\":\"https:\/\/edyceramic-shop.ro\/ro\/\",\"name\":\"edyceramic.ro\",\"description\":\"\",\"publisher\":{\"@id\":\"https:\/\/edyceramic-shop.ro\/ro\/#organization\"},\"potentialAction\":[{\"@type\":\"SearchAction\",\"target\":{\"@type\":\"EntryPoint\",\"urlTemplate\":\"https:\/\/edyceramic-shop.ro\/ro\/?s={search_term_string}\"},\"query-input\":\"required name=search_term_string\"}],\"inLanguage\":\"ro-RO\"},{\"@type\":\"Organization\",\"@id\":\"https:\/\/edyceramic-shop.ro\/ro\/#organization\",\"name\":\"Edyceramic\",\"url\":\"https:\/\/edyceramic-shop.ro\/ro\/\",\"logo\":{\"@type\":\"ImageObject\",\"inLanguage\":\"ro-RO\",\"@id\":\"https:\/\/edyceramic-shop.ro\/ro\/#\/schema\/logo\/image\/\",\"url\":\"https:\/\/edyceramic-shop.ro\/wp-content\/uploads\/2024\/02\/Logo-EdyCeramic_2021-lung.png\",\"contentUrl\":\"https:\/\/edyceramic-shop.ro\/wp-content\/uploads\/2024\/02\/Logo-EdyCeramic_2021-lung.png\",\"width\":4491,\"height\":769,\"caption\":\"Edyceramic\"},\"image\":{\"@id\":\"https:\/\/edyceramic-shop.ro\/ro\/#\/schema\/logo\/image\/\"}}]}<\/script>\n<meta property=\"product:price:amount\" content=\"1957.00\" \/>\n<meta property=\"product:price:currency\" content=\"RON\" \/>\n<meta property=\"og:availability\" content=\"instock\" \/>\n<meta property=\"product:availability\" content=\"instock\" \/>\n<meta property=\"product:retailer_item_id\" content=\"2cdc9034f1d0\" \/>\n<meta property=\"product:condition\" content=\"new\" \/>\n<!-- \/ Yoast SEO Premium plugin. -->","yoast_head_json":{"title":"SISTEM DU\u0218 6 \u00een 1 MEANDRO FD1-MDR-7PSET2-11 - Edyceramic - magazin online","robots":{"index":"index","follow":"follow","max-snippet":"max-snippet:-1","max-image-preview":"max-image-preview:large","max-video-preview":"max-video-preview:-1"},"canonical":"https:\/\/edyceramic-shop.ro\/ro\/produs\/sistem-dus-6-in-1-meandro-fd1-mdr-7pset2-11\/","og_locale":"ro_RO","og_type":"article","og_title":"SISTEM DU\u0218 6 \u00een 1 MEANDRO FD1-MDR-7PSET2-11","og_description":"Sistemul de du\u0219 \u00eencastrat MEANDRO, cu finisaj lucios cromat, este o alegere elegant\u0103 \u0219i versatil\u0103 pentru baia ta. Fabricat din","og_url":"https:\/\/edyceramic-shop.ro\/ro\/produs\/sistem-dus-6-in-1-meandro-fd1-mdr-7pset2-11\/","og_site_name":"Edyceramic - magazin online","article_modified_time":"2025-08-01T11:32:34+00:00","og_image":[{"width":1200,"height":2157,"url":"https:\/\/edyceramic-shop.ro\/wp-content\/uploads\/2024\/09\/FD1-MDR-7PSET2-111.webp","type":"image\/webp"}],"twitter_card":"summary_large_image","twitter_misc":{"Pre\u021b":"1.957,00&nbsp;lei","Disponibilitate":"\u00cen stoc"},"schema":{"@context":"https:\/\/schema.org","@graph":[{"@type":"WebPage","@id":"https:\/\/edyceramic-shop.ro\/produs\/sistem-dus-6-in-1-meandro-fd1-mdr-7pset2-11\/","url":"https:\/\/edyceramic-shop.ro\/produs\/sistem-dus-6-in-1-meandro-fd1-mdr-7pset2-11\/","name":"SISTEM DU\u0218 6 \u00een 1 MEANDRO FD1-MDR-7PSET2-11 - Edyceramic - magazin online","isPartOf":{"@id":"https:\/\/edyceramic-shop.ro\/ro\/#website"},"datePublished":"2024-09-22T20:26:26+00:00","dateModified":"2025-08-01T11:32:34+00:00","breadcrumb":{"@id":"https:\/\/edyceramic-shop.ro\/produs\/sistem-dus-6-in-1-meandro-fd1-mdr-7pset2-11\/#breadcrumb"},"inLanguage":"ro-RO","potentialAction":[{"@type":"ReadAction","target":["https:\/\/edyceramic-shop.ro\/produs\/sistem-dus-6-in-1-meandro-fd1-mdr-7pset2-11\/"]}]},{"@type":"BreadcrumbList","@id":"https:\/\/edyceramic-shop.ro\/produs\/sistem-dus-6-in-1-meandro-fd1-mdr-7pset2-11\/#breadcrumb","itemListElement":[{"@type":"ListItem","position":1,"name":"Home","item":"https:\/\/edyceramic-shop.ro\/"},{"@type":"ListItem","position":2,"name":"Shop","item":"https:\/\/edyceramic-shop.ro\/ro\/shop\/"},{"@type":"ListItem","position":3,"name":"SISTEM DU\u0218 6 \u00een 1 MEANDRO FD1-MDR-7PSET2-11"}]},{"@type":"WebSite","@id":"https:\/\/edyceramic-shop.ro\/ro\/#website","url":"https:\/\/edyceramic-shop.ro\/ro\/","name":"edyceramic.ro","description":"","publisher":{"@id":"https:\/\/edyceramic-shop.ro\/ro\/#organization"},"potentialAction":[{"@type":"SearchAction","target":{"@type":"EntryPoint","urlTemplate":"https:\/\/edyceramic-shop.ro\/ro\/?s={search_term_string}"},"query-input":"required name=search_term_string"}],"inLanguage":"ro-RO"},{"@type":"Organization","@id":"https:\/\/edyceramic-shop.ro\/ro\/#organization","name":"Edyceramic","url":"https:\/\/edyceramic-shop.ro\/ro\/","logo":{"@type":"ImageObject","inLanguage":"ro-RO","@id":"https:\/\/edyceramic-shop.ro\/ro\/#\/schema\/logo\/image\/","url":"https:\/\/edyceramic-shop.ro\/wp-content\/uploads\/2024\/02\/Logo-EdyCeramic_2021-lung.png","contentUrl":"https:\/\/edyceramic-shop.ro\/wp-content\/uploads\/2024\/02\/Logo-EdyCeramic_2021-lung.png","width":4491,"height":769,"caption":"Edyceramic"},"image":{"@id":"https:\/\/edyceramic-shop.ro\/ro\/#\/schema\/logo\/image\/"}}]},"product_price_amount":"1957.00","product_price_currency":"RON","og_availability":"instock","product_availability":"instock","product_retailer_item_id":"2cdc9034f1d0","product_condition":"new"},"jetpack_sharing_enabled":true,"_links":{"self":[{"href":"https:\/\/edyceramic-shop.ro\/ro\/wp-json\/wp\/v2\/product\/7792","targetHints":{"allow":["GET"]}}],"collection":[{"href":"https:\/\/edyceramic-shop.ro\/ro\/wp-json\/wp\/v2\/product"}],"about":[{"href":"https:\/\/edyceramic-shop.ro\/ro\/wp-json\/wp\/v2\/types\/product"}],"version-history":[{"count":1,"href":"https:\/\/edyceramic-shop.ro\/ro\/wp-json\/wp\/v2\/product\/7792\/revisions"}],"predecessor-version":[{"id":18286,"href":"https:\/\/edyceramic-shop.ro\/ro\/wp-json\/wp\/v2\/product\/7792\/revisions\/18286"}],"wp:featuredmedia":[{"embeddable":true,"href":"https:\/\/edyceramic-shop.ro\/ro\/wp-json\/wp\/v2\/media\/18287"}],"wp:attachment":[{"href":"https:\/\/edyceramic-shop.ro\/ro\/wp-json\/wp\/v2\/media?parent=7792"}],"wp:term":[{"taxonomy":"product_brand","embeddable":true,"href":"https:\/\/edyceramic-shop.ro\/ro\/wp-json\/wp\/v2\/product_brand?post=7792"},{"taxonomy":"product_cat","embeddable":true,"href":"https:\/\/edyceramic-shop.ro\/ro\/wp-json\/wp\/v2\/product_cat?post=7792"},{"taxonomy":"product_tag","embeddable":true,"href":"https:\/\/edyceramic-shop.ro\/ro\/wp-json\/wp\/v2\/product_tag?post=7792"}],"curies":[{"name":"wp","href":"https:\/\/api.w.org\/{rel}","templated":true}]}}