{"id":7776,"date":"2024-09-22T20:26:26","date_gmt":"2024-09-22T20:26:26","guid":{"rendered":"https:\/\/edyceramic-shop.ro\/produs\/baterie-stativa-lavoar-meandro-fd1-mdr-2-11\/"},"modified":"2025-08-01T13:32:33","modified_gmt":"2025-08-01T11:32:33","slug":"baterie-stativa-lavoar-meandro-fd1-mdr-2-11","status":"publish","type":"product","link":"https:\/\/edyceramic-shop.ro\/ro\/produs\/baterie-stativa-lavoar-meandro-fd1-mdr-2-11\/","title":{"rendered":"BATERIE STATIV\u0102 LAVOAR MEANDRO FD1-MDR-2-11"},"content":{"rendered":"<p>Descoper\u0103 esen\u021ba colec\u021biei MEANDRO, unde elegan\u021ba se \u00eent\u00e2lne\u0219te cu func\u021bionalitatea \u00eentr-un mod uimitor. Bateria pentru lavoar MEANDRO impresioneaz\u0103 prin forma sa fluid\u0103, care nu numai c\u0103 confer\u0103 un aspect elegant, dar asigur\u0103 \u0219i o experien\u021b\u0103 ergonomic\u0103 deosebit\u0103. Fiecare detaliu este meticulos proiectat pentru a oferi confort \u0219i u\u0219urin\u021b\u0103 \u00een utilizare. M\u00e2nerul \u00een form\u0103 de joystick, subtil integrat \u00een designul s\u0103u rafinat, \u00ee\u021bi permite s\u0103 controlezi fluxul de ap\u0103 cu o precizie remarcabil\u0103. Pipa, cu linii perfect conturate, \u00eendreapt\u0103 apa cu precizie, prevenind stropirea \u0219i aduc\u00e2nd un plus de eficien\u021b\u0103 \u00een utilizare. Fiecare aspect, inclusiv micul element de pe m\u00e2ner, este conceput pentru a \u00eembun\u0103t\u0103\u021bi aderen\u021ba \u0219i manevrabilitatea. Cu un finisaj elegant cromat, aceast\u0103 baterie se integreaz\u0103 armonios at\u00e2t \u00een b\u0103ile clasice, c\u00e2t \u0219i \u00een cele moderne, aduc\u00e2nd un strop de rafinament \u0219i lux \u00een fiecare spa\u021biu.<\/p>\n","protected":false},"excerpt":{"rendered":"<p>Descoper\u0103 esen\u021ba colec\u021biei MEANDRO, unde elegan\u021ba se \u00eent\u00e2lne\u0219te cu func\u021bionalitatea \u00eentr-un mod uimitor. Bateria pentru lavoar MEANDRO impresioneaz\u0103 prin forma<\/p>\n","protected":false},"featured_media":18261,"template":"","meta":[],"product_brand":[],"product_cat":[3502,367,366,334],"product_tag":[],"class_list":{"0":"post-7776","1":"product","2":"type-product","3":"status-publish","4":"has-post-thumbnail","6":"product_cat-baterii-fdesign","7":"product_cat-baterii-lavoar","8":"product_cat-baterii-de-baie","9":"product_cat-sanitare","10":"pa_colectie-meandro","11":"pa_culoare-crom","12":"pa_dimensiune-225mm","13":"pa_fabrica-fdesign","14":"pa_garantie-7ani","15":"pa_material-alama","16":"pa_montaj-pe-lavoar","18":"first","19":"instock","20":"purchasable","21":"product-type-simple"},"yoast_head":"<!-- This site is optimized with the Yoast SEO Premium plugin v21.6 (Yoast SEO v22.1) - https:\/\/yoast.com\/wordpress\/plugins\/seo\/ -->\n<title>BATERIE STATIV\u0102 LAVOAR MEANDRO FD1-MDR-2-11 - Edyceramic - magazin online<\/title>\n<meta name=\"robots\" content=\"index, follow, max-snippet:-1, max-image-preview:large, max-video-preview:-1\" \/>\n<link rel=\"canonical\" href=\"https:\/\/edyceramic-shop.ro\/ro\/produs\/baterie-stativa-lavoar-meandro-fd1-mdr-2-11\/\" \/>\n<meta property=\"og:locale\" content=\"ro_RO\" \/>\n<meta property=\"og:type\" content=\"article\" \/>\n<meta property=\"og:title\" content=\"BATERIE STATIV\u0102 LAVOAR MEANDRO FD1-MDR-2-11\" \/>\n<meta property=\"og:description\" content=\"Descoper\u0103 esen\u021ba colec\u021biei MEANDRO, unde elegan\u021ba se \u00eent\u00e2lne\u0219te cu func\u021bionalitatea \u00eentr-un mod uimitor. Bateria pentru lavoar MEANDRO impresioneaz\u0103 prin forma\" \/>\n<meta property=\"og:url\" content=\"https:\/\/edyceramic-shop.ro\/ro\/produs\/baterie-stativa-lavoar-meandro-fd1-mdr-2-11\/\" \/>\n<meta property=\"og:site_name\" content=\"Edyceramic - magazin online\" \/>\n<meta property=\"article:modified_time\" content=\"2025-08-01T11:32:33+00:00\" \/>\n<meta property=\"og:image\" content=\"https:\/\/edyceramic-shop.ro\/wp-content\/uploads\/2024\/09\/FD1-MDR-2-11.webp\" \/>\n\t<meta property=\"og:image:width\" content=\"708\" \/>\n\t<meta property=\"og:image:height\" content=\"1064\" \/>\n\t<meta property=\"og:image:type\" content=\"image\/webp\" \/>\n<meta name=\"twitter:card\" content=\"summary_large_image\" \/>\n<meta name=\"twitter:label1\" content=\"Pre\u021b\" \/>\n\t<meta name=\"twitter:data1\" content=\"567,00&nbsp;lei\" \/>\n\t<meta name=\"twitter:label2\" content=\"Disponibilitate\" \/>\n\t<meta name=\"twitter:data2\" content=\"\u00cen stoc\" \/>\n<script type=\"application\/ld+json\" class=\"yoast-schema-graph\">{\"@context\":\"https:\/\/schema.org\",\"@graph\":[{\"@type\":\"WebPage\",\"@id\":\"https:\/\/edyceramic-shop.ro\/produs\/baterie-stativa-lavoar-meandro-fd1-mdr-2-11\/\",\"url\":\"https:\/\/edyceramic-shop.ro\/produs\/baterie-stativa-lavoar-meandro-fd1-mdr-2-11\/\",\"name\":\"BATERIE STATIV\u0102 LAVOAR MEANDRO FD1-MDR-2-11 - Edyceramic - magazin online\",\"isPartOf\":{\"@id\":\"https:\/\/edyceramic-shop.ro\/ro\/#website\"},\"datePublished\":\"2024-09-22T20:26:26+00:00\",\"dateModified\":\"2025-08-01T11:32:33+00:00\",\"breadcrumb\":{\"@id\":\"https:\/\/edyceramic-shop.ro\/produs\/baterie-stativa-lavoar-meandro-fd1-mdr-2-11\/#breadcrumb\"},\"inLanguage\":\"ro-RO\",\"potentialAction\":[{\"@type\":\"ReadAction\",\"target\":[\"https:\/\/edyceramic-shop.ro\/produs\/baterie-stativa-lavoar-meandro-fd1-mdr-2-11\/\"]}]},{\"@type\":\"BreadcrumbList\",\"@id\":\"https:\/\/edyceramic-shop.ro\/produs\/baterie-stativa-lavoar-meandro-fd1-mdr-2-11\/#breadcrumb\",\"itemListElement\":[{\"@type\":\"ListItem\",\"position\":1,\"name\":\"Home\",\"item\":\"https:\/\/edyceramic-shop.ro\/\"},{\"@type\":\"ListItem\",\"position\":2,\"name\":\"Shop\",\"item\":\"https:\/\/edyceramic-shop.ro\/ro\/shop\/\"},{\"@type\":\"ListItem\",\"position\":3,\"name\":\"BATERIE STATIV\u0102 LAVOAR MEANDRO FD1-MDR-2-11\"}]},{\"@type\":\"WebSite\",\"@id\":\"https:\/\/edyceramic-shop.ro\/ro\/#website\",\"url\":\"https:\/\/edyceramic-shop.ro\/ro\/\",\"name\":\"edyceramic.ro\",\"description\":\"\",\"publisher\":{\"@id\":\"https:\/\/edyceramic-shop.ro\/ro\/#organization\"},\"potentialAction\":[{\"@type\":\"SearchAction\",\"target\":{\"@type\":\"EntryPoint\",\"urlTemplate\":\"https:\/\/edyceramic-shop.ro\/ro\/?s={search_term_string}\"},\"query-input\":\"required name=search_term_string\"}],\"inLanguage\":\"ro-RO\"},{\"@type\":\"Organization\",\"@id\":\"https:\/\/edyceramic-shop.ro\/ro\/#organization\",\"name\":\"Edyceramic\",\"url\":\"https:\/\/edyceramic-shop.ro\/ro\/\",\"logo\":{\"@type\":\"ImageObject\",\"inLanguage\":\"ro-RO\",\"@id\":\"https:\/\/edyceramic-shop.ro\/ro\/#\/schema\/logo\/image\/\",\"url\":\"https:\/\/edyceramic-shop.ro\/wp-content\/uploads\/2024\/02\/Logo-EdyCeramic_2021-lung.png\",\"contentUrl\":\"https:\/\/edyceramic-shop.ro\/wp-content\/uploads\/2024\/02\/Logo-EdyCeramic_2021-lung.png\",\"width\":4491,\"height\":769,\"caption\":\"Edyceramic\"},\"image\":{\"@id\":\"https:\/\/edyceramic-shop.ro\/ro\/#\/schema\/logo\/image\/\"}}]}<\/script>\n<meta property=\"product:price:amount\" content=\"567.00\" \/>\n<meta property=\"product:price:currency\" content=\"RON\" \/>\n<meta property=\"og:availability\" content=\"instock\" \/>\n<meta property=\"product:availability\" content=\"instock\" \/>\n<meta property=\"product:retailer_item_id\" content=\"6cb696a4448b\" \/>\n<meta property=\"product:condition\" content=\"new\" \/>\n<!-- \/ Yoast SEO Premium plugin. -->","yoast_head_json":{"title":"BATERIE STATIV\u0102 LAVOAR MEANDRO FD1-MDR-2-11 - Edyceramic - magazin online","robots":{"index":"index","follow":"follow","max-snippet":"max-snippet:-1","max-image-preview":"max-image-preview:large","max-video-preview":"max-video-preview:-1"},"canonical":"https:\/\/edyceramic-shop.ro\/ro\/produs\/baterie-stativa-lavoar-meandro-fd1-mdr-2-11\/","og_locale":"ro_RO","og_type":"article","og_title":"BATERIE STATIV\u0102 LAVOAR MEANDRO FD1-MDR-2-11","og_description":"Descoper\u0103 esen\u021ba colec\u021biei MEANDRO, unde elegan\u021ba se \u00eent\u00e2lne\u0219te cu func\u021bionalitatea \u00eentr-un mod uimitor. Bateria pentru lavoar MEANDRO impresioneaz\u0103 prin forma","og_url":"https:\/\/edyceramic-shop.ro\/ro\/produs\/baterie-stativa-lavoar-meandro-fd1-mdr-2-11\/","og_site_name":"Edyceramic - magazin online","article_modified_time":"2025-08-01T11:32:33+00:00","og_image":[{"width":708,"height":1064,"url":"https:\/\/edyceramic-shop.ro\/wp-content\/uploads\/2024\/09\/FD1-MDR-2-11.webp","type":"image\/webp"}],"twitter_card":"summary_large_image","twitter_misc":{"Pre\u021b":"567,00&nbsp;lei","Disponibilitate":"\u00cen stoc"},"schema":{"@context":"https:\/\/schema.org","@graph":[{"@type":"WebPage","@id":"https:\/\/edyceramic-shop.ro\/produs\/baterie-stativa-lavoar-meandro-fd1-mdr-2-11\/","url":"https:\/\/edyceramic-shop.ro\/produs\/baterie-stativa-lavoar-meandro-fd1-mdr-2-11\/","name":"BATERIE STATIV\u0102 LAVOAR MEANDRO FD1-MDR-2-11 - Edyceramic - magazin online","isPartOf":{"@id":"https:\/\/edyceramic-shop.ro\/ro\/#website"},"datePublished":"2024-09-22T20:26:26+00:00","dateModified":"2025-08-01T11:32:33+00:00","breadcrumb":{"@id":"https:\/\/edyceramic-shop.ro\/produs\/baterie-stativa-lavoar-meandro-fd1-mdr-2-11\/#breadcrumb"},"inLanguage":"ro-RO","potentialAction":[{"@type":"ReadAction","target":["https:\/\/edyceramic-shop.ro\/produs\/baterie-stativa-lavoar-meandro-fd1-mdr-2-11\/"]}]},{"@type":"BreadcrumbList","@id":"https:\/\/edyceramic-shop.ro\/produs\/baterie-stativa-lavoar-meandro-fd1-mdr-2-11\/#breadcrumb","itemListElement":[{"@type":"ListItem","position":1,"name":"Home","item":"https:\/\/edyceramic-shop.ro\/"},{"@type":"ListItem","position":2,"name":"Shop","item":"https:\/\/edyceramic-shop.ro\/ro\/shop\/"},{"@type":"ListItem","position":3,"name":"BATERIE STATIV\u0102 LAVOAR MEANDRO FD1-MDR-2-11"}]},{"@type":"WebSite","@id":"https:\/\/edyceramic-shop.ro\/ro\/#website","url":"https:\/\/edyceramic-shop.ro\/ro\/","name":"edyceramic.ro","description":"","publisher":{"@id":"https:\/\/edyceramic-shop.ro\/ro\/#organization"},"potentialAction":[{"@type":"SearchAction","target":{"@type":"EntryPoint","urlTemplate":"https:\/\/edyceramic-shop.ro\/ro\/?s={search_term_string}"},"query-input":"required name=search_term_string"}],"inLanguage":"ro-RO"},{"@type":"Organization","@id":"https:\/\/edyceramic-shop.ro\/ro\/#organization","name":"Edyceramic","url":"https:\/\/edyceramic-shop.ro\/ro\/","logo":{"@type":"ImageObject","inLanguage":"ro-RO","@id":"https:\/\/edyceramic-shop.ro\/ro\/#\/schema\/logo\/image\/","url":"https:\/\/edyceramic-shop.ro\/wp-content\/uploads\/2024\/02\/Logo-EdyCeramic_2021-lung.png","contentUrl":"https:\/\/edyceramic-shop.ro\/wp-content\/uploads\/2024\/02\/Logo-EdyCeramic_2021-lung.png","width":4491,"height":769,"caption":"Edyceramic"},"image":{"@id":"https:\/\/edyceramic-shop.ro\/ro\/#\/schema\/logo\/image\/"}}]},"product_price_amount":"567.00","product_price_currency":"RON","og_availability":"instock","product_availability":"instock","product_retailer_item_id":"6cb696a4448b","product_condition":"new"},"jetpack_sharing_enabled":true,"_links":{"self":[{"href":"https:\/\/edyceramic-shop.ro\/ro\/wp-json\/wp\/v2\/product\/7776","targetHints":{"allow":["GET"]}}],"collection":[{"href":"https:\/\/edyceramic-shop.ro\/ro\/wp-json\/wp\/v2\/product"}],"about":[{"href":"https:\/\/edyceramic-shop.ro\/ro\/wp-json\/wp\/v2\/types\/product"}],"version-history":[{"count":1,"href":"https:\/\/edyceramic-shop.ro\/ro\/wp-json\/wp\/v2\/product\/7776\/revisions"}],"predecessor-version":[{"id":18260,"href":"https:\/\/edyceramic-shop.ro\/ro\/wp-json\/wp\/v2\/product\/7776\/revisions\/18260"}],"wp:featuredmedia":[{"embeddable":true,"href":"https:\/\/edyceramic-shop.ro\/ro\/wp-json\/wp\/v2\/media\/18261"}],"wp:attachment":[{"href":"https:\/\/edyceramic-shop.ro\/ro\/wp-json\/wp\/v2\/media?parent=7776"}],"wp:term":[{"taxonomy":"product_brand","embeddable":true,"href":"https:\/\/edyceramic-shop.ro\/ro\/wp-json\/wp\/v2\/product_brand?post=7776"},{"taxonomy":"product_cat","embeddable":true,"href":"https:\/\/edyceramic-shop.ro\/ro\/wp-json\/wp\/v2\/product_cat?post=7776"},{"taxonomy":"product_tag","embeddable":true,"href":"https:\/\/edyceramic-shop.ro\/ro\/wp-json\/wp\/v2\/product_tag?post=7776"}],"curies":[{"name":"wp","href":"https:\/\/api.w.org\/{rel}","templated":true}]}}