{"id":7770,"date":"2024-09-22T20:25:37","date_gmt":"2024-09-22T20:25:37","guid":{"rendered":"https:\/\/edyceramic-shop.ro\/produs\/baterie-perete-cada-dus-seppia-chrome-fd1-spa-1-11\/"},"modified":"2025-08-01T13:32:32","modified_gmt":"2025-08-01T11:32:32","slug":"baterie-perete-cada-dus-seppia-chrome-fd1-spa-1-11","status":"publish","type":"product","link":"https:\/\/edyceramic-shop.ro\/ro\/produs\/baterie-perete-cada-dus-seppia-chrome-fd1-spa-1-11\/","title":{"rendered":"BATERIE PERETE CAD\u0102\/DU\u0218 SEPPIA CHROME FD1-SPA-1-11"},"content":{"rendered":"<p>Zona destinat\u0103 c\u0103zii este un loc special care, mai presus de toate, ofer\u0103 confort \u0219i relaxare dup\u0103 zilele aglomerate. Bateriile de baie SEPPIA, cu designul lor minimalist, se vor potrivi perfect l\u00e2ng\u0103 o cad\u0103 mare, ad\u00e2nc\u0103, asigur\u00e2nd confort \u0219i utilizare ergonomic\u0103. Designul s\u0103u simplu, dar sofisticat, se va potrivi cu orice stil de design interior. Bateriile cad\u0103-du\u0219 sunt acoperite cu un strat lucios, cromat, dar sunt disponibile \u0219i \u00een alte finisaje, precum negru \u0219i negru rose gold.<\/p>\n","protected":false},"excerpt":{"rendered":"<p>Zona destinat\u0103 c\u0103zii este un loc special care, mai presus de toate, ofer\u0103 confort \u0219i relaxare dup\u0103 zilele aglomerate. Bateriile<\/p>\n","protected":false},"featured_media":18251,"template":"","meta":[],"product_brand":[],"product_cat":[3502,368,366,334,371],"product_tag":[],"class_list":{"0":"post-7770","1":"product","2":"type-product","3":"status-publish","4":"has-post-thumbnail","6":"product_cat-baterii-fdesign","7":"product_cat-baterii-cada","8":"product_cat-baterii-de-baie","9":"product_cat-sanitare","10":"product_cat-baterii-dus","11":"pa_colectie-seppia-chrome","12":"pa_culoare-negru-mat","13":"pa_fabrica-fdesign","14":"pa_garantie-7ani","15":"pa_material-alama","16":"pa_montaj-pe-perete","18":"first","19":"instock","20":"purchasable","21":"product-type-simple"},"yoast_head":"<!-- This site is optimized with the Yoast SEO Premium plugin v21.6 (Yoast SEO v22.1) - https:\/\/yoast.com\/wordpress\/plugins\/seo\/ -->\n<title>BATERIE PERETE CAD\u0102\/DU\u0218 SEPPIA CHROME FD1-SPA-1-11 - Edyceramic - magazin online<\/title>\n<meta name=\"robots\" content=\"index, follow, max-snippet:-1, max-image-preview:large, max-video-preview:-1\" \/>\n<link rel=\"canonical\" href=\"https:\/\/edyceramic-shop.ro\/ro\/produs\/baterie-perete-cada-dus-seppia-chrome-fd1-spa-1-11\/\" \/>\n<meta property=\"og:locale\" content=\"ro_RO\" \/>\n<meta property=\"og:type\" content=\"article\" \/>\n<meta property=\"og:title\" content=\"BATERIE PERETE CAD\u0102\/DU\u0218 SEPPIA CHROME FD1-SPA-1-11\" \/>\n<meta property=\"og:description\" content=\"Zona destinat\u0103 c\u0103zii este un loc special care, mai presus de toate, ofer\u0103 confort \u0219i relaxare dup\u0103 zilele aglomerate. Bateriile\" \/>\n<meta property=\"og:url\" content=\"https:\/\/edyceramic-shop.ro\/ro\/produs\/baterie-perete-cada-dus-seppia-chrome-fd1-spa-1-11\/\" \/>\n<meta property=\"og:site_name\" content=\"Edyceramic - magazin online\" \/>\n<meta property=\"article:modified_time\" content=\"2025-08-01T11:32:32+00:00\" \/>\n<meta property=\"og:image\" content=\"https:\/\/edyceramic-shop.ro\/wp-content\/uploads\/2024\/09\/FD1-SPA-1-11.webp\" \/>\n\t<meta property=\"og:image:width\" content=\"1064\" \/>\n\t<meta property=\"og:image:height\" content=\"708\" \/>\n\t<meta property=\"og:image:type\" content=\"image\/webp\" \/>\n<meta name=\"twitter:card\" content=\"summary_large_image\" \/>\n<meta name=\"twitter:label1\" content=\"Pre\u021b\" \/>\n\t<meta name=\"twitter:data1\" content=\"618,00&nbsp;lei\" \/>\n\t<meta name=\"twitter:label2\" content=\"Disponibilitate\" \/>\n\t<meta name=\"twitter:data2\" content=\"\u00cen stoc\" \/>\n<script type=\"application\/ld+json\" class=\"yoast-schema-graph\">{\"@context\":\"https:\/\/schema.org\",\"@graph\":[{\"@type\":\"WebPage\",\"@id\":\"https:\/\/edyceramic-shop.ro\/produs\/baterie-perete-cada-dus-seppia-chrome-fd1-spa-1-11\/\",\"url\":\"https:\/\/edyceramic-shop.ro\/produs\/baterie-perete-cada-dus-seppia-chrome-fd1-spa-1-11\/\",\"name\":\"BATERIE PERETE CAD\u0102\/DU\u0218 SEPPIA CHROME FD1-SPA-1-11 - Edyceramic - magazin online\",\"isPartOf\":{\"@id\":\"https:\/\/edyceramic-shop.ro\/ro\/#website\"},\"datePublished\":\"2024-09-22T20:25:37+00:00\",\"dateModified\":\"2025-08-01T11:32:32+00:00\",\"breadcrumb\":{\"@id\":\"https:\/\/edyceramic-shop.ro\/produs\/baterie-perete-cada-dus-seppia-chrome-fd1-spa-1-11\/#breadcrumb\"},\"inLanguage\":\"ro-RO\",\"potentialAction\":[{\"@type\":\"ReadAction\",\"target\":[\"https:\/\/edyceramic-shop.ro\/produs\/baterie-perete-cada-dus-seppia-chrome-fd1-spa-1-11\/\"]}]},{\"@type\":\"BreadcrumbList\",\"@id\":\"https:\/\/edyceramic-shop.ro\/produs\/baterie-perete-cada-dus-seppia-chrome-fd1-spa-1-11\/#breadcrumb\",\"itemListElement\":[{\"@type\":\"ListItem\",\"position\":1,\"name\":\"Home\",\"item\":\"https:\/\/edyceramic-shop.ro\/\"},{\"@type\":\"ListItem\",\"position\":2,\"name\":\"Shop\",\"item\":\"https:\/\/edyceramic-shop.ro\/ro\/shop\/\"},{\"@type\":\"ListItem\",\"position\":3,\"name\":\"BATERIE PERETE CAD\u0102\/DU\u0218 SEPPIA CHROME FD1-SPA-1-11\"}]},{\"@type\":\"WebSite\",\"@id\":\"https:\/\/edyceramic-shop.ro\/ro\/#website\",\"url\":\"https:\/\/edyceramic-shop.ro\/ro\/\",\"name\":\"edyceramic.ro\",\"description\":\"\",\"publisher\":{\"@id\":\"https:\/\/edyceramic-shop.ro\/ro\/#organization\"},\"potentialAction\":[{\"@type\":\"SearchAction\",\"target\":{\"@type\":\"EntryPoint\",\"urlTemplate\":\"https:\/\/edyceramic-shop.ro\/ro\/?s={search_term_string}\"},\"query-input\":\"required name=search_term_string\"}],\"inLanguage\":\"ro-RO\"},{\"@type\":\"Organization\",\"@id\":\"https:\/\/edyceramic-shop.ro\/ro\/#organization\",\"name\":\"Edyceramic\",\"url\":\"https:\/\/edyceramic-shop.ro\/ro\/\",\"logo\":{\"@type\":\"ImageObject\",\"inLanguage\":\"ro-RO\",\"@id\":\"https:\/\/edyceramic-shop.ro\/ro\/#\/schema\/logo\/image\/\",\"url\":\"https:\/\/edyceramic-shop.ro\/wp-content\/uploads\/2024\/02\/Logo-EdyCeramic_2021-lung.png\",\"contentUrl\":\"https:\/\/edyceramic-shop.ro\/wp-content\/uploads\/2024\/02\/Logo-EdyCeramic_2021-lung.png\",\"width\":4491,\"height\":769,\"caption\":\"Edyceramic\"},\"image\":{\"@id\":\"https:\/\/edyceramic-shop.ro\/ro\/#\/schema\/logo\/image\/\"}}]}<\/script>\n<meta property=\"product:price:amount\" content=\"618.00\" \/>\n<meta property=\"product:price:currency\" content=\"RON\" \/>\n<meta property=\"og:availability\" content=\"instock\" \/>\n<meta property=\"product:availability\" content=\"instock\" \/>\n<meta property=\"product:retailer_item_id\" content=\"40948bfd7dfd\" \/>\n<meta property=\"product:condition\" content=\"new\" \/>\n<!-- \/ Yoast SEO Premium plugin. -->","yoast_head_json":{"title":"BATERIE PERETE CAD\u0102\/DU\u0218 SEPPIA CHROME FD1-SPA-1-11 - Edyceramic - magazin online","robots":{"index":"index","follow":"follow","max-snippet":"max-snippet:-1","max-image-preview":"max-image-preview:large","max-video-preview":"max-video-preview:-1"},"canonical":"https:\/\/edyceramic-shop.ro\/ro\/produs\/baterie-perete-cada-dus-seppia-chrome-fd1-spa-1-11\/","og_locale":"ro_RO","og_type":"article","og_title":"BATERIE PERETE CAD\u0102\/DU\u0218 SEPPIA CHROME FD1-SPA-1-11","og_description":"Zona destinat\u0103 c\u0103zii este un loc special care, mai presus de toate, ofer\u0103 confort \u0219i relaxare dup\u0103 zilele aglomerate. Bateriile","og_url":"https:\/\/edyceramic-shop.ro\/ro\/produs\/baterie-perete-cada-dus-seppia-chrome-fd1-spa-1-11\/","og_site_name":"Edyceramic - magazin online","article_modified_time":"2025-08-01T11:32:32+00:00","og_image":[{"width":1064,"height":708,"url":"https:\/\/edyceramic-shop.ro\/wp-content\/uploads\/2024\/09\/FD1-SPA-1-11.webp","type":"image\/webp"}],"twitter_card":"summary_large_image","twitter_misc":{"Pre\u021b":"618,00&nbsp;lei","Disponibilitate":"\u00cen stoc"},"schema":{"@context":"https:\/\/schema.org","@graph":[{"@type":"WebPage","@id":"https:\/\/edyceramic-shop.ro\/produs\/baterie-perete-cada-dus-seppia-chrome-fd1-spa-1-11\/","url":"https:\/\/edyceramic-shop.ro\/produs\/baterie-perete-cada-dus-seppia-chrome-fd1-spa-1-11\/","name":"BATERIE PERETE CAD\u0102\/DU\u0218 SEPPIA CHROME FD1-SPA-1-11 - Edyceramic - magazin online","isPartOf":{"@id":"https:\/\/edyceramic-shop.ro\/ro\/#website"},"datePublished":"2024-09-22T20:25:37+00:00","dateModified":"2025-08-01T11:32:32+00:00","breadcrumb":{"@id":"https:\/\/edyceramic-shop.ro\/produs\/baterie-perete-cada-dus-seppia-chrome-fd1-spa-1-11\/#breadcrumb"},"inLanguage":"ro-RO","potentialAction":[{"@type":"ReadAction","target":["https:\/\/edyceramic-shop.ro\/produs\/baterie-perete-cada-dus-seppia-chrome-fd1-spa-1-11\/"]}]},{"@type":"BreadcrumbList","@id":"https:\/\/edyceramic-shop.ro\/produs\/baterie-perete-cada-dus-seppia-chrome-fd1-spa-1-11\/#breadcrumb","itemListElement":[{"@type":"ListItem","position":1,"name":"Home","item":"https:\/\/edyceramic-shop.ro\/"},{"@type":"ListItem","position":2,"name":"Shop","item":"https:\/\/edyceramic-shop.ro\/ro\/shop\/"},{"@type":"ListItem","position":3,"name":"BATERIE PERETE CAD\u0102\/DU\u0218 SEPPIA CHROME FD1-SPA-1-11"}]},{"@type":"WebSite","@id":"https:\/\/edyceramic-shop.ro\/ro\/#website","url":"https:\/\/edyceramic-shop.ro\/ro\/","name":"edyceramic.ro","description":"","publisher":{"@id":"https:\/\/edyceramic-shop.ro\/ro\/#organization"},"potentialAction":[{"@type":"SearchAction","target":{"@type":"EntryPoint","urlTemplate":"https:\/\/edyceramic-shop.ro\/ro\/?s={search_term_string}"},"query-input":"required name=search_term_string"}],"inLanguage":"ro-RO"},{"@type":"Organization","@id":"https:\/\/edyceramic-shop.ro\/ro\/#organization","name":"Edyceramic","url":"https:\/\/edyceramic-shop.ro\/ro\/","logo":{"@type":"ImageObject","inLanguage":"ro-RO","@id":"https:\/\/edyceramic-shop.ro\/ro\/#\/schema\/logo\/image\/","url":"https:\/\/edyceramic-shop.ro\/wp-content\/uploads\/2024\/02\/Logo-EdyCeramic_2021-lung.png","contentUrl":"https:\/\/edyceramic-shop.ro\/wp-content\/uploads\/2024\/02\/Logo-EdyCeramic_2021-lung.png","width":4491,"height":769,"caption":"Edyceramic"},"image":{"@id":"https:\/\/edyceramic-shop.ro\/ro\/#\/schema\/logo\/image\/"}}]},"product_price_amount":"618.00","product_price_currency":"RON","og_availability":"instock","product_availability":"instock","product_retailer_item_id":"40948bfd7dfd","product_condition":"new"},"jetpack_sharing_enabled":true,"_links":{"self":[{"href":"https:\/\/edyceramic-shop.ro\/ro\/wp-json\/wp\/v2\/product\/7770","targetHints":{"allow":["GET"]}}],"collection":[{"href":"https:\/\/edyceramic-shop.ro\/ro\/wp-json\/wp\/v2\/product"}],"about":[{"href":"https:\/\/edyceramic-shop.ro\/ro\/wp-json\/wp\/v2\/types\/product"}],"version-history":[{"count":1,"href":"https:\/\/edyceramic-shop.ro\/ro\/wp-json\/wp\/v2\/product\/7770\/revisions"}],"predecessor-version":[{"id":18250,"href":"https:\/\/edyceramic-shop.ro\/ro\/wp-json\/wp\/v2\/product\/7770\/revisions\/18250"}],"wp:featuredmedia":[{"embeddable":true,"href":"https:\/\/edyceramic-shop.ro\/ro\/wp-json\/wp\/v2\/media\/18251"}],"wp:attachment":[{"href":"https:\/\/edyceramic-shop.ro\/ro\/wp-json\/wp\/v2\/media?parent=7770"}],"wp:term":[{"taxonomy":"product_brand","embeddable":true,"href":"https:\/\/edyceramic-shop.ro\/ro\/wp-json\/wp\/v2\/product_brand?post=7770"},{"taxonomy":"product_cat","embeddable":true,"href":"https:\/\/edyceramic-shop.ro\/ro\/wp-json\/wp\/v2\/product_cat?post=7770"},{"taxonomy":"product_tag","embeddable":true,"href":"https:\/\/edyceramic-shop.ro\/ro\/wp-json\/wp\/v2\/product_tag?post=7770"}],"curies":[{"name":"wp","href":"https:\/\/api.w.org\/{rel}","templated":true}]}}