{"id":7752,"date":"2024-09-22T20:25:37","date_gmt":"2024-09-22T20:25:37","guid":{"rendered":"https:\/\/edyceramic-shop.ro\/produs\/baterie-perete-cada-dus-seppia-black-fd1-spa-1-22\/"},"modified":"2025-08-01T13:32:31","modified_gmt":"2025-08-01T11:32:31","slug":"baterie-perete-cada-dus-seppia-black-fd1-spa-1-22","status":"publish","type":"product","link":"https:\/\/edyceramic-shop.ro\/ro\/produs\/baterie-perete-cada-dus-seppia-black-fd1-spa-1-22\/","title":{"rendered":"BATERIE PERETE CAD\u0102\/DU\u0218 SEPPIA BLACK FD1-SPA-1-22"},"content":{"rendered":"<p>Negrul func\u021bioneaz\u0103 bine at\u00e2t \u00een stilul modern de amenajare c\u00e2t \u0219i \u00een cel tradi\u021bional. Aceast\u0103 non-culoare face ca designul \u00eenc\u0103perii s\u0103 fie elegant \u0219i atemporal. Accentele negre nu mai sunt destinate doar utilizatorilor curajo\u0219i, ci au devenit un must-have \u00een amenaj\u0103rile interioare. SEPPIA \u00een nuan\u021ba black, o colec\u021bie de baterii pentru baie care a fost proiectat\u0103 cu g\u00e2ndul la design \u0219i la cele mai fine detalii de construc\u021bie, este caracterizat\u0103 de linii elegante, corpuri cilindrice \u0219i manere ergonomice, u\u0219or de ac\u021bionat. Bateriile cad\u0103-du\u0219 cu montare pe perete \u00een finisaj negru mat se vor potrivi cu orice cad\u0103, indiferent dac\u0103 este \u00een culori puternice, contrastante sau monocromatice.<\/p>\n","protected":false},"excerpt":{"rendered":"<p>Negrul func\u021bioneaz\u0103 bine at\u00e2t \u00een stilul modern de amenajare c\u00e2t \u0219i \u00een cel tradi\u021bional. Aceast\u0103 non-culoare face ca designul \u00eenc\u0103perii<\/p>\n","protected":false},"featured_media":18222,"template":"","meta":[],"product_brand":[],"product_cat":[3502,368,366,334,371],"product_tag":[],"class_list":{"0":"post-7752","1":"product","2":"type-product","3":"status-publish","4":"has-post-thumbnail","6":"product_cat-baterii-fdesign","7":"product_cat-baterii-cada","8":"product_cat-baterii-de-baie","9":"product_cat-sanitare","10":"product_cat-baterii-dus","11":"pa_colectie-seppia-black","12":"pa_culoare-negru-mat","13":"pa_fabrica-fdesign","14":"pa_garantie-7ani","15":"pa_material-alama","16":"pa_montaj-pe-perete","18":"first","19":"instock","20":"purchasable","21":"product-type-simple"},"yoast_head":"<!-- This site is optimized with the Yoast SEO Premium plugin v21.6 (Yoast SEO v22.1) - https:\/\/yoast.com\/wordpress\/plugins\/seo\/ -->\n<title>BATERIE PERETE CAD\u0102\/DU\u0218 SEPPIA BLACK FD1-SPA-1-22 - Edyceramic - magazin online<\/title>\n<meta name=\"robots\" content=\"index, follow, max-snippet:-1, max-image-preview:large, max-video-preview:-1\" \/>\n<link rel=\"canonical\" href=\"https:\/\/edyceramic-shop.ro\/ro\/produs\/baterie-perete-cada-dus-seppia-black-fd1-spa-1-22\/\" \/>\n<meta property=\"og:locale\" content=\"ro_RO\" \/>\n<meta property=\"og:type\" content=\"article\" \/>\n<meta property=\"og:title\" content=\"BATERIE PERETE CAD\u0102\/DU\u0218 SEPPIA BLACK FD1-SPA-1-22\" \/>\n<meta property=\"og:description\" content=\"Negrul func\u021bioneaz\u0103 bine at\u00e2t \u00een stilul modern de amenajare c\u00e2t \u0219i \u00een cel tradi\u021bional. Aceast\u0103 non-culoare face ca designul \u00eenc\u0103perii\" \/>\n<meta property=\"og:url\" content=\"https:\/\/edyceramic-shop.ro\/ro\/produs\/baterie-perete-cada-dus-seppia-black-fd1-spa-1-22\/\" \/>\n<meta property=\"og:site_name\" content=\"Edyceramic - magazin online\" \/>\n<meta property=\"article:modified_time\" content=\"2025-08-01T11:32:31+00:00\" \/>\n<meta property=\"og:image\" content=\"https:\/\/edyceramic-shop.ro\/wp-content\/uploads\/2024\/09\/FD1-SPA-1-22.webp\" \/>\n\t<meta property=\"og:image:width\" content=\"1064\" \/>\n\t<meta property=\"og:image:height\" content=\"708\" \/>\n\t<meta property=\"og:image:type\" content=\"image\/webp\" \/>\n<meta name=\"twitter:card\" content=\"summary_large_image\" \/>\n<meta name=\"twitter:label1\" content=\"Pre\u021b\" \/>\n\t<meta name=\"twitter:data1\" content=\"721,00&nbsp;lei\" \/>\n\t<meta name=\"twitter:label2\" content=\"Disponibilitate\" \/>\n\t<meta name=\"twitter:data2\" content=\"\u00cen stoc\" \/>\n<script type=\"application\/ld+json\" class=\"yoast-schema-graph\">{\"@context\":\"https:\/\/schema.org\",\"@graph\":[{\"@type\":\"WebPage\",\"@id\":\"https:\/\/edyceramic-shop.ro\/produs\/baterie-perete-cada-dus-seppia-black-fd1-spa-1-22\/\",\"url\":\"https:\/\/edyceramic-shop.ro\/produs\/baterie-perete-cada-dus-seppia-black-fd1-spa-1-22\/\",\"name\":\"BATERIE PERETE CAD\u0102\/DU\u0218 SEPPIA BLACK FD1-SPA-1-22 - Edyceramic - magazin online\",\"isPartOf\":{\"@id\":\"https:\/\/edyceramic-shop.ro\/ro\/#website\"},\"datePublished\":\"2024-09-22T20:25:37+00:00\",\"dateModified\":\"2025-08-01T11:32:31+00:00\",\"breadcrumb\":{\"@id\":\"https:\/\/edyceramic-shop.ro\/produs\/baterie-perete-cada-dus-seppia-black-fd1-spa-1-22\/#breadcrumb\"},\"inLanguage\":\"ro-RO\",\"potentialAction\":[{\"@type\":\"ReadAction\",\"target\":[\"https:\/\/edyceramic-shop.ro\/produs\/baterie-perete-cada-dus-seppia-black-fd1-spa-1-22\/\"]}]},{\"@type\":\"BreadcrumbList\",\"@id\":\"https:\/\/edyceramic-shop.ro\/produs\/baterie-perete-cada-dus-seppia-black-fd1-spa-1-22\/#breadcrumb\",\"itemListElement\":[{\"@type\":\"ListItem\",\"position\":1,\"name\":\"Home\",\"item\":\"https:\/\/edyceramic-shop.ro\/\"},{\"@type\":\"ListItem\",\"position\":2,\"name\":\"Shop\",\"item\":\"https:\/\/edyceramic-shop.ro\/ro\/shop\/\"},{\"@type\":\"ListItem\",\"position\":3,\"name\":\"BATERIE PERETE CAD\u0102\/DU\u0218 SEPPIA BLACK FD1-SPA-1-22\"}]},{\"@type\":\"WebSite\",\"@id\":\"https:\/\/edyceramic-shop.ro\/ro\/#website\",\"url\":\"https:\/\/edyceramic-shop.ro\/ro\/\",\"name\":\"edyceramic.ro\",\"description\":\"\",\"publisher\":{\"@id\":\"https:\/\/edyceramic-shop.ro\/ro\/#organization\"},\"potentialAction\":[{\"@type\":\"SearchAction\",\"target\":{\"@type\":\"EntryPoint\",\"urlTemplate\":\"https:\/\/edyceramic-shop.ro\/ro\/?s={search_term_string}\"},\"query-input\":\"required name=search_term_string\"}],\"inLanguage\":\"ro-RO\"},{\"@type\":\"Organization\",\"@id\":\"https:\/\/edyceramic-shop.ro\/ro\/#organization\",\"name\":\"Edyceramic\",\"url\":\"https:\/\/edyceramic-shop.ro\/ro\/\",\"logo\":{\"@type\":\"ImageObject\",\"inLanguage\":\"ro-RO\",\"@id\":\"https:\/\/edyceramic-shop.ro\/ro\/#\/schema\/logo\/image\/\",\"url\":\"https:\/\/edyceramic-shop.ro\/wp-content\/uploads\/2024\/02\/Logo-EdyCeramic_2021-lung.png\",\"contentUrl\":\"https:\/\/edyceramic-shop.ro\/wp-content\/uploads\/2024\/02\/Logo-EdyCeramic_2021-lung.png\",\"width\":4491,\"height\":769,\"caption\":\"Edyceramic\"},\"image\":{\"@id\":\"https:\/\/edyceramic-shop.ro\/ro\/#\/schema\/logo\/image\/\"}}]}<\/script>\n<meta property=\"product:price:amount\" content=\"721.00\" \/>\n<meta property=\"product:price:currency\" content=\"RON\" \/>\n<meta property=\"og:availability\" content=\"instock\" \/>\n<meta property=\"product:availability\" content=\"instock\" \/>\n<meta property=\"product:retailer_item_id\" content=\"9acd20142794\" \/>\n<meta property=\"product:condition\" content=\"new\" \/>\n<!-- \/ Yoast SEO Premium plugin. -->","yoast_head_json":{"title":"BATERIE PERETE CAD\u0102\/DU\u0218 SEPPIA BLACK FD1-SPA-1-22 - Edyceramic - magazin online","robots":{"index":"index","follow":"follow","max-snippet":"max-snippet:-1","max-image-preview":"max-image-preview:large","max-video-preview":"max-video-preview:-1"},"canonical":"https:\/\/edyceramic-shop.ro\/ro\/produs\/baterie-perete-cada-dus-seppia-black-fd1-spa-1-22\/","og_locale":"ro_RO","og_type":"article","og_title":"BATERIE PERETE CAD\u0102\/DU\u0218 SEPPIA BLACK FD1-SPA-1-22","og_description":"Negrul func\u021bioneaz\u0103 bine at\u00e2t \u00een stilul modern de amenajare c\u00e2t \u0219i \u00een cel tradi\u021bional. Aceast\u0103 non-culoare face ca designul \u00eenc\u0103perii","og_url":"https:\/\/edyceramic-shop.ro\/ro\/produs\/baterie-perete-cada-dus-seppia-black-fd1-spa-1-22\/","og_site_name":"Edyceramic - magazin online","article_modified_time":"2025-08-01T11:32:31+00:00","og_image":[{"width":1064,"height":708,"url":"https:\/\/edyceramic-shop.ro\/wp-content\/uploads\/2024\/09\/FD1-SPA-1-22.webp","type":"image\/webp"}],"twitter_card":"summary_large_image","twitter_misc":{"Pre\u021b":"721,00&nbsp;lei","Disponibilitate":"\u00cen stoc"},"schema":{"@context":"https:\/\/schema.org","@graph":[{"@type":"WebPage","@id":"https:\/\/edyceramic-shop.ro\/produs\/baterie-perete-cada-dus-seppia-black-fd1-spa-1-22\/","url":"https:\/\/edyceramic-shop.ro\/produs\/baterie-perete-cada-dus-seppia-black-fd1-spa-1-22\/","name":"BATERIE PERETE CAD\u0102\/DU\u0218 SEPPIA BLACK FD1-SPA-1-22 - Edyceramic - magazin online","isPartOf":{"@id":"https:\/\/edyceramic-shop.ro\/ro\/#website"},"datePublished":"2024-09-22T20:25:37+00:00","dateModified":"2025-08-01T11:32:31+00:00","breadcrumb":{"@id":"https:\/\/edyceramic-shop.ro\/produs\/baterie-perete-cada-dus-seppia-black-fd1-spa-1-22\/#breadcrumb"},"inLanguage":"ro-RO","potentialAction":[{"@type":"ReadAction","target":["https:\/\/edyceramic-shop.ro\/produs\/baterie-perete-cada-dus-seppia-black-fd1-spa-1-22\/"]}]},{"@type":"BreadcrumbList","@id":"https:\/\/edyceramic-shop.ro\/produs\/baterie-perete-cada-dus-seppia-black-fd1-spa-1-22\/#breadcrumb","itemListElement":[{"@type":"ListItem","position":1,"name":"Home","item":"https:\/\/edyceramic-shop.ro\/"},{"@type":"ListItem","position":2,"name":"Shop","item":"https:\/\/edyceramic-shop.ro\/ro\/shop\/"},{"@type":"ListItem","position":3,"name":"BATERIE PERETE CAD\u0102\/DU\u0218 SEPPIA BLACK FD1-SPA-1-22"}]},{"@type":"WebSite","@id":"https:\/\/edyceramic-shop.ro\/ro\/#website","url":"https:\/\/edyceramic-shop.ro\/ro\/","name":"edyceramic.ro","description":"","publisher":{"@id":"https:\/\/edyceramic-shop.ro\/ro\/#organization"},"potentialAction":[{"@type":"SearchAction","target":{"@type":"EntryPoint","urlTemplate":"https:\/\/edyceramic-shop.ro\/ro\/?s={search_term_string}"},"query-input":"required name=search_term_string"}],"inLanguage":"ro-RO"},{"@type":"Organization","@id":"https:\/\/edyceramic-shop.ro\/ro\/#organization","name":"Edyceramic","url":"https:\/\/edyceramic-shop.ro\/ro\/","logo":{"@type":"ImageObject","inLanguage":"ro-RO","@id":"https:\/\/edyceramic-shop.ro\/ro\/#\/schema\/logo\/image\/","url":"https:\/\/edyceramic-shop.ro\/wp-content\/uploads\/2024\/02\/Logo-EdyCeramic_2021-lung.png","contentUrl":"https:\/\/edyceramic-shop.ro\/wp-content\/uploads\/2024\/02\/Logo-EdyCeramic_2021-lung.png","width":4491,"height":769,"caption":"Edyceramic"},"image":{"@id":"https:\/\/edyceramic-shop.ro\/ro\/#\/schema\/logo\/image\/"}}]},"product_price_amount":"721.00","product_price_currency":"RON","og_availability":"instock","product_availability":"instock","product_retailer_item_id":"9acd20142794","product_condition":"new"},"jetpack_sharing_enabled":true,"_links":{"self":[{"href":"https:\/\/edyceramic-shop.ro\/ro\/wp-json\/wp\/v2\/product\/7752","targetHints":{"allow":["GET"]}}],"collection":[{"href":"https:\/\/edyceramic-shop.ro\/ro\/wp-json\/wp\/v2\/product"}],"about":[{"href":"https:\/\/edyceramic-shop.ro\/ro\/wp-json\/wp\/v2\/types\/product"}],"version-history":[{"count":1,"href":"https:\/\/edyceramic-shop.ro\/ro\/wp-json\/wp\/v2\/product\/7752\/revisions"}],"predecessor-version":[{"id":18221,"href":"https:\/\/edyceramic-shop.ro\/ro\/wp-json\/wp\/v2\/product\/7752\/revisions\/18221"}],"wp:featuredmedia":[{"embeddable":true,"href":"https:\/\/edyceramic-shop.ro\/ro\/wp-json\/wp\/v2\/media\/18222"}],"wp:attachment":[{"href":"https:\/\/edyceramic-shop.ro\/ro\/wp-json\/wp\/v2\/media?parent=7752"}],"wp:term":[{"taxonomy":"product_brand","embeddable":true,"href":"https:\/\/edyceramic-shop.ro\/ro\/wp-json\/wp\/v2\/product_brand?post=7752"},{"taxonomy":"product_cat","embeddable":true,"href":"https:\/\/edyceramic-shop.ro\/ro\/wp-json\/wp\/v2\/product_cat?post=7752"},{"taxonomy":"product_tag","embeddable":true,"href":"https:\/\/edyceramic-shop.ro\/ro\/wp-json\/wp\/v2\/product_tag?post=7752"}],"curies":[{"name":"wp","href":"https:\/\/api.w.org\/{rel}","templated":true}]}}