{"id":7738,"date":"2024-09-22T20:25:37","date_gmt":"2024-09-22T20:25:37","guid":{"rendered":"https:\/\/edyceramic-shop.ro\/produs\/coloana-de-dus-cu-baterie-dus-seppia-fd1-spa-7uset-25\/"},"modified":"2025-08-01T13:32:28","modified_gmt":"2025-08-01T11:32:28","slug":"coloana-de-dus-cu-baterie-dus-seppia-fd1-spa-7uset-25","status":"publish","type":"product","link":"https:\/\/edyceramic-shop.ro\/ro\/produs\/coloana-de-dus-cu-baterie-dus-seppia-fd1-spa-7uset-25\/","title":{"rendered":"COLOAN\u0102 DE DU\u0218 CU BATERIE DU\u0218 SEPPIA FD1-SPA-7USET-25"},"content":{"rendered":"<p>Descoper\u0103 un set de du\u0219 cu o estetic\u0103 rafinat\u0103 \u0219i solu\u021bii inovatoare de culoare, perfect adaptat pentru b\u0103ile cu design creativ \u0219i \u00eendr\u0103zne\u021b. Integrarea acestui set du\u0219 \u00een amenaj\u0103rile moderne, al\u0103turi de accesorii din aceea\u0219i colec\u021bie, va aduce un aer de coeziune \u0219i armonie \u00een \u00eentreg spa\u021biul. Originalitatea culorilor &#8211; o \u00eembinare elegant\u0103 de negru mat \u0219i aur roz &#8211; subliniaz\u0103 contururile geometrice ale elementelor individuale \u0219i confer\u0103 o not\u0103 de elegan\u021b\u0103 \u0219i distinc\u021bie b\u0103ii tale. Flexibilitatea dat\u0103 de \u00een\u0103l\u021bimea reglabil\u0103 a capului de du\u0219 permite adaptarea acestuia at\u00e2t pentru du\u0219 c\u00e2t \u0219i pentru cad\u0103, oferindu-\u021bi o experien\u021b\u0103 de baie personalizat\u0103. \u00cen plus, solu\u021bia practic\u0103 a pipei de la robinetul pentru cad\u0103, ce poate fi pliat\u0103 pentru a economisi spa\u021biu, adaug\u0103 func\u021bionalitate \u0219i confort. Cu un echilibru perfect \u00eentre func\u021bionalitate \u0219i design elegant, unic, acest set reprezint\u0103 alegerea ideal\u0103 pentru cei care apreciaz\u0103 at\u00e2t estetica c\u00e2t \u0219i utilitatea \u00een amenajarea b\u0103ii.<\/p>\n","protected":false},"excerpt":{"rendered":"<p>Descoper\u0103 un set de du\u0219 cu o estetic\u0103 rafinat\u0103 \u0219i solu\u021bii inovatoare de culoare, perfect adaptat pentru b\u0103ile cu design<\/p>\n","protected":false},"featured_media":18200,"template":"","meta":[],"product_brand":[],"product_cat":[3502,359,360,334],"product_tag":[],"class_list":{"0":"post-7738","1":"product","2":"type-product","3":"status-publish","4":"has-post-thumbnail","6":"product_cat-baterii-fdesign","7":"product_cat-sisteme-de-dus","8":"product_cat-coloane-de-dus","9":"product_cat-sanitare","10":"pa_colectie-seppia","11":"pa_culoare-negru-mat","12":"pa_fabrica-fdesign","13":"pa_garantie-7ani","14":"pa_lungime-brat-381mm","15":"pa_material-alama","16":"pa_montaj-pe-perete","18":"first","19":"instock","20":"purchasable","21":"product-type-simple"},"yoast_head":"<!-- This site is optimized with the Yoast SEO Premium plugin v21.6 (Yoast SEO v22.1) - https:\/\/yoast.com\/wordpress\/plugins\/seo\/ -->\n<title>COLOAN\u0102 DE DU\u0218 CU BATERIE DU\u0218 SEPPIA FD1-SPA-7USET-25 - Edyceramic - magazin online<\/title>\n<meta name=\"robots\" content=\"index, follow, max-snippet:-1, max-image-preview:large, max-video-preview:-1\" \/>\n<link rel=\"canonical\" href=\"https:\/\/edyceramic-shop.ro\/ro\/produs\/coloana-de-dus-cu-baterie-dus-seppia-fd1-spa-7uset-25\/\" \/>\n<meta property=\"og:locale\" content=\"ro_RO\" \/>\n<meta property=\"og:type\" content=\"article\" \/>\n<meta property=\"og:title\" content=\"COLOAN\u0102 DE DU\u0218 CU BATERIE DU\u0218 SEPPIA FD1-SPA-7USET-25\" \/>\n<meta property=\"og:description\" content=\"Descoper\u0103 un set de du\u0219 cu o estetic\u0103 rafinat\u0103 \u0219i solu\u021bii inovatoare de culoare, perfect adaptat pentru b\u0103ile cu design\" \/>\n<meta property=\"og:url\" content=\"https:\/\/edyceramic-shop.ro\/ro\/produs\/coloana-de-dus-cu-baterie-dus-seppia-fd1-spa-7uset-25\/\" \/>\n<meta property=\"og:site_name\" content=\"Edyceramic - magazin online\" \/>\n<meta property=\"article:modified_time\" content=\"2025-08-01T11:32:28+00:00\" \/>\n<meta property=\"og:image\" content=\"https:\/\/edyceramic-shop.ro\/wp-content\/uploads\/2024\/09\/FD1-SPA-7USET-25.webp\" \/>\n\t<meta property=\"og:image:width\" content=\"1200\" \/>\n\t<meta property=\"og:image:height\" content=\"1803\" \/>\n\t<meta property=\"og:image:type\" content=\"image\/webp\" \/>\n<meta name=\"twitter:card\" content=\"summary_large_image\" \/>\n<meta name=\"twitter:label1\" content=\"Pre\u021b\" \/>\n\t<meta name=\"twitter:data1\" content=\"2.678,00&nbsp;lei\" \/>\n\t<meta name=\"twitter:label2\" content=\"Disponibilitate\" \/>\n\t<meta name=\"twitter:data2\" content=\"\u00cen stoc\" \/>\n<script type=\"application\/ld+json\" class=\"yoast-schema-graph\">{\"@context\":\"https:\/\/schema.org\",\"@graph\":[{\"@type\":\"WebPage\",\"@id\":\"https:\/\/edyceramic-shop.ro\/produs\/coloana-de-dus-cu-baterie-dus-seppia-fd1-spa-7uset-25\/\",\"url\":\"https:\/\/edyceramic-shop.ro\/produs\/coloana-de-dus-cu-baterie-dus-seppia-fd1-spa-7uset-25\/\",\"name\":\"COLOAN\u0102 DE DU\u0218 CU BATERIE DU\u0218 SEPPIA FD1-SPA-7USET-25 - Edyceramic - magazin online\",\"isPartOf\":{\"@id\":\"https:\/\/edyceramic-shop.ro\/ro\/#website\"},\"datePublished\":\"2024-09-22T20:25:37+00:00\",\"dateModified\":\"2025-08-01T11:32:28+00:00\",\"breadcrumb\":{\"@id\":\"https:\/\/edyceramic-shop.ro\/produs\/coloana-de-dus-cu-baterie-dus-seppia-fd1-spa-7uset-25\/#breadcrumb\"},\"inLanguage\":\"ro-RO\",\"potentialAction\":[{\"@type\":\"ReadAction\",\"target\":[\"https:\/\/edyceramic-shop.ro\/produs\/coloana-de-dus-cu-baterie-dus-seppia-fd1-spa-7uset-25\/\"]}]},{\"@type\":\"BreadcrumbList\",\"@id\":\"https:\/\/edyceramic-shop.ro\/produs\/coloana-de-dus-cu-baterie-dus-seppia-fd1-spa-7uset-25\/#breadcrumb\",\"itemListElement\":[{\"@type\":\"ListItem\",\"position\":1,\"name\":\"Home\",\"item\":\"https:\/\/edyceramic-shop.ro\/\"},{\"@type\":\"ListItem\",\"position\":2,\"name\":\"Shop\",\"item\":\"https:\/\/edyceramic-shop.ro\/ro\/shop\/\"},{\"@type\":\"ListItem\",\"position\":3,\"name\":\"COLOAN\u0102 DE DU\u0218 CU BATERIE DU\u0218 SEPPIA FD1-SPA-7USET-25\"}]},{\"@type\":\"WebSite\",\"@id\":\"https:\/\/edyceramic-shop.ro\/ro\/#website\",\"url\":\"https:\/\/edyceramic-shop.ro\/ro\/\",\"name\":\"edyceramic.ro\",\"description\":\"\",\"publisher\":{\"@id\":\"https:\/\/edyceramic-shop.ro\/ro\/#organization\"},\"potentialAction\":[{\"@type\":\"SearchAction\",\"target\":{\"@type\":\"EntryPoint\",\"urlTemplate\":\"https:\/\/edyceramic-shop.ro\/ro\/?s={search_term_string}\"},\"query-input\":\"required name=search_term_string\"}],\"inLanguage\":\"ro-RO\"},{\"@type\":\"Organization\",\"@id\":\"https:\/\/edyceramic-shop.ro\/ro\/#organization\",\"name\":\"Edyceramic\",\"url\":\"https:\/\/edyceramic-shop.ro\/ro\/\",\"logo\":{\"@type\":\"ImageObject\",\"inLanguage\":\"ro-RO\",\"@id\":\"https:\/\/edyceramic-shop.ro\/ro\/#\/schema\/logo\/image\/\",\"url\":\"https:\/\/edyceramic-shop.ro\/wp-content\/uploads\/2024\/02\/Logo-EdyCeramic_2021-lung.png\",\"contentUrl\":\"https:\/\/edyceramic-shop.ro\/wp-content\/uploads\/2024\/02\/Logo-EdyCeramic_2021-lung.png\",\"width\":4491,\"height\":769,\"caption\":\"Edyceramic\"},\"image\":{\"@id\":\"https:\/\/edyceramic-shop.ro\/ro\/#\/schema\/logo\/image\/\"}}]}<\/script>\n<meta property=\"product:price:amount\" content=\"2678.00\" \/>\n<meta property=\"product:price:currency\" content=\"RON\" \/>\n<meta property=\"og:availability\" content=\"instock\" \/>\n<meta property=\"product:availability\" content=\"instock\" \/>\n<meta property=\"product:retailer_item_id\" content=\"9704ef1b11f9\" \/>\n<meta property=\"product:condition\" content=\"new\" \/>\n<!-- \/ Yoast SEO Premium plugin. -->","yoast_head_json":{"title":"COLOAN\u0102 DE DU\u0218 CU BATERIE DU\u0218 SEPPIA FD1-SPA-7USET-25 - Edyceramic - magazin online","robots":{"index":"index","follow":"follow","max-snippet":"max-snippet:-1","max-image-preview":"max-image-preview:large","max-video-preview":"max-video-preview:-1"},"canonical":"https:\/\/edyceramic-shop.ro\/ro\/produs\/coloana-de-dus-cu-baterie-dus-seppia-fd1-spa-7uset-25\/","og_locale":"ro_RO","og_type":"article","og_title":"COLOAN\u0102 DE DU\u0218 CU BATERIE DU\u0218 SEPPIA FD1-SPA-7USET-25","og_description":"Descoper\u0103 un set de du\u0219 cu o estetic\u0103 rafinat\u0103 \u0219i solu\u021bii inovatoare de culoare, perfect adaptat pentru b\u0103ile cu design","og_url":"https:\/\/edyceramic-shop.ro\/ro\/produs\/coloana-de-dus-cu-baterie-dus-seppia-fd1-spa-7uset-25\/","og_site_name":"Edyceramic - magazin online","article_modified_time":"2025-08-01T11:32:28+00:00","og_image":[{"width":1200,"height":1803,"url":"https:\/\/edyceramic-shop.ro\/wp-content\/uploads\/2024\/09\/FD1-SPA-7USET-25.webp","type":"image\/webp"}],"twitter_card":"summary_large_image","twitter_misc":{"Pre\u021b":"2.678,00&nbsp;lei","Disponibilitate":"\u00cen stoc"},"schema":{"@context":"https:\/\/schema.org","@graph":[{"@type":"WebPage","@id":"https:\/\/edyceramic-shop.ro\/produs\/coloana-de-dus-cu-baterie-dus-seppia-fd1-spa-7uset-25\/","url":"https:\/\/edyceramic-shop.ro\/produs\/coloana-de-dus-cu-baterie-dus-seppia-fd1-spa-7uset-25\/","name":"COLOAN\u0102 DE DU\u0218 CU BATERIE DU\u0218 SEPPIA FD1-SPA-7USET-25 - Edyceramic - magazin online","isPartOf":{"@id":"https:\/\/edyceramic-shop.ro\/ro\/#website"},"datePublished":"2024-09-22T20:25:37+00:00","dateModified":"2025-08-01T11:32:28+00:00","breadcrumb":{"@id":"https:\/\/edyceramic-shop.ro\/produs\/coloana-de-dus-cu-baterie-dus-seppia-fd1-spa-7uset-25\/#breadcrumb"},"inLanguage":"ro-RO","potentialAction":[{"@type":"ReadAction","target":["https:\/\/edyceramic-shop.ro\/produs\/coloana-de-dus-cu-baterie-dus-seppia-fd1-spa-7uset-25\/"]}]},{"@type":"BreadcrumbList","@id":"https:\/\/edyceramic-shop.ro\/produs\/coloana-de-dus-cu-baterie-dus-seppia-fd1-spa-7uset-25\/#breadcrumb","itemListElement":[{"@type":"ListItem","position":1,"name":"Home","item":"https:\/\/edyceramic-shop.ro\/"},{"@type":"ListItem","position":2,"name":"Shop","item":"https:\/\/edyceramic-shop.ro\/ro\/shop\/"},{"@type":"ListItem","position":3,"name":"COLOAN\u0102 DE DU\u0218 CU BATERIE DU\u0218 SEPPIA FD1-SPA-7USET-25"}]},{"@type":"WebSite","@id":"https:\/\/edyceramic-shop.ro\/ro\/#website","url":"https:\/\/edyceramic-shop.ro\/ro\/","name":"edyceramic.ro","description":"","publisher":{"@id":"https:\/\/edyceramic-shop.ro\/ro\/#organization"},"potentialAction":[{"@type":"SearchAction","target":{"@type":"EntryPoint","urlTemplate":"https:\/\/edyceramic-shop.ro\/ro\/?s={search_term_string}"},"query-input":"required name=search_term_string"}],"inLanguage":"ro-RO"},{"@type":"Organization","@id":"https:\/\/edyceramic-shop.ro\/ro\/#organization","name":"Edyceramic","url":"https:\/\/edyceramic-shop.ro\/ro\/","logo":{"@type":"ImageObject","inLanguage":"ro-RO","@id":"https:\/\/edyceramic-shop.ro\/ro\/#\/schema\/logo\/image\/","url":"https:\/\/edyceramic-shop.ro\/wp-content\/uploads\/2024\/02\/Logo-EdyCeramic_2021-lung.png","contentUrl":"https:\/\/edyceramic-shop.ro\/wp-content\/uploads\/2024\/02\/Logo-EdyCeramic_2021-lung.png","width":4491,"height":769,"caption":"Edyceramic"},"image":{"@id":"https:\/\/edyceramic-shop.ro\/ro\/#\/schema\/logo\/image\/"}}]},"product_price_amount":"2678.00","product_price_currency":"RON","og_availability":"instock","product_availability":"instock","product_retailer_item_id":"9704ef1b11f9","product_condition":"new"},"jetpack_sharing_enabled":true,"_links":{"self":[{"href":"https:\/\/edyceramic-shop.ro\/ro\/wp-json\/wp\/v2\/product\/7738","targetHints":{"allow":["GET"]}}],"collection":[{"href":"https:\/\/edyceramic-shop.ro\/ro\/wp-json\/wp\/v2\/product"}],"about":[{"href":"https:\/\/edyceramic-shop.ro\/ro\/wp-json\/wp\/v2\/types\/product"}],"version-history":[{"count":1,"href":"https:\/\/edyceramic-shop.ro\/ro\/wp-json\/wp\/v2\/product\/7738\/revisions"}],"predecessor-version":[{"id":18199,"href":"https:\/\/edyceramic-shop.ro\/ro\/wp-json\/wp\/v2\/product\/7738\/revisions\/18199"}],"wp:featuredmedia":[{"embeddable":true,"href":"https:\/\/edyceramic-shop.ro\/ro\/wp-json\/wp\/v2\/media\/18200"}],"wp:attachment":[{"href":"https:\/\/edyceramic-shop.ro\/ro\/wp-json\/wp\/v2\/media?parent=7738"}],"wp:term":[{"taxonomy":"product_brand","embeddable":true,"href":"https:\/\/edyceramic-shop.ro\/ro\/wp-json\/wp\/v2\/product_brand?post=7738"},{"taxonomy":"product_cat","embeddable":true,"href":"https:\/\/edyceramic-shop.ro\/ro\/wp-json\/wp\/v2\/product_cat?post=7738"},{"taxonomy":"product_tag","embeddable":true,"href":"https:\/\/edyceramic-shop.ro\/ro\/wp-json\/wp\/v2\/product_tag?post=7738"}],"curies":[{"name":"wp","href":"https:\/\/api.w.org\/{rel}","templated":true}]}}