{"id":7716,"date":"2024-09-22T20:24:49","date_gmt":"2024-09-22T20:24:49","guid":{"rendered":"https:\/\/edyceramic-shop.ro\/produs\/baterie-incastrata-cada-dus-brina-fd1-brn-7p-11\/"},"modified":"2025-08-01T13:32:27","modified_gmt":"2025-08-01T11:32:27","slug":"baterie-incastrata-cada-dus-brina-fd1-brn-7p-11","status":"publish","type":"product","link":"https:\/\/edyceramic-shop.ro\/ro\/produs\/baterie-incastrata-cada-dus-brina-fd1-brn-7p-11\/","title":{"rendered":"BATERIE \u00ceNCASTRAT\u0102 CAD\u0102\/DU\u0218 BRINA FD1-BRN-7P-11"},"content":{"rendered":"<p>Bateria \u00eencastrat\u0103 pentru du\u0219 BRINA cu 2 func\u021bii &#8211; cad\u0103 \u0219i du\u0219- se \u00eencadreaz\u0103 perfect \u00een b\u0103ile moderne cu design industrial. Corpul masiv \u0219i forma geometric\u0103 se potrivesc perfect cu elementele corespondente ale aceleia\u0219i colec\u021bii \u0219i cu accesoriile de baie cu aspect geometric. Cromul str\u0103lucitor atrage aten\u021bia asupra liniilor elegante de design, armoniz\u00e2nd \u00een acela\u0219i timp toate elementele constructive ale bateriei. Robinetul este echipat cu un comutator automat care permite direc\u021bionarea facil\u0103 a fluxului de ap\u0103, iar m\u00e2nerul ergonomic u\u0219ureaz\u0103 utilizarea bateriei. \u00cempreun\u0103 cu un set de du\u0219 asortat, aceast\u0103 baterie este o solu\u021bie excelent\u0103 pentru utilizatorii care apreciaz\u0103 at\u00e2t relaxarea pl\u0103cut\u0103 \u00een cad\u0103, c\u00e2t \u0219i un du\u0219 r\u0103coritor.<\/p>\n","protected":false},"excerpt":{"rendered":"<p>Bateria \u00eencastrat\u0103 pentru du\u0219 BRINA cu 2 func\u021bii &#8211; cad\u0103 \u0219i du\u0219- se \u00eencadreaz\u0103 perfect \u00een b\u0103ile moderne cu design<\/p>\n","protected":false},"featured_media":18165,"template":"","meta":[],"product_brand":[],"product_cat":[3502,368,366,334,371],"product_tag":[],"class_list":{"0":"post-7716","1":"product","2":"type-product","3":"status-publish","4":"has-post-thumbnail","6":"product_cat-baterii-fdesign","7":"product_cat-baterii-cada","8":"product_cat-baterii-de-baie","9":"product_cat-sanitare","10":"product_cat-baterii-dus","11":"pa_colectie-brina","12":"pa_culoare-negru-mat","13":"pa_fabrica-fdesign","14":"pa_garantie-7ani","15":"pa_material-alama","16":"pa_montaj-incastrat","18":"first","19":"instock","20":"purchasable","21":"product-type-simple"},"yoast_head":"<!-- This site is optimized with the Yoast SEO Premium plugin v21.6 (Yoast SEO v22.1) - https:\/\/yoast.com\/wordpress\/plugins\/seo\/ -->\n<title>BATERIE \u00ceNCASTRAT\u0102 CAD\u0102\/DU\u0218 BRINA FD1-BRN-7P-11 - Edyceramic - magazin online<\/title>\n<meta name=\"robots\" content=\"index, follow, max-snippet:-1, max-image-preview:large, max-video-preview:-1\" \/>\n<link rel=\"canonical\" href=\"https:\/\/edyceramic-shop.ro\/ro\/produs\/baterie-incastrata-cada-dus-brina-fd1-brn-7p-11\/\" \/>\n<meta property=\"og:locale\" content=\"ro_RO\" \/>\n<meta property=\"og:type\" content=\"article\" \/>\n<meta property=\"og:title\" content=\"BATERIE \u00ceNCASTRAT\u0102 CAD\u0102\/DU\u0218 BRINA FD1-BRN-7P-11\" \/>\n<meta property=\"og:description\" content=\"Bateria \u00eencastrat\u0103 pentru du\u0219 BRINA cu 2 func\u021bii &#8211; cad\u0103 \u0219i du\u0219- se \u00eencadreaz\u0103 perfect \u00een b\u0103ile moderne cu design\" \/>\n<meta property=\"og:url\" content=\"https:\/\/edyceramic-shop.ro\/ro\/produs\/baterie-incastrata-cada-dus-brina-fd1-brn-7p-11\/\" \/>\n<meta property=\"og:site_name\" content=\"Edyceramic - magazin online\" \/>\n<meta property=\"article:modified_time\" content=\"2025-08-01T11:32:27+00:00\" \/>\n<meta property=\"og:image\" content=\"https:\/\/edyceramic-shop.ro\/wp-content\/uploads\/2024\/09\/FD1-BRN-7P-11.webp\" \/>\n\t<meta property=\"og:image:width\" content=\"1200\" \/>\n\t<meta property=\"og:image:height\" content=\"1803\" \/>\n\t<meta property=\"og:image:type\" content=\"image\/webp\" \/>\n<meta name=\"twitter:card\" content=\"summary_large_image\" \/>\n<meta name=\"twitter:label1\" content=\"Pre\u021b\" \/>\n\t<meta name=\"twitter:data1\" content=\"567,00&nbsp;lei\" \/>\n\t<meta name=\"twitter:label2\" content=\"Disponibilitate\" \/>\n\t<meta name=\"twitter:data2\" content=\"\u00cen stoc\" \/>\n<script type=\"application\/ld+json\" class=\"yoast-schema-graph\">{\"@context\":\"https:\/\/schema.org\",\"@graph\":[{\"@type\":\"WebPage\",\"@id\":\"https:\/\/edyceramic-shop.ro\/produs\/baterie-incastrata-cada-dus-brina-fd1-brn-7p-11\/\",\"url\":\"https:\/\/edyceramic-shop.ro\/produs\/baterie-incastrata-cada-dus-brina-fd1-brn-7p-11\/\",\"name\":\"BATERIE \u00ceNCASTRAT\u0102 CAD\u0102\/DU\u0218 BRINA FD1-BRN-7P-11 - Edyceramic - magazin online\",\"isPartOf\":{\"@id\":\"https:\/\/edyceramic-shop.ro\/ro\/#website\"},\"datePublished\":\"2024-09-22T20:24:49+00:00\",\"dateModified\":\"2025-08-01T11:32:27+00:00\",\"breadcrumb\":{\"@id\":\"https:\/\/edyceramic-shop.ro\/produs\/baterie-incastrata-cada-dus-brina-fd1-brn-7p-11\/#breadcrumb\"},\"inLanguage\":\"ro-RO\",\"potentialAction\":[{\"@type\":\"ReadAction\",\"target\":[\"https:\/\/edyceramic-shop.ro\/produs\/baterie-incastrata-cada-dus-brina-fd1-brn-7p-11\/\"]}]},{\"@type\":\"BreadcrumbList\",\"@id\":\"https:\/\/edyceramic-shop.ro\/produs\/baterie-incastrata-cada-dus-brina-fd1-brn-7p-11\/#breadcrumb\",\"itemListElement\":[{\"@type\":\"ListItem\",\"position\":1,\"name\":\"Home\",\"item\":\"https:\/\/edyceramic-shop.ro\/\"},{\"@type\":\"ListItem\",\"position\":2,\"name\":\"Shop\",\"item\":\"https:\/\/edyceramic-shop.ro\/ro\/shop\/\"},{\"@type\":\"ListItem\",\"position\":3,\"name\":\"BATERIE \u00ceNCASTRAT\u0102 CAD\u0102\/DU\u0218 BRINA FD1-BRN-7P-11\"}]},{\"@type\":\"WebSite\",\"@id\":\"https:\/\/edyceramic-shop.ro\/ro\/#website\",\"url\":\"https:\/\/edyceramic-shop.ro\/ro\/\",\"name\":\"edyceramic.ro\",\"description\":\"\",\"publisher\":{\"@id\":\"https:\/\/edyceramic-shop.ro\/ro\/#organization\"},\"potentialAction\":[{\"@type\":\"SearchAction\",\"target\":{\"@type\":\"EntryPoint\",\"urlTemplate\":\"https:\/\/edyceramic-shop.ro\/ro\/?s={search_term_string}\"},\"query-input\":\"required name=search_term_string\"}],\"inLanguage\":\"ro-RO\"},{\"@type\":\"Organization\",\"@id\":\"https:\/\/edyceramic-shop.ro\/ro\/#organization\",\"name\":\"Edyceramic\",\"url\":\"https:\/\/edyceramic-shop.ro\/ro\/\",\"logo\":{\"@type\":\"ImageObject\",\"inLanguage\":\"ro-RO\",\"@id\":\"https:\/\/edyceramic-shop.ro\/ro\/#\/schema\/logo\/image\/\",\"url\":\"https:\/\/edyceramic-shop.ro\/wp-content\/uploads\/2024\/02\/Logo-EdyCeramic_2021-lung.png\",\"contentUrl\":\"https:\/\/edyceramic-shop.ro\/wp-content\/uploads\/2024\/02\/Logo-EdyCeramic_2021-lung.png\",\"width\":4491,\"height\":769,\"caption\":\"Edyceramic\"},\"image\":{\"@id\":\"https:\/\/edyceramic-shop.ro\/ro\/#\/schema\/logo\/image\/\"}}]}<\/script>\n<meta property=\"product:price:amount\" content=\"567.00\" \/>\n<meta property=\"product:price:currency\" content=\"RON\" \/>\n<meta property=\"og:availability\" content=\"instock\" \/>\n<meta property=\"product:availability\" content=\"instock\" \/>\n<meta property=\"product:retailer_item_id\" content=\"29e59dd8969f\" \/>\n<meta property=\"product:condition\" content=\"new\" \/>\n<!-- \/ Yoast SEO Premium plugin. -->","yoast_head_json":{"title":"BATERIE \u00ceNCASTRAT\u0102 CAD\u0102\/DU\u0218 BRINA FD1-BRN-7P-11 - Edyceramic - magazin online","robots":{"index":"index","follow":"follow","max-snippet":"max-snippet:-1","max-image-preview":"max-image-preview:large","max-video-preview":"max-video-preview:-1"},"canonical":"https:\/\/edyceramic-shop.ro\/ro\/produs\/baterie-incastrata-cada-dus-brina-fd1-brn-7p-11\/","og_locale":"ro_RO","og_type":"article","og_title":"BATERIE \u00ceNCASTRAT\u0102 CAD\u0102\/DU\u0218 BRINA FD1-BRN-7P-11","og_description":"Bateria \u00eencastrat\u0103 pentru du\u0219 BRINA cu 2 func\u021bii &#8211; cad\u0103 \u0219i du\u0219- se \u00eencadreaz\u0103 perfect \u00een b\u0103ile moderne cu design","og_url":"https:\/\/edyceramic-shop.ro\/ro\/produs\/baterie-incastrata-cada-dus-brina-fd1-brn-7p-11\/","og_site_name":"Edyceramic - magazin online","article_modified_time":"2025-08-01T11:32:27+00:00","og_image":[{"width":1200,"height":1803,"url":"https:\/\/edyceramic-shop.ro\/wp-content\/uploads\/2024\/09\/FD1-BRN-7P-11.webp","type":"image\/webp"}],"twitter_card":"summary_large_image","twitter_misc":{"Pre\u021b":"567,00&nbsp;lei","Disponibilitate":"\u00cen stoc"},"schema":{"@context":"https:\/\/schema.org","@graph":[{"@type":"WebPage","@id":"https:\/\/edyceramic-shop.ro\/produs\/baterie-incastrata-cada-dus-brina-fd1-brn-7p-11\/","url":"https:\/\/edyceramic-shop.ro\/produs\/baterie-incastrata-cada-dus-brina-fd1-brn-7p-11\/","name":"BATERIE \u00ceNCASTRAT\u0102 CAD\u0102\/DU\u0218 BRINA FD1-BRN-7P-11 - Edyceramic - magazin online","isPartOf":{"@id":"https:\/\/edyceramic-shop.ro\/ro\/#website"},"datePublished":"2024-09-22T20:24:49+00:00","dateModified":"2025-08-01T11:32:27+00:00","breadcrumb":{"@id":"https:\/\/edyceramic-shop.ro\/produs\/baterie-incastrata-cada-dus-brina-fd1-brn-7p-11\/#breadcrumb"},"inLanguage":"ro-RO","potentialAction":[{"@type":"ReadAction","target":["https:\/\/edyceramic-shop.ro\/produs\/baterie-incastrata-cada-dus-brina-fd1-brn-7p-11\/"]}]},{"@type":"BreadcrumbList","@id":"https:\/\/edyceramic-shop.ro\/produs\/baterie-incastrata-cada-dus-brina-fd1-brn-7p-11\/#breadcrumb","itemListElement":[{"@type":"ListItem","position":1,"name":"Home","item":"https:\/\/edyceramic-shop.ro\/"},{"@type":"ListItem","position":2,"name":"Shop","item":"https:\/\/edyceramic-shop.ro\/ro\/shop\/"},{"@type":"ListItem","position":3,"name":"BATERIE \u00ceNCASTRAT\u0102 CAD\u0102\/DU\u0218 BRINA FD1-BRN-7P-11"}]},{"@type":"WebSite","@id":"https:\/\/edyceramic-shop.ro\/ro\/#website","url":"https:\/\/edyceramic-shop.ro\/ro\/","name":"edyceramic.ro","description":"","publisher":{"@id":"https:\/\/edyceramic-shop.ro\/ro\/#organization"},"potentialAction":[{"@type":"SearchAction","target":{"@type":"EntryPoint","urlTemplate":"https:\/\/edyceramic-shop.ro\/ro\/?s={search_term_string}"},"query-input":"required name=search_term_string"}],"inLanguage":"ro-RO"},{"@type":"Organization","@id":"https:\/\/edyceramic-shop.ro\/ro\/#organization","name":"Edyceramic","url":"https:\/\/edyceramic-shop.ro\/ro\/","logo":{"@type":"ImageObject","inLanguage":"ro-RO","@id":"https:\/\/edyceramic-shop.ro\/ro\/#\/schema\/logo\/image\/","url":"https:\/\/edyceramic-shop.ro\/wp-content\/uploads\/2024\/02\/Logo-EdyCeramic_2021-lung.png","contentUrl":"https:\/\/edyceramic-shop.ro\/wp-content\/uploads\/2024\/02\/Logo-EdyCeramic_2021-lung.png","width":4491,"height":769,"caption":"Edyceramic"},"image":{"@id":"https:\/\/edyceramic-shop.ro\/ro\/#\/schema\/logo\/image\/"}}]},"product_price_amount":"567.00","product_price_currency":"RON","og_availability":"instock","product_availability":"instock","product_retailer_item_id":"29e59dd8969f","product_condition":"new"},"jetpack_sharing_enabled":true,"_links":{"self":[{"href":"https:\/\/edyceramic-shop.ro\/ro\/wp-json\/wp\/v2\/product\/7716","targetHints":{"allow":["GET"]}}],"collection":[{"href":"https:\/\/edyceramic-shop.ro\/ro\/wp-json\/wp\/v2\/product"}],"about":[{"href":"https:\/\/edyceramic-shop.ro\/ro\/wp-json\/wp\/v2\/types\/product"}],"version-history":[{"count":1,"href":"https:\/\/edyceramic-shop.ro\/ro\/wp-json\/wp\/v2\/product\/7716\/revisions"}],"predecessor-version":[{"id":18164,"href":"https:\/\/edyceramic-shop.ro\/ro\/wp-json\/wp\/v2\/product\/7716\/revisions\/18164"}],"wp:featuredmedia":[{"embeddable":true,"href":"https:\/\/edyceramic-shop.ro\/ro\/wp-json\/wp\/v2\/media\/18165"}],"wp:attachment":[{"href":"https:\/\/edyceramic-shop.ro\/ro\/wp-json\/wp\/v2\/media?parent=7716"}],"wp:term":[{"taxonomy":"product_brand","embeddable":true,"href":"https:\/\/edyceramic-shop.ro\/ro\/wp-json\/wp\/v2\/product_brand?post=7716"},{"taxonomy":"product_cat","embeddable":true,"href":"https:\/\/edyceramic-shop.ro\/ro\/wp-json\/wp\/v2\/product_cat?post=7716"},{"taxonomy":"product_tag","embeddable":true,"href":"https:\/\/edyceramic-shop.ro\/ro\/wp-json\/wp\/v2\/product_tag?post=7716"}],"curies":[{"name":"wp","href":"https:\/\/api.w.org\/{rel}","templated":true}]}}