{"id":7710,"date":"2024-09-22T20:24:49","date_gmt":"2024-09-22T20:24:49","guid":{"rendered":"https:\/\/edyceramic-shop.ro\/produs\/baterie-perete-dus-brina-fd1-brn-7-11\/"},"modified":"2025-08-01T13:32:26","modified_gmt":"2025-08-01T11:32:26","slug":"baterie-perete-dus-brina-fd1-brn-7-11","status":"publish","type":"product","link":"https:\/\/edyceramic-shop.ro\/ro\/produs\/baterie-perete-dus-brina-fd1-brn-7-11\/","title":{"rendered":"BATERIE PERETE DU\u0218 BRINA FD1-BRN-7-11"},"content":{"rendered":"<p>Un corp masiv \u0219i o form\u0103 geometric\u0103 special\u0103, caracteristic\u0103 \u00eentregii colec\u021bii &#8211; a\u0219a arat\u0103 bateria de du\u0219 BRINA. Construc\u021bia solid\u0103 a fost \u00eendulcit\u0103 cu accente fine, cum ar fi un strat elegant de crom cu efecte de lumin\u0103 \u0219i margini cu linii u\u0219or rotunjite. Aten\u021bia va fi atras\u0103 \u0219i asupra &#8222;t\u0103ieturilor&#8221; care disting seria, datorit\u0103 c\u0103rora elementele individuale ale robinetului formeaz\u0103 un \u00eentreg consistent din punct de vedere stilistic, cre\u00e2nd un finisaj armonios. Confortul \u00een utilizare este asigurat de m\u00e2nerul ergonomic, care permite gestionarea economic\u0103 a apei. Bateria se va potrivi foarte bine \u00eentr-un interior modern.<\/p>\n","protected":false},"excerpt":{"rendered":"<p>Un corp masiv \u0219i o form\u0103 geometric\u0103 special\u0103, caracteristic\u0103 \u00eentregii colec\u021bii &#8211; a\u0219a arat\u0103 bateria de du\u0219 BRINA. Construc\u021bia solid\u0103<\/p>\n","protected":false},"featured_media":18156,"template":"","meta":[],"product_brand":[],"product_cat":[3502,366,334,371],"product_tag":[],"class_list":{"0":"post-7710","1":"product","2":"type-product","3":"status-publish","4":"has-post-thumbnail","6":"product_cat-baterii-fdesign","7":"product_cat-baterii-de-baie","8":"product_cat-sanitare","9":"product_cat-baterii-dus","10":"pa_colectie-brina","11":"pa_culoare-negru-mat","12":"pa_fabrica-fdesign","13":"pa_garantie-7ani","14":"pa_material-alama","15":"pa_montaj-pe-perete","17":"first","18":"instock","19":"purchasable","20":"product-type-simple"},"yoast_head":"<!-- This site is optimized with the Yoast SEO Premium plugin v21.6 (Yoast SEO v22.1) - https:\/\/yoast.com\/wordpress\/plugins\/seo\/ -->\n<title>BATERIE PERETE DU\u0218 BRINA FD1-BRN-7-11 - Edyceramic - magazin online<\/title>\n<meta name=\"robots\" content=\"index, follow, max-snippet:-1, max-image-preview:large, max-video-preview:-1\" \/>\n<link rel=\"canonical\" href=\"https:\/\/edyceramic-shop.ro\/ro\/produs\/baterie-perete-dus-brina-fd1-brn-7-11\/\" \/>\n<meta property=\"og:locale\" content=\"ro_RO\" \/>\n<meta property=\"og:type\" content=\"article\" \/>\n<meta property=\"og:title\" content=\"BATERIE PERETE DU\u0218 BRINA FD1-BRN-7-11\" \/>\n<meta property=\"og:description\" content=\"Un corp masiv \u0219i o form\u0103 geometric\u0103 special\u0103, caracteristic\u0103 \u00eentregii colec\u021bii &#8211; a\u0219a arat\u0103 bateria de du\u0219 BRINA. Construc\u021bia solid\u0103\" \/>\n<meta property=\"og:url\" content=\"https:\/\/edyceramic-shop.ro\/ro\/produs\/baterie-perete-dus-brina-fd1-brn-7-11\/\" \/>\n<meta property=\"og:site_name\" content=\"Edyceramic - magazin online\" \/>\n<meta property=\"article:modified_time\" content=\"2025-08-01T11:32:26+00:00\" \/>\n<meta property=\"og:image\" content=\"https:\/\/edyceramic-shop.ro\/wp-content\/uploads\/2024\/09\/FD1-BRN-7-11.webp\" \/>\n\t<meta property=\"og:image:width\" content=\"1200\" \/>\n\t<meta property=\"og:image:height\" content=\"798\" \/>\n\t<meta property=\"og:image:type\" content=\"image\/webp\" \/>\n<meta name=\"twitter:card\" content=\"summary_large_image\" \/>\n<meta name=\"twitter:label1\" content=\"Pre\u021b\" \/>\n\t<meta name=\"twitter:data1\" content=\"618,00&nbsp;lei\" \/>\n\t<meta name=\"twitter:label2\" content=\"Disponibilitate\" \/>\n\t<meta name=\"twitter:data2\" content=\"\u00cen stoc\" \/>\n<script type=\"application\/ld+json\" class=\"yoast-schema-graph\">{\"@context\":\"https:\/\/schema.org\",\"@graph\":[{\"@type\":\"WebPage\",\"@id\":\"https:\/\/edyceramic-shop.ro\/produs\/baterie-perete-dus-brina-fd1-brn-7-11\/\",\"url\":\"https:\/\/edyceramic-shop.ro\/produs\/baterie-perete-dus-brina-fd1-brn-7-11\/\",\"name\":\"BATERIE PERETE DU\u0218 BRINA FD1-BRN-7-11 - Edyceramic - magazin online\",\"isPartOf\":{\"@id\":\"https:\/\/edyceramic-shop.ro\/ro\/#website\"},\"datePublished\":\"2024-09-22T20:24:49+00:00\",\"dateModified\":\"2025-08-01T11:32:26+00:00\",\"breadcrumb\":{\"@id\":\"https:\/\/edyceramic-shop.ro\/produs\/baterie-perete-dus-brina-fd1-brn-7-11\/#breadcrumb\"},\"inLanguage\":\"ro-RO\",\"potentialAction\":[{\"@type\":\"ReadAction\",\"target\":[\"https:\/\/edyceramic-shop.ro\/produs\/baterie-perete-dus-brina-fd1-brn-7-11\/\"]}]},{\"@type\":\"BreadcrumbList\",\"@id\":\"https:\/\/edyceramic-shop.ro\/produs\/baterie-perete-dus-brina-fd1-brn-7-11\/#breadcrumb\",\"itemListElement\":[{\"@type\":\"ListItem\",\"position\":1,\"name\":\"Home\",\"item\":\"https:\/\/edyceramic-shop.ro\/\"},{\"@type\":\"ListItem\",\"position\":2,\"name\":\"Shop\",\"item\":\"https:\/\/edyceramic-shop.ro\/ro\/shop\/\"},{\"@type\":\"ListItem\",\"position\":3,\"name\":\"BATERIE PERETE DU\u0218 BRINA FD1-BRN-7-11\"}]},{\"@type\":\"WebSite\",\"@id\":\"https:\/\/edyceramic-shop.ro\/ro\/#website\",\"url\":\"https:\/\/edyceramic-shop.ro\/ro\/\",\"name\":\"edyceramic.ro\",\"description\":\"\",\"publisher\":{\"@id\":\"https:\/\/edyceramic-shop.ro\/ro\/#organization\"},\"potentialAction\":[{\"@type\":\"SearchAction\",\"target\":{\"@type\":\"EntryPoint\",\"urlTemplate\":\"https:\/\/edyceramic-shop.ro\/ro\/?s={search_term_string}\"},\"query-input\":\"required name=search_term_string\"}],\"inLanguage\":\"ro-RO\"},{\"@type\":\"Organization\",\"@id\":\"https:\/\/edyceramic-shop.ro\/ro\/#organization\",\"name\":\"Edyceramic\",\"url\":\"https:\/\/edyceramic-shop.ro\/ro\/\",\"logo\":{\"@type\":\"ImageObject\",\"inLanguage\":\"ro-RO\",\"@id\":\"https:\/\/edyceramic-shop.ro\/ro\/#\/schema\/logo\/image\/\",\"url\":\"https:\/\/edyceramic-shop.ro\/wp-content\/uploads\/2024\/02\/Logo-EdyCeramic_2021-lung.png\",\"contentUrl\":\"https:\/\/edyceramic-shop.ro\/wp-content\/uploads\/2024\/02\/Logo-EdyCeramic_2021-lung.png\",\"width\":4491,\"height\":769,\"caption\":\"Edyceramic\"},\"image\":{\"@id\":\"https:\/\/edyceramic-shop.ro\/ro\/#\/schema\/logo\/image\/\"}}]}<\/script>\n<meta property=\"product:price:amount\" content=\"618.00\" \/>\n<meta property=\"product:price:currency\" content=\"RON\" \/>\n<meta property=\"og:availability\" content=\"instock\" \/>\n<meta property=\"product:availability\" content=\"instock\" \/>\n<meta property=\"product:retailer_item_id\" content=\"0d639a312fb8\" \/>\n<meta property=\"product:condition\" content=\"new\" \/>\n<!-- \/ Yoast SEO Premium plugin. -->","yoast_head_json":{"title":"BATERIE PERETE DU\u0218 BRINA FD1-BRN-7-11 - Edyceramic - magazin online","robots":{"index":"index","follow":"follow","max-snippet":"max-snippet:-1","max-image-preview":"max-image-preview:large","max-video-preview":"max-video-preview:-1"},"canonical":"https:\/\/edyceramic-shop.ro\/ro\/produs\/baterie-perete-dus-brina-fd1-brn-7-11\/","og_locale":"ro_RO","og_type":"article","og_title":"BATERIE PERETE DU\u0218 BRINA FD1-BRN-7-11","og_description":"Un corp masiv \u0219i o form\u0103 geometric\u0103 special\u0103, caracteristic\u0103 \u00eentregii colec\u021bii &#8211; a\u0219a arat\u0103 bateria de du\u0219 BRINA. Construc\u021bia solid\u0103","og_url":"https:\/\/edyceramic-shop.ro\/ro\/produs\/baterie-perete-dus-brina-fd1-brn-7-11\/","og_site_name":"Edyceramic - magazin online","article_modified_time":"2025-08-01T11:32:26+00:00","og_image":[{"width":1200,"height":798,"url":"https:\/\/edyceramic-shop.ro\/wp-content\/uploads\/2024\/09\/FD1-BRN-7-11.webp","type":"image\/webp"}],"twitter_card":"summary_large_image","twitter_misc":{"Pre\u021b":"618,00&nbsp;lei","Disponibilitate":"\u00cen stoc"},"schema":{"@context":"https:\/\/schema.org","@graph":[{"@type":"WebPage","@id":"https:\/\/edyceramic-shop.ro\/produs\/baterie-perete-dus-brina-fd1-brn-7-11\/","url":"https:\/\/edyceramic-shop.ro\/produs\/baterie-perete-dus-brina-fd1-brn-7-11\/","name":"BATERIE PERETE DU\u0218 BRINA FD1-BRN-7-11 - Edyceramic - magazin online","isPartOf":{"@id":"https:\/\/edyceramic-shop.ro\/ro\/#website"},"datePublished":"2024-09-22T20:24:49+00:00","dateModified":"2025-08-01T11:32:26+00:00","breadcrumb":{"@id":"https:\/\/edyceramic-shop.ro\/produs\/baterie-perete-dus-brina-fd1-brn-7-11\/#breadcrumb"},"inLanguage":"ro-RO","potentialAction":[{"@type":"ReadAction","target":["https:\/\/edyceramic-shop.ro\/produs\/baterie-perete-dus-brina-fd1-brn-7-11\/"]}]},{"@type":"BreadcrumbList","@id":"https:\/\/edyceramic-shop.ro\/produs\/baterie-perete-dus-brina-fd1-brn-7-11\/#breadcrumb","itemListElement":[{"@type":"ListItem","position":1,"name":"Home","item":"https:\/\/edyceramic-shop.ro\/"},{"@type":"ListItem","position":2,"name":"Shop","item":"https:\/\/edyceramic-shop.ro\/ro\/shop\/"},{"@type":"ListItem","position":3,"name":"BATERIE PERETE DU\u0218 BRINA FD1-BRN-7-11"}]},{"@type":"WebSite","@id":"https:\/\/edyceramic-shop.ro\/ro\/#website","url":"https:\/\/edyceramic-shop.ro\/ro\/","name":"edyceramic.ro","description":"","publisher":{"@id":"https:\/\/edyceramic-shop.ro\/ro\/#organization"},"potentialAction":[{"@type":"SearchAction","target":{"@type":"EntryPoint","urlTemplate":"https:\/\/edyceramic-shop.ro\/ro\/?s={search_term_string}"},"query-input":"required name=search_term_string"}],"inLanguage":"ro-RO"},{"@type":"Organization","@id":"https:\/\/edyceramic-shop.ro\/ro\/#organization","name":"Edyceramic","url":"https:\/\/edyceramic-shop.ro\/ro\/","logo":{"@type":"ImageObject","inLanguage":"ro-RO","@id":"https:\/\/edyceramic-shop.ro\/ro\/#\/schema\/logo\/image\/","url":"https:\/\/edyceramic-shop.ro\/wp-content\/uploads\/2024\/02\/Logo-EdyCeramic_2021-lung.png","contentUrl":"https:\/\/edyceramic-shop.ro\/wp-content\/uploads\/2024\/02\/Logo-EdyCeramic_2021-lung.png","width":4491,"height":769,"caption":"Edyceramic"},"image":{"@id":"https:\/\/edyceramic-shop.ro\/ro\/#\/schema\/logo\/image\/"}}]},"product_price_amount":"618.00","product_price_currency":"RON","og_availability":"instock","product_availability":"instock","product_retailer_item_id":"0d639a312fb8","product_condition":"new"},"jetpack_sharing_enabled":true,"_links":{"self":[{"href":"https:\/\/edyceramic-shop.ro\/ro\/wp-json\/wp\/v2\/product\/7710","targetHints":{"allow":["GET"]}}],"collection":[{"href":"https:\/\/edyceramic-shop.ro\/ro\/wp-json\/wp\/v2\/product"}],"about":[{"href":"https:\/\/edyceramic-shop.ro\/ro\/wp-json\/wp\/v2\/types\/product"}],"version-history":[{"count":1,"href":"https:\/\/edyceramic-shop.ro\/ro\/wp-json\/wp\/v2\/product\/7710\/revisions"}],"predecessor-version":[{"id":18155,"href":"https:\/\/edyceramic-shop.ro\/ro\/wp-json\/wp\/v2\/product\/7710\/revisions\/18155"}],"wp:featuredmedia":[{"embeddable":true,"href":"https:\/\/edyceramic-shop.ro\/ro\/wp-json\/wp\/v2\/media\/18156"}],"wp:attachment":[{"href":"https:\/\/edyceramic-shop.ro\/ro\/wp-json\/wp\/v2\/media?parent=7710"}],"wp:term":[{"taxonomy":"product_brand","embeddable":true,"href":"https:\/\/edyceramic-shop.ro\/ro\/wp-json\/wp\/v2\/product_brand?post=7710"},{"taxonomy":"product_cat","embeddable":true,"href":"https:\/\/edyceramic-shop.ro\/ro\/wp-json\/wp\/v2\/product_cat?post=7710"},{"taxonomy":"product_tag","embeddable":true,"href":"https:\/\/edyceramic-shop.ro\/ro\/wp-json\/wp\/v2\/product_tag?post=7710"}],"curies":[{"name":"wp","href":"https:\/\/api.w.org\/{rel}","templated":true}]}}