{"id":7682,"date":"2024-09-22T20:24:00","date_gmt":"2024-09-22T20:24:00","guid":{"rendered":"https:\/\/edyceramic-shop.ro\/produs\/sistem-dus-6-in-1-zaffiro-gold-fd1-zfr-7pset1-55\/"},"modified":"2025-08-01T13:32:25","modified_gmt":"2025-08-01T11:32:25","slug":"sistem-dus-6-in-1-zaffiro-gold-fd1-zfr-7pset1-55","status":"publish","type":"product","link":"https:\/\/edyceramic-shop.ro\/ro\/produs\/sistem-dus-6-in-1-zaffiro-gold-fd1-zfr-7pset1-55\/","title":{"rendered":"SISTEM DU\u0218 6 \u00een 1 ZAFFIRO GOLD FD1-ZFR-7PSET1-55"},"content":{"rendered":"<p>Finisajul elegant auriu, subliniaz\u0103 cu gra\u021bie formele bl\u00e2nde ale acestui sistem de du\u0219 rafinat. Capul de du\u0219 plat, rotund, de tip SLIM, se integreaz\u0103 armonios cu para du\u0219 discret\u0103 a robinetului \u00eencastrat, precum \u0219i cu comutatorul pentru cad\u0103 -du\u0219 \u0219i m\u00e2nerul ergonomic, u\u0219or de utilizat, vizibile din exterior. Confortul \u00een timpul du\u0219ului este garantat de para pentru du\u0219 cu o func\u021bie, av\u00e2nd linii caracteristice longitudinale, u\u0219or rotunjite. Setul du\u0219 ZAFFIRO \u00een nuan\u021b\u0103 gold reprezint\u0103 alegerea perfect\u0103 pentru interioarele moderne cu accente clasice. De asemenea, se va potrivi impecabil \u00eentr-un decor de baie minimalist, ad\u0103ug\u00e2nd un accent cald \u0219i decorativ \u00een culori aurii.<\/p>\n","protected":false},"excerpt":{"rendered":"<p>Finisajul elegant auriu, subliniaz\u0103 cu gra\u021bie formele bl\u00e2nde ale acestui sistem de du\u0219 rafinat. Capul de du\u0219 plat, rotund, de<\/p>\n","protected":false},"featured_media":18114,"template":"","meta":[],"product_brand":[],"product_cat":[3502,359,334],"product_tag":[],"class_list":{"0":"post-7682","1":"product","2":"type-product","3":"status-publish","4":"has-post-thumbnail","6":"product_cat-baterii-fdesign","7":"product_cat-sisteme-de-dus","8":"product_cat-sanitare","9":"pa_colectie-zaffiro-gold","10":"pa_culoare-auriu","11":"pa_fabrica-fdesign","12":"pa_garantie-7ani","13":"pa_material-alama","14":"pa_montaj-pe-perete","16":"first","17":"instock","18":"purchasable","19":"product-type-simple"},"yoast_head":"<!-- This site is optimized with the Yoast SEO Premium plugin v21.6 (Yoast SEO v22.1) - https:\/\/yoast.com\/wordpress\/plugins\/seo\/ -->\n<title>SISTEM DU\u0218 6 \u00een 1 ZAFFIRO GOLD FD1-ZFR-7PSET1-55 - Edyceramic - magazin online<\/title>\n<meta name=\"robots\" content=\"index, follow, max-snippet:-1, max-image-preview:large, max-video-preview:-1\" \/>\n<link rel=\"canonical\" href=\"https:\/\/edyceramic-shop.ro\/ro\/produs\/sistem-dus-6-in-1-zaffiro-gold-fd1-zfr-7pset1-55\/\" \/>\n<meta property=\"og:locale\" content=\"ro_RO\" \/>\n<meta property=\"og:type\" content=\"article\" \/>\n<meta property=\"og:title\" content=\"SISTEM DU\u0218 6 \u00een 1 ZAFFIRO GOLD FD1-ZFR-7PSET1-55\" \/>\n<meta property=\"og:description\" content=\"Finisajul elegant auriu, subliniaz\u0103 cu gra\u021bie formele bl\u00e2nde ale acestui sistem de du\u0219 rafinat. Capul de du\u0219 plat, rotund, de\" \/>\n<meta property=\"og:url\" content=\"https:\/\/edyceramic-shop.ro\/ro\/produs\/sistem-dus-6-in-1-zaffiro-gold-fd1-zfr-7pset1-55\/\" \/>\n<meta property=\"og:site_name\" content=\"Edyceramic - magazin online\" \/>\n<meta property=\"article:modified_time\" content=\"2025-08-01T11:32:25+00:00\" \/>\n<meta property=\"og:image\" content=\"https:\/\/edyceramic-shop.ro\/wp-content\/uploads\/2024\/09\/FD1-ZFR-7PSET1-55.webp\" \/>\n\t<meta property=\"og:image:width\" content=\"1200\" \/>\n\t<meta property=\"og:image:height\" content=\"1209\" \/>\n\t<meta property=\"og:image:type\" content=\"image\/webp\" \/>\n<meta name=\"twitter:card\" content=\"summary_large_image\" \/>\n<meta name=\"twitter:label1\" content=\"Pre\u021b\" \/>\n\t<meta name=\"twitter:data1\" content=\"2.483,00&nbsp;lei\" \/>\n\t<meta name=\"twitter:label2\" content=\"Disponibilitate\" \/>\n\t<meta name=\"twitter:data2\" content=\"\u00cen stoc\" \/>\n<script type=\"application\/ld+json\" class=\"yoast-schema-graph\">{\"@context\":\"https:\/\/schema.org\",\"@graph\":[{\"@type\":\"WebPage\",\"@id\":\"https:\/\/edyceramic-shop.ro\/produs\/sistem-dus-6-in-1-zaffiro-gold-fd1-zfr-7pset1-55\/\",\"url\":\"https:\/\/edyceramic-shop.ro\/produs\/sistem-dus-6-in-1-zaffiro-gold-fd1-zfr-7pset1-55\/\",\"name\":\"SISTEM DU\u0218 6 \u00een 1 ZAFFIRO GOLD FD1-ZFR-7PSET1-55 - Edyceramic - magazin online\",\"isPartOf\":{\"@id\":\"https:\/\/edyceramic-shop.ro\/ro\/#website\"},\"datePublished\":\"2024-09-22T20:24:00+00:00\",\"dateModified\":\"2025-08-01T11:32:25+00:00\",\"breadcrumb\":{\"@id\":\"https:\/\/edyceramic-shop.ro\/produs\/sistem-dus-6-in-1-zaffiro-gold-fd1-zfr-7pset1-55\/#breadcrumb\"},\"inLanguage\":\"ro-RO\",\"potentialAction\":[{\"@type\":\"ReadAction\",\"target\":[\"https:\/\/edyceramic-shop.ro\/produs\/sistem-dus-6-in-1-zaffiro-gold-fd1-zfr-7pset1-55\/\"]}]},{\"@type\":\"BreadcrumbList\",\"@id\":\"https:\/\/edyceramic-shop.ro\/produs\/sistem-dus-6-in-1-zaffiro-gold-fd1-zfr-7pset1-55\/#breadcrumb\",\"itemListElement\":[{\"@type\":\"ListItem\",\"position\":1,\"name\":\"Home\",\"item\":\"https:\/\/edyceramic-shop.ro\/\"},{\"@type\":\"ListItem\",\"position\":2,\"name\":\"Shop\",\"item\":\"https:\/\/edyceramic-shop.ro\/ro\/shop\/\"},{\"@type\":\"ListItem\",\"position\":3,\"name\":\"SISTEM DU\u0218 6 \u00een 1 ZAFFIRO GOLD FD1-ZFR-7PSET1-55\"}]},{\"@type\":\"WebSite\",\"@id\":\"https:\/\/edyceramic-shop.ro\/ro\/#website\",\"url\":\"https:\/\/edyceramic-shop.ro\/ro\/\",\"name\":\"edyceramic.ro\",\"description\":\"\",\"publisher\":{\"@id\":\"https:\/\/edyceramic-shop.ro\/ro\/#organization\"},\"potentialAction\":[{\"@type\":\"SearchAction\",\"target\":{\"@type\":\"EntryPoint\",\"urlTemplate\":\"https:\/\/edyceramic-shop.ro\/ro\/?s={search_term_string}\"},\"query-input\":\"required name=search_term_string\"}],\"inLanguage\":\"ro-RO\"},{\"@type\":\"Organization\",\"@id\":\"https:\/\/edyceramic-shop.ro\/ro\/#organization\",\"name\":\"Edyceramic\",\"url\":\"https:\/\/edyceramic-shop.ro\/ro\/\",\"logo\":{\"@type\":\"ImageObject\",\"inLanguage\":\"ro-RO\",\"@id\":\"https:\/\/edyceramic-shop.ro\/ro\/#\/schema\/logo\/image\/\",\"url\":\"https:\/\/edyceramic-shop.ro\/wp-content\/uploads\/2024\/02\/Logo-EdyCeramic_2021-lung.png\",\"contentUrl\":\"https:\/\/edyceramic-shop.ro\/wp-content\/uploads\/2024\/02\/Logo-EdyCeramic_2021-lung.png\",\"width\":4491,\"height\":769,\"caption\":\"Edyceramic\"},\"image\":{\"@id\":\"https:\/\/edyceramic-shop.ro\/ro\/#\/schema\/logo\/image\/\"}}]}<\/script>\n<meta property=\"product:price:amount\" content=\"2483.00\" \/>\n<meta property=\"product:price:currency\" content=\"RON\" \/>\n<meta property=\"og:availability\" content=\"instock\" \/>\n<meta property=\"product:availability\" content=\"instock\" \/>\n<meta property=\"product:retailer_item_id\" content=\"23b031a081e9\" \/>\n<meta property=\"product:condition\" content=\"new\" \/>\n<!-- \/ Yoast SEO Premium plugin. -->","yoast_head_json":{"title":"SISTEM DU\u0218 6 \u00een 1 ZAFFIRO GOLD FD1-ZFR-7PSET1-55 - Edyceramic - magazin online","robots":{"index":"index","follow":"follow","max-snippet":"max-snippet:-1","max-image-preview":"max-image-preview:large","max-video-preview":"max-video-preview:-1"},"canonical":"https:\/\/edyceramic-shop.ro\/ro\/produs\/sistem-dus-6-in-1-zaffiro-gold-fd1-zfr-7pset1-55\/","og_locale":"ro_RO","og_type":"article","og_title":"SISTEM DU\u0218 6 \u00een 1 ZAFFIRO GOLD FD1-ZFR-7PSET1-55","og_description":"Finisajul elegant auriu, subliniaz\u0103 cu gra\u021bie formele bl\u00e2nde ale acestui sistem de du\u0219 rafinat. Capul de du\u0219 plat, rotund, de","og_url":"https:\/\/edyceramic-shop.ro\/ro\/produs\/sistem-dus-6-in-1-zaffiro-gold-fd1-zfr-7pset1-55\/","og_site_name":"Edyceramic - magazin online","article_modified_time":"2025-08-01T11:32:25+00:00","og_image":[{"width":1200,"height":1209,"url":"https:\/\/edyceramic-shop.ro\/wp-content\/uploads\/2024\/09\/FD1-ZFR-7PSET1-55.webp","type":"image\/webp"}],"twitter_card":"summary_large_image","twitter_misc":{"Pre\u021b":"2.483,00&nbsp;lei","Disponibilitate":"\u00cen stoc"},"schema":{"@context":"https:\/\/schema.org","@graph":[{"@type":"WebPage","@id":"https:\/\/edyceramic-shop.ro\/produs\/sistem-dus-6-in-1-zaffiro-gold-fd1-zfr-7pset1-55\/","url":"https:\/\/edyceramic-shop.ro\/produs\/sistem-dus-6-in-1-zaffiro-gold-fd1-zfr-7pset1-55\/","name":"SISTEM DU\u0218 6 \u00een 1 ZAFFIRO GOLD FD1-ZFR-7PSET1-55 - Edyceramic - magazin online","isPartOf":{"@id":"https:\/\/edyceramic-shop.ro\/ro\/#website"},"datePublished":"2024-09-22T20:24:00+00:00","dateModified":"2025-08-01T11:32:25+00:00","breadcrumb":{"@id":"https:\/\/edyceramic-shop.ro\/produs\/sistem-dus-6-in-1-zaffiro-gold-fd1-zfr-7pset1-55\/#breadcrumb"},"inLanguage":"ro-RO","potentialAction":[{"@type":"ReadAction","target":["https:\/\/edyceramic-shop.ro\/produs\/sistem-dus-6-in-1-zaffiro-gold-fd1-zfr-7pset1-55\/"]}]},{"@type":"BreadcrumbList","@id":"https:\/\/edyceramic-shop.ro\/produs\/sistem-dus-6-in-1-zaffiro-gold-fd1-zfr-7pset1-55\/#breadcrumb","itemListElement":[{"@type":"ListItem","position":1,"name":"Home","item":"https:\/\/edyceramic-shop.ro\/"},{"@type":"ListItem","position":2,"name":"Shop","item":"https:\/\/edyceramic-shop.ro\/ro\/shop\/"},{"@type":"ListItem","position":3,"name":"SISTEM DU\u0218 6 \u00een 1 ZAFFIRO GOLD FD1-ZFR-7PSET1-55"}]},{"@type":"WebSite","@id":"https:\/\/edyceramic-shop.ro\/ro\/#website","url":"https:\/\/edyceramic-shop.ro\/ro\/","name":"edyceramic.ro","description":"","publisher":{"@id":"https:\/\/edyceramic-shop.ro\/ro\/#organization"},"potentialAction":[{"@type":"SearchAction","target":{"@type":"EntryPoint","urlTemplate":"https:\/\/edyceramic-shop.ro\/ro\/?s={search_term_string}"},"query-input":"required name=search_term_string"}],"inLanguage":"ro-RO"},{"@type":"Organization","@id":"https:\/\/edyceramic-shop.ro\/ro\/#organization","name":"Edyceramic","url":"https:\/\/edyceramic-shop.ro\/ro\/","logo":{"@type":"ImageObject","inLanguage":"ro-RO","@id":"https:\/\/edyceramic-shop.ro\/ro\/#\/schema\/logo\/image\/","url":"https:\/\/edyceramic-shop.ro\/wp-content\/uploads\/2024\/02\/Logo-EdyCeramic_2021-lung.png","contentUrl":"https:\/\/edyceramic-shop.ro\/wp-content\/uploads\/2024\/02\/Logo-EdyCeramic_2021-lung.png","width":4491,"height":769,"caption":"Edyceramic"},"image":{"@id":"https:\/\/edyceramic-shop.ro\/ro\/#\/schema\/logo\/image\/"}}]},"product_price_amount":"2483.00","product_price_currency":"RON","og_availability":"instock","product_availability":"instock","product_retailer_item_id":"23b031a081e9","product_condition":"new"},"jetpack_sharing_enabled":true,"_links":{"self":[{"href":"https:\/\/edyceramic-shop.ro\/ro\/wp-json\/wp\/v2\/product\/7682","targetHints":{"allow":["GET"]}}],"collection":[{"href":"https:\/\/edyceramic-shop.ro\/ro\/wp-json\/wp\/v2\/product"}],"about":[{"href":"https:\/\/edyceramic-shop.ro\/ro\/wp-json\/wp\/v2\/types\/product"}],"version-history":[{"count":1,"href":"https:\/\/edyceramic-shop.ro\/ro\/wp-json\/wp\/v2\/product\/7682\/revisions"}],"predecessor-version":[{"id":18113,"href":"https:\/\/edyceramic-shop.ro\/ro\/wp-json\/wp\/v2\/product\/7682\/revisions\/18113"}],"wp:featuredmedia":[{"embeddable":true,"href":"https:\/\/edyceramic-shop.ro\/ro\/wp-json\/wp\/v2\/media\/18114"}],"wp:attachment":[{"href":"https:\/\/edyceramic-shop.ro\/ro\/wp-json\/wp\/v2\/media?parent=7682"}],"wp:term":[{"taxonomy":"product_brand","embeddable":true,"href":"https:\/\/edyceramic-shop.ro\/ro\/wp-json\/wp\/v2\/product_brand?post=7682"},{"taxonomy":"product_cat","embeddable":true,"href":"https:\/\/edyceramic-shop.ro\/ro\/wp-json\/wp\/v2\/product_cat?post=7682"},{"taxonomy":"product_tag","embeddable":true,"href":"https:\/\/edyceramic-shop.ro\/ro\/wp-json\/wp\/v2\/product_tag?post=7682"}],"curies":[{"name":"wp","href":"https:\/\/api.w.org\/{rel}","templated":true}]}}