{"id":7674,"date":"2024-09-22T20:24:00","date_gmt":"2024-09-22T20:24:00","guid":{"rendered":"https:\/\/edyceramic-shop.ro\/produs\/baterie-perete-dus-zaffiro-gold-fd1-zfr-7-55\/"},"modified":"2025-08-01T13:32:24","modified_gmt":"2025-08-01T11:32:24","slug":"baterie-perete-dus-zaffiro-gold-fd1-zfr-7-55","status":"publish","type":"product","link":"https:\/\/edyceramic-shop.ro\/ro\/produs\/baterie-perete-dus-zaffiro-gold-fd1-zfr-7-55\/","title":{"rendered":"BATERIE PERETE DU\u0218 ZAFFIRO GOLD FD1-ZFR-7-55"},"content":{"rendered":"<p>Bateria de du\u0219 trebuie s\u0103 fie func\u021bional\u0103 \u0219i s\u0103 se potriveasc\u0103 perfect cu designul setului de du\u0219, cre\u00e2nd astfel o unitate coerent\u0103 din punct de vedere stilistic. Toate aceste cerin\u021be sunt \u00eendeplinite cu succes de bateria pentru du\u0219 ZAFFIRO. Aceasta ofer\u0103 un confort maxim \u0219i o estetic\u0103 deosebit\u0103, iar \u00eempreun\u0103 cu alte modele din aceea\u0219i colec\u021bie, putem contura un spa\u021biu de baie \u00een tendin\u021be, \u00een spiritul minimalismului. M\u00e2nerul ofer\u0103 lejeritate de manevrare, iar corpul masiv asigur\u0103 \u00een acela\u0219i timp confortul \u00een utilizare. Durabilitatea \u0219i fiabilitatea bateriei sunt garantate de un regulator ceramic.<\/p>\n","protected":false},"excerpt":{"rendered":"<p>Bateria de du\u0219 trebuie s\u0103 fie func\u021bional\u0103 \u0219i s\u0103 se potriveasc\u0103 perfect cu designul setului de du\u0219, cre\u00e2nd astfel o<\/p>\n","protected":false},"featured_media":18102,"template":"","meta":[],"product_brand":[],"product_cat":[3502,366,334,371],"product_tag":[],"class_list":{"0":"post-7674","1":"product","2":"type-product","3":"status-publish","4":"has-post-thumbnail","6":"product_cat-baterii-fdesign","7":"product_cat-baterii-de-baie","8":"product_cat-sanitare","9":"product_cat-baterii-dus","10":"pa_colectie-zaffiro-gold","11":"pa_culoare-auriu","12":"pa_fabrica-fdesign","13":"pa_garantie-7ani","14":"pa_material-alama","15":"pa_montaj-pe-perete","17":"first","18":"instock","19":"purchasable","20":"product-type-simple"},"yoast_head":"<!-- This site is optimized with the Yoast SEO Premium plugin v21.6 (Yoast SEO v22.1) - https:\/\/yoast.com\/wordpress\/plugins\/seo\/ -->\n<title>BATERIE PERETE DU\u0218 ZAFFIRO GOLD FD1-ZFR-7-55 - Edyceramic - magazin online<\/title>\n<meta name=\"robots\" content=\"index, follow, max-snippet:-1, max-image-preview:large, max-video-preview:-1\" \/>\n<link rel=\"canonical\" href=\"https:\/\/edyceramic-shop.ro\/ro\/produs\/baterie-perete-dus-zaffiro-gold-fd1-zfr-7-55\/\" \/>\n<meta property=\"og:locale\" content=\"ro_RO\" \/>\n<meta property=\"og:type\" content=\"article\" \/>\n<meta property=\"og:title\" content=\"BATERIE PERETE DU\u0218 ZAFFIRO GOLD FD1-ZFR-7-55\" \/>\n<meta property=\"og:description\" content=\"Bateria de du\u0219 trebuie s\u0103 fie func\u021bional\u0103 \u0219i s\u0103 se potriveasc\u0103 perfect cu designul setului de du\u0219, cre\u00e2nd astfel o\" \/>\n<meta property=\"og:url\" content=\"https:\/\/edyceramic-shop.ro\/ro\/produs\/baterie-perete-dus-zaffiro-gold-fd1-zfr-7-55\/\" \/>\n<meta property=\"og:site_name\" content=\"Edyceramic - magazin online\" \/>\n<meta property=\"article:modified_time\" content=\"2025-08-01T11:32:24+00:00\" \/>\n<meta property=\"og:image\" content=\"https:\/\/edyceramic-shop.ro\/wp-content\/uploads\/2024\/09\/FD1-ZFR-7-55.webp\" \/>\n\t<meta property=\"og:image:width\" content=\"1200\" \/>\n\t<meta property=\"og:image:height\" content=\"798\" \/>\n\t<meta property=\"og:image:type\" content=\"image\/webp\" \/>\n<meta name=\"twitter:card\" content=\"summary_large_image\" \/>\n<meta name=\"twitter:label1\" content=\"Pre\u021b\" \/>\n\t<meta name=\"twitter:data1\" content=\"732,00&nbsp;lei\" \/>\n\t<meta name=\"twitter:label2\" content=\"Disponibilitate\" \/>\n\t<meta name=\"twitter:data2\" content=\"\u00cen stoc\" \/>\n<script type=\"application\/ld+json\" class=\"yoast-schema-graph\">{\"@context\":\"https:\/\/schema.org\",\"@graph\":[{\"@type\":\"WebPage\",\"@id\":\"https:\/\/edyceramic-shop.ro\/produs\/baterie-perete-dus-zaffiro-gold-fd1-zfr-7-55\/\",\"url\":\"https:\/\/edyceramic-shop.ro\/produs\/baterie-perete-dus-zaffiro-gold-fd1-zfr-7-55\/\",\"name\":\"BATERIE PERETE DU\u0218 ZAFFIRO GOLD FD1-ZFR-7-55 - Edyceramic - magazin online\",\"isPartOf\":{\"@id\":\"https:\/\/edyceramic-shop.ro\/ro\/#website\"},\"datePublished\":\"2024-09-22T20:24:00+00:00\",\"dateModified\":\"2025-08-01T11:32:24+00:00\",\"breadcrumb\":{\"@id\":\"https:\/\/edyceramic-shop.ro\/produs\/baterie-perete-dus-zaffiro-gold-fd1-zfr-7-55\/#breadcrumb\"},\"inLanguage\":\"ro-RO\",\"potentialAction\":[{\"@type\":\"ReadAction\",\"target\":[\"https:\/\/edyceramic-shop.ro\/produs\/baterie-perete-dus-zaffiro-gold-fd1-zfr-7-55\/\"]}]},{\"@type\":\"BreadcrumbList\",\"@id\":\"https:\/\/edyceramic-shop.ro\/produs\/baterie-perete-dus-zaffiro-gold-fd1-zfr-7-55\/#breadcrumb\",\"itemListElement\":[{\"@type\":\"ListItem\",\"position\":1,\"name\":\"Home\",\"item\":\"https:\/\/edyceramic-shop.ro\/\"},{\"@type\":\"ListItem\",\"position\":2,\"name\":\"Shop\",\"item\":\"https:\/\/edyceramic-shop.ro\/ro\/shop\/\"},{\"@type\":\"ListItem\",\"position\":3,\"name\":\"BATERIE PERETE DU\u0218 ZAFFIRO GOLD FD1-ZFR-7-55\"}]},{\"@type\":\"WebSite\",\"@id\":\"https:\/\/edyceramic-shop.ro\/ro\/#website\",\"url\":\"https:\/\/edyceramic-shop.ro\/ro\/\",\"name\":\"edyceramic.ro\",\"description\":\"\",\"publisher\":{\"@id\":\"https:\/\/edyceramic-shop.ro\/ro\/#organization\"},\"potentialAction\":[{\"@type\":\"SearchAction\",\"target\":{\"@type\":\"EntryPoint\",\"urlTemplate\":\"https:\/\/edyceramic-shop.ro\/ro\/?s={search_term_string}\"},\"query-input\":\"required name=search_term_string\"}],\"inLanguage\":\"ro-RO\"},{\"@type\":\"Organization\",\"@id\":\"https:\/\/edyceramic-shop.ro\/ro\/#organization\",\"name\":\"Edyceramic\",\"url\":\"https:\/\/edyceramic-shop.ro\/ro\/\",\"logo\":{\"@type\":\"ImageObject\",\"inLanguage\":\"ro-RO\",\"@id\":\"https:\/\/edyceramic-shop.ro\/ro\/#\/schema\/logo\/image\/\",\"url\":\"https:\/\/edyceramic-shop.ro\/wp-content\/uploads\/2024\/02\/Logo-EdyCeramic_2021-lung.png\",\"contentUrl\":\"https:\/\/edyceramic-shop.ro\/wp-content\/uploads\/2024\/02\/Logo-EdyCeramic_2021-lung.png\",\"width\":4491,\"height\":769,\"caption\":\"Edyceramic\"},\"image\":{\"@id\":\"https:\/\/edyceramic-shop.ro\/ro\/#\/schema\/logo\/image\/\"}}]}<\/script>\n<meta property=\"product:price:amount\" content=\"732.00\" \/>\n<meta property=\"product:price:currency\" content=\"RON\" \/>\n<meta property=\"og:availability\" content=\"instock\" \/>\n<meta property=\"product:availability\" content=\"instock\" \/>\n<meta property=\"product:retailer_item_id\" content=\"06e4b1437e8c\" \/>\n<meta property=\"product:condition\" content=\"new\" \/>\n<!-- \/ Yoast SEO Premium plugin. -->","yoast_head_json":{"title":"BATERIE PERETE DU\u0218 ZAFFIRO GOLD FD1-ZFR-7-55 - Edyceramic - magazin online","robots":{"index":"index","follow":"follow","max-snippet":"max-snippet:-1","max-image-preview":"max-image-preview:large","max-video-preview":"max-video-preview:-1"},"canonical":"https:\/\/edyceramic-shop.ro\/ro\/produs\/baterie-perete-dus-zaffiro-gold-fd1-zfr-7-55\/","og_locale":"ro_RO","og_type":"article","og_title":"BATERIE PERETE DU\u0218 ZAFFIRO GOLD FD1-ZFR-7-55","og_description":"Bateria de du\u0219 trebuie s\u0103 fie func\u021bional\u0103 \u0219i s\u0103 se potriveasc\u0103 perfect cu designul setului de du\u0219, cre\u00e2nd astfel o","og_url":"https:\/\/edyceramic-shop.ro\/ro\/produs\/baterie-perete-dus-zaffiro-gold-fd1-zfr-7-55\/","og_site_name":"Edyceramic - magazin online","article_modified_time":"2025-08-01T11:32:24+00:00","og_image":[{"width":1200,"height":798,"url":"https:\/\/edyceramic-shop.ro\/wp-content\/uploads\/2024\/09\/FD1-ZFR-7-55.webp","type":"image\/webp"}],"twitter_card":"summary_large_image","twitter_misc":{"Pre\u021b":"732,00&nbsp;lei","Disponibilitate":"\u00cen stoc"},"schema":{"@context":"https:\/\/schema.org","@graph":[{"@type":"WebPage","@id":"https:\/\/edyceramic-shop.ro\/produs\/baterie-perete-dus-zaffiro-gold-fd1-zfr-7-55\/","url":"https:\/\/edyceramic-shop.ro\/produs\/baterie-perete-dus-zaffiro-gold-fd1-zfr-7-55\/","name":"BATERIE PERETE DU\u0218 ZAFFIRO GOLD FD1-ZFR-7-55 - Edyceramic - magazin online","isPartOf":{"@id":"https:\/\/edyceramic-shop.ro\/ro\/#website"},"datePublished":"2024-09-22T20:24:00+00:00","dateModified":"2025-08-01T11:32:24+00:00","breadcrumb":{"@id":"https:\/\/edyceramic-shop.ro\/produs\/baterie-perete-dus-zaffiro-gold-fd1-zfr-7-55\/#breadcrumb"},"inLanguage":"ro-RO","potentialAction":[{"@type":"ReadAction","target":["https:\/\/edyceramic-shop.ro\/produs\/baterie-perete-dus-zaffiro-gold-fd1-zfr-7-55\/"]}]},{"@type":"BreadcrumbList","@id":"https:\/\/edyceramic-shop.ro\/produs\/baterie-perete-dus-zaffiro-gold-fd1-zfr-7-55\/#breadcrumb","itemListElement":[{"@type":"ListItem","position":1,"name":"Home","item":"https:\/\/edyceramic-shop.ro\/"},{"@type":"ListItem","position":2,"name":"Shop","item":"https:\/\/edyceramic-shop.ro\/ro\/shop\/"},{"@type":"ListItem","position":3,"name":"BATERIE PERETE DU\u0218 ZAFFIRO GOLD FD1-ZFR-7-55"}]},{"@type":"WebSite","@id":"https:\/\/edyceramic-shop.ro\/ro\/#website","url":"https:\/\/edyceramic-shop.ro\/ro\/","name":"edyceramic.ro","description":"","publisher":{"@id":"https:\/\/edyceramic-shop.ro\/ro\/#organization"},"potentialAction":[{"@type":"SearchAction","target":{"@type":"EntryPoint","urlTemplate":"https:\/\/edyceramic-shop.ro\/ro\/?s={search_term_string}"},"query-input":"required name=search_term_string"}],"inLanguage":"ro-RO"},{"@type":"Organization","@id":"https:\/\/edyceramic-shop.ro\/ro\/#organization","name":"Edyceramic","url":"https:\/\/edyceramic-shop.ro\/ro\/","logo":{"@type":"ImageObject","inLanguage":"ro-RO","@id":"https:\/\/edyceramic-shop.ro\/ro\/#\/schema\/logo\/image\/","url":"https:\/\/edyceramic-shop.ro\/wp-content\/uploads\/2024\/02\/Logo-EdyCeramic_2021-lung.png","contentUrl":"https:\/\/edyceramic-shop.ro\/wp-content\/uploads\/2024\/02\/Logo-EdyCeramic_2021-lung.png","width":4491,"height":769,"caption":"Edyceramic"},"image":{"@id":"https:\/\/edyceramic-shop.ro\/ro\/#\/schema\/logo\/image\/"}}]},"product_price_amount":"732.00","product_price_currency":"RON","og_availability":"instock","product_availability":"instock","product_retailer_item_id":"06e4b1437e8c","product_condition":"new"},"jetpack_sharing_enabled":true,"_links":{"self":[{"href":"https:\/\/edyceramic-shop.ro\/ro\/wp-json\/wp\/v2\/product\/7674","targetHints":{"allow":["GET"]}}],"collection":[{"href":"https:\/\/edyceramic-shop.ro\/ro\/wp-json\/wp\/v2\/product"}],"about":[{"href":"https:\/\/edyceramic-shop.ro\/ro\/wp-json\/wp\/v2\/types\/product"}],"version-history":[{"count":1,"href":"https:\/\/edyceramic-shop.ro\/ro\/wp-json\/wp\/v2\/product\/7674\/revisions"}],"predecessor-version":[{"id":18101,"href":"https:\/\/edyceramic-shop.ro\/ro\/wp-json\/wp\/v2\/product\/7674\/revisions\/18101"}],"wp:featuredmedia":[{"embeddable":true,"href":"https:\/\/edyceramic-shop.ro\/ro\/wp-json\/wp\/v2\/media\/18102"}],"wp:attachment":[{"href":"https:\/\/edyceramic-shop.ro\/ro\/wp-json\/wp\/v2\/media?parent=7674"}],"wp:term":[{"taxonomy":"product_brand","embeddable":true,"href":"https:\/\/edyceramic-shop.ro\/ro\/wp-json\/wp\/v2\/product_brand?post=7674"},{"taxonomy":"product_cat","embeddable":true,"href":"https:\/\/edyceramic-shop.ro\/ro\/wp-json\/wp\/v2\/product_cat?post=7674"},{"taxonomy":"product_tag","embeddable":true,"href":"https:\/\/edyceramic-shop.ro\/ro\/wp-json\/wp\/v2\/product_tag?post=7674"}],"curies":[{"name":"wp","href":"https:\/\/api.w.org\/{rel}","templated":true}]}}