{"id":7652,"date":"2024-09-22T20:23:13","date_gmt":"2024-09-22T20:23:13","guid":{"rendered":"https:\/\/edyceramic-shop.ro\/produs\/baterie-stativa-lavoar-inalta-zaffiro-white-fd1-zfr-2l-33\/"},"modified":"2025-08-01T13:32:23","modified_gmt":"2025-08-01T11:32:23","slug":"baterie-stativa-lavoar-inalta-zaffiro-white-fd1-zfr-2l-33","status":"publish","type":"product","link":"https:\/\/edyceramic-shop.ro\/ro\/produs\/baterie-stativa-lavoar-inalta-zaffiro-white-fd1-zfr-2l-33\/","title":{"rendered":"BATERIE STATIV\u0102 LAVOAR \u00ceNALT\u0102 ZAFFIRO WHITE FD1-ZFR-2L-33"},"content":{"rendered":"<p>Bateria \u00eenalt\u0103 pentru lavoar ZAFFIRO este conceput\u0103 special pentru chiuvetele montate pe blat \u0219i se remarc\u0103 prin forma sub\u021bire \u0219i unic\u0103, inspirat\u0103 din contrastul dintre dreptunghi \u0219i oval. Dispune de propor\u021bii excelente \u0219i un m\u00e2ner deschis ergonomic pentru o utilizare confortabil\u0103. Designul original, inspirat din stilul industrial, se integreaz\u0103 perfect \u00een b\u0103ile moderne \u0219i minimaliste. Disponibil\u0103 \u00een finisaj alb mat, aduce o not\u0103 de elegan\u021b\u0103 \u0219i rafinament \u00een baie. Realizat din alam\u0103 sanitar\u0103 durabil\u0103, acest robinet este prev\u0103zut cu un cartu\u0219 ceramic \u0219i un ventil click-clack, asigur\u00e2nd durabilitate \u0219i performan\u021b\u0103 pe termen lung. Lungimea furtunurilor de conectare este de 35 cm, iar aeratoarele integrate reduc consumul de ap\u0103 cu p\u00e2n\u0103 la 50%, contribuind la eficien\u021ba energetic\u0103 a \u00eentregului sistem.<\/p>\n","protected":false},"excerpt":{"rendered":"<p>Bateria \u00eenalt\u0103 pentru lavoar ZAFFIRO este conceput\u0103 special pentru chiuvetele montate pe blat \u0219i se remarc\u0103 prin forma sub\u021bire \u0219i<\/p>\n","protected":false},"featured_media":18070,"template":"","meta":[],"product_brand":[],"product_cat":[3502,367,366,334],"product_tag":[],"class_list":{"0":"post-7652","1":"product","2":"type-product","3":"status-publish","4":"has-post-thumbnail","6":"product_cat-baterii-fdesign","7":"product_cat-baterii-lavoar","8":"product_cat-baterii-de-baie","9":"product_cat-sanitare","10":"pa_colectie-zaffiro-white","11":"pa_culoare-alb","12":"pa_dimensiune-308mm","13":"pa_fabrica-fdesign","14":"pa_garantie-7ani","15":"pa_material-alama","16":"pa_montaj-pe-lavoar","18":"first","19":"instock","20":"purchasable","21":"product-type-simple"},"yoast_head":"<!-- This site is optimized with the Yoast SEO Premium plugin v21.6 (Yoast SEO v22.1) - https:\/\/yoast.com\/wordpress\/plugins\/seo\/ -->\n<title>BATERIE STATIV\u0102 LAVOAR \u00ceNALT\u0102 ZAFFIRO WHITE FD1-ZFR-2L-33 - Edyceramic - magazin online<\/title>\n<meta name=\"robots\" content=\"index, follow, max-snippet:-1, max-image-preview:large, max-video-preview:-1\" \/>\n<link rel=\"canonical\" href=\"https:\/\/edyceramic-shop.ro\/ro\/produs\/baterie-stativa-lavoar-inalta-zaffiro-white-fd1-zfr-2l-33\/\" \/>\n<meta property=\"og:locale\" content=\"ro_RO\" \/>\n<meta property=\"og:type\" content=\"article\" \/>\n<meta property=\"og:title\" content=\"BATERIE STATIV\u0102 LAVOAR \u00ceNALT\u0102 ZAFFIRO WHITE FD1-ZFR-2L-33\" \/>\n<meta property=\"og:description\" content=\"Bateria \u00eenalt\u0103 pentru lavoar ZAFFIRO este conceput\u0103 special pentru chiuvetele montate pe blat \u0219i se remarc\u0103 prin forma sub\u021bire \u0219i\" \/>\n<meta property=\"og:url\" content=\"https:\/\/edyceramic-shop.ro\/ro\/produs\/baterie-stativa-lavoar-inalta-zaffiro-white-fd1-zfr-2l-33\/\" \/>\n<meta property=\"og:site_name\" content=\"Edyceramic - magazin online\" \/>\n<meta property=\"article:modified_time\" content=\"2025-08-01T11:32:23+00:00\" \/>\n<meta property=\"og:image\" content=\"https:\/\/edyceramic-shop.ro\/wp-content\/uploads\/2024\/09\/FD1-ZFR-2L-33.webp\" \/>\n\t<meta property=\"og:image:width\" content=\"1200\" \/>\n\t<meta property=\"og:image:height\" content=\"1654\" \/>\n\t<meta property=\"og:image:type\" content=\"image\/webp\" \/>\n<meta name=\"twitter:card\" content=\"summary_large_image\" \/>\n<meta name=\"twitter:label1\" content=\"Pre\u021b\" \/>\n\t<meta name=\"twitter:data1\" content=\"907,00&nbsp;lei\" \/>\n\t<meta name=\"twitter:label2\" content=\"Disponibilitate\" \/>\n\t<meta name=\"twitter:data2\" content=\"\u00cen stoc\" \/>\n<script type=\"application\/ld+json\" class=\"yoast-schema-graph\">{\"@context\":\"https:\/\/schema.org\",\"@graph\":[{\"@type\":\"WebPage\",\"@id\":\"https:\/\/edyceramic-shop.ro\/produs\/baterie-stativa-lavoar-inalta-zaffiro-white-fd1-zfr-2l-33\/\",\"url\":\"https:\/\/edyceramic-shop.ro\/produs\/baterie-stativa-lavoar-inalta-zaffiro-white-fd1-zfr-2l-33\/\",\"name\":\"BATERIE STATIV\u0102 LAVOAR \u00ceNALT\u0102 ZAFFIRO WHITE FD1-ZFR-2L-33 - Edyceramic - magazin online\",\"isPartOf\":{\"@id\":\"https:\/\/edyceramic-shop.ro\/ro\/#website\"},\"datePublished\":\"2024-09-22T20:23:13+00:00\",\"dateModified\":\"2025-08-01T11:32:23+00:00\",\"breadcrumb\":{\"@id\":\"https:\/\/edyceramic-shop.ro\/produs\/baterie-stativa-lavoar-inalta-zaffiro-white-fd1-zfr-2l-33\/#breadcrumb\"},\"inLanguage\":\"ro-RO\",\"potentialAction\":[{\"@type\":\"ReadAction\",\"target\":[\"https:\/\/edyceramic-shop.ro\/produs\/baterie-stativa-lavoar-inalta-zaffiro-white-fd1-zfr-2l-33\/\"]}]},{\"@type\":\"BreadcrumbList\",\"@id\":\"https:\/\/edyceramic-shop.ro\/produs\/baterie-stativa-lavoar-inalta-zaffiro-white-fd1-zfr-2l-33\/#breadcrumb\",\"itemListElement\":[{\"@type\":\"ListItem\",\"position\":1,\"name\":\"Home\",\"item\":\"https:\/\/edyceramic-shop.ro\/\"},{\"@type\":\"ListItem\",\"position\":2,\"name\":\"Shop\",\"item\":\"https:\/\/edyceramic-shop.ro\/ro\/shop\/\"},{\"@type\":\"ListItem\",\"position\":3,\"name\":\"BATERIE STATIV\u0102 LAVOAR \u00ceNALT\u0102 ZAFFIRO WHITE FD1-ZFR-2L-33\"}]},{\"@type\":\"WebSite\",\"@id\":\"https:\/\/edyceramic-shop.ro\/ro\/#website\",\"url\":\"https:\/\/edyceramic-shop.ro\/ro\/\",\"name\":\"edyceramic.ro\",\"description\":\"\",\"publisher\":{\"@id\":\"https:\/\/edyceramic-shop.ro\/ro\/#organization\"},\"potentialAction\":[{\"@type\":\"SearchAction\",\"target\":{\"@type\":\"EntryPoint\",\"urlTemplate\":\"https:\/\/edyceramic-shop.ro\/ro\/?s={search_term_string}\"},\"query-input\":\"required name=search_term_string\"}],\"inLanguage\":\"ro-RO\"},{\"@type\":\"Organization\",\"@id\":\"https:\/\/edyceramic-shop.ro\/ro\/#organization\",\"name\":\"Edyceramic\",\"url\":\"https:\/\/edyceramic-shop.ro\/ro\/\",\"logo\":{\"@type\":\"ImageObject\",\"inLanguage\":\"ro-RO\",\"@id\":\"https:\/\/edyceramic-shop.ro\/ro\/#\/schema\/logo\/image\/\",\"url\":\"https:\/\/edyceramic-shop.ro\/wp-content\/uploads\/2024\/02\/Logo-EdyCeramic_2021-lung.png\",\"contentUrl\":\"https:\/\/edyceramic-shop.ro\/wp-content\/uploads\/2024\/02\/Logo-EdyCeramic_2021-lung.png\",\"width\":4491,\"height\":769,\"caption\":\"Edyceramic\"},\"image\":{\"@id\":\"https:\/\/edyceramic-shop.ro\/ro\/#\/schema\/logo\/image\/\"}}]}<\/script>\n<meta property=\"product:price:amount\" content=\"907.00\" \/>\n<meta property=\"product:price:currency\" content=\"RON\" \/>\n<meta property=\"og:availability\" content=\"instock\" \/>\n<meta property=\"product:availability\" content=\"instock\" \/>\n<meta property=\"product:retailer_item_id\" content=\"ee526b4a6178\" \/>\n<meta property=\"product:condition\" content=\"new\" \/>\n<!-- \/ Yoast SEO Premium plugin. -->","yoast_head_json":{"title":"BATERIE STATIV\u0102 LAVOAR \u00ceNALT\u0102 ZAFFIRO WHITE FD1-ZFR-2L-33 - Edyceramic - magazin online","robots":{"index":"index","follow":"follow","max-snippet":"max-snippet:-1","max-image-preview":"max-image-preview:large","max-video-preview":"max-video-preview:-1"},"canonical":"https:\/\/edyceramic-shop.ro\/ro\/produs\/baterie-stativa-lavoar-inalta-zaffiro-white-fd1-zfr-2l-33\/","og_locale":"ro_RO","og_type":"article","og_title":"BATERIE STATIV\u0102 LAVOAR \u00ceNALT\u0102 ZAFFIRO WHITE FD1-ZFR-2L-33","og_description":"Bateria \u00eenalt\u0103 pentru lavoar ZAFFIRO este conceput\u0103 special pentru chiuvetele montate pe blat \u0219i se remarc\u0103 prin forma sub\u021bire \u0219i","og_url":"https:\/\/edyceramic-shop.ro\/ro\/produs\/baterie-stativa-lavoar-inalta-zaffiro-white-fd1-zfr-2l-33\/","og_site_name":"Edyceramic - magazin online","article_modified_time":"2025-08-01T11:32:23+00:00","og_image":[{"width":1200,"height":1654,"url":"https:\/\/edyceramic-shop.ro\/wp-content\/uploads\/2024\/09\/FD1-ZFR-2L-33.webp","type":"image\/webp"}],"twitter_card":"summary_large_image","twitter_misc":{"Pre\u021b":"907,00&nbsp;lei","Disponibilitate":"\u00cen stoc"},"schema":{"@context":"https:\/\/schema.org","@graph":[{"@type":"WebPage","@id":"https:\/\/edyceramic-shop.ro\/produs\/baterie-stativa-lavoar-inalta-zaffiro-white-fd1-zfr-2l-33\/","url":"https:\/\/edyceramic-shop.ro\/produs\/baterie-stativa-lavoar-inalta-zaffiro-white-fd1-zfr-2l-33\/","name":"BATERIE STATIV\u0102 LAVOAR \u00ceNALT\u0102 ZAFFIRO WHITE FD1-ZFR-2L-33 - Edyceramic - magazin online","isPartOf":{"@id":"https:\/\/edyceramic-shop.ro\/ro\/#website"},"datePublished":"2024-09-22T20:23:13+00:00","dateModified":"2025-08-01T11:32:23+00:00","breadcrumb":{"@id":"https:\/\/edyceramic-shop.ro\/produs\/baterie-stativa-lavoar-inalta-zaffiro-white-fd1-zfr-2l-33\/#breadcrumb"},"inLanguage":"ro-RO","potentialAction":[{"@type":"ReadAction","target":["https:\/\/edyceramic-shop.ro\/produs\/baterie-stativa-lavoar-inalta-zaffiro-white-fd1-zfr-2l-33\/"]}]},{"@type":"BreadcrumbList","@id":"https:\/\/edyceramic-shop.ro\/produs\/baterie-stativa-lavoar-inalta-zaffiro-white-fd1-zfr-2l-33\/#breadcrumb","itemListElement":[{"@type":"ListItem","position":1,"name":"Home","item":"https:\/\/edyceramic-shop.ro\/"},{"@type":"ListItem","position":2,"name":"Shop","item":"https:\/\/edyceramic-shop.ro\/ro\/shop\/"},{"@type":"ListItem","position":3,"name":"BATERIE STATIV\u0102 LAVOAR \u00ceNALT\u0102 ZAFFIRO WHITE FD1-ZFR-2L-33"}]},{"@type":"WebSite","@id":"https:\/\/edyceramic-shop.ro\/ro\/#website","url":"https:\/\/edyceramic-shop.ro\/ro\/","name":"edyceramic.ro","description":"","publisher":{"@id":"https:\/\/edyceramic-shop.ro\/ro\/#organization"},"potentialAction":[{"@type":"SearchAction","target":{"@type":"EntryPoint","urlTemplate":"https:\/\/edyceramic-shop.ro\/ro\/?s={search_term_string}"},"query-input":"required name=search_term_string"}],"inLanguage":"ro-RO"},{"@type":"Organization","@id":"https:\/\/edyceramic-shop.ro\/ro\/#organization","name":"Edyceramic","url":"https:\/\/edyceramic-shop.ro\/ro\/","logo":{"@type":"ImageObject","inLanguage":"ro-RO","@id":"https:\/\/edyceramic-shop.ro\/ro\/#\/schema\/logo\/image\/","url":"https:\/\/edyceramic-shop.ro\/wp-content\/uploads\/2024\/02\/Logo-EdyCeramic_2021-lung.png","contentUrl":"https:\/\/edyceramic-shop.ro\/wp-content\/uploads\/2024\/02\/Logo-EdyCeramic_2021-lung.png","width":4491,"height":769,"caption":"Edyceramic"},"image":{"@id":"https:\/\/edyceramic-shop.ro\/ro\/#\/schema\/logo\/image\/"}}]},"product_price_amount":"907.00","product_price_currency":"RON","og_availability":"instock","product_availability":"instock","product_retailer_item_id":"ee526b4a6178","product_condition":"new"},"jetpack_sharing_enabled":true,"_links":{"self":[{"href":"https:\/\/edyceramic-shop.ro\/ro\/wp-json\/wp\/v2\/product\/7652","targetHints":{"allow":["GET"]}}],"collection":[{"href":"https:\/\/edyceramic-shop.ro\/ro\/wp-json\/wp\/v2\/product"}],"about":[{"href":"https:\/\/edyceramic-shop.ro\/ro\/wp-json\/wp\/v2\/types\/product"}],"version-history":[{"count":1,"href":"https:\/\/edyceramic-shop.ro\/ro\/wp-json\/wp\/v2\/product\/7652\/revisions"}],"predecessor-version":[{"id":18069,"href":"https:\/\/edyceramic-shop.ro\/ro\/wp-json\/wp\/v2\/product\/7652\/revisions\/18069"}],"wp:featuredmedia":[{"embeddable":true,"href":"https:\/\/edyceramic-shop.ro\/ro\/wp-json\/wp\/v2\/media\/18070"}],"wp:attachment":[{"href":"https:\/\/edyceramic-shop.ro\/ro\/wp-json\/wp\/v2\/media?parent=7652"}],"wp:term":[{"taxonomy":"product_brand","embeddable":true,"href":"https:\/\/edyceramic-shop.ro\/ro\/wp-json\/wp\/v2\/product_brand?post=7652"},{"taxonomy":"product_cat","embeddable":true,"href":"https:\/\/edyceramic-shop.ro\/ro\/wp-json\/wp\/v2\/product_cat?post=7652"},{"taxonomy":"product_tag","embeddable":true,"href":"https:\/\/edyceramic-shop.ro\/ro\/wp-json\/wp\/v2\/product_tag?post=7652"}],"curies":[{"name":"wp","href":"https:\/\/api.w.org\/{rel}","templated":true}]}}