{"id":7634,"date":"2024-09-22T20:23:13","date_gmt":"2024-09-22T20:23:13","guid":{"rendered":"https:\/\/edyceramic-shop.ro\/produs\/baterie-stativa-lavoar-inalta-zaffiro-fd1-zfr-2l-25\/"},"modified":"2025-08-01T13:32:22","modified_gmt":"2025-08-01T11:32:22","slug":"baterie-stativa-lavoar-inalta-zaffiro-fd1-zfr-2l-25","status":"publish","type":"product","link":"https:\/\/edyceramic-shop.ro\/ro\/produs\/baterie-stativa-lavoar-inalta-zaffiro-fd1-zfr-2l-25\/","title":{"rendered":"BATERIE STATIV\u0102 LAVOAR \u00ceNALT\u0102 ZAFFIRO FD1-ZFR-2L-25"},"content":{"rendered":"<p>Bateria de lavoar \u00eenalt\u0103 din colec\u021bia ZAFFIRO este un element de design ingenios, creat special pentru lavoarele cu montare pe blat. Se remarc\u0103 prin silueta sa zvelt\u0103, ce eman\u0103 elegan\u021b\u0103 prin contrastul dintre formele dreptunghiulare \u0219i cele ovale. Propor\u021biile perfect echilibrate \u0219i leva ergonomic decupat\u0103 garanteaz\u0103 un confort deosebit \u00een utilizare. Cu un design original inspirat din stilul industrial, aceast\u0103 baterie se integreaz\u0103 armonios \u00een baile moderne \u0219i minimalistice. Finisajul s\u0103u mat \u00een nuan\u021be de negru, \u00eempreun\u0103 cu subtilele accente de rose gold, o fac alegerea ideal\u0103 pentru cei ce apreciaz\u0103 rafinamentul stilului clasic.\u00cen plus, bateria de baie este echipat\u0103 cu un ventil de tip click-clack negru, oferindu-\u021bi nu doar un aspect elegant, ci \u0219i func\u021bionalitate de \u00eencredere. Prin intermediul sistemului s\u0103u inovator, bateria poate reduce consumul de ap\u0103 f\u0103r\u0103 a compromite performan\u021ba sau confortul utiliz\u0103rii. Astfel, po\u021bi beneficia de un flux de ap\u0103 eficient, care s\u0103 \u00ee\u021bi ofere tot confortul necesar \u00een timp ce reduci amprenta ta asupra mediului.<\/p>\n","protected":false},"excerpt":{"rendered":"<p>Bateria de lavoar \u00eenalt\u0103 din colec\u021bia ZAFFIRO este un element de design ingenios, creat special pentru lavoarele cu montare pe<\/p>\n","protected":false},"featured_media":18043,"template":"","meta":[],"product_brand":[],"product_cat":[3502,367,366,334],"product_tag":[],"class_list":{"0":"post-7634","1":"product","2":"type-product","3":"status-publish","4":"has-post-thumbnail","6":"product_cat-baterii-fdesign","7":"product_cat-baterii-lavoar","8":"product_cat-baterii-de-baie","9":"product_cat-sanitare","10":"pa_colectie-zaffiro","11":"pa_culoare-negru-mat","12":"pa_dimensiune-308mm","13":"pa_fabrica-fdesign","14":"pa_garantie-7ani","15":"pa_material-alama","16":"pa_montaj-pe-lavoar","18":"first","19":"instock","20":"purchasable","21":"product-type-simple"},"yoast_head":"<!-- This site is optimized with the Yoast SEO Premium plugin v21.6 (Yoast SEO v22.1) - https:\/\/yoast.com\/wordpress\/plugins\/seo\/ -->\n<title>BATERIE STATIV\u0102 LAVOAR \u00ceNALT\u0102 ZAFFIRO FD1-ZFR-2L-25 - Edyceramic - magazin online<\/title>\n<meta name=\"robots\" content=\"index, follow, max-snippet:-1, max-image-preview:large, max-video-preview:-1\" \/>\n<link rel=\"canonical\" href=\"https:\/\/edyceramic-shop.ro\/ro\/produs\/baterie-stativa-lavoar-inalta-zaffiro-fd1-zfr-2l-25\/\" \/>\n<meta property=\"og:locale\" content=\"ro_RO\" \/>\n<meta property=\"og:type\" content=\"article\" \/>\n<meta property=\"og:title\" content=\"BATERIE STATIV\u0102 LAVOAR \u00ceNALT\u0102 ZAFFIRO FD1-ZFR-2L-25\" \/>\n<meta property=\"og:description\" content=\"Bateria de lavoar \u00eenalt\u0103 din colec\u021bia ZAFFIRO este un element de design ingenios, creat special pentru lavoarele cu montare pe\" \/>\n<meta property=\"og:url\" content=\"https:\/\/edyceramic-shop.ro\/ro\/produs\/baterie-stativa-lavoar-inalta-zaffiro-fd1-zfr-2l-25\/\" \/>\n<meta property=\"og:site_name\" content=\"Edyceramic - magazin online\" \/>\n<meta property=\"article:modified_time\" content=\"2025-08-01T11:32:22+00:00\" \/>\n<meta property=\"og:image\" content=\"https:\/\/edyceramic-shop.ro\/wp-content\/uploads\/2024\/09\/FD1-ZFR-2L-25.webp\" \/>\n\t<meta property=\"og:image:width\" content=\"1200\" \/>\n\t<meta property=\"og:image:height\" content=\"1654\" \/>\n\t<meta property=\"og:image:type\" content=\"image\/webp\" \/>\n<meta name=\"twitter:card\" content=\"summary_large_image\" \/>\n<meta name=\"twitter:label1\" content=\"Pre\u021b\" \/>\n\t<meta name=\"twitter:data1\" content=\"927,00&nbsp;lei\" \/>\n\t<meta name=\"twitter:label2\" content=\"Disponibilitate\" \/>\n\t<meta name=\"twitter:data2\" content=\"\u00cen stoc\" \/>\n<script type=\"application\/ld+json\" class=\"yoast-schema-graph\">{\"@context\":\"https:\/\/schema.org\",\"@graph\":[{\"@type\":\"WebPage\",\"@id\":\"https:\/\/edyceramic-shop.ro\/produs\/baterie-stativa-lavoar-inalta-zaffiro-fd1-zfr-2l-25\/\",\"url\":\"https:\/\/edyceramic-shop.ro\/produs\/baterie-stativa-lavoar-inalta-zaffiro-fd1-zfr-2l-25\/\",\"name\":\"BATERIE STATIV\u0102 LAVOAR \u00ceNALT\u0102 ZAFFIRO FD1-ZFR-2L-25 - Edyceramic - magazin online\",\"isPartOf\":{\"@id\":\"https:\/\/edyceramic-shop.ro\/ro\/#website\"},\"datePublished\":\"2024-09-22T20:23:13+00:00\",\"dateModified\":\"2025-08-01T11:32:22+00:00\",\"breadcrumb\":{\"@id\":\"https:\/\/edyceramic-shop.ro\/produs\/baterie-stativa-lavoar-inalta-zaffiro-fd1-zfr-2l-25\/#breadcrumb\"},\"inLanguage\":\"ro-RO\",\"potentialAction\":[{\"@type\":\"ReadAction\",\"target\":[\"https:\/\/edyceramic-shop.ro\/produs\/baterie-stativa-lavoar-inalta-zaffiro-fd1-zfr-2l-25\/\"]}]},{\"@type\":\"BreadcrumbList\",\"@id\":\"https:\/\/edyceramic-shop.ro\/produs\/baterie-stativa-lavoar-inalta-zaffiro-fd1-zfr-2l-25\/#breadcrumb\",\"itemListElement\":[{\"@type\":\"ListItem\",\"position\":1,\"name\":\"Home\",\"item\":\"https:\/\/edyceramic-shop.ro\/\"},{\"@type\":\"ListItem\",\"position\":2,\"name\":\"Shop\",\"item\":\"https:\/\/edyceramic-shop.ro\/ro\/shop\/\"},{\"@type\":\"ListItem\",\"position\":3,\"name\":\"BATERIE STATIV\u0102 LAVOAR \u00ceNALT\u0102 ZAFFIRO FD1-ZFR-2L-25\"}]},{\"@type\":\"WebSite\",\"@id\":\"https:\/\/edyceramic-shop.ro\/ro\/#website\",\"url\":\"https:\/\/edyceramic-shop.ro\/ro\/\",\"name\":\"edyceramic.ro\",\"description\":\"\",\"publisher\":{\"@id\":\"https:\/\/edyceramic-shop.ro\/ro\/#organization\"},\"potentialAction\":[{\"@type\":\"SearchAction\",\"target\":{\"@type\":\"EntryPoint\",\"urlTemplate\":\"https:\/\/edyceramic-shop.ro\/ro\/?s={search_term_string}\"},\"query-input\":\"required name=search_term_string\"}],\"inLanguage\":\"ro-RO\"},{\"@type\":\"Organization\",\"@id\":\"https:\/\/edyceramic-shop.ro\/ro\/#organization\",\"name\":\"Edyceramic\",\"url\":\"https:\/\/edyceramic-shop.ro\/ro\/\",\"logo\":{\"@type\":\"ImageObject\",\"inLanguage\":\"ro-RO\",\"@id\":\"https:\/\/edyceramic-shop.ro\/ro\/#\/schema\/logo\/image\/\",\"url\":\"https:\/\/edyceramic-shop.ro\/wp-content\/uploads\/2024\/02\/Logo-EdyCeramic_2021-lung.png\",\"contentUrl\":\"https:\/\/edyceramic-shop.ro\/wp-content\/uploads\/2024\/02\/Logo-EdyCeramic_2021-lung.png\",\"width\":4491,\"height\":769,\"caption\":\"Edyceramic\"},\"image\":{\"@id\":\"https:\/\/edyceramic-shop.ro\/ro\/#\/schema\/logo\/image\/\"}}]}<\/script>\n<meta property=\"product:price:amount\" content=\"927.00\" \/>\n<meta property=\"product:price:currency\" content=\"RON\" \/>\n<meta property=\"og:availability\" content=\"instock\" \/>\n<meta property=\"product:availability\" content=\"instock\" \/>\n<meta property=\"product:retailer_item_id\" content=\"406e62004fbe\" \/>\n<meta property=\"product:condition\" content=\"new\" \/>\n<!-- \/ Yoast SEO Premium plugin. -->","yoast_head_json":{"title":"BATERIE STATIV\u0102 LAVOAR \u00ceNALT\u0102 ZAFFIRO FD1-ZFR-2L-25 - Edyceramic - magazin online","robots":{"index":"index","follow":"follow","max-snippet":"max-snippet:-1","max-image-preview":"max-image-preview:large","max-video-preview":"max-video-preview:-1"},"canonical":"https:\/\/edyceramic-shop.ro\/ro\/produs\/baterie-stativa-lavoar-inalta-zaffiro-fd1-zfr-2l-25\/","og_locale":"ro_RO","og_type":"article","og_title":"BATERIE STATIV\u0102 LAVOAR \u00ceNALT\u0102 ZAFFIRO FD1-ZFR-2L-25","og_description":"Bateria de lavoar \u00eenalt\u0103 din colec\u021bia ZAFFIRO este un element de design ingenios, creat special pentru lavoarele cu montare pe","og_url":"https:\/\/edyceramic-shop.ro\/ro\/produs\/baterie-stativa-lavoar-inalta-zaffiro-fd1-zfr-2l-25\/","og_site_name":"Edyceramic - magazin online","article_modified_time":"2025-08-01T11:32:22+00:00","og_image":[{"width":1200,"height":1654,"url":"https:\/\/edyceramic-shop.ro\/wp-content\/uploads\/2024\/09\/FD1-ZFR-2L-25.webp","type":"image\/webp"}],"twitter_card":"summary_large_image","twitter_misc":{"Pre\u021b":"927,00&nbsp;lei","Disponibilitate":"\u00cen stoc"},"schema":{"@context":"https:\/\/schema.org","@graph":[{"@type":"WebPage","@id":"https:\/\/edyceramic-shop.ro\/produs\/baterie-stativa-lavoar-inalta-zaffiro-fd1-zfr-2l-25\/","url":"https:\/\/edyceramic-shop.ro\/produs\/baterie-stativa-lavoar-inalta-zaffiro-fd1-zfr-2l-25\/","name":"BATERIE STATIV\u0102 LAVOAR \u00ceNALT\u0102 ZAFFIRO FD1-ZFR-2L-25 - Edyceramic - magazin online","isPartOf":{"@id":"https:\/\/edyceramic-shop.ro\/ro\/#website"},"datePublished":"2024-09-22T20:23:13+00:00","dateModified":"2025-08-01T11:32:22+00:00","breadcrumb":{"@id":"https:\/\/edyceramic-shop.ro\/produs\/baterie-stativa-lavoar-inalta-zaffiro-fd1-zfr-2l-25\/#breadcrumb"},"inLanguage":"ro-RO","potentialAction":[{"@type":"ReadAction","target":["https:\/\/edyceramic-shop.ro\/produs\/baterie-stativa-lavoar-inalta-zaffiro-fd1-zfr-2l-25\/"]}]},{"@type":"BreadcrumbList","@id":"https:\/\/edyceramic-shop.ro\/produs\/baterie-stativa-lavoar-inalta-zaffiro-fd1-zfr-2l-25\/#breadcrumb","itemListElement":[{"@type":"ListItem","position":1,"name":"Home","item":"https:\/\/edyceramic-shop.ro\/"},{"@type":"ListItem","position":2,"name":"Shop","item":"https:\/\/edyceramic-shop.ro\/ro\/shop\/"},{"@type":"ListItem","position":3,"name":"BATERIE STATIV\u0102 LAVOAR \u00ceNALT\u0102 ZAFFIRO FD1-ZFR-2L-25"}]},{"@type":"WebSite","@id":"https:\/\/edyceramic-shop.ro\/ro\/#website","url":"https:\/\/edyceramic-shop.ro\/ro\/","name":"edyceramic.ro","description":"","publisher":{"@id":"https:\/\/edyceramic-shop.ro\/ro\/#organization"},"potentialAction":[{"@type":"SearchAction","target":{"@type":"EntryPoint","urlTemplate":"https:\/\/edyceramic-shop.ro\/ro\/?s={search_term_string}"},"query-input":"required name=search_term_string"}],"inLanguage":"ro-RO"},{"@type":"Organization","@id":"https:\/\/edyceramic-shop.ro\/ro\/#organization","name":"Edyceramic","url":"https:\/\/edyceramic-shop.ro\/ro\/","logo":{"@type":"ImageObject","inLanguage":"ro-RO","@id":"https:\/\/edyceramic-shop.ro\/ro\/#\/schema\/logo\/image\/","url":"https:\/\/edyceramic-shop.ro\/wp-content\/uploads\/2024\/02\/Logo-EdyCeramic_2021-lung.png","contentUrl":"https:\/\/edyceramic-shop.ro\/wp-content\/uploads\/2024\/02\/Logo-EdyCeramic_2021-lung.png","width":4491,"height":769,"caption":"Edyceramic"},"image":{"@id":"https:\/\/edyceramic-shop.ro\/ro\/#\/schema\/logo\/image\/"}}]},"product_price_amount":"927.00","product_price_currency":"RON","og_availability":"instock","product_availability":"instock","product_retailer_item_id":"406e62004fbe","product_condition":"new"},"jetpack_sharing_enabled":true,"_links":{"self":[{"href":"https:\/\/edyceramic-shop.ro\/ro\/wp-json\/wp\/v2\/product\/7634","targetHints":{"allow":["GET"]}}],"collection":[{"href":"https:\/\/edyceramic-shop.ro\/ro\/wp-json\/wp\/v2\/product"}],"about":[{"href":"https:\/\/edyceramic-shop.ro\/ro\/wp-json\/wp\/v2\/types\/product"}],"version-history":[{"count":1,"href":"https:\/\/edyceramic-shop.ro\/ro\/wp-json\/wp\/v2\/product\/7634\/revisions"}],"predecessor-version":[{"id":18042,"href":"https:\/\/edyceramic-shop.ro\/ro\/wp-json\/wp\/v2\/product\/7634\/revisions\/18042"}],"wp:featuredmedia":[{"embeddable":true,"href":"https:\/\/edyceramic-shop.ro\/ro\/wp-json\/wp\/v2\/media\/18043"}],"wp:attachment":[{"href":"https:\/\/edyceramic-shop.ro\/ro\/wp-json\/wp\/v2\/media?parent=7634"}],"wp:term":[{"taxonomy":"product_brand","embeddable":true,"href":"https:\/\/edyceramic-shop.ro\/ro\/wp-json\/wp\/v2\/product_brand?post=7634"},{"taxonomy":"product_cat","embeddable":true,"href":"https:\/\/edyceramic-shop.ro\/ro\/wp-json\/wp\/v2\/product_cat?post=7634"},{"taxonomy":"product_tag","embeddable":true,"href":"https:\/\/edyceramic-shop.ro\/ro\/wp-json\/wp\/v2\/product_tag?post=7634"}],"curies":[{"name":"wp","href":"https:\/\/api.w.org\/{rel}","templated":true}]}}