{"id":7630,"date":"2024-09-22T20:23:13","date_gmt":"2024-09-22T20:23:13","guid":{"rendered":"https:\/\/edyceramic-shop.ro\/produs\/baterie-incastrata-cada-dus-fd1-ard-7p-25\/"},"modified":"2025-08-01T13:32:21","modified_gmt":"2025-08-01T11:32:21","slug":"baterie-incastrata-cada-dus-fd1-ard-7p-25","status":"publish","type":"product","link":"https:\/\/edyceramic-shop.ro\/ro\/produs\/baterie-incastrata-cada-dus-fd1-ard-7p-25\/","title":{"rendered":"BATERIE \u00ceNCASTRAT\u0102 CAD\u0102\/DU\u0218 FD1-ARD-7P-25"},"content":{"rendered":"<p>Solu\u021biile \u00eengropate fac parte din dotarea standard a b\u0103ilor moderne, g\u00e2ndite \u00een spiritul simplit\u0103\u021bii \u0219i minimalismului. Solu\u021bia optim\u0103, prin care mecanismul de control al bateriei este ascuns \u00een perete, serve\u0219te scopului de a avea o func\u021bionalitate perfect\u0103 \u0219i o estetic\u0103 impecabil\u0103 a interiorului. Bateria cad\u0103 \u0219i du\u0219 \u00eencastrat\u0103 din seria ARDESIA are toate aceste avantaje &#8211; doar partea expus\u0103 este vizibil\u0103 la exterior, aceasta const\u00e2nd \u00eentr-un mic capac, un m\u00e2ner \u0219i un comutator cu dou\u0103 func\u021bii. Totodat\u0103, prezint\u0103 o schem\u0103 de culori deosebit\u0103: negrul mat \u0219i elementele rose gold subliniaz\u0103 m\u0103iestria finisajului.<\/p>\n","protected":false},"excerpt":{"rendered":"<p>Solu\u021biile \u00eengropate fac parte din dotarea standard a b\u0103ilor moderne, g\u00e2ndite \u00een spiritul simplit\u0103\u021bii \u0219i minimalismului. Solu\u021bia optim\u0103, prin care<\/p>\n","protected":false},"featured_media":18037,"template":"","meta":[],"product_brand":[],"product_cat":[3502,368,366,371,334],"product_tag":[],"class_list":{"0":"post-7630","1":"product","2":"type-product","3":"status-publish","4":"has-post-thumbnail","6":"product_cat-baterii-fdesign","7":"product_cat-baterii-cada","8":"product_cat-baterii-de-baie","9":"product_cat-baterii-dus","10":"product_cat-sanitare","11":"pa_colectie-ardesia","12":"pa_culoare-negru-mat","13":"pa_fabrica-fdesign","14":"pa_garantie-7ani","15":"pa_material-alama","16":"pa_montaj-incastrat","18":"first","19":"instock","20":"purchasable","21":"product-type-simple"},"yoast_head":"<!-- This site is optimized with the Yoast SEO Premium plugin v21.6 (Yoast SEO v22.1) - https:\/\/yoast.com\/wordpress\/plugins\/seo\/ -->\n<title>BATERIE \u00ceNCASTRAT\u0102 CAD\u0102\/DU\u0218 FD1-ARD-7P-25 - Edyceramic - magazin online<\/title>\n<meta name=\"robots\" content=\"index, follow, max-snippet:-1, max-image-preview:large, max-video-preview:-1\" \/>\n<link rel=\"canonical\" href=\"https:\/\/edyceramic-shop.ro\/ro\/produs\/baterie-incastrata-cada-dus-fd1-ard-7p-25\/\" \/>\n<meta property=\"og:locale\" content=\"ro_RO\" \/>\n<meta property=\"og:type\" content=\"article\" \/>\n<meta property=\"og:title\" content=\"BATERIE \u00ceNCASTRAT\u0102 CAD\u0102\/DU\u0218 FD1-ARD-7P-25\" \/>\n<meta property=\"og:description\" content=\"Solu\u021biile \u00eengropate fac parte din dotarea standard a b\u0103ilor moderne, g\u00e2ndite \u00een spiritul simplit\u0103\u021bii \u0219i minimalismului. Solu\u021bia optim\u0103, prin care\" \/>\n<meta property=\"og:url\" content=\"https:\/\/edyceramic-shop.ro\/ro\/produs\/baterie-incastrata-cada-dus-fd1-ard-7p-25\/\" \/>\n<meta property=\"og:site_name\" content=\"Edyceramic - magazin online\" \/>\n<meta property=\"article:modified_time\" content=\"2025-08-01T11:32:21+00:00\" \/>\n<meta property=\"og:image\" content=\"https:\/\/edyceramic-shop.ro\/wp-content\/uploads\/2024\/09\/FD1-ARD-7P-25.webp\" \/>\n\t<meta property=\"og:image:width\" content=\"1200\" \/>\n\t<meta property=\"og:image:height\" content=\"798\" \/>\n\t<meta property=\"og:image:type\" content=\"image\/webp\" \/>\n<meta name=\"twitter:card\" content=\"summary_large_image\" \/>\n<meta name=\"twitter:label1\" content=\"Pre\u021b\" \/>\n\t<meta name=\"twitter:data1\" content=\"763,00&nbsp;lei\" \/>\n\t<meta name=\"twitter:label2\" content=\"Disponibilitate\" \/>\n\t<meta name=\"twitter:data2\" content=\"\u00cen stoc\" \/>\n<script type=\"application\/ld+json\" class=\"yoast-schema-graph\">{\"@context\":\"https:\/\/schema.org\",\"@graph\":[{\"@type\":\"WebPage\",\"@id\":\"https:\/\/edyceramic-shop.ro\/produs\/baterie-incastrata-cada-dus-fd1-ard-7p-25\/\",\"url\":\"https:\/\/edyceramic-shop.ro\/produs\/baterie-incastrata-cada-dus-fd1-ard-7p-25\/\",\"name\":\"BATERIE \u00ceNCASTRAT\u0102 CAD\u0102\/DU\u0218 FD1-ARD-7P-25 - Edyceramic - magazin online\",\"isPartOf\":{\"@id\":\"https:\/\/edyceramic-shop.ro\/ro\/#website\"},\"datePublished\":\"2024-09-22T20:23:13+00:00\",\"dateModified\":\"2025-08-01T11:32:21+00:00\",\"breadcrumb\":{\"@id\":\"https:\/\/edyceramic-shop.ro\/produs\/baterie-incastrata-cada-dus-fd1-ard-7p-25\/#breadcrumb\"},\"inLanguage\":\"ro-RO\",\"potentialAction\":[{\"@type\":\"ReadAction\",\"target\":[\"https:\/\/edyceramic-shop.ro\/produs\/baterie-incastrata-cada-dus-fd1-ard-7p-25\/\"]}]},{\"@type\":\"BreadcrumbList\",\"@id\":\"https:\/\/edyceramic-shop.ro\/produs\/baterie-incastrata-cada-dus-fd1-ard-7p-25\/#breadcrumb\",\"itemListElement\":[{\"@type\":\"ListItem\",\"position\":1,\"name\":\"Home\",\"item\":\"https:\/\/edyceramic-shop.ro\/\"},{\"@type\":\"ListItem\",\"position\":2,\"name\":\"Shop\",\"item\":\"https:\/\/edyceramic-shop.ro\/ro\/shop\/\"},{\"@type\":\"ListItem\",\"position\":3,\"name\":\"BATERIE \u00ceNCASTRAT\u0102 CAD\u0102\/DU\u0218 FD1-ARD-7P-25\"}]},{\"@type\":\"WebSite\",\"@id\":\"https:\/\/edyceramic-shop.ro\/ro\/#website\",\"url\":\"https:\/\/edyceramic-shop.ro\/ro\/\",\"name\":\"edyceramic.ro\",\"description\":\"\",\"publisher\":{\"@id\":\"https:\/\/edyceramic-shop.ro\/ro\/#organization\"},\"potentialAction\":[{\"@type\":\"SearchAction\",\"target\":{\"@type\":\"EntryPoint\",\"urlTemplate\":\"https:\/\/edyceramic-shop.ro\/ro\/?s={search_term_string}\"},\"query-input\":\"required name=search_term_string\"}],\"inLanguage\":\"ro-RO\"},{\"@type\":\"Organization\",\"@id\":\"https:\/\/edyceramic-shop.ro\/ro\/#organization\",\"name\":\"Edyceramic\",\"url\":\"https:\/\/edyceramic-shop.ro\/ro\/\",\"logo\":{\"@type\":\"ImageObject\",\"inLanguage\":\"ro-RO\",\"@id\":\"https:\/\/edyceramic-shop.ro\/ro\/#\/schema\/logo\/image\/\",\"url\":\"https:\/\/edyceramic-shop.ro\/wp-content\/uploads\/2024\/02\/Logo-EdyCeramic_2021-lung.png\",\"contentUrl\":\"https:\/\/edyceramic-shop.ro\/wp-content\/uploads\/2024\/02\/Logo-EdyCeramic_2021-lung.png\",\"width\":4491,\"height\":769,\"caption\":\"Edyceramic\"},\"image\":{\"@id\":\"https:\/\/edyceramic-shop.ro\/ro\/#\/schema\/logo\/image\/\"}}]}<\/script>\n<meta property=\"product:price:amount\" content=\"763.00\" \/>\n<meta property=\"product:price:currency\" content=\"RON\" \/>\n<meta property=\"og:availability\" content=\"instock\" \/>\n<meta property=\"product:availability\" content=\"instock\" \/>\n<meta property=\"product:retailer_item_id\" content=\"b5101637e77e\" \/>\n<meta property=\"product:condition\" content=\"new\" \/>\n<!-- \/ Yoast SEO Premium plugin. -->","yoast_head_json":{"title":"BATERIE \u00ceNCASTRAT\u0102 CAD\u0102\/DU\u0218 FD1-ARD-7P-25 - Edyceramic - magazin online","robots":{"index":"index","follow":"follow","max-snippet":"max-snippet:-1","max-image-preview":"max-image-preview:large","max-video-preview":"max-video-preview:-1"},"canonical":"https:\/\/edyceramic-shop.ro\/ro\/produs\/baterie-incastrata-cada-dus-fd1-ard-7p-25\/","og_locale":"ro_RO","og_type":"article","og_title":"BATERIE \u00ceNCASTRAT\u0102 CAD\u0102\/DU\u0218 FD1-ARD-7P-25","og_description":"Solu\u021biile \u00eengropate fac parte din dotarea standard a b\u0103ilor moderne, g\u00e2ndite \u00een spiritul simplit\u0103\u021bii \u0219i minimalismului. Solu\u021bia optim\u0103, prin care","og_url":"https:\/\/edyceramic-shop.ro\/ro\/produs\/baterie-incastrata-cada-dus-fd1-ard-7p-25\/","og_site_name":"Edyceramic - magazin online","article_modified_time":"2025-08-01T11:32:21+00:00","og_image":[{"width":1200,"height":798,"url":"https:\/\/edyceramic-shop.ro\/wp-content\/uploads\/2024\/09\/FD1-ARD-7P-25.webp","type":"image\/webp"}],"twitter_card":"summary_large_image","twitter_misc":{"Pre\u021b":"763,00&nbsp;lei","Disponibilitate":"\u00cen stoc"},"schema":{"@context":"https:\/\/schema.org","@graph":[{"@type":"WebPage","@id":"https:\/\/edyceramic-shop.ro\/produs\/baterie-incastrata-cada-dus-fd1-ard-7p-25\/","url":"https:\/\/edyceramic-shop.ro\/produs\/baterie-incastrata-cada-dus-fd1-ard-7p-25\/","name":"BATERIE \u00ceNCASTRAT\u0102 CAD\u0102\/DU\u0218 FD1-ARD-7P-25 - Edyceramic - magazin online","isPartOf":{"@id":"https:\/\/edyceramic-shop.ro\/ro\/#website"},"datePublished":"2024-09-22T20:23:13+00:00","dateModified":"2025-08-01T11:32:21+00:00","breadcrumb":{"@id":"https:\/\/edyceramic-shop.ro\/produs\/baterie-incastrata-cada-dus-fd1-ard-7p-25\/#breadcrumb"},"inLanguage":"ro-RO","potentialAction":[{"@type":"ReadAction","target":["https:\/\/edyceramic-shop.ro\/produs\/baterie-incastrata-cada-dus-fd1-ard-7p-25\/"]}]},{"@type":"BreadcrumbList","@id":"https:\/\/edyceramic-shop.ro\/produs\/baterie-incastrata-cada-dus-fd1-ard-7p-25\/#breadcrumb","itemListElement":[{"@type":"ListItem","position":1,"name":"Home","item":"https:\/\/edyceramic-shop.ro\/"},{"@type":"ListItem","position":2,"name":"Shop","item":"https:\/\/edyceramic-shop.ro\/ro\/shop\/"},{"@type":"ListItem","position":3,"name":"BATERIE \u00ceNCASTRAT\u0102 CAD\u0102\/DU\u0218 FD1-ARD-7P-25"}]},{"@type":"WebSite","@id":"https:\/\/edyceramic-shop.ro\/ro\/#website","url":"https:\/\/edyceramic-shop.ro\/ro\/","name":"edyceramic.ro","description":"","publisher":{"@id":"https:\/\/edyceramic-shop.ro\/ro\/#organization"},"potentialAction":[{"@type":"SearchAction","target":{"@type":"EntryPoint","urlTemplate":"https:\/\/edyceramic-shop.ro\/ro\/?s={search_term_string}"},"query-input":"required name=search_term_string"}],"inLanguage":"ro-RO"},{"@type":"Organization","@id":"https:\/\/edyceramic-shop.ro\/ro\/#organization","name":"Edyceramic","url":"https:\/\/edyceramic-shop.ro\/ro\/","logo":{"@type":"ImageObject","inLanguage":"ro-RO","@id":"https:\/\/edyceramic-shop.ro\/ro\/#\/schema\/logo\/image\/","url":"https:\/\/edyceramic-shop.ro\/wp-content\/uploads\/2024\/02\/Logo-EdyCeramic_2021-lung.png","contentUrl":"https:\/\/edyceramic-shop.ro\/wp-content\/uploads\/2024\/02\/Logo-EdyCeramic_2021-lung.png","width":4491,"height":769,"caption":"Edyceramic"},"image":{"@id":"https:\/\/edyceramic-shop.ro\/ro\/#\/schema\/logo\/image\/"}}]},"product_price_amount":"763.00","product_price_currency":"RON","og_availability":"instock","product_availability":"instock","product_retailer_item_id":"b5101637e77e","product_condition":"new"},"jetpack_sharing_enabled":true,"_links":{"self":[{"href":"https:\/\/edyceramic-shop.ro\/ro\/wp-json\/wp\/v2\/product\/7630","targetHints":{"allow":["GET"]}}],"collection":[{"href":"https:\/\/edyceramic-shop.ro\/ro\/wp-json\/wp\/v2\/product"}],"about":[{"href":"https:\/\/edyceramic-shop.ro\/ro\/wp-json\/wp\/v2\/types\/product"}],"version-history":[{"count":1,"href":"https:\/\/edyceramic-shop.ro\/ro\/wp-json\/wp\/v2\/product\/7630\/revisions"}],"predecessor-version":[{"id":18036,"href":"https:\/\/edyceramic-shop.ro\/ro\/wp-json\/wp\/v2\/product\/7630\/revisions\/18036"}],"wp:featuredmedia":[{"embeddable":true,"href":"https:\/\/edyceramic-shop.ro\/ro\/wp-json\/wp\/v2\/media\/18037"}],"wp:attachment":[{"href":"https:\/\/edyceramic-shop.ro\/ro\/wp-json\/wp\/v2\/media?parent=7630"}],"wp:term":[{"taxonomy":"product_brand","embeddable":true,"href":"https:\/\/edyceramic-shop.ro\/ro\/wp-json\/wp\/v2\/product_brand?post=7630"},{"taxonomy":"product_cat","embeddable":true,"href":"https:\/\/edyceramic-shop.ro\/ro\/wp-json\/wp\/v2\/product_cat?post=7630"},{"taxonomy":"product_tag","embeddable":true,"href":"https:\/\/edyceramic-shop.ro\/ro\/wp-json\/wp\/v2\/product_tag?post=7630"}],"curies":[{"name":"wp","href":"https:\/\/api.w.org\/{rel}","templated":true}]}}