{"id":4813,"date":"2024-07-29T00:15:16","date_gmt":"2024-07-28T22:15:16","guid":{"rendered":"https:\/\/edyceramic-shop.ro\/produs\/macchia-vecchia-silver-mat\/"},"modified":"2025-08-01T13:32:17","modified_gmt":"2025-08-01T11:32:17","slug":"macchia-vecchia-silver-mat","status":"publish","type":"product","link":"https:\/\/edyceramic-shop.ro\/ro\/produs\/macchia-vecchia-silver-mat\/","title":{"rendered":"Faian\u021b\u0103 MACCHIA VECCHIA SILVER MAT 30x90cm"},"content":{"rendered":"<p>Pl\u0103cile Macchia Vecchia Silver Mat de la Azteca aduc o not\u0103 de elegan\u021b\u0103 \u0219i modernitate \u00een orice spa\u021biu. Cu dimensiuni de 30&#215;90 cm \u0219i un finisaj mat, aceste pl\u0103ci ofer\u0103 un aspect rafinat \u0219i contemporan. Fiecare cutie con\u021bine 4 pl\u0103ci, acoperind o suprafa\u021b\u0103 total\u0103 de 1.08 m\u00b2, ideal\u0103 pentru diverse proiecte de amenajare interioar\u0103 \u0219i exterioar\u0103. Pl\u0103cile sunt rectificate pentru o montare precis\u0103 \u0219i uniform\u0103, garant\u00e2nd un aspect continuu \u0219i perfect. Acestea sunt ideale pentru utilizare \u00een diverse condi\u021bii de mediu. Macchia Vecchia Silver Mat adaug\u0103 un plus de stil \u0219i elegan\u021b\u0103 oric\u0103rui spa\u021biu, fiind perfecte pentru crearea unui design sofisticat \u0219i modern.<\/p>\n","protected":false},"excerpt":{"rendered":"<p>Pl\u0103cile Macchia Vecchia Silver Mat de la Azteca aduc o not\u0103 de elegan\u021b\u0103 \u0219i modernitate \u00een orice spa\u021biu. Cu dimensiuni<\/p>\n","protected":false},"featured_media":0,"template":"","meta":[],"product_brand":[],"product_cat":[467,302],"product_tag":[],"class_list":{"0":"post-4813","1":"product","2":"type-product","3":"status-publish","5":"product_cat-gresie-si-faianta","6":"product_cat-faianta","7":"pa_ambalare-1-08m2-cutie","8":"pa_calitatea-1091","9":"pa_colectie-macchia-vecchia","10":"pa_dimensiune-30x90cm","11":"pa_fabrica-azteca","12":"pa_finisaj-mat","13":"pa_numar-de-placi-in-pachet-1216","14":"pa_rectificat-da","15":"pa_rezistent-la-inghet-nu","17":"first","18":"instock","19":"purchasable","20":"product-type-simple"},"yoast_head":"<!-- This site is optimized with the Yoast SEO Premium plugin v21.6 (Yoast SEO v22.1) - https:\/\/yoast.com\/wordpress\/plugins\/seo\/ -->\n<title>Faian\u021b\u0103 MACCHIA VECCHIA SILVER MAT 30x90cm - Edyceramic - magazin online<\/title>\n<meta name=\"robots\" content=\"index, follow, max-snippet:-1, max-image-preview:large, max-video-preview:-1\" \/>\n<link rel=\"canonical\" href=\"https:\/\/edyceramic-shop.ro\/ro\/produs\/macchia-vecchia-silver-mat\/\" \/>\n<meta property=\"og:locale\" content=\"ro_RO\" \/>\n<meta property=\"og:type\" content=\"article\" \/>\n<meta property=\"og:title\" content=\"Faian\u021b\u0103 MACCHIA VECCHIA SILVER MAT 30x90cm\" \/>\n<meta property=\"og:description\" content=\"Pl\u0103cile Macchia Vecchia Silver Mat de la Azteca aduc o not\u0103 de elegan\u021b\u0103 \u0219i modernitate \u00een orice spa\u021biu. Cu dimensiuni\" \/>\n<meta property=\"og:url\" content=\"https:\/\/edyceramic-shop.ro\/ro\/produs\/macchia-vecchia-silver-mat\/\" \/>\n<meta property=\"og:site_name\" content=\"Edyceramic - magazin online\" \/>\n<meta property=\"article:modified_time\" content=\"2025-08-01T11:32:17+00:00\" \/>\n<meta name=\"twitter:card\" content=\"summary_large_image\" \/>\n<meta name=\"twitter:label1\" content=\"Pre\u021b\" \/>\n\t<meta name=\"twitter:data1\" content=\"192,00&nbsp;lei\" \/>\n\t<meta name=\"twitter:label2\" content=\"Disponibilitate\" \/>\n\t<meta name=\"twitter:data2\" content=\"\u00cen stoc\" \/>\n<script type=\"application\/ld+json\" class=\"yoast-schema-graph\">{\"@context\":\"https:\/\/schema.org\",\"@graph\":[{\"@type\":\"WebPage\",\"@id\":\"https:\/\/edyceramic-shop.ro\/produs\/macchia-vecchia-silver-mat\/\",\"url\":\"https:\/\/edyceramic-shop.ro\/produs\/macchia-vecchia-silver-mat\/\",\"name\":\"Faian\u021b\u0103 MACCHIA VECCHIA SILVER MAT 30x90cm - Edyceramic - magazin online\",\"isPartOf\":{\"@id\":\"https:\/\/edyceramic-shop.ro\/ro\/#website\"},\"datePublished\":\"2024-07-28T22:15:16+00:00\",\"dateModified\":\"2025-08-01T11:32:17+00:00\",\"breadcrumb\":{\"@id\":\"https:\/\/edyceramic-shop.ro\/produs\/macchia-vecchia-silver-mat\/#breadcrumb\"},\"inLanguage\":\"ro-RO\",\"potentialAction\":[{\"@type\":\"ReadAction\",\"target\":[\"https:\/\/edyceramic-shop.ro\/produs\/macchia-vecchia-silver-mat\/\"]}]},{\"@type\":\"BreadcrumbList\",\"@id\":\"https:\/\/edyceramic-shop.ro\/produs\/macchia-vecchia-silver-mat\/#breadcrumb\",\"itemListElement\":[{\"@type\":\"ListItem\",\"position\":1,\"name\":\"Home\",\"item\":\"https:\/\/edyceramic-shop.ro\/\"},{\"@type\":\"ListItem\",\"position\":2,\"name\":\"Shop\",\"item\":\"https:\/\/edyceramic-shop.ro\/ro\/shop\/\"},{\"@type\":\"ListItem\",\"position\":3,\"name\":\"Faian\u021b\u0103 MACCHIA VECCHIA SILVER MAT 30x90cm\"}]},{\"@type\":\"WebSite\",\"@id\":\"https:\/\/edyceramic-shop.ro\/ro\/#website\",\"url\":\"https:\/\/edyceramic-shop.ro\/ro\/\",\"name\":\"edyceramic.ro\",\"description\":\"\",\"publisher\":{\"@id\":\"https:\/\/edyceramic-shop.ro\/ro\/#organization\"},\"potentialAction\":[{\"@type\":\"SearchAction\",\"target\":{\"@type\":\"EntryPoint\",\"urlTemplate\":\"https:\/\/edyceramic-shop.ro\/ro\/?s={search_term_string}\"},\"query-input\":\"required name=search_term_string\"}],\"inLanguage\":\"ro-RO\"},{\"@type\":\"Organization\",\"@id\":\"https:\/\/edyceramic-shop.ro\/ro\/#organization\",\"name\":\"Edyceramic\",\"url\":\"https:\/\/edyceramic-shop.ro\/ro\/\",\"logo\":{\"@type\":\"ImageObject\",\"inLanguage\":\"ro-RO\",\"@id\":\"https:\/\/edyceramic-shop.ro\/ro\/#\/schema\/logo\/image\/\",\"url\":\"https:\/\/edyceramic-shop.ro\/wp-content\/uploads\/2024\/02\/Logo-EdyCeramic_2021-lung.png\",\"contentUrl\":\"https:\/\/edyceramic-shop.ro\/wp-content\/uploads\/2024\/02\/Logo-EdyCeramic_2021-lung.png\",\"width\":4491,\"height\":769,\"caption\":\"Edyceramic\"},\"image\":{\"@id\":\"https:\/\/edyceramic-shop.ro\/ro\/#\/schema\/logo\/image\/\"}}]}<\/script>\n<meta property=\"product:price:amount\" content=\"192.00\" \/>\n<meta property=\"product:price:currency\" content=\"RON\" \/>\n<meta property=\"og:availability\" content=\"instock\" \/>\n<meta property=\"product:availability\" content=\"instock\" \/>\n<meta property=\"product:retailer_item_id\" content=\"39923ca22904\" \/>\n<meta property=\"product:condition\" content=\"new\" \/>\n<!-- \/ Yoast SEO Premium plugin. -->","yoast_head_json":{"title":"Faian\u021b\u0103 MACCHIA VECCHIA SILVER MAT 30x90cm - Edyceramic - magazin online","robots":{"index":"index","follow":"follow","max-snippet":"max-snippet:-1","max-image-preview":"max-image-preview:large","max-video-preview":"max-video-preview:-1"},"canonical":"https:\/\/edyceramic-shop.ro\/ro\/produs\/macchia-vecchia-silver-mat\/","og_locale":"ro_RO","og_type":"article","og_title":"Faian\u021b\u0103 MACCHIA VECCHIA SILVER MAT 30x90cm","og_description":"Pl\u0103cile Macchia Vecchia Silver Mat de la Azteca aduc o not\u0103 de elegan\u021b\u0103 \u0219i modernitate \u00een orice spa\u021biu. Cu dimensiuni","og_url":"https:\/\/edyceramic-shop.ro\/ro\/produs\/macchia-vecchia-silver-mat\/","og_site_name":"Edyceramic - magazin online","article_modified_time":"2025-08-01T11:32:17+00:00","twitter_card":"summary_large_image","twitter_misc":{"Pre\u021b":"192,00&nbsp;lei","Disponibilitate":"\u00cen stoc"},"schema":{"@context":"https:\/\/schema.org","@graph":[{"@type":"WebPage","@id":"https:\/\/edyceramic-shop.ro\/produs\/macchia-vecchia-silver-mat\/","url":"https:\/\/edyceramic-shop.ro\/produs\/macchia-vecchia-silver-mat\/","name":"Faian\u021b\u0103 MACCHIA VECCHIA SILVER MAT 30x90cm - Edyceramic - magazin online","isPartOf":{"@id":"https:\/\/edyceramic-shop.ro\/ro\/#website"},"datePublished":"2024-07-28T22:15:16+00:00","dateModified":"2025-08-01T11:32:17+00:00","breadcrumb":{"@id":"https:\/\/edyceramic-shop.ro\/produs\/macchia-vecchia-silver-mat\/#breadcrumb"},"inLanguage":"ro-RO","potentialAction":[{"@type":"ReadAction","target":["https:\/\/edyceramic-shop.ro\/produs\/macchia-vecchia-silver-mat\/"]}]},{"@type":"BreadcrumbList","@id":"https:\/\/edyceramic-shop.ro\/produs\/macchia-vecchia-silver-mat\/#breadcrumb","itemListElement":[{"@type":"ListItem","position":1,"name":"Home","item":"https:\/\/edyceramic-shop.ro\/"},{"@type":"ListItem","position":2,"name":"Shop","item":"https:\/\/edyceramic-shop.ro\/ro\/shop\/"},{"@type":"ListItem","position":3,"name":"Faian\u021b\u0103 MACCHIA VECCHIA SILVER MAT 30x90cm"}]},{"@type":"WebSite","@id":"https:\/\/edyceramic-shop.ro\/ro\/#website","url":"https:\/\/edyceramic-shop.ro\/ro\/","name":"edyceramic.ro","description":"","publisher":{"@id":"https:\/\/edyceramic-shop.ro\/ro\/#organization"},"potentialAction":[{"@type":"SearchAction","target":{"@type":"EntryPoint","urlTemplate":"https:\/\/edyceramic-shop.ro\/ro\/?s={search_term_string}"},"query-input":"required name=search_term_string"}],"inLanguage":"ro-RO"},{"@type":"Organization","@id":"https:\/\/edyceramic-shop.ro\/ro\/#organization","name":"Edyceramic","url":"https:\/\/edyceramic-shop.ro\/ro\/","logo":{"@type":"ImageObject","inLanguage":"ro-RO","@id":"https:\/\/edyceramic-shop.ro\/ro\/#\/schema\/logo\/image\/","url":"https:\/\/edyceramic-shop.ro\/wp-content\/uploads\/2024\/02\/Logo-EdyCeramic_2021-lung.png","contentUrl":"https:\/\/edyceramic-shop.ro\/wp-content\/uploads\/2024\/02\/Logo-EdyCeramic_2021-lung.png","width":4491,"height":769,"caption":"Edyceramic"},"image":{"@id":"https:\/\/edyceramic-shop.ro\/ro\/#\/schema\/logo\/image\/"}}]},"product_price_amount":"192.00","product_price_currency":"RON","og_availability":"instock","product_availability":"instock","product_retailer_item_id":"39923ca22904","product_condition":"new"},"jetpack_sharing_enabled":true,"_links":{"self":[{"href":"https:\/\/edyceramic-shop.ro\/ro\/wp-json\/wp\/v2\/product\/4813","targetHints":{"allow":["GET"]}}],"collection":[{"href":"https:\/\/edyceramic-shop.ro\/ro\/wp-json\/wp\/v2\/product"}],"about":[{"href":"https:\/\/edyceramic-shop.ro\/ro\/wp-json\/wp\/v2\/types\/product"}],"version-history":[{"count":4,"href":"https:\/\/edyceramic-shop.ro\/ro\/wp-json\/wp\/v2\/product\/4813\/revisions"}],"predecessor-version":[{"id":23049,"href":"https:\/\/edyceramic-shop.ro\/ro\/wp-json\/wp\/v2\/product\/4813\/revisions\/23049"}],"wp:attachment":[{"href":"https:\/\/edyceramic-shop.ro\/ro\/wp-json\/wp\/v2\/media?parent=4813"}],"wp:term":[{"taxonomy":"product_brand","embeddable":true,"href":"https:\/\/edyceramic-shop.ro\/ro\/wp-json\/wp\/v2\/product_brand?post=4813"},{"taxonomy":"product_cat","embeddable":true,"href":"https:\/\/edyceramic-shop.ro\/ro\/wp-json\/wp\/v2\/product_cat?post=4813"},{"taxonomy":"product_tag","embeddable":true,"href":"https:\/\/edyceramic-shop.ro\/ro\/wp-json\/wp\/v2\/product_tag?post=4813"}],"curies":[{"name":"wp","href":"https:\/\/api.w.org\/{rel}","templated":true}]}}