{"id":4470,"date":"2024-07-28T22:07:06","date_gmt":"2024-07-28T22:07:06","guid":{"rendered":"https:\/\/edyceramic-shop.ro\/produs\/onyx-lux-120-ivory\/"},"modified":"2025-08-01T13:32:10","modified_gmt":"2025-08-01T11:32:10","slug":"onyx-lux-120-ivory","status":"publish","type":"product","link":"https:\/\/edyceramic-shop.ro\/ro\/produs\/onyx-lux-120-ivory\/","title":{"rendered":"Gresie ONYX LUX 120 IVORY 60x120cm"},"content":{"rendered":"<p>Setul de pl\u0103ci Onyx Lux Ivory 60&#215;120 cu Onyx Lux 120 Ivory este o colec\u021bie uimitoare de pl\u0103ci de por\u021belan care eman\u0103 elegan\u021b\u0103 \u0219i rafinament. Pl\u0103cile au o form\u0103 dreptunghiular\u0103, m\u0103sur\u00e2nd 60 cm \u00een l\u0103\u021bime \u0219i 120 cm \u00een lungime, oferind o suprafa\u021b\u0103 generoas\u0103 pentru orice instalare.<\/p>\n<p>Cu designul lor luxos inspirat de onix, aceste pl\u0103ci prezint\u0103 o culoare frumoas\u0103 de filde\u0219 care adaug\u0103 o not\u0103 de frumuse\u021be atemporal\u0103 oric\u0103rui spa\u021biu. Suprafa\u021ba pl\u0103cilor este neted\u0103 \u0219i lustruit\u0103, cre\u00e2nd un aspect elegant \u0219i rafinat. Materialul din por\u021belan asigur\u0103 durabilitate \u0219i rezisten\u021b\u0103 la uzur\u0103, f\u0103c\u00e2nd aceste pl\u0103ci potrivite at\u00e2t pentru spa\u021bii reziden\u021biale, c\u00e2t \u0219i pentru cele comerciale. Fiecare cutie con\u021bine 1,44 metri p\u0103tra\u021bi de pl\u0103ci, oferind o acoperire ampl\u0103 pentru diverse aplica\u021bii. Indiferent dac\u0103 sunt utilizate pentru pardoseli, plac\u0103ri de pere\u021bi sau alte proiecte de design creativ, pl\u0103cile Onyx Lux Ivory 60&#215;120 cu Onyx Lux 120 Ivory vor ridica estetica oric\u0103rui interior cu stilul lor deosebit \u0219i m\u0103iestria de \u00eenalt\u0103 calitate.<\/p>\n","protected":false},"excerpt":{"rendered":"<p>Setul de pl\u0103ci Onyx Lux Ivory 60&#215;120 cu Onyx Lux 120 Ivory este o colec\u021bie uimitoare de pl\u0103ci de por\u021belan<\/p>\n","protected":false},"featured_media":4472,"template":"","meta":[],"product_brand":[],"product_cat":[301,467],"product_tag":[],"class_list":{"0":"post-4470","1":"product","2":"type-product","3":"status-publish","4":"has-post-thumbnail","6":"product_cat-gresie","7":"product_cat-gresie-si-faianta","8":"pa_ambalare-1-44m2-cutie","9":"pa_calitatea-1091","10":"pa_colectie-onyx","11":"pa_dimensiune-60x120cm","12":"pa_fabrica-azteca","13":"pa_finisaj-lappato","14":"pa_numar-de-placi-in-pachet-1206","15":"pa_rectificat-da","16":"pa_rezistent-la-inghet-da","17":"pa_utilizare-interior-exterior","19":"first","20":"instock","21":"purchasable","22":"product-type-simple"},"yoast_head":"<!-- This site is optimized with the Yoast SEO Premium plugin v21.6 (Yoast SEO v22.1) - https:\/\/yoast.com\/wordpress\/plugins\/seo\/ -->\n<title>Gresie ONYX LUX 120 IVORY 60x120cm - Edyceramic - magazin online<\/title>\n<meta name=\"robots\" content=\"index, follow, max-snippet:-1, max-image-preview:large, max-video-preview:-1\" \/>\n<link rel=\"canonical\" href=\"https:\/\/edyceramic-shop.ro\/ro\/produs\/onyx-lux-120-ivory\/\" \/>\n<meta property=\"og:locale\" content=\"ro_RO\" \/>\n<meta property=\"og:type\" content=\"article\" \/>\n<meta property=\"og:title\" content=\"Gresie ONYX LUX 120 IVORY 60x120cm\" \/>\n<meta property=\"og:description\" content=\"Setul de pl\u0103ci Onyx Lux Ivory 60&#215;120 cu Onyx Lux 120 Ivory este o colec\u021bie uimitoare de pl\u0103ci de por\u021belan\" \/>\n<meta property=\"og:url\" content=\"https:\/\/edyceramic-shop.ro\/ro\/produs\/onyx-lux-120-ivory\/\" \/>\n<meta property=\"og:site_name\" content=\"Edyceramic - magazin online\" \/>\n<meta property=\"article:modified_time\" content=\"2025-08-01T11:32:10+00:00\" \/>\n<meta property=\"og:image\" content=\"https:\/\/edyceramic-shop.ro\/wp-content\/uploads\/2024\/07\/51699-onyx-lux-120-ivory-1-scaled.jpg\" \/>\n\t<meta property=\"og:image:width\" content=\"2560\" \/>\n\t<meta property=\"og:image:height\" content=\"1280\" \/>\n\t<meta property=\"og:image:type\" content=\"image\/jpeg\" \/>\n<meta name=\"twitter:card\" content=\"summary_large_image\" \/>\n<meta name=\"twitter:label1\" content=\"Pre\u021b\" \/>\n\t<meta name=\"twitter:data1\" content=\"235,00&nbsp;lei\" \/>\n\t<meta name=\"twitter:label2\" content=\"Disponibilitate\" \/>\n\t<meta name=\"twitter:data2\" content=\"\u00cen stoc\" \/>\n<script type=\"application\/ld+json\" class=\"yoast-schema-graph\">{\"@context\":\"https:\/\/schema.org\",\"@graph\":[{\"@type\":\"WebPage\",\"@id\":\"https:\/\/edyceramic-shop.ro\/produs\/onyx-lux-120-ivory\/\",\"url\":\"https:\/\/edyceramic-shop.ro\/produs\/onyx-lux-120-ivory\/\",\"name\":\"Gresie ONYX LUX 120 IVORY 60x120cm - Edyceramic - magazin online\",\"isPartOf\":{\"@id\":\"https:\/\/edyceramic-shop.ro\/ro\/#website\"},\"datePublished\":\"2024-07-28T22:07:06+00:00\",\"dateModified\":\"2025-08-01T11:32:10+00:00\",\"breadcrumb\":{\"@id\":\"https:\/\/edyceramic-shop.ro\/produs\/onyx-lux-120-ivory\/#breadcrumb\"},\"inLanguage\":\"ro-RO\",\"potentialAction\":[{\"@type\":\"ReadAction\",\"target\":[\"https:\/\/edyceramic-shop.ro\/produs\/onyx-lux-120-ivory\/\"]}]},{\"@type\":\"BreadcrumbList\",\"@id\":\"https:\/\/edyceramic-shop.ro\/produs\/onyx-lux-120-ivory\/#breadcrumb\",\"itemListElement\":[{\"@type\":\"ListItem\",\"position\":1,\"name\":\"Home\",\"item\":\"https:\/\/edyceramic-shop.ro\/\"},{\"@type\":\"ListItem\",\"position\":2,\"name\":\"Shop\",\"item\":\"https:\/\/edyceramic-shop.ro\/ro\/shop\/\"},{\"@type\":\"ListItem\",\"position\":3,\"name\":\"Gresie ONYX LUX 120 IVORY 60x120cm\"}]},{\"@type\":\"WebSite\",\"@id\":\"https:\/\/edyceramic-shop.ro\/ro\/#website\",\"url\":\"https:\/\/edyceramic-shop.ro\/ro\/\",\"name\":\"edyceramic.ro\",\"description\":\"\",\"publisher\":{\"@id\":\"https:\/\/edyceramic-shop.ro\/ro\/#organization\"},\"potentialAction\":[{\"@type\":\"SearchAction\",\"target\":{\"@type\":\"EntryPoint\",\"urlTemplate\":\"https:\/\/edyceramic-shop.ro\/ro\/?s={search_term_string}\"},\"query-input\":\"required name=search_term_string\"}],\"inLanguage\":\"ro-RO\"},{\"@type\":\"Organization\",\"@id\":\"https:\/\/edyceramic-shop.ro\/ro\/#organization\",\"name\":\"Edyceramic\",\"url\":\"https:\/\/edyceramic-shop.ro\/ro\/\",\"logo\":{\"@type\":\"ImageObject\",\"inLanguage\":\"ro-RO\",\"@id\":\"https:\/\/edyceramic-shop.ro\/ro\/#\/schema\/logo\/image\/\",\"url\":\"https:\/\/edyceramic-shop.ro\/wp-content\/uploads\/2024\/02\/Logo-EdyCeramic_2021-lung.png\",\"contentUrl\":\"https:\/\/edyceramic-shop.ro\/wp-content\/uploads\/2024\/02\/Logo-EdyCeramic_2021-lung.png\",\"width\":4491,\"height\":769,\"caption\":\"Edyceramic\"},\"image\":{\"@id\":\"https:\/\/edyceramic-shop.ro\/ro\/#\/schema\/logo\/image\/\"}}]}<\/script>\n<meta property=\"product:price:amount\" content=\"235.00\" \/>\n<meta property=\"product:price:currency\" content=\"RON\" \/>\n<meta property=\"og:availability\" content=\"instock\" \/>\n<meta property=\"product:availability\" content=\"instock\" \/>\n<meta property=\"product:retailer_item_id\" content=\"25b75b020c21\" \/>\n<meta property=\"product:condition\" content=\"new\" \/>\n<!-- \/ Yoast SEO Premium plugin. -->","yoast_head_json":{"title":"Gresie ONYX LUX 120 IVORY 60x120cm - Edyceramic - magazin online","robots":{"index":"index","follow":"follow","max-snippet":"max-snippet:-1","max-image-preview":"max-image-preview:large","max-video-preview":"max-video-preview:-1"},"canonical":"https:\/\/edyceramic-shop.ro\/ro\/produs\/onyx-lux-120-ivory\/","og_locale":"ro_RO","og_type":"article","og_title":"Gresie ONYX LUX 120 IVORY 60x120cm","og_description":"Setul de pl\u0103ci Onyx Lux Ivory 60&#215;120 cu Onyx Lux 120 Ivory este o colec\u021bie uimitoare de pl\u0103ci de por\u021belan","og_url":"https:\/\/edyceramic-shop.ro\/ro\/produs\/onyx-lux-120-ivory\/","og_site_name":"Edyceramic - magazin online","article_modified_time":"2025-08-01T11:32:10+00:00","og_image":[{"width":2560,"height":1280,"url":"https:\/\/edyceramic-shop.ro\/wp-content\/uploads\/2024\/07\/51699-onyx-lux-120-ivory-1-scaled.jpg","type":"image\/jpeg"}],"twitter_card":"summary_large_image","twitter_misc":{"Pre\u021b":"235,00&nbsp;lei","Disponibilitate":"\u00cen stoc"},"schema":{"@context":"https:\/\/schema.org","@graph":[{"@type":"WebPage","@id":"https:\/\/edyceramic-shop.ro\/produs\/onyx-lux-120-ivory\/","url":"https:\/\/edyceramic-shop.ro\/produs\/onyx-lux-120-ivory\/","name":"Gresie ONYX LUX 120 IVORY 60x120cm - Edyceramic - magazin online","isPartOf":{"@id":"https:\/\/edyceramic-shop.ro\/ro\/#website"},"datePublished":"2024-07-28T22:07:06+00:00","dateModified":"2025-08-01T11:32:10+00:00","breadcrumb":{"@id":"https:\/\/edyceramic-shop.ro\/produs\/onyx-lux-120-ivory\/#breadcrumb"},"inLanguage":"ro-RO","potentialAction":[{"@type":"ReadAction","target":["https:\/\/edyceramic-shop.ro\/produs\/onyx-lux-120-ivory\/"]}]},{"@type":"BreadcrumbList","@id":"https:\/\/edyceramic-shop.ro\/produs\/onyx-lux-120-ivory\/#breadcrumb","itemListElement":[{"@type":"ListItem","position":1,"name":"Home","item":"https:\/\/edyceramic-shop.ro\/"},{"@type":"ListItem","position":2,"name":"Shop","item":"https:\/\/edyceramic-shop.ro\/ro\/shop\/"},{"@type":"ListItem","position":3,"name":"Gresie ONYX LUX 120 IVORY 60x120cm"}]},{"@type":"WebSite","@id":"https:\/\/edyceramic-shop.ro\/ro\/#website","url":"https:\/\/edyceramic-shop.ro\/ro\/","name":"edyceramic.ro","description":"","publisher":{"@id":"https:\/\/edyceramic-shop.ro\/ro\/#organization"},"potentialAction":[{"@type":"SearchAction","target":{"@type":"EntryPoint","urlTemplate":"https:\/\/edyceramic-shop.ro\/ro\/?s={search_term_string}"},"query-input":"required name=search_term_string"}],"inLanguage":"ro-RO"},{"@type":"Organization","@id":"https:\/\/edyceramic-shop.ro\/ro\/#organization","name":"Edyceramic","url":"https:\/\/edyceramic-shop.ro\/ro\/","logo":{"@type":"ImageObject","inLanguage":"ro-RO","@id":"https:\/\/edyceramic-shop.ro\/ro\/#\/schema\/logo\/image\/","url":"https:\/\/edyceramic-shop.ro\/wp-content\/uploads\/2024\/02\/Logo-EdyCeramic_2021-lung.png","contentUrl":"https:\/\/edyceramic-shop.ro\/wp-content\/uploads\/2024\/02\/Logo-EdyCeramic_2021-lung.png","width":4491,"height":769,"caption":"Edyceramic"},"image":{"@id":"https:\/\/edyceramic-shop.ro\/ro\/#\/schema\/logo\/image\/"}}]},"product_price_amount":"235.00","product_price_currency":"RON","og_availability":"instock","product_availability":"instock","product_retailer_item_id":"25b75b020c21","product_condition":"new"},"jetpack_sharing_enabled":true,"_links":{"self":[{"href":"https:\/\/edyceramic-shop.ro\/ro\/wp-json\/wp\/v2\/product\/4470","targetHints":{"allow":["GET"]}}],"collection":[{"href":"https:\/\/edyceramic-shop.ro\/ro\/wp-json\/wp\/v2\/product"}],"about":[{"href":"https:\/\/edyceramic-shop.ro\/ro\/wp-json\/wp\/v2\/types\/product"}],"version-history":[{"count":2,"href":"https:\/\/edyceramic-shop.ro\/ro\/wp-json\/wp\/v2\/product\/4470\/revisions"}],"predecessor-version":[{"id":23192,"href":"https:\/\/edyceramic-shop.ro\/ro\/wp-json\/wp\/v2\/product\/4470\/revisions\/23192"}],"wp:featuredmedia":[{"embeddable":true,"href":"https:\/\/edyceramic-shop.ro\/ro\/wp-json\/wp\/v2\/media\/4472"}],"wp:attachment":[{"href":"https:\/\/edyceramic-shop.ro\/ro\/wp-json\/wp\/v2\/media?parent=4470"}],"wp:term":[{"taxonomy":"product_brand","embeddable":true,"href":"https:\/\/edyceramic-shop.ro\/ro\/wp-json\/wp\/v2\/product_brand?post=4470"},{"taxonomy":"product_cat","embeddable":true,"href":"https:\/\/edyceramic-shop.ro\/ro\/wp-json\/wp\/v2\/product_cat?post=4470"},{"taxonomy":"product_tag","embeddable":true,"href":"https:\/\/edyceramic-shop.ro\/ro\/wp-json\/wp\/v2\/product_tag?post=4470"}],"curies":[{"name":"wp","href":"https:\/\/api.w.org\/{rel}","templated":true}]}}