{"id":4004,"date":"2024-07-28T21:59:29","date_gmt":"2024-07-28T21:59:29","guid":{"rendered":"https:\/\/edyceramic-shop.ro\/produs\/brick-raku-turquoise-w110\/"},"modified":"2025-08-01T13:31:57","modified_gmt":"2025-08-01T11:31:57","slug":"brick-raku-turquoise-w110","status":"publish","type":"product","link":"https:\/\/edyceramic-shop.ro\/ro\/produs\/brick-raku-turquoise-w110\/","title":{"rendered":"Faian\u021b\u0103 BRICK RAKU TURQUOISE W110 35x35cm"},"content":{"rendered":"<p>Faian\u021ba Brick Raku 35&#215;35 de la Platera este o faian\u021b\u0103 decorativ\u0103 inspirat\u0103 din stilul raku, un stil tradi\u021bional de ceramic\u0103 japonez\u0103. Acest tip de faian\u021b\u0103 are un design cu aspect de c\u0103r\u0103mid\u0103 (brick), cu margini u\u0219or neregulate \u0219i texturi care creeaz\u0103 un efect vizual unic \u0219i autentic. Este de obicei folosit\u0103 pentru a ad\u0103uga un accent modern \u0219i elegant \u00een spa\u021biile interioare, cum ar fi buc\u0103t\u0103riile sau b\u0103ile. Dimensiunea sa de 35&#215;35 cm face ca pl\u0103cile s\u0103 fie u\u0219or de montat, acoperind eficient suprafe\u021be mai mari f\u0103r\u0103 a necesita t\u0103ieturi complexe.<\/p>\n<p>Faian\u021ba Brick Raku se remarc\u0103 prin finisajul s\u0103u lucios sau semilucios, oferind un contrast subtil \u00eentre suprafe\u021bele netede \u0219i cele cu textur\u0103. De asemenea, paleta de culori este \u00een general neutr\u0103 sau teracot\u0103, evoc\u00e2nd o estetic\u0103 natural\u0103 \u0219i organic\u0103. Acest tip de faian\u021b\u0103 poate fi utilizat at\u00e2t pe pere\u021bi c\u00e2t \u0219i pe podele, fiind rezistent la uzur\u0103 \u0219i u\u0219or de \u00eentre\u021binut.<\/p>\n<p>Ideal\u0103 pentru interioare moderne \u0219i minimaliste, faian\u021ba Brick Raku aduce un plus de stil \u0219i rafinament prin simplitatea sa sofisticat\u0103.<\/p>\n","protected":false},"excerpt":{"rendered":"<p>Faian\u021ba Brick Raku 35&#215;35 de la Platera este o faian\u021b\u0103 decorativ\u0103 inspirat\u0103 din stilul raku, un stil tradi\u021bional de ceramic\u0103<\/p>\n","protected":false},"featured_media":21660,"template":"","meta":[],"product_brand":[],"product_cat":[467,302],"product_tag":[],"class_list":{"0":"post-4004","1":"product","2":"type-product","3":"status-publish","4":"has-post-thumbnail","6":"product_cat-gresie-si-faianta","7":"product_cat-faianta","8":"pa_ambalare-1-47m2-cutie","9":"pa_calitatea-1091","10":"pa_colectie-raku","11":"pa_dimensiune-35x35cm","12":"pa_fabrica-la-platera","13":"pa_finisaj-lucios","14":"pa_numar-de-placi-in-pachet-1250","15":"pa_rectificat-da","16":"pa_rezistent-la-inghet-nu","17":"pa_utilizare-interior","19":"first","20":"instock","21":"purchasable","22":"product-type-simple"},"yoast_head":"<!-- This site is optimized with the Yoast SEO Premium plugin v21.6 (Yoast SEO v22.1) - https:\/\/yoast.com\/wordpress\/plugins\/seo\/ -->\n<title>Faian\u021b\u0103 BRICK RAKU TURQUOISE W110 35x35cm - Edyceramic - magazin online<\/title>\n<meta name=\"robots\" content=\"index, follow, max-snippet:-1, max-image-preview:large, max-video-preview:-1\" \/>\n<link rel=\"canonical\" href=\"https:\/\/edyceramic-shop.ro\/ro\/produs\/brick-raku-turquoise-w110\/\" \/>\n<meta property=\"og:locale\" content=\"ro_RO\" \/>\n<meta property=\"og:type\" content=\"article\" \/>\n<meta property=\"og:title\" content=\"Faian\u021b\u0103 BRICK RAKU TURQUOISE W110 35x35cm\" \/>\n<meta property=\"og:description\" content=\"Faian\u021ba Brick Raku 35&#215;35 de la Platera este o faian\u021b\u0103 decorativ\u0103 inspirat\u0103 din stilul raku, un stil tradi\u021bional de ceramic\u0103\" \/>\n<meta property=\"og:url\" content=\"https:\/\/edyceramic-shop.ro\/ro\/produs\/brick-raku-turquoise-w110\/\" \/>\n<meta property=\"og:site_name\" content=\"Edyceramic - magazin online\" \/>\n<meta property=\"article:modified_time\" content=\"2025-08-01T11:31:57+00:00\" \/>\n<meta property=\"og:image\" content=\"https:\/\/edyceramic-shop.ro\/wp-content\/uploads\/2024\/09\/Turquoise-brick-raku.webp\" \/>\n\t<meta property=\"og:image:width\" content=\"827\" \/>\n\t<meta property=\"og:image:height\" content=\"827\" \/>\n\t<meta property=\"og:image:type\" content=\"image\/jpeg\" \/>\n<meta name=\"twitter:card\" content=\"summary_large_image\" \/>\n<meta name=\"twitter:label1\" content=\"Pre\u021b\" \/>\n\t<meta name=\"twitter:data1\" content=\"249,00&nbsp;lei\" \/>\n\t<meta name=\"twitter:label2\" content=\"Disponibilitate\" \/>\n\t<meta name=\"twitter:data2\" content=\"\u00cen stoc\" \/>\n<script type=\"application\/ld+json\" class=\"yoast-schema-graph\">{\"@context\":\"https:\/\/schema.org\",\"@graph\":[{\"@type\":\"WebPage\",\"@id\":\"https:\/\/edyceramic-shop.ro\/produs\/brick-raku-turquoise-w110\/\",\"url\":\"https:\/\/edyceramic-shop.ro\/produs\/brick-raku-turquoise-w110\/\",\"name\":\"Faian\u021b\u0103 BRICK RAKU TURQUOISE W110 35x35cm - Edyceramic - magazin online\",\"isPartOf\":{\"@id\":\"https:\/\/edyceramic-shop.ro\/ro\/#website\"},\"datePublished\":\"2024-07-28T21:59:29+00:00\",\"dateModified\":\"2025-08-01T11:31:57+00:00\",\"breadcrumb\":{\"@id\":\"https:\/\/edyceramic-shop.ro\/produs\/brick-raku-turquoise-w110\/#breadcrumb\"},\"inLanguage\":\"ro-RO\",\"potentialAction\":[{\"@type\":\"ReadAction\",\"target\":[\"https:\/\/edyceramic-shop.ro\/produs\/brick-raku-turquoise-w110\/\"]}]},{\"@type\":\"BreadcrumbList\",\"@id\":\"https:\/\/edyceramic-shop.ro\/produs\/brick-raku-turquoise-w110\/#breadcrumb\",\"itemListElement\":[{\"@type\":\"ListItem\",\"position\":1,\"name\":\"Home\",\"item\":\"https:\/\/edyceramic-shop.ro\/\"},{\"@type\":\"ListItem\",\"position\":2,\"name\":\"Shop\",\"item\":\"https:\/\/edyceramic-shop.ro\/ro\/shop\/\"},{\"@type\":\"ListItem\",\"position\":3,\"name\":\"Faian\u021b\u0103 BRICK RAKU TURQUOISE W110 35x35cm\"}]},{\"@type\":\"WebSite\",\"@id\":\"https:\/\/edyceramic-shop.ro\/ro\/#website\",\"url\":\"https:\/\/edyceramic-shop.ro\/ro\/\",\"name\":\"edyceramic.ro\",\"description\":\"\",\"publisher\":{\"@id\":\"https:\/\/edyceramic-shop.ro\/ro\/#organization\"},\"potentialAction\":[{\"@type\":\"SearchAction\",\"target\":{\"@type\":\"EntryPoint\",\"urlTemplate\":\"https:\/\/edyceramic-shop.ro\/ro\/?s={search_term_string}\"},\"query-input\":\"required name=search_term_string\"}],\"inLanguage\":\"ro-RO\"},{\"@type\":\"Organization\",\"@id\":\"https:\/\/edyceramic-shop.ro\/ro\/#organization\",\"name\":\"Edyceramic\",\"url\":\"https:\/\/edyceramic-shop.ro\/ro\/\",\"logo\":{\"@type\":\"ImageObject\",\"inLanguage\":\"ro-RO\",\"@id\":\"https:\/\/edyceramic-shop.ro\/ro\/#\/schema\/logo\/image\/\",\"url\":\"https:\/\/edyceramic-shop.ro\/wp-content\/uploads\/2024\/02\/Logo-EdyCeramic_2021-lung.png\",\"contentUrl\":\"https:\/\/edyceramic-shop.ro\/wp-content\/uploads\/2024\/02\/Logo-EdyCeramic_2021-lung.png\",\"width\":4491,\"height\":769,\"caption\":\"Edyceramic\"},\"image\":{\"@id\":\"https:\/\/edyceramic-shop.ro\/ro\/#\/schema\/logo\/image\/\"}}]}<\/script>\n<meta property=\"product:price:amount\" content=\"249.00\" \/>\n<meta property=\"product:price:currency\" content=\"RON\" \/>\n<meta property=\"og:availability\" content=\"instock\" \/>\n<meta property=\"product:availability\" content=\"instock\" \/>\n<meta property=\"product:retailer_item_id\" content=\"8fc5895ce977\" \/>\n<meta property=\"product:condition\" content=\"new\" \/>\n<!-- \/ Yoast SEO Premium plugin. -->","yoast_head_json":{"title":"Faian\u021b\u0103 BRICK RAKU TURQUOISE W110 35x35cm - Edyceramic - magazin online","robots":{"index":"index","follow":"follow","max-snippet":"max-snippet:-1","max-image-preview":"max-image-preview:large","max-video-preview":"max-video-preview:-1"},"canonical":"https:\/\/edyceramic-shop.ro\/ro\/produs\/brick-raku-turquoise-w110\/","og_locale":"ro_RO","og_type":"article","og_title":"Faian\u021b\u0103 BRICK RAKU TURQUOISE W110 35x35cm","og_description":"Faian\u021ba Brick Raku 35&#215;35 de la Platera este o faian\u021b\u0103 decorativ\u0103 inspirat\u0103 din stilul raku, un stil tradi\u021bional de ceramic\u0103","og_url":"https:\/\/edyceramic-shop.ro\/ro\/produs\/brick-raku-turquoise-w110\/","og_site_name":"Edyceramic - magazin online","article_modified_time":"2025-08-01T11:31:57+00:00","og_image":[{"width":827,"height":827,"url":"https:\/\/edyceramic-shop.ro\/wp-content\/uploads\/2024\/09\/Turquoise-brick-raku.webp","type":"image\/jpeg"}],"twitter_card":"summary_large_image","twitter_misc":{"Pre\u021b":"249,00&nbsp;lei","Disponibilitate":"\u00cen stoc"},"schema":{"@context":"https:\/\/schema.org","@graph":[{"@type":"WebPage","@id":"https:\/\/edyceramic-shop.ro\/produs\/brick-raku-turquoise-w110\/","url":"https:\/\/edyceramic-shop.ro\/produs\/brick-raku-turquoise-w110\/","name":"Faian\u021b\u0103 BRICK RAKU TURQUOISE W110 35x35cm - Edyceramic - magazin online","isPartOf":{"@id":"https:\/\/edyceramic-shop.ro\/ro\/#website"},"datePublished":"2024-07-28T21:59:29+00:00","dateModified":"2025-08-01T11:31:57+00:00","breadcrumb":{"@id":"https:\/\/edyceramic-shop.ro\/produs\/brick-raku-turquoise-w110\/#breadcrumb"},"inLanguage":"ro-RO","potentialAction":[{"@type":"ReadAction","target":["https:\/\/edyceramic-shop.ro\/produs\/brick-raku-turquoise-w110\/"]}]},{"@type":"BreadcrumbList","@id":"https:\/\/edyceramic-shop.ro\/produs\/brick-raku-turquoise-w110\/#breadcrumb","itemListElement":[{"@type":"ListItem","position":1,"name":"Home","item":"https:\/\/edyceramic-shop.ro\/"},{"@type":"ListItem","position":2,"name":"Shop","item":"https:\/\/edyceramic-shop.ro\/ro\/shop\/"},{"@type":"ListItem","position":3,"name":"Faian\u021b\u0103 BRICK RAKU TURQUOISE W110 35x35cm"}]},{"@type":"WebSite","@id":"https:\/\/edyceramic-shop.ro\/ro\/#website","url":"https:\/\/edyceramic-shop.ro\/ro\/","name":"edyceramic.ro","description":"","publisher":{"@id":"https:\/\/edyceramic-shop.ro\/ro\/#organization"},"potentialAction":[{"@type":"SearchAction","target":{"@type":"EntryPoint","urlTemplate":"https:\/\/edyceramic-shop.ro\/ro\/?s={search_term_string}"},"query-input":"required name=search_term_string"}],"inLanguage":"ro-RO"},{"@type":"Organization","@id":"https:\/\/edyceramic-shop.ro\/ro\/#organization","name":"Edyceramic","url":"https:\/\/edyceramic-shop.ro\/ro\/","logo":{"@type":"ImageObject","inLanguage":"ro-RO","@id":"https:\/\/edyceramic-shop.ro\/ro\/#\/schema\/logo\/image\/","url":"https:\/\/edyceramic-shop.ro\/wp-content\/uploads\/2024\/02\/Logo-EdyCeramic_2021-lung.png","contentUrl":"https:\/\/edyceramic-shop.ro\/wp-content\/uploads\/2024\/02\/Logo-EdyCeramic_2021-lung.png","width":4491,"height":769,"caption":"Edyceramic"},"image":{"@id":"https:\/\/edyceramic-shop.ro\/ro\/#\/schema\/logo\/image\/"}}]},"product_price_amount":"249.00","product_price_currency":"RON","og_availability":"instock","product_availability":"instock","product_retailer_item_id":"8fc5895ce977","product_condition":"new"},"jetpack_sharing_enabled":true,"_links":{"self":[{"href":"https:\/\/edyceramic-shop.ro\/ro\/wp-json\/wp\/v2\/product\/4004","targetHints":{"allow":["GET"]}}],"collection":[{"href":"https:\/\/edyceramic-shop.ro\/ro\/wp-json\/wp\/v2\/product"}],"about":[{"href":"https:\/\/edyceramic-shop.ro\/ro\/wp-json\/wp\/v2\/types\/product"}],"version-history":[{"count":3,"href":"https:\/\/edyceramic-shop.ro\/ro\/wp-json\/wp\/v2\/product\/4004\/revisions"}],"predecessor-version":[{"id":23317,"href":"https:\/\/edyceramic-shop.ro\/ro\/wp-json\/wp\/v2\/product\/4004\/revisions\/23317"}],"wp:featuredmedia":[{"embeddable":true,"href":"https:\/\/edyceramic-shop.ro\/ro\/wp-json\/wp\/v2\/media\/21660"}],"wp:attachment":[{"href":"https:\/\/edyceramic-shop.ro\/ro\/wp-json\/wp\/v2\/media?parent=4004"}],"wp:term":[{"taxonomy":"product_brand","embeddable":true,"href":"https:\/\/edyceramic-shop.ro\/ro\/wp-json\/wp\/v2\/product_brand?post=4004"},{"taxonomy":"product_cat","embeddable":true,"href":"https:\/\/edyceramic-shop.ro\/ro\/wp-json\/wp\/v2\/product_cat?post=4004"},{"taxonomy":"product_tag","embeddable":true,"href":"https:\/\/edyceramic-shop.ro\/ro\/wp-json\/wp\/v2\/product_tag?post=4004"}],"curies":[{"name":"wp","href":"https:\/\/api.w.org\/{rel}","templated":true}]}}