{"id":3198,"date":"2024-07-28T21:44:55","date_gmt":"2024-07-28T21:44:55","guid":{"rendered":"https:\/\/edyceramic-shop.ro\/produs\/ritual-grey-soft\/"},"modified":"2025-08-01T13:31:39","modified_gmt":"2025-08-01T11:31:39","slug":"ritual-grey-soft","status":"publish","type":"product","link":"https:\/\/edyceramic-shop.ro\/ro\/produs\/ritual-grey-soft\/","title":{"rendered":"Gresie RITUAL GREY SOFT 280x120cm"},"content":{"rendered":"<p>Descoper\u0103 rafinamentul pl\u0103cilor &#8222;Ritual Grey Soft&#8221; din colec\u021bia Paradyz. Aceste pl\u0103ci impresionante se disting prin dimensiunile lor de 280&#215;120 cm \u0219i finisajul satinat, oferind un aspect contemporan \u0219i elegant \u00een orice spa\u021biu interior.<\/p>\n<p>Fiecare cutie con\u021bine o singur\u0103 plac\u0103, suficient\u0103 pentru a acoperi o suprafa\u021b\u0103 de 3.36 m\u00b2, perfect\u0103 pentru proiecte de amenajare interioar\u0103 de amploare. Pl\u0103cile sunt rectificate pentru a asigura o montare precis\u0103 \u0219i uniform\u0103, contribuind la un aspect impecabil \u0219i continuu \u00een \u00eentregul spa\u021biu.<\/p>\n<p>Destinate utiliz\u0103rii exclusiv \u00een interior, pl\u0103cile &#8222;Ritual Grey Soft&#8221; nu sunt rezistente la \u00eenghe\u021b, fiind recomandate pentru spa\u021bii unde se apreciaz\u0103 designul sofisticat \u0219i o estetic\u0103 superioar\u0103.<\/p>\n<p>Fabricate de Paradyz, un brand de \u00eencredere \u00een industria materialelor de construc\u021bii, pl\u0103cile din colec\u021bia &#8222;Ritual Grey Soft&#8221; sunt alegerea ideal\u0103 pentru cei care doresc s\u0103 aduc\u0103 un aer modern \u0219i o elegan\u021b\u0103 subtil\u0103 \u00een amenajarea interioar\u0103.<\/p>\n","protected":false},"excerpt":{"rendered":"<p>Descoper\u0103 rafinamentul pl\u0103cilor &#8222;Ritual Grey Soft&#8221; din colec\u021bia Paradyz. Aceste pl\u0103ci impresionante se disting prin dimensiunile lor de 280&#215;120 cm<\/p>\n","protected":false},"featured_media":1749,"template":"","meta":[],"product_brand":[],"product_cat":[467,303],"product_tag":[],"class_list":{"0":"post-3198","1":"product","2":"type-product","3":"status-publish","4":"has-post-thumbnail","6":"product_cat-gresie-si-faianta","7":"product_cat-gresie-placi-mari","8":"pa_ambalare-3-36m2-cutie","9":"pa_calitatea-1091","10":"pa_colectie-ritual","11":"pa_dimensiune-280x120cm","12":"pa_fabrica-paradyz","13":"pa_finisaj-satin","14":"pa_numar-de-placi-in-pachet-1090","15":"pa_rectificat-da","16":"pa_rezistent-la-inghet-nu","17":"pa_utilizare-interior","19":"first","20":"instock","21":"purchasable","22":"product-type-simple"},"yoast_head":"<!-- This site is optimized with the Yoast SEO Premium plugin v21.6 (Yoast SEO v22.1) - https:\/\/yoast.com\/wordpress\/plugins\/seo\/ -->\n<title>Gresie RITUAL GREY SOFT 280x120cm - Edyceramic - magazin online<\/title>\n<meta name=\"robots\" content=\"index, follow, max-snippet:-1, max-image-preview:large, max-video-preview:-1\" \/>\n<link rel=\"canonical\" href=\"https:\/\/edyceramic-shop.ro\/ro\/produs\/ritual-grey-soft\/\" \/>\n<meta property=\"og:locale\" content=\"ro_RO\" \/>\n<meta property=\"og:type\" content=\"article\" \/>\n<meta property=\"og:title\" content=\"Gresie RITUAL GREY SOFT 280x120cm\" \/>\n<meta property=\"og:description\" content=\"Descoper\u0103 rafinamentul pl\u0103cilor &#8222;Ritual Grey Soft&#8221; din colec\u021bia Paradyz. Aceste pl\u0103ci impresionante se disting prin dimensiunile lor de 280&#215;120 cm\" \/>\n<meta property=\"og:url\" content=\"https:\/\/edyceramic-shop.ro\/ro\/produs\/ritual-grey-soft\/\" \/>\n<meta property=\"og:site_name\" content=\"Edyceramic - magazin online\" \/>\n<meta property=\"article:modified_time\" content=\"2025-08-01T11:31:39+00:00\" \/>\n<meta property=\"og:image\" content=\"https:\/\/edyceramic-shop.ro\/wp-content\/uploads\/2024\/06\/ritual-grey-soft-1.webp\" \/>\n\t<meta property=\"og:image:width\" content=\"715\" \/>\n\t<meta property=\"og:image:height\" content=\"506\" \/>\n\t<meta property=\"og:image:type\" content=\"image\/webp\" \/>\n<meta name=\"twitter:card\" content=\"summary_large_image\" \/>\n<meta name=\"twitter:label1\" content=\"Pre\u021b\" \/>\n\t<meta name=\"twitter:data1\" content=\"366,00&nbsp;lei\" \/>\n\t<meta name=\"twitter:label2\" content=\"Disponibilitate\" \/>\n\t<meta name=\"twitter:data2\" content=\"\u00cen stoc\" \/>\n<script type=\"application\/ld+json\" class=\"yoast-schema-graph\">{\"@context\":\"https:\/\/schema.org\",\"@graph\":[{\"@type\":\"WebPage\",\"@id\":\"https:\/\/edyceramic-shop.ro\/produs\/ritual-grey-soft\/\",\"url\":\"https:\/\/edyceramic-shop.ro\/produs\/ritual-grey-soft\/\",\"name\":\"Gresie RITUAL GREY SOFT 280x120cm - Edyceramic - magazin online\",\"isPartOf\":{\"@id\":\"https:\/\/edyceramic-shop.ro\/ro\/#website\"},\"datePublished\":\"2024-07-28T21:44:55+00:00\",\"dateModified\":\"2025-08-01T11:31:39+00:00\",\"breadcrumb\":{\"@id\":\"https:\/\/edyceramic-shop.ro\/produs\/ritual-grey-soft\/#breadcrumb\"},\"inLanguage\":\"ro-RO\",\"potentialAction\":[{\"@type\":\"ReadAction\",\"target\":[\"https:\/\/edyceramic-shop.ro\/produs\/ritual-grey-soft\/\"]}]},{\"@type\":\"BreadcrumbList\",\"@id\":\"https:\/\/edyceramic-shop.ro\/produs\/ritual-grey-soft\/#breadcrumb\",\"itemListElement\":[{\"@type\":\"ListItem\",\"position\":1,\"name\":\"Home\",\"item\":\"https:\/\/edyceramic-shop.ro\/\"},{\"@type\":\"ListItem\",\"position\":2,\"name\":\"Shop\",\"item\":\"https:\/\/edyceramic-shop.ro\/ro\/shop\/\"},{\"@type\":\"ListItem\",\"position\":3,\"name\":\"Gresie RITUAL GREY SOFT 280x120cm\"}]},{\"@type\":\"WebSite\",\"@id\":\"https:\/\/edyceramic-shop.ro\/ro\/#website\",\"url\":\"https:\/\/edyceramic-shop.ro\/ro\/\",\"name\":\"edyceramic.ro\",\"description\":\"\",\"publisher\":{\"@id\":\"https:\/\/edyceramic-shop.ro\/ro\/#organization\"},\"potentialAction\":[{\"@type\":\"SearchAction\",\"target\":{\"@type\":\"EntryPoint\",\"urlTemplate\":\"https:\/\/edyceramic-shop.ro\/ro\/?s={search_term_string}\"},\"query-input\":\"required name=search_term_string\"}],\"inLanguage\":\"ro-RO\"},{\"@type\":\"Organization\",\"@id\":\"https:\/\/edyceramic-shop.ro\/ro\/#organization\",\"name\":\"Edyceramic\",\"url\":\"https:\/\/edyceramic-shop.ro\/ro\/\",\"logo\":{\"@type\":\"ImageObject\",\"inLanguage\":\"ro-RO\",\"@id\":\"https:\/\/edyceramic-shop.ro\/ro\/#\/schema\/logo\/image\/\",\"url\":\"https:\/\/edyceramic-shop.ro\/wp-content\/uploads\/2024\/02\/Logo-EdyCeramic_2021-lung.png\",\"contentUrl\":\"https:\/\/edyceramic-shop.ro\/wp-content\/uploads\/2024\/02\/Logo-EdyCeramic_2021-lung.png\",\"width\":4491,\"height\":769,\"caption\":\"Edyceramic\"},\"image\":{\"@id\":\"https:\/\/edyceramic-shop.ro\/ro\/#\/schema\/logo\/image\/\"}}]}<\/script>\n<meta property=\"product:price:amount\" content=\"366.00\" \/>\n<meta property=\"product:price:currency\" content=\"RON\" \/>\n<meta property=\"og:availability\" content=\"instock\" \/>\n<meta property=\"product:availability\" content=\"instock\" \/>\n<meta property=\"product:retailer_item_id\" content=\"b0060cddbd21\" \/>\n<meta property=\"product:condition\" content=\"new\" \/>\n<!-- \/ Yoast SEO Premium plugin. -->","yoast_head_json":{"title":"Gresie RITUAL GREY SOFT 280x120cm - Edyceramic - magazin online","robots":{"index":"index","follow":"follow","max-snippet":"max-snippet:-1","max-image-preview":"max-image-preview:large","max-video-preview":"max-video-preview:-1"},"canonical":"https:\/\/edyceramic-shop.ro\/ro\/produs\/ritual-grey-soft\/","og_locale":"ro_RO","og_type":"article","og_title":"Gresie RITUAL GREY SOFT 280x120cm","og_description":"Descoper\u0103 rafinamentul pl\u0103cilor &#8222;Ritual Grey Soft&#8221; din colec\u021bia Paradyz. Aceste pl\u0103ci impresionante se disting prin dimensiunile lor de 280&#215;120 cm","og_url":"https:\/\/edyceramic-shop.ro\/ro\/produs\/ritual-grey-soft\/","og_site_name":"Edyceramic - magazin online","article_modified_time":"2025-08-01T11:31:39+00:00","og_image":[{"width":715,"height":506,"url":"https:\/\/edyceramic-shop.ro\/wp-content\/uploads\/2024\/06\/ritual-grey-soft-1.webp","type":"image\/webp"}],"twitter_card":"summary_large_image","twitter_misc":{"Pre\u021b":"366,00&nbsp;lei","Disponibilitate":"\u00cen stoc"},"schema":{"@context":"https:\/\/schema.org","@graph":[{"@type":"WebPage","@id":"https:\/\/edyceramic-shop.ro\/produs\/ritual-grey-soft\/","url":"https:\/\/edyceramic-shop.ro\/produs\/ritual-grey-soft\/","name":"Gresie RITUAL GREY SOFT 280x120cm - Edyceramic - magazin online","isPartOf":{"@id":"https:\/\/edyceramic-shop.ro\/ro\/#website"},"datePublished":"2024-07-28T21:44:55+00:00","dateModified":"2025-08-01T11:31:39+00:00","breadcrumb":{"@id":"https:\/\/edyceramic-shop.ro\/produs\/ritual-grey-soft\/#breadcrumb"},"inLanguage":"ro-RO","potentialAction":[{"@type":"ReadAction","target":["https:\/\/edyceramic-shop.ro\/produs\/ritual-grey-soft\/"]}]},{"@type":"BreadcrumbList","@id":"https:\/\/edyceramic-shop.ro\/produs\/ritual-grey-soft\/#breadcrumb","itemListElement":[{"@type":"ListItem","position":1,"name":"Home","item":"https:\/\/edyceramic-shop.ro\/"},{"@type":"ListItem","position":2,"name":"Shop","item":"https:\/\/edyceramic-shop.ro\/ro\/shop\/"},{"@type":"ListItem","position":3,"name":"Gresie RITUAL GREY SOFT 280x120cm"}]},{"@type":"WebSite","@id":"https:\/\/edyceramic-shop.ro\/ro\/#website","url":"https:\/\/edyceramic-shop.ro\/ro\/","name":"edyceramic.ro","description":"","publisher":{"@id":"https:\/\/edyceramic-shop.ro\/ro\/#organization"},"potentialAction":[{"@type":"SearchAction","target":{"@type":"EntryPoint","urlTemplate":"https:\/\/edyceramic-shop.ro\/ro\/?s={search_term_string}"},"query-input":"required name=search_term_string"}],"inLanguage":"ro-RO"},{"@type":"Organization","@id":"https:\/\/edyceramic-shop.ro\/ro\/#organization","name":"Edyceramic","url":"https:\/\/edyceramic-shop.ro\/ro\/","logo":{"@type":"ImageObject","inLanguage":"ro-RO","@id":"https:\/\/edyceramic-shop.ro\/ro\/#\/schema\/logo\/image\/","url":"https:\/\/edyceramic-shop.ro\/wp-content\/uploads\/2024\/02\/Logo-EdyCeramic_2021-lung.png","contentUrl":"https:\/\/edyceramic-shop.ro\/wp-content\/uploads\/2024\/02\/Logo-EdyCeramic_2021-lung.png","width":4491,"height":769,"caption":"Edyceramic"},"image":{"@id":"https:\/\/edyceramic-shop.ro\/ro\/#\/schema\/logo\/image\/"}}]},"product_price_amount":"366.00","product_price_currency":"RON","og_availability":"instock","product_availability":"instock","product_retailer_item_id":"b0060cddbd21","product_condition":"new"},"jetpack_sharing_enabled":true,"_links":{"self":[{"href":"https:\/\/edyceramic-shop.ro\/ro\/wp-json\/wp\/v2\/product\/3198","targetHints":{"allow":["GET"]}}],"collection":[{"href":"https:\/\/edyceramic-shop.ro\/ro\/wp-json\/wp\/v2\/product"}],"about":[{"href":"https:\/\/edyceramic-shop.ro\/ro\/wp-json\/wp\/v2\/types\/product"}],"version-history":[{"count":3,"href":"https:\/\/edyceramic-shop.ro\/ro\/wp-json\/wp\/v2\/product\/3198\/revisions"}],"predecessor-version":[{"id":23517,"href":"https:\/\/edyceramic-shop.ro\/ro\/wp-json\/wp\/v2\/product\/3198\/revisions\/23517"}],"wp:featuredmedia":[{"embeddable":true,"href":"https:\/\/edyceramic-shop.ro\/ro\/wp-json\/wp\/v2\/media\/1749"}],"wp:attachment":[{"href":"https:\/\/edyceramic-shop.ro\/ro\/wp-json\/wp\/v2\/media?parent=3198"}],"wp:term":[{"taxonomy":"product_brand","embeddable":true,"href":"https:\/\/edyceramic-shop.ro\/ro\/wp-json\/wp\/v2\/product_brand?post=3198"},{"taxonomy":"product_cat","embeddable":true,"href":"https:\/\/edyceramic-shop.ro\/ro\/wp-json\/wp\/v2\/product_cat?post=3198"},{"taxonomy":"product_tag","embeddable":true,"href":"https:\/\/edyceramic-shop.ro\/ro\/wp-json\/wp\/v2\/product_tag?post=3198"}],"curies":[{"name":"wp","href":"https:\/\/api.w.org\/{rel}","templated":true}]}}