{"id":3033,"date":"2024-06-26T08:28:32","date_gmt":"2024-06-26T08:28:32","guid":{"rendered":"https:\/\/edyceramic-shop.ro\/product\/rezerva-drisca-cu-burete-netaiat-sweepex-17x34x4-336ricswe-raimondi\/"},"modified":"2025-09-10T08:21:19","modified_gmt":"2025-09-10T06:21:19","slug":"rezerva-drisca-cu-burete-netaiat-sweepex-17x34x4-336ricswe-raimondi","status":"publish","type":"product","link":"https:\/\/edyceramic-shop.ro\/ro\/produs\/rezerva-drisca-cu-burete-netaiat-sweepex-17x34x4-336ricswe-raimondi\/","title":{"rendered":"Rezerva drisca cu burete netaiat, Sweepex, 17x34x4, 336RICSWE, Raimondi"},"content":{"rendered":"<p>Burete de \u00eenlocuire Sweepex galben interschimbabil cu cuplare rapid\u0103 ideal pentru eliminarea excesului de produs \u00een timpul fazei de asamblare \u0219i chituire a pardoselilor sau pere\u021bilor.<\/p>\n<p>Dimensiune: 17x34x4cm<\/p>\n","protected":false},"excerpt":{"rendered":"<p>Burete de \u00eenlocuire Sweepex galben interschimbabil cu cuplare rapid\u0103 ideal pentru eliminarea excesului de produs \u00een timpul fazei de asamblare<\/p>\n","protected":false},"featured_media":3035,"template":"","meta":[],"product_brand":[],"product_cat":[431,423],"product_tag":[],"class_list":{"0":"post-3033","1":"product","2":"type-product","3":"status-publish","4":"has-post-thumbnail","6":"product_cat-scule-si-unelte-montaj","7":"product_cat-adezivi-si-accesorii","8":"pa_dimensiune-17x34x4cm","9":"pa_fabrica-raimondi","11":"first","12":"instock","13":"purchasable","14":"product-type-simple"},"yoast_head":"<!-- This site is optimized with the Yoast SEO Premium plugin v21.6 (Yoast SEO v22.1) - https:\/\/yoast.com\/wordpress\/plugins\/seo\/ -->\n<title>Rezerva drisca cu burete netaiat, Sweepex, 17x34x4, 336RICSWE, Raimondi - Edyceramic - magazin online<\/title>\n<meta name=\"robots\" content=\"index, follow, max-snippet:-1, max-image-preview:large, max-video-preview:-1\" \/>\n<link rel=\"canonical\" href=\"https:\/\/edyceramic-shop.ro\/ro\/produs\/rezerva-drisca-cu-burete-netaiat-sweepex-17x34x4-336ricswe-raimondi\/\" \/>\n<meta property=\"og:locale\" content=\"ro_RO\" \/>\n<meta property=\"og:type\" content=\"article\" \/>\n<meta property=\"og:title\" content=\"Rezerva drisca cu burete netaiat, Sweepex, 17x34x4, 336RICSWE, Raimondi\" \/>\n<meta property=\"og:description\" content=\"Burete de \u00eenlocuire Sweepex galben interschimbabil cu cuplare rapid\u0103 ideal pentru eliminarea excesului de produs \u00een timpul fazei de asamblare\" \/>\n<meta property=\"og:url\" content=\"https:\/\/edyceramic-shop.ro\/ro\/produs\/rezerva-drisca-cu-burete-netaiat-sweepex-17x34x4-336ricswe-raimondi\/\" \/>\n<meta property=\"og:site_name\" content=\"Edyceramic - magazin online\" \/>\n<meta property=\"article:modified_time\" content=\"2025-09-10T06:21:19+00:00\" \/>\n<meta property=\"og:image\" content=\"https:\/\/edyceramic-shop.ro\/wp-content\/uploads\/2024\/06\/rezervadriscacuburetenetaiatsweepex.png\" \/>\n\t<meta property=\"og:image:width\" content=\"2000\" \/>\n\t<meta property=\"og:image:height\" content=\"2000\" \/>\n\t<meta property=\"og:image:type\" content=\"image\/png\" \/>\n<meta name=\"twitter:card\" content=\"summary_large_image\" \/>\n<meta name=\"twitter:label1\" content=\"Pre\u021b\" \/>\n\t<meta name=\"twitter:data1\" content=\"50,00&nbsp;lei\" \/>\n\t<meta name=\"twitter:label2\" content=\"Disponibilitate\" \/>\n\t<meta name=\"twitter:data2\" content=\"\u00cen stoc\" \/>\n<script type=\"application\/ld+json\" class=\"yoast-schema-graph\">{\"@context\":\"https:\/\/schema.org\",\"@graph\":[{\"@type\":\"WebPage\",\"@id\":\"https:\/\/edyceramic-shop.ro\/produs\/rezerva-drisca-cu-burete-netaiat-sweepex-17x34x4-336ricswe-raimondi\/\",\"url\":\"https:\/\/edyceramic-shop.ro\/produs\/rezerva-drisca-cu-burete-netaiat-sweepex-17x34x4-336ricswe-raimondi\/\",\"name\":\"Rezerva drisca cu burete netaiat, Sweepex, 17x34x4, 336RICSWE, Raimondi - Edyceramic - magazin online\",\"isPartOf\":{\"@id\":\"https:\/\/edyceramic-shop.ro\/ro\/#website\"},\"datePublished\":\"2024-06-26T08:28:32+00:00\",\"dateModified\":\"2025-09-10T06:21:19+00:00\",\"breadcrumb\":{\"@id\":\"https:\/\/edyceramic-shop.ro\/produs\/rezerva-drisca-cu-burete-netaiat-sweepex-17x34x4-336ricswe-raimondi\/#breadcrumb\"},\"inLanguage\":\"ro-RO\",\"potentialAction\":[{\"@type\":\"ReadAction\",\"target\":[\"https:\/\/edyceramic-shop.ro\/produs\/rezerva-drisca-cu-burete-netaiat-sweepex-17x34x4-336ricswe-raimondi\/\"]}]},{\"@type\":\"BreadcrumbList\",\"@id\":\"https:\/\/edyceramic-shop.ro\/produs\/rezerva-drisca-cu-burete-netaiat-sweepex-17x34x4-336ricswe-raimondi\/#breadcrumb\",\"itemListElement\":[{\"@type\":\"ListItem\",\"position\":1,\"name\":\"Home\",\"item\":\"https:\/\/edyceramic-shop.ro\/\"},{\"@type\":\"ListItem\",\"position\":2,\"name\":\"Shop\",\"item\":\"https:\/\/edyceramic-shop.ro\/ro\/shop\/\"},{\"@type\":\"ListItem\",\"position\":3,\"name\":\"Rezerva drisca cu burete netaiat, Sweepex, 17x34x4, 336RICSWE, Raimondi\"}]},{\"@type\":\"WebSite\",\"@id\":\"https:\/\/edyceramic-shop.ro\/ro\/#website\",\"url\":\"https:\/\/edyceramic-shop.ro\/ro\/\",\"name\":\"edyceramic.ro\",\"description\":\"\",\"publisher\":{\"@id\":\"https:\/\/edyceramic-shop.ro\/ro\/#organization\"},\"potentialAction\":[{\"@type\":\"SearchAction\",\"target\":{\"@type\":\"EntryPoint\",\"urlTemplate\":\"https:\/\/edyceramic-shop.ro\/ro\/?s={search_term_string}\"},\"query-input\":\"required name=search_term_string\"}],\"inLanguage\":\"ro-RO\"},{\"@type\":\"Organization\",\"@id\":\"https:\/\/edyceramic-shop.ro\/ro\/#organization\",\"name\":\"Edyceramic\",\"url\":\"https:\/\/edyceramic-shop.ro\/ro\/\",\"logo\":{\"@type\":\"ImageObject\",\"inLanguage\":\"ro-RO\",\"@id\":\"https:\/\/edyceramic-shop.ro\/ro\/#\/schema\/logo\/image\/\",\"url\":\"https:\/\/edyceramic-shop.ro\/wp-content\/uploads\/2024\/02\/Logo-EdyCeramic_2021-lung.png\",\"contentUrl\":\"https:\/\/edyceramic-shop.ro\/wp-content\/uploads\/2024\/02\/Logo-EdyCeramic_2021-lung.png\",\"width\":4491,\"height\":769,\"caption\":\"Edyceramic\"},\"image\":{\"@id\":\"https:\/\/edyceramic-shop.ro\/ro\/#\/schema\/logo\/image\/\"}}]}<\/script>\n<meta property=\"product:price:amount\" content=\"50.00\" \/>\n<meta property=\"product:price:currency\" content=\"RON\" \/>\n<meta property=\"og:availability\" content=\"instock\" \/>\n<meta property=\"product:availability\" content=\"instock\" \/>\n<meta property=\"product:retailer_item_id\" content=\"9c0af88b8284\" \/>\n<meta property=\"product:condition\" content=\"new\" \/>\n<!-- \/ Yoast SEO Premium plugin. -->","yoast_head_json":{"title":"Rezerva drisca cu burete netaiat, Sweepex, 17x34x4, 336RICSWE, Raimondi - Edyceramic - magazin online","robots":{"index":"index","follow":"follow","max-snippet":"max-snippet:-1","max-image-preview":"max-image-preview:large","max-video-preview":"max-video-preview:-1"},"canonical":"https:\/\/edyceramic-shop.ro\/ro\/produs\/rezerva-drisca-cu-burete-netaiat-sweepex-17x34x4-336ricswe-raimondi\/","og_locale":"ro_RO","og_type":"article","og_title":"Rezerva drisca cu burete netaiat, Sweepex, 17x34x4, 336RICSWE, Raimondi","og_description":"Burete de \u00eenlocuire Sweepex galben interschimbabil cu cuplare rapid\u0103 ideal pentru eliminarea excesului de produs \u00een timpul fazei de asamblare","og_url":"https:\/\/edyceramic-shop.ro\/ro\/produs\/rezerva-drisca-cu-burete-netaiat-sweepex-17x34x4-336ricswe-raimondi\/","og_site_name":"Edyceramic - magazin online","article_modified_time":"2025-09-10T06:21:19+00:00","og_image":[{"width":2000,"height":2000,"url":"https:\/\/edyceramic-shop.ro\/wp-content\/uploads\/2024\/06\/rezervadriscacuburetenetaiatsweepex.png","type":"image\/png"}],"twitter_card":"summary_large_image","twitter_misc":{"Pre\u021b":"50,00&nbsp;lei","Disponibilitate":"\u00cen stoc"},"schema":{"@context":"https:\/\/schema.org","@graph":[{"@type":"WebPage","@id":"https:\/\/edyceramic-shop.ro\/produs\/rezerva-drisca-cu-burete-netaiat-sweepex-17x34x4-336ricswe-raimondi\/","url":"https:\/\/edyceramic-shop.ro\/produs\/rezerva-drisca-cu-burete-netaiat-sweepex-17x34x4-336ricswe-raimondi\/","name":"Rezerva drisca cu burete netaiat, Sweepex, 17x34x4, 336RICSWE, Raimondi - Edyceramic - magazin online","isPartOf":{"@id":"https:\/\/edyceramic-shop.ro\/ro\/#website"},"datePublished":"2024-06-26T08:28:32+00:00","dateModified":"2025-09-10T06:21:19+00:00","breadcrumb":{"@id":"https:\/\/edyceramic-shop.ro\/produs\/rezerva-drisca-cu-burete-netaiat-sweepex-17x34x4-336ricswe-raimondi\/#breadcrumb"},"inLanguage":"ro-RO","potentialAction":[{"@type":"ReadAction","target":["https:\/\/edyceramic-shop.ro\/produs\/rezerva-drisca-cu-burete-netaiat-sweepex-17x34x4-336ricswe-raimondi\/"]}]},{"@type":"BreadcrumbList","@id":"https:\/\/edyceramic-shop.ro\/produs\/rezerva-drisca-cu-burete-netaiat-sweepex-17x34x4-336ricswe-raimondi\/#breadcrumb","itemListElement":[{"@type":"ListItem","position":1,"name":"Home","item":"https:\/\/edyceramic-shop.ro\/"},{"@type":"ListItem","position":2,"name":"Shop","item":"https:\/\/edyceramic-shop.ro\/ro\/shop\/"},{"@type":"ListItem","position":3,"name":"Rezerva drisca cu burete netaiat, Sweepex, 17x34x4, 336RICSWE, Raimondi"}]},{"@type":"WebSite","@id":"https:\/\/edyceramic-shop.ro\/ro\/#website","url":"https:\/\/edyceramic-shop.ro\/ro\/","name":"edyceramic.ro","description":"","publisher":{"@id":"https:\/\/edyceramic-shop.ro\/ro\/#organization"},"potentialAction":[{"@type":"SearchAction","target":{"@type":"EntryPoint","urlTemplate":"https:\/\/edyceramic-shop.ro\/ro\/?s={search_term_string}"},"query-input":"required name=search_term_string"}],"inLanguage":"ro-RO"},{"@type":"Organization","@id":"https:\/\/edyceramic-shop.ro\/ro\/#organization","name":"Edyceramic","url":"https:\/\/edyceramic-shop.ro\/ro\/","logo":{"@type":"ImageObject","inLanguage":"ro-RO","@id":"https:\/\/edyceramic-shop.ro\/ro\/#\/schema\/logo\/image\/","url":"https:\/\/edyceramic-shop.ro\/wp-content\/uploads\/2024\/02\/Logo-EdyCeramic_2021-lung.png","contentUrl":"https:\/\/edyceramic-shop.ro\/wp-content\/uploads\/2024\/02\/Logo-EdyCeramic_2021-lung.png","width":4491,"height":769,"caption":"Edyceramic"},"image":{"@id":"https:\/\/edyceramic-shop.ro\/ro\/#\/schema\/logo\/image\/"}}]},"product_price_amount":"50.00","product_price_currency":"RON","og_availability":"instock","product_availability":"instock","product_retailer_item_id":"9c0af88b8284","product_condition":"new"},"jetpack_sharing_enabled":true,"_links":{"self":[{"href":"https:\/\/edyceramic-shop.ro\/ro\/wp-json\/wp\/v2\/product\/3033","targetHints":{"allow":["GET"]}}],"collection":[{"href":"https:\/\/edyceramic-shop.ro\/ro\/wp-json\/wp\/v2\/product"}],"about":[{"href":"https:\/\/edyceramic-shop.ro\/ro\/wp-json\/wp\/v2\/types\/product"}],"version-history":[{"count":1,"href":"https:\/\/edyceramic-shop.ro\/ro\/wp-json\/wp\/v2\/product\/3033\/revisions"}],"predecessor-version":[{"id":29043,"href":"https:\/\/edyceramic-shop.ro\/ro\/wp-json\/wp\/v2\/product\/3033\/revisions\/29043"}],"wp:featuredmedia":[{"embeddable":true,"href":"https:\/\/edyceramic-shop.ro\/ro\/wp-json\/wp\/v2\/media\/3035"}],"wp:attachment":[{"href":"https:\/\/edyceramic-shop.ro\/ro\/wp-json\/wp\/v2\/media?parent=3033"}],"wp:term":[{"taxonomy":"product_brand","embeddable":true,"href":"https:\/\/edyceramic-shop.ro\/ro\/wp-json\/wp\/v2\/product_brand?post=3033"},{"taxonomy":"product_cat","embeddable":true,"href":"https:\/\/edyceramic-shop.ro\/ro\/wp-json\/wp\/v2\/product_cat?post=3033"},{"taxonomy":"product_tag","embeddable":true,"href":"https:\/\/edyceramic-shop.ro\/ro\/wp-json\/wp\/v2\/product_tag?post=3033"}],"curies":[{"name":"wp","href":"https:\/\/api.w.org\/{rel}","templated":true}]}}