{"id":2926,"date":"2024-06-26T08:27:54","date_gmt":"2024-06-26T08:27:54","guid":{"rendered":"https:\/\/edyceramic-shop.ro\/product\/telecomanda-perete-miboxer-wireless-4-zone-rgb-rgbw\/"},"modified":"2025-08-01T13:31:35","modified_gmt":"2025-08-01T11:31:35","slug":"telecomanda-perete-miboxer-wireless-4-zone-rgb-rgbw","status":"publish","type":"product","link":"https:\/\/edyceramic-shop.ro\/ro\/produs\/telecomanda-perete-miboxer-wireless-4-zone-rgb-rgbw\/","title":{"rendered":"Telecomanda perete MiBoxer wireless 4 zone RGB\/RGBW"},"content":{"rendered":"<p>Telecomand\u0103 perete Smart RGB\/RGBW 4 zone<\/p>\n<p>Date tehnice<\/p>\n<p>Tip <\/p>\n<p>Telecomanda <\/p>\n<p>Mod control<\/p>\n<p>RF<\/p>\n<p>Cod produs<\/p>\n<p>B3\/B3B<\/p>\n<p>Alimentare<\/p>\n<p>2xAAA<\/p>\n<p>Raza detec\u021bie<\/p>\n<p>30 metri<\/p>\n<p>Grad de protec\u021bie<\/p>\n<p>IP20<\/p>\n<p>Garan\u021bie<\/p>\n<p>2 ani<\/p>\n<p>Caracteristici<\/p>\n<p>Telecomanda perete wireless poate controla 4 zone \u0219i se utilizeaz\u0103 pentru  control benzi led RGB sau RGBW.<br \/>\nTelecomanda se monteaz\u0103 pe perete \u0219i se alimenteaza cu 2 baterii AAA.<br \/>\nATEN\u021aIE! Nu sunt incluse \u00een set bateriile necesare ( 2 baterii tip AAA ) . Acestea se pot achizi\u021biona separat de aici <\/p>\n<p>Baterii telecomenzi<br \/>\nSe utilizeaz\u0103 \u00eempreun\u0103 cu receiver-ul Smart de mai jos<\/p>\n","protected":false},"excerpt":{"rendered":"<p>Telecomand\u0103 perete Smart RGB\/RGBW 4 zone Date tehnice Tip Telecomanda Mod control RF Cod produs B3\/B3B Alimentare 2xAAA Raza detec\u021bie<\/p>\n","protected":false},"featured_media":2928,"template":"","meta":[],"product_brand":[],"product_cat":[417,421,391],"product_tag":[],"class_list":{"0":"post-2926","1":"product","2":"type-product","3":"status-publish","4":"has-post-thumbnail","6":"product_cat-profile-benzi-led-si-accesorii","7":"product_cat-controlere","8":"product_cat-corpuri-de-iluminat","9":"pa_alimentare-2xaaa","10":"pa_continut-2xaaa","11":"pa_fabrica-miboxer","12":"pa_mod-control-rf","13":"pa_raza-detectie-30-metri","15":"first","16":"instock","17":"purchasable","18":"product-type-simple"},"yoast_head":"<!-- This site is optimized with the Yoast SEO Premium plugin v21.6 (Yoast SEO v22.1) - https:\/\/yoast.com\/wordpress\/plugins\/seo\/ -->\n<title>Telecomanda perete MiBoxer wireless 4 zone RGB\/RGBW - Edyceramic - magazin online<\/title>\n<meta name=\"robots\" content=\"index, follow, max-snippet:-1, max-image-preview:large, max-video-preview:-1\" \/>\n<link rel=\"canonical\" href=\"https:\/\/edyceramic-shop.ro\/ro\/produs\/telecomanda-perete-miboxer-wireless-4-zone-rgb-rgbw\/\" \/>\n<meta property=\"og:locale\" content=\"ro_RO\" \/>\n<meta property=\"og:type\" content=\"article\" \/>\n<meta property=\"og:title\" content=\"Telecomanda perete MiBoxer wireless 4 zone RGB\/RGBW\" \/>\n<meta property=\"og:description\" content=\"Telecomand\u0103 perete Smart RGB\/RGBW 4 zone Date tehnice Tip Telecomanda Mod control RF Cod produs B3\/B3B Alimentare 2xAAA Raza detec\u021bie\" \/>\n<meta property=\"og:url\" content=\"https:\/\/edyceramic-shop.ro\/ro\/produs\/telecomanda-perete-miboxer-wireless-4-zone-rgb-rgbw\/\" \/>\n<meta property=\"og:site_name\" content=\"Edyceramic - magazin online\" \/>\n<meta property=\"article:modified_time\" content=\"2025-08-01T11:31:35+00:00\" \/>\n<meta property=\"og:image\" content=\"https:\/\/edyceramic-shop.ro\/wp-content\/uploads\/2024\/06\/telecomanda-perete-miboxer-wireless-4-zone-rgb-rgbw66531.webp\" \/>\n\t<meta property=\"og:image:width\" content=\"450\" \/>\n\t<meta property=\"og:image:height\" content=\"450\" \/>\n\t<meta property=\"og:image:type\" content=\"image\/webp\" \/>\n<meta name=\"twitter:card\" content=\"summary_large_image\" \/>\n<meta name=\"twitter:label1\" content=\"Pre\u021b\" \/>\n\t<meta name=\"twitter:data1\" content=\"112,00&nbsp;lei\" \/>\n\t<meta name=\"twitter:label2\" content=\"Disponibilitate\" \/>\n\t<meta name=\"twitter:data2\" content=\"\u00cen stoc\" \/>\n<script type=\"application\/ld+json\" class=\"yoast-schema-graph\">{\"@context\":\"https:\/\/schema.org\",\"@graph\":[{\"@type\":\"WebPage\",\"@id\":\"https:\/\/edyceramic-shop.ro\/produs\/telecomanda-perete-miboxer-wireless-4-zone-rgb-rgbw\/\",\"url\":\"https:\/\/edyceramic-shop.ro\/produs\/telecomanda-perete-miboxer-wireless-4-zone-rgb-rgbw\/\",\"name\":\"Telecomanda perete MiBoxer wireless 4 zone RGB\/RGBW - Edyceramic - magazin online\",\"isPartOf\":{\"@id\":\"https:\/\/edyceramic-shop.ro\/ro\/#website\"},\"datePublished\":\"2024-06-26T08:27:54+00:00\",\"dateModified\":\"2025-08-01T11:31:35+00:00\",\"breadcrumb\":{\"@id\":\"https:\/\/edyceramic-shop.ro\/produs\/telecomanda-perete-miboxer-wireless-4-zone-rgb-rgbw\/#breadcrumb\"},\"inLanguage\":\"ro-RO\",\"potentialAction\":[{\"@type\":\"ReadAction\",\"target\":[\"https:\/\/edyceramic-shop.ro\/produs\/telecomanda-perete-miboxer-wireless-4-zone-rgb-rgbw\/\"]}]},{\"@type\":\"BreadcrumbList\",\"@id\":\"https:\/\/edyceramic-shop.ro\/produs\/telecomanda-perete-miboxer-wireless-4-zone-rgb-rgbw\/#breadcrumb\",\"itemListElement\":[{\"@type\":\"ListItem\",\"position\":1,\"name\":\"Home\",\"item\":\"https:\/\/edyceramic-shop.ro\/\"},{\"@type\":\"ListItem\",\"position\":2,\"name\":\"Shop\",\"item\":\"https:\/\/edyceramic-shop.ro\/ro\/shop\/\"},{\"@type\":\"ListItem\",\"position\":3,\"name\":\"Telecomanda perete MiBoxer wireless 4 zone RGB\/RGBW\"}]},{\"@type\":\"WebSite\",\"@id\":\"https:\/\/edyceramic-shop.ro\/ro\/#website\",\"url\":\"https:\/\/edyceramic-shop.ro\/ro\/\",\"name\":\"edyceramic.ro\",\"description\":\"\",\"publisher\":{\"@id\":\"https:\/\/edyceramic-shop.ro\/ro\/#organization\"},\"potentialAction\":[{\"@type\":\"SearchAction\",\"target\":{\"@type\":\"EntryPoint\",\"urlTemplate\":\"https:\/\/edyceramic-shop.ro\/ro\/?s={search_term_string}\"},\"query-input\":\"required name=search_term_string\"}],\"inLanguage\":\"ro-RO\"},{\"@type\":\"Organization\",\"@id\":\"https:\/\/edyceramic-shop.ro\/ro\/#organization\",\"name\":\"Edyceramic\",\"url\":\"https:\/\/edyceramic-shop.ro\/ro\/\",\"logo\":{\"@type\":\"ImageObject\",\"inLanguage\":\"ro-RO\",\"@id\":\"https:\/\/edyceramic-shop.ro\/ro\/#\/schema\/logo\/image\/\",\"url\":\"https:\/\/edyceramic-shop.ro\/wp-content\/uploads\/2024\/02\/Logo-EdyCeramic_2021-lung.png\",\"contentUrl\":\"https:\/\/edyceramic-shop.ro\/wp-content\/uploads\/2024\/02\/Logo-EdyCeramic_2021-lung.png\",\"width\":4491,\"height\":769,\"caption\":\"Edyceramic\"},\"image\":{\"@id\":\"https:\/\/edyceramic-shop.ro\/ro\/#\/schema\/logo\/image\/\"}}]}<\/script>\n<meta property=\"product:price:amount\" content=\"112.00\" \/>\n<meta property=\"product:price:currency\" content=\"RON\" \/>\n<meta property=\"og:availability\" content=\"instock\" \/>\n<meta property=\"product:availability\" content=\"instock\" \/>\n<meta property=\"product:retailer_item_id\" content=\"4e1b9d434c62\" \/>\n<meta property=\"product:condition\" content=\"new\" \/>\n<!-- \/ Yoast SEO Premium plugin. -->","yoast_head_json":{"title":"Telecomanda perete MiBoxer wireless 4 zone RGB\/RGBW - Edyceramic - magazin online","robots":{"index":"index","follow":"follow","max-snippet":"max-snippet:-1","max-image-preview":"max-image-preview:large","max-video-preview":"max-video-preview:-1"},"canonical":"https:\/\/edyceramic-shop.ro\/ro\/produs\/telecomanda-perete-miboxer-wireless-4-zone-rgb-rgbw\/","og_locale":"ro_RO","og_type":"article","og_title":"Telecomanda perete MiBoxer wireless 4 zone RGB\/RGBW","og_description":"Telecomand\u0103 perete Smart RGB\/RGBW 4 zone Date tehnice Tip Telecomanda Mod control RF Cod produs B3\/B3B Alimentare 2xAAA Raza detec\u021bie","og_url":"https:\/\/edyceramic-shop.ro\/ro\/produs\/telecomanda-perete-miboxer-wireless-4-zone-rgb-rgbw\/","og_site_name":"Edyceramic - magazin online","article_modified_time":"2025-08-01T11:31:35+00:00","og_image":[{"width":450,"height":450,"url":"https:\/\/edyceramic-shop.ro\/wp-content\/uploads\/2024\/06\/telecomanda-perete-miboxer-wireless-4-zone-rgb-rgbw66531.webp","type":"image\/webp"}],"twitter_card":"summary_large_image","twitter_misc":{"Pre\u021b":"112,00&nbsp;lei","Disponibilitate":"\u00cen stoc"},"schema":{"@context":"https:\/\/schema.org","@graph":[{"@type":"WebPage","@id":"https:\/\/edyceramic-shop.ro\/produs\/telecomanda-perete-miboxer-wireless-4-zone-rgb-rgbw\/","url":"https:\/\/edyceramic-shop.ro\/produs\/telecomanda-perete-miboxer-wireless-4-zone-rgb-rgbw\/","name":"Telecomanda perete MiBoxer wireless 4 zone RGB\/RGBW - Edyceramic - magazin online","isPartOf":{"@id":"https:\/\/edyceramic-shop.ro\/ro\/#website"},"datePublished":"2024-06-26T08:27:54+00:00","dateModified":"2025-08-01T11:31:35+00:00","breadcrumb":{"@id":"https:\/\/edyceramic-shop.ro\/produs\/telecomanda-perete-miboxer-wireless-4-zone-rgb-rgbw\/#breadcrumb"},"inLanguage":"ro-RO","potentialAction":[{"@type":"ReadAction","target":["https:\/\/edyceramic-shop.ro\/produs\/telecomanda-perete-miboxer-wireless-4-zone-rgb-rgbw\/"]}]},{"@type":"BreadcrumbList","@id":"https:\/\/edyceramic-shop.ro\/produs\/telecomanda-perete-miboxer-wireless-4-zone-rgb-rgbw\/#breadcrumb","itemListElement":[{"@type":"ListItem","position":1,"name":"Home","item":"https:\/\/edyceramic-shop.ro\/"},{"@type":"ListItem","position":2,"name":"Shop","item":"https:\/\/edyceramic-shop.ro\/ro\/shop\/"},{"@type":"ListItem","position":3,"name":"Telecomanda perete MiBoxer wireless 4 zone RGB\/RGBW"}]},{"@type":"WebSite","@id":"https:\/\/edyceramic-shop.ro\/ro\/#website","url":"https:\/\/edyceramic-shop.ro\/ro\/","name":"edyceramic.ro","description":"","publisher":{"@id":"https:\/\/edyceramic-shop.ro\/ro\/#organization"},"potentialAction":[{"@type":"SearchAction","target":{"@type":"EntryPoint","urlTemplate":"https:\/\/edyceramic-shop.ro\/ro\/?s={search_term_string}"},"query-input":"required name=search_term_string"}],"inLanguage":"ro-RO"},{"@type":"Organization","@id":"https:\/\/edyceramic-shop.ro\/ro\/#organization","name":"Edyceramic","url":"https:\/\/edyceramic-shop.ro\/ro\/","logo":{"@type":"ImageObject","inLanguage":"ro-RO","@id":"https:\/\/edyceramic-shop.ro\/ro\/#\/schema\/logo\/image\/","url":"https:\/\/edyceramic-shop.ro\/wp-content\/uploads\/2024\/02\/Logo-EdyCeramic_2021-lung.png","contentUrl":"https:\/\/edyceramic-shop.ro\/wp-content\/uploads\/2024\/02\/Logo-EdyCeramic_2021-lung.png","width":4491,"height":769,"caption":"Edyceramic"},"image":{"@id":"https:\/\/edyceramic-shop.ro\/ro\/#\/schema\/logo\/image\/"}}]},"product_price_amount":"112.00","product_price_currency":"RON","og_availability":"instock","product_availability":"instock","product_retailer_item_id":"4e1b9d434c62","product_condition":"new"},"jetpack_sharing_enabled":true,"_links":{"self":[{"href":"https:\/\/edyceramic-shop.ro\/ro\/wp-json\/wp\/v2\/product\/2926","targetHints":{"allow":["GET"]}}],"collection":[{"href":"https:\/\/edyceramic-shop.ro\/ro\/wp-json\/wp\/v2\/product"}],"about":[{"href":"https:\/\/edyceramic-shop.ro\/ro\/wp-json\/wp\/v2\/types\/product"}],"version-history":[{"count":0,"href":"https:\/\/edyceramic-shop.ro\/ro\/wp-json\/wp\/v2\/product\/2926\/revisions"}],"wp:featuredmedia":[{"embeddable":true,"href":"https:\/\/edyceramic-shop.ro\/ro\/wp-json\/wp\/v2\/media\/2928"}],"wp:attachment":[{"href":"https:\/\/edyceramic-shop.ro\/ro\/wp-json\/wp\/v2\/media?parent=2926"}],"wp:term":[{"taxonomy":"product_brand","embeddable":true,"href":"https:\/\/edyceramic-shop.ro\/ro\/wp-json\/wp\/v2\/product_brand?post=2926"},{"taxonomy":"product_cat","embeddable":true,"href":"https:\/\/edyceramic-shop.ro\/ro\/wp-json\/wp\/v2\/product_cat?post=2926"},{"taxonomy":"product_tag","embeddable":true,"href":"https:\/\/edyceramic-shop.ro\/ro\/wp-json\/wp\/v2\/product_tag?post=2926"}],"curies":[{"name":"wp","href":"https:\/\/api.w.org\/{rel}","templated":true}]}}