{"id":2923,"date":"2024-06-26T08:27:54","date_gmt":"2024-06-26T08:27:54","guid":{"rendered":"https:\/\/edyceramic-shop.ro\/product\/sursa-alimentare-led-100w-24v-45a\/"},"modified":"2025-08-01T13:31:35","modified_gmt":"2025-08-01T11:31:35","slug":"sursa-alimentare-led-100w-24v-45a","status":"publish","type":"product","link":"https:\/\/edyceramic-shop.ro\/ro\/produs\/sursa-alimentare-led-100w-24v-45a\/","title":{"rendered":"Sursa alimentare LED 100W 24V 4,5A"},"content":{"rendered":"<p>Mean Well LRS-100-24                                               <\/p>\n<p>Date tehnice<\/p>\n<p>Tensiune de intrare<\/p>\n<p>85-264 VAC<\/p>\n<p>Tensiune de ie\u0219ire<\/p>\n<p>24 VDC<\/p>\n<p>Putere<\/p>\n<p>102 W<\/p>\n<p>Eficien\u021b\u0103<\/p>\n<p>88 %<\/p>\n<p>Temperatura de func\u021bionare<\/p>\n<p>-30 ~ +70\u00b0C<\/p>\n<p>Grad de protec\u021bie<\/p>\n<p>IP20<\/p>\n<p>Dimensiuni (L x l x h)<\/p>\n<p>129 x 97 x 30 mm <\/p>\n<p>Greutate<\/p>\n<p>0,34 kg<\/p>\n<p>Caracteristici<\/p>\n<p>Surs\u0103 de tensiune constant\u0103 \u00een carcas\u0103 metalic\u0103 pentru alimentarea benzilor cu LED \u0219i a modulelor cu LED ce func\u021bioneaz\u0103 la 24 Vcc (curent continuu). Tensiunea de ie\u0219ire este stabilizat\u0103 \u0219i independent\u0103 de fluctua\u021biile tensiunii de intrare. Sursa are protec\u021bie la supratensiune, scurtcircuit, suprasarcin\u0103 \u0219i supra\u00eenc\u0103lzire. R\u0103cirea se face prin convec\u021bia natural\u0103 a aerului, f\u0103r\u0103 ventilator.<\/p>\n","protected":false},"excerpt":{"rendered":"<p>Mean Well LRS-100-24 Date tehnice Tensiune de intrare 85-264 VAC Tensiune de ie\u0219ire 24 VDC Putere 102 W Eficien\u021b\u0103 88<\/p>\n","protected":false},"featured_media":2925,"template":"","meta":[],"product_brand":[],"product_cat":[417,420,391],"product_tag":[],"class_list":{"0":"post-2923","1":"product","2":"type-product","3":"status-publish","4":"has-post-thumbnail","6":"product_cat-profile-benzi-led-si-accesorii","7":"product_cat-surse-de-alimentare","8":"product_cat-corpuri-de-iluminat","9":"pa_dimensiune-129x97x30mm","10":"pa_fabrica-mean-well","11":"pa_grad-de-protectie-ip20","12":"pa_putere-100w","14":"first","15":"instock","16":"purchasable","17":"product-type-simple"},"yoast_head":"<!-- This site is optimized with the Yoast SEO Premium plugin v21.6 (Yoast SEO v22.1) - https:\/\/yoast.com\/wordpress\/plugins\/seo\/ -->\n<title>Sursa alimentare LED 100W 24V 4,5A - Edyceramic - magazin online<\/title>\n<meta name=\"robots\" content=\"index, follow, max-snippet:-1, max-image-preview:large, max-video-preview:-1\" \/>\n<link rel=\"canonical\" href=\"https:\/\/edyceramic-shop.ro\/ro\/produs\/sursa-alimentare-led-100w-24v-45a\/\" \/>\n<meta property=\"og:locale\" content=\"ro_RO\" \/>\n<meta property=\"og:type\" content=\"article\" \/>\n<meta property=\"og:title\" content=\"Sursa alimentare LED 100W 24V 4,5A\" \/>\n<meta property=\"og:description\" content=\"Mean Well LRS-100-24 Date tehnice Tensiune de intrare 85-264 VAC Tensiune de ie\u0219ire 24 VDC Putere 102 W Eficien\u021b\u0103 88\" \/>\n<meta property=\"og:url\" content=\"https:\/\/edyceramic-shop.ro\/ro\/produs\/sursa-alimentare-led-100w-24v-45a\/\" \/>\n<meta property=\"og:site_name\" content=\"Edyceramic - magazin online\" \/>\n<meta property=\"article:modified_time\" content=\"2025-08-01T11:31:35+00:00\" \/>\n<meta property=\"og:image\" content=\"https:\/\/edyceramic-shop.ro\/wp-content\/uploads\/2024\/06\/sursa-alimentare-led-100w-24v-4-5a3881.webp\" \/>\n\t<meta property=\"og:image:width\" content=\"360\" \/>\n\t<meta property=\"og:image:height\" content=\"360\" \/>\n\t<meta property=\"og:image:type\" content=\"image\/webp\" \/>\n<meta name=\"twitter:card\" content=\"summary_large_image\" \/>\n<meta name=\"twitter:label1\" content=\"Pre\u021b\" \/>\n\t<meta name=\"twitter:data1\" content=\"101,00&nbsp;lei\" \/>\n\t<meta name=\"twitter:label2\" content=\"Disponibilitate\" \/>\n\t<meta name=\"twitter:data2\" content=\"\u00cen stoc\" \/>\n<script type=\"application\/ld+json\" class=\"yoast-schema-graph\">{\"@context\":\"https:\/\/schema.org\",\"@graph\":[{\"@type\":\"WebPage\",\"@id\":\"https:\/\/edyceramic-shop.ro\/produs\/sursa-alimentare-led-100w-24v-45a\/\",\"url\":\"https:\/\/edyceramic-shop.ro\/produs\/sursa-alimentare-led-100w-24v-45a\/\",\"name\":\"Sursa alimentare LED 100W 24V 4,5A - Edyceramic - magazin online\",\"isPartOf\":{\"@id\":\"https:\/\/edyceramic-shop.ro\/ro\/#website\"},\"datePublished\":\"2024-06-26T08:27:54+00:00\",\"dateModified\":\"2025-08-01T11:31:35+00:00\",\"breadcrumb\":{\"@id\":\"https:\/\/edyceramic-shop.ro\/produs\/sursa-alimentare-led-100w-24v-45a\/#breadcrumb\"},\"inLanguage\":\"ro-RO\",\"potentialAction\":[{\"@type\":\"ReadAction\",\"target\":[\"https:\/\/edyceramic-shop.ro\/produs\/sursa-alimentare-led-100w-24v-45a\/\"]}]},{\"@type\":\"BreadcrumbList\",\"@id\":\"https:\/\/edyceramic-shop.ro\/produs\/sursa-alimentare-led-100w-24v-45a\/#breadcrumb\",\"itemListElement\":[{\"@type\":\"ListItem\",\"position\":1,\"name\":\"Home\",\"item\":\"https:\/\/edyceramic-shop.ro\/\"},{\"@type\":\"ListItem\",\"position\":2,\"name\":\"Shop\",\"item\":\"https:\/\/edyceramic-shop.ro\/ro\/shop\/\"},{\"@type\":\"ListItem\",\"position\":3,\"name\":\"Sursa alimentare LED 100W 24V 4,5A\"}]},{\"@type\":\"WebSite\",\"@id\":\"https:\/\/edyceramic-shop.ro\/ro\/#website\",\"url\":\"https:\/\/edyceramic-shop.ro\/ro\/\",\"name\":\"edyceramic.ro\",\"description\":\"\",\"publisher\":{\"@id\":\"https:\/\/edyceramic-shop.ro\/ro\/#organization\"},\"potentialAction\":[{\"@type\":\"SearchAction\",\"target\":{\"@type\":\"EntryPoint\",\"urlTemplate\":\"https:\/\/edyceramic-shop.ro\/ro\/?s={search_term_string}\"},\"query-input\":\"required name=search_term_string\"}],\"inLanguage\":\"ro-RO\"},{\"@type\":\"Organization\",\"@id\":\"https:\/\/edyceramic-shop.ro\/ro\/#organization\",\"name\":\"Edyceramic\",\"url\":\"https:\/\/edyceramic-shop.ro\/ro\/\",\"logo\":{\"@type\":\"ImageObject\",\"inLanguage\":\"ro-RO\",\"@id\":\"https:\/\/edyceramic-shop.ro\/ro\/#\/schema\/logo\/image\/\",\"url\":\"https:\/\/edyceramic-shop.ro\/wp-content\/uploads\/2024\/02\/Logo-EdyCeramic_2021-lung.png\",\"contentUrl\":\"https:\/\/edyceramic-shop.ro\/wp-content\/uploads\/2024\/02\/Logo-EdyCeramic_2021-lung.png\",\"width\":4491,\"height\":769,\"caption\":\"Edyceramic\"},\"image\":{\"@id\":\"https:\/\/edyceramic-shop.ro\/ro\/#\/schema\/logo\/image\/\"}}]}<\/script>\n<meta property=\"product:price:amount\" content=\"101.00\" \/>\n<meta property=\"product:price:currency\" content=\"RON\" \/>\n<meta property=\"og:availability\" content=\"instock\" \/>\n<meta property=\"product:availability\" content=\"instock\" \/>\n<meta property=\"product:retailer_item_id\" content=\"2a1beff6977c\" \/>\n<meta property=\"product:condition\" content=\"new\" \/>\n<!-- \/ Yoast SEO Premium plugin. -->","yoast_head_json":{"title":"Sursa alimentare LED 100W 24V 4,5A - Edyceramic - magazin online","robots":{"index":"index","follow":"follow","max-snippet":"max-snippet:-1","max-image-preview":"max-image-preview:large","max-video-preview":"max-video-preview:-1"},"canonical":"https:\/\/edyceramic-shop.ro\/ro\/produs\/sursa-alimentare-led-100w-24v-45a\/","og_locale":"ro_RO","og_type":"article","og_title":"Sursa alimentare LED 100W 24V 4,5A","og_description":"Mean Well LRS-100-24 Date tehnice Tensiune de intrare 85-264 VAC Tensiune de ie\u0219ire 24 VDC Putere 102 W Eficien\u021b\u0103 88","og_url":"https:\/\/edyceramic-shop.ro\/ro\/produs\/sursa-alimentare-led-100w-24v-45a\/","og_site_name":"Edyceramic - magazin online","article_modified_time":"2025-08-01T11:31:35+00:00","og_image":[{"width":360,"height":360,"url":"https:\/\/edyceramic-shop.ro\/wp-content\/uploads\/2024\/06\/sursa-alimentare-led-100w-24v-4-5a3881.webp","type":"image\/webp"}],"twitter_card":"summary_large_image","twitter_misc":{"Pre\u021b":"101,00&nbsp;lei","Disponibilitate":"\u00cen stoc"},"schema":{"@context":"https:\/\/schema.org","@graph":[{"@type":"WebPage","@id":"https:\/\/edyceramic-shop.ro\/produs\/sursa-alimentare-led-100w-24v-45a\/","url":"https:\/\/edyceramic-shop.ro\/produs\/sursa-alimentare-led-100w-24v-45a\/","name":"Sursa alimentare LED 100W 24V 4,5A - Edyceramic - magazin online","isPartOf":{"@id":"https:\/\/edyceramic-shop.ro\/ro\/#website"},"datePublished":"2024-06-26T08:27:54+00:00","dateModified":"2025-08-01T11:31:35+00:00","breadcrumb":{"@id":"https:\/\/edyceramic-shop.ro\/produs\/sursa-alimentare-led-100w-24v-45a\/#breadcrumb"},"inLanguage":"ro-RO","potentialAction":[{"@type":"ReadAction","target":["https:\/\/edyceramic-shop.ro\/produs\/sursa-alimentare-led-100w-24v-45a\/"]}]},{"@type":"BreadcrumbList","@id":"https:\/\/edyceramic-shop.ro\/produs\/sursa-alimentare-led-100w-24v-45a\/#breadcrumb","itemListElement":[{"@type":"ListItem","position":1,"name":"Home","item":"https:\/\/edyceramic-shop.ro\/"},{"@type":"ListItem","position":2,"name":"Shop","item":"https:\/\/edyceramic-shop.ro\/ro\/shop\/"},{"@type":"ListItem","position":3,"name":"Sursa alimentare LED 100W 24V 4,5A"}]},{"@type":"WebSite","@id":"https:\/\/edyceramic-shop.ro\/ro\/#website","url":"https:\/\/edyceramic-shop.ro\/ro\/","name":"edyceramic.ro","description":"","publisher":{"@id":"https:\/\/edyceramic-shop.ro\/ro\/#organization"},"potentialAction":[{"@type":"SearchAction","target":{"@type":"EntryPoint","urlTemplate":"https:\/\/edyceramic-shop.ro\/ro\/?s={search_term_string}"},"query-input":"required name=search_term_string"}],"inLanguage":"ro-RO"},{"@type":"Organization","@id":"https:\/\/edyceramic-shop.ro\/ro\/#organization","name":"Edyceramic","url":"https:\/\/edyceramic-shop.ro\/ro\/","logo":{"@type":"ImageObject","inLanguage":"ro-RO","@id":"https:\/\/edyceramic-shop.ro\/ro\/#\/schema\/logo\/image\/","url":"https:\/\/edyceramic-shop.ro\/wp-content\/uploads\/2024\/02\/Logo-EdyCeramic_2021-lung.png","contentUrl":"https:\/\/edyceramic-shop.ro\/wp-content\/uploads\/2024\/02\/Logo-EdyCeramic_2021-lung.png","width":4491,"height":769,"caption":"Edyceramic"},"image":{"@id":"https:\/\/edyceramic-shop.ro\/ro\/#\/schema\/logo\/image\/"}}]},"product_price_amount":"101.00","product_price_currency":"RON","og_availability":"instock","product_availability":"instock","product_retailer_item_id":"2a1beff6977c","product_condition":"new"},"jetpack_sharing_enabled":true,"_links":{"self":[{"href":"https:\/\/edyceramic-shop.ro\/ro\/wp-json\/wp\/v2\/product\/2923","targetHints":{"allow":["GET"]}}],"collection":[{"href":"https:\/\/edyceramic-shop.ro\/ro\/wp-json\/wp\/v2\/product"}],"about":[{"href":"https:\/\/edyceramic-shop.ro\/ro\/wp-json\/wp\/v2\/types\/product"}],"version-history":[{"count":0,"href":"https:\/\/edyceramic-shop.ro\/ro\/wp-json\/wp\/v2\/product\/2923\/revisions"}],"wp:featuredmedia":[{"embeddable":true,"href":"https:\/\/edyceramic-shop.ro\/ro\/wp-json\/wp\/v2\/media\/2925"}],"wp:attachment":[{"href":"https:\/\/edyceramic-shop.ro\/ro\/wp-json\/wp\/v2\/media?parent=2923"}],"wp:term":[{"taxonomy":"product_brand","embeddable":true,"href":"https:\/\/edyceramic-shop.ro\/ro\/wp-json\/wp\/v2\/product_brand?post=2923"},{"taxonomy":"product_cat","embeddable":true,"href":"https:\/\/edyceramic-shop.ro\/ro\/wp-json\/wp\/v2\/product_cat?post=2923"},{"taxonomy":"product_tag","embeddable":true,"href":"https:\/\/edyceramic-shop.ro\/ro\/wp-json\/wp\/v2\/product_tag?post=2923"}],"curies":[{"name":"wp","href":"https:\/\/api.w.org\/{rel}","templated":true}]}}