{"id":2908,"date":"2024-06-26T08:27:54","date_gmt":"2024-06-26T08:27:54","guid":{"rendered":"https:\/\/edyceramic-shop.ro\/product\/banda-led-flexibila-cob-15w-m-cri90-480led-m-24v-rola-5m-alb-neutru\/"},"modified":"2025-08-01T13:31:35","modified_gmt":"2025-08-01T11:31:35","slug":"banda-led-flexibila-cob-15w-m-cri90-480led-m-24v-rola-5m-alb-neutru","status":"publish","type":"product","link":"https:\/\/edyceramic-shop.ro\/ro\/produs\/banda-led-flexibila-cob-15w-m-cri90-480led-m-24v-rola-5m-alb-neutru\/","title":{"rendered":"Band\u0103 LED flexibil\u0103 &#8211; COB 15W\/m CRI90 480led\/m 24V, rol\u0103 5m, alb-neutru"},"content":{"rendered":"<p>Band\u0103 LED COB 15W\/m 4000K<\/p>\n<p>Noua tehnologie COB &#8211; furnizeaz\u0103 o band\u0103 de lumin\u0103 omogen\u0103 f\u0103r\u0103 zone mai luminoase sau mai \u00eentunecate<\/p>\n<p>Banda COB LED este solu\u021bia perfect\u0103 pentru a crea linii de lumin\u0103 continue \u0219i foarte uniforme din profile de aluminiu chiar foarte sub\u021biri, montate \u00eencastrate sau aparente.<\/p>\n<p>Noua band\u0103 LED tip COB utilizeaz\u0103 o solu\u021bie tehnic\u0103 inovatoare pentru a oferi o linie uniform\u0103 de lumin\u0103 pe \u00eentreaga lungime de 5 m a benzii. Acest lucru este ob\u021binut folosind o linie continu\u0103 de fosfor galben care con\u021bine 480 diode LED pe metru, o tehnologie cunoscut\u0103 sub numele de Chip on Board (COB), astfel incat str\u0103luce\u0219te ca o band\u0103 de lumin\u0103 omogen\u0103 &#8211; punctele individuale de lumin\u0103 nu sunt vizibile, cu excep\u021bia cazului \u00een care intensitatea este mai mic\u0103 de 40% din puterea maxim\u0103 de lumin\u0103. <\/p>\n<p>Un alt avantaj al noilor benzi LED COB este eficien\u021ba ridicat\u0103 de aproximativ 100 lm \/ W (\u00een func\u021bie de temperatura culorii), cu un indice ridicat de redare a culorilor (CRI)> 90 Ra. \u00cen plus, unghiul fasciculului de lumina de 170 \u00b0 este semnificativ mai mare dec\u00e2t cel al benzilor LED conven\u021bionale. <\/p>\n<p>Aceast\u0103 band\u0103 LED de \u00eenalt\u0103 calitate poate fi ata\u0219at\u0103 \u0219i pe suprafe\u021be rotunde sau \u00een jurul col\u021burilor, datorit\u0103 pl\u0103cii de circuit flexibile. Cu toate acestea, raza de \u00eendoire nu trebuie s\u0103 fie mai mic\u0103 de 2 cm. Pe partea din spate exist\u0103 o band\u0103 adeziv\u0103 puternic\u0103 tip 3M VHB. <\/p>\n<p>Instalarea pe o suprafa\u021b\u0103 de r\u0103cire (profile de aluminiu) este obligatorie. Folosirea \u00eempreun\u0103 cu unul din profilele noastre de aluminiu este cea mai elegant\u0103 si eficienta modalitate de a asigura disiparea c\u0103ldurii si o r\u0103lcire corespunz\u0103toare. <\/p>\n<p>V\u0103 rug\u0103m s\u0103 re\u021bine\u021bi: Aceast\u0103 band\u0103 LED are o putere nominal\u0103 de 15W \/ 0,63 A pe metru. Pentru a putea folosi aceast\u0103 band\u0103 \u00een siguran\u021b\u0103 \u0219i pentru a evita o sc\u0103dere vizibil\u0103 a luminozit\u0103\u021bii, aceasta nu trebuie s\u0103 func\u021bioneze mai mult de 5 metri la r\u00e2nd. Pute\u021bi alimenta mai multe linii de 5 m prin cablaj paralel (cu condi\u021bia s\u0103 existe o surs\u0103 de alimentare suficient\u0103) sau p\u00e2n\u0103 la 10 m buc\u0103\u021bi dac\u0103 alimentarea se face din ambele capete. <\/p>\n<p>Caracteristici:<br \/>\n\u2022 poate fi taiat\u0103 din 4,5cm in 4,5cm far\u0103 a afecta func\u021bionarea celorlalte LED-uri; buc\u0103\u021bile t\u0103iate se pot reconecta \u00eentre ele  prin cositorire sau conectori COB<br \/>\n\u2022 se poate lipi pe aproape orice suprafa\u021b\u0103, datorit\u0103 benzii autoadezive 3M VHB<br \/>\n\u2022 durat\u0103 de func\u021bionare extrem de mare<br \/>\n\u2022 asigura o lumina continua chiar si in profilele de aluminiu foarte plate<\/p>\n<p>Aplica\u021bii:<br \/>\n\u2022 iluminat de contur, arhitectural \u0219i decorativ<br \/>\n\u2022 iluminat scafe de diferite lungimi \u0219i forme<br \/>\n\u2022 reclame sau panouri luminoase, vitrine, rafturi magazine<\/p>\n<p>Informa\u021bii suplimentare:<br \/>\n\u2022 Alimentarea se face la 24V, deci este necesar\u0103 alegerea unei surse de alimentare \u00een func\u021bie de puterea consumat\u0103 a benzii LED. Este recomandat s\u0103 se foloseasc\u0103 aproximativ 80% din puterea sursei de alimentare. De exemplu, pentru o lungime de 5m de band\u0103 LED, ce are o putere total\u0103 de 75W, se recomand\u0103 o sursa de alimentare de 100W.<br \/>\n\u2022 Pentru alegerea sursei de alimentare adecvate accesa\u021bi categoria de mai jos:<\/p>\n","protected":false},"excerpt":{"rendered":"<p>Band\u0103 LED COB 15W\/m 4000K Noua tehnologie COB &#8211; furnizeaz\u0103 o band\u0103 de lumin\u0103 omogen\u0103 f\u0103r\u0103 zone mai luminoase sau<\/p>\n","protected":false},"featured_media":2910,"template":"","meta":[],"product_brand":[],"product_cat":[417,419,391],"product_tag":[],"class_list":{"0":"post-2908","1":"product","2":"type-product","3":"status-publish","4":"has-post-thumbnail","6":"product_cat-profile-benzi-led-si-accesorii","7":"product_cat-benzi-led","8":"product_cat-corpuri-de-iluminat","9":"pa_dimensiune-rola-5ml","10":"pa_fabrica-top-led","11":"pa_numar-de-leduri-480-m","12":"pa_putere-15w-m","13":"pa_temperatura-de-culoare-4000k","14":"pa_tip-led-cob-led","16":"first","17":"instock","18":"purchasable","19":"product-type-simple"},"yoast_head":"<!-- This site is optimized with the Yoast SEO Premium plugin v21.6 (Yoast SEO v22.1) - https:\/\/yoast.com\/wordpress\/plugins\/seo\/ -->\n<title>Band\u0103 LED flexibil\u0103 - COB 15W\/m CRI90 480led\/m 24V, rol\u0103 5m, alb-neutru - Edyceramic - magazin online<\/title>\n<meta name=\"robots\" content=\"index, follow, max-snippet:-1, max-image-preview:large, max-video-preview:-1\" \/>\n<link rel=\"canonical\" href=\"https:\/\/edyceramic-shop.ro\/ro\/produs\/banda-led-flexibila-cob-15w-m-cri90-480led-m-24v-rola-5m-alb-neutru\/\" \/>\n<meta property=\"og:locale\" content=\"ro_RO\" \/>\n<meta property=\"og:type\" content=\"article\" \/>\n<meta property=\"og:title\" content=\"Band\u0103 LED flexibil\u0103 - COB 15W\/m CRI90 480led\/m 24V, rol\u0103 5m, alb-neutru\" \/>\n<meta property=\"og:description\" content=\"Band\u0103 LED COB 15W\/m 4000K Noua tehnologie COB &#8211; furnizeaz\u0103 o band\u0103 de lumin\u0103 omogen\u0103 f\u0103r\u0103 zone mai luminoase sau\" \/>\n<meta property=\"og:url\" content=\"https:\/\/edyceramic-shop.ro\/ro\/produs\/banda-led-flexibila-cob-15w-m-cri90-480led-m-24v-rola-5m-alb-neutru\/\" \/>\n<meta property=\"og:site_name\" content=\"Edyceramic - magazin online\" \/>\n<meta property=\"article:modified_time\" content=\"2025-08-01T11:31:35+00:00\" \/>\n<meta property=\"og:image\" content=\"https:\/\/edyceramic-shop.ro\/wp-content\/uploads\/2024\/06\/24568ec1-7026-42ee-9456-4d208f2155981.png\" \/>\n\t<meta property=\"og:image:width\" content=\"721\" \/>\n\t<meta property=\"og:image:height\" content=\"415\" \/>\n\t<meta property=\"og:image:type\" content=\"image\/png\" \/>\n<meta name=\"twitter:card\" content=\"summary_large_image\" \/>\n<meta name=\"twitter:label1\" content=\"Pre\u021b\" \/>\n\t<meta name=\"twitter:data1\" content=\"240,00&nbsp;lei\" \/>\n\t<meta name=\"twitter:label2\" content=\"Disponibilitate\" \/>\n\t<meta name=\"twitter:data2\" content=\"\u00cen stoc\" \/>\n<script type=\"application\/ld+json\" class=\"yoast-schema-graph\">{\"@context\":\"https:\/\/schema.org\",\"@graph\":[{\"@type\":\"WebPage\",\"@id\":\"https:\/\/edyceramic-shop.ro\/produs\/banda-led-flexibila-cob-15w-m-cri90-480led-m-24v-rola-5m-alb-neutru\/\",\"url\":\"https:\/\/edyceramic-shop.ro\/produs\/banda-led-flexibila-cob-15w-m-cri90-480led-m-24v-rola-5m-alb-neutru\/\",\"name\":\"Band\u0103 LED flexibil\u0103 - COB 15W\/m CRI90 480led\/m 24V, rol\u0103 5m, alb-neutru - Edyceramic - magazin online\",\"isPartOf\":{\"@id\":\"https:\/\/edyceramic-shop.ro\/ro\/#website\"},\"datePublished\":\"2024-06-26T08:27:54+00:00\",\"dateModified\":\"2025-08-01T11:31:35+00:00\",\"breadcrumb\":{\"@id\":\"https:\/\/edyceramic-shop.ro\/produs\/banda-led-flexibila-cob-15w-m-cri90-480led-m-24v-rola-5m-alb-neutru\/#breadcrumb\"},\"inLanguage\":\"ro-RO\",\"potentialAction\":[{\"@type\":\"ReadAction\",\"target\":[\"https:\/\/edyceramic-shop.ro\/produs\/banda-led-flexibila-cob-15w-m-cri90-480led-m-24v-rola-5m-alb-neutru\/\"]}]},{\"@type\":\"BreadcrumbList\",\"@id\":\"https:\/\/edyceramic-shop.ro\/produs\/banda-led-flexibila-cob-15w-m-cri90-480led-m-24v-rola-5m-alb-neutru\/#breadcrumb\",\"itemListElement\":[{\"@type\":\"ListItem\",\"position\":1,\"name\":\"Home\",\"item\":\"https:\/\/edyceramic-shop.ro\/\"},{\"@type\":\"ListItem\",\"position\":2,\"name\":\"Shop\",\"item\":\"https:\/\/edyceramic-shop.ro\/ro\/shop\/\"},{\"@type\":\"ListItem\",\"position\":3,\"name\":\"Band\u0103 LED flexibil\u0103 &#8211; COB 15W\/m CRI90 480led\/m 24V, rol\u0103 5m, alb-neutru\"}]},{\"@type\":\"WebSite\",\"@id\":\"https:\/\/edyceramic-shop.ro\/ro\/#website\",\"url\":\"https:\/\/edyceramic-shop.ro\/ro\/\",\"name\":\"edyceramic.ro\",\"description\":\"\",\"publisher\":{\"@id\":\"https:\/\/edyceramic-shop.ro\/ro\/#organization\"},\"potentialAction\":[{\"@type\":\"SearchAction\",\"target\":{\"@type\":\"EntryPoint\",\"urlTemplate\":\"https:\/\/edyceramic-shop.ro\/ro\/?s={search_term_string}\"},\"query-input\":\"required name=search_term_string\"}],\"inLanguage\":\"ro-RO\"},{\"@type\":\"Organization\",\"@id\":\"https:\/\/edyceramic-shop.ro\/ro\/#organization\",\"name\":\"Edyceramic\",\"url\":\"https:\/\/edyceramic-shop.ro\/ro\/\",\"logo\":{\"@type\":\"ImageObject\",\"inLanguage\":\"ro-RO\",\"@id\":\"https:\/\/edyceramic-shop.ro\/ro\/#\/schema\/logo\/image\/\",\"url\":\"https:\/\/edyceramic-shop.ro\/wp-content\/uploads\/2024\/02\/Logo-EdyCeramic_2021-lung.png\",\"contentUrl\":\"https:\/\/edyceramic-shop.ro\/wp-content\/uploads\/2024\/02\/Logo-EdyCeramic_2021-lung.png\",\"width\":4491,\"height\":769,\"caption\":\"Edyceramic\"},\"image\":{\"@id\":\"https:\/\/edyceramic-shop.ro\/ro\/#\/schema\/logo\/image\/\"}}]}<\/script>\n<meta property=\"product:price:amount\" content=\"240.00\" \/>\n<meta property=\"product:price:currency\" content=\"RON\" \/>\n<meta property=\"og:availability\" content=\"instock\" \/>\n<meta property=\"product:availability\" content=\"instock\" \/>\n<meta property=\"product:retailer_item_id\" content=\"d416e5093b89\" \/>\n<meta property=\"product:condition\" content=\"new\" \/>\n<!-- \/ Yoast SEO Premium plugin. -->","yoast_head_json":{"title":"Band\u0103 LED flexibil\u0103 - COB 15W\/m CRI90 480led\/m 24V, rol\u0103 5m, alb-neutru - Edyceramic - magazin online","robots":{"index":"index","follow":"follow","max-snippet":"max-snippet:-1","max-image-preview":"max-image-preview:large","max-video-preview":"max-video-preview:-1"},"canonical":"https:\/\/edyceramic-shop.ro\/ro\/produs\/banda-led-flexibila-cob-15w-m-cri90-480led-m-24v-rola-5m-alb-neutru\/","og_locale":"ro_RO","og_type":"article","og_title":"Band\u0103 LED flexibil\u0103 - COB 15W\/m CRI90 480led\/m 24V, rol\u0103 5m, alb-neutru","og_description":"Band\u0103 LED COB 15W\/m 4000K Noua tehnologie COB &#8211; furnizeaz\u0103 o band\u0103 de lumin\u0103 omogen\u0103 f\u0103r\u0103 zone mai luminoase sau","og_url":"https:\/\/edyceramic-shop.ro\/ro\/produs\/banda-led-flexibila-cob-15w-m-cri90-480led-m-24v-rola-5m-alb-neutru\/","og_site_name":"Edyceramic - magazin online","article_modified_time":"2025-08-01T11:31:35+00:00","og_image":[{"width":721,"height":415,"url":"https:\/\/edyceramic-shop.ro\/wp-content\/uploads\/2024\/06\/24568ec1-7026-42ee-9456-4d208f2155981.png","type":"image\/png"}],"twitter_card":"summary_large_image","twitter_misc":{"Pre\u021b":"240,00&nbsp;lei","Disponibilitate":"\u00cen stoc"},"schema":{"@context":"https:\/\/schema.org","@graph":[{"@type":"WebPage","@id":"https:\/\/edyceramic-shop.ro\/produs\/banda-led-flexibila-cob-15w-m-cri90-480led-m-24v-rola-5m-alb-neutru\/","url":"https:\/\/edyceramic-shop.ro\/produs\/banda-led-flexibila-cob-15w-m-cri90-480led-m-24v-rola-5m-alb-neutru\/","name":"Band\u0103 LED flexibil\u0103 - COB 15W\/m CRI90 480led\/m 24V, rol\u0103 5m, alb-neutru - Edyceramic - magazin online","isPartOf":{"@id":"https:\/\/edyceramic-shop.ro\/ro\/#website"},"datePublished":"2024-06-26T08:27:54+00:00","dateModified":"2025-08-01T11:31:35+00:00","breadcrumb":{"@id":"https:\/\/edyceramic-shop.ro\/produs\/banda-led-flexibila-cob-15w-m-cri90-480led-m-24v-rola-5m-alb-neutru\/#breadcrumb"},"inLanguage":"ro-RO","potentialAction":[{"@type":"ReadAction","target":["https:\/\/edyceramic-shop.ro\/produs\/banda-led-flexibila-cob-15w-m-cri90-480led-m-24v-rola-5m-alb-neutru\/"]}]},{"@type":"BreadcrumbList","@id":"https:\/\/edyceramic-shop.ro\/produs\/banda-led-flexibila-cob-15w-m-cri90-480led-m-24v-rola-5m-alb-neutru\/#breadcrumb","itemListElement":[{"@type":"ListItem","position":1,"name":"Home","item":"https:\/\/edyceramic-shop.ro\/"},{"@type":"ListItem","position":2,"name":"Shop","item":"https:\/\/edyceramic-shop.ro\/ro\/shop\/"},{"@type":"ListItem","position":3,"name":"Band\u0103 LED flexibil\u0103 &#8211; COB 15W\/m CRI90 480led\/m 24V, rol\u0103 5m, alb-neutru"}]},{"@type":"WebSite","@id":"https:\/\/edyceramic-shop.ro\/ro\/#website","url":"https:\/\/edyceramic-shop.ro\/ro\/","name":"edyceramic.ro","description":"","publisher":{"@id":"https:\/\/edyceramic-shop.ro\/ro\/#organization"},"potentialAction":[{"@type":"SearchAction","target":{"@type":"EntryPoint","urlTemplate":"https:\/\/edyceramic-shop.ro\/ro\/?s={search_term_string}"},"query-input":"required name=search_term_string"}],"inLanguage":"ro-RO"},{"@type":"Organization","@id":"https:\/\/edyceramic-shop.ro\/ro\/#organization","name":"Edyceramic","url":"https:\/\/edyceramic-shop.ro\/ro\/","logo":{"@type":"ImageObject","inLanguage":"ro-RO","@id":"https:\/\/edyceramic-shop.ro\/ro\/#\/schema\/logo\/image\/","url":"https:\/\/edyceramic-shop.ro\/wp-content\/uploads\/2024\/02\/Logo-EdyCeramic_2021-lung.png","contentUrl":"https:\/\/edyceramic-shop.ro\/wp-content\/uploads\/2024\/02\/Logo-EdyCeramic_2021-lung.png","width":4491,"height":769,"caption":"Edyceramic"},"image":{"@id":"https:\/\/edyceramic-shop.ro\/ro\/#\/schema\/logo\/image\/"}}]},"product_price_amount":"240.00","product_price_currency":"RON","og_availability":"instock","product_availability":"instock","product_retailer_item_id":"d416e5093b89","product_condition":"new"},"jetpack_sharing_enabled":true,"_links":{"self":[{"href":"https:\/\/edyceramic-shop.ro\/ro\/wp-json\/wp\/v2\/product\/2908","targetHints":{"allow":["GET"]}}],"collection":[{"href":"https:\/\/edyceramic-shop.ro\/ro\/wp-json\/wp\/v2\/product"}],"about":[{"href":"https:\/\/edyceramic-shop.ro\/ro\/wp-json\/wp\/v2\/types\/product"}],"version-history":[{"count":0,"href":"https:\/\/edyceramic-shop.ro\/ro\/wp-json\/wp\/v2\/product\/2908\/revisions"}],"wp:featuredmedia":[{"embeddable":true,"href":"https:\/\/edyceramic-shop.ro\/ro\/wp-json\/wp\/v2\/media\/2910"}],"wp:attachment":[{"href":"https:\/\/edyceramic-shop.ro\/ro\/wp-json\/wp\/v2\/media?parent=2908"}],"wp:term":[{"taxonomy":"product_brand","embeddable":true,"href":"https:\/\/edyceramic-shop.ro\/ro\/wp-json\/wp\/v2\/product_brand?post=2908"},{"taxonomy":"product_cat","embeddable":true,"href":"https:\/\/edyceramic-shop.ro\/ro\/wp-json\/wp\/v2\/product_cat?post=2908"},{"taxonomy":"product_tag","embeddable":true,"href":"https:\/\/edyceramic-shop.ro\/ro\/wp-json\/wp\/v2\/product_tag?post=2908"}],"curies":[{"name":"wp","href":"https:\/\/api.w.org\/{rel}","templated":true}]}}