{"id":28845,"date":"2025-08-01T12:06:55","date_gmt":"2025-08-01T10:06:55","guid":{"rendered":"https:\/\/edyceramic-shop.ro\/produs\/baterie-incastrata-de-lavoar-2-treceri-hansgrohe-tecturis-e-crom-73051000\/"},"modified":"2025-08-01T13:38:06","modified_gmt":"2025-08-01T11:38:06","slug":"baterie-incastrata-de-lavoar-2-treceri-hansgrohe-tecturis-e-crom-73051000","status":"publish","type":"product","link":"https:\/\/edyceramic-shop.ro\/ro\/produs\/baterie-incastrata-de-lavoar-2-treceri-hansgrohe-tecturis-e-crom-73051000\/","title":{"rendered":"BATERIE \u00ceNCASTRAT\u0102 DE LAVOAR, 2 TRECERI HANSGROHE TECTURIS E CROM 73051000"},"content":{"rendered":"<p>proiec\u021bie: 225 mm<br \/>\nvarianta m\u00e2ner: m\u00e2ner cu p\u00e2rghie<br \/>\ntip de pulverizare: WaterfallStream<br \/>\ndebit maxim la 3 bar: 4 l\/min<br \/>\ncartus ceramic<br \/>\nlimitare de temperatur\u0103 reglabil\u0103<br \/>\npotrivit pentru \u00eenc\u0103lzitoare de ap\u0103 cu debit continuu<br \/>\nventil metalic<br \/>\ntip conexiune: set de baz\u0103<br \/>\ndimensiune racordare: DN15<br \/>\nm\u00e2nerul poate fi pozi\u021bionat pe dreapta sau pe st\u00e2nga, \u00een func\u021bie de instalarea setului de baz\u0103<br \/>\nAvantaje:<\/p>\n<p>Design minimalist: Liniile curate \u0219i geometrice ale bateriei se integreaz\u0103 perfect \u00een orice baie modern\u0103.<br \/>\nMontare pe perete: Ofer\u0103 un aspect elegant \u0219i economise\u0219te spa\u021biu pe blatul lavoarului.<br \/>\nTehnologie EcoSmart+: Reduce consumul de ap\u0103 cu p\u00e2n\u0103 la 60%, oferind \u00een acela\u0219i timp un jet puternic \u0219i pl\u0103cut.<br \/>\nCartu\u0219 ceramic: Asigur\u0103 o func\u021bionare lin\u0103 \u0219i silen\u021bioas\u0103 a bateriei.<br \/>\nLimitator de temperatur\u0103: Previne op\u0103ririle accidentale.<\/p>\n","protected":false},"excerpt":{"rendered":"<p>proiec\u021bie: 225 mm varianta m\u00e2ner: m\u00e2ner cu p\u00e2rghie tip de pulverizare: WaterfallStream debit maxim la 3 bar: 4 l\/min cartus<\/p>\n","protected":false},"featured_media":28748,"template":"","meta":[],"product_brand":[],"product_cat":[367,366,334],"product_tag":[],"class_list":{"0":"post-28845","1":"product","2":"type-product","3":"status-publish","4":"has-post-thumbnail","6":"product_cat-baterii-lavoar","7":"product_cat-baterii-de-baie","8":"product_cat-sanitare","9":"pa_colectia-tecturis-e","10":"pa_culoare-crom","11":"pa_fabrica-hansgrohe","12":"pa_montaj-pe-perete","13":"pa_sku-3634","15":"first","16":"instock","17":"sale","18":"purchasable","19":"product-type-simple"},"yoast_head":"<!-- This site is optimized with the Yoast SEO Premium plugin v21.6 (Yoast SEO v22.1) - https:\/\/yoast.com\/wordpress\/plugins\/seo\/ -->\n<title>BATERIE \u00ceNCASTRAT\u0102 DE LAVOAR, 2 TRECERI HANSGROHE TECTURIS E CROM 73051000 - Edyceramic - magazin online<\/title>\n<meta name=\"robots\" content=\"index, follow, max-snippet:-1, max-image-preview:large, max-video-preview:-1\" \/>\n<link rel=\"canonical\" href=\"https:\/\/edyceramic-shop.ro\/ro\/produs\/baterie-incastrata-de-lavoar-2-treceri-hansgrohe-tecturis-e-crom-73051000\/\" \/>\n<meta property=\"og:locale\" content=\"ro_RO\" \/>\n<meta property=\"og:type\" content=\"article\" \/>\n<meta property=\"og:title\" content=\"BATERIE \u00ceNCASTRAT\u0102 DE LAVOAR, 2 TRECERI HANSGROHE TECTURIS E CROM 73051000\" \/>\n<meta property=\"og:description\" content=\"proiec\u021bie: 225 mm varianta m\u00e2ner: m\u00e2ner cu p\u00e2rghie tip de pulverizare: WaterfallStream debit maxim la 3 bar: 4 l\/min cartus\" \/>\n<meta property=\"og:url\" content=\"https:\/\/edyceramic-shop.ro\/ro\/produs\/baterie-incastrata-de-lavoar-2-treceri-hansgrohe-tecturis-e-crom-73051000\/\" \/>\n<meta property=\"og:site_name\" content=\"Edyceramic - magazin online\" \/>\n<meta property=\"article:modified_time\" content=\"2025-08-01T11:38:06+00:00\" \/>\n<meta property=\"og:image\" content=\"https:\/\/edyceramic-shop.ro\/wp-content\/uploads\/2025\/08\/113860_baterie_incastrata_lavoar_hansgrihe_tecturis_ecosmart_crom-1.webp\" \/>\n\t<meta property=\"og:image:width\" content=\"800\" \/>\n\t<meta property=\"og:image:height\" content=\"800\" \/>\n\t<meta property=\"og:image:type\" content=\"image\/webp\" \/>\n<meta name=\"twitter:card\" content=\"summary_large_image\" \/>\n<meta name=\"twitter:label1\" content=\"Pre\u021b\" \/>\n\t<meta name=\"twitter:data1\" content=\"1.224,00&nbsp;lei\" \/>\n\t<meta name=\"twitter:label2\" content=\"Disponibilitate\" \/>\n\t<meta name=\"twitter:data2\" content=\"\u00cen stoc\" \/>\n<script type=\"application\/ld+json\" class=\"yoast-schema-graph\">{\"@context\":\"https:\/\/schema.org\",\"@graph\":[{\"@type\":\"WebPage\",\"@id\":\"https:\/\/edyceramic-shop.ro\/produs\/baterie-incastrata-de-lavoar-2-treceri-hansgrohe-tecturis-e-crom-73051000\/\",\"url\":\"https:\/\/edyceramic-shop.ro\/produs\/baterie-incastrata-de-lavoar-2-treceri-hansgrohe-tecturis-e-crom-73051000\/\",\"name\":\"BATERIE \u00ceNCASTRAT\u0102 DE LAVOAR, 2 TRECERI HANSGROHE TECTURIS E CROM 73051000 - Edyceramic - magazin online\",\"isPartOf\":{\"@id\":\"https:\/\/edyceramic-shop.ro\/ro\/#website\"},\"datePublished\":\"2025-08-01T10:06:55+00:00\",\"dateModified\":\"2025-08-01T11:38:06+00:00\",\"breadcrumb\":{\"@id\":\"https:\/\/edyceramic-shop.ro\/produs\/baterie-incastrata-de-lavoar-2-treceri-hansgrohe-tecturis-e-crom-73051000\/#breadcrumb\"},\"inLanguage\":\"ro-RO\",\"potentialAction\":[{\"@type\":\"ReadAction\",\"target\":[\"https:\/\/edyceramic-shop.ro\/produs\/baterie-incastrata-de-lavoar-2-treceri-hansgrohe-tecturis-e-crom-73051000\/\"]}]},{\"@type\":\"BreadcrumbList\",\"@id\":\"https:\/\/edyceramic-shop.ro\/produs\/baterie-incastrata-de-lavoar-2-treceri-hansgrohe-tecturis-e-crom-73051000\/#breadcrumb\",\"itemListElement\":[{\"@type\":\"ListItem\",\"position\":1,\"name\":\"Home\",\"item\":\"https:\/\/edyceramic-shop.ro\/\"},{\"@type\":\"ListItem\",\"position\":2,\"name\":\"Shop\",\"item\":\"https:\/\/edyceramic-shop.ro\/ro\/shop\/\"},{\"@type\":\"ListItem\",\"position\":3,\"name\":\"BATERIE \u00ceNCASTRAT\u0102 DE LAVOAR, 2 TRECERI HANSGROHE TECTURIS E CROM 73051000\"}]},{\"@type\":\"WebSite\",\"@id\":\"https:\/\/edyceramic-shop.ro\/ro\/#website\",\"url\":\"https:\/\/edyceramic-shop.ro\/ro\/\",\"name\":\"edyceramic.ro\",\"description\":\"\",\"publisher\":{\"@id\":\"https:\/\/edyceramic-shop.ro\/ro\/#organization\"},\"potentialAction\":[{\"@type\":\"SearchAction\",\"target\":{\"@type\":\"EntryPoint\",\"urlTemplate\":\"https:\/\/edyceramic-shop.ro\/ro\/?s={search_term_string}\"},\"query-input\":\"required name=search_term_string\"}],\"inLanguage\":\"ro-RO\"},{\"@type\":\"Organization\",\"@id\":\"https:\/\/edyceramic-shop.ro\/ro\/#organization\",\"name\":\"Edyceramic\",\"url\":\"https:\/\/edyceramic-shop.ro\/ro\/\",\"logo\":{\"@type\":\"ImageObject\",\"inLanguage\":\"ro-RO\",\"@id\":\"https:\/\/edyceramic-shop.ro\/ro\/#\/schema\/logo\/image\/\",\"url\":\"https:\/\/edyceramic-shop.ro\/wp-content\/uploads\/2024\/02\/Logo-EdyCeramic_2021-lung.png\",\"contentUrl\":\"https:\/\/edyceramic-shop.ro\/wp-content\/uploads\/2024\/02\/Logo-EdyCeramic_2021-lung.png\",\"width\":4491,\"height\":769,\"caption\":\"Edyceramic\"},\"image\":{\"@id\":\"https:\/\/edyceramic-shop.ro\/ro\/#\/schema\/logo\/image\/\"}}]}<\/script>\n<meta property=\"product:price:amount\" content=\"1224.00\" \/>\n<meta property=\"product:price:currency\" content=\"RON\" \/>\n<meta property=\"og:availability\" content=\"instock\" \/>\n<meta property=\"product:availability\" content=\"instock\" \/>\n<meta property=\"product:retailer_item_id\" content=\"73051000\" \/>\n<meta property=\"product:condition\" content=\"new\" \/>\n<!-- \/ Yoast SEO Premium plugin. -->","yoast_head_json":{"title":"BATERIE \u00ceNCASTRAT\u0102 DE LAVOAR, 2 TRECERI HANSGROHE TECTURIS E CROM 73051000 - Edyceramic - magazin online","robots":{"index":"index","follow":"follow","max-snippet":"max-snippet:-1","max-image-preview":"max-image-preview:large","max-video-preview":"max-video-preview:-1"},"canonical":"https:\/\/edyceramic-shop.ro\/ro\/produs\/baterie-incastrata-de-lavoar-2-treceri-hansgrohe-tecturis-e-crom-73051000\/","og_locale":"ro_RO","og_type":"article","og_title":"BATERIE \u00ceNCASTRAT\u0102 DE LAVOAR, 2 TRECERI HANSGROHE TECTURIS E CROM 73051000","og_description":"proiec\u021bie: 225 mm varianta m\u00e2ner: m\u00e2ner cu p\u00e2rghie tip de pulverizare: WaterfallStream debit maxim la 3 bar: 4 l\/min cartus","og_url":"https:\/\/edyceramic-shop.ro\/ro\/produs\/baterie-incastrata-de-lavoar-2-treceri-hansgrohe-tecturis-e-crom-73051000\/","og_site_name":"Edyceramic - magazin online","article_modified_time":"2025-08-01T11:38:06+00:00","og_image":[{"width":800,"height":800,"url":"https:\/\/edyceramic-shop.ro\/wp-content\/uploads\/2025\/08\/113860_baterie_incastrata_lavoar_hansgrihe_tecturis_ecosmart_crom-1.webp","type":"image\/webp"}],"twitter_card":"summary_large_image","twitter_misc":{"Pre\u021b":"1.224,00&nbsp;lei","Disponibilitate":"\u00cen stoc"},"schema":{"@context":"https:\/\/schema.org","@graph":[{"@type":"WebPage","@id":"https:\/\/edyceramic-shop.ro\/produs\/baterie-incastrata-de-lavoar-2-treceri-hansgrohe-tecturis-e-crom-73051000\/","url":"https:\/\/edyceramic-shop.ro\/produs\/baterie-incastrata-de-lavoar-2-treceri-hansgrohe-tecturis-e-crom-73051000\/","name":"BATERIE \u00ceNCASTRAT\u0102 DE LAVOAR, 2 TRECERI HANSGROHE TECTURIS E CROM 73051000 - Edyceramic - magazin online","isPartOf":{"@id":"https:\/\/edyceramic-shop.ro\/ro\/#website"},"datePublished":"2025-08-01T10:06:55+00:00","dateModified":"2025-08-01T11:38:06+00:00","breadcrumb":{"@id":"https:\/\/edyceramic-shop.ro\/produs\/baterie-incastrata-de-lavoar-2-treceri-hansgrohe-tecturis-e-crom-73051000\/#breadcrumb"},"inLanguage":"ro-RO","potentialAction":[{"@type":"ReadAction","target":["https:\/\/edyceramic-shop.ro\/produs\/baterie-incastrata-de-lavoar-2-treceri-hansgrohe-tecturis-e-crom-73051000\/"]}]},{"@type":"BreadcrumbList","@id":"https:\/\/edyceramic-shop.ro\/produs\/baterie-incastrata-de-lavoar-2-treceri-hansgrohe-tecturis-e-crom-73051000\/#breadcrumb","itemListElement":[{"@type":"ListItem","position":1,"name":"Home","item":"https:\/\/edyceramic-shop.ro\/"},{"@type":"ListItem","position":2,"name":"Shop","item":"https:\/\/edyceramic-shop.ro\/ro\/shop\/"},{"@type":"ListItem","position":3,"name":"BATERIE \u00ceNCASTRAT\u0102 DE LAVOAR, 2 TRECERI HANSGROHE TECTURIS E CROM 73051000"}]},{"@type":"WebSite","@id":"https:\/\/edyceramic-shop.ro\/ro\/#website","url":"https:\/\/edyceramic-shop.ro\/ro\/","name":"edyceramic.ro","description":"","publisher":{"@id":"https:\/\/edyceramic-shop.ro\/ro\/#organization"},"potentialAction":[{"@type":"SearchAction","target":{"@type":"EntryPoint","urlTemplate":"https:\/\/edyceramic-shop.ro\/ro\/?s={search_term_string}"},"query-input":"required name=search_term_string"}],"inLanguage":"ro-RO"},{"@type":"Organization","@id":"https:\/\/edyceramic-shop.ro\/ro\/#organization","name":"Edyceramic","url":"https:\/\/edyceramic-shop.ro\/ro\/","logo":{"@type":"ImageObject","inLanguage":"ro-RO","@id":"https:\/\/edyceramic-shop.ro\/ro\/#\/schema\/logo\/image\/","url":"https:\/\/edyceramic-shop.ro\/wp-content\/uploads\/2024\/02\/Logo-EdyCeramic_2021-lung.png","contentUrl":"https:\/\/edyceramic-shop.ro\/wp-content\/uploads\/2024\/02\/Logo-EdyCeramic_2021-lung.png","width":4491,"height":769,"caption":"Edyceramic"},"image":{"@id":"https:\/\/edyceramic-shop.ro\/ro\/#\/schema\/logo\/image\/"}}]},"product_price_amount":"1224.00","product_price_currency":"RON","og_availability":"instock","product_availability":"instock","product_retailer_item_id":"73051000","product_condition":"new"},"jetpack_sharing_enabled":true,"_links":{"self":[{"href":"https:\/\/edyceramic-shop.ro\/ro\/wp-json\/wp\/v2\/product\/28845","targetHints":{"allow":["GET"]}}],"collection":[{"href":"https:\/\/edyceramic-shop.ro\/ro\/wp-json\/wp\/v2\/product"}],"about":[{"href":"https:\/\/edyceramic-shop.ro\/ro\/wp-json\/wp\/v2\/types\/product"}],"version-history":[{"count":1,"href":"https:\/\/edyceramic-shop.ro\/ro\/wp-json\/wp\/v2\/product\/28845\/revisions"}],"predecessor-version":[{"id":28846,"href":"https:\/\/edyceramic-shop.ro\/ro\/wp-json\/wp\/v2\/product\/28845\/revisions\/28846"}],"wp:featuredmedia":[{"embeddable":true,"href":"https:\/\/edyceramic-shop.ro\/ro\/wp-json\/wp\/v2\/media\/28748"}],"wp:attachment":[{"href":"https:\/\/edyceramic-shop.ro\/ro\/wp-json\/wp\/v2\/media?parent=28845"}],"wp:term":[{"taxonomy":"product_brand","embeddable":true,"href":"https:\/\/edyceramic-shop.ro\/ro\/wp-json\/wp\/v2\/product_brand?post=28845"},{"taxonomy":"product_cat","embeddable":true,"href":"https:\/\/edyceramic-shop.ro\/ro\/wp-json\/wp\/v2\/product_cat?post=28845"},{"taxonomy":"product_tag","embeddable":true,"href":"https:\/\/edyceramic-shop.ro\/ro\/wp-json\/wp\/v2\/product_tag?post=28845"}],"curies":[{"name":"wp","href":"https:\/\/api.w.org\/{rel}","templated":true}]}}