{"id":28811,"date":"2025-08-01T12:06:55","date_gmt":"2025-08-01T10:06:55","guid":{"rendered":"https:\/\/edyceramic-shop.ro\/produs\/baterie-lavoar-cu-ventil-cu-tija-hansgrohe-tecturis-s-110-negru-mat-73314670\/"},"modified":"2025-08-01T13:38:04","modified_gmt":"2025-08-01T11:38:04","slug":"baterie-lavoar-cu-ventil-cu-tija-hansgrohe-tecturis-s-110-negru-mat-73314670","status":"publish","type":"product","link":"https:\/\/edyceramic-shop.ro\/ro\/produs\/baterie-lavoar-cu-ventil-cu-tija-hansgrohe-tecturis-s-110-negru-mat-73314670\/","title":{"rendered":"BATERIE LAVOAR CU VENTIL CU TIJ\u0102 HANSGROHE TECTURIS S 110 NEGRU MAT 73314670"},"content":{"rendered":"<p>Descriere<br \/>\nse compune din: baterie monocomand\u0103 lavoar, ventil<br \/>\nComfortZone 110<br \/>\nproiec\u021bie: 116 mm<br \/>\ninaltime gura: 105 mm<br \/>\nvarianta m\u00e2ner: m\u00e2ner cu p\u00e2rghie<br \/>\ntip de pulverizare: pulverizare normal\u0103<br \/>\ndebit maxim la 3 bar: 4 l\/min<br \/>\ncartus ceramic<br \/>\nlimitare de temperatur\u0103 reglabil\u0103<br \/>\npotrivit pentru \u00eenc\u0103lzitoare de ap\u0103 cu debit continuu<br \/>\nventil metalic pop-up G 1\u00bc<br \/>\ntip de conexiune: conexiuni G \u215c<br \/>\ndimensiune racordare: DN15<br \/>\nap\u0103 rece \u00een pozi\u021bia de baz\u0103 a m\u00e2nerului<\/p>\n","protected":false},"excerpt":{"rendered":"<p>Descriere se compune din: baterie monocomand\u0103 lavoar, ventil ComfortZone 110 proiec\u021bie: 116 mm inaltime gura: 105 mm varianta m\u00e2ner: m\u00e2ner<\/p>\n","protected":false},"featured_media":28658,"template":"","meta":[],"product_brand":[],"product_cat":[367,366,334],"product_tag":[],"class_list":{"0":"post-28811","1":"product","2":"type-product","3":"status-publish","4":"has-post-thumbnail","6":"product_cat-baterii-lavoar","7":"product_cat-baterii-de-baie","8":"product_cat-sanitare","9":"pa_colectia-tecturis-s","10":"pa_culoare-negru-mat","11":"pa_fabrica-hansgrohe","12":"pa_sku-3616","14":"first","15":"instock","16":"sale","17":"purchasable","18":"product-type-simple"},"yoast_head":"<!-- This site is optimized with the Yoast SEO Premium plugin v21.6 (Yoast SEO v22.1) - https:\/\/yoast.com\/wordpress\/plugins\/seo\/ -->\n<title>BATERIE LAVOAR CU VENTIL CU TIJ\u0102 HANSGROHE TECTURIS S 110 NEGRU MAT 73314670 - Edyceramic - magazin online<\/title>\n<meta name=\"robots\" content=\"index, follow, max-snippet:-1, max-image-preview:large, max-video-preview:-1\" \/>\n<link rel=\"canonical\" href=\"https:\/\/edyceramic-shop.ro\/ro\/produs\/baterie-lavoar-cu-ventil-cu-tija-hansgrohe-tecturis-s-110-negru-mat-73314670\/\" \/>\n<meta property=\"og:locale\" content=\"ro_RO\" \/>\n<meta property=\"og:type\" content=\"article\" \/>\n<meta property=\"og:title\" content=\"BATERIE LAVOAR CU VENTIL CU TIJ\u0102 HANSGROHE TECTURIS S 110 NEGRU MAT 73314670\" \/>\n<meta property=\"og:description\" content=\"Descriere se compune din: baterie monocomand\u0103 lavoar, ventil ComfortZone 110 proiec\u021bie: 116 mm inaltime gura: 105 mm varianta m\u00e2ner: m\u00e2ner\" \/>\n<meta property=\"og:url\" content=\"https:\/\/edyceramic-shop.ro\/ro\/produs\/baterie-lavoar-cu-ventil-cu-tija-hansgrohe-tecturis-s-110-negru-mat-73314670\/\" \/>\n<meta property=\"og:site_name\" content=\"Edyceramic - magazin online\" \/>\n<meta property=\"article:modified_time\" content=\"2025-08-01T11:38:04+00:00\" \/>\n<meta property=\"og:image\" content=\"https:\/\/edyceramic-shop.ro\/wp-content\/uploads\/2025\/08\/baterie-lavoar-hansgrohe-tecturis-s-110-cu-ventil-coolstart-ecosmart33196-1.webp\" \/>\n\t<meta property=\"og:image:width\" content=\"800\" \/>\n\t<meta property=\"og:image:height\" content=\"800\" \/>\n\t<meta property=\"og:image:type\" content=\"image\/webp\" \/>\n<meta name=\"twitter:card\" content=\"summary_large_image\" \/>\n<meta name=\"twitter:label1\" content=\"Pre\u021b\" \/>\n\t<meta name=\"twitter:data1\" content=\"1.078,00&nbsp;lei\" \/>\n\t<meta name=\"twitter:label2\" content=\"Disponibilitate\" \/>\n\t<meta name=\"twitter:data2\" content=\"\u00cen stoc\" \/>\n<script type=\"application\/ld+json\" class=\"yoast-schema-graph\">{\"@context\":\"https:\/\/schema.org\",\"@graph\":[{\"@type\":\"WebPage\",\"@id\":\"https:\/\/edyceramic-shop.ro\/produs\/baterie-lavoar-cu-ventil-cu-tija-hansgrohe-tecturis-s-110-negru-mat-73314670\/\",\"url\":\"https:\/\/edyceramic-shop.ro\/produs\/baterie-lavoar-cu-ventil-cu-tija-hansgrohe-tecturis-s-110-negru-mat-73314670\/\",\"name\":\"BATERIE LAVOAR CU VENTIL CU TIJ\u0102 HANSGROHE TECTURIS S 110 NEGRU MAT 73314670 - Edyceramic - magazin online\",\"isPartOf\":{\"@id\":\"https:\/\/edyceramic-shop.ro\/ro\/#website\"},\"datePublished\":\"2025-08-01T10:06:55+00:00\",\"dateModified\":\"2025-08-01T11:38:04+00:00\",\"breadcrumb\":{\"@id\":\"https:\/\/edyceramic-shop.ro\/produs\/baterie-lavoar-cu-ventil-cu-tija-hansgrohe-tecturis-s-110-negru-mat-73314670\/#breadcrumb\"},\"inLanguage\":\"ro-RO\",\"potentialAction\":[{\"@type\":\"ReadAction\",\"target\":[\"https:\/\/edyceramic-shop.ro\/produs\/baterie-lavoar-cu-ventil-cu-tija-hansgrohe-tecturis-s-110-negru-mat-73314670\/\"]}]},{\"@type\":\"BreadcrumbList\",\"@id\":\"https:\/\/edyceramic-shop.ro\/produs\/baterie-lavoar-cu-ventil-cu-tija-hansgrohe-tecturis-s-110-negru-mat-73314670\/#breadcrumb\",\"itemListElement\":[{\"@type\":\"ListItem\",\"position\":1,\"name\":\"Home\",\"item\":\"https:\/\/edyceramic-shop.ro\/\"},{\"@type\":\"ListItem\",\"position\":2,\"name\":\"Shop\",\"item\":\"https:\/\/edyceramic-shop.ro\/ro\/shop\/\"},{\"@type\":\"ListItem\",\"position\":3,\"name\":\"BATERIE LAVOAR CU VENTIL CU TIJ\u0102 HANSGROHE TECTURIS S 110 NEGRU MAT 73314670\"}]},{\"@type\":\"WebSite\",\"@id\":\"https:\/\/edyceramic-shop.ro\/ro\/#website\",\"url\":\"https:\/\/edyceramic-shop.ro\/ro\/\",\"name\":\"edyceramic.ro\",\"description\":\"\",\"publisher\":{\"@id\":\"https:\/\/edyceramic-shop.ro\/ro\/#organization\"},\"potentialAction\":[{\"@type\":\"SearchAction\",\"target\":{\"@type\":\"EntryPoint\",\"urlTemplate\":\"https:\/\/edyceramic-shop.ro\/ro\/?s={search_term_string}\"},\"query-input\":\"required name=search_term_string\"}],\"inLanguage\":\"ro-RO\"},{\"@type\":\"Organization\",\"@id\":\"https:\/\/edyceramic-shop.ro\/ro\/#organization\",\"name\":\"Edyceramic\",\"url\":\"https:\/\/edyceramic-shop.ro\/ro\/\",\"logo\":{\"@type\":\"ImageObject\",\"inLanguage\":\"ro-RO\",\"@id\":\"https:\/\/edyceramic-shop.ro\/ro\/#\/schema\/logo\/image\/\",\"url\":\"https:\/\/edyceramic-shop.ro\/wp-content\/uploads\/2024\/02\/Logo-EdyCeramic_2021-lung.png\",\"contentUrl\":\"https:\/\/edyceramic-shop.ro\/wp-content\/uploads\/2024\/02\/Logo-EdyCeramic_2021-lung.png\",\"width\":4491,\"height\":769,\"caption\":\"Edyceramic\"},\"image\":{\"@id\":\"https:\/\/edyceramic-shop.ro\/ro\/#\/schema\/logo\/image\/\"}}]}<\/script>\n<meta property=\"product:price:amount\" content=\"1078.00\" \/>\n<meta property=\"product:price:currency\" content=\"RON\" \/>\n<meta property=\"og:availability\" content=\"instock\" \/>\n<meta property=\"product:availability\" content=\"instock\" \/>\n<meta property=\"product:retailer_item_id\" content=\"73314670\" \/>\n<meta property=\"product:condition\" content=\"new\" \/>\n<!-- \/ Yoast SEO Premium plugin. -->","yoast_head_json":{"title":"BATERIE LAVOAR CU VENTIL CU TIJ\u0102 HANSGROHE TECTURIS S 110 NEGRU MAT 73314670 - Edyceramic - magazin online","robots":{"index":"index","follow":"follow","max-snippet":"max-snippet:-1","max-image-preview":"max-image-preview:large","max-video-preview":"max-video-preview:-1"},"canonical":"https:\/\/edyceramic-shop.ro\/ro\/produs\/baterie-lavoar-cu-ventil-cu-tija-hansgrohe-tecturis-s-110-negru-mat-73314670\/","og_locale":"ro_RO","og_type":"article","og_title":"BATERIE LAVOAR CU VENTIL CU TIJ\u0102 HANSGROHE TECTURIS S 110 NEGRU MAT 73314670","og_description":"Descriere se compune din: baterie monocomand\u0103 lavoar, ventil ComfortZone 110 proiec\u021bie: 116 mm inaltime gura: 105 mm varianta m\u00e2ner: m\u00e2ner","og_url":"https:\/\/edyceramic-shop.ro\/ro\/produs\/baterie-lavoar-cu-ventil-cu-tija-hansgrohe-tecturis-s-110-negru-mat-73314670\/","og_site_name":"Edyceramic - magazin online","article_modified_time":"2025-08-01T11:38:04+00:00","og_image":[{"width":800,"height":800,"url":"https:\/\/edyceramic-shop.ro\/wp-content\/uploads\/2025\/08\/baterie-lavoar-hansgrohe-tecturis-s-110-cu-ventil-coolstart-ecosmart33196-1.webp","type":"image\/webp"}],"twitter_card":"summary_large_image","twitter_misc":{"Pre\u021b":"1.078,00&nbsp;lei","Disponibilitate":"\u00cen stoc"},"schema":{"@context":"https:\/\/schema.org","@graph":[{"@type":"WebPage","@id":"https:\/\/edyceramic-shop.ro\/produs\/baterie-lavoar-cu-ventil-cu-tija-hansgrohe-tecturis-s-110-negru-mat-73314670\/","url":"https:\/\/edyceramic-shop.ro\/produs\/baterie-lavoar-cu-ventil-cu-tija-hansgrohe-tecturis-s-110-negru-mat-73314670\/","name":"BATERIE LAVOAR CU VENTIL CU TIJ\u0102 HANSGROHE TECTURIS S 110 NEGRU MAT 73314670 - Edyceramic - magazin online","isPartOf":{"@id":"https:\/\/edyceramic-shop.ro\/ro\/#website"},"datePublished":"2025-08-01T10:06:55+00:00","dateModified":"2025-08-01T11:38:04+00:00","breadcrumb":{"@id":"https:\/\/edyceramic-shop.ro\/produs\/baterie-lavoar-cu-ventil-cu-tija-hansgrohe-tecturis-s-110-negru-mat-73314670\/#breadcrumb"},"inLanguage":"ro-RO","potentialAction":[{"@type":"ReadAction","target":["https:\/\/edyceramic-shop.ro\/produs\/baterie-lavoar-cu-ventil-cu-tija-hansgrohe-tecturis-s-110-negru-mat-73314670\/"]}]},{"@type":"BreadcrumbList","@id":"https:\/\/edyceramic-shop.ro\/produs\/baterie-lavoar-cu-ventil-cu-tija-hansgrohe-tecturis-s-110-negru-mat-73314670\/#breadcrumb","itemListElement":[{"@type":"ListItem","position":1,"name":"Home","item":"https:\/\/edyceramic-shop.ro\/"},{"@type":"ListItem","position":2,"name":"Shop","item":"https:\/\/edyceramic-shop.ro\/ro\/shop\/"},{"@type":"ListItem","position":3,"name":"BATERIE LAVOAR CU VENTIL CU TIJ\u0102 HANSGROHE TECTURIS S 110 NEGRU MAT 73314670"}]},{"@type":"WebSite","@id":"https:\/\/edyceramic-shop.ro\/ro\/#website","url":"https:\/\/edyceramic-shop.ro\/ro\/","name":"edyceramic.ro","description":"","publisher":{"@id":"https:\/\/edyceramic-shop.ro\/ro\/#organization"},"potentialAction":[{"@type":"SearchAction","target":{"@type":"EntryPoint","urlTemplate":"https:\/\/edyceramic-shop.ro\/ro\/?s={search_term_string}"},"query-input":"required name=search_term_string"}],"inLanguage":"ro-RO"},{"@type":"Organization","@id":"https:\/\/edyceramic-shop.ro\/ro\/#organization","name":"Edyceramic","url":"https:\/\/edyceramic-shop.ro\/ro\/","logo":{"@type":"ImageObject","inLanguage":"ro-RO","@id":"https:\/\/edyceramic-shop.ro\/ro\/#\/schema\/logo\/image\/","url":"https:\/\/edyceramic-shop.ro\/wp-content\/uploads\/2024\/02\/Logo-EdyCeramic_2021-lung.png","contentUrl":"https:\/\/edyceramic-shop.ro\/wp-content\/uploads\/2024\/02\/Logo-EdyCeramic_2021-lung.png","width":4491,"height":769,"caption":"Edyceramic"},"image":{"@id":"https:\/\/edyceramic-shop.ro\/ro\/#\/schema\/logo\/image\/"}}]},"product_price_amount":"1078.00","product_price_currency":"RON","og_availability":"instock","product_availability":"instock","product_retailer_item_id":"73314670","product_condition":"new"},"jetpack_sharing_enabled":true,"_links":{"self":[{"href":"https:\/\/edyceramic-shop.ro\/ro\/wp-json\/wp\/v2\/product\/28811","targetHints":{"allow":["GET"]}}],"collection":[{"href":"https:\/\/edyceramic-shop.ro\/ro\/wp-json\/wp\/v2\/product"}],"about":[{"href":"https:\/\/edyceramic-shop.ro\/ro\/wp-json\/wp\/v2\/types\/product"}],"version-history":[{"count":1,"href":"https:\/\/edyceramic-shop.ro\/ro\/wp-json\/wp\/v2\/product\/28811\/revisions"}],"predecessor-version":[{"id":28812,"href":"https:\/\/edyceramic-shop.ro\/ro\/wp-json\/wp\/v2\/product\/28811\/revisions\/28812"}],"wp:featuredmedia":[{"embeddable":true,"href":"https:\/\/edyceramic-shop.ro\/ro\/wp-json\/wp\/v2\/media\/28658"}],"wp:attachment":[{"href":"https:\/\/edyceramic-shop.ro\/ro\/wp-json\/wp\/v2\/media?parent=28811"}],"wp:term":[{"taxonomy":"product_brand","embeddable":true,"href":"https:\/\/edyceramic-shop.ro\/ro\/wp-json\/wp\/v2\/product_brand?post=28811"},{"taxonomy":"product_cat","embeddable":true,"href":"https:\/\/edyceramic-shop.ro\/ro\/wp-json\/wp\/v2\/product_cat?post=28811"},{"taxonomy":"product_tag","embeddable":true,"href":"https:\/\/edyceramic-shop.ro\/ro\/wp-json\/wp\/v2\/product_tag?post=28811"}],"curies":[{"name":"wp","href":"https:\/\/api.w.org\/{rel}","templated":true}]}}