{"id":28431,"date":"2025-06-24T13:16:07","date_gmt":"2025-06-24T11:16:07","guid":{"rendered":"https:\/\/edyceramic-shop.ro\/produs\/olympus\/"},"modified":"2025-08-01T13:37:59","modified_gmt":"2025-08-01T11:37:59","slug":"olympus","status":"publish","type":"product","link":"https:\/\/edyceramic-shop.ro\/ro\/produs\/olympus\/","title":{"rendered":"Olympus"},"content":{"rendered":"<p>Jacuzzi minipiscin\u0103 Olympus \u2013 lux, confort \u0219i performan\u021b\u0103 f\u0103r\u0103 compromisuri<br \/>\nDescoperi\u021bi experien\u021ba de neegalat oferit\u0103 de jacuzzi-ul minipiscin\u0103 Wellis Olympus, creat special pentru familii numeroase, grupuri de prieteni sau iubitorii de wellness. Aceast\u0103 minipiscin\u0103 jacuzzi este alegerea ideal\u0103 pentru momente de relaxare \u00een grup, deoarece poate fi utilizat\u0103 simultan de p\u00e2n\u0103 la 9 persoane.<\/p>\n<p>Designul inteligent al modelului Olympus combin\u0103 un spa\u021biu interior generos cu o dispunere ergonomic\u0103. Cele dou\u0103 \u0219ezlonguri ofer\u0103 masaj complet pentru \u00eentregul corp, iar cele \u0219apte locuri suplimentare sunt dotate cu zone variate de hidromasaj, pentru o relaxare complet\u0103. Motoarele puternice, dar eficiente energetic, garanteaz\u0103 o experien\u021b\u0103 de wellness de top, de fiecare dat\u0103.<\/p>\n<p>Tehnologiile moderne integrate \u00een acest jacuzzi minipiscin\u0103 includ sistemul audio Aquasoul\u2122 cu conexiune Bluetooth, iluminare LED subacvatic\u0103, precum \u0219i op\u021bionalul sistem Smart-In step, care integreaz\u0103 o pomp\u0103 de c\u0103ldur\u0103 \u00een treapt\u0103 \u0219i poate reduce consumul de energie al piscinei cu p\u00e2n\u0103 la 50%. Olympus nu este doar o investi\u021bie \u00een confort, ci \u0219i o alegere economic\u0103 pe termen lung.<\/p>\n<p>Sistemul inovator OzMix, dezvoltat de Wellis, asigur\u0103 o ap\u0103 cristalin\u0103 printr-o combina\u021bie eficient\u0103 de ozon, clor \u0219i reglare automat\u0103 a pH-ului. Izola\u021bia de tip scandinav \u0219i carcasa de \u00eenalt\u0103 calitate men\u021bin temperatura apei constant\u0103, chiar \u0219i \u00een condi\u021bii meteo reci.<\/p>\n<p>Alege\u021bi jacuzzi-ul minipiscin\u0103 Olympus dac\u0103 aprecia\u021bi spa\u021biul generos, performan\u021ba superioar\u0103, tehnologia de ultim\u0103 genera\u021bie \u0219i confortul absolut. Nu este doar o cad\u0103 cu hidromasaj \u2013 este un stil de via\u021b\u0103.<\/p>\n","protected":false},"excerpt":{"rendered":"<p>Jacuzzi minipiscin\u0103 Olympus \u2013 lux, confort \u0219i performan\u021b\u0103 f\u0103r\u0103 compromisuri Descoperi\u021bi experien\u021ba de neegalat oferit\u0103 de jacuzzi-ul minipiscin\u0103 Wellis Olympus,<\/p>\n","protected":false},"featured_media":28214,"template":"","meta":[],"product_brand":[],"product_cat":[381,380,334],"product_tag":[],"class_list":{"0":"post-28431","1":"product","2":"type-product","3":"status-publish","4":"has-post-thumbnail","6":"product_cat-mini-piscine","7":"product_cat-spa","8":"product_cat-sanitare","9":"pa_cantitate-de-apa-2331l","10":"pa_culoarea-carcasei-gri-maro","11":"pa_dimensiune-354-x-230-x-98-cm","12":"pa_fabrica-wellis","13":"pa_greutate-900kg","15":"first","16":"instock","17":"purchasable","18":"product-type-simple"},"yoast_head":"<!-- This site is optimized with the Yoast SEO Premium plugin v21.6 (Yoast SEO v22.1) - https:\/\/yoast.com\/wordpress\/plugins\/seo\/ -->\n<title>Olympus - Edyceramic - magazin online<\/title>\n<meta name=\"robots\" content=\"index, follow, max-snippet:-1, max-image-preview:large, max-video-preview:-1\" \/>\n<link rel=\"canonical\" href=\"https:\/\/edyceramic-shop.ro\/ro\/produs\/olympus\/\" \/>\n<meta property=\"og:locale\" content=\"ro_RO\" \/>\n<meta property=\"og:type\" content=\"article\" \/>\n<meta property=\"og:title\" content=\"Olympus\" \/>\n<meta property=\"og:description\" content=\"Jacuzzi minipiscin\u0103 Olympus \u2013 lux, confort \u0219i performan\u021b\u0103 f\u0103r\u0103 compromisuri Descoperi\u021bi experien\u021ba de neegalat oferit\u0103 de jacuzzi-ul minipiscin\u0103 Wellis Olympus,\" \/>\n<meta property=\"og:url\" content=\"https:\/\/edyceramic-shop.ro\/ro\/produs\/olympus\/\" \/>\n<meta property=\"og:site_name\" content=\"Edyceramic - magazin online\" \/>\n<meta property=\"article:modified_time\" content=\"2025-08-01T11:37:59+00:00\" \/>\n<meta property=\"og:image\" content=\"https:\/\/edyceramic-shop.ro\/wp-content\/uploads\/2025\/06\/olympus_szurke-1.webp\" \/>\n\t<meta property=\"og:image:width\" content=\"1200\" \/>\n\t<meta property=\"og:image:height\" content=\"1200\" \/>\n\t<meta property=\"og:image:type\" content=\"image\/webp\" \/>\n<meta name=\"twitter:card\" content=\"summary_large_image\" \/>\n<meta name=\"twitter:label1\" content=\"Pre\u021b\" \/>\n\t<meta name=\"twitter:data1\" content=\"104.235,00&nbsp;lei\" \/>\n\t<meta name=\"twitter:label2\" content=\"Disponibilitate\" \/>\n\t<meta name=\"twitter:data2\" content=\"\u00cen stoc\" \/>\n<script type=\"application\/ld+json\" class=\"yoast-schema-graph\">{\"@context\":\"https:\/\/schema.org\",\"@graph\":[{\"@type\":\"WebPage\",\"@id\":\"https:\/\/edyceramic-shop.ro\/produs\/olympus\/\",\"url\":\"https:\/\/edyceramic-shop.ro\/produs\/olympus\/\",\"name\":\"Olympus - Edyceramic - magazin online\",\"isPartOf\":{\"@id\":\"https:\/\/edyceramic-shop.ro\/ro\/#website\"},\"datePublished\":\"2025-06-24T11:16:07+00:00\",\"dateModified\":\"2025-08-01T11:37:59+00:00\",\"breadcrumb\":{\"@id\":\"https:\/\/edyceramic-shop.ro\/produs\/olympus\/#breadcrumb\"},\"inLanguage\":\"ro-RO\",\"potentialAction\":[{\"@type\":\"ReadAction\",\"target\":[\"https:\/\/edyceramic-shop.ro\/produs\/olympus\/\"]}]},{\"@type\":\"BreadcrumbList\",\"@id\":\"https:\/\/edyceramic-shop.ro\/produs\/olympus\/#breadcrumb\",\"itemListElement\":[{\"@type\":\"ListItem\",\"position\":1,\"name\":\"Home\",\"item\":\"https:\/\/edyceramic-shop.ro\/\"},{\"@type\":\"ListItem\",\"position\":2,\"name\":\"Shop\",\"item\":\"https:\/\/edyceramic-shop.ro\/ro\/shop\/\"},{\"@type\":\"ListItem\",\"position\":3,\"name\":\"Olympus\"}]},{\"@type\":\"WebSite\",\"@id\":\"https:\/\/edyceramic-shop.ro\/ro\/#website\",\"url\":\"https:\/\/edyceramic-shop.ro\/ro\/\",\"name\":\"edyceramic.ro\",\"description\":\"\",\"publisher\":{\"@id\":\"https:\/\/edyceramic-shop.ro\/ro\/#organization\"},\"potentialAction\":[{\"@type\":\"SearchAction\",\"target\":{\"@type\":\"EntryPoint\",\"urlTemplate\":\"https:\/\/edyceramic-shop.ro\/ro\/?s={search_term_string}\"},\"query-input\":\"required name=search_term_string\"}],\"inLanguage\":\"ro-RO\"},{\"@type\":\"Organization\",\"@id\":\"https:\/\/edyceramic-shop.ro\/ro\/#organization\",\"name\":\"Edyceramic\",\"url\":\"https:\/\/edyceramic-shop.ro\/ro\/\",\"logo\":{\"@type\":\"ImageObject\",\"inLanguage\":\"ro-RO\",\"@id\":\"https:\/\/edyceramic-shop.ro\/ro\/#\/schema\/logo\/image\/\",\"url\":\"https:\/\/edyceramic-shop.ro\/wp-content\/uploads\/2024\/02\/Logo-EdyCeramic_2021-lung.png\",\"contentUrl\":\"https:\/\/edyceramic-shop.ro\/wp-content\/uploads\/2024\/02\/Logo-EdyCeramic_2021-lung.png\",\"width\":4491,\"height\":769,\"caption\":\"Edyceramic\"},\"image\":{\"@id\":\"https:\/\/edyceramic-shop.ro\/ro\/#\/schema\/logo\/image\/\"}}]}<\/script>\n<meta property=\"product:price:amount\" content=\"104235.00\" \/>\n<meta property=\"product:price:currency\" content=\"RON\" \/>\n<meta property=\"og:availability\" content=\"instock\" \/>\n<meta property=\"product:availability\" content=\"instock\" \/>\n<meta property=\"product:retailer_item_id\" content=\"598407db9888\" \/>\n<meta property=\"product:condition\" content=\"new\" \/>\n<!-- \/ Yoast SEO Premium plugin. -->","yoast_head_json":{"title":"Olympus - Edyceramic - magazin online","robots":{"index":"index","follow":"follow","max-snippet":"max-snippet:-1","max-image-preview":"max-image-preview:large","max-video-preview":"max-video-preview:-1"},"canonical":"https:\/\/edyceramic-shop.ro\/ro\/produs\/olympus\/","og_locale":"ro_RO","og_type":"article","og_title":"Olympus","og_description":"Jacuzzi minipiscin\u0103 Olympus \u2013 lux, confort \u0219i performan\u021b\u0103 f\u0103r\u0103 compromisuri Descoperi\u021bi experien\u021ba de neegalat oferit\u0103 de jacuzzi-ul minipiscin\u0103 Wellis Olympus,","og_url":"https:\/\/edyceramic-shop.ro\/ro\/produs\/olympus\/","og_site_name":"Edyceramic - magazin online","article_modified_time":"2025-08-01T11:37:59+00:00","og_image":[{"width":1200,"height":1200,"url":"https:\/\/edyceramic-shop.ro\/wp-content\/uploads\/2025\/06\/olympus_szurke-1.webp","type":"image\/webp"}],"twitter_card":"summary_large_image","twitter_misc":{"Pre\u021b":"104.235,00&nbsp;lei","Disponibilitate":"\u00cen stoc"},"schema":{"@context":"https:\/\/schema.org","@graph":[{"@type":"WebPage","@id":"https:\/\/edyceramic-shop.ro\/produs\/olympus\/","url":"https:\/\/edyceramic-shop.ro\/produs\/olympus\/","name":"Olympus - Edyceramic - magazin online","isPartOf":{"@id":"https:\/\/edyceramic-shop.ro\/ro\/#website"},"datePublished":"2025-06-24T11:16:07+00:00","dateModified":"2025-08-01T11:37:59+00:00","breadcrumb":{"@id":"https:\/\/edyceramic-shop.ro\/produs\/olympus\/#breadcrumb"},"inLanguage":"ro-RO","potentialAction":[{"@type":"ReadAction","target":["https:\/\/edyceramic-shop.ro\/produs\/olympus\/"]}]},{"@type":"BreadcrumbList","@id":"https:\/\/edyceramic-shop.ro\/produs\/olympus\/#breadcrumb","itemListElement":[{"@type":"ListItem","position":1,"name":"Home","item":"https:\/\/edyceramic-shop.ro\/"},{"@type":"ListItem","position":2,"name":"Shop","item":"https:\/\/edyceramic-shop.ro\/ro\/shop\/"},{"@type":"ListItem","position":3,"name":"Olympus"}]},{"@type":"WebSite","@id":"https:\/\/edyceramic-shop.ro\/ro\/#website","url":"https:\/\/edyceramic-shop.ro\/ro\/","name":"edyceramic.ro","description":"","publisher":{"@id":"https:\/\/edyceramic-shop.ro\/ro\/#organization"},"potentialAction":[{"@type":"SearchAction","target":{"@type":"EntryPoint","urlTemplate":"https:\/\/edyceramic-shop.ro\/ro\/?s={search_term_string}"},"query-input":"required name=search_term_string"}],"inLanguage":"ro-RO"},{"@type":"Organization","@id":"https:\/\/edyceramic-shop.ro\/ro\/#organization","name":"Edyceramic","url":"https:\/\/edyceramic-shop.ro\/ro\/","logo":{"@type":"ImageObject","inLanguage":"ro-RO","@id":"https:\/\/edyceramic-shop.ro\/ro\/#\/schema\/logo\/image\/","url":"https:\/\/edyceramic-shop.ro\/wp-content\/uploads\/2024\/02\/Logo-EdyCeramic_2021-lung.png","contentUrl":"https:\/\/edyceramic-shop.ro\/wp-content\/uploads\/2024\/02\/Logo-EdyCeramic_2021-lung.png","width":4491,"height":769,"caption":"Edyceramic"},"image":{"@id":"https:\/\/edyceramic-shop.ro\/ro\/#\/schema\/logo\/image\/"}}]},"product_price_amount":"104235.00","product_price_currency":"RON","og_availability":"instock","product_availability":"instock","product_retailer_item_id":"598407db9888","product_condition":"new"},"jetpack_sharing_enabled":true,"_links":{"self":[{"href":"https:\/\/edyceramic-shop.ro\/ro\/wp-json\/wp\/v2\/product\/28431","targetHints":{"allow":["GET"]}}],"collection":[{"href":"https:\/\/edyceramic-shop.ro\/ro\/wp-json\/wp\/v2\/product"}],"about":[{"href":"https:\/\/edyceramic-shop.ro\/ro\/wp-json\/wp\/v2\/types\/product"}],"version-history":[{"count":1,"href":"https:\/\/edyceramic-shop.ro\/ro\/wp-json\/wp\/v2\/product\/28431\/revisions"}],"predecessor-version":[{"id":28432,"href":"https:\/\/edyceramic-shop.ro\/ro\/wp-json\/wp\/v2\/product\/28431\/revisions\/28432"}],"wp:featuredmedia":[{"embeddable":true,"href":"https:\/\/edyceramic-shop.ro\/ro\/wp-json\/wp\/v2\/media\/28214"}],"wp:attachment":[{"href":"https:\/\/edyceramic-shop.ro\/ro\/wp-json\/wp\/v2\/media?parent=28431"}],"wp:term":[{"taxonomy":"product_brand","embeddable":true,"href":"https:\/\/edyceramic-shop.ro\/ro\/wp-json\/wp\/v2\/product_brand?post=28431"},{"taxonomy":"product_cat","embeddable":true,"href":"https:\/\/edyceramic-shop.ro\/ro\/wp-json\/wp\/v2\/product_cat?post=28431"},{"taxonomy":"product_tag","embeddable":true,"href":"https:\/\/edyceramic-shop.ro\/ro\/wp-json\/wp\/v2\/product_tag?post=28431"}],"curies":[{"name":"wp","href":"https:\/\/api.w.org\/{rel}","templated":true}]}}