{"id":28413,"date":"2025-06-24T13:15:40","date_gmt":"2025-06-24T11:15:40","guid":{"rendered":"https:\/\/edyceramic-shop.ro\/produs\/atlas-life-premium\/"},"modified":"2025-08-01T13:37:58","modified_gmt":"2025-08-01T11:37:58","slug":"atlas-life-premium","status":"publish","type":"product","link":"https:\/\/edyceramic-shop.ro\/ro\/produs\/atlas-life-premium\/","title":{"rendered":"Atlas Life Premium"},"content":{"rendered":"<p>Minipiscina jacuzzi Atlas Life dispune de cinci locuri \u0219i un fotoliu extensibil, fiind ideal\u0103 pentru 6 persoane care doresc relaxare total\u0103. Jeturile individuale, pozi\u021bionate ergonomic, ofer\u0103 o experien\u021b\u0103 de masaj unic\u0103, \u00een timp ce noile jeturi Infinity asigur\u0103 un masaj profund al spatelui \u00een scaunele \u00eenclinate \u0219i \u00een scaunul c\u0103pitanului. Sistemul WOW \u2013 comutator electronic cu func\u021bie pulsar \u2013 creeaz\u0103 o senza\u021bie de masaj pulsatoriu deosebit, cu un consum minim de energie. Aceast\u0103 minipiscin\u0103 jacuzzi de lux este echipat\u0103 cu noua izola\u021bie scandinav\u0103, care men\u021bine eficient temperatura apei \u0219i cre\u0219te eficien\u021ba energetic\u0103. \u00cen varianta Premium, este disponibil sistemul Smart-In step, care reduce consumul mediu de energie al jacuzzi-ului p\u00e2n\u0103 la 2,8 kWh \u2013 echivalentul pre\u021bului unei cafele pe zi.<\/p>\n","protected":false},"excerpt":{"rendered":"<p>Minipiscina jacuzzi Atlas Life dispune de cinci locuri \u0219i un fotoliu extensibil, fiind ideal\u0103 pentru 6 persoane care doresc relaxare<\/p>\n","protected":false},"featured_media":28322,"template":"","meta":[],"product_brand":[],"product_cat":[381,380,334],"product_tag":[],"class_list":{"0":"post-28413","1":"product","2":"type-product","3":"status-publish","4":"has-post-thumbnail","6":"product_cat-mini-piscine","7":"product_cat-spa","8":"product_cat-sanitare","9":"pa_cantitate-de-apa-1100l","10":"pa_culoarea-carcasei-gri-maro","11":"pa_dimensiune-236-x-236-x-95-cm","12":"pa_fabrica-wellis","13":"pa_greutate-452kg","15":"first","16":"instock","17":"purchasable","18":"product-type-simple"},"yoast_head":"<!-- This site is optimized with the Yoast SEO Premium plugin v21.6 (Yoast SEO v22.1) - https:\/\/yoast.com\/wordpress\/plugins\/seo\/ -->\n<title>Atlas Life Premium - Edyceramic - magazin online<\/title>\n<meta name=\"robots\" content=\"index, follow, max-snippet:-1, max-image-preview:large, max-video-preview:-1\" \/>\n<link rel=\"canonical\" href=\"https:\/\/edyceramic-shop.ro\/ro\/produs\/atlas-life-premium\/\" \/>\n<meta property=\"og:locale\" content=\"ro_RO\" \/>\n<meta property=\"og:type\" content=\"article\" \/>\n<meta property=\"og:title\" content=\"Atlas Life Premium\" \/>\n<meta property=\"og:description\" content=\"Minipiscina jacuzzi Atlas Life dispune de cinci locuri \u0219i un fotoliu extensibil, fiind ideal\u0103 pentru 6 persoane care doresc relaxare\" \/>\n<meta property=\"og:url\" content=\"https:\/\/edyceramic-shop.ro\/ro\/produs\/atlas-life-premium\/\" \/>\n<meta property=\"og:site_name\" content=\"Edyceramic - magazin online\" \/>\n<meta property=\"article:modified_time\" content=\"2025-08-01T11:37:58+00:00\" \/>\n<meta property=\"og:image\" content=\"https:\/\/edyceramic-shop.ro\/wp-content\/uploads\/2025\/06\/WM00756_-Atlas-Life_ICEW-01.webp\" \/>\n\t<meta property=\"og:image:width\" content=\"1200\" \/>\n\t<meta property=\"og:image:height\" content=\"1200\" \/>\n\t<meta property=\"og:image:type\" content=\"image\/webp\" \/>\n<meta name=\"twitter:card\" content=\"summary_large_image\" \/>\n<meta name=\"twitter:label1\" content=\"Pre\u021b\" \/>\n\t<meta name=\"twitter:data1\" content=\"68.288,00&nbsp;lei\" \/>\n\t<meta name=\"twitter:label2\" content=\"Disponibilitate\" \/>\n\t<meta name=\"twitter:data2\" content=\"\u00cen stoc\" \/>\n<script type=\"application\/ld+json\" class=\"yoast-schema-graph\">{\"@context\":\"https:\/\/schema.org\",\"@graph\":[{\"@type\":\"WebPage\",\"@id\":\"https:\/\/edyceramic-shop.ro\/produs\/atlas-life-premium\/\",\"url\":\"https:\/\/edyceramic-shop.ro\/produs\/atlas-life-premium\/\",\"name\":\"Atlas Life Premium - Edyceramic - magazin online\",\"isPartOf\":{\"@id\":\"https:\/\/edyceramic-shop.ro\/ro\/#website\"},\"datePublished\":\"2025-06-24T11:15:40+00:00\",\"dateModified\":\"2025-08-01T11:37:58+00:00\",\"breadcrumb\":{\"@id\":\"https:\/\/edyceramic-shop.ro\/produs\/atlas-life-premium\/#breadcrumb\"},\"inLanguage\":\"ro-RO\",\"potentialAction\":[{\"@type\":\"ReadAction\",\"target\":[\"https:\/\/edyceramic-shop.ro\/produs\/atlas-life-premium\/\"]}]},{\"@type\":\"BreadcrumbList\",\"@id\":\"https:\/\/edyceramic-shop.ro\/produs\/atlas-life-premium\/#breadcrumb\",\"itemListElement\":[{\"@type\":\"ListItem\",\"position\":1,\"name\":\"Home\",\"item\":\"https:\/\/edyceramic-shop.ro\/\"},{\"@type\":\"ListItem\",\"position\":2,\"name\":\"Shop\",\"item\":\"https:\/\/edyceramic-shop.ro\/ro\/shop\/\"},{\"@type\":\"ListItem\",\"position\":3,\"name\":\"Atlas Life Premium\"}]},{\"@type\":\"WebSite\",\"@id\":\"https:\/\/edyceramic-shop.ro\/ro\/#website\",\"url\":\"https:\/\/edyceramic-shop.ro\/ro\/\",\"name\":\"edyceramic.ro\",\"description\":\"\",\"publisher\":{\"@id\":\"https:\/\/edyceramic-shop.ro\/ro\/#organization\"},\"potentialAction\":[{\"@type\":\"SearchAction\",\"target\":{\"@type\":\"EntryPoint\",\"urlTemplate\":\"https:\/\/edyceramic-shop.ro\/ro\/?s={search_term_string}\"},\"query-input\":\"required name=search_term_string\"}],\"inLanguage\":\"ro-RO\"},{\"@type\":\"Organization\",\"@id\":\"https:\/\/edyceramic-shop.ro\/ro\/#organization\",\"name\":\"Edyceramic\",\"url\":\"https:\/\/edyceramic-shop.ro\/ro\/\",\"logo\":{\"@type\":\"ImageObject\",\"inLanguage\":\"ro-RO\",\"@id\":\"https:\/\/edyceramic-shop.ro\/ro\/#\/schema\/logo\/image\/\",\"url\":\"https:\/\/edyceramic-shop.ro\/wp-content\/uploads\/2024\/02\/Logo-EdyCeramic_2021-lung.png\",\"contentUrl\":\"https:\/\/edyceramic-shop.ro\/wp-content\/uploads\/2024\/02\/Logo-EdyCeramic_2021-lung.png\",\"width\":4491,\"height\":769,\"caption\":\"Edyceramic\"},\"image\":{\"@id\":\"https:\/\/edyceramic-shop.ro\/ro\/#\/schema\/logo\/image\/\"}}]}<\/script>\n<meta property=\"product:price:amount\" content=\"68288.00\" \/>\n<meta property=\"product:price:currency\" content=\"RON\" \/>\n<meta property=\"og:availability\" content=\"instock\" \/>\n<meta property=\"product:availability\" content=\"instock\" \/>\n<meta property=\"product:retailer_item_id\" content=\"34e96bb0b93e\" \/>\n<meta property=\"product:condition\" content=\"new\" \/>\n<!-- \/ Yoast SEO Premium plugin. -->","yoast_head_json":{"title":"Atlas Life Premium - Edyceramic - magazin online","robots":{"index":"index","follow":"follow","max-snippet":"max-snippet:-1","max-image-preview":"max-image-preview:large","max-video-preview":"max-video-preview:-1"},"canonical":"https:\/\/edyceramic-shop.ro\/ro\/produs\/atlas-life-premium\/","og_locale":"ro_RO","og_type":"article","og_title":"Atlas Life Premium","og_description":"Minipiscina jacuzzi Atlas Life dispune de cinci locuri \u0219i un fotoliu extensibil, fiind ideal\u0103 pentru 6 persoane care doresc relaxare","og_url":"https:\/\/edyceramic-shop.ro\/ro\/produs\/atlas-life-premium\/","og_site_name":"Edyceramic - magazin online","article_modified_time":"2025-08-01T11:37:58+00:00","og_image":[{"width":1200,"height":1200,"url":"https:\/\/edyceramic-shop.ro\/wp-content\/uploads\/2025\/06\/WM00756_-Atlas-Life_ICEW-01.webp","type":"image\/webp"}],"twitter_card":"summary_large_image","twitter_misc":{"Pre\u021b":"68.288,00&nbsp;lei","Disponibilitate":"\u00cen stoc"},"schema":{"@context":"https:\/\/schema.org","@graph":[{"@type":"WebPage","@id":"https:\/\/edyceramic-shop.ro\/produs\/atlas-life-premium\/","url":"https:\/\/edyceramic-shop.ro\/produs\/atlas-life-premium\/","name":"Atlas Life Premium - Edyceramic - magazin online","isPartOf":{"@id":"https:\/\/edyceramic-shop.ro\/ro\/#website"},"datePublished":"2025-06-24T11:15:40+00:00","dateModified":"2025-08-01T11:37:58+00:00","breadcrumb":{"@id":"https:\/\/edyceramic-shop.ro\/produs\/atlas-life-premium\/#breadcrumb"},"inLanguage":"ro-RO","potentialAction":[{"@type":"ReadAction","target":["https:\/\/edyceramic-shop.ro\/produs\/atlas-life-premium\/"]}]},{"@type":"BreadcrumbList","@id":"https:\/\/edyceramic-shop.ro\/produs\/atlas-life-premium\/#breadcrumb","itemListElement":[{"@type":"ListItem","position":1,"name":"Home","item":"https:\/\/edyceramic-shop.ro\/"},{"@type":"ListItem","position":2,"name":"Shop","item":"https:\/\/edyceramic-shop.ro\/ro\/shop\/"},{"@type":"ListItem","position":3,"name":"Atlas Life Premium"}]},{"@type":"WebSite","@id":"https:\/\/edyceramic-shop.ro\/ro\/#website","url":"https:\/\/edyceramic-shop.ro\/ro\/","name":"edyceramic.ro","description":"","publisher":{"@id":"https:\/\/edyceramic-shop.ro\/ro\/#organization"},"potentialAction":[{"@type":"SearchAction","target":{"@type":"EntryPoint","urlTemplate":"https:\/\/edyceramic-shop.ro\/ro\/?s={search_term_string}"},"query-input":"required name=search_term_string"}],"inLanguage":"ro-RO"},{"@type":"Organization","@id":"https:\/\/edyceramic-shop.ro\/ro\/#organization","name":"Edyceramic","url":"https:\/\/edyceramic-shop.ro\/ro\/","logo":{"@type":"ImageObject","inLanguage":"ro-RO","@id":"https:\/\/edyceramic-shop.ro\/ro\/#\/schema\/logo\/image\/","url":"https:\/\/edyceramic-shop.ro\/wp-content\/uploads\/2024\/02\/Logo-EdyCeramic_2021-lung.png","contentUrl":"https:\/\/edyceramic-shop.ro\/wp-content\/uploads\/2024\/02\/Logo-EdyCeramic_2021-lung.png","width":4491,"height":769,"caption":"Edyceramic"},"image":{"@id":"https:\/\/edyceramic-shop.ro\/ro\/#\/schema\/logo\/image\/"}}]},"product_price_amount":"68288.00","product_price_currency":"RON","og_availability":"instock","product_availability":"instock","product_retailer_item_id":"34e96bb0b93e","product_condition":"new"},"jetpack_sharing_enabled":true,"_links":{"self":[{"href":"https:\/\/edyceramic-shop.ro\/ro\/wp-json\/wp\/v2\/product\/28413","targetHints":{"allow":["GET"]}}],"collection":[{"href":"https:\/\/edyceramic-shop.ro\/ro\/wp-json\/wp\/v2\/product"}],"about":[{"href":"https:\/\/edyceramic-shop.ro\/ro\/wp-json\/wp\/v2\/types\/product"}],"version-history":[{"count":1,"href":"https:\/\/edyceramic-shop.ro\/ro\/wp-json\/wp\/v2\/product\/28413\/revisions"}],"predecessor-version":[{"id":28414,"href":"https:\/\/edyceramic-shop.ro\/ro\/wp-json\/wp\/v2\/product\/28413\/revisions\/28414"}],"wp:featuredmedia":[{"embeddable":true,"href":"https:\/\/edyceramic-shop.ro\/ro\/wp-json\/wp\/v2\/media\/28322"}],"wp:attachment":[{"href":"https:\/\/edyceramic-shop.ro\/ro\/wp-json\/wp\/v2\/media?parent=28413"}],"wp:term":[{"taxonomy":"product_brand","embeddable":true,"href":"https:\/\/edyceramic-shop.ro\/ro\/wp-json\/wp\/v2\/product_brand?post=28413"},{"taxonomy":"product_cat","embeddable":true,"href":"https:\/\/edyceramic-shop.ro\/ro\/wp-json\/wp\/v2\/product_cat?post=28413"},{"taxonomy":"product_tag","embeddable":true,"href":"https:\/\/edyceramic-shop.ro\/ro\/wp-json\/wp\/v2\/product_tag?post=28413"}],"curies":[{"name":"wp","href":"https:\/\/api.w.org\/{rel}","templated":true}]}}