{"id":28407,"date":"2025-06-24T13:15:40","date_gmt":"2025-06-24T11:15:40","guid":{"rendered":"https:\/\/edyceramic-shop.ro\/produs\/makalu-life-premium-pachet-de-oferte\/"},"modified":"2025-08-01T13:37:58","modified_gmt":"2025-08-01T11:37:58","slug":"makalu-life-premium-pachet-de-oferte","status":"publish","type":"product","link":"https:\/\/edyceramic-shop.ro\/ro\/produs\/makalu-life-premium-pachet-de-oferte\/","title":{"rendered":"Makalu Life Premium pachet de oferte"},"content":{"rendered":"<p>Minipiscina jacuzzi Makalu Life poate g\u0103zdui p\u00e2n\u0103 la 5 persoane \u0219i se potrive\u0219te perfect \u00een spa\u021bii mai mici. Acest jacuzzi dispune de 2 \u0219ezlonguri confortabile, ambele echipate cu masaj complet pentru \u00eentregul corp. Sistemul de iluminare cu cromoterapie creeaz\u0103 o atmosfer\u0103 relaxant\u0103 \u0219i un aspect elegant pentru locuin\u021ba dumneavoastr\u0103. Datorit\u0103 sistemului op\u021bional Smart-In step, care include o pomp\u0103 de c\u0103ldur\u0103 integrat\u0103 \u00een treapt\u0103, consumul zilnic de energie poate fi redus p\u00e2n\u0103 la 2,8 kWh \u2013 o eficien\u021b\u0103 remarcabil\u0103 \u00een aceast\u0103 categorie de minipiscin\u0103 jacuzzi.<\/p>\n<p>Pachetul de ofert\u0103 include:<br \/>\nJacuzzi Makalu Premium, termoficare, ridic\u0103tor de acoperi\u0219, tav\u0103 Spaziano, suport pentru prosoape Towel bar, produse chimice Wellis Crystal.<\/p>\n","protected":false},"excerpt":{"rendered":"<p>Minipiscina jacuzzi Makalu Life poate g\u0103zdui p\u00e2n\u0103 la 5 persoane \u0219i se potrive\u0219te perfect \u00een spa\u021bii mai mici. Acest jacuzzi<\/p>\n","protected":false},"featured_media":28328,"template":"","meta":[],"product_brand":[],"product_cat":[381,380,334],"product_tag":[],"class_list":{"0":"post-28407","1":"product","2":"type-product","3":"status-publish","4":"has-post-thumbnail","6":"product_cat-mini-piscine","7":"product_cat-spa","8":"product_cat-sanitare","9":"pa_cantitate-de-apa-1070l","10":"pa_culoarea-carcasei-gri-maro","11":"pa_dimensiune-236-x-236-x-95-cm","12":"pa_fabrica-wellis","13":"pa_greutate-452kg","15":"first","16":"instock","17":"sale","18":"purchasable","19":"product-type-simple"},"yoast_head":"<!-- This site is optimized with the Yoast SEO Premium plugin v21.6 (Yoast SEO v22.1) - https:\/\/yoast.com\/wordpress\/plugins\/seo\/ -->\n<title>Makalu Life Premium pachet de oferte - Edyceramic - magazin online<\/title>\n<meta name=\"robots\" content=\"index, follow, max-snippet:-1, max-image-preview:large, max-video-preview:-1\" \/>\n<link rel=\"canonical\" href=\"https:\/\/edyceramic-shop.ro\/ro\/produs\/makalu-life-premium-pachet-de-oferte\/\" \/>\n<meta property=\"og:locale\" content=\"ro_RO\" \/>\n<meta property=\"og:type\" content=\"article\" \/>\n<meta property=\"og:title\" content=\"Makalu Life Premium pachet de oferte\" \/>\n<meta property=\"og:description\" content=\"Minipiscina jacuzzi Makalu Life poate g\u0103zdui p\u00e2n\u0103 la 5 persoane \u0219i se potrive\u0219te perfect \u00een spa\u021bii mai mici. Acest jacuzzi\" \/>\n<meta property=\"og:url\" content=\"https:\/\/edyceramic-shop.ro\/ro\/produs\/makalu-life-premium-pachet-de-oferte\/\" \/>\n<meta property=\"og:site_name\" content=\"Edyceramic - magazin online\" \/>\n<meta property=\"article:modified_time\" content=\"2025-08-01T11:37:58+00:00\" \/>\n<meta property=\"og:image\" content=\"https:\/\/edyceramic-shop.ro\/wp-content\/uploads\/2025\/06\/WM00757_Makalu_Life_ICEW-01.webp\" \/>\n\t<meta property=\"og:image:width\" content=\"1200\" \/>\n\t<meta property=\"og:image:height\" content=\"1200\" \/>\n\t<meta property=\"og:image:type\" content=\"image\/webp\" \/>\n<meta name=\"twitter:card\" content=\"summary_large_image\" \/>\n<meta name=\"twitter:label1\" content=\"Pre\u021b\" \/>\n\t<meta name=\"twitter:data1\" content=\"61.954,00&nbsp;lei\" \/>\n\t<meta name=\"twitter:label2\" content=\"Disponibilitate\" \/>\n\t<meta name=\"twitter:data2\" content=\"\u00cen stoc\" \/>\n<script type=\"application\/ld+json\" class=\"yoast-schema-graph\">{\"@context\":\"https:\/\/schema.org\",\"@graph\":[{\"@type\":\"WebPage\",\"@id\":\"https:\/\/edyceramic-shop.ro\/produs\/makalu-life-premium-pachet-de-oferte\/\",\"url\":\"https:\/\/edyceramic-shop.ro\/produs\/makalu-life-premium-pachet-de-oferte\/\",\"name\":\"Makalu Life Premium pachet de oferte - Edyceramic - magazin online\",\"isPartOf\":{\"@id\":\"https:\/\/edyceramic-shop.ro\/ro\/#website\"},\"datePublished\":\"2025-06-24T11:15:40+00:00\",\"dateModified\":\"2025-08-01T11:37:58+00:00\",\"breadcrumb\":{\"@id\":\"https:\/\/edyceramic-shop.ro\/produs\/makalu-life-premium-pachet-de-oferte\/#breadcrumb\"},\"inLanguage\":\"ro-RO\",\"potentialAction\":[{\"@type\":\"ReadAction\",\"target\":[\"https:\/\/edyceramic-shop.ro\/produs\/makalu-life-premium-pachet-de-oferte\/\"]}]},{\"@type\":\"BreadcrumbList\",\"@id\":\"https:\/\/edyceramic-shop.ro\/produs\/makalu-life-premium-pachet-de-oferte\/#breadcrumb\",\"itemListElement\":[{\"@type\":\"ListItem\",\"position\":1,\"name\":\"Home\",\"item\":\"https:\/\/edyceramic-shop.ro\/\"},{\"@type\":\"ListItem\",\"position\":2,\"name\":\"Shop\",\"item\":\"https:\/\/edyceramic-shop.ro\/ro\/shop\/\"},{\"@type\":\"ListItem\",\"position\":3,\"name\":\"Makalu Life Premium pachet de oferte\"}]},{\"@type\":\"WebSite\",\"@id\":\"https:\/\/edyceramic-shop.ro\/ro\/#website\",\"url\":\"https:\/\/edyceramic-shop.ro\/ro\/\",\"name\":\"edyceramic.ro\",\"description\":\"\",\"publisher\":{\"@id\":\"https:\/\/edyceramic-shop.ro\/ro\/#organization\"},\"potentialAction\":[{\"@type\":\"SearchAction\",\"target\":{\"@type\":\"EntryPoint\",\"urlTemplate\":\"https:\/\/edyceramic-shop.ro\/ro\/?s={search_term_string}\"},\"query-input\":\"required name=search_term_string\"}],\"inLanguage\":\"ro-RO\"},{\"@type\":\"Organization\",\"@id\":\"https:\/\/edyceramic-shop.ro\/ro\/#organization\",\"name\":\"Edyceramic\",\"url\":\"https:\/\/edyceramic-shop.ro\/ro\/\",\"logo\":{\"@type\":\"ImageObject\",\"inLanguage\":\"ro-RO\",\"@id\":\"https:\/\/edyceramic-shop.ro\/ro\/#\/schema\/logo\/image\/\",\"url\":\"https:\/\/edyceramic-shop.ro\/wp-content\/uploads\/2024\/02\/Logo-EdyCeramic_2021-lung.png\",\"contentUrl\":\"https:\/\/edyceramic-shop.ro\/wp-content\/uploads\/2024\/02\/Logo-EdyCeramic_2021-lung.png\",\"width\":4491,\"height\":769,\"caption\":\"Edyceramic\"},\"image\":{\"@id\":\"https:\/\/edyceramic-shop.ro\/ro\/#\/schema\/logo\/image\/\"}}]}<\/script>\n<meta property=\"product:price:amount\" content=\"61954.00\" \/>\n<meta property=\"product:price:currency\" content=\"RON\" \/>\n<meta property=\"og:availability\" content=\"instock\" \/>\n<meta property=\"product:availability\" content=\"instock\" \/>\n<meta property=\"product:retailer_item_id\" content=\"a7145117e00e\" \/>\n<meta property=\"product:condition\" content=\"new\" \/>\n<!-- \/ Yoast SEO Premium plugin. -->","yoast_head_json":{"title":"Makalu Life Premium pachet de oferte - Edyceramic - magazin online","robots":{"index":"index","follow":"follow","max-snippet":"max-snippet:-1","max-image-preview":"max-image-preview:large","max-video-preview":"max-video-preview:-1"},"canonical":"https:\/\/edyceramic-shop.ro\/ro\/produs\/makalu-life-premium-pachet-de-oferte\/","og_locale":"ro_RO","og_type":"article","og_title":"Makalu Life Premium pachet de oferte","og_description":"Minipiscina jacuzzi Makalu Life poate g\u0103zdui p\u00e2n\u0103 la 5 persoane \u0219i se potrive\u0219te perfect \u00een spa\u021bii mai mici. Acest jacuzzi","og_url":"https:\/\/edyceramic-shop.ro\/ro\/produs\/makalu-life-premium-pachet-de-oferte\/","og_site_name":"Edyceramic - magazin online","article_modified_time":"2025-08-01T11:37:58+00:00","og_image":[{"width":1200,"height":1200,"url":"https:\/\/edyceramic-shop.ro\/wp-content\/uploads\/2025\/06\/WM00757_Makalu_Life_ICEW-01.webp","type":"image\/webp"}],"twitter_card":"summary_large_image","twitter_misc":{"Pre\u021b":"61.954,00&nbsp;lei","Disponibilitate":"\u00cen stoc"},"schema":{"@context":"https:\/\/schema.org","@graph":[{"@type":"WebPage","@id":"https:\/\/edyceramic-shop.ro\/produs\/makalu-life-premium-pachet-de-oferte\/","url":"https:\/\/edyceramic-shop.ro\/produs\/makalu-life-premium-pachet-de-oferte\/","name":"Makalu Life Premium pachet de oferte - Edyceramic - magazin online","isPartOf":{"@id":"https:\/\/edyceramic-shop.ro\/ro\/#website"},"datePublished":"2025-06-24T11:15:40+00:00","dateModified":"2025-08-01T11:37:58+00:00","breadcrumb":{"@id":"https:\/\/edyceramic-shop.ro\/produs\/makalu-life-premium-pachet-de-oferte\/#breadcrumb"},"inLanguage":"ro-RO","potentialAction":[{"@type":"ReadAction","target":["https:\/\/edyceramic-shop.ro\/produs\/makalu-life-premium-pachet-de-oferte\/"]}]},{"@type":"BreadcrumbList","@id":"https:\/\/edyceramic-shop.ro\/produs\/makalu-life-premium-pachet-de-oferte\/#breadcrumb","itemListElement":[{"@type":"ListItem","position":1,"name":"Home","item":"https:\/\/edyceramic-shop.ro\/"},{"@type":"ListItem","position":2,"name":"Shop","item":"https:\/\/edyceramic-shop.ro\/ro\/shop\/"},{"@type":"ListItem","position":3,"name":"Makalu Life Premium pachet de oferte"}]},{"@type":"WebSite","@id":"https:\/\/edyceramic-shop.ro\/ro\/#website","url":"https:\/\/edyceramic-shop.ro\/ro\/","name":"edyceramic.ro","description":"","publisher":{"@id":"https:\/\/edyceramic-shop.ro\/ro\/#organization"},"potentialAction":[{"@type":"SearchAction","target":{"@type":"EntryPoint","urlTemplate":"https:\/\/edyceramic-shop.ro\/ro\/?s={search_term_string}"},"query-input":"required name=search_term_string"}],"inLanguage":"ro-RO"},{"@type":"Organization","@id":"https:\/\/edyceramic-shop.ro\/ro\/#organization","name":"Edyceramic","url":"https:\/\/edyceramic-shop.ro\/ro\/","logo":{"@type":"ImageObject","inLanguage":"ro-RO","@id":"https:\/\/edyceramic-shop.ro\/ro\/#\/schema\/logo\/image\/","url":"https:\/\/edyceramic-shop.ro\/wp-content\/uploads\/2024\/02\/Logo-EdyCeramic_2021-lung.png","contentUrl":"https:\/\/edyceramic-shop.ro\/wp-content\/uploads\/2024\/02\/Logo-EdyCeramic_2021-lung.png","width":4491,"height":769,"caption":"Edyceramic"},"image":{"@id":"https:\/\/edyceramic-shop.ro\/ro\/#\/schema\/logo\/image\/"}}]},"product_price_amount":"61954.00","product_price_currency":"RON","og_availability":"instock","product_availability":"instock","product_retailer_item_id":"a7145117e00e","product_condition":"new"},"jetpack_sharing_enabled":true,"_links":{"self":[{"href":"https:\/\/edyceramic-shop.ro\/ro\/wp-json\/wp\/v2\/product\/28407","targetHints":{"allow":["GET"]}}],"collection":[{"href":"https:\/\/edyceramic-shop.ro\/ro\/wp-json\/wp\/v2\/product"}],"about":[{"href":"https:\/\/edyceramic-shop.ro\/ro\/wp-json\/wp\/v2\/types\/product"}],"version-history":[{"count":1,"href":"https:\/\/edyceramic-shop.ro\/ro\/wp-json\/wp\/v2\/product\/28407\/revisions"}],"predecessor-version":[{"id":28408,"href":"https:\/\/edyceramic-shop.ro\/ro\/wp-json\/wp\/v2\/product\/28407\/revisions\/28408"}],"wp:featuredmedia":[{"embeddable":true,"href":"https:\/\/edyceramic-shop.ro\/ro\/wp-json\/wp\/v2\/media\/28328"}],"wp:attachment":[{"href":"https:\/\/edyceramic-shop.ro\/ro\/wp-json\/wp\/v2\/media?parent=28407"}],"wp:term":[{"taxonomy":"product_brand","embeddable":true,"href":"https:\/\/edyceramic-shop.ro\/ro\/wp-json\/wp\/v2\/product_brand?post=28407"},{"taxonomy":"product_cat","embeddable":true,"href":"https:\/\/edyceramic-shop.ro\/ro\/wp-json\/wp\/v2\/product_cat?post=28407"},{"taxonomy":"product_tag","embeddable":true,"href":"https:\/\/edyceramic-shop.ro\/ro\/wp-json\/wp\/v2\/product_tag?post=28407"}],"curies":[{"name":"wp","href":"https:\/\/api.w.org\/{rel}","templated":true}]}}