{"id":28370,"date":"2025-06-24T13:15:11","date_gmt":"2025-06-24T11:15:11","guid":{"rendered":"https:\/\/edyceramic-shop.ro\/produs\/palermo-life-deluxe\/"},"modified":"2025-08-01T13:37:55","modified_gmt":"2025-08-01T11:37:55","slug":"palermo-life-deluxe","status":"publish","type":"product","link":"https:\/\/edyceramic-shop.ro\/ro\/produs\/palermo-life-deluxe\/","title":{"rendered":"Palermo Life Deluxe"},"content":{"rendered":"<p>Minipiscina jacuzzi Palermo Life Deluxe este o alegere excelent\u0103 pentru familii care caut\u0103 relaxare, confort \u0219i fiabilitate \u00eentr-un singur produs. Acest jacuzzi reune\u0219te durabilitatea \u0219i designul ergonomic cu o experien\u021b\u0103 de masaj de \u00eenalt\u0103 calitate. Scaunul c\u0103pitanului este echipat cu jeturi special pozi\u021bionate pentru g\u00e2t, umeri, talie \u0219i \u0219olduri, stimul\u00e2nd circula\u021bia s\u00e2ngelui \u0219i reduc\u00e2nd tensiunea muscular\u0103.<\/p>\n<p>Cele dou\u0103 \u0219ezlonguri ergonomice permit o relaxare simultan\u0103, profund\u0103 \u0219i confortabil\u0103 pentru dou\u0103 persoane. Indiferent dac\u0103 este amplasat\u0103 pe teras\u0103 sau \u00eentr-un col\u021b de gr\u0103din\u0103, aceast\u0103 minipiscin\u0103 jacuzzi adaug\u0103 un plus de elegan\u021b\u0103 \u0219i func\u021bionalitate spa\u021biului dumneavoastr\u0103 exterior.<\/p>\n<p>Palermo Life Deluxe nu doar r\u0103sfa\u021b\u0103 sim\u021burile, ci ofer\u0103 \u0219i eficien\u021b\u0103 energetic\u0103 remarcabil\u0103, fiind ideal\u0103 pentru utilizare zilnic\u0103 \u00een familie sau cu prietenii. O alegere echilibrat\u0103 pentru cei care doresc calitate Wellis \u00eentr-un format accesibil.<\/p>\n","protected":false},"excerpt":{"rendered":"<p>Minipiscina jacuzzi Palermo Life Deluxe este o alegere excelent\u0103 pentru familii care caut\u0103 relaxare, confort \u0219i fiabilitate \u00eentr-un singur produs.<\/p>\n","protected":false},"featured_media":28314,"template":"","meta":[],"product_brand":[],"product_cat":[381,380,334],"product_tag":[],"class_list":{"0":"post-28370","1":"product","2":"type-product","3":"status-publish","4":"has-post-thumbnail","6":"product_cat-mini-piscine","7":"product_cat-spa","8":"product_cat-sanitare","9":"pa_cantitate-de-apa-1175l","10":"pa_culoarea-carcasei-gri-maro","11":"pa_dimensiune-218-x-218-x-90-cm","12":"pa_fabrica-wellis","13":"pa_greutate-335kg","15":"first","16":"instock","17":"sale","18":"purchasable","19":"product-type-simple"},"yoast_head":"<!-- This site is optimized with the Yoast SEO Premium plugin v21.6 (Yoast SEO v22.1) - https:\/\/yoast.com\/wordpress\/plugins\/seo\/ -->\n<title>Palermo Life Deluxe - Edyceramic - magazin online<\/title>\n<meta name=\"robots\" content=\"index, follow, max-snippet:-1, max-image-preview:large, max-video-preview:-1\" \/>\n<link rel=\"canonical\" href=\"https:\/\/edyceramic-shop.ro\/ro\/produs\/palermo-life-deluxe\/\" \/>\n<meta property=\"og:locale\" content=\"ro_RO\" \/>\n<meta property=\"og:type\" content=\"article\" \/>\n<meta property=\"og:title\" content=\"Palermo Life Deluxe\" \/>\n<meta property=\"og:description\" content=\"Minipiscina jacuzzi Palermo Life Deluxe este o alegere excelent\u0103 pentru familii care caut\u0103 relaxare, confort \u0219i fiabilitate \u00eentr-un singur produs.\" \/>\n<meta property=\"og:url\" content=\"https:\/\/edyceramic-shop.ro\/ro\/produs\/palermo-life-deluxe\/\" \/>\n<meta property=\"og:site_name\" content=\"Edyceramic - magazin online\" \/>\n<meta property=\"article:modified_time\" content=\"2025-08-01T11:37:55+00:00\" \/>\n<meta property=\"og:image\" content=\"https:\/\/edyceramic-shop.ro\/wp-content\/uploads\/2025\/06\/WM00567-Palermo-Life-ICEW-01-1.webp\" \/>\n\t<meta property=\"og:image:width\" content=\"1200\" \/>\n\t<meta property=\"og:image:height\" content=\"1200\" \/>\n\t<meta property=\"og:image:type\" content=\"image\/webp\" \/>\n<meta name=\"twitter:card\" content=\"summary_large_image\" \/>\n<meta name=\"twitter:label1\" content=\"Pre\u021b\" \/>\n\t<meta name=\"twitter:data1\" content=\"32.831,00&nbsp;lei\" \/>\n\t<meta name=\"twitter:label2\" content=\"Disponibilitate\" \/>\n\t<meta name=\"twitter:data2\" content=\"\u00cen stoc\" \/>\n<script type=\"application\/ld+json\" class=\"yoast-schema-graph\">{\"@context\":\"https:\/\/schema.org\",\"@graph\":[{\"@type\":\"WebPage\",\"@id\":\"https:\/\/edyceramic-shop.ro\/produs\/palermo-life-deluxe\/\",\"url\":\"https:\/\/edyceramic-shop.ro\/produs\/palermo-life-deluxe\/\",\"name\":\"Palermo Life Deluxe - Edyceramic - magazin online\",\"isPartOf\":{\"@id\":\"https:\/\/edyceramic-shop.ro\/ro\/#website\"},\"datePublished\":\"2025-06-24T11:15:11+00:00\",\"dateModified\":\"2025-08-01T11:37:55+00:00\",\"breadcrumb\":{\"@id\":\"https:\/\/edyceramic-shop.ro\/produs\/palermo-life-deluxe\/#breadcrumb\"},\"inLanguage\":\"ro-RO\",\"potentialAction\":[{\"@type\":\"ReadAction\",\"target\":[\"https:\/\/edyceramic-shop.ro\/produs\/palermo-life-deluxe\/\"]}]},{\"@type\":\"BreadcrumbList\",\"@id\":\"https:\/\/edyceramic-shop.ro\/produs\/palermo-life-deluxe\/#breadcrumb\",\"itemListElement\":[{\"@type\":\"ListItem\",\"position\":1,\"name\":\"Home\",\"item\":\"https:\/\/edyceramic-shop.ro\/\"},{\"@type\":\"ListItem\",\"position\":2,\"name\":\"Shop\",\"item\":\"https:\/\/edyceramic-shop.ro\/ro\/shop\/\"},{\"@type\":\"ListItem\",\"position\":3,\"name\":\"Palermo Life Deluxe\"}]},{\"@type\":\"WebSite\",\"@id\":\"https:\/\/edyceramic-shop.ro\/ro\/#website\",\"url\":\"https:\/\/edyceramic-shop.ro\/ro\/\",\"name\":\"edyceramic.ro\",\"description\":\"\",\"publisher\":{\"@id\":\"https:\/\/edyceramic-shop.ro\/ro\/#organization\"},\"potentialAction\":[{\"@type\":\"SearchAction\",\"target\":{\"@type\":\"EntryPoint\",\"urlTemplate\":\"https:\/\/edyceramic-shop.ro\/ro\/?s={search_term_string}\"},\"query-input\":\"required name=search_term_string\"}],\"inLanguage\":\"ro-RO\"},{\"@type\":\"Organization\",\"@id\":\"https:\/\/edyceramic-shop.ro\/ro\/#organization\",\"name\":\"Edyceramic\",\"url\":\"https:\/\/edyceramic-shop.ro\/ro\/\",\"logo\":{\"@type\":\"ImageObject\",\"inLanguage\":\"ro-RO\",\"@id\":\"https:\/\/edyceramic-shop.ro\/ro\/#\/schema\/logo\/image\/\",\"url\":\"https:\/\/edyceramic-shop.ro\/wp-content\/uploads\/2024\/02\/Logo-EdyCeramic_2021-lung.png\",\"contentUrl\":\"https:\/\/edyceramic-shop.ro\/wp-content\/uploads\/2024\/02\/Logo-EdyCeramic_2021-lung.png\",\"width\":4491,\"height\":769,\"caption\":\"Edyceramic\"},\"image\":{\"@id\":\"https:\/\/edyceramic-shop.ro\/ro\/#\/schema\/logo\/image\/\"}}]}<\/script>\n<meta property=\"product:price:amount\" content=\"32831.00\" \/>\n<meta property=\"product:price:currency\" content=\"RON\" \/>\n<meta property=\"og:availability\" content=\"instock\" \/>\n<meta property=\"product:availability\" content=\"instock\" \/>\n<meta property=\"product:retailer_item_id\" content=\"4b4bd5bfcf25\" \/>\n<meta property=\"product:condition\" content=\"new\" \/>\n<!-- \/ Yoast SEO Premium plugin. -->","yoast_head_json":{"title":"Palermo Life Deluxe - Edyceramic - magazin online","robots":{"index":"index","follow":"follow","max-snippet":"max-snippet:-1","max-image-preview":"max-image-preview:large","max-video-preview":"max-video-preview:-1"},"canonical":"https:\/\/edyceramic-shop.ro\/ro\/produs\/palermo-life-deluxe\/","og_locale":"ro_RO","og_type":"article","og_title":"Palermo Life Deluxe","og_description":"Minipiscina jacuzzi Palermo Life Deluxe este o alegere excelent\u0103 pentru familii care caut\u0103 relaxare, confort \u0219i fiabilitate \u00eentr-un singur produs.","og_url":"https:\/\/edyceramic-shop.ro\/ro\/produs\/palermo-life-deluxe\/","og_site_name":"Edyceramic - magazin online","article_modified_time":"2025-08-01T11:37:55+00:00","og_image":[{"width":1200,"height":1200,"url":"https:\/\/edyceramic-shop.ro\/wp-content\/uploads\/2025\/06\/WM00567-Palermo-Life-ICEW-01-1.webp","type":"image\/webp"}],"twitter_card":"summary_large_image","twitter_misc":{"Pre\u021b":"32.831,00&nbsp;lei","Disponibilitate":"\u00cen stoc"},"schema":{"@context":"https:\/\/schema.org","@graph":[{"@type":"WebPage","@id":"https:\/\/edyceramic-shop.ro\/produs\/palermo-life-deluxe\/","url":"https:\/\/edyceramic-shop.ro\/produs\/palermo-life-deluxe\/","name":"Palermo Life Deluxe - Edyceramic - magazin online","isPartOf":{"@id":"https:\/\/edyceramic-shop.ro\/ro\/#website"},"datePublished":"2025-06-24T11:15:11+00:00","dateModified":"2025-08-01T11:37:55+00:00","breadcrumb":{"@id":"https:\/\/edyceramic-shop.ro\/produs\/palermo-life-deluxe\/#breadcrumb"},"inLanguage":"ro-RO","potentialAction":[{"@type":"ReadAction","target":["https:\/\/edyceramic-shop.ro\/produs\/palermo-life-deluxe\/"]}]},{"@type":"BreadcrumbList","@id":"https:\/\/edyceramic-shop.ro\/produs\/palermo-life-deluxe\/#breadcrumb","itemListElement":[{"@type":"ListItem","position":1,"name":"Home","item":"https:\/\/edyceramic-shop.ro\/"},{"@type":"ListItem","position":2,"name":"Shop","item":"https:\/\/edyceramic-shop.ro\/ro\/shop\/"},{"@type":"ListItem","position":3,"name":"Palermo Life Deluxe"}]},{"@type":"WebSite","@id":"https:\/\/edyceramic-shop.ro\/ro\/#website","url":"https:\/\/edyceramic-shop.ro\/ro\/","name":"edyceramic.ro","description":"","publisher":{"@id":"https:\/\/edyceramic-shop.ro\/ro\/#organization"},"potentialAction":[{"@type":"SearchAction","target":{"@type":"EntryPoint","urlTemplate":"https:\/\/edyceramic-shop.ro\/ro\/?s={search_term_string}"},"query-input":"required name=search_term_string"}],"inLanguage":"ro-RO"},{"@type":"Organization","@id":"https:\/\/edyceramic-shop.ro\/ro\/#organization","name":"Edyceramic","url":"https:\/\/edyceramic-shop.ro\/ro\/","logo":{"@type":"ImageObject","inLanguage":"ro-RO","@id":"https:\/\/edyceramic-shop.ro\/ro\/#\/schema\/logo\/image\/","url":"https:\/\/edyceramic-shop.ro\/wp-content\/uploads\/2024\/02\/Logo-EdyCeramic_2021-lung.png","contentUrl":"https:\/\/edyceramic-shop.ro\/wp-content\/uploads\/2024\/02\/Logo-EdyCeramic_2021-lung.png","width":4491,"height":769,"caption":"Edyceramic"},"image":{"@id":"https:\/\/edyceramic-shop.ro\/ro\/#\/schema\/logo\/image\/"}}]},"product_price_amount":"32831.00","product_price_currency":"RON","og_availability":"instock","product_availability":"instock","product_retailer_item_id":"4b4bd5bfcf25","product_condition":"new"},"jetpack_sharing_enabled":true,"_links":{"self":[{"href":"https:\/\/edyceramic-shop.ro\/ro\/wp-json\/wp\/v2\/product\/28370","targetHints":{"allow":["GET"]}}],"collection":[{"href":"https:\/\/edyceramic-shop.ro\/ro\/wp-json\/wp\/v2\/product"}],"about":[{"href":"https:\/\/edyceramic-shop.ro\/ro\/wp-json\/wp\/v2\/types\/product"}],"version-history":[{"count":1,"href":"https:\/\/edyceramic-shop.ro\/ro\/wp-json\/wp\/v2\/product\/28370\/revisions"}],"predecessor-version":[{"id":28371,"href":"https:\/\/edyceramic-shop.ro\/ro\/wp-json\/wp\/v2\/product\/28370\/revisions\/28371"}],"wp:featuredmedia":[{"embeddable":true,"href":"https:\/\/edyceramic-shop.ro\/ro\/wp-json\/wp\/v2\/media\/28314"}],"wp:attachment":[{"href":"https:\/\/edyceramic-shop.ro\/ro\/wp-json\/wp\/v2\/media?parent=28370"}],"wp:term":[{"taxonomy":"product_brand","embeddable":true,"href":"https:\/\/edyceramic-shop.ro\/ro\/wp-json\/wp\/v2\/product_brand?post=28370"},{"taxonomy":"product_cat","embeddable":true,"href":"https:\/\/edyceramic-shop.ro\/ro\/wp-json\/wp\/v2\/product_cat?post=28370"},{"taxonomy":"product_tag","embeddable":true,"href":"https:\/\/edyceramic-shop.ro\/ro\/wp-json\/wp\/v2\/product_tag?post=28370"}],"curies":[{"name":"wp","href":"https:\/\/api.w.org\/{rel}","templated":true}]}}