{"id":28358,"date":"2025-06-24T13:15:11","date_gmt":"2025-06-24T11:15:11","guid":{"rendered":"https:\/\/edyceramic-shop.ro\/produs\/jupiter\/"},"modified":"2025-08-01T13:37:55","modified_gmt":"2025-08-01T11:37:55","slug":"jupiter","status":"publish","type":"product","link":"https:\/\/edyceramic-shop.ro\/ro\/produs\/jupiter\/","title":{"rendered":"Jupiter"},"content":{"rendered":"<p>Minipiscina jacuzzi Wellis Jupiter \u00eembin\u0103 perfect luxul, func\u021bionalitatea \u0219i relaxarea \u00eentr-un singur model generos. Cu 5 locuri confortabile \u0219i un scaun spa\u021bios de tip c\u0103pitan, aceast\u0103 minipiscin\u0103 ofer\u0103 un masaj profund la nivelul g\u00e2tului \u0219i al umerilor \u2013 ideal pentru relaxare total\u0103 dup\u0103 o zi agitat\u0103.<\/p>\n<p>Cele 46 de jeturi de hidromasaj sunt atent pozi\u021bionate pentru a asigura o experien\u021b\u0103 complet\u0103 de wellness, iar sistemul audio stereo integrat, conectat prin Bluetooth, permite redarea u\u0219oar\u0103 a muzicii preferate pentru o atmosfer\u0103 relaxant\u0103. \u00cen plus, suportul pentru \u0219ampanie inclus \u00een marginea c\u0103zii este perfect pentru a p\u0103stra b\u0103uturile reci la \u00eendem\u00e2n\u0103 \u00een timpul sesiunilor de spa.<\/p>\n<p>Designul ergonomic \u0219i dot\u0103rile moderne transform\u0103 jacuzzi-ul minipiscin\u0103 Jupiter \u00eentr-o alegere ideal\u0103 pentru familii sau grupuri de prieteni care doresc s\u0103 se bucure de confort, distrac\u021bie \u0219i timp de calitate \u00eempreun\u0103. O solu\u021bie complet\u0103 pentru relaxare zilnic\u0103, direct \u00een gr\u0103dina ta.<\/p>\n","protected":false},"excerpt":{"rendered":"<p>Minipiscina jacuzzi Wellis Jupiter \u00eembin\u0103 perfect luxul, func\u021bionalitatea \u0219i relaxarea \u00eentr-un singur model generos. Cu 5 locuri confortabile \u0219i un<\/p>\n","protected":false},"featured_media":28252,"template":"","meta":[],"product_brand":[],"product_cat":[381,380,334],"product_tag":[],"class_list":{"0":"post-28358","1":"product","2":"type-product","3":"status-publish","4":"has-post-thumbnail","6":"product_cat-mini-piscine","7":"product_cat-spa","8":"product_cat-sanitare","9":"pa_cantitate-de-apa-1136l","10":"pa_culoarea-carcasei-gri","11":"pa_dimensiune-200-x-200-x-87-cm","12":"pa_fabrica-wellis","13":"pa_greutate-226kg","15":"first","16":"instock","17":"purchasable","18":"product-type-simple"},"yoast_head":"<!-- This site is optimized with the Yoast SEO Premium plugin v21.6 (Yoast SEO v22.1) - https:\/\/yoast.com\/wordpress\/plugins\/seo\/ -->\n<title>Jupiter - Edyceramic - magazin online<\/title>\n<meta name=\"robots\" content=\"index, follow, max-snippet:-1, max-image-preview:large, max-video-preview:-1\" \/>\n<link rel=\"canonical\" href=\"https:\/\/edyceramic-shop.ro\/ro\/produs\/jupiter\/\" \/>\n<meta property=\"og:locale\" content=\"ro_RO\" \/>\n<meta property=\"og:type\" content=\"article\" \/>\n<meta property=\"og:title\" content=\"Jupiter\" \/>\n<meta property=\"og:description\" content=\"Minipiscina jacuzzi Wellis Jupiter \u00eembin\u0103 perfect luxul, func\u021bionalitatea \u0219i relaxarea \u00eentr-un singur model generos. Cu 5 locuri confortabile \u0219i un\" \/>\n<meta property=\"og:url\" content=\"https:\/\/edyceramic-shop.ro\/ro\/produs\/jupiter\/\" \/>\n<meta property=\"og:site_name\" content=\"Edyceramic - magazin online\" \/>\n<meta property=\"article:modified_time\" content=\"2025-08-01T11:37:55+00:00\" \/>\n<meta property=\"og:image\" content=\"https:\/\/edyceramic-shop.ro\/wp-content\/uploads\/2025\/06\/WELLIS_Classic_hot-tub-Jupiter-up-view_1500-V1.webp\" \/>\n\t<meta property=\"og:image:width\" content=\"1500\" \/>\n\t<meta property=\"og:image:height\" content=\"1500\" \/>\n\t<meta property=\"og:image:type\" content=\"image\/webp\" \/>\n<meta name=\"twitter:card\" content=\"summary_large_image\" \/>\n<meta name=\"twitter:label1\" content=\"Pre\u021b\" \/>\n\t<meta name=\"twitter:data1\" content=\"30.899,00&nbsp;lei\" \/>\n\t<meta name=\"twitter:label2\" content=\"Disponibilitate\" \/>\n\t<meta name=\"twitter:data2\" content=\"\u00cen stoc\" \/>\n<script type=\"application\/ld+json\" class=\"yoast-schema-graph\">{\"@context\":\"https:\/\/schema.org\",\"@graph\":[{\"@type\":\"WebPage\",\"@id\":\"https:\/\/edyceramic-shop.ro\/produs\/jupiter\/\",\"url\":\"https:\/\/edyceramic-shop.ro\/produs\/jupiter\/\",\"name\":\"Jupiter - Edyceramic - magazin online\",\"isPartOf\":{\"@id\":\"https:\/\/edyceramic-shop.ro\/ro\/#website\"},\"datePublished\":\"2025-06-24T11:15:11+00:00\",\"dateModified\":\"2025-08-01T11:37:55+00:00\",\"breadcrumb\":{\"@id\":\"https:\/\/edyceramic-shop.ro\/produs\/jupiter\/#breadcrumb\"},\"inLanguage\":\"ro-RO\",\"potentialAction\":[{\"@type\":\"ReadAction\",\"target\":[\"https:\/\/edyceramic-shop.ro\/produs\/jupiter\/\"]}]},{\"@type\":\"BreadcrumbList\",\"@id\":\"https:\/\/edyceramic-shop.ro\/produs\/jupiter\/#breadcrumb\",\"itemListElement\":[{\"@type\":\"ListItem\",\"position\":1,\"name\":\"Home\",\"item\":\"https:\/\/edyceramic-shop.ro\/\"},{\"@type\":\"ListItem\",\"position\":2,\"name\":\"Shop\",\"item\":\"https:\/\/edyceramic-shop.ro\/ro\/shop\/\"},{\"@type\":\"ListItem\",\"position\":3,\"name\":\"Jupiter\"}]},{\"@type\":\"WebSite\",\"@id\":\"https:\/\/edyceramic-shop.ro\/ro\/#website\",\"url\":\"https:\/\/edyceramic-shop.ro\/ro\/\",\"name\":\"edyceramic.ro\",\"description\":\"\",\"publisher\":{\"@id\":\"https:\/\/edyceramic-shop.ro\/ro\/#organization\"},\"potentialAction\":[{\"@type\":\"SearchAction\",\"target\":{\"@type\":\"EntryPoint\",\"urlTemplate\":\"https:\/\/edyceramic-shop.ro\/ro\/?s={search_term_string}\"},\"query-input\":\"required name=search_term_string\"}],\"inLanguage\":\"ro-RO\"},{\"@type\":\"Organization\",\"@id\":\"https:\/\/edyceramic-shop.ro\/ro\/#organization\",\"name\":\"Edyceramic\",\"url\":\"https:\/\/edyceramic-shop.ro\/ro\/\",\"logo\":{\"@type\":\"ImageObject\",\"inLanguage\":\"ro-RO\",\"@id\":\"https:\/\/edyceramic-shop.ro\/ro\/#\/schema\/logo\/image\/\",\"url\":\"https:\/\/edyceramic-shop.ro\/wp-content\/uploads\/2024\/02\/Logo-EdyCeramic_2021-lung.png\",\"contentUrl\":\"https:\/\/edyceramic-shop.ro\/wp-content\/uploads\/2024\/02\/Logo-EdyCeramic_2021-lung.png\",\"width\":4491,\"height\":769,\"caption\":\"Edyceramic\"},\"image\":{\"@id\":\"https:\/\/edyceramic-shop.ro\/ro\/#\/schema\/logo\/image\/\"}}]}<\/script>\n<meta property=\"product:price:amount\" content=\"30899.00\" \/>\n<meta property=\"product:price:currency\" content=\"RON\" \/>\n<meta property=\"og:availability\" content=\"instock\" \/>\n<meta property=\"product:availability\" content=\"instock\" \/>\n<meta property=\"product:retailer_item_id\" content=\"11c98cfc11b0\" \/>\n<meta property=\"product:condition\" content=\"new\" \/>\n<!-- \/ Yoast SEO Premium plugin. -->","yoast_head_json":{"title":"Jupiter - Edyceramic - magazin online","robots":{"index":"index","follow":"follow","max-snippet":"max-snippet:-1","max-image-preview":"max-image-preview:large","max-video-preview":"max-video-preview:-1"},"canonical":"https:\/\/edyceramic-shop.ro\/ro\/produs\/jupiter\/","og_locale":"ro_RO","og_type":"article","og_title":"Jupiter","og_description":"Minipiscina jacuzzi Wellis Jupiter \u00eembin\u0103 perfect luxul, func\u021bionalitatea \u0219i relaxarea \u00eentr-un singur model generos. Cu 5 locuri confortabile \u0219i un","og_url":"https:\/\/edyceramic-shop.ro\/ro\/produs\/jupiter\/","og_site_name":"Edyceramic - magazin online","article_modified_time":"2025-08-01T11:37:55+00:00","og_image":[{"width":1500,"height":1500,"url":"https:\/\/edyceramic-shop.ro\/wp-content\/uploads\/2025\/06\/WELLIS_Classic_hot-tub-Jupiter-up-view_1500-V1.webp","type":"image\/webp"}],"twitter_card":"summary_large_image","twitter_misc":{"Pre\u021b":"30.899,00&nbsp;lei","Disponibilitate":"\u00cen stoc"},"schema":{"@context":"https:\/\/schema.org","@graph":[{"@type":"WebPage","@id":"https:\/\/edyceramic-shop.ro\/produs\/jupiter\/","url":"https:\/\/edyceramic-shop.ro\/produs\/jupiter\/","name":"Jupiter - Edyceramic - magazin online","isPartOf":{"@id":"https:\/\/edyceramic-shop.ro\/ro\/#website"},"datePublished":"2025-06-24T11:15:11+00:00","dateModified":"2025-08-01T11:37:55+00:00","breadcrumb":{"@id":"https:\/\/edyceramic-shop.ro\/produs\/jupiter\/#breadcrumb"},"inLanguage":"ro-RO","potentialAction":[{"@type":"ReadAction","target":["https:\/\/edyceramic-shop.ro\/produs\/jupiter\/"]}]},{"@type":"BreadcrumbList","@id":"https:\/\/edyceramic-shop.ro\/produs\/jupiter\/#breadcrumb","itemListElement":[{"@type":"ListItem","position":1,"name":"Home","item":"https:\/\/edyceramic-shop.ro\/"},{"@type":"ListItem","position":2,"name":"Shop","item":"https:\/\/edyceramic-shop.ro\/ro\/shop\/"},{"@type":"ListItem","position":3,"name":"Jupiter"}]},{"@type":"WebSite","@id":"https:\/\/edyceramic-shop.ro\/ro\/#website","url":"https:\/\/edyceramic-shop.ro\/ro\/","name":"edyceramic.ro","description":"","publisher":{"@id":"https:\/\/edyceramic-shop.ro\/ro\/#organization"},"potentialAction":[{"@type":"SearchAction","target":{"@type":"EntryPoint","urlTemplate":"https:\/\/edyceramic-shop.ro\/ro\/?s={search_term_string}"},"query-input":"required name=search_term_string"}],"inLanguage":"ro-RO"},{"@type":"Organization","@id":"https:\/\/edyceramic-shop.ro\/ro\/#organization","name":"Edyceramic","url":"https:\/\/edyceramic-shop.ro\/ro\/","logo":{"@type":"ImageObject","inLanguage":"ro-RO","@id":"https:\/\/edyceramic-shop.ro\/ro\/#\/schema\/logo\/image\/","url":"https:\/\/edyceramic-shop.ro\/wp-content\/uploads\/2024\/02\/Logo-EdyCeramic_2021-lung.png","contentUrl":"https:\/\/edyceramic-shop.ro\/wp-content\/uploads\/2024\/02\/Logo-EdyCeramic_2021-lung.png","width":4491,"height":769,"caption":"Edyceramic"},"image":{"@id":"https:\/\/edyceramic-shop.ro\/ro\/#\/schema\/logo\/image\/"}}]},"product_price_amount":"30899.00","product_price_currency":"RON","og_availability":"instock","product_availability":"instock","product_retailer_item_id":"11c98cfc11b0","product_condition":"new"},"jetpack_sharing_enabled":true,"_links":{"self":[{"href":"https:\/\/edyceramic-shop.ro\/ro\/wp-json\/wp\/v2\/product\/28358","targetHints":{"allow":["GET"]}}],"collection":[{"href":"https:\/\/edyceramic-shop.ro\/ro\/wp-json\/wp\/v2\/product"}],"about":[{"href":"https:\/\/edyceramic-shop.ro\/ro\/wp-json\/wp\/v2\/types\/product"}],"version-history":[{"count":1,"href":"https:\/\/edyceramic-shop.ro\/ro\/wp-json\/wp\/v2\/product\/28358\/revisions"}],"predecessor-version":[{"id":28359,"href":"https:\/\/edyceramic-shop.ro\/ro\/wp-json\/wp\/v2\/product\/28358\/revisions\/28359"}],"wp:featuredmedia":[{"embeddable":true,"href":"https:\/\/edyceramic-shop.ro\/ro\/wp-json\/wp\/v2\/media\/28252"}],"wp:attachment":[{"href":"https:\/\/edyceramic-shop.ro\/ro\/wp-json\/wp\/v2\/media?parent=28358"}],"wp:term":[{"taxonomy":"product_brand","embeddable":true,"href":"https:\/\/edyceramic-shop.ro\/ro\/wp-json\/wp\/v2\/product_brand?post=28358"},{"taxonomy":"product_cat","embeddable":true,"href":"https:\/\/edyceramic-shop.ro\/ro\/wp-json\/wp\/v2\/product_cat?post=28358"},{"taxonomy":"product_tag","embeddable":true,"href":"https:\/\/edyceramic-shop.ro\/ro\/wp-json\/wp\/v2\/product_tag?post=28358"}],"curies":[{"name":"wp","href":"https:\/\/api.w.org\/{rel}","templated":true}]}}