{"id":2825,"date":"2024-06-26T08:27:16","date_gmt":"2024-06-26T08:27:16","guid":{"rendered":"https:\/\/edyceramic-shop.ro\/product\/spot-de-incastrat-in-pardoseala-xground-gd01-1x3w\/"},"modified":"2025-08-01T13:31:34","modified_gmt":"2025-08-01T11:31:34","slug":"spot-de-incastrat-in-pardoseala-xground-gd01-1x3w","status":"publish","type":"product","link":"https:\/\/edyceramic-shop.ro\/ro\/produs\/spot-de-incastrat-in-pardoseala-xground-gd01-1x3w\/","title":{"rendered":"Spot de incastrat in pardoseala XGround GD01 1X3W"},"content":{"rendered":"<p>orp de iluminat tip spot \u00eencastrat \u00een pardoseal\u0103, pentru zone pietonale sau cu circula\u0163ie auto, echipat cu un LED de putere de 3W cu temperatur\u0103 de culoare alb cald.<\/p>\n<p>Livrat capsulat, cu garnituri de etan\u015fare din silicon, echipat cu doz\u0103 de \u00eencastrare din material plastic cu rezisten\u0163\u0103 termic\u0103 \u015fi mecanic\u0103 \u00eenalt\u0103.<\/p>\n<p>Corp\/structur\u0103<\/p>\n<p>Corp din aluminiu extrudat \u015fi anodizat, ram\u0103 din inox AISI 316. Garnituri de etan\u015fare din silicon. \u015euruburile de fixare \u00een doz\u0103 din inox. Doz\u0103 din material plastic cu \u00eenalt\u0103 rezisten\u0163\u0103 termic\u0103 \u015fi mecanic\u0103.<\/p>\n<p>Sistem optic<\/p>\n<p>Lentil\u0103 din policarbonat cu dispersie 40\u00b0. Dispersor din sticl\u0103 clar\u0103 cu rezisten\u0163\u0103 mecanic\u0103 m\u0103rit\u0103.<\/p>\n<p>Aparataj de alimentare<\/p>\n<p>Alimentator la tensiune constant\u0103 (24V), protejat la praf \u0219i umiditate (IP67). Alimentatorul se instaleaz\u0103 \u00een spa\u0163ii \u00een care este posibil\u0103 r\u0103cirea acestuia (se comand\u0103 separat).<\/p>\n<p>Aplicatii<\/p>\n<p>Iluminatul decorativ de exterior, fa\u0163ade ale cl\u0103dirilor, parcuri, gradini publice \u015fi private.<\/p>\n<p>Marcarea zonelor de circula\u0163ie pietonal\u0103 sau auto.<\/p>\n","protected":false},"excerpt":{"rendered":"<p>orp de iluminat tip spot \u00eencastrat \u00een pardoseal\u0103, pentru zone pietonale sau cu circula\u0163ie auto, echipat cu un LED de<\/p>\n","protected":false},"featured_media":2827,"template":"","meta":[],"product_brand":[],"product_cat":[411,409,391],"product_tag":[],"class_list":{"0":"post-2825","1":"product","2":"type-product","3":"status-publish","4":"has-post-thumbnail","6":"product_cat-spoturi-incastrate","7":"product_cat-iluminat-tehnic","8":"product_cat-corpuri-de-iluminat","9":"pa_colectie-xground","10":"pa_dimensiune-55mm-diametru","11":"pa_fabrica-arelux","12":"pa_inaltime-84mm","14":"first","15":"instock","16":"purchasable","17":"product-type-simple"},"yoast_head":"<!-- This site is optimized with the Yoast SEO Premium plugin v21.6 (Yoast SEO v22.1) - https:\/\/yoast.com\/wordpress\/plugins\/seo\/ -->\n<title>Spot de incastrat in pardoseala XGround GD01 1X3W - Edyceramic - magazin online<\/title>\n<meta name=\"robots\" content=\"index, follow, max-snippet:-1, max-image-preview:large, max-video-preview:-1\" \/>\n<link rel=\"canonical\" href=\"https:\/\/edyceramic-shop.ro\/ro\/produs\/spot-de-incastrat-in-pardoseala-xground-gd01-1x3w\/\" \/>\n<meta property=\"og:locale\" content=\"ro_RO\" \/>\n<meta property=\"og:type\" content=\"article\" \/>\n<meta property=\"og:title\" content=\"Spot de incastrat in pardoseala XGround GD01 1X3W\" \/>\n<meta property=\"og:description\" content=\"orp de iluminat tip spot \u00eencastrat \u00een pardoseal\u0103, pentru zone pietonale sau cu circula\u0163ie auto, echipat cu un LED de\" \/>\n<meta property=\"og:url\" content=\"https:\/\/edyceramic-shop.ro\/ro\/produs\/spot-de-incastrat-in-pardoseala-xground-gd01-1x3w\/\" \/>\n<meta property=\"og:site_name\" content=\"Edyceramic - magazin online\" \/>\n<meta property=\"article:modified_time\" content=\"2025-08-01T11:31:34+00:00\" \/>\n<meta property=\"og:image\" content=\"https:\/\/edyceramic-shop.ro\/wp-content\/uploads\/2024\/06\/spot-incastrat-xground-2-550x5501-1.jpg\" \/>\n\t<meta property=\"og:image:width\" content=\"550\" \/>\n\t<meta property=\"og:image:height\" content=\"550\" \/>\n\t<meta property=\"og:image:type\" content=\"image\/jpeg\" \/>\n<meta name=\"twitter:card\" content=\"summary_large_image\" \/>\n<meta name=\"twitter:label1\" content=\"Pre\u021b\" \/>\n\t<meta name=\"twitter:data1\" content=\"278,00&nbsp;lei\" \/>\n\t<meta name=\"twitter:label2\" content=\"Disponibilitate\" \/>\n\t<meta name=\"twitter:data2\" content=\"\u00cen stoc\" \/>\n<script type=\"application\/ld+json\" class=\"yoast-schema-graph\">{\"@context\":\"https:\/\/schema.org\",\"@graph\":[{\"@type\":\"WebPage\",\"@id\":\"https:\/\/edyceramic-shop.ro\/produs\/spot-de-incastrat-in-pardoseala-xground-gd01-1x3w\/\",\"url\":\"https:\/\/edyceramic-shop.ro\/produs\/spot-de-incastrat-in-pardoseala-xground-gd01-1x3w\/\",\"name\":\"Spot de incastrat in pardoseala XGround GD01 1X3W - Edyceramic - magazin online\",\"isPartOf\":{\"@id\":\"https:\/\/edyceramic-shop.ro\/ro\/#website\"},\"datePublished\":\"2024-06-26T08:27:16+00:00\",\"dateModified\":\"2025-08-01T11:31:34+00:00\",\"breadcrumb\":{\"@id\":\"https:\/\/edyceramic-shop.ro\/produs\/spot-de-incastrat-in-pardoseala-xground-gd01-1x3w\/#breadcrumb\"},\"inLanguage\":\"ro-RO\",\"potentialAction\":[{\"@type\":\"ReadAction\",\"target\":[\"https:\/\/edyceramic-shop.ro\/produs\/spot-de-incastrat-in-pardoseala-xground-gd01-1x3w\/\"]}]},{\"@type\":\"BreadcrumbList\",\"@id\":\"https:\/\/edyceramic-shop.ro\/produs\/spot-de-incastrat-in-pardoseala-xground-gd01-1x3w\/#breadcrumb\",\"itemListElement\":[{\"@type\":\"ListItem\",\"position\":1,\"name\":\"Home\",\"item\":\"https:\/\/edyceramic-shop.ro\/\"},{\"@type\":\"ListItem\",\"position\":2,\"name\":\"Shop\",\"item\":\"https:\/\/edyceramic-shop.ro\/ro\/shop\/\"},{\"@type\":\"ListItem\",\"position\":3,\"name\":\"Spot de incastrat in pardoseala XGround GD01 1X3W\"}]},{\"@type\":\"WebSite\",\"@id\":\"https:\/\/edyceramic-shop.ro\/ro\/#website\",\"url\":\"https:\/\/edyceramic-shop.ro\/ro\/\",\"name\":\"edyceramic.ro\",\"description\":\"\",\"publisher\":{\"@id\":\"https:\/\/edyceramic-shop.ro\/ro\/#organization\"},\"potentialAction\":[{\"@type\":\"SearchAction\",\"target\":{\"@type\":\"EntryPoint\",\"urlTemplate\":\"https:\/\/edyceramic-shop.ro\/ro\/?s={search_term_string}\"},\"query-input\":\"required name=search_term_string\"}],\"inLanguage\":\"ro-RO\"},{\"@type\":\"Organization\",\"@id\":\"https:\/\/edyceramic-shop.ro\/ro\/#organization\",\"name\":\"Edyceramic\",\"url\":\"https:\/\/edyceramic-shop.ro\/ro\/\",\"logo\":{\"@type\":\"ImageObject\",\"inLanguage\":\"ro-RO\",\"@id\":\"https:\/\/edyceramic-shop.ro\/ro\/#\/schema\/logo\/image\/\",\"url\":\"https:\/\/edyceramic-shop.ro\/wp-content\/uploads\/2024\/02\/Logo-EdyCeramic_2021-lung.png\",\"contentUrl\":\"https:\/\/edyceramic-shop.ro\/wp-content\/uploads\/2024\/02\/Logo-EdyCeramic_2021-lung.png\",\"width\":4491,\"height\":769,\"caption\":\"Edyceramic\"},\"image\":{\"@id\":\"https:\/\/edyceramic-shop.ro\/ro\/#\/schema\/logo\/image\/\"}}]}<\/script>\n<meta property=\"product:price:amount\" content=\"278.00\" \/>\n<meta property=\"product:price:currency\" content=\"RON\" \/>\n<meta property=\"og:availability\" content=\"instock\" \/>\n<meta property=\"product:availability\" content=\"instock\" \/>\n<meta property=\"product:retailer_item_id\" content=\"0ccdb8841fef\" \/>\n<meta property=\"product:condition\" content=\"new\" \/>\n<!-- \/ Yoast SEO Premium plugin. -->","yoast_head_json":{"title":"Spot de incastrat in pardoseala XGround GD01 1X3W - Edyceramic - magazin online","robots":{"index":"index","follow":"follow","max-snippet":"max-snippet:-1","max-image-preview":"max-image-preview:large","max-video-preview":"max-video-preview:-1"},"canonical":"https:\/\/edyceramic-shop.ro\/ro\/produs\/spot-de-incastrat-in-pardoseala-xground-gd01-1x3w\/","og_locale":"ro_RO","og_type":"article","og_title":"Spot de incastrat in pardoseala XGround GD01 1X3W","og_description":"orp de iluminat tip spot \u00eencastrat \u00een pardoseal\u0103, pentru zone pietonale sau cu circula\u0163ie auto, echipat cu un LED de","og_url":"https:\/\/edyceramic-shop.ro\/ro\/produs\/spot-de-incastrat-in-pardoseala-xground-gd01-1x3w\/","og_site_name":"Edyceramic - magazin online","article_modified_time":"2025-08-01T11:31:34+00:00","og_image":[{"width":550,"height":550,"url":"https:\/\/edyceramic-shop.ro\/wp-content\/uploads\/2024\/06\/spot-incastrat-xground-2-550x5501-1.jpg","type":"image\/jpeg"}],"twitter_card":"summary_large_image","twitter_misc":{"Pre\u021b":"278,00&nbsp;lei","Disponibilitate":"\u00cen stoc"},"schema":{"@context":"https:\/\/schema.org","@graph":[{"@type":"WebPage","@id":"https:\/\/edyceramic-shop.ro\/produs\/spot-de-incastrat-in-pardoseala-xground-gd01-1x3w\/","url":"https:\/\/edyceramic-shop.ro\/produs\/spot-de-incastrat-in-pardoseala-xground-gd01-1x3w\/","name":"Spot de incastrat in pardoseala XGround GD01 1X3W - Edyceramic - magazin online","isPartOf":{"@id":"https:\/\/edyceramic-shop.ro\/ro\/#website"},"datePublished":"2024-06-26T08:27:16+00:00","dateModified":"2025-08-01T11:31:34+00:00","breadcrumb":{"@id":"https:\/\/edyceramic-shop.ro\/produs\/spot-de-incastrat-in-pardoseala-xground-gd01-1x3w\/#breadcrumb"},"inLanguage":"ro-RO","potentialAction":[{"@type":"ReadAction","target":["https:\/\/edyceramic-shop.ro\/produs\/spot-de-incastrat-in-pardoseala-xground-gd01-1x3w\/"]}]},{"@type":"BreadcrumbList","@id":"https:\/\/edyceramic-shop.ro\/produs\/spot-de-incastrat-in-pardoseala-xground-gd01-1x3w\/#breadcrumb","itemListElement":[{"@type":"ListItem","position":1,"name":"Home","item":"https:\/\/edyceramic-shop.ro\/"},{"@type":"ListItem","position":2,"name":"Shop","item":"https:\/\/edyceramic-shop.ro\/ro\/shop\/"},{"@type":"ListItem","position":3,"name":"Spot de incastrat in pardoseala XGround GD01 1X3W"}]},{"@type":"WebSite","@id":"https:\/\/edyceramic-shop.ro\/ro\/#website","url":"https:\/\/edyceramic-shop.ro\/ro\/","name":"edyceramic.ro","description":"","publisher":{"@id":"https:\/\/edyceramic-shop.ro\/ro\/#organization"},"potentialAction":[{"@type":"SearchAction","target":{"@type":"EntryPoint","urlTemplate":"https:\/\/edyceramic-shop.ro\/ro\/?s={search_term_string}"},"query-input":"required name=search_term_string"}],"inLanguage":"ro-RO"},{"@type":"Organization","@id":"https:\/\/edyceramic-shop.ro\/ro\/#organization","name":"Edyceramic","url":"https:\/\/edyceramic-shop.ro\/ro\/","logo":{"@type":"ImageObject","inLanguage":"ro-RO","@id":"https:\/\/edyceramic-shop.ro\/ro\/#\/schema\/logo\/image\/","url":"https:\/\/edyceramic-shop.ro\/wp-content\/uploads\/2024\/02\/Logo-EdyCeramic_2021-lung.png","contentUrl":"https:\/\/edyceramic-shop.ro\/wp-content\/uploads\/2024\/02\/Logo-EdyCeramic_2021-lung.png","width":4491,"height":769,"caption":"Edyceramic"},"image":{"@id":"https:\/\/edyceramic-shop.ro\/ro\/#\/schema\/logo\/image\/"}}]},"product_price_amount":"278.00","product_price_currency":"RON","og_availability":"instock","product_availability":"instock","product_retailer_item_id":"0ccdb8841fef","product_condition":"new"},"jetpack_sharing_enabled":true,"_links":{"self":[{"href":"https:\/\/edyceramic-shop.ro\/ro\/wp-json\/wp\/v2\/product\/2825","targetHints":{"allow":["GET"]}}],"collection":[{"href":"https:\/\/edyceramic-shop.ro\/ro\/wp-json\/wp\/v2\/product"}],"about":[{"href":"https:\/\/edyceramic-shop.ro\/ro\/wp-json\/wp\/v2\/types\/product"}],"version-history":[{"count":0,"href":"https:\/\/edyceramic-shop.ro\/ro\/wp-json\/wp\/v2\/product\/2825\/revisions"}],"wp:featuredmedia":[{"embeddable":true,"href":"https:\/\/edyceramic-shop.ro\/ro\/wp-json\/wp\/v2\/media\/2827"}],"wp:attachment":[{"href":"https:\/\/edyceramic-shop.ro\/ro\/wp-json\/wp\/v2\/media?parent=2825"}],"wp:term":[{"taxonomy":"product_brand","embeddable":true,"href":"https:\/\/edyceramic-shop.ro\/ro\/wp-json\/wp\/v2\/product_brand?post=2825"},{"taxonomy":"product_cat","embeddable":true,"href":"https:\/\/edyceramic-shop.ro\/ro\/wp-json\/wp\/v2\/product_cat?post=2825"},{"taxonomy":"product_tag","embeddable":true,"href":"https:\/\/edyceramic-shop.ro\/ro\/wp-json\/wp\/v2\/product_tag?post=2825"}],"curies":[{"name":"wp","href":"https:\/\/api.w.org\/{rel}","templated":true}]}}