{"id":28081,"date":"2025-01-24T15:40:49","date_gmt":"2025-01-24T13:40:49","guid":{"rendered":"https:\/\/edyceramic-shop.ro\/produs\/gresie-kai-tilia-chevron-natural-3635-60x120cm\/"},"modified":"2025-08-01T13:37:54","modified_gmt":"2025-08-01T11:37:54","slug":"gresie-kai-tilia-chevron-natural-3635-60x120cm","status":"publish","type":"product","link":"https:\/\/edyceramic-shop.ro\/ro\/produs\/gresie-kai-tilia-chevron-natural-3635-60x120cm\/","title":{"rendered":"GRESIE KAI TILIA CHEVRON NATURAL 3635 60x120cm"},"content":{"rendered":"<p>Transform\u0103-\u021bi spa\u021biul cu pl\u0103cile ceramice premium Tilia de la Kai Ceramica, o alegere ideal\u0103 pentru cei care apreciaz\u0103 elegan\u021ba \u0219i durabilitatea. Cu dimensiuni generoase de 60&#215;120 cm, aceste pl\u0103ci aduc un aer modern \u0219i rafinat oric\u0103rui interior sau exterior.<\/p>\n<p>Caracteristici principale:<\/p>\n<p>Dimensiuni: 60&#215;120 cm \u2013 perfecte pentru a crea un efect de continuitate \u0219i a oferi un aspect elegant spa\u021biului.<br \/>\nAmbalaj: 2 pl\u0103ci\/cutie, acoperind o suprafa\u021b\u0103 total\u0103 de 1.44 mp\/cutie.<br \/>\nCalitate: Clasa 1 \u2013 pl\u0103ci de cea mai \u00eenalt\u0103 calitate, f\u0103r\u0103 defecte vizibile.<br \/>\nRezisten\u021b\u0103 la \u00eenghe\u021b: Potrivite at\u00e2t pentru utilizare \u00een interior, c\u00e2t \u0219i \u00een exterior, garant\u00e2nd performan\u021b\u0103 \u00een condi\u021bii climatice extreme.<br \/>\nAplica\u021bii:<br \/>\nPl\u0103cile din colec\u021bia Tilia sunt versatile \u0219i pot fi utilizate pe pardoseli sau pere\u021bi, \u00een diverse spa\u021bii:<\/p>\n<p>Livinguri, b\u0103i, buc\u0103t\u0103rii, holuri sau dormitoare.<br \/>\nTerase, balcoane sau alte zone exterioare.<br \/>\nAlege colec\u021bia Tilia de la Kai Ceramica pentru a aduce \u00een casa ta combina\u021bia perfect\u0103 de estetic\u0103 \u0219i func\u021bionalitate!<\/p>\n","protected":false},"excerpt":{"rendered":"<p>Transform\u0103-\u021bi spa\u021biul cu pl\u0103cile ceramice premium Tilia de la Kai Ceramica, o alegere ideal\u0103 pentru cei care apreciaz\u0103 elegan\u021ba \u0219i<\/p>\n","protected":false},"featured_media":0,"template":"","meta":[],"product_brand":[],"product_cat":[301,467],"product_tag":[],"class_list":{"0":"post-28081","1":"product","2":"type-product","3":"status-publish","5":"product_cat-gresie","6":"product_cat-gresie-si-faianta","7":"pa_ambalare-1-44mp-cutie","8":"pa_colectie-tilia","9":"pa_dimensiune-60x120cm","10":"pa_fabrica-kai","11":"pa_finisaj-mat","12":"pa_numar-de-placi-in-pachet-1206","13":"pa_rectificat-da","15":"first","16":"instock","17":"purchasable","18":"product-type-simple"},"yoast_head":"<!-- This site is optimized with the Yoast SEO Premium plugin v21.6 (Yoast SEO v22.1) - https:\/\/yoast.com\/wordpress\/plugins\/seo\/ -->\n<title>GRESIE KAI TILIA CHEVRON NATURAL 3635 60x120cm - Edyceramic - magazin online<\/title>\n<meta name=\"robots\" content=\"index, follow, max-snippet:-1, max-image-preview:large, max-video-preview:-1\" \/>\n<link rel=\"canonical\" href=\"https:\/\/edyceramic-shop.ro\/ro\/produs\/gresie-kai-tilia-chevron-natural-3635-60x120cm\/\" \/>\n<meta property=\"og:locale\" content=\"ro_RO\" \/>\n<meta property=\"og:type\" content=\"article\" \/>\n<meta property=\"og:title\" content=\"GRESIE KAI TILIA CHEVRON NATURAL 3635 60x120cm\" \/>\n<meta property=\"og:description\" content=\"Transform\u0103-\u021bi spa\u021biul cu pl\u0103cile ceramice premium Tilia de la Kai Ceramica, o alegere ideal\u0103 pentru cei care apreciaz\u0103 elegan\u021ba \u0219i\" \/>\n<meta property=\"og:url\" content=\"https:\/\/edyceramic-shop.ro\/ro\/produs\/gresie-kai-tilia-chevron-natural-3635-60x120cm\/\" \/>\n<meta property=\"og:site_name\" content=\"Edyceramic - magazin online\" \/>\n<meta property=\"article:modified_time\" content=\"2025-08-01T11:37:54+00:00\" \/>\n<meta name=\"twitter:card\" content=\"summary_large_image\" \/>\n<meta name=\"twitter:label1\" content=\"Pre\u021b\" \/>\n\t<meta name=\"twitter:data1\" content=\"109,00&nbsp;lei\" \/>\n\t<meta name=\"twitter:label2\" content=\"Disponibilitate\" \/>\n\t<meta name=\"twitter:data2\" content=\"\u00cen stoc\" \/>\n<script type=\"application\/ld+json\" class=\"yoast-schema-graph\">{\"@context\":\"https:\/\/schema.org\",\"@graph\":[{\"@type\":\"WebPage\",\"@id\":\"https:\/\/edyceramic-shop.ro\/produs\/gresie-kai-tilia-chevron-natural-3635-60x120cm\/\",\"url\":\"https:\/\/edyceramic-shop.ro\/produs\/gresie-kai-tilia-chevron-natural-3635-60x120cm\/\",\"name\":\"GRESIE KAI TILIA CHEVRON NATURAL 3635 60x120cm - Edyceramic - magazin online\",\"isPartOf\":{\"@id\":\"https:\/\/edyceramic-shop.ro\/ro\/#website\"},\"datePublished\":\"2025-01-24T13:40:49+00:00\",\"dateModified\":\"2025-08-01T11:37:54+00:00\",\"breadcrumb\":{\"@id\":\"https:\/\/edyceramic-shop.ro\/produs\/gresie-kai-tilia-chevron-natural-3635-60x120cm\/#breadcrumb\"},\"inLanguage\":\"ro-RO\",\"potentialAction\":[{\"@type\":\"ReadAction\",\"target\":[\"https:\/\/edyceramic-shop.ro\/produs\/gresie-kai-tilia-chevron-natural-3635-60x120cm\/\"]}]},{\"@type\":\"BreadcrumbList\",\"@id\":\"https:\/\/edyceramic-shop.ro\/produs\/gresie-kai-tilia-chevron-natural-3635-60x120cm\/#breadcrumb\",\"itemListElement\":[{\"@type\":\"ListItem\",\"position\":1,\"name\":\"Home\",\"item\":\"https:\/\/edyceramic-shop.ro\/\"},{\"@type\":\"ListItem\",\"position\":2,\"name\":\"Shop\",\"item\":\"https:\/\/edyceramic-shop.ro\/ro\/shop\/\"},{\"@type\":\"ListItem\",\"position\":3,\"name\":\"GRESIE KAI TILIA CHEVRON NATURAL 3635 60x120cm\"}]},{\"@type\":\"WebSite\",\"@id\":\"https:\/\/edyceramic-shop.ro\/ro\/#website\",\"url\":\"https:\/\/edyceramic-shop.ro\/ro\/\",\"name\":\"edyceramic.ro\",\"description\":\"\",\"publisher\":{\"@id\":\"https:\/\/edyceramic-shop.ro\/ro\/#organization\"},\"potentialAction\":[{\"@type\":\"SearchAction\",\"target\":{\"@type\":\"EntryPoint\",\"urlTemplate\":\"https:\/\/edyceramic-shop.ro\/ro\/?s={search_term_string}\"},\"query-input\":\"required name=search_term_string\"}],\"inLanguage\":\"ro-RO\"},{\"@type\":\"Organization\",\"@id\":\"https:\/\/edyceramic-shop.ro\/ro\/#organization\",\"name\":\"Edyceramic\",\"url\":\"https:\/\/edyceramic-shop.ro\/ro\/\",\"logo\":{\"@type\":\"ImageObject\",\"inLanguage\":\"ro-RO\",\"@id\":\"https:\/\/edyceramic-shop.ro\/ro\/#\/schema\/logo\/image\/\",\"url\":\"https:\/\/edyceramic-shop.ro\/wp-content\/uploads\/2024\/02\/Logo-EdyCeramic_2021-lung.png\",\"contentUrl\":\"https:\/\/edyceramic-shop.ro\/wp-content\/uploads\/2024\/02\/Logo-EdyCeramic_2021-lung.png\",\"width\":4491,\"height\":769,\"caption\":\"Edyceramic\"},\"image\":{\"@id\":\"https:\/\/edyceramic-shop.ro\/ro\/#\/schema\/logo\/image\/\"}}]}<\/script>\n<meta property=\"product:price:amount\" content=\"109.00\" \/>\n<meta property=\"product:price:currency\" content=\"RON\" \/>\n<meta property=\"og:availability\" content=\"instock\" \/>\n<meta property=\"product:availability\" content=\"instock\" \/>\n<meta property=\"product:retailer_item_id\" content=\"12d2bb15a5ee\" \/>\n<meta property=\"product:condition\" content=\"new\" \/>\n<!-- \/ Yoast SEO Premium plugin. -->","yoast_head_json":{"title":"GRESIE KAI TILIA CHEVRON NATURAL 3635 60x120cm - Edyceramic - magazin online","robots":{"index":"index","follow":"follow","max-snippet":"max-snippet:-1","max-image-preview":"max-image-preview:large","max-video-preview":"max-video-preview:-1"},"canonical":"https:\/\/edyceramic-shop.ro\/ro\/produs\/gresie-kai-tilia-chevron-natural-3635-60x120cm\/","og_locale":"ro_RO","og_type":"article","og_title":"GRESIE KAI TILIA CHEVRON NATURAL 3635 60x120cm","og_description":"Transform\u0103-\u021bi spa\u021biul cu pl\u0103cile ceramice premium Tilia de la Kai Ceramica, o alegere ideal\u0103 pentru cei care apreciaz\u0103 elegan\u021ba \u0219i","og_url":"https:\/\/edyceramic-shop.ro\/ro\/produs\/gresie-kai-tilia-chevron-natural-3635-60x120cm\/","og_site_name":"Edyceramic - magazin online","article_modified_time":"2025-08-01T11:37:54+00:00","twitter_card":"summary_large_image","twitter_misc":{"Pre\u021b":"109,00&nbsp;lei","Disponibilitate":"\u00cen stoc"},"schema":{"@context":"https:\/\/schema.org","@graph":[{"@type":"WebPage","@id":"https:\/\/edyceramic-shop.ro\/produs\/gresie-kai-tilia-chevron-natural-3635-60x120cm\/","url":"https:\/\/edyceramic-shop.ro\/produs\/gresie-kai-tilia-chevron-natural-3635-60x120cm\/","name":"GRESIE KAI TILIA CHEVRON NATURAL 3635 60x120cm - Edyceramic - magazin online","isPartOf":{"@id":"https:\/\/edyceramic-shop.ro\/ro\/#website"},"datePublished":"2025-01-24T13:40:49+00:00","dateModified":"2025-08-01T11:37:54+00:00","breadcrumb":{"@id":"https:\/\/edyceramic-shop.ro\/produs\/gresie-kai-tilia-chevron-natural-3635-60x120cm\/#breadcrumb"},"inLanguage":"ro-RO","potentialAction":[{"@type":"ReadAction","target":["https:\/\/edyceramic-shop.ro\/produs\/gresie-kai-tilia-chevron-natural-3635-60x120cm\/"]}]},{"@type":"BreadcrumbList","@id":"https:\/\/edyceramic-shop.ro\/produs\/gresie-kai-tilia-chevron-natural-3635-60x120cm\/#breadcrumb","itemListElement":[{"@type":"ListItem","position":1,"name":"Home","item":"https:\/\/edyceramic-shop.ro\/"},{"@type":"ListItem","position":2,"name":"Shop","item":"https:\/\/edyceramic-shop.ro\/ro\/shop\/"},{"@type":"ListItem","position":3,"name":"GRESIE KAI TILIA CHEVRON NATURAL 3635 60x120cm"}]},{"@type":"WebSite","@id":"https:\/\/edyceramic-shop.ro\/ro\/#website","url":"https:\/\/edyceramic-shop.ro\/ro\/","name":"edyceramic.ro","description":"","publisher":{"@id":"https:\/\/edyceramic-shop.ro\/ro\/#organization"},"potentialAction":[{"@type":"SearchAction","target":{"@type":"EntryPoint","urlTemplate":"https:\/\/edyceramic-shop.ro\/ro\/?s={search_term_string}"},"query-input":"required name=search_term_string"}],"inLanguage":"ro-RO"},{"@type":"Organization","@id":"https:\/\/edyceramic-shop.ro\/ro\/#organization","name":"Edyceramic","url":"https:\/\/edyceramic-shop.ro\/ro\/","logo":{"@type":"ImageObject","inLanguage":"ro-RO","@id":"https:\/\/edyceramic-shop.ro\/ro\/#\/schema\/logo\/image\/","url":"https:\/\/edyceramic-shop.ro\/wp-content\/uploads\/2024\/02\/Logo-EdyCeramic_2021-lung.png","contentUrl":"https:\/\/edyceramic-shop.ro\/wp-content\/uploads\/2024\/02\/Logo-EdyCeramic_2021-lung.png","width":4491,"height":769,"caption":"Edyceramic"},"image":{"@id":"https:\/\/edyceramic-shop.ro\/ro\/#\/schema\/logo\/image\/"}}]},"product_price_amount":"109.00","product_price_currency":"RON","og_availability":"instock","product_availability":"instock","product_retailer_item_id":"12d2bb15a5ee","product_condition":"new"},"jetpack_sharing_enabled":true,"_links":{"self":[{"href":"https:\/\/edyceramic-shop.ro\/ro\/wp-json\/wp\/v2\/product\/28081","targetHints":{"allow":["GET"]}}],"collection":[{"href":"https:\/\/edyceramic-shop.ro\/ro\/wp-json\/wp\/v2\/product"}],"about":[{"href":"https:\/\/edyceramic-shop.ro\/ro\/wp-json\/wp\/v2\/types\/product"}],"version-history":[{"count":1,"href":"https:\/\/edyceramic-shop.ro\/ro\/wp-json\/wp\/v2\/product\/28081\/revisions"}],"predecessor-version":[{"id":28082,"href":"https:\/\/edyceramic-shop.ro\/ro\/wp-json\/wp\/v2\/product\/28081\/revisions\/28082"}],"wp:attachment":[{"href":"https:\/\/edyceramic-shop.ro\/ro\/wp-json\/wp\/v2\/media?parent=28081"}],"wp:term":[{"taxonomy":"product_brand","embeddable":true,"href":"https:\/\/edyceramic-shop.ro\/ro\/wp-json\/wp\/v2\/product_brand?post=28081"},{"taxonomy":"product_cat","embeddable":true,"href":"https:\/\/edyceramic-shop.ro\/ro\/wp-json\/wp\/v2\/product_cat?post=28081"},{"taxonomy":"product_tag","embeddable":true,"href":"https:\/\/edyceramic-shop.ro\/ro\/wp-json\/wp\/v2\/product_tag?post=28081"}],"curies":[{"name":"wp","href":"https:\/\/api.w.org\/{rel}","templated":true}]}}