{"id":28029,"date":"2025-01-24T13:43:09","date_gmt":"2025-01-24T11:43:09","guid":{"rendered":"https:\/\/edyceramic-shop.ro\/produs\/baterie-bucatarie-ideal-standard-ceralook-bluestart-silk-black-cu-pipa-inalta-tip-l\/"},"modified":"2025-08-01T13:37:52","modified_gmt":"2025-08-01T11:37:52","slug":"baterie-bucatarie-ideal-standard-ceralook-bluestart-silk-black-cu-pipa-inalta-tip-l","status":"publish","type":"product","link":"https:\/\/edyceramic-shop.ro\/ro\/produs\/baterie-bucatarie-ideal-standard-ceralook-bluestart-silk-black-cu-pipa-inalta-tip-l\/","title":{"rendered":"BATERIE BUC\u0102T\u0102RIE IDEAL STANDARD CERALOOK BLUESTART SILK BLACK CU PIP\u0102 \u00ceNALT\u0102 TIP L"},"content":{"rendered":"<p>Baterie bucatarie Ideal Standard Ceralook BlueStart negru mat<br \/>\nFiecare baterie este parte din viata de zi cu zi, ajutandu-te sa ai un grad mai mare de confort si o utilizare facila si placuta. Chiar si atunci cand o folosesti pentru cele mai simple lucruri cotidiene vei aprecia formele ergonomice si posibilitatile multiple de a utiliza apa.<\/p>\n<p>Bateriile Ideal Standard sunt alegerea perfecta pentru o baie moderna. Forma lor frumoasa completeaza armonios orice baie. Aceste baterii au fost concepute cu gandul la client: asamblarea este foarte usoara iar materialul de calitate garanteaza durabilitatea.<\/p>\n<p>Specificatii tehnice Baterie bucatarie Ideal Standard Ceralook BlueStart negru mat:<\/p>\n<p>Producator: Ideal Standard<br \/>\nColectie: Ceralook BlueStart<br \/>\nTip: baterii clasice<br \/>\nMontare: pe chiuveta<br \/>\nMaterial: alama sanitara<br \/>\nDimensiuni proiectie pipa: 225 mm<br \/>\nCuloare: negru mat<br \/>\nCorp din alama cu pipa tubulara inalta L<br \/>\nManer metalic cu indicator pentru apa rece si calda &#8211; printat pe maner<br \/>\nIndicator de pornire cu apa rece<br \/>\nTehnologia pornire rece BlueStart\u00ae<br \/>\nAerator ascuns<br \/>\nCartus 38 mm FirmaFlow\u00ae cu limitator de apa calda, cu Click<br \/>\nRacorduri flexibile PEX G3\/8\u201d<br \/>\nSistem fixare Easy-Fix cu inel de centrare si strangere<\/p>\n","protected":false},"excerpt":{"rendered":"<p>Baterie bucatarie Ideal Standard Ceralook BlueStart negru mat Fiecare baterie este parte din viata de zi cu zi, ajutandu-te sa<\/p>\n","protected":false},"featured_media":27719,"template":"","meta":[],"product_brand":[],"product_cat":[3490,3464],"product_tag":[],"class_list":{"0":"post-28029","1":"product","2":"type-product","3":"status-publish","4":"has-post-thumbnail","6":"product_cat-baterii-bucatarie","7":"product_cat-chiuvete-si-baterii-bucatarie","8":"pa_colectie-ceralook","9":"pa_culoare-negru","10":"pa_fabrica-ideal-standard","12":"first","13":"instock","14":"sale","15":"purchasable","16":"product-type-simple"},"yoast_head":"<!-- This site is optimized with the Yoast SEO Premium plugin v21.6 (Yoast SEO v22.1) - https:\/\/yoast.com\/wordpress\/plugins\/seo\/ -->\n<title>BATERIE BUC\u0102T\u0102RIE IDEAL STANDARD CERALOOK BLUESTART SILK BLACK CU PIP\u0102 \u00ceNALT\u0102 TIP L - Edyceramic - magazin online<\/title>\n<meta name=\"robots\" content=\"index, follow, max-snippet:-1, max-image-preview:large, max-video-preview:-1\" \/>\n<link rel=\"canonical\" href=\"https:\/\/edyceramic-shop.ro\/ro\/produs\/baterie-bucatarie-ideal-standard-ceralook-bluestart-silk-black-cu-pipa-inalta-tip-l\/\" \/>\n<meta property=\"og:locale\" content=\"ro_RO\" \/>\n<meta property=\"og:type\" content=\"article\" \/>\n<meta property=\"og:title\" content=\"BATERIE BUC\u0102T\u0102RIE IDEAL STANDARD CERALOOK BLUESTART SILK BLACK CU PIP\u0102 \u00ceNALT\u0102 TIP L\" \/>\n<meta property=\"og:description\" content=\"Baterie bucatarie Ideal Standard Ceralook BlueStart negru mat Fiecare baterie este parte din viata de zi cu zi, ajutandu-te sa\" \/>\n<meta property=\"og:url\" content=\"https:\/\/edyceramic-shop.ro\/ro\/produs\/baterie-bucatarie-ideal-standard-ceralook-bluestart-silk-black-cu-pipa-inalta-tip-l\/\" \/>\n<meta property=\"og:site_name\" content=\"Edyceramic - magazin online\" \/>\n<meta property=\"article:modified_time\" content=\"2025-08-01T11:37:52+00:00\" \/>\n<meta property=\"og:image\" content=\"https:\/\/edyceramic-shop.ro\/wp-content\/uploads\/2025\/01\/baterie-bucatarie-ideal-standard-ceralook-bluestart-negru-mat-57867-1.webp\" \/>\n\t<meta property=\"og:image:width\" content=\"1000\" \/>\n\t<meta property=\"og:image:height\" content=\"1000\" \/>\n\t<meta property=\"og:image:type\" content=\"image\/webp\" \/>\n<meta name=\"twitter:card\" content=\"summary_large_image\" \/>\n<meta name=\"twitter:label1\" content=\"Pre\u021b\" \/>\n\t<meta name=\"twitter:data1\" content=\"896,00&nbsp;lei\" \/>\n\t<meta name=\"twitter:label2\" content=\"Disponibilitate\" \/>\n\t<meta name=\"twitter:data2\" content=\"\u00cen stoc\" \/>\n<script type=\"application\/ld+json\" class=\"yoast-schema-graph\">{\"@context\":\"https:\/\/schema.org\",\"@graph\":[{\"@type\":\"WebPage\",\"@id\":\"https:\/\/edyceramic-shop.ro\/produs\/baterie-bucatarie-ideal-standard-ceralook-bluestart-silk-black-cu-pipa-inalta-tip-l\/\",\"url\":\"https:\/\/edyceramic-shop.ro\/produs\/baterie-bucatarie-ideal-standard-ceralook-bluestart-silk-black-cu-pipa-inalta-tip-l\/\",\"name\":\"BATERIE BUC\u0102T\u0102RIE IDEAL STANDARD CERALOOK BLUESTART SILK BLACK CU PIP\u0102 \u00ceNALT\u0102 TIP L - Edyceramic - magazin online\",\"isPartOf\":{\"@id\":\"https:\/\/edyceramic-shop.ro\/ro\/#website\"},\"datePublished\":\"2025-01-24T11:43:09+00:00\",\"dateModified\":\"2025-08-01T11:37:52+00:00\",\"breadcrumb\":{\"@id\":\"https:\/\/edyceramic-shop.ro\/produs\/baterie-bucatarie-ideal-standard-ceralook-bluestart-silk-black-cu-pipa-inalta-tip-l\/#breadcrumb\"},\"inLanguage\":\"ro-RO\",\"potentialAction\":[{\"@type\":\"ReadAction\",\"target\":[\"https:\/\/edyceramic-shop.ro\/produs\/baterie-bucatarie-ideal-standard-ceralook-bluestart-silk-black-cu-pipa-inalta-tip-l\/\"]}]},{\"@type\":\"BreadcrumbList\",\"@id\":\"https:\/\/edyceramic-shop.ro\/produs\/baterie-bucatarie-ideal-standard-ceralook-bluestart-silk-black-cu-pipa-inalta-tip-l\/#breadcrumb\",\"itemListElement\":[{\"@type\":\"ListItem\",\"position\":1,\"name\":\"Home\",\"item\":\"https:\/\/edyceramic-shop.ro\/\"},{\"@type\":\"ListItem\",\"position\":2,\"name\":\"Shop\",\"item\":\"https:\/\/edyceramic-shop.ro\/ro\/shop\/\"},{\"@type\":\"ListItem\",\"position\":3,\"name\":\"BATERIE BUC\u0102T\u0102RIE IDEAL STANDARD CERALOOK BLUESTART SILK BLACK CU PIP\u0102 \u00ceNALT\u0102 TIP L\"}]},{\"@type\":\"WebSite\",\"@id\":\"https:\/\/edyceramic-shop.ro\/ro\/#website\",\"url\":\"https:\/\/edyceramic-shop.ro\/ro\/\",\"name\":\"edyceramic.ro\",\"description\":\"\",\"publisher\":{\"@id\":\"https:\/\/edyceramic-shop.ro\/ro\/#organization\"},\"potentialAction\":[{\"@type\":\"SearchAction\",\"target\":{\"@type\":\"EntryPoint\",\"urlTemplate\":\"https:\/\/edyceramic-shop.ro\/ro\/?s={search_term_string}\"},\"query-input\":\"required name=search_term_string\"}],\"inLanguage\":\"ro-RO\"},{\"@type\":\"Organization\",\"@id\":\"https:\/\/edyceramic-shop.ro\/ro\/#organization\",\"name\":\"Edyceramic\",\"url\":\"https:\/\/edyceramic-shop.ro\/ro\/\",\"logo\":{\"@type\":\"ImageObject\",\"inLanguage\":\"ro-RO\",\"@id\":\"https:\/\/edyceramic-shop.ro\/ro\/#\/schema\/logo\/image\/\",\"url\":\"https:\/\/edyceramic-shop.ro\/wp-content\/uploads\/2024\/02\/Logo-EdyCeramic_2021-lung.png\",\"contentUrl\":\"https:\/\/edyceramic-shop.ro\/wp-content\/uploads\/2024\/02\/Logo-EdyCeramic_2021-lung.png\",\"width\":4491,\"height\":769,\"caption\":\"Edyceramic\"},\"image\":{\"@id\":\"https:\/\/edyceramic-shop.ro\/ro\/#\/schema\/logo\/image\/\"}}]}<\/script>\n<meta property=\"product:price:amount\" content=\"896.00\" \/>\n<meta property=\"product:price:currency\" content=\"RON\" \/>\n<meta property=\"og:availability\" content=\"instock\" \/>\n<meta property=\"product:availability\" content=\"instock\" \/>\n<meta property=\"product:retailer_item_id\" content=\"6a692a5759f7\" \/>\n<meta property=\"product:condition\" content=\"new\" \/>\n<!-- \/ Yoast SEO Premium plugin. -->","yoast_head_json":{"title":"BATERIE BUC\u0102T\u0102RIE IDEAL STANDARD CERALOOK BLUESTART SILK BLACK CU PIP\u0102 \u00ceNALT\u0102 TIP L - Edyceramic - magazin online","robots":{"index":"index","follow":"follow","max-snippet":"max-snippet:-1","max-image-preview":"max-image-preview:large","max-video-preview":"max-video-preview:-1"},"canonical":"https:\/\/edyceramic-shop.ro\/ro\/produs\/baterie-bucatarie-ideal-standard-ceralook-bluestart-silk-black-cu-pipa-inalta-tip-l\/","og_locale":"ro_RO","og_type":"article","og_title":"BATERIE BUC\u0102T\u0102RIE IDEAL STANDARD CERALOOK BLUESTART SILK BLACK CU PIP\u0102 \u00ceNALT\u0102 TIP L","og_description":"Baterie bucatarie Ideal Standard Ceralook BlueStart negru mat Fiecare baterie este parte din viata de zi cu zi, ajutandu-te sa","og_url":"https:\/\/edyceramic-shop.ro\/ro\/produs\/baterie-bucatarie-ideal-standard-ceralook-bluestart-silk-black-cu-pipa-inalta-tip-l\/","og_site_name":"Edyceramic - magazin online","article_modified_time":"2025-08-01T11:37:52+00:00","og_image":[{"width":1000,"height":1000,"url":"https:\/\/edyceramic-shop.ro\/wp-content\/uploads\/2025\/01\/baterie-bucatarie-ideal-standard-ceralook-bluestart-negru-mat-57867-1.webp","type":"image\/webp"}],"twitter_card":"summary_large_image","twitter_misc":{"Pre\u021b":"896,00&nbsp;lei","Disponibilitate":"\u00cen stoc"},"schema":{"@context":"https:\/\/schema.org","@graph":[{"@type":"WebPage","@id":"https:\/\/edyceramic-shop.ro\/produs\/baterie-bucatarie-ideal-standard-ceralook-bluestart-silk-black-cu-pipa-inalta-tip-l\/","url":"https:\/\/edyceramic-shop.ro\/produs\/baterie-bucatarie-ideal-standard-ceralook-bluestart-silk-black-cu-pipa-inalta-tip-l\/","name":"BATERIE BUC\u0102T\u0102RIE IDEAL STANDARD CERALOOK BLUESTART SILK BLACK CU PIP\u0102 \u00ceNALT\u0102 TIP L - Edyceramic - magazin online","isPartOf":{"@id":"https:\/\/edyceramic-shop.ro\/ro\/#website"},"datePublished":"2025-01-24T11:43:09+00:00","dateModified":"2025-08-01T11:37:52+00:00","breadcrumb":{"@id":"https:\/\/edyceramic-shop.ro\/produs\/baterie-bucatarie-ideal-standard-ceralook-bluestart-silk-black-cu-pipa-inalta-tip-l\/#breadcrumb"},"inLanguage":"ro-RO","potentialAction":[{"@type":"ReadAction","target":["https:\/\/edyceramic-shop.ro\/produs\/baterie-bucatarie-ideal-standard-ceralook-bluestart-silk-black-cu-pipa-inalta-tip-l\/"]}]},{"@type":"BreadcrumbList","@id":"https:\/\/edyceramic-shop.ro\/produs\/baterie-bucatarie-ideal-standard-ceralook-bluestart-silk-black-cu-pipa-inalta-tip-l\/#breadcrumb","itemListElement":[{"@type":"ListItem","position":1,"name":"Home","item":"https:\/\/edyceramic-shop.ro\/"},{"@type":"ListItem","position":2,"name":"Shop","item":"https:\/\/edyceramic-shop.ro\/ro\/shop\/"},{"@type":"ListItem","position":3,"name":"BATERIE BUC\u0102T\u0102RIE IDEAL STANDARD CERALOOK BLUESTART SILK BLACK CU PIP\u0102 \u00ceNALT\u0102 TIP L"}]},{"@type":"WebSite","@id":"https:\/\/edyceramic-shop.ro\/ro\/#website","url":"https:\/\/edyceramic-shop.ro\/ro\/","name":"edyceramic.ro","description":"","publisher":{"@id":"https:\/\/edyceramic-shop.ro\/ro\/#organization"},"potentialAction":[{"@type":"SearchAction","target":{"@type":"EntryPoint","urlTemplate":"https:\/\/edyceramic-shop.ro\/ro\/?s={search_term_string}"},"query-input":"required name=search_term_string"}],"inLanguage":"ro-RO"},{"@type":"Organization","@id":"https:\/\/edyceramic-shop.ro\/ro\/#organization","name":"Edyceramic","url":"https:\/\/edyceramic-shop.ro\/ro\/","logo":{"@type":"ImageObject","inLanguage":"ro-RO","@id":"https:\/\/edyceramic-shop.ro\/ro\/#\/schema\/logo\/image\/","url":"https:\/\/edyceramic-shop.ro\/wp-content\/uploads\/2024\/02\/Logo-EdyCeramic_2021-lung.png","contentUrl":"https:\/\/edyceramic-shop.ro\/wp-content\/uploads\/2024\/02\/Logo-EdyCeramic_2021-lung.png","width":4491,"height":769,"caption":"Edyceramic"},"image":{"@id":"https:\/\/edyceramic-shop.ro\/ro\/#\/schema\/logo\/image\/"}}]},"product_price_amount":"896.00","product_price_currency":"RON","og_availability":"instock","product_availability":"instock","product_retailer_item_id":"6a692a5759f7","product_condition":"new"},"jetpack_sharing_enabled":true,"_links":{"self":[{"href":"https:\/\/edyceramic-shop.ro\/ro\/wp-json\/wp\/v2\/product\/28029","targetHints":{"allow":["GET"]}}],"collection":[{"href":"https:\/\/edyceramic-shop.ro\/ro\/wp-json\/wp\/v2\/product"}],"about":[{"href":"https:\/\/edyceramic-shop.ro\/ro\/wp-json\/wp\/v2\/types\/product"}],"version-history":[{"count":1,"href":"https:\/\/edyceramic-shop.ro\/ro\/wp-json\/wp\/v2\/product\/28029\/revisions"}],"predecessor-version":[{"id":28030,"href":"https:\/\/edyceramic-shop.ro\/ro\/wp-json\/wp\/v2\/product\/28029\/revisions\/28030"}],"wp:featuredmedia":[{"embeddable":true,"href":"https:\/\/edyceramic-shop.ro\/ro\/wp-json\/wp\/v2\/media\/27719"}],"wp:attachment":[{"href":"https:\/\/edyceramic-shop.ro\/ro\/wp-json\/wp\/v2\/media?parent=28029"}],"wp:term":[{"taxonomy":"product_brand","embeddable":true,"href":"https:\/\/edyceramic-shop.ro\/ro\/wp-json\/wp\/v2\/product_brand?post=28029"},{"taxonomy":"product_cat","embeddable":true,"href":"https:\/\/edyceramic-shop.ro\/ro\/wp-json\/wp\/v2\/product_cat?post=28029"},{"taxonomy":"product_tag","embeddable":true,"href":"https:\/\/edyceramic-shop.ro\/ro\/wp-json\/wp\/v2\/product_tag?post=28029"}],"curies":[{"name":"wp","href":"https:\/\/api.w.org\/{rel}","templated":true}]}}