{"id":28025,"date":"2025-01-24T13:43:09","date_gmt":"2025-01-24T11:43:09","guid":{"rendered":"https:\/\/edyceramic-shop.ro\/produs\/baterie-bucatarie-ideal-standard-gusto-brushed-gold-cu-pipa-inalta-extractabila\/"},"modified":"2025-08-01T13:37:52","modified_gmt":"2025-08-01T11:37:52","slug":"baterie-bucatarie-ideal-standard-gusto-brushed-gold-cu-pipa-inalta-extractabila","status":"publish","type":"product","link":"https:\/\/edyceramic-shop.ro\/ro\/produs\/baterie-bucatarie-ideal-standard-gusto-brushed-gold-cu-pipa-inalta-extractabila\/","title":{"rendered":"BATERIE BUC\u0102T\u0102RIE IDEAL STANDARD GUSTO BRUSHED GOLD CU PIP\u0102 \u00ceNALT\u0102 EXTRACTABIL\u0102"},"content":{"rendered":"<p>Baterie bucatarie Ideal Standard Gusto 226 cu pipa rotativa cupru Sunset Rose<br \/>\nBateriile Ideal Standard sunt alegerea perfecta pentru o bucatarie moderna. Forma lor frumoasa completeaza armonios orice spatiu. Aceste baterii au fost concepute cu gandul la client: asamblarea este foarte usoara iar materialul de calitate garanteaza durabilitatea.<\/p>\n<p>Ideal Standard ofera solutii de baterii care se pot incadra in orice tip de ambient. Cu un design simplu si echilibrat, integrarea unei baterii Gusto intr-o bucatarie moderna se face cu usurinta. Caracterizate prin durabilitate si forme subtile, bateriile vor deveni un element central al design-ului intregii bucatarii.<\/p>\n<p>Bateriile de bucatarie Gusto sunt disponibile in finisaje si culori diferite. Sunt o alegere ideala pentru oricine cauta sa adauge o nota personalizata bucatariei sale.<\/p>\n<p>Specificatii tehnice Baterie bucatarie Ideal Standard Gusto 226 cu pipa rotativa cupru Sunset Rose:<\/p>\n<p>Producator: Ideal Standard<br \/>\nColectia: Gusto<br \/>\nTip produs: baterie bucatarie clasica<br \/>\nTip montare: pe chiuveta<br \/>\nTip actionare: monocomanda<br \/>\nCuloare: cupru\/Sunset Rose<br \/>\nFinisaj: periat<br \/>\nMaterial: alama sanitara<br \/>\nProiectie pipa: 238 mm<br \/>\nZona de confort: 226 mm<br \/>\nSistem de montare EasyFix<br \/>\nPipa rotativa<br \/>\nPerlator ascuns<br \/>\nSuprafata SmartShine<br \/>\nPresiunea de lucru 3 bari<br \/>\nCartus ceramic FirmaFlow\u00ae cu limitator de apa calda<\/p>\n","protected":false},"excerpt":{"rendered":"<p>Baterie bucatarie Ideal Standard Gusto 226 cu pipa rotativa cupru Sunset Rose Bateriile Ideal Standard sunt alegerea perfecta pentru o<\/p>\n","protected":false},"featured_media":27723,"template":"","meta":[],"product_brand":[],"product_cat":[3490,3464],"product_tag":[],"class_list":{"0":"post-28025","1":"product","2":"type-product","3":"status-publish","4":"has-post-thumbnail","6":"product_cat-baterii-bucatarie","7":"product_cat-chiuvete-si-baterii-bucatarie","8":"pa_colectie-gusto","9":"pa_culoare-brushed-gold","10":"pa_fabrica-ideal-standard","12":"first","13":"instock","14":"sale","15":"purchasable","16":"product-type-simple"},"yoast_head":"<!-- This site is optimized with the Yoast SEO Premium plugin v21.6 (Yoast SEO v22.1) - https:\/\/yoast.com\/wordpress\/plugins\/seo\/ -->\n<title>BATERIE BUC\u0102T\u0102RIE IDEAL STANDARD GUSTO BRUSHED GOLD CU PIP\u0102 \u00ceNALT\u0102 EXTRACTABIL\u0102 - Edyceramic - magazin online<\/title>\n<meta name=\"robots\" content=\"index, follow, max-snippet:-1, max-image-preview:large, max-video-preview:-1\" \/>\n<link rel=\"canonical\" href=\"https:\/\/edyceramic-shop.ro\/ro\/produs\/baterie-bucatarie-ideal-standard-gusto-brushed-gold-cu-pipa-inalta-extractabila\/\" \/>\n<meta property=\"og:locale\" content=\"ro_RO\" \/>\n<meta property=\"og:type\" content=\"article\" \/>\n<meta property=\"og:title\" content=\"BATERIE BUC\u0102T\u0102RIE IDEAL STANDARD GUSTO BRUSHED GOLD CU PIP\u0102 \u00ceNALT\u0102 EXTRACTABIL\u0102\" \/>\n<meta property=\"og:description\" content=\"Baterie bucatarie Ideal Standard Gusto 226 cu pipa rotativa cupru Sunset Rose Bateriile Ideal Standard sunt alegerea perfecta pentru o\" \/>\n<meta property=\"og:url\" content=\"https:\/\/edyceramic-shop.ro\/ro\/produs\/baterie-bucatarie-ideal-standard-gusto-brushed-gold-cu-pipa-inalta-extractabila\/\" \/>\n<meta property=\"og:site_name\" content=\"Edyceramic - magazin online\" \/>\n<meta property=\"article:modified_time\" content=\"2025-08-01T11:37:52+00:00\" \/>\n<meta property=\"og:image\" content=\"https:\/\/edyceramic-shop.ro\/wp-content\/uploads\/2025\/01\/baterie-bucatarie-ideal-standard-gusto-226-cu-pipa-rotativa-auriu-periat-164079-1.webp\" \/>\n\t<meta property=\"og:image:width\" content=\"1000\" \/>\n\t<meta property=\"og:image:height\" content=\"1000\" \/>\n\t<meta property=\"og:image:type\" content=\"image\/webp\" \/>\n<meta name=\"twitter:card\" content=\"summary_large_image\" \/>\n<meta name=\"twitter:label1\" content=\"Pre\u021b\" \/>\n\t<meta name=\"twitter:data1\" content=\"1.400,00&nbsp;lei\" \/>\n\t<meta name=\"twitter:label2\" content=\"Disponibilitate\" \/>\n\t<meta name=\"twitter:data2\" content=\"\u00cen stoc\" \/>\n<script type=\"application\/ld+json\" class=\"yoast-schema-graph\">{\"@context\":\"https:\/\/schema.org\",\"@graph\":[{\"@type\":\"WebPage\",\"@id\":\"https:\/\/edyceramic-shop.ro\/produs\/baterie-bucatarie-ideal-standard-gusto-brushed-gold-cu-pipa-inalta-extractabila\/\",\"url\":\"https:\/\/edyceramic-shop.ro\/produs\/baterie-bucatarie-ideal-standard-gusto-brushed-gold-cu-pipa-inalta-extractabila\/\",\"name\":\"BATERIE BUC\u0102T\u0102RIE IDEAL STANDARD GUSTO BRUSHED GOLD CU PIP\u0102 \u00ceNALT\u0102 EXTRACTABIL\u0102 - Edyceramic - magazin online\",\"isPartOf\":{\"@id\":\"https:\/\/edyceramic-shop.ro\/ro\/#website\"},\"datePublished\":\"2025-01-24T11:43:09+00:00\",\"dateModified\":\"2025-08-01T11:37:52+00:00\",\"breadcrumb\":{\"@id\":\"https:\/\/edyceramic-shop.ro\/produs\/baterie-bucatarie-ideal-standard-gusto-brushed-gold-cu-pipa-inalta-extractabila\/#breadcrumb\"},\"inLanguage\":\"ro-RO\",\"potentialAction\":[{\"@type\":\"ReadAction\",\"target\":[\"https:\/\/edyceramic-shop.ro\/produs\/baterie-bucatarie-ideal-standard-gusto-brushed-gold-cu-pipa-inalta-extractabila\/\"]}]},{\"@type\":\"BreadcrumbList\",\"@id\":\"https:\/\/edyceramic-shop.ro\/produs\/baterie-bucatarie-ideal-standard-gusto-brushed-gold-cu-pipa-inalta-extractabila\/#breadcrumb\",\"itemListElement\":[{\"@type\":\"ListItem\",\"position\":1,\"name\":\"Home\",\"item\":\"https:\/\/edyceramic-shop.ro\/\"},{\"@type\":\"ListItem\",\"position\":2,\"name\":\"Shop\",\"item\":\"https:\/\/edyceramic-shop.ro\/ro\/shop\/\"},{\"@type\":\"ListItem\",\"position\":3,\"name\":\"BATERIE BUC\u0102T\u0102RIE IDEAL STANDARD GUSTO BRUSHED GOLD CU PIP\u0102 \u00ceNALT\u0102 EXTRACTABIL\u0102\"}]},{\"@type\":\"WebSite\",\"@id\":\"https:\/\/edyceramic-shop.ro\/ro\/#website\",\"url\":\"https:\/\/edyceramic-shop.ro\/ro\/\",\"name\":\"edyceramic.ro\",\"description\":\"\",\"publisher\":{\"@id\":\"https:\/\/edyceramic-shop.ro\/ro\/#organization\"},\"potentialAction\":[{\"@type\":\"SearchAction\",\"target\":{\"@type\":\"EntryPoint\",\"urlTemplate\":\"https:\/\/edyceramic-shop.ro\/ro\/?s={search_term_string}\"},\"query-input\":\"required name=search_term_string\"}],\"inLanguage\":\"ro-RO\"},{\"@type\":\"Organization\",\"@id\":\"https:\/\/edyceramic-shop.ro\/ro\/#organization\",\"name\":\"Edyceramic\",\"url\":\"https:\/\/edyceramic-shop.ro\/ro\/\",\"logo\":{\"@type\":\"ImageObject\",\"inLanguage\":\"ro-RO\",\"@id\":\"https:\/\/edyceramic-shop.ro\/ro\/#\/schema\/logo\/image\/\",\"url\":\"https:\/\/edyceramic-shop.ro\/wp-content\/uploads\/2024\/02\/Logo-EdyCeramic_2021-lung.png\",\"contentUrl\":\"https:\/\/edyceramic-shop.ro\/wp-content\/uploads\/2024\/02\/Logo-EdyCeramic_2021-lung.png\",\"width\":4491,\"height\":769,\"caption\":\"Edyceramic\"},\"image\":{\"@id\":\"https:\/\/edyceramic-shop.ro\/ro\/#\/schema\/logo\/image\/\"}}]}<\/script>\n<meta property=\"product:price:amount\" content=\"1400.00\" \/>\n<meta property=\"product:price:currency\" content=\"RON\" \/>\n<meta property=\"og:availability\" content=\"instock\" \/>\n<meta property=\"product:availability\" content=\"instock\" \/>\n<meta property=\"product:retailer_item_id\" content=\"bc368d81d367\" \/>\n<meta property=\"product:condition\" content=\"new\" \/>\n<!-- \/ Yoast SEO Premium plugin. -->","yoast_head_json":{"title":"BATERIE BUC\u0102T\u0102RIE IDEAL STANDARD GUSTO BRUSHED GOLD CU PIP\u0102 \u00ceNALT\u0102 EXTRACTABIL\u0102 - Edyceramic - magazin online","robots":{"index":"index","follow":"follow","max-snippet":"max-snippet:-1","max-image-preview":"max-image-preview:large","max-video-preview":"max-video-preview:-1"},"canonical":"https:\/\/edyceramic-shop.ro\/ro\/produs\/baterie-bucatarie-ideal-standard-gusto-brushed-gold-cu-pipa-inalta-extractabila\/","og_locale":"ro_RO","og_type":"article","og_title":"BATERIE BUC\u0102T\u0102RIE IDEAL STANDARD GUSTO BRUSHED GOLD CU PIP\u0102 \u00ceNALT\u0102 EXTRACTABIL\u0102","og_description":"Baterie bucatarie Ideal Standard Gusto 226 cu pipa rotativa cupru Sunset Rose Bateriile Ideal Standard sunt alegerea perfecta pentru o","og_url":"https:\/\/edyceramic-shop.ro\/ro\/produs\/baterie-bucatarie-ideal-standard-gusto-brushed-gold-cu-pipa-inalta-extractabila\/","og_site_name":"Edyceramic - magazin online","article_modified_time":"2025-08-01T11:37:52+00:00","og_image":[{"width":1000,"height":1000,"url":"https:\/\/edyceramic-shop.ro\/wp-content\/uploads\/2025\/01\/baterie-bucatarie-ideal-standard-gusto-226-cu-pipa-rotativa-auriu-periat-164079-1.webp","type":"image\/webp"}],"twitter_card":"summary_large_image","twitter_misc":{"Pre\u021b":"1.400,00&nbsp;lei","Disponibilitate":"\u00cen stoc"},"schema":{"@context":"https:\/\/schema.org","@graph":[{"@type":"WebPage","@id":"https:\/\/edyceramic-shop.ro\/produs\/baterie-bucatarie-ideal-standard-gusto-brushed-gold-cu-pipa-inalta-extractabila\/","url":"https:\/\/edyceramic-shop.ro\/produs\/baterie-bucatarie-ideal-standard-gusto-brushed-gold-cu-pipa-inalta-extractabila\/","name":"BATERIE BUC\u0102T\u0102RIE IDEAL STANDARD GUSTO BRUSHED GOLD CU PIP\u0102 \u00ceNALT\u0102 EXTRACTABIL\u0102 - Edyceramic - magazin online","isPartOf":{"@id":"https:\/\/edyceramic-shop.ro\/ro\/#website"},"datePublished":"2025-01-24T11:43:09+00:00","dateModified":"2025-08-01T11:37:52+00:00","breadcrumb":{"@id":"https:\/\/edyceramic-shop.ro\/produs\/baterie-bucatarie-ideal-standard-gusto-brushed-gold-cu-pipa-inalta-extractabila\/#breadcrumb"},"inLanguage":"ro-RO","potentialAction":[{"@type":"ReadAction","target":["https:\/\/edyceramic-shop.ro\/produs\/baterie-bucatarie-ideal-standard-gusto-brushed-gold-cu-pipa-inalta-extractabila\/"]}]},{"@type":"BreadcrumbList","@id":"https:\/\/edyceramic-shop.ro\/produs\/baterie-bucatarie-ideal-standard-gusto-brushed-gold-cu-pipa-inalta-extractabila\/#breadcrumb","itemListElement":[{"@type":"ListItem","position":1,"name":"Home","item":"https:\/\/edyceramic-shop.ro\/"},{"@type":"ListItem","position":2,"name":"Shop","item":"https:\/\/edyceramic-shop.ro\/ro\/shop\/"},{"@type":"ListItem","position":3,"name":"BATERIE BUC\u0102T\u0102RIE IDEAL STANDARD GUSTO BRUSHED GOLD CU PIP\u0102 \u00ceNALT\u0102 EXTRACTABIL\u0102"}]},{"@type":"WebSite","@id":"https:\/\/edyceramic-shop.ro\/ro\/#website","url":"https:\/\/edyceramic-shop.ro\/ro\/","name":"edyceramic.ro","description":"","publisher":{"@id":"https:\/\/edyceramic-shop.ro\/ro\/#organization"},"potentialAction":[{"@type":"SearchAction","target":{"@type":"EntryPoint","urlTemplate":"https:\/\/edyceramic-shop.ro\/ro\/?s={search_term_string}"},"query-input":"required name=search_term_string"}],"inLanguage":"ro-RO"},{"@type":"Organization","@id":"https:\/\/edyceramic-shop.ro\/ro\/#organization","name":"Edyceramic","url":"https:\/\/edyceramic-shop.ro\/ro\/","logo":{"@type":"ImageObject","inLanguage":"ro-RO","@id":"https:\/\/edyceramic-shop.ro\/ro\/#\/schema\/logo\/image\/","url":"https:\/\/edyceramic-shop.ro\/wp-content\/uploads\/2024\/02\/Logo-EdyCeramic_2021-lung.png","contentUrl":"https:\/\/edyceramic-shop.ro\/wp-content\/uploads\/2024\/02\/Logo-EdyCeramic_2021-lung.png","width":4491,"height":769,"caption":"Edyceramic"},"image":{"@id":"https:\/\/edyceramic-shop.ro\/ro\/#\/schema\/logo\/image\/"}}]},"product_price_amount":"1400.00","product_price_currency":"RON","og_availability":"instock","product_availability":"instock","product_retailer_item_id":"bc368d81d367","product_condition":"new"},"jetpack_sharing_enabled":true,"_links":{"self":[{"href":"https:\/\/edyceramic-shop.ro\/ro\/wp-json\/wp\/v2\/product\/28025","targetHints":{"allow":["GET"]}}],"collection":[{"href":"https:\/\/edyceramic-shop.ro\/ro\/wp-json\/wp\/v2\/product"}],"about":[{"href":"https:\/\/edyceramic-shop.ro\/ro\/wp-json\/wp\/v2\/types\/product"}],"version-history":[{"count":1,"href":"https:\/\/edyceramic-shop.ro\/ro\/wp-json\/wp\/v2\/product\/28025\/revisions"}],"predecessor-version":[{"id":28026,"href":"https:\/\/edyceramic-shop.ro\/ro\/wp-json\/wp\/v2\/product\/28025\/revisions\/28026"}],"wp:featuredmedia":[{"embeddable":true,"href":"https:\/\/edyceramic-shop.ro\/ro\/wp-json\/wp\/v2\/media\/27723"}],"wp:attachment":[{"href":"https:\/\/edyceramic-shop.ro\/ro\/wp-json\/wp\/v2\/media?parent=28025"}],"wp:term":[{"taxonomy":"product_brand","embeddable":true,"href":"https:\/\/edyceramic-shop.ro\/ro\/wp-json\/wp\/v2\/product_brand?post=28025"},{"taxonomy":"product_cat","embeddable":true,"href":"https:\/\/edyceramic-shop.ro\/ro\/wp-json\/wp\/v2\/product_cat?post=28025"},{"taxonomy":"product_tag","embeddable":true,"href":"https:\/\/edyceramic-shop.ro\/ro\/wp-json\/wp\/v2\/product_tag?post=28025"}],"curies":[{"name":"wp","href":"https:\/\/api.w.org\/{rel}","templated":true}]}}