{"id":28015,"date":"2025-01-24T13:42:42","date_gmt":"2025-01-24T11:42:42","guid":{"rendered":"https:\/\/edyceramic-shop.ro\/produs\/baterie-bucatarie-hansgrohe-focus-e2-crom-cu-pipa-inalta-extractabila\/"},"modified":"2025-08-01T13:37:52","modified_gmt":"2025-08-01T11:37:52","slug":"baterie-bucatarie-hansgrohe-focus-e2-crom-cu-pipa-inalta-extractabila","status":"publish","type":"product","link":"https:\/\/edyceramic-shop.ro\/ro\/produs\/baterie-bucatarie-hansgrohe-focus-e2-crom-cu-pipa-inalta-extractabila\/","title":{"rendered":"BATERIE BUC\u0102T\u0102RIE HANSGROHE FOCUS E2 CROM CU PIP\u0102 \u00ceNALT\u0102 EXTRACTABIL\u0102"},"content":{"rendered":"<p>Baterie bucatarie cu dus extractibil Hansgrohe Focus M41 240 cu 2 jeturi 73880000<br \/>\nFocus M41 se integreaza armonios in bucatariile moderne si in designul liniar &#8211; chiar daca optezi pentru varianta de montare pe perete. Pe langa varianta clasica cromata, gama este disponibila si intr-un finisaj de suprafata optic cald si lucios din otel inoxidabil. Manerul plat este gata de actiune si se simte minunat in mana. Acesta poate fi pozitionat in stanga sau in dreapta, in functie de preferintele tale. Designul vertical al multora dintre modele se preteaza la utilizarea aproape de perete, acolo unde spatiul este restrans.<\/p>\n<p>Subtiri si minimaliste, robinetele moderne cu o singura maneta din gama Focus M41 se ridica peste chiuveta. Sunt pline de caracteristici practice, pot fi rotite si trase pana la 76 cm. Chiar si modelele cu gura de scurgere inalta si manerul lung se vor potrivi perfect pentru rutina bucatariei tale. Dar asta nu este tot: Tipul de jet de dus suplimentar al pulverizatorului de mana de pe modelul Focus M41 poate curata rapid petele de murdarie.<\/p>\n<p>Specificatii tehnice Baterie bucatarie cu dus extractibil Hansgrohe Focus M41 240 cu 2 jeturi:<\/p>\n<p>Producator: Hansgrohe<\/p>\n<p>Colectia: Focus M41<\/p>\n<p>Tip produs: baterie cu dus extractibil<\/p>\n<p>Tip montare: pe chiuveta<\/p>\n<p>Tip actionare: monocomanda<\/p>\n<p>Culoare: crom<\/p>\n<p>Finisaj: lucios<\/p>\n<p>ComfortZone 240<\/p>\n<p>Raza de rotire reglabila in 3 trepte 110\u00b0, 150\u00b0<\/p>\n<p>Jet laminar, jet de dus<\/p>\n<p>Furtun de conectare rapida<\/p>\n<p>Dimensiune racordare: DN15<\/p>\n<p>Cartus ceramic<\/p>\n<p>Tip de conexiune: conexiuni G \u215c<\/p>\n<p>Limitare de temperatura reglabila<\/p>\n<p>Supapa de retinere integrata<\/p>\n<p>Potrivit pentru incalzitoare de apa cu debit continuu<\/p>\n<p>Lungime extensie pana la 76 cm<\/p>\n<p>ComfortZone<\/p>\n<p>Bateriile Hansgrohe cu ComfortZone ofera o gama variata de inaltimi pentru dimensionarea corecta a oricarui tip de proiect.<\/p>\n","protected":false},"excerpt":{"rendered":"<p>Baterie bucatarie cu dus extractibil Hansgrohe Focus M41 240 cu 2 jeturi 73880000 Focus M41 se integreaza armonios in bucatariile<\/p>\n","protected":false},"featured_media":27834,"template":"","meta":[],"product_brand":[],"product_cat":[3490,3464],"product_tag":[],"class_list":{"0":"post-28015","1":"product","2":"type-product","3":"status-publish","4":"has-post-thumbnail","6":"product_cat-baterii-bucatarie","7":"product_cat-chiuvete-si-baterii-bucatarie","8":"pa_colectie-focus","9":"pa_culoare-crom","10":"pa_fabrica-hansgrohe","12":"first","13":"instock","14":"sale","15":"purchasable","16":"product-type-simple"},"yoast_head":"<!-- This site is optimized with the Yoast SEO Premium plugin v21.6 (Yoast SEO v22.1) - https:\/\/yoast.com\/wordpress\/plugins\/seo\/ -->\n<title>BATERIE BUC\u0102T\u0102RIE HANSGROHE FOCUS E2 CROM CU PIP\u0102 \u00ceNALT\u0102 EXTRACTABIL\u0102 - Edyceramic - magazin online<\/title>\n<meta name=\"robots\" content=\"index, follow, max-snippet:-1, max-image-preview:large, max-video-preview:-1\" \/>\n<link rel=\"canonical\" href=\"https:\/\/edyceramic-shop.ro\/ro\/produs\/baterie-bucatarie-hansgrohe-focus-e2-crom-cu-pipa-inalta-extractabila\/\" \/>\n<meta property=\"og:locale\" content=\"ro_RO\" \/>\n<meta property=\"og:type\" content=\"article\" \/>\n<meta property=\"og:title\" content=\"BATERIE BUC\u0102T\u0102RIE HANSGROHE FOCUS E2 CROM CU PIP\u0102 \u00ceNALT\u0102 EXTRACTABIL\u0102\" \/>\n<meta property=\"og:description\" content=\"Baterie bucatarie cu dus extractibil Hansgrohe Focus M41 240 cu 2 jeturi 73880000 Focus M41 se integreaza armonios in bucatariile\" \/>\n<meta property=\"og:url\" content=\"https:\/\/edyceramic-shop.ro\/ro\/produs\/baterie-bucatarie-hansgrohe-focus-e2-crom-cu-pipa-inalta-extractabila\/\" \/>\n<meta property=\"og:site_name\" content=\"Edyceramic - magazin online\" \/>\n<meta property=\"article:modified_time\" content=\"2025-08-01T11:37:52+00:00\" \/>\n<meta property=\"og:image\" content=\"https:\/\/edyceramic-shop.ro\/wp-content\/uploads\/2025\/01\/baterie-bucatarie-cu-dus-extractibil-hansgrohe-focus-m41-240-cu-2-jeturi-73880000-366979-1.webp\" \/>\n\t<meta property=\"og:image:width\" content=\"1000\" \/>\n\t<meta property=\"og:image:height\" content=\"1000\" \/>\n\t<meta property=\"og:image:type\" content=\"image\/webp\" \/>\n<meta name=\"twitter:card\" content=\"summary_large_image\" \/>\n<meta name=\"twitter:label1\" content=\"Pre\u021b\" \/>\n\t<meta name=\"twitter:data1\" content=\"1.174,00&nbsp;lei\" \/>\n\t<meta name=\"twitter:label2\" content=\"Disponibilitate\" \/>\n\t<meta name=\"twitter:data2\" content=\"\u00cen stoc\" \/>\n<script type=\"application\/ld+json\" class=\"yoast-schema-graph\">{\"@context\":\"https:\/\/schema.org\",\"@graph\":[{\"@type\":\"WebPage\",\"@id\":\"https:\/\/edyceramic-shop.ro\/produs\/baterie-bucatarie-hansgrohe-focus-e2-crom-cu-pipa-inalta-extractabila\/\",\"url\":\"https:\/\/edyceramic-shop.ro\/produs\/baterie-bucatarie-hansgrohe-focus-e2-crom-cu-pipa-inalta-extractabila\/\",\"name\":\"BATERIE BUC\u0102T\u0102RIE HANSGROHE FOCUS E2 CROM CU PIP\u0102 \u00ceNALT\u0102 EXTRACTABIL\u0102 - Edyceramic - magazin online\",\"isPartOf\":{\"@id\":\"https:\/\/edyceramic-shop.ro\/ro\/#website\"},\"datePublished\":\"2025-01-24T11:42:42+00:00\",\"dateModified\":\"2025-08-01T11:37:52+00:00\",\"breadcrumb\":{\"@id\":\"https:\/\/edyceramic-shop.ro\/produs\/baterie-bucatarie-hansgrohe-focus-e2-crom-cu-pipa-inalta-extractabila\/#breadcrumb\"},\"inLanguage\":\"ro-RO\",\"potentialAction\":[{\"@type\":\"ReadAction\",\"target\":[\"https:\/\/edyceramic-shop.ro\/produs\/baterie-bucatarie-hansgrohe-focus-e2-crom-cu-pipa-inalta-extractabila\/\"]}]},{\"@type\":\"BreadcrumbList\",\"@id\":\"https:\/\/edyceramic-shop.ro\/produs\/baterie-bucatarie-hansgrohe-focus-e2-crom-cu-pipa-inalta-extractabila\/#breadcrumb\",\"itemListElement\":[{\"@type\":\"ListItem\",\"position\":1,\"name\":\"Home\",\"item\":\"https:\/\/edyceramic-shop.ro\/\"},{\"@type\":\"ListItem\",\"position\":2,\"name\":\"Shop\",\"item\":\"https:\/\/edyceramic-shop.ro\/ro\/shop\/\"},{\"@type\":\"ListItem\",\"position\":3,\"name\":\"BATERIE BUC\u0102T\u0102RIE HANSGROHE FOCUS E2 CROM CU PIP\u0102 \u00ceNALT\u0102 EXTRACTABIL\u0102\"}]},{\"@type\":\"WebSite\",\"@id\":\"https:\/\/edyceramic-shop.ro\/ro\/#website\",\"url\":\"https:\/\/edyceramic-shop.ro\/ro\/\",\"name\":\"edyceramic.ro\",\"description\":\"\",\"publisher\":{\"@id\":\"https:\/\/edyceramic-shop.ro\/ro\/#organization\"},\"potentialAction\":[{\"@type\":\"SearchAction\",\"target\":{\"@type\":\"EntryPoint\",\"urlTemplate\":\"https:\/\/edyceramic-shop.ro\/ro\/?s={search_term_string}\"},\"query-input\":\"required name=search_term_string\"}],\"inLanguage\":\"ro-RO\"},{\"@type\":\"Organization\",\"@id\":\"https:\/\/edyceramic-shop.ro\/ro\/#organization\",\"name\":\"Edyceramic\",\"url\":\"https:\/\/edyceramic-shop.ro\/ro\/\",\"logo\":{\"@type\":\"ImageObject\",\"inLanguage\":\"ro-RO\",\"@id\":\"https:\/\/edyceramic-shop.ro\/ro\/#\/schema\/logo\/image\/\",\"url\":\"https:\/\/edyceramic-shop.ro\/wp-content\/uploads\/2024\/02\/Logo-EdyCeramic_2021-lung.png\",\"contentUrl\":\"https:\/\/edyceramic-shop.ro\/wp-content\/uploads\/2024\/02\/Logo-EdyCeramic_2021-lung.png\",\"width\":4491,\"height\":769,\"caption\":\"Edyceramic\"},\"image\":{\"@id\":\"https:\/\/edyceramic-shop.ro\/ro\/#\/schema\/logo\/image\/\"}}]}<\/script>\n<meta property=\"product:price:amount\" content=\"1174.00\" \/>\n<meta property=\"product:price:currency\" content=\"RON\" \/>\n<meta property=\"og:availability\" content=\"instock\" \/>\n<meta property=\"product:availability\" content=\"instock\" \/>\n<meta property=\"product:retailer_item_id\" content=\"4dd47dc0bd99\" \/>\n<meta property=\"product:condition\" content=\"new\" \/>\n<!-- \/ Yoast SEO Premium plugin. -->","yoast_head_json":{"title":"BATERIE BUC\u0102T\u0102RIE HANSGROHE FOCUS E2 CROM CU PIP\u0102 \u00ceNALT\u0102 EXTRACTABIL\u0102 - Edyceramic - magazin online","robots":{"index":"index","follow":"follow","max-snippet":"max-snippet:-1","max-image-preview":"max-image-preview:large","max-video-preview":"max-video-preview:-1"},"canonical":"https:\/\/edyceramic-shop.ro\/ro\/produs\/baterie-bucatarie-hansgrohe-focus-e2-crom-cu-pipa-inalta-extractabila\/","og_locale":"ro_RO","og_type":"article","og_title":"BATERIE BUC\u0102T\u0102RIE HANSGROHE FOCUS E2 CROM CU PIP\u0102 \u00ceNALT\u0102 EXTRACTABIL\u0102","og_description":"Baterie bucatarie cu dus extractibil Hansgrohe Focus M41 240 cu 2 jeturi 73880000 Focus M41 se integreaza armonios in bucatariile","og_url":"https:\/\/edyceramic-shop.ro\/ro\/produs\/baterie-bucatarie-hansgrohe-focus-e2-crom-cu-pipa-inalta-extractabila\/","og_site_name":"Edyceramic - magazin online","article_modified_time":"2025-08-01T11:37:52+00:00","og_image":[{"width":1000,"height":1000,"url":"https:\/\/edyceramic-shop.ro\/wp-content\/uploads\/2025\/01\/baterie-bucatarie-cu-dus-extractibil-hansgrohe-focus-m41-240-cu-2-jeturi-73880000-366979-1.webp","type":"image\/webp"}],"twitter_card":"summary_large_image","twitter_misc":{"Pre\u021b":"1.174,00&nbsp;lei","Disponibilitate":"\u00cen stoc"},"schema":{"@context":"https:\/\/schema.org","@graph":[{"@type":"WebPage","@id":"https:\/\/edyceramic-shop.ro\/produs\/baterie-bucatarie-hansgrohe-focus-e2-crom-cu-pipa-inalta-extractabila\/","url":"https:\/\/edyceramic-shop.ro\/produs\/baterie-bucatarie-hansgrohe-focus-e2-crom-cu-pipa-inalta-extractabila\/","name":"BATERIE BUC\u0102T\u0102RIE HANSGROHE FOCUS E2 CROM CU PIP\u0102 \u00ceNALT\u0102 EXTRACTABIL\u0102 - Edyceramic - magazin online","isPartOf":{"@id":"https:\/\/edyceramic-shop.ro\/ro\/#website"},"datePublished":"2025-01-24T11:42:42+00:00","dateModified":"2025-08-01T11:37:52+00:00","breadcrumb":{"@id":"https:\/\/edyceramic-shop.ro\/produs\/baterie-bucatarie-hansgrohe-focus-e2-crom-cu-pipa-inalta-extractabila\/#breadcrumb"},"inLanguage":"ro-RO","potentialAction":[{"@type":"ReadAction","target":["https:\/\/edyceramic-shop.ro\/produs\/baterie-bucatarie-hansgrohe-focus-e2-crom-cu-pipa-inalta-extractabila\/"]}]},{"@type":"BreadcrumbList","@id":"https:\/\/edyceramic-shop.ro\/produs\/baterie-bucatarie-hansgrohe-focus-e2-crom-cu-pipa-inalta-extractabila\/#breadcrumb","itemListElement":[{"@type":"ListItem","position":1,"name":"Home","item":"https:\/\/edyceramic-shop.ro\/"},{"@type":"ListItem","position":2,"name":"Shop","item":"https:\/\/edyceramic-shop.ro\/ro\/shop\/"},{"@type":"ListItem","position":3,"name":"BATERIE BUC\u0102T\u0102RIE HANSGROHE FOCUS E2 CROM CU PIP\u0102 \u00ceNALT\u0102 EXTRACTABIL\u0102"}]},{"@type":"WebSite","@id":"https:\/\/edyceramic-shop.ro\/ro\/#website","url":"https:\/\/edyceramic-shop.ro\/ro\/","name":"edyceramic.ro","description":"","publisher":{"@id":"https:\/\/edyceramic-shop.ro\/ro\/#organization"},"potentialAction":[{"@type":"SearchAction","target":{"@type":"EntryPoint","urlTemplate":"https:\/\/edyceramic-shop.ro\/ro\/?s={search_term_string}"},"query-input":"required name=search_term_string"}],"inLanguage":"ro-RO"},{"@type":"Organization","@id":"https:\/\/edyceramic-shop.ro\/ro\/#organization","name":"Edyceramic","url":"https:\/\/edyceramic-shop.ro\/ro\/","logo":{"@type":"ImageObject","inLanguage":"ro-RO","@id":"https:\/\/edyceramic-shop.ro\/ro\/#\/schema\/logo\/image\/","url":"https:\/\/edyceramic-shop.ro\/wp-content\/uploads\/2024\/02\/Logo-EdyCeramic_2021-lung.png","contentUrl":"https:\/\/edyceramic-shop.ro\/wp-content\/uploads\/2024\/02\/Logo-EdyCeramic_2021-lung.png","width":4491,"height":769,"caption":"Edyceramic"},"image":{"@id":"https:\/\/edyceramic-shop.ro\/ro\/#\/schema\/logo\/image\/"}}]},"product_price_amount":"1174.00","product_price_currency":"RON","og_availability":"instock","product_availability":"instock","product_retailer_item_id":"4dd47dc0bd99","product_condition":"new"},"jetpack_sharing_enabled":true,"_links":{"self":[{"href":"https:\/\/edyceramic-shop.ro\/ro\/wp-json\/wp\/v2\/product\/28015","targetHints":{"allow":["GET"]}}],"collection":[{"href":"https:\/\/edyceramic-shop.ro\/ro\/wp-json\/wp\/v2\/product"}],"about":[{"href":"https:\/\/edyceramic-shop.ro\/ro\/wp-json\/wp\/v2\/types\/product"}],"version-history":[{"count":1,"href":"https:\/\/edyceramic-shop.ro\/ro\/wp-json\/wp\/v2\/product\/28015\/revisions"}],"predecessor-version":[{"id":28016,"href":"https:\/\/edyceramic-shop.ro\/ro\/wp-json\/wp\/v2\/product\/28015\/revisions\/28016"}],"wp:featuredmedia":[{"embeddable":true,"href":"https:\/\/edyceramic-shop.ro\/ro\/wp-json\/wp\/v2\/media\/27834"}],"wp:attachment":[{"href":"https:\/\/edyceramic-shop.ro\/ro\/wp-json\/wp\/v2\/media?parent=28015"}],"wp:term":[{"taxonomy":"product_brand","embeddable":true,"href":"https:\/\/edyceramic-shop.ro\/ro\/wp-json\/wp\/v2\/product_brand?post=28015"},{"taxonomy":"product_cat","embeddable":true,"href":"https:\/\/edyceramic-shop.ro\/ro\/wp-json\/wp\/v2\/product_cat?post=28015"},{"taxonomy":"product_tag","embeddable":true,"href":"https:\/\/edyceramic-shop.ro\/ro\/wp-json\/wp\/v2\/product_tag?post=28015"}],"curies":[{"name":"wp","href":"https:\/\/api.w.org\/{rel}","templated":true}]}}