{"id":28005,"date":"2025-01-24T13:42:42","date_gmt":"2025-01-24T11:42:42","guid":{"rendered":"https:\/\/edyceramic-shop.ro\/produs\/baterie-bucatarie-grohe-vento-blue-pure-cu-pipa-l-extractabila\/"},"modified":"2025-08-01T13:37:52","modified_gmt":"2025-08-01T11:37:52","slug":"baterie-bucatarie-grohe-vento-blue-pure-cu-pipa-l-extractabila","status":"publish","type":"product","link":"https:\/\/edyceramic-shop.ro\/ro\/produs\/baterie-bucatarie-grohe-vento-blue-pure-cu-pipa-l-extractabila\/","title":{"rendered":"BATERIE BUC\u0102T\u0102RIE GROHE VENTO BLUE PURE CU PIP\u0102 L EXTRACTABIL\u0102"},"content":{"rendered":"<p>Grohe Blue Home Ondus Starter Kit include:<\/p>\n<p>1. Baterie de bucatarie monocomanda cu functie de filtrare<\/p>\n<p>Inaltime baterie: H378 mm<br \/>\nLungime pipa: 221 mm<br \/>\nFinisaj: negru (velvet black)<\/p>\n<p>Caracteristici:<br \/>\n&#8211; baterie monocomanda<br \/>\n&#8211; pipa pivotanta 150\u00b0<br \/>\n&#8211; cartus ceramic 28 mm SilkMove<br \/>\n&#8211; cai separate pentru apa filtrata si nefiltrata<br \/>\n&#8211; racorduri de alimentare flexibile<\/p>\n<p>Maner cu butoane pentru apa filtrata si rece, in 3 variante:<br \/>\n&#8211; apa plata rece<br \/>\n&#8211; apa partial carbogazoasa<br \/>\n&#8211; apa carbogazoasa<\/p>\n<p>2. Unitate de racire Grohe Blue Home<\/p>\n<p>Dimensiuni: 500x200xH455 mm<\/p>\n<p>Caracteristici:<br \/>\n&#8211; furnizare apa rece 3 l\/h<br \/>\n&#8211; 180 W, 50 Hz, alimentare retea 230 V<br \/>\n&#8211; protectie impotriva umezelii si a prafului IP 21<br \/>\n&#8211; sunt necesare orificii de ventilatie in partea inferioara a dulapului de bucatarie<\/p>\n<p>3. Filtru Grohe Blue (marime S) si cap filtru cu functie de reglare a duritatii apei (potrivit pentru regiuni cu duritate a apei mai mare de 9\u00b0 dKH)<\/p>\n<p>4. Recipient CO2 Grohe Blue (425g)<\/p>\n<p>Aplicatia Grohe Ondus:<br \/>\n&#8211; descarcare via Apple store\/iTunes sau Google Play<br \/>\n&#8211; posibilitate instalare software pentru notificari capacitate filtru si CO2<br \/>\n&#8211; interfata BlueTooth 4.0 si WiFi pentru comunicare de date wireless<br \/>\n&#8211; raza semnalului BlueTooth (max. 10 m) variaza in functie de materialele si peretii dintre transmitator si receptor<br \/>\n&#8211; compatibil cu dispozitive &#8211; sistem de operare iOS (versiune 12.0 sau mai noua) sau Android (versiune 6 sau mai noua)<\/p>\n<p>Tehnologii Grohe:<br \/>\nStarLight<br \/>\nSuprafata cu finisaj cromat ofera luciu superior pe termen indelungat, rezistenta la zgarieturi si permite curatarea usoara a acesteia.<br \/>\nSilkMove<br \/>\nTehnologie ce ofera manevrare fara efort si control precis al temperaturii si debitului de apa, pe termen indelungat<\/p>\n<p>*Nota: Se recomanda si se comanda separat filtru de carbune activ Grohe Blue (cod 40547001) pentru regiuni cu duritate a apei mai mica de 9\u00b0 dKH<\/p>\n","protected":false},"excerpt":{"rendered":"<p>Grohe Blue Home Ondus Starter Kit include: 1. Baterie de bucatarie monocomanda cu functie de filtrare Inaltime baterie: H378 mm<\/p>\n","protected":false},"featured_media":27798,"template":"","meta":[],"product_brand":[],"product_cat":[3490,3464],"product_tag":[],"class_list":{"0":"post-28005","1":"product","2":"type-product","3":"status-publish","4":"has-post-thumbnail","6":"product_cat-baterii-bucatarie","7":"product_cat-chiuvete-si-baterii-bucatarie","8":"pa_colectie-vento","9":"pa_culoare-negru-mat","10":"pa_fabrica-grohe","12":"first","13":"instock","14":"sale","15":"purchasable","16":"product-type-simple"},"yoast_head":"<!-- This site is optimized with the Yoast SEO Premium plugin v21.6 (Yoast SEO v22.1) - https:\/\/yoast.com\/wordpress\/plugins\/seo\/ -->\n<title>BATERIE BUC\u0102T\u0102RIE GROHE VENTO BLUE PURE CU PIP\u0102 L EXTRACTABIL\u0102 - Edyceramic - magazin online<\/title>\n<meta name=\"robots\" content=\"index, follow, max-snippet:-1, max-image-preview:large, max-video-preview:-1\" \/>\n<link rel=\"canonical\" href=\"https:\/\/edyceramic-shop.ro\/ro\/produs\/baterie-bucatarie-grohe-vento-blue-pure-cu-pipa-l-extractabila\/\" \/>\n<meta property=\"og:locale\" content=\"ro_RO\" \/>\n<meta property=\"og:type\" content=\"article\" \/>\n<meta property=\"og:title\" content=\"BATERIE BUC\u0102T\u0102RIE GROHE VENTO BLUE PURE CU PIP\u0102 L EXTRACTABIL\u0102\" \/>\n<meta property=\"og:description\" content=\"Grohe Blue Home Ondus Starter Kit include: 1. Baterie de bucatarie monocomanda cu functie de filtrare Inaltime baterie: H378 mm\" \/>\n<meta property=\"og:url\" content=\"https:\/\/edyceramic-shop.ro\/ro\/produs\/baterie-bucatarie-grohe-vento-blue-pure-cu-pipa-l-extractabila\/\" \/>\n<meta property=\"og:site_name\" content=\"Edyceramic - magazin online\" \/>\n<meta property=\"article:modified_time\" content=\"2025-08-01T11:37:52+00:00\" \/>\n<meta property=\"og:image\" content=\"https:\/\/edyceramic-shop.ro\/wp-content\/uploads\/2025\/01\/grohe-vento-blue-pure-pipa-l-extractabile-filtus600L-1.webp\" \/>\n\t<meta property=\"og:image:width\" content=\"1000\" \/>\n\t<meta property=\"og:image:height\" content=\"1000\" \/>\n\t<meta property=\"og:image:type\" content=\"image\/webp\" \/>\n<meta name=\"twitter:card\" content=\"summary_large_image\" \/>\n<meta name=\"twitter:label1\" content=\"Pre\u021b\" \/>\n\t<meta name=\"twitter:data1\" content=\"2.925,00&nbsp;lei\" \/>\n\t<meta name=\"twitter:label2\" content=\"Disponibilitate\" \/>\n\t<meta name=\"twitter:data2\" content=\"\u00cen stoc\" \/>\n<script type=\"application\/ld+json\" class=\"yoast-schema-graph\">{\"@context\":\"https:\/\/schema.org\",\"@graph\":[{\"@type\":\"WebPage\",\"@id\":\"https:\/\/edyceramic-shop.ro\/produs\/baterie-bucatarie-grohe-vento-blue-pure-cu-pipa-l-extractabila\/\",\"url\":\"https:\/\/edyceramic-shop.ro\/produs\/baterie-bucatarie-grohe-vento-blue-pure-cu-pipa-l-extractabila\/\",\"name\":\"BATERIE BUC\u0102T\u0102RIE GROHE VENTO BLUE PURE CU PIP\u0102 L EXTRACTABIL\u0102 - Edyceramic - magazin online\",\"isPartOf\":{\"@id\":\"https:\/\/edyceramic-shop.ro\/ro\/#website\"},\"datePublished\":\"2025-01-24T11:42:42+00:00\",\"dateModified\":\"2025-08-01T11:37:52+00:00\",\"breadcrumb\":{\"@id\":\"https:\/\/edyceramic-shop.ro\/produs\/baterie-bucatarie-grohe-vento-blue-pure-cu-pipa-l-extractabila\/#breadcrumb\"},\"inLanguage\":\"ro-RO\",\"potentialAction\":[{\"@type\":\"ReadAction\",\"target\":[\"https:\/\/edyceramic-shop.ro\/produs\/baterie-bucatarie-grohe-vento-blue-pure-cu-pipa-l-extractabila\/\"]}]},{\"@type\":\"BreadcrumbList\",\"@id\":\"https:\/\/edyceramic-shop.ro\/produs\/baterie-bucatarie-grohe-vento-blue-pure-cu-pipa-l-extractabila\/#breadcrumb\",\"itemListElement\":[{\"@type\":\"ListItem\",\"position\":1,\"name\":\"Home\",\"item\":\"https:\/\/edyceramic-shop.ro\/\"},{\"@type\":\"ListItem\",\"position\":2,\"name\":\"Shop\",\"item\":\"https:\/\/edyceramic-shop.ro\/ro\/shop\/\"},{\"@type\":\"ListItem\",\"position\":3,\"name\":\"BATERIE BUC\u0102T\u0102RIE GROHE VENTO BLUE PURE CU PIP\u0102 L EXTRACTABIL\u0102\"}]},{\"@type\":\"WebSite\",\"@id\":\"https:\/\/edyceramic-shop.ro\/ro\/#website\",\"url\":\"https:\/\/edyceramic-shop.ro\/ro\/\",\"name\":\"edyceramic.ro\",\"description\":\"\",\"publisher\":{\"@id\":\"https:\/\/edyceramic-shop.ro\/ro\/#organization\"},\"potentialAction\":[{\"@type\":\"SearchAction\",\"target\":{\"@type\":\"EntryPoint\",\"urlTemplate\":\"https:\/\/edyceramic-shop.ro\/ro\/?s={search_term_string}\"},\"query-input\":\"required name=search_term_string\"}],\"inLanguage\":\"ro-RO\"},{\"@type\":\"Organization\",\"@id\":\"https:\/\/edyceramic-shop.ro\/ro\/#organization\",\"name\":\"Edyceramic\",\"url\":\"https:\/\/edyceramic-shop.ro\/ro\/\",\"logo\":{\"@type\":\"ImageObject\",\"inLanguage\":\"ro-RO\",\"@id\":\"https:\/\/edyceramic-shop.ro\/ro\/#\/schema\/logo\/image\/\",\"url\":\"https:\/\/edyceramic-shop.ro\/wp-content\/uploads\/2024\/02\/Logo-EdyCeramic_2021-lung.png\",\"contentUrl\":\"https:\/\/edyceramic-shop.ro\/wp-content\/uploads\/2024\/02\/Logo-EdyCeramic_2021-lung.png\",\"width\":4491,\"height\":769,\"caption\":\"Edyceramic\"},\"image\":{\"@id\":\"https:\/\/edyceramic-shop.ro\/ro\/#\/schema\/logo\/image\/\"}}]}<\/script>\n<meta property=\"product:price:amount\" content=\"2925.00\" \/>\n<meta property=\"product:price:currency\" content=\"RON\" \/>\n<meta property=\"og:availability\" content=\"instock\" \/>\n<meta property=\"product:availability\" content=\"instock\" \/>\n<meta property=\"product:retailer_item_id\" content=\"3cd4c9e8bf1d\" \/>\n<meta property=\"product:condition\" content=\"new\" \/>\n<!-- \/ Yoast SEO Premium plugin. -->","yoast_head_json":{"title":"BATERIE BUC\u0102T\u0102RIE GROHE VENTO BLUE PURE CU PIP\u0102 L EXTRACTABIL\u0102 - Edyceramic - magazin online","robots":{"index":"index","follow":"follow","max-snippet":"max-snippet:-1","max-image-preview":"max-image-preview:large","max-video-preview":"max-video-preview:-1"},"canonical":"https:\/\/edyceramic-shop.ro\/ro\/produs\/baterie-bucatarie-grohe-vento-blue-pure-cu-pipa-l-extractabila\/","og_locale":"ro_RO","og_type":"article","og_title":"BATERIE BUC\u0102T\u0102RIE GROHE VENTO BLUE PURE CU PIP\u0102 L EXTRACTABIL\u0102","og_description":"Grohe Blue Home Ondus Starter Kit include: 1. Baterie de bucatarie monocomanda cu functie de filtrare Inaltime baterie: H378 mm","og_url":"https:\/\/edyceramic-shop.ro\/ro\/produs\/baterie-bucatarie-grohe-vento-blue-pure-cu-pipa-l-extractabila\/","og_site_name":"Edyceramic - magazin online","article_modified_time":"2025-08-01T11:37:52+00:00","og_image":[{"width":1000,"height":1000,"url":"https:\/\/edyceramic-shop.ro\/wp-content\/uploads\/2025\/01\/grohe-vento-blue-pure-pipa-l-extractabile-filtus600L-1.webp","type":"image\/webp"}],"twitter_card":"summary_large_image","twitter_misc":{"Pre\u021b":"2.925,00&nbsp;lei","Disponibilitate":"\u00cen stoc"},"schema":{"@context":"https:\/\/schema.org","@graph":[{"@type":"WebPage","@id":"https:\/\/edyceramic-shop.ro\/produs\/baterie-bucatarie-grohe-vento-blue-pure-cu-pipa-l-extractabila\/","url":"https:\/\/edyceramic-shop.ro\/produs\/baterie-bucatarie-grohe-vento-blue-pure-cu-pipa-l-extractabila\/","name":"BATERIE BUC\u0102T\u0102RIE GROHE VENTO BLUE PURE CU PIP\u0102 L EXTRACTABIL\u0102 - Edyceramic - magazin online","isPartOf":{"@id":"https:\/\/edyceramic-shop.ro\/ro\/#website"},"datePublished":"2025-01-24T11:42:42+00:00","dateModified":"2025-08-01T11:37:52+00:00","breadcrumb":{"@id":"https:\/\/edyceramic-shop.ro\/produs\/baterie-bucatarie-grohe-vento-blue-pure-cu-pipa-l-extractabila\/#breadcrumb"},"inLanguage":"ro-RO","potentialAction":[{"@type":"ReadAction","target":["https:\/\/edyceramic-shop.ro\/produs\/baterie-bucatarie-grohe-vento-blue-pure-cu-pipa-l-extractabila\/"]}]},{"@type":"BreadcrumbList","@id":"https:\/\/edyceramic-shop.ro\/produs\/baterie-bucatarie-grohe-vento-blue-pure-cu-pipa-l-extractabila\/#breadcrumb","itemListElement":[{"@type":"ListItem","position":1,"name":"Home","item":"https:\/\/edyceramic-shop.ro\/"},{"@type":"ListItem","position":2,"name":"Shop","item":"https:\/\/edyceramic-shop.ro\/ro\/shop\/"},{"@type":"ListItem","position":3,"name":"BATERIE BUC\u0102T\u0102RIE GROHE VENTO BLUE PURE CU PIP\u0102 L EXTRACTABIL\u0102"}]},{"@type":"WebSite","@id":"https:\/\/edyceramic-shop.ro\/ro\/#website","url":"https:\/\/edyceramic-shop.ro\/ro\/","name":"edyceramic.ro","description":"","publisher":{"@id":"https:\/\/edyceramic-shop.ro\/ro\/#organization"},"potentialAction":[{"@type":"SearchAction","target":{"@type":"EntryPoint","urlTemplate":"https:\/\/edyceramic-shop.ro\/ro\/?s={search_term_string}"},"query-input":"required name=search_term_string"}],"inLanguage":"ro-RO"},{"@type":"Organization","@id":"https:\/\/edyceramic-shop.ro\/ro\/#organization","name":"Edyceramic","url":"https:\/\/edyceramic-shop.ro\/ro\/","logo":{"@type":"ImageObject","inLanguage":"ro-RO","@id":"https:\/\/edyceramic-shop.ro\/ro\/#\/schema\/logo\/image\/","url":"https:\/\/edyceramic-shop.ro\/wp-content\/uploads\/2024\/02\/Logo-EdyCeramic_2021-lung.png","contentUrl":"https:\/\/edyceramic-shop.ro\/wp-content\/uploads\/2024\/02\/Logo-EdyCeramic_2021-lung.png","width":4491,"height":769,"caption":"Edyceramic"},"image":{"@id":"https:\/\/edyceramic-shop.ro\/ro\/#\/schema\/logo\/image\/"}}]},"product_price_amount":"2925.00","product_price_currency":"RON","og_availability":"instock","product_availability":"instock","product_retailer_item_id":"3cd4c9e8bf1d","product_condition":"new"},"jetpack_sharing_enabled":true,"_links":{"self":[{"href":"https:\/\/edyceramic-shop.ro\/ro\/wp-json\/wp\/v2\/product\/28005","targetHints":{"allow":["GET"]}}],"collection":[{"href":"https:\/\/edyceramic-shop.ro\/ro\/wp-json\/wp\/v2\/product"}],"about":[{"href":"https:\/\/edyceramic-shop.ro\/ro\/wp-json\/wp\/v2\/types\/product"}],"version-history":[{"count":1,"href":"https:\/\/edyceramic-shop.ro\/ro\/wp-json\/wp\/v2\/product\/28005\/revisions"}],"predecessor-version":[{"id":28006,"href":"https:\/\/edyceramic-shop.ro\/ro\/wp-json\/wp\/v2\/product\/28005\/revisions\/28006"}],"wp:featuredmedia":[{"embeddable":true,"href":"https:\/\/edyceramic-shop.ro\/ro\/wp-json\/wp\/v2\/media\/27798"}],"wp:attachment":[{"href":"https:\/\/edyceramic-shop.ro\/ro\/wp-json\/wp\/v2\/media?parent=28005"}],"wp:term":[{"taxonomy":"product_brand","embeddable":true,"href":"https:\/\/edyceramic-shop.ro\/ro\/wp-json\/wp\/v2\/product_brand?post=28005"},{"taxonomy":"product_cat","embeddable":true,"href":"https:\/\/edyceramic-shop.ro\/ro\/wp-json\/wp\/v2\/product_cat?post=28005"},{"taxonomy":"product_tag","embeddable":true,"href":"https:\/\/edyceramic-shop.ro\/ro\/wp-json\/wp\/v2\/product_tag?post=28005"}],"curies":[{"name":"wp","href":"https:\/\/api.w.org\/{rel}","templated":true}]}}