{"id":27991,"date":"2025-01-24T13:42:42","date_gmt":"2025-01-24T11:42:42","guid":{"rendered":"https:\/\/edyceramic-shop.ro\/produs\/baterie-bucatarie-grohe-eurosmart-new-crom-cu-pipa-tip-l\/"},"modified":"2025-08-01T13:37:51","modified_gmt":"2025-08-01T11:37:51","slug":"baterie-bucatarie-grohe-eurosmart-new-crom-cu-pipa-tip-l","status":"publish","type":"product","link":"https:\/\/edyceramic-shop.ro\/ro\/produs\/baterie-bucatarie-grohe-eurosmart-new-crom-cu-pipa-tip-l\/","title":{"rendered":"BATERIE BUC\u0102T\u0102RIE GROHE EUROSMART NEW CROM CU PIP\u0102 TIP L"},"content":{"rendered":"<p>Baterie bucatarie Grohe Eurosmart crom cu pipa inalta<br \/>\nBateria de bucatarie GROHE Eurosmart &#8211; perfectiune functionala intr-un design simplu!<\/p>\n<p>O combinatie perfecta intre simplitate si excelenta functionala este caracteristica definitorie a gamei GROHE Eurosmart. Cu un limitator de temperatura integrat, care protejeaza utilizatorii impotriva oparirii, aceasta noua generatie de baterii Eurosmart stabileste noi standarde pentru activitatile tale zilnice in bucatarie.<\/p>\n<p>O baterie de chiuveta realizata cu un corp neted dintr-o singura bucata este mult mai usor de curatat, iar cu finisajul cromat GROHE StarLight, va fi o atractie vizuala atractiva in bucataria ta. Oferindu-ti posibilitatea de a alege din modele diferite, aceasta gama de produse incorporeaza o varietate de caracteristici precum caile de apa interioare izolate pentru a furniza apa potabila curata. <\/p>\n<p>Sistemul nostru Easy Exchange Mousseur permite desurubarea pur si simplu a aeratorului cu o moneda, ori de cate ori acesta trebuie curatat sau inlocuit si tehnologia GROHE SilkMove ES de economisire a energiei.<\/p>\n<p>Pentru a oferi o solutie perfecta, adaptata cerintelor bucatariei tale, produsele acestei game sunt disponibile cu diferite raze de pivotare.<\/p>\n<p>Specificatii tehnice Baterie bucatarie Grohe Eurosmart crom cu pipa inalta:<\/p>\n<p>Producator: Grohe<br \/>\nColectia: Eurosmart<br \/>\nTip produs: baterie bucatarie clasica<br \/>\nTip actionare: monocomanda<br \/>\nTip montare: pe chiuveta<br \/>\nCuloare: crom<br \/>\nFinisaj: lucios<br \/>\nManer plin<br \/>\nAerator<br \/>\nPipa inalta<br \/>\nInstalare pe o singura gaura<br \/>\nSuprafata GROHE StarLight<br \/>\nCartus ceramic de 28 mm cu GROHE SilkMove<br \/>\nLimitator de temperatura integrat<br \/>\nLimitator de debit reglabil<br \/>\nPipa pivotanta cu unghi de rotire pipa 150\u00b0<br \/>\nGROHE Zero conducte de apa izolate &#8211; fara plumb si nichel<br \/>\nRacorduri flexibile de conectare la apa 3\/8&#8243;<br \/>\nSistem de instalare GROHE FastFixation Plus<br \/>\nPresiunea minima recomandata 1.0 bar<\/p>\n","protected":false},"excerpt":{"rendered":"<p>Baterie bucatarie Grohe Eurosmart crom cu pipa inalta Bateria de bucatarie GROHE Eurosmart &#8211; perfectiune functionala intr-un design simplu! O<\/p>\n","protected":false},"featured_media":27685,"template":"","meta":[],"product_brand":[],"product_cat":[3490,3464],"product_tag":[],"class_list":{"0":"post-27991","1":"product","2":"type-product","3":"status-publish","4":"has-post-thumbnail","6":"product_cat-baterii-bucatarie","7":"product_cat-chiuvete-si-baterii-bucatarie","8":"pa_colectie-eurosmart-cosmopolitan","9":"pa_culoare-crom","10":"pa_fabrica-grohe","12":"first","13":"instock","14":"sale","15":"purchasable","16":"product-type-simple"},"yoast_head":"<!-- This site is optimized with the Yoast SEO Premium plugin v21.6 (Yoast SEO v22.1) - https:\/\/yoast.com\/wordpress\/plugins\/seo\/ -->\n<title>BATERIE BUC\u0102T\u0102RIE GROHE EUROSMART NEW CROM CU PIP\u0102 TIP L - Edyceramic - magazin online<\/title>\n<meta name=\"robots\" content=\"index, follow, max-snippet:-1, max-image-preview:large, max-video-preview:-1\" \/>\n<link rel=\"canonical\" href=\"https:\/\/edyceramic-shop.ro\/ro\/produs\/baterie-bucatarie-grohe-eurosmart-new-crom-cu-pipa-tip-l\/\" \/>\n<meta property=\"og:locale\" content=\"ro_RO\" \/>\n<meta property=\"og:type\" content=\"article\" \/>\n<meta property=\"og:title\" content=\"BATERIE BUC\u0102T\u0102RIE GROHE EUROSMART NEW CROM CU PIP\u0102 TIP L\" \/>\n<meta property=\"og:description\" content=\"Baterie bucatarie Grohe Eurosmart crom cu pipa inalta Bateria de bucatarie GROHE Eurosmart &#8211; perfectiune functionala intr-un design simplu! O\" \/>\n<meta property=\"og:url\" content=\"https:\/\/edyceramic-shop.ro\/ro\/produs\/baterie-bucatarie-grohe-eurosmart-new-crom-cu-pipa-tip-l\/\" \/>\n<meta property=\"og:site_name\" content=\"Edyceramic - magazin online\" \/>\n<meta property=\"article:modified_time\" content=\"2025-08-01T11:37:51+00:00\" \/>\n<meta property=\"og:image\" content=\"https:\/\/edyceramic-shop.ro\/wp-content\/uploads\/2025\/01\/baterie-bucatarie-cu-pipa-inalta-grohe-eurosmart-crom-61026-1.webp\" \/>\n\t<meta property=\"og:image:width\" content=\"1000\" \/>\n\t<meta property=\"og:image:height\" content=\"1000\" \/>\n\t<meta property=\"og:image:type\" content=\"image\/webp\" \/>\n<meta name=\"twitter:card\" content=\"summary_large_image\" \/>\n<meta name=\"twitter:label1\" content=\"Pre\u021b\" \/>\n\t<meta name=\"twitter:data1\" content=\"669,00&nbsp;lei\" \/>\n\t<meta name=\"twitter:label2\" content=\"Disponibilitate\" \/>\n\t<meta name=\"twitter:data2\" content=\"\u00cen stoc\" \/>\n<script type=\"application\/ld+json\" class=\"yoast-schema-graph\">{\"@context\":\"https:\/\/schema.org\",\"@graph\":[{\"@type\":\"WebPage\",\"@id\":\"https:\/\/edyceramic-shop.ro\/produs\/baterie-bucatarie-grohe-eurosmart-new-crom-cu-pipa-tip-l\/\",\"url\":\"https:\/\/edyceramic-shop.ro\/produs\/baterie-bucatarie-grohe-eurosmart-new-crom-cu-pipa-tip-l\/\",\"name\":\"BATERIE BUC\u0102T\u0102RIE GROHE EUROSMART NEW CROM CU PIP\u0102 TIP L - Edyceramic - magazin online\",\"isPartOf\":{\"@id\":\"https:\/\/edyceramic-shop.ro\/ro\/#website\"},\"datePublished\":\"2025-01-24T11:42:42+00:00\",\"dateModified\":\"2025-08-01T11:37:51+00:00\",\"breadcrumb\":{\"@id\":\"https:\/\/edyceramic-shop.ro\/produs\/baterie-bucatarie-grohe-eurosmart-new-crom-cu-pipa-tip-l\/#breadcrumb\"},\"inLanguage\":\"ro-RO\",\"potentialAction\":[{\"@type\":\"ReadAction\",\"target\":[\"https:\/\/edyceramic-shop.ro\/produs\/baterie-bucatarie-grohe-eurosmart-new-crom-cu-pipa-tip-l\/\"]}]},{\"@type\":\"BreadcrumbList\",\"@id\":\"https:\/\/edyceramic-shop.ro\/produs\/baterie-bucatarie-grohe-eurosmart-new-crom-cu-pipa-tip-l\/#breadcrumb\",\"itemListElement\":[{\"@type\":\"ListItem\",\"position\":1,\"name\":\"Home\",\"item\":\"https:\/\/edyceramic-shop.ro\/\"},{\"@type\":\"ListItem\",\"position\":2,\"name\":\"Shop\",\"item\":\"https:\/\/edyceramic-shop.ro\/ro\/shop\/\"},{\"@type\":\"ListItem\",\"position\":3,\"name\":\"BATERIE BUC\u0102T\u0102RIE GROHE EUROSMART NEW CROM CU PIP\u0102 TIP L\"}]},{\"@type\":\"WebSite\",\"@id\":\"https:\/\/edyceramic-shop.ro\/ro\/#website\",\"url\":\"https:\/\/edyceramic-shop.ro\/ro\/\",\"name\":\"edyceramic.ro\",\"description\":\"\",\"publisher\":{\"@id\":\"https:\/\/edyceramic-shop.ro\/ro\/#organization\"},\"potentialAction\":[{\"@type\":\"SearchAction\",\"target\":{\"@type\":\"EntryPoint\",\"urlTemplate\":\"https:\/\/edyceramic-shop.ro\/ro\/?s={search_term_string}\"},\"query-input\":\"required name=search_term_string\"}],\"inLanguage\":\"ro-RO\"},{\"@type\":\"Organization\",\"@id\":\"https:\/\/edyceramic-shop.ro\/ro\/#organization\",\"name\":\"Edyceramic\",\"url\":\"https:\/\/edyceramic-shop.ro\/ro\/\",\"logo\":{\"@type\":\"ImageObject\",\"inLanguage\":\"ro-RO\",\"@id\":\"https:\/\/edyceramic-shop.ro\/ro\/#\/schema\/logo\/image\/\",\"url\":\"https:\/\/edyceramic-shop.ro\/wp-content\/uploads\/2024\/02\/Logo-EdyCeramic_2021-lung.png\",\"contentUrl\":\"https:\/\/edyceramic-shop.ro\/wp-content\/uploads\/2024\/02\/Logo-EdyCeramic_2021-lung.png\",\"width\":4491,\"height\":769,\"caption\":\"Edyceramic\"},\"image\":{\"@id\":\"https:\/\/edyceramic-shop.ro\/ro\/#\/schema\/logo\/image\/\"}}]}<\/script>\n<meta property=\"product:price:amount\" content=\"669.00\" \/>\n<meta property=\"product:price:currency\" content=\"RON\" \/>\n<meta property=\"og:availability\" content=\"instock\" \/>\n<meta property=\"product:availability\" content=\"instock\" \/>\n<meta property=\"product:retailer_item_id\" content=\"987827b7abc5\" \/>\n<meta property=\"product:condition\" content=\"new\" \/>\n<!-- \/ Yoast SEO Premium plugin. -->","yoast_head_json":{"title":"BATERIE BUC\u0102T\u0102RIE GROHE EUROSMART NEW CROM CU PIP\u0102 TIP L - Edyceramic - magazin online","robots":{"index":"index","follow":"follow","max-snippet":"max-snippet:-1","max-image-preview":"max-image-preview:large","max-video-preview":"max-video-preview:-1"},"canonical":"https:\/\/edyceramic-shop.ro\/ro\/produs\/baterie-bucatarie-grohe-eurosmart-new-crom-cu-pipa-tip-l\/","og_locale":"ro_RO","og_type":"article","og_title":"BATERIE BUC\u0102T\u0102RIE GROHE EUROSMART NEW CROM CU PIP\u0102 TIP L","og_description":"Baterie bucatarie Grohe Eurosmart crom cu pipa inalta Bateria de bucatarie GROHE Eurosmart &#8211; perfectiune functionala intr-un design simplu! O","og_url":"https:\/\/edyceramic-shop.ro\/ro\/produs\/baterie-bucatarie-grohe-eurosmart-new-crom-cu-pipa-tip-l\/","og_site_name":"Edyceramic - magazin online","article_modified_time":"2025-08-01T11:37:51+00:00","og_image":[{"width":1000,"height":1000,"url":"https:\/\/edyceramic-shop.ro\/wp-content\/uploads\/2025\/01\/baterie-bucatarie-cu-pipa-inalta-grohe-eurosmart-crom-61026-1.webp","type":"image\/webp"}],"twitter_card":"summary_large_image","twitter_misc":{"Pre\u021b":"669,00&nbsp;lei","Disponibilitate":"\u00cen stoc"},"schema":{"@context":"https:\/\/schema.org","@graph":[{"@type":"WebPage","@id":"https:\/\/edyceramic-shop.ro\/produs\/baterie-bucatarie-grohe-eurosmart-new-crom-cu-pipa-tip-l\/","url":"https:\/\/edyceramic-shop.ro\/produs\/baterie-bucatarie-grohe-eurosmart-new-crom-cu-pipa-tip-l\/","name":"BATERIE BUC\u0102T\u0102RIE GROHE EUROSMART NEW CROM CU PIP\u0102 TIP L - Edyceramic - magazin online","isPartOf":{"@id":"https:\/\/edyceramic-shop.ro\/ro\/#website"},"datePublished":"2025-01-24T11:42:42+00:00","dateModified":"2025-08-01T11:37:51+00:00","breadcrumb":{"@id":"https:\/\/edyceramic-shop.ro\/produs\/baterie-bucatarie-grohe-eurosmart-new-crom-cu-pipa-tip-l\/#breadcrumb"},"inLanguage":"ro-RO","potentialAction":[{"@type":"ReadAction","target":["https:\/\/edyceramic-shop.ro\/produs\/baterie-bucatarie-grohe-eurosmart-new-crom-cu-pipa-tip-l\/"]}]},{"@type":"BreadcrumbList","@id":"https:\/\/edyceramic-shop.ro\/produs\/baterie-bucatarie-grohe-eurosmart-new-crom-cu-pipa-tip-l\/#breadcrumb","itemListElement":[{"@type":"ListItem","position":1,"name":"Home","item":"https:\/\/edyceramic-shop.ro\/"},{"@type":"ListItem","position":2,"name":"Shop","item":"https:\/\/edyceramic-shop.ro\/ro\/shop\/"},{"@type":"ListItem","position":3,"name":"BATERIE BUC\u0102T\u0102RIE GROHE EUROSMART NEW CROM CU PIP\u0102 TIP L"}]},{"@type":"WebSite","@id":"https:\/\/edyceramic-shop.ro\/ro\/#website","url":"https:\/\/edyceramic-shop.ro\/ro\/","name":"edyceramic.ro","description":"","publisher":{"@id":"https:\/\/edyceramic-shop.ro\/ro\/#organization"},"potentialAction":[{"@type":"SearchAction","target":{"@type":"EntryPoint","urlTemplate":"https:\/\/edyceramic-shop.ro\/ro\/?s={search_term_string}"},"query-input":"required name=search_term_string"}],"inLanguage":"ro-RO"},{"@type":"Organization","@id":"https:\/\/edyceramic-shop.ro\/ro\/#organization","name":"Edyceramic","url":"https:\/\/edyceramic-shop.ro\/ro\/","logo":{"@type":"ImageObject","inLanguage":"ro-RO","@id":"https:\/\/edyceramic-shop.ro\/ro\/#\/schema\/logo\/image\/","url":"https:\/\/edyceramic-shop.ro\/wp-content\/uploads\/2024\/02\/Logo-EdyCeramic_2021-lung.png","contentUrl":"https:\/\/edyceramic-shop.ro\/wp-content\/uploads\/2024\/02\/Logo-EdyCeramic_2021-lung.png","width":4491,"height":769,"caption":"Edyceramic"},"image":{"@id":"https:\/\/edyceramic-shop.ro\/ro\/#\/schema\/logo\/image\/"}}]},"product_price_amount":"669.00","product_price_currency":"RON","og_availability":"instock","product_availability":"instock","product_retailer_item_id":"987827b7abc5","product_condition":"new"},"jetpack_sharing_enabled":true,"_links":{"self":[{"href":"https:\/\/edyceramic-shop.ro\/ro\/wp-json\/wp\/v2\/product\/27991","targetHints":{"allow":["GET"]}}],"collection":[{"href":"https:\/\/edyceramic-shop.ro\/ro\/wp-json\/wp\/v2\/product"}],"about":[{"href":"https:\/\/edyceramic-shop.ro\/ro\/wp-json\/wp\/v2\/types\/product"}],"version-history":[{"count":1,"href":"https:\/\/edyceramic-shop.ro\/ro\/wp-json\/wp\/v2\/product\/27991\/revisions"}],"predecessor-version":[{"id":27992,"href":"https:\/\/edyceramic-shop.ro\/ro\/wp-json\/wp\/v2\/product\/27991\/revisions\/27992"}],"wp:featuredmedia":[{"embeddable":true,"href":"https:\/\/edyceramic-shop.ro\/ro\/wp-json\/wp\/v2\/media\/27685"}],"wp:attachment":[{"href":"https:\/\/edyceramic-shop.ro\/ro\/wp-json\/wp\/v2\/media?parent=27991"}],"wp:term":[{"taxonomy":"product_brand","embeddable":true,"href":"https:\/\/edyceramic-shop.ro\/ro\/wp-json\/wp\/v2\/product_brand?post=27991"},{"taxonomy":"product_cat","embeddable":true,"href":"https:\/\/edyceramic-shop.ro\/ro\/wp-json\/wp\/v2\/product_cat?post=27991"},{"taxonomy":"product_tag","embeddable":true,"href":"https:\/\/edyceramic-shop.ro\/ro\/wp-json\/wp\/v2\/product_tag?post=27991"}],"curies":[{"name":"wp","href":"https:\/\/api.w.org\/{rel}","templated":true}]}}