{"id":27955,"date":"2025-01-24T13:42:15","date_gmt":"2025-01-24T11:42:15","guid":{"rendered":"https:\/\/edyceramic-shop.ro\/produs\/baterie-bucatarie-grohe-minta-smart-control\/"},"modified":"2025-08-01T13:37:50","modified_gmt":"2025-08-01T11:37:50","slug":"baterie-bucatarie-grohe-minta-smart-control","status":"publish","type":"product","link":"https:\/\/edyceramic-shop.ro\/ro\/produs\/baterie-bucatarie-grohe-minta-smart-control\/","title":{"rendered":"BATERIE BUC\u0102T\u0102RIE GROHE MINTA SMART CONTROL"},"content":{"rendered":"<p>Cu butoane cu push &#038; turn bateria de bucatarie Grohe Minta Smartcontrol ofera un mod complet nou si diferit de interactiune cu bateria ta de bucatarie &#8211; si face viata mai usoara. Desing-ul conic, perfect drept este destinat pentru o instalare pe o singura gaura. Datorita noii inovatii SmartControl poti porni si oprii jetul de apa printr-o simpla apasare de buton. Roteste ca sa ajustezi debitul de apa, de la functia ECO pentru salvarea de apa catre debit maxim.<\/p>\n<p>    Poti chiar sa pornesti bateria fara sa iti folosesti palmele, cu cotul sau antebratul, ajutand la pastrarea curateniei in bucatarie. Temperatura se ajusteaza usor datorita valvei de mixare integrata in corpul bateriei. Datoritei formei de L ai un spatiu de lucru confortabil pentru orice dimensiune de vas. Pipa este pivotanta pana la un unghi de 140 de grade, facand din aceasta baterie de bucatarie o alegere perfecta pentru chiuvete de bucatarie mari sau cu doua boluri. Dusul extratabil integrat control de presiune, face spalarea fructelor, legumelor sau a chiuvetei o procedura usoara si fara sa stropesti. Cu un docking magnetic dusul extractabil se va retrage usor si fixa perfect in corpul bateriei. Cu sistemul de instalare Grohe Quick Fix poti fi sigur ca instalarea acestei baterii de bucatarie va fi o procedura simpla si rapida. Bateria de bucatarie Grohe Minta Smartcontrol vine cu invelis de cromat patentat Grohe Starlight facand din aceasta o baterie durabila si rezistenta la folosinta intelungata.<\/p>\n<p>     Aduce\u021bi liniile elegante \u0219i controlul intuitiv, cu atingere fin\u0103, \u00een buc\u0103t\u0103ria dumneavoastr\u0103 cu bateria GROHE Minta SmartControl. Designul cilindric atractiv este conceput pentru instalare o singur\u0103 gaur\u0103. Datorit\u0103 inovativei func\u021bii SmartControl, pute\u021bi porni \u0219i opri apa cu simpla ap\u0103sare a unui buton. Pentru a regla debitul de la modul ecologic la modul maxim, trebuie s\u0103 roti\u021bi butonul. Pute\u021bi s\u0103 porni\u021bi bateria chiar \u0219i prin simpla atingere cu \u00eencheietura sau cotul. Temperatura este u\u0219or de reglat prin intermediul supapei de amestecare de pe corpul bateriei. Aceast\u0103 baterie ofer\u0103 suficient spa\u021biu de lucru confortabil sub pipa de tip L pentru umplerea vaselor sau recipientelor mari.<\/p>\n<p>    Pipa are un unghi de pivotare de 360\u00b0, ideal pentru chiuvetele mari sau cu dou\u0103 cuve. Pulverizatorul extensibil cu aerator laminar aduce un plus de flexibilitate, u\u0219ur\u00e2nd sp\u0103larea legumelor sau cur\u0103\u021barea chiuvetei f\u0103r\u0103 a genera stropi. Func\u021bia GROHE Magnetic Docking face ca pulverizatorul s\u0103 se retrag\u0103 u\u0219or \u00een pozi\u021bia ini\u021bial\u0103, dup\u0103 ce termina\u021bi treaba. Datorit\u0103 sistemului de instalare rapid\u0103 GROHE QuickFix Plus cu furtunuri de racordare flexibile, pute\u021bi avea siguran\u021ba unei mont\u0103ri rapide \u0219i simple. Aceast\u0103 baterie de buc\u0103t\u0103rie monobloc beneficiaz\u0103 \u0219i de un str\u0103lucitor, dar durabil finisaj cromat GROHE StarLight.<\/p>\n<p>Caracteristici principale : <\/p>\n<p>&#8211;    instalare pe o singur\u0103 gaur\u0103<br \/>\n&#8211;    cu doua pulverizari &#8211; jet si dus<br \/>\n&#8211;    suprafa\u0163\u0103 cromat\u0103 GROHE StarLight<br \/>\n&#8211;    pulverizator extras cu laminar<br \/>\n&#8211;    andocarea magnetic\u0103 GROHE garanteaz\u0103 retragerea \u0219i andocarea u\u0219oar\u0103 a pipei \u00een pozi\u021bia ini\u021bial\u0103<br \/>\n&#8211;    GROHE SmartControl &#8211; buton pentru comanda ON-OFF, ajustarea debitului prin rotire, de la EcoJoy la volum complet<br \/>\n&#8211;    reglarea temperaturii prin rotirea supapei de amestec pe corp<br \/>\n&#8211;    pip\u0103 tubular\u0103 pivotant\u0103<br \/>\n&#8211;    unghi de pivotare 140\u00b0<br \/>\n&#8211;    protec\u0163ie \u00eempotriva refluxului<br \/>\n&#8211;    racorduri flexibile de conectare la ap\u0103<br \/>\n&#8211;    GROHE QuickFix Plus instalare ultra rapid\u0103 \u0219i u\u0219oar\u0103 &#8211; nu sunt necesare alte unelte<br \/>\n&#8211;    GROHE Zero conducte de ap\u0103 izolate &#8211; f\u0103r\u0103 plumb \u0219i nichel<br \/>\n&#8211;    finisaj : lucios<br \/>\n&#8211;    culoare : crom<\/p>\n","protected":false},"excerpt":{"rendered":"<p>Cu butoane cu push &#038; turn bateria de bucatarie Grohe Minta Smartcontrol ofera un mod complet nou si diferit de<\/p>\n","protected":false},"featured_media":27795,"template":"","meta":[],"product_brand":[],"product_cat":[3490,3464],"product_tag":[],"class_list":{"0":"post-27955","1":"product","2":"type-product","3":"status-publish","4":"has-post-thumbnail","6":"product_cat-baterii-bucatarie","7":"product_cat-chiuvete-si-baterii-bucatarie","8":"pa_colectie-minta","9":"pa_culoare-crom","10":"pa_fabrica-grohe","12":"first","13":"instock","14":"sale","15":"purchasable","16":"product-type-simple"},"yoast_head":"<!-- This site is optimized with the Yoast SEO Premium plugin v21.6 (Yoast SEO v22.1) - https:\/\/yoast.com\/wordpress\/plugins\/seo\/ -->\n<title>BATERIE BUC\u0102T\u0102RIE GROHE MINTA SMART CONTROL - Edyceramic - magazin online<\/title>\n<meta name=\"robots\" content=\"index, follow, max-snippet:-1, max-image-preview:large, max-video-preview:-1\" \/>\n<link rel=\"canonical\" href=\"https:\/\/edyceramic-shop.ro\/ro\/produs\/baterie-bucatarie-grohe-minta-smart-control\/\" \/>\n<meta property=\"og:locale\" content=\"ro_RO\" \/>\n<meta property=\"og:type\" content=\"article\" \/>\n<meta property=\"og:title\" content=\"BATERIE BUC\u0102T\u0102RIE GROHE MINTA SMART CONTROL\" \/>\n<meta property=\"og:description\" content=\"Cu butoane cu push &#038; turn bateria de bucatarie Grohe Minta Smartcontrol ofera un mod complet nou si diferit de\" \/>\n<meta property=\"og:url\" content=\"https:\/\/edyceramic-shop.ro\/ro\/produs\/baterie-bucatarie-grohe-minta-smart-control\/\" \/>\n<meta property=\"og:site_name\" content=\"Edyceramic - magazin online\" \/>\n<meta property=\"article:modified_time\" content=\"2025-08-01T11:37:50+00:00\" \/>\n<meta property=\"og:image\" content=\"https:\/\/edyceramic-shop.ro\/wp-content\/uploads\/2025\/01\/grohe-minta-smartcontrol-1.webp\" \/>\n\t<meta property=\"og:image:width\" content=\"655\" \/>\n\t<meta property=\"og:image:height\" content=\"1000\" \/>\n\t<meta property=\"og:image:type\" content=\"image\/webp\" \/>\n<meta name=\"twitter:card\" content=\"summary_large_image\" \/>\n<meta name=\"twitter:label1\" content=\"Pre\u021b\" \/>\n\t<meta name=\"twitter:data1\" content=\"1.647,00&nbsp;lei\" \/>\n\t<meta name=\"twitter:label2\" content=\"Disponibilitate\" \/>\n\t<meta name=\"twitter:data2\" content=\"\u00cen stoc\" \/>\n<script type=\"application\/ld+json\" class=\"yoast-schema-graph\">{\"@context\":\"https:\/\/schema.org\",\"@graph\":[{\"@type\":\"WebPage\",\"@id\":\"https:\/\/edyceramic-shop.ro\/produs\/baterie-bucatarie-grohe-minta-smart-control\/\",\"url\":\"https:\/\/edyceramic-shop.ro\/produs\/baterie-bucatarie-grohe-minta-smart-control\/\",\"name\":\"BATERIE BUC\u0102T\u0102RIE GROHE MINTA SMART CONTROL - Edyceramic - magazin online\",\"isPartOf\":{\"@id\":\"https:\/\/edyceramic-shop.ro\/ro\/#website\"},\"datePublished\":\"2025-01-24T11:42:15+00:00\",\"dateModified\":\"2025-08-01T11:37:50+00:00\",\"breadcrumb\":{\"@id\":\"https:\/\/edyceramic-shop.ro\/produs\/baterie-bucatarie-grohe-minta-smart-control\/#breadcrumb\"},\"inLanguage\":\"ro-RO\",\"potentialAction\":[{\"@type\":\"ReadAction\",\"target\":[\"https:\/\/edyceramic-shop.ro\/produs\/baterie-bucatarie-grohe-minta-smart-control\/\"]}]},{\"@type\":\"BreadcrumbList\",\"@id\":\"https:\/\/edyceramic-shop.ro\/produs\/baterie-bucatarie-grohe-minta-smart-control\/#breadcrumb\",\"itemListElement\":[{\"@type\":\"ListItem\",\"position\":1,\"name\":\"Home\",\"item\":\"https:\/\/edyceramic-shop.ro\/\"},{\"@type\":\"ListItem\",\"position\":2,\"name\":\"Shop\",\"item\":\"https:\/\/edyceramic-shop.ro\/ro\/shop\/\"},{\"@type\":\"ListItem\",\"position\":3,\"name\":\"BATERIE BUC\u0102T\u0102RIE GROHE MINTA SMART CONTROL\"}]},{\"@type\":\"WebSite\",\"@id\":\"https:\/\/edyceramic-shop.ro\/ro\/#website\",\"url\":\"https:\/\/edyceramic-shop.ro\/ro\/\",\"name\":\"edyceramic.ro\",\"description\":\"\",\"publisher\":{\"@id\":\"https:\/\/edyceramic-shop.ro\/ro\/#organization\"},\"potentialAction\":[{\"@type\":\"SearchAction\",\"target\":{\"@type\":\"EntryPoint\",\"urlTemplate\":\"https:\/\/edyceramic-shop.ro\/ro\/?s={search_term_string}\"},\"query-input\":\"required name=search_term_string\"}],\"inLanguage\":\"ro-RO\"},{\"@type\":\"Organization\",\"@id\":\"https:\/\/edyceramic-shop.ro\/ro\/#organization\",\"name\":\"Edyceramic\",\"url\":\"https:\/\/edyceramic-shop.ro\/ro\/\",\"logo\":{\"@type\":\"ImageObject\",\"inLanguage\":\"ro-RO\",\"@id\":\"https:\/\/edyceramic-shop.ro\/ro\/#\/schema\/logo\/image\/\",\"url\":\"https:\/\/edyceramic-shop.ro\/wp-content\/uploads\/2024\/02\/Logo-EdyCeramic_2021-lung.png\",\"contentUrl\":\"https:\/\/edyceramic-shop.ro\/wp-content\/uploads\/2024\/02\/Logo-EdyCeramic_2021-lung.png\",\"width\":4491,\"height\":769,\"caption\":\"Edyceramic\"},\"image\":{\"@id\":\"https:\/\/edyceramic-shop.ro\/ro\/#\/schema\/logo\/image\/\"}}]}<\/script>\n<meta property=\"product:price:amount\" content=\"1647.00\" \/>\n<meta property=\"product:price:currency\" content=\"RON\" \/>\n<meta property=\"og:availability\" content=\"instock\" \/>\n<meta property=\"product:availability\" content=\"instock\" \/>\n<meta property=\"product:retailer_item_id\" content=\"e570ed183748\" \/>\n<meta property=\"product:condition\" content=\"new\" \/>\n<!-- \/ Yoast SEO Premium plugin. -->","yoast_head_json":{"title":"BATERIE BUC\u0102T\u0102RIE GROHE MINTA SMART CONTROL - Edyceramic - magazin online","robots":{"index":"index","follow":"follow","max-snippet":"max-snippet:-1","max-image-preview":"max-image-preview:large","max-video-preview":"max-video-preview:-1"},"canonical":"https:\/\/edyceramic-shop.ro\/ro\/produs\/baterie-bucatarie-grohe-minta-smart-control\/","og_locale":"ro_RO","og_type":"article","og_title":"BATERIE BUC\u0102T\u0102RIE GROHE MINTA SMART CONTROL","og_description":"Cu butoane cu push &#038; turn bateria de bucatarie Grohe Minta Smartcontrol ofera un mod complet nou si diferit de","og_url":"https:\/\/edyceramic-shop.ro\/ro\/produs\/baterie-bucatarie-grohe-minta-smart-control\/","og_site_name":"Edyceramic - magazin online","article_modified_time":"2025-08-01T11:37:50+00:00","og_image":[{"width":655,"height":1000,"url":"https:\/\/edyceramic-shop.ro\/wp-content\/uploads\/2025\/01\/grohe-minta-smartcontrol-1.webp","type":"image\/webp"}],"twitter_card":"summary_large_image","twitter_misc":{"Pre\u021b":"1.647,00&nbsp;lei","Disponibilitate":"\u00cen stoc"},"schema":{"@context":"https:\/\/schema.org","@graph":[{"@type":"WebPage","@id":"https:\/\/edyceramic-shop.ro\/produs\/baterie-bucatarie-grohe-minta-smart-control\/","url":"https:\/\/edyceramic-shop.ro\/produs\/baterie-bucatarie-grohe-minta-smart-control\/","name":"BATERIE BUC\u0102T\u0102RIE GROHE MINTA SMART CONTROL - Edyceramic - magazin online","isPartOf":{"@id":"https:\/\/edyceramic-shop.ro\/ro\/#website"},"datePublished":"2025-01-24T11:42:15+00:00","dateModified":"2025-08-01T11:37:50+00:00","breadcrumb":{"@id":"https:\/\/edyceramic-shop.ro\/produs\/baterie-bucatarie-grohe-minta-smart-control\/#breadcrumb"},"inLanguage":"ro-RO","potentialAction":[{"@type":"ReadAction","target":["https:\/\/edyceramic-shop.ro\/produs\/baterie-bucatarie-grohe-minta-smart-control\/"]}]},{"@type":"BreadcrumbList","@id":"https:\/\/edyceramic-shop.ro\/produs\/baterie-bucatarie-grohe-minta-smart-control\/#breadcrumb","itemListElement":[{"@type":"ListItem","position":1,"name":"Home","item":"https:\/\/edyceramic-shop.ro\/"},{"@type":"ListItem","position":2,"name":"Shop","item":"https:\/\/edyceramic-shop.ro\/ro\/shop\/"},{"@type":"ListItem","position":3,"name":"BATERIE BUC\u0102T\u0102RIE GROHE MINTA SMART CONTROL"}]},{"@type":"WebSite","@id":"https:\/\/edyceramic-shop.ro\/ro\/#website","url":"https:\/\/edyceramic-shop.ro\/ro\/","name":"edyceramic.ro","description":"","publisher":{"@id":"https:\/\/edyceramic-shop.ro\/ro\/#organization"},"potentialAction":[{"@type":"SearchAction","target":{"@type":"EntryPoint","urlTemplate":"https:\/\/edyceramic-shop.ro\/ro\/?s={search_term_string}"},"query-input":"required name=search_term_string"}],"inLanguage":"ro-RO"},{"@type":"Organization","@id":"https:\/\/edyceramic-shop.ro\/ro\/#organization","name":"Edyceramic","url":"https:\/\/edyceramic-shop.ro\/ro\/","logo":{"@type":"ImageObject","inLanguage":"ro-RO","@id":"https:\/\/edyceramic-shop.ro\/ro\/#\/schema\/logo\/image\/","url":"https:\/\/edyceramic-shop.ro\/wp-content\/uploads\/2024\/02\/Logo-EdyCeramic_2021-lung.png","contentUrl":"https:\/\/edyceramic-shop.ro\/wp-content\/uploads\/2024\/02\/Logo-EdyCeramic_2021-lung.png","width":4491,"height":769,"caption":"Edyceramic"},"image":{"@id":"https:\/\/edyceramic-shop.ro\/ro\/#\/schema\/logo\/image\/"}}]},"product_price_amount":"1647.00","product_price_currency":"RON","og_availability":"instock","product_availability":"instock","product_retailer_item_id":"e570ed183748","product_condition":"new"},"jetpack_sharing_enabled":true,"_links":{"self":[{"href":"https:\/\/edyceramic-shop.ro\/ro\/wp-json\/wp\/v2\/product\/27955","targetHints":{"allow":["GET"]}}],"collection":[{"href":"https:\/\/edyceramic-shop.ro\/ro\/wp-json\/wp\/v2\/product"}],"about":[{"href":"https:\/\/edyceramic-shop.ro\/ro\/wp-json\/wp\/v2\/types\/product"}],"version-history":[{"count":1,"href":"https:\/\/edyceramic-shop.ro\/ro\/wp-json\/wp\/v2\/product\/27955\/revisions"}],"predecessor-version":[{"id":27956,"href":"https:\/\/edyceramic-shop.ro\/ro\/wp-json\/wp\/v2\/product\/27955\/revisions\/27956"}],"wp:featuredmedia":[{"embeddable":true,"href":"https:\/\/edyceramic-shop.ro\/ro\/wp-json\/wp\/v2\/media\/27795"}],"wp:attachment":[{"href":"https:\/\/edyceramic-shop.ro\/ro\/wp-json\/wp\/v2\/media?parent=27955"}],"wp:term":[{"taxonomy":"product_brand","embeddable":true,"href":"https:\/\/edyceramic-shop.ro\/ro\/wp-json\/wp\/v2\/product_brand?post=27955"},{"taxonomy":"product_cat","embeddable":true,"href":"https:\/\/edyceramic-shop.ro\/ro\/wp-json\/wp\/v2\/product_cat?post=27955"},{"taxonomy":"product_tag","embeddable":true,"href":"https:\/\/edyceramic-shop.ro\/ro\/wp-json\/wp\/v2\/product_tag?post=27955"}],"curies":[{"name":"wp","href":"https:\/\/api.w.org\/{rel}","templated":true}]}}