{"id":27089,"date":"2024-10-31T14:18:35","date_gmt":"2024-10-31T12:18:35","guid":{"rendered":"https:\/\/edyceramic-shop.ro\/?post_type=product&#038;p=27089"},"modified":"2025-08-01T13:37:42","modified_gmt":"2025-08-01T11:37:42","slug":"coloana-dus-completa-palmfield-cu-montaj-pe-perete-gun-metal","status":"publish","type":"product","link":"https:\/\/edyceramic-shop.ro\/ro\/produs\/coloana-dus-completa-palmfield-cu-montaj-pe-perete-gun-metal\/","title":{"rendered":"Coloan\u0103 du\u0219 complet\u0103 PALMFIELD, cu montaj pe perete &#8211; gun metal"},"content":{"rendered":"<p>Coloana de du\u0219 complet\u0103 PALMFIELD, cu montaj pe perete \u0219i finisat\u0103 \u00een nuan\u021ba elegant\u0103 Gun Metal, aduce un plus de rafinament \u0219i func\u021bionalitate b\u0103ii tale. Fabricat\u0103 din cupru de \u00eenalt\u0103 calitate, aceast\u0103 coloan\u0103 de du\u0219 nu doar c\u0103 asigur\u0103 durabilitate \u0219i rezisten\u021b\u0103 \u00een timp, dar \u0219i o performan\u021b\u0103 excelent\u0103 la fiecare utilizare.<br \/>\nDesignul s\u0103u modern \u0219i sofisticat, al\u0103turi de montajul pe perete, contribuie la un aspect curat \u0219i organizat, economisind spa\u021biu \u0219i oferind o estetic\u0103 deosebit\u0103. Coloan\u0103 de du\u0219 PALMFIELD \u00ee\u021bi transform\u0103 rutina zilnic\u0103 \u00eentr-o experien\u021b\u0103 pl\u0103cut\u0103 \u0219i revigorant\u0103, combin\u00e2nd stilul contemporan cu o func\u021bionalitate avansat\u0103.<\/p>\n","protected":false},"excerpt":{"rendered":"<p>Coloana de du\u0219 complet\u0103 PALMFIELD, cu montaj pe perete \u0219i finisat\u0103 \u00een nuan\u021ba elegant\u0103 Gun Metal, aduce un plus de<\/p>\n","protected":false},"featured_media":25839,"template":"","meta":[],"product_brand":[],"product_cat":[371,372],"product_tag":[],"class_list":{"0":"post-27089","1":"product","2":"type-product","3":"status-publish","4":"has-post-thumbnail","6":"product_cat-baterii-dus","7":"product_cat-accesorii-baie","8":"pa_fabrica-arezzo","10":"first","11":"instock","12":"shipping-taxable","13":"purchasable","14":"product-type-simple"},"yoast_head":"<!-- This site is optimized with the Yoast SEO Premium plugin v21.6 (Yoast SEO v22.1) - https:\/\/yoast.com\/wordpress\/plugins\/seo\/ -->\n<title>Coloan\u0103 du\u0219 complet\u0103 PALMFIELD, cu montaj pe perete - gun metal - Edyceramic - magazin online<\/title>\n<meta name=\"robots\" content=\"index, follow, max-snippet:-1, max-image-preview:large, max-video-preview:-1\" \/>\n<link rel=\"canonical\" href=\"https:\/\/edyceramic-shop.ro\/ro\/produs\/coloana-dus-completa-palmfield-cu-montaj-pe-perete-gun-metal\/\" \/>\n<meta property=\"og:locale\" content=\"ro_RO\" \/>\n<meta property=\"og:type\" content=\"article\" \/>\n<meta property=\"og:title\" content=\"Coloan\u0103 du\u0219 complet\u0103 PALMFIELD, cu montaj pe perete - gun metal\" \/>\n<meta property=\"og:description\" content=\"Coloana de du\u0219 complet\u0103 PALMFIELD, cu montaj pe perete \u0219i finisat\u0103 \u00een nuan\u021ba elegant\u0103 Gun Metal, aduce un plus de\" \/>\n<meta property=\"og:url\" content=\"https:\/\/edyceramic-shop.ro\/ro\/produs\/coloana-dus-completa-palmfield-cu-montaj-pe-perete-gun-metal\/\" \/>\n<meta property=\"og:site_name\" content=\"Edyceramic - magazin online\" \/>\n<meta property=\"article:modified_time\" content=\"2025-08-01T11:37:42+00:00\" \/>\n<meta name=\"twitter:card\" content=\"summary_large_image\" \/>\n<meta name=\"twitter:label1\" content=\"Pre\u021b\" \/>\n\t<meta name=\"twitter:data1\" content=\"1.463,00&nbsp;lei\" \/>\n\t<meta name=\"twitter:label2\" content=\"Disponibilitate\" \/>\n\t<meta name=\"twitter:data2\" content=\"\u00cen stoc\" \/>\n<script type=\"application\/ld+json\" class=\"yoast-schema-graph\">{\"@context\":\"https:\/\/schema.org\",\"@graph\":[{\"@type\":\"WebPage\",\"@id\":\"https:\/\/edyceramic-shop.ro\/produs\/coloana-dus-completa-palmfield-cu-montaj-pe-perete-gun-metal\/\",\"url\":\"https:\/\/edyceramic-shop.ro\/produs\/coloana-dus-completa-palmfield-cu-montaj-pe-perete-gun-metal\/\",\"name\":\"Coloan\u0103 du\u0219 complet\u0103 PALMFIELD, cu montaj pe perete - gun metal - Edyceramic - magazin online\",\"isPartOf\":{\"@id\":\"https:\/\/edyceramic-shop.ro\/ro\/#website\"},\"datePublished\":\"2024-10-31T12:18:35+00:00\",\"dateModified\":\"2025-08-01T11:37:42+00:00\",\"breadcrumb\":{\"@id\":\"https:\/\/edyceramic-shop.ro\/produs\/coloana-dus-completa-palmfield-cu-montaj-pe-perete-gun-metal\/#breadcrumb\"},\"inLanguage\":\"ro-RO\",\"potentialAction\":[{\"@type\":\"ReadAction\",\"target\":[\"https:\/\/edyceramic-shop.ro\/produs\/coloana-dus-completa-palmfield-cu-montaj-pe-perete-gun-metal\/\"]}]},{\"@type\":\"BreadcrumbList\",\"@id\":\"https:\/\/edyceramic-shop.ro\/produs\/coloana-dus-completa-palmfield-cu-montaj-pe-perete-gun-metal\/#breadcrumb\",\"itemListElement\":[{\"@type\":\"ListItem\",\"position\":1,\"name\":\"Home\",\"item\":\"https:\/\/edyceramic-shop.ro\/\"},{\"@type\":\"ListItem\",\"position\":2,\"name\":\"Shop\",\"item\":\"https:\/\/edyceramic-shop.ro\/ro\/shop\/\"},{\"@type\":\"ListItem\",\"position\":3,\"name\":\"Coloan\u0103 du\u0219 complet\u0103 PALMFIELD, cu montaj pe perete &#8211; gun metal\"}]},{\"@type\":\"WebSite\",\"@id\":\"https:\/\/edyceramic-shop.ro\/ro\/#website\",\"url\":\"https:\/\/edyceramic-shop.ro\/ro\/\",\"name\":\"edyceramic.ro\",\"description\":\"\",\"publisher\":{\"@id\":\"https:\/\/edyceramic-shop.ro\/ro\/#organization\"},\"potentialAction\":[{\"@type\":\"SearchAction\",\"target\":{\"@type\":\"EntryPoint\",\"urlTemplate\":\"https:\/\/edyceramic-shop.ro\/ro\/?s={search_term_string}\"},\"query-input\":\"required name=search_term_string\"}],\"inLanguage\":\"ro-RO\"},{\"@type\":\"Organization\",\"@id\":\"https:\/\/edyceramic-shop.ro\/ro\/#organization\",\"name\":\"Edyceramic\",\"url\":\"https:\/\/edyceramic-shop.ro\/ro\/\",\"logo\":{\"@type\":\"ImageObject\",\"inLanguage\":\"ro-RO\",\"@id\":\"https:\/\/edyceramic-shop.ro\/ro\/#\/schema\/logo\/image\/\",\"url\":\"https:\/\/edyceramic-shop.ro\/wp-content\/uploads\/2024\/02\/Logo-EdyCeramic_2021-lung.png\",\"contentUrl\":\"https:\/\/edyceramic-shop.ro\/wp-content\/uploads\/2024\/02\/Logo-EdyCeramic_2021-lung.png\",\"width\":4491,\"height\":769,\"caption\":\"Edyceramic\"},\"image\":{\"@id\":\"https:\/\/edyceramic-shop.ro\/ro\/#\/schema\/logo\/image\/\"}}]}<\/script>\n<meta property=\"product:price:amount\" content=\"1463.00\" \/>\n<meta property=\"product:price:currency\" content=\"RON\" \/>\n<meta property=\"og:availability\" content=\"instock\" \/>\n<meta property=\"product:availability\" content=\"instock\" \/>\n<meta property=\"product:retailer_item_id\" content=\"AR-1105GM\" \/>\n<meta property=\"product:condition\" content=\"new\" \/>\n<!-- \/ Yoast SEO Premium plugin. -->","yoast_head_json":{"title":"Coloan\u0103 du\u0219 complet\u0103 PALMFIELD, cu montaj pe perete - gun metal - Edyceramic - magazin online","robots":{"index":"index","follow":"follow","max-snippet":"max-snippet:-1","max-image-preview":"max-image-preview:large","max-video-preview":"max-video-preview:-1"},"canonical":"https:\/\/edyceramic-shop.ro\/ro\/produs\/coloana-dus-completa-palmfield-cu-montaj-pe-perete-gun-metal\/","og_locale":"ro_RO","og_type":"article","og_title":"Coloan\u0103 du\u0219 complet\u0103 PALMFIELD, cu montaj pe perete - gun metal","og_description":"Coloana de du\u0219 complet\u0103 PALMFIELD, cu montaj pe perete \u0219i finisat\u0103 \u00een nuan\u021ba elegant\u0103 Gun Metal, aduce un plus de","og_url":"https:\/\/edyceramic-shop.ro\/ro\/produs\/coloana-dus-completa-palmfield-cu-montaj-pe-perete-gun-metal\/","og_site_name":"Edyceramic - magazin online","article_modified_time":"2025-08-01T11:37:42+00:00","twitter_card":"summary_large_image","twitter_misc":{"Pre\u021b":"1.463,00&nbsp;lei","Disponibilitate":"\u00cen stoc"},"schema":{"@context":"https:\/\/schema.org","@graph":[{"@type":"WebPage","@id":"https:\/\/edyceramic-shop.ro\/produs\/coloana-dus-completa-palmfield-cu-montaj-pe-perete-gun-metal\/","url":"https:\/\/edyceramic-shop.ro\/produs\/coloana-dus-completa-palmfield-cu-montaj-pe-perete-gun-metal\/","name":"Coloan\u0103 du\u0219 complet\u0103 PALMFIELD, cu montaj pe perete - gun metal - Edyceramic - magazin online","isPartOf":{"@id":"https:\/\/edyceramic-shop.ro\/ro\/#website"},"datePublished":"2024-10-31T12:18:35+00:00","dateModified":"2025-08-01T11:37:42+00:00","breadcrumb":{"@id":"https:\/\/edyceramic-shop.ro\/produs\/coloana-dus-completa-palmfield-cu-montaj-pe-perete-gun-metal\/#breadcrumb"},"inLanguage":"ro-RO","potentialAction":[{"@type":"ReadAction","target":["https:\/\/edyceramic-shop.ro\/produs\/coloana-dus-completa-palmfield-cu-montaj-pe-perete-gun-metal\/"]}]},{"@type":"BreadcrumbList","@id":"https:\/\/edyceramic-shop.ro\/produs\/coloana-dus-completa-palmfield-cu-montaj-pe-perete-gun-metal\/#breadcrumb","itemListElement":[{"@type":"ListItem","position":1,"name":"Home","item":"https:\/\/edyceramic-shop.ro\/"},{"@type":"ListItem","position":2,"name":"Shop","item":"https:\/\/edyceramic-shop.ro\/ro\/shop\/"},{"@type":"ListItem","position":3,"name":"Coloan\u0103 du\u0219 complet\u0103 PALMFIELD, cu montaj pe perete &#8211; gun metal"}]},{"@type":"WebSite","@id":"https:\/\/edyceramic-shop.ro\/ro\/#website","url":"https:\/\/edyceramic-shop.ro\/ro\/","name":"edyceramic.ro","description":"","publisher":{"@id":"https:\/\/edyceramic-shop.ro\/ro\/#organization"},"potentialAction":[{"@type":"SearchAction","target":{"@type":"EntryPoint","urlTemplate":"https:\/\/edyceramic-shop.ro\/ro\/?s={search_term_string}"},"query-input":"required name=search_term_string"}],"inLanguage":"ro-RO"},{"@type":"Organization","@id":"https:\/\/edyceramic-shop.ro\/ro\/#organization","name":"Edyceramic","url":"https:\/\/edyceramic-shop.ro\/ro\/","logo":{"@type":"ImageObject","inLanguage":"ro-RO","@id":"https:\/\/edyceramic-shop.ro\/ro\/#\/schema\/logo\/image\/","url":"https:\/\/edyceramic-shop.ro\/wp-content\/uploads\/2024\/02\/Logo-EdyCeramic_2021-lung.png","contentUrl":"https:\/\/edyceramic-shop.ro\/wp-content\/uploads\/2024\/02\/Logo-EdyCeramic_2021-lung.png","width":4491,"height":769,"caption":"Edyceramic"},"image":{"@id":"https:\/\/edyceramic-shop.ro\/ro\/#\/schema\/logo\/image\/"}}]},"product_price_amount":"1463.00","product_price_currency":"RON","og_availability":"instock","product_availability":"instock","product_retailer_item_id":"AR-1105GM","product_condition":"new"},"jetpack_sharing_enabled":true,"_links":{"self":[{"href":"https:\/\/edyceramic-shop.ro\/ro\/wp-json\/wp\/v2\/product\/27089","targetHints":{"allow":["GET"]}}],"collection":[{"href":"https:\/\/edyceramic-shop.ro\/ro\/wp-json\/wp\/v2\/product"}],"about":[{"href":"https:\/\/edyceramic-shop.ro\/ro\/wp-json\/wp\/v2\/types\/product"}],"version-history":[{"count":1,"href":"https:\/\/edyceramic-shop.ro\/ro\/wp-json\/wp\/v2\/product\/27089\/revisions"}],"predecessor-version":[{"id":27137,"href":"https:\/\/edyceramic-shop.ro\/ro\/wp-json\/wp\/v2\/product\/27089\/revisions\/27137"}],"wp:featuredmedia":[{"embeddable":true,"href":"https:\/\/edyceramic-shop.ro\/ro\/wp-json\/wp\/v2\/media\/25839"}],"wp:attachment":[{"href":"https:\/\/edyceramic-shop.ro\/ro\/wp-json\/wp\/v2\/media?parent=27089"}],"wp:term":[{"taxonomy":"product_brand","embeddable":true,"href":"https:\/\/edyceramic-shop.ro\/ro\/wp-json\/wp\/v2\/product_brand?post=27089"},{"taxonomy":"product_cat","embeddable":true,"href":"https:\/\/edyceramic-shop.ro\/ro\/wp-json\/wp\/v2\/product_cat?post=27089"},{"taxonomy":"product_tag","embeddable":true,"href":"https:\/\/edyceramic-shop.ro\/ro\/wp-json\/wp\/v2\/product_tag?post=27089"}],"curies":[{"name":"wp","href":"https:\/\/api.w.org\/{rel}","templated":true}]}}