{"id":26989,"date":"2024-10-31T14:17:39","date_gmt":"2024-10-31T12:17:39","guid":{"rendered":"https:\/\/edyceramic-shop.ro\/?post_type=product&#038;p=26989"},"modified":"2025-08-01T13:37:36","modified_gmt":"2025-08-01T11:37:36","slug":"baterie-lavoar-cubefield-cu-montaj-pe-lavoar-crom","status":"publish","type":"product","link":"https:\/\/edyceramic-shop.ro\/ro\/produs\/baterie-lavoar-cubefield-cu-montaj-pe-lavoar-crom\/","title":{"rendered":"Baterie lavoar CUBEFIELD, cu montaj pe lavoar &#8211; crom"},"content":{"rendered":"<p>Bateria pentru lavoar CUBEFIELD cu montaj pe lavoar &#8211; crom este o pies\u0103 de mobilier de baie excep\u021bional\u0103, ce atrage aten\u021bia prin elegan\u021ba \u0219i calitatea sa superioar\u0103.<\/p>\n<p>Fabricat\u0103 din cupru turnat, acest produs promite durabilitate \u0219i rezisten\u021b\u0103 sporit\u0103, garant\u00e2nd o utilizare \u00eendelungat\u0103 f\u0103r\u0103 deteriorare. Fiecare aspect al acestei baterii este finisat manual, rezult\u00e2nd o suprafa\u021b\u0103 lucioas\u0103 \u0219i atr\u0103g\u0103toare, care adaug\u0103 un plus de rafinament oric\u0103rei b\u0103i. Suprafa\u021ba cromat\u0103 confer\u0103 bateriei un aspect sofisticat \u0219i \u00eembun\u0103t\u0103\u021be\u0219te rezisten\u021ba sa la coroziune, facilit\u00e2nd \u00een acela\u0219i timp cur\u0103\u021barea \u0219i \u00eentre\u021binerea regulat\u0103. Aceast\u0103 caracteristic\u0103 nu numai c\u0103 ofer\u0103 o protec\u021bie suplimentar\u0103 \u00eempotriva deterior\u0103rii, dar creeaz\u0103 \u0219i un efect de oglind\u0103, reflect\u00e2nd frumos lumina din jur, amplific\u00e2nd astfel impresia de lumin\u0103 \u0219i spa\u021biu \u00een baie.<\/p>\n<p>Bateria este echipat\u0103 cu o inser\u021bie ceramic\u0103 CITEC, ce garanteaz\u0103 o manevrare u\u0219oar\u0103 \u0219i precis\u0103 a mecanismului de control al apei. Acest sistem de control al debitului de ap\u0103 asigur\u0103 un flux uniform \u0219i f\u0103r\u0103 scurgeri nedorite, oferind astfel o experien\u021b\u0103 de utilizare f\u0103r\u0103 probleme \u0219i confortabil\u0103. Cu aceast\u0103 baterie, ave\u021bi certitudinea c\u0103 fiecare utilizare va fi precis\u0103 \u0219i eficient\u0103, f\u0103r\u0103 riscul de pierdere a apei sau alte disfunc\u021bionalit\u0103\u021bi nepl\u0103cute.<\/p>\n<p>Indiferent de stilul sau designul b\u0103ii dumneavoastr\u0103, bateria pentru lavoar CUBEFIELD cu montaj pe lavoar &#8211; crom va aduce un plus de elegan\u021b\u0103 \u0219i func\u021bionalitate. Este alegerea perfect\u0103 pentru cei care caut\u0103 un produs durabil, estetic \u0219i performant pentru completarea b\u0103ii lor moderne sau tradi\u021bionale.<\/p>\n","protected":false},"excerpt":{"rendered":"<p>Bateria pentru lavoar CUBEFIELD cu montaj pe lavoar &#8211; crom este o pies\u0103 de mobilier de baie excep\u021bional\u0103, ce atrage<\/p>\n","protected":false},"featured_media":25641,"template":"","meta":[],"product_brand":[],"product_cat":[367,372],"product_tag":[],"class_list":{"0":"post-26989","1":"product","2":"type-product","3":"status-publish","4":"has-post-thumbnail","6":"product_cat-baterii-lavoar","7":"product_cat-accesorii-baie","8":"product_shipping_class-standard","9":"pa_fabrica-arezzo","10":"pa_material-cupru","11":"pa_montaj-montat-pe-lavoar","13":"first","14":"instock","15":"shipping-taxable","16":"purchasable","17":"product-type-simple"},"yoast_head":"<!-- This site is optimized with the Yoast SEO Premium plugin v21.6 (Yoast SEO v22.1) - https:\/\/yoast.com\/wordpress\/plugins\/seo\/ -->\n<title>Baterie lavoar CUBEFIELD, cu montaj pe lavoar - crom - Edyceramic - magazin online<\/title>\n<meta name=\"robots\" content=\"index, follow, max-snippet:-1, max-image-preview:large, max-video-preview:-1\" \/>\n<link rel=\"canonical\" href=\"https:\/\/edyceramic-shop.ro\/ro\/produs\/baterie-lavoar-cubefield-cu-montaj-pe-lavoar-crom\/\" \/>\n<meta property=\"og:locale\" content=\"ro_RO\" \/>\n<meta property=\"og:type\" content=\"article\" \/>\n<meta property=\"og:title\" content=\"Baterie lavoar CUBEFIELD, cu montaj pe lavoar - crom\" \/>\n<meta property=\"og:description\" content=\"Bateria pentru lavoar CUBEFIELD cu montaj pe lavoar &#8211; crom este o pies\u0103 de mobilier de baie excep\u021bional\u0103, ce atrage\" \/>\n<meta property=\"og:url\" content=\"https:\/\/edyceramic-shop.ro\/ro\/produs\/baterie-lavoar-cubefield-cu-montaj-pe-lavoar-crom\/\" \/>\n<meta property=\"og:site_name\" content=\"Edyceramic - magazin online\" \/>\n<meta property=\"article:modified_time\" content=\"2025-08-01T11:37:36+00:00\" \/>\n<meta name=\"twitter:card\" content=\"summary_large_image\" \/>\n<meta name=\"twitter:label1\" content=\"Pre\u021b\" \/>\n\t<meta name=\"twitter:data1\" content=\"598,00&nbsp;lei\" \/>\n\t<meta name=\"twitter:label2\" content=\"Disponibilitate\" \/>\n\t<meta name=\"twitter:data2\" content=\"\u00cen stoc\" \/>\n<script type=\"application\/ld+json\" class=\"yoast-schema-graph\">{\"@context\":\"https:\/\/schema.org\",\"@graph\":[{\"@type\":\"WebPage\",\"@id\":\"https:\/\/edyceramic-shop.ro\/produs\/baterie-lavoar-cubefield-cu-montaj-pe-lavoar-crom\/\",\"url\":\"https:\/\/edyceramic-shop.ro\/produs\/baterie-lavoar-cubefield-cu-montaj-pe-lavoar-crom\/\",\"name\":\"Baterie lavoar CUBEFIELD, cu montaj pe lavoar - crom - Edyceramic - magazin online\",\"isPartOf\":{\"@id\":\"https:\/\/edyceramic-shop.ro\/ro\/#website\"},\"datePublished\":\"2024-10-31T12:17:39+00:00\",\"dateModified\":\"2025-08-01T11:37:36+00:00\",\"breadcrumb\":{\"@id\":\"https:\/\/edyceramic-shop.ro\/produs\/baterie-lavoar-cubefield-cu-montaj-pe-lavoar-crom\/#breadcrumb\"},\"inLanguage\":\"ro-RO\",\"potentialAction\":[{\"@type\":\"ReadAction\",\"target\":[\"https:\/\/edyceramic-shop.ro\/produs\/baterie-lavoar-cubefield-cu-montaj-pe-lavoar-crom\/\"]}]},{\"@type\":\"BreadcrumbList\",\"@id\":\"https:\/\/edyceramic-shop.ro\/produs\/baterie-lavoar-cubefield-cu-montaj-pe-lavoar-crom\/#breadcrumb\",\"itemListElement\":[{\"@type\":\"ListItem\",\"position\":1,\"name\":\"Home\",\"item\":\"https:\/\/edyceramic-shop.ro\/\"},{\"@type\":\"ListItem\",\"position\":2,\"name\":\"Shop\",\"item\":\"https:\/\/edyceramic-shop.ro\/ro\/shop\/\"},{\"@type\":\"ListItem\",\"position\":3,\"name\":\"Baterie lavoar CUBEFIELD, cu montaj pe lavoar &#8211; crom\"}]},{\"@type\":\"WebSite\",\"@id\":\"https:\/\/edyceramic-shop.ro\/ro\/#website\",\"url\":\"https:\/\/edyceramic-shop.ro\/ro\/\",\"name\":\"edyceramic.ro\",\"description\":\"\",\"publisher\":{\"@id\":\"https:\/\/edyceramic-shop.ro\/ro\/#organization\"},\"potentialAction\":[{\"@type\":\"SearchAction\",\"target\":{\"@type\":\"EntryPoint\",\"urlTemplate\":\"https:\/\/edyceramic-shop.ro\/ro\/?s={search_term_string}\"},\"query-input\":\"required name=search_term_string\"}],\"inLanguage\":\"ro-RO\"},{\"@type\":\"Organization\",\"@id\":\"https:\/\/edyceramic-shop.ro\/ro\/#organization\",\"name\":\"Edyceramic\",\"url\":\"https:\/\/edyceramic-shop.ro\/ro\/\",\"logo\":{\"@type\":\"ImageObject\",\"inLanguage\":\"ro-RO\",\"@id\":\"https:\/\/edyceramic-shop.ro\/ro\/#\/schema\/logo\/image\/\",\"url\":\"https:\/\/edyceramic-shop.ro\/wp-content\/uploads\/2024\/02\/Logo-EdyCeramic_2021-lung.png\",\"contentUrl\":\"https:\/\/edyceramic-shop.ro\/wp-content\/uploads\/2024\/02\/Logo-EdyCeramic_2021-lung.png\",\"width\":4491,\"height\":769,\"caption\":\"Edyceramic\"},\"image\":{\"@id\":\"https:\/\/edyceramic-shop.ro\/ro\/#\/schema\/logo\/image\/\"}}]}<\/script>\n<meta property=\"product:price:amount\" content=\"598.00\" \/>\n<meta property=\"product:price:currency\" content=\"RON\" \/>\n<meta property=\"og:availability\" content=\"instock\" \/>\n<meta property=\"product:availability\" content=\"instock\" \/>\n<meta property=\"product:retailer_item_id\" content=\"AR-4401CR\" \/>\n<meta property=\"product:condition\" content=\"new\" \/>\n<!-- \/ Yoast SEO Premium plugin. -->","yoast_head_json":{"title":"Baterie lavoar CUBEFIELD, cu montaj pe lavoar - crom - Edyceramic - magazin online","robots":{"index":"index","follow":"follow","max-snippet":"max-snippet:-1","max-image-preview":"max-image-preview:large","max-video-preview":"max-video-preview:-1"},"canonical":"https:\/\/edyceramic-shop.ro\/ro\/produs\/baterie-lavoar-cubefield-cu-montaj-pe-lavoar-crom\/","og_locale":"ro_RO","og_type":"article","og_title":"Baterie lavoar CUBEFIELD, cu montaj pe lavoar - crom","og_description":"Bateria pentru lavoar CUBEFIELD cu montaj pe lavoar &#8211; crom este o pies\u0103 de mobilier de baie excep\u021bional\u0103, ce atrage","og_url":"https:\/\/edyceramic-shop.ro\/ro\/produs\/baterie-lavoar-cubefield-cu-montaj-pe-lavoar-crom\/","og_site_name":"Edyceramic - magazin online","article_modified_time":"2025-08-01T11:37:36+00:00","twitter_card":"summary_large_image","twitter_misc":{"Pre\u021b":"598,00&nbsp;lei","Disponibilitate":"\u00cen stoc"},"schema":{"@context":"https:\/\/schema.org","@graph":[{"@type":"WebPage","@id":"https:\/\/edyceramic-shop.ro\/produs\/baterie-lavoar-cubefield-cu-montaj-pe-lavoar-crom\/","url":"https:\/\/edyceramic-shop.ro\/produs\/baterie-lavoar-cubefield-cu-montaj-pe-lavoar-crom\/","name":"Baterie lavoar CUBEFIELD, cu montaj pe lavoar - crom - Edyceramic - magazin online","isPartOf":{"@id":"https:\/\/edyceramic-shop.ro\/ro\/#website"},"datePublished":"2024-10-31T12:17:39+00:00","dateModified":"2025-08-01T11:37:36+00:00","breadcrumb":{"@id":"https:\/\/edyceramic-shop.ro\/produs\/baterie-lavoar-cubefield-cu-montaj-pe-lavoar-crom\/#breadcrumb"},"inLanguage":"ro-RO","potentialAction":[{"@type":"ReadAction","target":["https:\/\/edyceramic-shop.ro\/produs\/baterie-lavoar-cubefield-cu-montaj-pe-lavoar-crom\/"]}]},{"@type":"BreadcrumbList","@id":"https:\/\/edyceramic-shop.ro\/produs\/baterie-lavoar-cubefield-cu-montaj-pe-lavoar-crom\/#breadcrumb","itemListElement":[{"@type":"ListItem","position":1,"name":"Home","item":"https:\/\/edyceramic-shop.ro\/"},{"@type":"ListItem","position":2,"name":"Shop","item":"https:\/\/edyceramic-shop.ro\/ro\/shop\/"},{"@type":"ListItem","position":3,"name":"Baterie lavoar CUBEFIELD, cu montaj pe lavoar &#8211; crom"}]},{"@type":"WebSite","@id":"https:\/\/edyceramic-shop.ro\/ro\/#website","url":"https:\/\/edyceramic-shop.ro\/ro\/","name":"edyceramic.ro","description":"","publisher":{"@id":"https:\/\/edyceramic-shop.ro\/ro\/#organization"},"potentialAction":[{"@type":"SearchAction","target":{"@type":"EntryPoint","urlTemplate":"https:\/\/edyceramic-shop.ro\/ro\/?s={search_term_string}"},"query-input":"required name=search_term_string"}],"inLanguage":"ro-RO"},{"@type":"Organization","@id":"https:\/\/edyceramic-shop.ro\/ro\/#organization","name":"Edyceramic","url":"https:\/\/edyceramic-shop.ro\/ro\/","logo":{"@type":"ImageObject","inLanguage":"ro-RO","@id":"https:\/\/edyceramic-shop.ro\/ro\/#\/schema\/logo\/image\/","url":"https:\/\/edyceramic-shop.ro\/wp-content\/uploads\/2024\/02\/Logo-EdyCeramic_2021-lung.png","contentUrl":"https:\/\/edyceramic-shop.ro\/wp-content\/uploads\/2024\/02\/Logo-EdyCeramic_2021-lung.png","width":4491,"height":769,"caption":"Edyceramic"},"image":{"@id":"https:\/\/edyceramic-shop.ro\/ro\/#\/schema\/logo\/image\/"}}]},"product_price_amount":"598.00","product_price_currency":"RON","og_availability":"instock","product_availability":"instock","product_retailer_item_id":"AR-4401CR","product_condition":"new"},"jetpack_sharing_enabled":true,"_links":{"self":[{"href":"https:\/\/edyceramic-shop.ro\/ro\/wp-json\/wp\/v2\/product\/26989","targetHints":{"allow":["GET"]}}],"collection":[{"href":"https:\/\/edyceramic-shop.ro\/ro\/wp-json\/wp\/v2\/product"}],"about":[{"href":"https:\/\/edyceramic-shop.ro\/ro\/wp-json\/wp\/v2\/types\/product"}],"version-history":[{"count":1,"href":"https:\/\/edyceramic-shop.ro\/ro\/wp-json\/wp\/v2\/product\/26989\/revisions"}],"predecessor-version":[{"id":27013,"href":"https:\/\/edyceramic-shop.ro\/ro\/wp-json\/wp\/v2\/product\/26989\/revisions\/27013"}],"wp:featuredmedia":[{"embeddable":true,"href":"https:\/\/edyceramic-shop.ro\/ro\/wp-json\/wp\/v2\/media\/25641"}],"wp:attachment":[{"href":"https:\/\/edyceramic-shop.ro\/ro\/wp-json\/wp\/v2\/media?parent=26989"}],"wp:term":[{"taxonomy":"product_brand","embeddable":true,"href":"https:\/\/edyceramic-shop.ro\/ro\/wp-json\/wp\/v2\/product_brand?post=26989"},{"taxonomy":"product_cat","embeddable":true,"href":"https:\/\/edyceramic-shop.ro\/ro\/wp-json\/wp\/v2\/product_cat?post=26989"},{"taxonomy":"product_tag","embeddable":true,"href":"https:\/\/edyceramic-shop.ro\/ro\/wp-json\/wp\/v2\/product_tag?post=26989"}],"curies":[{"name":"wp","href":"https:\/\/api.w.org\/{rel}","templated":true}]}}