{"id":26987,"date":"2024-10-31T14:17:39","date_gmt":"2024-10-31T12:17:39","guid":{"rendered":"https:\/\/edyceramic-shop.ro\/?post_type=product&#038;p=26987"},"modified":"2025-08-01T13:37:36","modified_gmt":"2025-08-01T11:37:36","slug":"baterie-cada-dus-cubefield-completa-cu-montaj-pe-perete-crom","status":"publish","type":"product","link":"https:\/\/edyceramic-shop.ro\/ro\/produs\/baterie-cada-dus-cubefield-completa-cu-montaj-pe-perete-crom\/","title":{"rendered":"Baterie cada\/du\u0219 CUBEFIELD, complet\u0103, cu montaj pe perete &#8211; Crom"},"content":{"rendered":"<p>Bateria de cad\u0103 CUBEFIELD, complet\u0103 \u0219i cu montaj pe perete \u00een nuan\u021ba neagr\u0103, reprezint\u0103 un element de excep\u021bie \u00een orice baie, datorit\u0103 designului s\u0103u elegant \u0219i progresiv. Cu o l\u0103\u021bime de 21 cm, montat\u0103 pe perete, aceast\u0103 baterie nu doar \u00eembun\u0103t\u0103\u021be\u0219te aspectul estetic al \u00eenc\u0103perii, ci \u0219i adaug\u0103 o func\u021bionalitate superioar\u0103.<\/p>\n<p>Fabricat\u0103 din cupru turnat, acest material confer\u0103 bateriei durabilitate \u0219i rezisten\u021b\u0103 sporit\u0103, garant\u00e2nd o utilizare \u00eendelungat\u0103 f\u0103r\u0103 deteriorare. Componentele mecanice ale bateriei sunt realizate prin procesul de sinterizare, asigur\u00e2nd propriet\u0103\u021bi mecanice superioare \u0219i o func\u021bionare fiabil\u0103.<\/p>\n<p>Suprafa\u021ba bateriei este acoperit\u0103 cu un strat sub\u021bire de metal prin electroplacare, oferind nu doar un aspect estetic pl\u0103cut, ci \u0219i o protec\u021bie \u00eempotriva coroziunii, pentru o durat\u0103 de via\u021b\u0103 extins\u0103.<\/p>\n<p>Cu o inser\u021bie ceramic\u0103 CITEC, bateria este echipat\u0103 pentru a oferi o manevrare u\u0219oar\u0103 \u0219i precis\u0103 a mecanismului de control al apei. Aceast\u0103 inser\u021bie ceramic\u0103 asigur\u0103 un flux uniform al apei \u0219i previne scurgerile nedorite, contribuind la o func\u021bionare f\u0103r\u0103 probleme \u0219i la un confort sporit \u00een utilizare.<\/p>\n<p>Beneficiind de o garan\u021bie extins\u0103 de 5 ani, achizi\u021bionarea bateriei CUBEFIELD este o investi\u021bie sigur\u0103 \u00een calitate \u0219i durabilitate. \u00cen plus, pentru a oferi o experien\u021b\u0103 complet\u0103 de du\u0219, bateria este furnizat\u0103 \u00eempreun\u0103 cu un furtun de du\u0219 de 1.5m, o para de du\u0219 \u0219i un suport de du\u0219, toate de la AREZZO Design, pentru a v\u0103 asigura c\u0103 beneficia\u021bi de cele mai bune accesorii pentru du\u0219ul dvs.<\/p>\n<p>Indiferent de preferin\u021bele dvs. estetice sau necesit\u0103\u021bile func\u021bionale, bateria de cad\u0103 CUBEFIELD este alegerea ideal\u0103 pentru a completa designul \u0219i func\u021bionalitatea b\u0103ii dvs., aduc\u00e2nd un strop de elegan\u021b\u0103 \u0219i lux \u00een fiecare detaliu.<\/p>\n","protected":false},"excerpt":{"rendered":"<p>Bateria de cad\u0103 CUBEFIELD, complet\u0103 \u0219i cu montaj pe perete \u00een nuan\u021ba neagr\u0103, reprezint\u0103 un element de excep\u021bie \u00een orice<\/p>\n","protected":false},"featured_media":25612,"template":"","meta":[],"product_brand":[],"product_cat":[371,372],"product_tag":[],"class_list":{"0":"post-26987","1":"product","2":"type-product","3":"status-publish","4":"has-post-thumbnail","6":"product_cat-baterii-dus","7":"product_cat-accesorii-baie","8":"product_shipping_class-standard","9":"pa_fabrica-arezzo","10":"pa_material-cupru","11":"pa_montaj-montat-pe-perete","13":"first","14":"instock","15":"shipping-taxable","16":"purchasable","17":"product-type-simple"},"yoast_head":"<!-- This site is optimized with the Yoast SEO Premium plugin v21.6 (Yoast SEO v22.1) - https:\/\/yoast.com\/wordpress\/plugins\/seo\/ -->\n<title>Baterie cada\/du\u0219 CUBEFIELD, complet\u0103, cu montaj pe perete - Crom - Edyceramic - magazin online<\/title>\n<meta name=\"robots\" content=\"index, follow, max-snippet:-1, max-image-preview:large, max-video-preview:-1\" \/>\n<link rel=\"canonical\" href=\"https:\/\/edyceramic-shop.ro\/ro\/produs\/baterie-cada-dus-cubefield-completa-cu-montaj-pe-perete-crom\/\" \/>\n<meta property=\"og:locale\" content=\"ro_RO\" \/>\n<meta property=\"og:type\" content=\"article\" \/>\n<meta property=\"og:title\" content=\"Baterie cada\/du\u0219 CUBEFIELD, complet\u0103, cu montaj pe perete - Crom\" \/>\n<meta property=\"og:description\" content=\"Bateria de cad\u0103 CUBEFIELD, complet\u0103 \u0219i cu montaj pe perete \u00een nuan\u021ba neagr\u0103, reprezint\u0103 un element de excep\u021bie \u00een orice\" \/>\n<meta property=\"og:url\" content=\"https:\/\/edyceramic-shop.ro\/ro\/produs\/baterie-cada-dus-cubefield-completa-cu-montaj-pe-perete-crom\/\" \/>\n<meta property=\"og:site_name\" content=\"Edyceramic - magazin online\" \/>\n<meta property=\"article:modified_time\" content=\"2025-08-01T11:37:36+00:00\" \/>\n<meta name=\"twitter:card\" content=\"summary_large_image\" \/>\n<meta name=\"twitter:label1\" content=\"Pre\u021b\" \/>\n\t<meta name=\"twitter:data1\" content=\"1.278,00&nbsp;lei\" \/>\n\t<meta name=\"twitter:label2\" content=\"Disponibilitate\" \/>\n\t<meta name=\"twitter:data2\" content=\"\u00cen stoc\" \/>\n<script type=\"application\/ld+json\" class=\"yoast-schema-graph\">{\"@context\":\"https:\/\/schema.org\",\"@graph\":[{\"@type\":\"WebPage\",\"@id\":\"https:\/\/edyceramic-shop.ro\/produs\/baterie-cada-dus-cubefield-completa-cu-montaj-pe-perete-crom\/\",\"url\":\"https:\/\/edyceramic-shop.ro\/produs\/baterie-cada-dus-cubefield-completa-cu-montaj-pe-perete-crom\/\",\"name\":\"Baterie cada\/du\u0219 CUBEFIELD, complet\u0103, cu montaj pe perete - Crom - Edyceramic - magazin online\",\"isPartOf\":{\"@id\":\"https:\/\/edyceramic-shop.ro\/ro\/#website\"},\"datePublished\":\"2024-10-31T12:17:39+00:00\",\"dateModified\":\"2025-08-01T11:37:36+00:00\",\"breadcrumb\":{\"@id\":\"https:\/\/edyceramic-shop.ro\/produs\/baterie-cada-dus-cubefield-completa-cu-montaj-pe-perete-crom\/#breadcrumb\"},\"inLanguage\":\"ro-RO\",\"potentialAction\":[{\"@type\":\"ReadAction\",\"target\":[\"https:\/\/edyceramic-shop.ro\/produs\/baterie-cada-dus-cubefield-completa-cu-montaj-pe-perete-crom\/\"]}]},{\"@type\":\"BreadcrumbList\",\"@id\":\"https:\/\/edyceramic-shop.ro\/produs\/baterie-cada-dus-cubefield-completa-cu-montaj-pe-perete-crom\/#breadcrumb\",\"itemListElement\":[{\"@type\":\"ListItem\",\"position\":1,\"name\":\"Home\",\"item\":\"https:\/\/edyceramic-shop.ro\/\"},{\"@type\":\"ListItem\",\"position\":2,\"name\":\"Shop\",\"item\":\"https:\/\/edyceramic-shop.ro\/ro\/shop\/\"},{\"@type\":\"ListItem\",\"position\":3,\"name\":\"Baterie cada\/du\u0219 CUBEFIELD, complet\u0103, cu montaj pe perete &#8211; Crom\"}]},{\"@type\":\"WebSite\",\"@id\":\"https:\/\/edyceramic-shop.ro\/ro\/#website\",\"url\":\"https:\/\/edyceramic-shop.ro\/ro\/\",\"name\":\"edyceramic.ro\",\"description\":\"\",\"publisher\":{\"@id\":\"https:\/\/edyceramic-shop.ro\/ro\/#organization\"},\"potentialAction\":[{\"@type\":\"SearchAction\",\"target\":{\"@type\":\"EntryPoint\",\"urlTemplate\":\"https:\/\/edyceramic-shop.ro\/ro\/?s={search_term_string}\"},\"query-input\":\"required name=search_term_string\"}],\"inLanguage\":\"ro-RO\"},{\"@type\":\"Organization\",\"@id\":\"https:\/\/edyceramic-shop.ro\/ro\/#organization\",\"name\":\"Edyceramic\",\"url\":\"https:\/\/edyceramic-shop.ro\/ro\/\",\"logo\":{\"@type\":\"ImageObject\",\"inLanguage\":\"ro-RO\",\"@id\":\"https:\/\/edyceramic-shop.ro\/ro\/#\/schema\/logo\/image\/\",\"url\":\"https:\/\/edyceramic-shop.ro\/wp-content\/uploads\/2024\/02\/Logo-EdyCeramic_2021-lung.png\",\"contentUrl\":\"https:\/\/edyceramic-shop.ro\/wp-content\/uploads\/2024\/02\/Logo-EdyCeramic_2021-lung.png\",\"width\":4491,\"height\":769,\"caption\":\"Edyceramic\"},\"image\":{\"@id\":\"https:\/\/edyceramic-shop.ro\/ro\/#\/schema\/logo\/image\/\"}}]}<\/script>\n<meta property=\"product:price:amount\" content=\"1278.00\" \/>\n<meta property=\"product:price:currency\" content=\"RON\" \/>\n<meta property=\"og:availability\" content=\"instock\" \/>\n<meta property=\"product:availability\" content=\"instock\" \/>\n<meta property=\"product:retailer_item_id\" content=\"AR-4410CR\" \/>\n<meta property=\"product:condition\" content=\"new\" \/>\n<!-- \/ Yoast SEO Premium plugin. -->","yoast_head_json":{"title":"Baterie cada\/du\u0219 CUBEFIELD, complet\u0103, cu montaj pe perete - Crom - Edyceramic - magazin online","robots":{"index":"index","follow":"follow","max-snippet":"max-snippet:-1","max-image-preview":"max-image-preview:large","max-video-preview":"max-video-preview:-1"},"canonical":"https:\/\/edyceramic-shop.ro\/ro\/produs\/baterie-cada-dus-cubefield-completa-cu-montaj-pe-perete-crom\/","og_locale":"ro_RO","og_type":"article","og_title":"Baterie cada\/du\u0219 CUBEFIELD, complet\u0103, cu montaj pe perete - Crom","og_description":"Bateria de cad\u0103 CUBEFIELD, complet\u0103 \u0219i cu montaj pe perete \u00een nuan\u021ba neagr\u0103, reprezint\u0103 un element de excep\u021bie \u00een orice","og_url":"https:\/\/edyceramic-shop.ro\/ro\/produs\/baterie-cada-dus-cubefield-completa-cu-montaj-pe-perete-crom\/","og_site_name":"Edyceramic - magazin online","article_modified_time":"2025-08-01T11:37:36+00:00","twitter_card":"summary_large_image","twitter_misc":{"Pre\u021b":"1.278,00&nbsp;lei","Disponibilitate":"\u00cen stoc"},"schema":{"@context":"https:\/\/schema.org","@graph":[{"@type":"WebPage","@id":"https:\/\/edyceramic-shop.ro\/produs\/baterie-cada-dus-cubefield-completa-cu-montaj-pe-perete-crom\/","url":"https:\/\/edyceramic-shop.ro\/produs\/baterie-cada-dus-cubefield-completa-cu-montaj-pe-perete-crom\/","name":"Baterie cada\/du\u0219 CUBEFIELD, complet\u0103, cu montaj pe perete - Crom - Edyceramic - magazin online","isPartOf":{"@id":"https:\/\/edyceramic-shop.ro\/ro\/#website"},"datePublished":"2024-10-31T12:17:39+00:00","dateModified":"2025-08-01T11:37:36+00:00","breadcrumb":{"@id":"https:\/\/edyceramic-shop.ro\/produs\/baterie-cada-dus-cubefield-completa-cu-montaj-pe-perete-crom\/#breadcrumb"},"inLanguage":"ro-RO","potentialAction":[{"@type":"ReadAction","target":["https:\/\/edyceramic-shop.ro\/produs\/baterie-cada-dus-cubefield-completa-cu-montaj-pe-perete-crom\/"]}]},{"@type":"BreadcrumbList","@id":"https:\/\/edyceramic-shop.ro\/produs\/baterie-cada-dus-cubefield-completa-cu-montaj-pe-perete-crom\/#breadcrumb","itemListElement":[{"@type":"ListItem","position":1,"name":"Home","item":"https:\/\/edyceramic-shop.ro\/"},{"@type":"ListItem","position":2,"name":"Shop","item":"https:\/\/edyceramic-shop.ro\/ro\/shop\/"},{"@type":"ListItem","position":3,"name":"Baterie cada\/du\u0219 CUBEFIELD, complet\u0103, cu montaj pe perete &#8211; Crom"}]},{"@type":"WebSite","@id":"https:\/\/edyceramic-shop.ro\/ro\/#website","url":"https:\/\/edyceramic-shop.ro\/ro\/","name":"edyceramic.ro","description":"","publisher":{"@id":"https:\/\/edyceramic-shop.ro\/ro\/#organization"},"potentialAction":[{"@type":"SearchAction","target":{"@type":"EntryPoint","urlTemplate":"https:\/\/edyceramic-shop.ro\/ro\/?s={search_term_string}"},"query-input":"required name=search_term_string"}],"inLanguage":"ro-RO"},{"@type":"Organization","@id":"https:\/\/edyceramic-shop.ro\/ro\/#organization","name":"Edyceramic","url":"https:\/\/edyceramic-shop.ro\/ro\/","logo":{"@type":"ImageObject","inLanguage":"ro-RO","@id":"https:\/\/edyceramic-shop.ro\/ro\/#\/schema\/logo\/image\/","url":"https:\/\/edyceramic-shop.ro\/wp-content\/uploads\/2024\/02\/Logo-EdyCeramic_2021-lung.png","contentUrl":"https:\/\/edyceramic-shop.ro\/wp-content\/uploads\/2024\/02\/Logo-EdyCeramic_2021-lung.png","width":4491,"height":769,"caption":"Edyceramic"},"image":{"@id":"https:\/\/edyceramic-shop.ro\/ro\/#\/schema\/logo\/image\/"}}]},"product_price_amount":"1278.00","product_price_currency":"RON","og_availability":"instock","product_availability":"instock","product_retailer_item_id":"AR-4410CR","product_condition":"new"},"jetpack_sharing_enabled":true,"_links":{"self":[{"href":"https:\/\/edyceramic-shop.ro\/ro\/wp-json\/wp\/v2\/product\/26987","targetHints":{"allow":["GET"]}}],"collection":[{"href":"https:\/\/edyceramic-shop.ro\/ro\/wp-json\/wp\/v2\/product"}],"about":[{"href":"https:\/\/edyceramic-shop.ro\/ro\/wp-json\/wp\/v2\/types\/product"}],"version-history":[{"count":1,"href":"https:\/\/edyceramic-shop.ro\/ro\/wp-json\/wp\/v2\/product\/26987\/revisions"}],"predecessor-version":[{"id":27006,"href":"https:\/\/edyceramic-shop.ro\/ro\/wp-json\/wp\/v2\/product\/26987\/revisions\/27006"}],"wp:featuredmedia":[{"embeddable":true,"href":"https:\/\/edyceramic-shop.ro\/ro\/wp-json\/wp\/v2\/media\/25612"}],"wp:attachment":[{"href":"https:\/\/edyceramic-shop.ro\/ro\/wp-json\/wp\/v2\/media?parent=26987"}],"wp:term":[{"taxonomy":"product_brand","embeddable":true,"href":"https:\/\/edyceramic-shop.ro\/ro\/wp-json\/wp\/v2\/product_brand?post=26987"},{"taxonomy":"product_cat","embeddable":true,"href":"https:\/\/edyceramic-shop.ro\/ro\/wp-json\/wp\/v2\/product_cat?post=26987"},{"taxonomy":"product_tag","embeddable":true,"href":"https:\/\/edyceramic-shop.ro\/ro\/wp-json\/wp\/v2\/product_tag?post=26987"}],"curies":[{"name":"wp","href":"https:\/\/api.w.org\/{rel}","templated":true}]}}