{"id":26979,"date":"2024-10-31T14:17:37","date_gmt":"2024-10-31T12:17:37","guid":{"rendered":"https:\/\/edyceramic-shop.ro\/?post_type=product&#038;p=26979"},"modified":"2025-08-01T13:37:35","modified_gmt":"2025-08-01T11:37:35","slug":"baterie-inalta-lavoar-cubefield-cu-montaj-pe-blat-crom","status":"publish","type":"product","link":"https:\/\/edyceramic-shop.ro\/ro\/produs\/baterie-inalta-lavoar-cubefield-cu-montaj-pe-blat-crom\/","title":{"rendered":"Baterie inalta lavoar CUBEFIELD, cu montaj pe blat &#8211; crom"},"content":{"rendered":"<p>Bateria \u00eenalt\u0103 pentru lavoar CUBEFIELD, cu montaj pe blat \u00een finisaj crom, este o pies\u0103 remarcabil\u0103 ce aduce un plus de elegan\u021b\u0103 \u0219i func\u021bionalitate b\u0103ii tale. Cu o \u00een\u0103l\u021bime impun\u0103toare de 31.5 cm, aceast\u0103 baterie se monteaz\u0103 direct pe blat, oferind un aspect modern \u0219i sofisticat.<\/p>\n<p>Construit\u0103 din cupru turnat, un material cunoscut pentru durabilitatea \u0219i rezisten\u021ba sa sporit\u0103, aceast\u0103 baterie promite s\u0103 fie al\u0103turi de tine pentru mult timp. Componentele mecanice sunt prelucrate prin procesul de sinterizare, asigur\u00e2nd astfel propriet\u0103\u021bi mecanice superioare \u0219i o func\u021bionare impecabil\u0103 pe termen lung.<\/p>\n<p>Suprafa\u021ba bateriei este acoperit\u0103 cu un strat sub\u021bire de metal prin procesul de electroplacare, nu doar pentru a \u00eembun\u0103t\u0103\u021bi aspectul estetic, ci \u0219i pentru a cre\u0219te rezisten\u021ba la coroziune, astfel \u00eenc\u00e2t s\u0103 r\u0103m\u00e2n\u0103 mereu str\u0103lucitoare \u0219i impecabile \u00een timp.<\/p>\n<p>Un aspect esen\u021bial al acestei baterii este echiparea sa cu inser\u021bie ceramic\u0103 CITEC, care garanteaz\u0103 o manevrare u\u0219oar\u0103 \u0219i precis\u0103 a mecanismului de control al apei. Aceast\u0103 inser\u021bie ceramic\u0103 asigur\u0103 un flux uniform al apei \u0219i previne scurgerile nedorite, oferindu-\u021bi astfel o experien\u021b\u0103 de utilizare f\u0103r\u0103 griji \u0219i f\u0103r\u0103 probleme.<\/p>\n<p>\u00cen plus, designul ergonomic al bateriei CUBEFIELD se integreaz\u0103 perfect \u00een orice stil de baie, conferindu-i un aer contemporan \u0219i rafinat. Fie c\u0103 \u00ee\u021bi actualizezi baia sau \u00ee\u021bi amenajezi una nou\u0103, aceast\u0103 baterie \u00eenalt\u0103 pentru lavoar este alegerea ideal\u0103 pentru a aduce un plus de stil \u0219i func\u021bionalitate spa\u021biului t\u0103u de baie.<\/p>\n","protected":false},"excerpt":{"rendered":"<p>Bateria \u00eenalt\u0103 pentru lavoar CUBEFIELD, cu montaj pe blat \u00een finisaj crom, este o pies\u0103 remarcabil\u0103 ce aduce un plus<\/p>\n","protected":false},"featured_media":25601,"template":"","meta":[],"product_brand":[],"product_cat":[367,372],"product_tag":[],"class_list":{"0":"post-26979","1":"product","2":"type-product","3":"status-publish","4":"has-post-thumbnail","6":"product_cat-baterii-lavoar","7":"product_cat-accesorii-baie","8":"pa_fabrica-arezzo","9":"pa_material-cupru","10":"pa_montaj-montat-pe-blat","12":"first","13":"instock","14":"shipping-taxable","15":"purchasable","16":"product-type-simple"},"yoast_head":"<!-- This site is optimized with the Yoast SEO Premium plugin v21.6 (Yoast SEO v22.1) - https:\/\/yoast.com\/wordpress\/plugins\/seo\/ -->\n<title>Baterie inalta lavoar CUBEFIELD, cu montaj pe blat - crom - Edyceramic - magazin online<\/title>\n<meta name=\"robots\" content=\"index, follow, max-snippet:-1, max-image-preview:large, max-video-preview:-1\" \/>\n<link rel=\"canonical\" href=\"https:\/\/edyceramic-shop.ro\/ro\/produs\/baterie-inalta-lavoar-cubefield-cu-montaj-pe-blat-crom\/\" \/>\n<meta property=\"og:locale\" content=\"ro_RO\" \/>\n<meta property=\"og:type\" content=\"article\" \/>\n<meta property=\"og:title\" content=\"Baterie inalta lavoar CUBEFIELD, cu montaj pe blat - crom\" \/>\n<meta property=\"og:description\" content=\"Bateria \u00eenalt\u0103 pentru lavoar CUBEFIELD, cu montaj pe blat \u00een finisaj crom, este o pies\u0103 remarcabil\u0103 ce aduce un plus\" \/>\n<meta property=\"og:url\" content=\"https:\/\/edyceramic-shop.ro\/ro\/produs\/baterie-inalta-lavoar-cubefield-cu-montaj-pe-blat-crom\/\" \/>\n<meta property=\"og:site_name\" content=\"Edyceramic - magazin online\" \/>\n<meta property=\"article:modified_time\" content=\"2025-08-01T11:37:35+00:00\" \/>\n<meta name=\"twitter:card\" content=\"summary_large_image\" \/>\n<meta name=\"twitter:label1\" content=\"Pre\u021b\" \/>\n\t<meta name=\"twitter:data1\" content=\"876,00&nbsp;lei\" \/>\n\t<meta name=\"twitter:label2\" content=\"Disponibilitate\" \/>\n\t<meta name=\"twitter:data2\" content=\"\u00cen stoc\" \/>\n<script type=\"application\/ld+json\" class=\"yoast-schema-graph\">{\"@context\":\"https:\/\/schema.org\",\"@graph\":[{\"@type\":\"WebPage\",\"@id\":\"https:\/\/edyceramic-shop.ro\/produs\/baterie-inalta-lavoar-cubefield-cu-montaj-pe-blat-crom\/\",\"url\":\"https:\/\/edyceramic-shop.ro\/produs\/baterie-inalta-lavoar-cubefield-cu-montaj-pe-blat-crom\/\",\"name\":\"Baterie inalta lavoar CUBEFIELD, cu montaj pe blat - crom - Edyceramic - magazin online\",\"isPartOf\":{\"@id\":\"https:\/\/edyceramic-shop.ro\/ro\/#website\"},\"datePublished\":\"2024-10-31T12:17:37+00:00\",\"dateModified\":\"2025-08-01T11:37:35+00:00\",\"breadcrumb\":{\"@id\":\"https:\/\/edyceramic-shop.ro\/produs\/baterie-inalta-lavoar-cubefield-cu-montaj-pe-blat-crom\/#breadcrumb\"},\"inLanguage\":\"ro-RO\",\"potentialAction\":[{\"@type\":\"ReadAction\",\"target\":[\"https:\/\/edyceramic-shop.ro\/produs\/baterie-inalta-lavoar-cubefield-cu-montaj-pe-blat-crom\/\"]}]},{\"@type\":\"BreadcrumbList\",\"@id\":\"https:\/\/edyceramic-shop.ro\/produs\/baterie-inalta-lavoar-cubefield-cu-montaj-pe-blat-crom\/#breadcrumb\",\"itemListElement\":[{\"@type\":\"ListItem\",\"position\":1,\"name\":\"Home\",\"item\":\"https:\/\/edyceramic-shop.ro\/\"},{\"@type\":\"ListItem\",\"position\":2,\"name\":\"Shop\",\"item\":\"https:\/\/edyceramic-shop.ro\/ro\/shop\/\"},{\"@type\":\"ListItem\",\"position\":3,\"name\":\"Baterie inalta lavoar CUBEFIELD, cu montaj pe blat &#8211; crom\"}]},{\"@type\":\"WebSite\",\"@id\":\"https:\/\/edyceramic-shop.ro\/ro\/#website\",\"url\":\"https:\/\/edyceramic-shop.ro\/ro\/\",\"name\":\"edyceramic.ro\",\"description\":\"\",\"publisher\":{\"@id\":\"https:\/\/edyceramic-shop.ro\/ro\/#organization\"},\"potentialAction\":[{\"@type\":\"SearchAction\",\"target\":{\"@type\":\"EntryPoint\",\"urlTemplate\":\"https:\/\/edyceramic-shop.ro\/ro\/?s={search_term_string}\"},\"query-input\":\"required name=search_term_string\"}],\"inLanguage\":\"ro-RO\"},{\"@type\":\"Organization\",\"@id\":\"https:\/\/edyceramic-shop.ro\/ro\/#organization\",\"name\":\"Edyceramic\",\"url\":\"https:\/\/edyceramic-shop.ro\/ro\/\",\"logo\":{\"@type\":\"ImageObject\",\"inLanguage\":\"ro-RO\",\"@id\":\"https:\/\/edyceramic-shop.ro\/ro\/#\/schema\/logo\/image\/\",\"url\":\"https:\/\/edyceramic-shop.ro\/wp-content\/uploads\/2024\/02\/Logo-EdyCeramic_2021-lung.png\",\"contentUrl\":\"https:\/\/edyceramic-shop.ro\/wp-content\/uploads\/2024\/02\/Logo-EdyCeramic_2021-lung.png\",\"width\":4491,\"height\":769,\"caption\":\"Edyceramic\"},\"image\":{\"@id\":\"https:\/\/edyceramic-shop.ro\/ro\/#\/schema\/logo\/image\/\"}}]}<\/script>\n<meta property=\"product:price:amount\" content=\"876.00\" \/>\n<meta property=\"product:price:currency\" content=\"RON\" \/>\n<meta property=\"og:availability\" content=\"instock\" \/>\n<meta property=\"product:availability\" content=\"instock\" \/>\n<meta property=\"product:retailer_item_id\" content=\"AR-4402CR\" \/>\n<meta property=\"product:condition\" content=\"new\" \/>\n<!-- \/ Yoast SEO Premium plugin. -->","yoast_head_json":{"title":"Baterie inalta lavoar CUBEFIELD, cu montaj pe blat - crom - Edyceramic - magazin online","robots":{"index":"index","follow":"follow","max-snippet":"max-snippet:-1","max-image-preview":"max-image-preview:large","max-video-preview":"max-video-preview:-1"},"canonical":"https:\/\/edyceramic-shop.ro\/ro\/produs\/baterie-inalta-lavoar-cubefield-cu-montaj-pe-blat-crom\/","og_locale":"ro_RO","og_type":"article","og_title":"Baterie inalta lavoar CUBEFIELD, cu montaj pe blat - crom","og_description":"Bateria \u00eenalt\u0103 pentru lavoar CUBEFIELD, cu montaj pe blat \u00een finisaj crom, este o pies\u0103 remarcabil\u0103 ce aduce un plus","og_url":"https:\/\/edyceramic-shop.ro\/ro\/produs\/baterie-inalta-lavoar-cubefield-cu-montaj-pe-blat-crom\/","og_site_name":"Edyceramic - magazin online","article_modified_time":"2025-08-01T11:37:35+00:00","twitter_card":"summary_large_image","twitter_misc":{"Pre\u021b":"876,00&nbsp;lei","Disponibilitate":"\u00cen stoc"},"schema":{"@context":"https:\/\/schema.org","@graph":[{"@type":"WebPage","@id":"https:\/\/edyceramic-shop.ro\/produs\/baterie-inalta-lavoar-cubefield-cu-montaj-pe-blat-crom\/","url":"https:\/\/edyceramic-shop.ro\/produs\/baterie-inalta-lavoar-cubefield-cu-montaj-pe-blat-crom\/","name":"Baterie inalta lavoar CUBEFIELD, cu montaj pe blat - crom - Edyceramic - magazin online","isPartOf":{"@id":"https:\/\/edyceramic-shop.ro\/ro\/#website"},"datePublished":"2024-10-31T12:17:37+00:00","dateModified":"2025-08-01T11:37:35+00:00","breadcrumb":{"@id":"https:\/\/edyceramic-shop.ro\/produs\/baterie-inalta-lavoar-cubefield-cu-montaj-pe-blat-crom\/#breadcrumb"},"inLanguage":"ro-RO","potentialAction":[{"@type":"ReadAction","target":["https:\/\/edyceramic-shop.ro\/produs\/baterie-inalta-lavoar-cubefield-cu-montaj-pe-blat-crom\/"]}]},{"@type":"BreadcrumbList","@id":"https:\/\/edyceramic-shop.ro\/produs\/baterie-inalta-lavoar-cubefield-cu-montaj-pe-blat-crom\/#breadcrumb","itemListElement":[{"@type":"ListItem","position":1,"name":"Home","item":"https:\/\/edyceramic-shop.ro\/"},{"@type":"ListItem","position":2,"name":"Shop","item":"https:\/\/edyceramic-shop.ro\/ro\/shop\/"},{"@type":"ListItem","position":3,"name":"Baterie inalta lavoar CUBEFIELD, cu montaj pe blat &#8211; crom"}]},{"@type":"WebSite","@id":"https:\/\/edyceramic-shop.ro\/ro\/#website","url":"https:\/\/edyceramic-shop.ro\/ro\/","name":"edyceramic.ro","description":"","publisher":{"@id":"https:\/\/edyceramic-shop.ro\/ro\/#organization"},"potentialAction":[{"@type":"SearchAction","target":{"@type":"EntryPoint","urlTemplate":"https:\/\/edyceramic-shop.ro\/ro\/?s={search_term_string}"},"query-input":"required name=search_term_string"}],"inLanguage":"ro-RO"},{"@type":"Organization","@id":"https:\/\/edyceramic-shop.ro\/ro\/#organization","name":"Edyceramic","url":"https:\/\/edyceramic-shop.ro\/ro\/","logo":{"@type":"ImageObject","inLanguage":"ro-RO","@id":"https:\/\/edyceramic-shop.ro\/ro\/#\/schema\/logo\/image\/","url":"https:\/\/edyceramic-shop.ro\/wp-content\/uploads\/2024\/02\/Logo-EdyCeramic_2021-lung.png","contentUrl":"https:\/\/edyceramic-shop.ro\/wp-content\/uploads\/2024\/02\/Logo-EdyCeramic_2021-lung.png","width":4491,"height":769,"caption":"Edyceramic"},"image":{"@id":"https:\/\/edyceramic-shop.ro\/ro\/#\/schema\/logo\/image\/"}}]},"product_price_amount":"876.00","product_price_currency":"RON","og_availability":"instock","product_availability":"instock","product_retailer_item_id":"AR-4402CR","product_condition":"new"},"jetpack_sharing_enabled":true,"_links":{"self":[{"href":"https:\/\/edyceramic-shop.ro\/ro\/wp-json\/wp\/v2\/product\/26979","targetHints":{"allow":["GET"]}}],"collection":[{"href":"https:\/\/edyceramic-shop.ro\/ro\/wp-json\/wp\/v2\/product"}],"about":[{"href":"https:\/\/edyceramic-shop.ro\/ro\/wp-json\/wp\/v2\/types\/product"}],"version-history":[{"count":1,"href":"https:\/\/edyceramic-shop.ro\/ro\/wp-json\/wp\/v2\/product\/26979\/revisions"}],"predecessor-version":[{"id":27003,"href":"https:\/\/edyceramic-shop.ro\/ro\/wp-json\/wp\/v2\/product\/26979\/revisions\/27003"}],"wp:featuredmedia":[{"embeddable":true,"href":"https:\/\/edyceramic-shop.ro\/ro\/wp-json\/wp\/v2\/media\/25601"}],"wp:attachment":[{"href":"https:\/\/edyceramic-shop.ro\/ro\/wp-json\/wp\/v2\/media?parent=26979"}],"wp:term":[{"taxonomy":"product_brand","embeddable":true,"href":"https:\/\/edyceramic-shop.ro\/ro\/wp-json\/wp\/v2\/product_brand?post=26979"},{"taxonomy":"product_cat","embeddable":true,"href":"https:\/\/edyceramic-shop.ro\/ro\/wp-json\/wp\/v2\/product_cat?post=26979"},{"taxonomy":"product_tag","embeddable":true,"href":"https:\/\/edyceramic-shop.ro\/ro\/wp-json\/wp\/v2\/product_tag?post=26979"}],"curies":[{"name":"wp","href":"https:\/\/api.w.org\/{rel}","templated":true}]}}