{"id":26934,"date":"2024-10-31T14:17:11","date_gmt":"2024-10-31T12:17:11","guid":{"rendered":"https:\/\/edyceramic-shop.ro\/?post_type=product&#038;p=26934"},"modified":"2025-08-01T13:37:33","modified_gmt":"2025-08-01T11:37:33","slug":"baterie-lavoar-cubefield-cu-montaj-pe-lavoar-auriu-periat","status":"publish","type":"product","link":"https:\/\/edyceramic-shop.ro\/ro\/produs\/baterie-lavoar-cubefield-cu-montaj-pe-lavoar-auriu-periat\/","title":{"rendered":"Baterie lavoar CUBEFIELD, cu montaj pe lavoar &#8211; auriu periat"},"content":{"rendered":"<p>Bateria pentru lavoar CUBEFIELD \u00een nuan\u021ba auriu periat este un element distinctiv ce atrage aten\u021bia prin elegan\u021ba \u0219i modernitatea designului s\u0103u.<\/p>\n<p>Datorit\u0103 \u00een\u0103l\u021bimii sale de 16.7 cm, aceast\u0103 baterie montat\u0103 pe lavoar adaug\u0103 un plus de estetic\u0103 \u0219i func\u021bionalitate spa\u021biului \u00een care este instalat\u0103. Fabricat\u0103 din cupru turnat, un material cunoscut pentru durabilitatea \u0219i rezisten\u021ba sa, aceast\u0103 baterie asigur\u0103 o utilizare \u00eendelungat\u0103 \u0219i f\u0103r\u0103 probleme.<\/p>\n<p>Componentele mecanice ale bateriei sunt tratate prin procesul de sinterizare, oferindu-le propriet\u0103\u021bi mecanice superioare \u0219i durabilitate \u00een timp. Acoperirea aurie periat\u0103 este aplicat\u0103 prin electroplacare, conferind nu doar un aspect estetic rafinat, ci \u0219i o rezisten\u021b\u0103 sporit\u0103 la coroziune.<\/p>\n<p>Bateria este dotat\u0103 cu o inser\u021bie ceramic\u0103 CITEC, garant\u00e2nd o manevrare u\u0219oar\u0103 \u0219i precis\u0103 a mecanismului de control al apei. Acest sistem asigur\u0103 un flux uniform al apei \u0219i previne scurgerile nedorite, oferind un nivel \u00eenalt de fiabilitate \u0219i func\u021bionare f\u0103r\u0103 probleme.<\/p>\n<p>Indiferent dac\u0103 sunte\u021bi \u00een c\u0103utarea unei solu\u021bii pentru o renovare sau pentru un proiect de design interior nou, bateria pentru lavoar CUBEFIELD \u00een nuan\u021ba auriu periat se va potrivi perfect \u00een orice ambient, fiind o alegere ideal\u0103 pentru cei care apreciaz\u0103 elegan\u021ba \u0219i func\u021bionalitatea \u00een egal\u0103 m\u0103sur\u0103 \u0219i doresc s\u0103 fie \u00een pas cu cele mai recente tendin\u021be \u00een design interior.<\/p>\n","protected":false},"excerpt":{"rendered":"<p>Bateria pentru lavoar CUBEFIELD \u00een nuan\u021ba auriu periat este un element distinctiv ce atrage aten\u021bia prin elegan\u021ba \u0219i modernitatea designului<\/p>\n","protected":false},"featured_media":25459,"template":"","meta":[],"product_brand":[],"product_cat":[367,372],"product_tag":[],"class_list":{"0":"post-26934","1":"product","2":"type-product","3":"status-publish","4":"has-post-thumbnail","6":"product_cat-baterii-lavoar","7":"product_cat-accesorii-baie","8":"pa_fabrica-arezzo","9":"pa_material-cupru","10":"pa_montaj-montat-pe-blat-sau-pe-lavoar","12":"first","13":"instock","14":"shipping-taxable","15":"purchasable","16":"product-type-simple"},"yoast_head":"<!-- This site is optimized with the Yoast SEO Premium plugin v21.6 (Yoast SEO v22.1) - https:\/\/yoast.com\/wordpress\/plugins\/seo\/ -->\n<title>Baterie lavoar CUBEFIELD, cu montaj pe lavoar - auriu periat - Edyceramic - magazin online<\/title>\n<meta name=\"robots\" content=\"index, follow, max-snippet:-1, max-image-preview:large, max-video-preview:-1\" \/>\n<link rel=\"canonical\" href=\"https:\/\/edyceramic-shop.ro\/ro\/produs\/baterie-lavoar-cubefield-cu-montaj-pe-lavoar-auriu-periat\/\" \/>\n<meta property=\"og:locale\" content=\"ro_RO\" \/>\n<meta property=\"og:type\" content=\"article\" \/>\n<meta property=\"og:title\" content=\"Baterie lavoar CUBEFIELD, cu montaj pe lavoar - auriu periat\" \/>\n<meta property=\"og:description\" content=\"Bateria pentru lavoar CUBEFIELD \u00een nuan\u021ba auriu periat este un element distinctiv ce atrage aten\u021bia prin elegan\u021ba \u0219i modernitatea designului\" \/>\n<meta property=\"og:url\" content=\"https:\/\/edyceramic-shop.ro\/ro\/produs\/baterie-lavoar-cubefield-cu-montaj-pe-lavoar-auriu-periat\/\" \/>\n<meta property=\"og:site_name\" content=\"Edyceramic - magazin online\" \/>\n<meta property=\"article:modified_time\" content=\"2025-08-01T11:37:33+00:00\" \/>\n<meta name=\"twitter:card\" content=\"summary_large_image\" \/>\n<meta name=\"twitter:label1\" content=\"Pre\u021b\" \/>\n\t<meta name=\"twitter:data1\" content=\"701,00&nbsp;lei\" \/>\n\t<meta name=\"twitter:label2\" content=\"Disponibilitate\" \/>\n\t<meta name=\"twitter:data2\" content=\"\u00cen stoc\" \/>\n<script type=\"application\/ld+json\" class=\"yoast-schema-graph\">{\"@context\":\"https:\/\/schema.org\",\"@graph\":[{\"@type\":\"WebPage\",\"@id\":\"https:\/\/edyceramic-shop.ro\/produs\/baterie-lavoar-cubefield-cu-montaj-pe-lavoar-auriu-periat\/\",\"url\":\"https:\/\/edyceramic-shop.ro\/produs\/baterie-lavoar-cubefield-cu-montaj-pe-lavoar-auriu-periat\/\",\"name\":\"Baterie lavoar CUBEFIELD, cu montaj pe lavoar - auriu periat - Edyceramic - magazin online\",\"isPartOf\":{\"@id\":\"https:\/\/edyceramic-shop.ro\/ro\/#website\"},\"datePublished\":\"2024-10-31T12:17:11+00:00\",\"dateModified\":\"2025-08-01T11:37:33+00:00\",\"breadcrumb\":{\"@id\":\"https:\/\/edyceramic-shop.ro\/produs\/baterie-lavoar-cubefield-cu-montaj-pe-lavoar-auriu-periat\/#breadcrumb\"},\"inLanguage\":\"ro-RO\",\"potentialAction\":[{\"@type\":\"ReadAction\",\"target\":[\"https:\/\/edyceramic-shop.ro\/produs\/baterie-lavoar-cubefield-cu-montaj-pe-lavoar-auriu-periat\/\"]}]},{\"@type\":\"BreadcrumbList\",\"@id\":\"https:\/\/edyceramic-shop.ro\/produs\/baterie-lavoar-cubefield-cu-montaj-pe-lavoar-auriu-periat\/#breadcrumb\",\"itemListElement\":[{\"@type\":\"ListItem\",\"position\":1,\"name\":\"Home\",\"item\":\"https:\/\/edyceramic-shop.ro\/\"},{\"@type\":\"ListItem\",\"position\":2,\"name\":\"Shop\",\"item\":\"https:\/\/edyceramic-shop.ro\/ro\/shop\/\"},{\"@type\":\"ListItem\",\"position\":3,\"name\":\"Baterie lavoar CUBEFIELD, cu montaj pe lavoar &#8211; auriu periat\"}]},{\"@type\":\"WebSite\",\"@id\":\"https:\/\/edyceramic-shop.ro\/ro\/#website\",\"url\":\"https:\/\/edyceramic-shop.ro\/ro\/\",\"name\":\"edyceramic.ro\",\"description\":\"\",\"publisher\":{\"@id\":\"https:\/\/edyceramic-shop.ro\/ro\/#organization\"},\"potentialAction\":[{\"@type\":\"SearchAction\",\"target\":{\"@type\":\"EntryPoint\",\"urlTemplate\":\"https:\/\/edyceramic-shop.ro\/ro\/?s={search_term_string}\"},\"query-input\":\"required name=search_term_string\"}],\"inLanguage\":\"ro-RO\"},{\"@type\":\"Organization\",\"@id\":\"https:\/\/edyceramic-shop.ro\/ro\/#organization\",\"name\":\"Edyceramic\",\"url\":\"https:\/\/edyceramic-shop.ro\/ro\/\",\"logo\":{\"@type\":\"ImageObject\",\"inLanguage\":\"ro-RO\",\"@id\":\"https:\/\/edyceramic-shop.ro\/ro\/#\/schema\/logo\/image\/\",\"url\":\"https:\/\/edyceramic-shop.ro\/wp-content\/uploads\/2024\/02\/Logo-EdyCeramic_2021-lung.png\",\"contentUrl\":\"https:\/\/edyceramic-shop.ro\/wp-content\/uploads\/2024\/02\/Logo-EdyCeramic_2021-lung.png\",\"width\":4491,\"height\":769,\"caption\":\"Edyceramic\"},\"image\":{\"@id\":\"https:\/\/edyceramic-shop.ro\/ro\/#\/schema\/logo\/image\/\"}}]}<\/script>\n<meta property=\"product:price:amount\" content=\"701.00\" \/>\n<meta property=\"product:price:currency\" content=\"RON\" \/>\n<meta property=\"og:availability\" content=\"instock\" \/>\n<meta property=\"product:availability\" content=\"instock\" \/>\n<meta property=\"product:retailer_item_id\" content=\"AR-4401G\" \/>\n<meta property=\"product:condition\" content=\"new\" \/>\n<!-- \/ Yoast SEO Premium plugin. -->","yoast_head_json":{"title":"Baterie lavoar CUBEFIELD, cu montaj pe lavoar - auriu periat - Edyceramic - magazin online","robots":{"index":"index","follow":"follow","max-snippet":"max-snippet:-1","max-image-preview":"max-image-preview:large","max-video-preview":"max-video-preview:-1"},"canonical":"https:\/\/edyceramic-shop.ro\/ro\/produs\/baterie-lavoar-cubefield-cu-montaj-pe-lavoar-auriu-periat\/","og_locale":"ro_RO","og_type":"article","og_title":"Baterie lavoar CUBEFIELD, cu montaj pe lavoar - auriu periat","og_description":"Bateria pentru lavoar CUBEFIELD \u00een nuan\u021ba auriu periat este un element distinctiv ce atrage aten\u021bia prin elegan\u021ba \u0219i modernitatea designului","og_url":"https:\/\/edyceramic-shop.ro\/ro\/produs\/baterie-lavoar-cubefield-cu-montaj-pe-lavoar-auriu-periat\/","og_site_name":"Edyceramic - magazin online","article_modified_time":"2025-08-01T11:37:33+00:00","twitter_card":"summary_large_image","twitter_misc":{"Pre\u021b":"701,00&nbsp;lei","Disponibilitate":"\u00cen stoc"},"schema":{"@context":"https:\/\/schema.org","@graph":[{"@type":"WebPage","@id":"https:\/\/edyceramic-shop.ro\/produs\/baterie-lavoar-cubefield-cu-montaj-pe-lavoar-auriu-periat\/","url":"https:\/\/edyceramic-shop.ro\/produs\/baterie-lavoar-cubefield-cu-montaj-pe-lavoar-auriu-periat\/","name":"Baterie lavoar CUBEFIELD, cu montaj pe lavoar - auriu periat - Edyceramic - magazin online","isPartOf":{"@id":"https:\/\/edyceramic-shop.ro\/ro\/#website"},"datePublished":"2024-10-31T12:17:11+00:00","dateModified":"2025-08-01T11:37:33+00:00","breadcrumb":{"@id":"https:\/\/edyceramic-shop.ro\/produs\/baterie-lavoar-cubefield-cu-montaj-pe-lavoar-auriu-periat\/#breadcrumb"},"inLanguage":"ro-RO","potentialAction":[{"@type":"ReadAction","target":["https:\/\/edyceramic-shop.ro\/produs\/baterie-lavoar-cubefield-cu-montaj-pe-lavoar-auriu-periat\/"]}]},{"@type":"BreadcrumbList","@id":"https:\/\/edyceramic-shop.ro\/produs\/baterie-lavoar-cubefield-cu-montaj-pe-lavoar-auriu-periat\/#breadcrumb","itemListElement":[{"@type":"ListItem","position":1,"name":"Home","item":"https:\/\/edyceramic-shop.ro\/"},{"@type":"ListItem","position":2,"name":"Shop","item":"https:\/\/edyceramic-shop.ro\/ro\/shop\/"},{"@type":"ListItem","position":3,"name":"Baterie lavoar CUBEFIELD, cu montaj pe lavoar &#8211; auriu periat"}]},{"@type":"WebSite","@id":"https:\/\/edyceramic-shop.ro\/ro\/#website","url":"https:\/\/edyceramic-shop.ro\/ro\/","name":"edyceramic.ro","description":"","publisher":{"@id":"https:\/\/edyceramic-shop.ro\/ro\/#organization"},"potentialAction":[{"@type":"SearchAction","target":{"@type":"EntryPoint","urlTemplate":"https:\/\/edyceramic-shop.ro\/ro\/?s={search_term_string}"},"query-input":"required name=search_term_string"}],"inLanguage":"ro-RO"},{"@type":"Organization","@id":"https:\/\/edyceramic-shop.ro\/ro\/#organization","name":"Edyceramic","url":"https:\/\/edyceramic-shop.ro\/ro\/","logo":{"@type":"ImageObject","inLanguage":"ro-RO","@id":"https:\/\/edyceramic-shop.ro\/ro\/#\/schema\/logo\/image\/","url":"https:\/\/edyceramic-shop.ro\/wp-content\/uploads\/2024\/02\/Logo-EdyCeramic_2021-lung.png","contentUrl":"https:\/\/edyceramic-shop.ro\/wp-content\/uploads\/2024\/02\/Logo-EdyCeramic_2021-lung.png","width":4491,"height":769,"caption":"Edyceramic"},"image":{"@id":"https:\/\/edyceramic-shop.ro\/ro\/#\/schema\/logo\/image\/"}}]},"product_price_amount":"701.00","product_price_currency":"RON","og_availability":"instock","product_availability":"instock","product_retailer_item_id":"AR-4401G","product_condition":"new"},"jetpack_sharing_enabled":true,"_links":{"self":[{"href":"https:\/\/edyceramic-shop.ro\/ro\/wp-json\/wp\/v2\/product\/26934","targetHints":{"allow":["GET"]}}],"collection":[{"href":"https:\/\/edyceramic-shop.ro\/ro\/wp-json\/wp\/v2\/product"}],"about":[{"href":"https:\/\/edyceramic-shop.ro\/ro\/wp-json\/wp\/v2\/types\/product"}],"version-history":[{"count":1,"href":"https:\/\/edyceramic-shop.ro\/ro\/wp-json\/wp\/v2\/product\/26934\/revisions"}],"predecessor-version":[{"id":26958,"href":"https:\/\/edyceramic-shop.ro\/ro\/wp-json\/wp\/v2\/product\/26934\/revisions\/26958"}],"wp:featuredmedia":[{"embeddable":true,"href":"https:\/\/edyceramic-shop.ro\/ro\/wp-json\/wp\/v2\/media\/25459"}],"wp:attachment":[{"href":"https:\/\/edyceramic-shop.ro\/ro\/wp-json\/wp\/v2\/media?parent=26934"}],"wp:term":[{"taxonomy":"product_brand","embeddable":true,"href":"https:\/\/edyceramic-shop.ro\/ro\/wp-json\/wp\/v2\/product_brand?post=26934"},{"taxonomy":"product_cat","embeddable":true,"href":"https:\/\/edyceramic-shop.ro\/ro\/wp-json\/wp\/v2\/product_cat?post=26934"},{"taxonomy":"product_tag","embeddable":true,"href":"https:\/\/edyceramic-shop.ro\/ro\/wp-json\/wp\/v2\/product_tag?post=26934"}],"curies":[{"name":"wp","href":"https:\/\/api.w.org\/{rel}","templated":true}]}}